{"id":10971,"date":"2019-03-01T13:01:27","date_gmt":"2019-03-01T12:01:27","guid":{"rendered":"https:\/\/dodo-inflatables.com\/nasa-kvaliteta\/"},"modified":"2024-08-19T14:44:14","modified_gmt":"2024-08-19T12:44:14","slug":"nasa-kvaliteta","status":"publish","type":"page","link":"https:\/\/dodo-inflatables.com\/hr\/nasa-kvaliteta\/","title":{"rendered":"Na\u0161a kvaliteta"},"content":{"rendered":"\n<figure class=\"wp-block-image alignfull size-large\"><a href=\"https:\/\/dodo-inflatables.com\/wp-content\/uploads\/2022\/01\/banner_dunkel-kleiner-1.jpg\"><img decoding=\"async\" src=\"https:\/\/dodo-inflatables.com\/wp-content\/uploads\/2022\/01\/banner_dunkel-kleiner-1-1024x397.jpg\" alt=\"\" class=\"wp-image-4055\"\/><\/a><\/figure>\n\n<h1 class=\"wp-block-heading has-text-align-center\" id=\"unsere-qualitat\"><strong>Na\u0161a kvaliteta<\/strong><\/h1>\n\n<figure class=\"wp-block-image aligncenter size-large\"><a href=\"https:\/\/dodo-inflatables.com\/wp-content\/uploads\/2022\/01\/seperator-kleiner.png\"><img loading=\"lazy\" decoding=\"async\" width=\"1024\" height=\"102\" src=\"https:\/\/dodo-inflatables.com\/wp-content\/uploads\/2022\/01\/seperator-kleiner-1024x102.png\" alt=\"\" class=\"wp-image-4026\" srcset=\"https:\/\/dodo-inflatables.com\/wp-content\/uploads\/2022\/01\/seperator-kleiner-1024x102.png 1024w, https:\/\/dodo-inflatables.com\/wp-content\/uploads\/2022\/01\/seperator-kleiner-900x90.png 900w, https:\/\/dodo-inflatables.com\/wp-content\/uploads\/2022\/01\/seperator-kleiner-300x30.png 300w, https:\/\/dodo-inflatables.com\/wp-content\/uploads\/2022\/01\/seperator-kleiner-768x77.png 768w, https:\/\/dodo-inflatables.com\/wp-content\/uploads\/2022\/01\/seperator-kleiner-1536x154.png 1536w, https:\/\/dodo-inflatables.com\/wp-content\/uploads\/2022\/01\/seperator-kleiner-340x34.png 340w, https:\/\/dodo-inflatables.com\/wp-content\/uploads\/2022\/01\/seperator-kleiner.png 2000w\" sizes=\"auto, (max-width: 1024px) 100vw, 1024px\" \/><\/a><\/figure>\n\n<p>Zainteresirani i potencijalni kupci stalno nas pitaju &#8220;Jesu li va\u0161i gumenjaci kvalitetni?&#8221;. Mo\u017eemo samo nedvosmisleno re\u0107i: Da!<\/p>\n\n<p>Na\u0161i gumenjaci proizvedeni su i pregledani isklju\u010divo u skladu s na\u0161im strogim specifikacijama. Kvalitetu na\u0161eg proizvoda karakteriziraju sljede\u0107e karakteristike:<\/p>\n\n<ul class=\"wp-block-list\">\n<li>Certificiran prema DIN EN 14960<\/li>\n\n\n\n<li>0,55 PVC \/ 18oz vinil, dizajniran za komercijalno iznajmljivanje<\/li>\n\n\n\n<li>Dvostruko, trostruko i \u010dak \u0161esterostruko \u0161ivanje u posebno optere\u0107enim podru\u010djima<\/li>\n\n\n\n<li>Jedinstveni i detaljni dizajni<\/li>\n\n\n\n<li>Brojne u\u0161ice za pri\u010dvr\u0161\u0107ivanje oko dvorca na napuhavanje<\/li>\n<\/ul>\n\n<p>Ve\u0107 godinama sami iznajmljujemo neke od na\u0161ih gumenjaka i mogli smo se uvjeriti u kvalitetu i izdr\u017eljivost. Bilo da se radi samo o nekoliko kori\u0161tenja godi\u0161nje u sportskom klubu, za tvrtke koje unajmljuju dvorac na napuhavanje sa strane ili za kori\u0161tenje u zatvorenim parkovima za igru. Na\u0161 dvorac na napuhavanje mo\u017eemo preporu\u010diti bez rezervacije!<\/p>\n\n<p>Jo\u0161 uvijek ste skepti\u010dni i \u017eelite se uvjeriti u kvalitetu prije kupnje? Zatim nas posjetite prema dogovoru u na\u0161em skladi\u0161tu u M\u00fcnchenu i provjerite kvalitetu na na\u0161em demonstracijskom modelu.<\/p>\n\n<div style=\"height:100px\" aria-hidden=\"true\" class=\"wp-block-spacer\"><\/div>\n","protected":false},"excerpt":{"rendered":"<p>Na\u0161a kvaliteta Zainteresirani i potencijalni kupci stalno nas pitaju &#8220;Jesu li va\u0161i gumenjaci kvalitetni?&#8221;. Mo\u017eemo samo nedvosmisleno re\u0107i: Da! Na\u0161i gumenjaci proizvedeni su i pregledani isklju\u010divo u skladu s na\u0161im strogim specifikacijama. Kvalitetu na\u0161eg proizvoda karakteriziraju sljede\u0107e karakteristike: Ve\u0107 godinama sami iznajmljujemo neke od na\u0161ih gumenjaka i mogli smo se uvjeriti u kvalitetu i izdr\u017eljivost. [&hellip;]<\/p>\n","protected":false},"author":1,"featured_media":0,"parent":0,"menu_order":0,"comment_status":"closed","ping_status":"closed","template":"","meta":{"_acf_changed":false,"_uag_custom_page_level_css":"","site-sidebar-layout":"default","site-content-layout":"","ast-site-content-layout":"default","site-content-style":"default","site-sidebar-style":"default","ast-global-header-display":"","ast-banner-title-visibility":"","ast-main-header-display":"","ast-hfb-above-header-display":"","ast-hfb-below-header-display":"","ast-hfb-mobile-header-display":"","site-post-title":"disabled","ast-breadcrumbs-content":"","ast-featured-img":"","footer-sml-layout":"","ast-disable-related-posts":"","theme-transparent-header-meta":"","adv-header-id-meta":"7189","stick-header-meta":"","header-above-stick-meta":"","header-main-stick-meta":"","header-below-stick-meta":"","astra-migrate-meta-layouts":"default","ast-page-background-enabled":"default","ast-page-background-meta":{"desktop":{"background-color":"var(--ast-global-color-4)","background-image":"","background-repeat":"repeat","background-position":"center center","background-size":"auto","background-attachment":"scroll","background-type":"","background-media":"","overlay-type":"","overlay-color":"","overlay-opacity":"","overlay-gradient":""},"tablet":{"background-color":"","background-image":"","background-repeat":"repeat","background-position":"center center","background-size":"auto","background-attachment":"scroll","background-type":"","background-media":"","overlay-type":"","overlay-color":"","overlay-opacity":"","overlay-gradient":""},"mobile":{"background-color":"","background-image":"","background-repeat":"repeat","background-position":"center center","background-size":"auto","background-attachment":"scroll","background-type":"","background-media":"","overlay-type":"","overlay-color":"","overlay-opacity":"","overlay-gradient":""}},"ast-content-background-meta":{"desktop":{"background-color":"var(--ast-global-color-5)","background-image":"","background-repeat":"repeat","background-position":"center center","background-size":"auto","background-attachment":"scroll","background-type":"","background-media":"","overlay-type":"","overlay-color":"","overlay-opacity":"","overlay-gradient":""},"tablet":{"background-color":"var(--ast-global-color-5)","background-image":"","background-repeat":"repeat","background-position":"center center","background-size":"auto","background-attachment":"scroll","background-type":"","background-media":"","overlay-type":"","overlay-color":"","overlay-opacity":"","overlay-gradient":""},"mobile":{"background-color":"var(--ast-global-color-5)","background-image":"","background-repeat":"repeat","background-position":"center center","background-size":"auto","background-attachment":"scroll","background-type":"","background-media":"","overlay-type":"","overlay-color":"","overlay-opacity":"","overlay-gradient":""}},"footnotes":""},"class_list":["post-10971","page","type-page","status-publish","hentry"],"acf":[],"yoast_head":"<!-- This site is optimized with the Yoast SEO plugin v27.4 - https:\/\/yoast.com\/product\/yoast-seo-wordpress\/ -->\n<title>Dodo-Inflatables.com | Certificirani visokokvalitetni gumenjaci i dvorci na napuhavanje<\/title>\n<meta name=\"description\" content=\"Do\u017eivite izvrsnost s Dodo gumenjacima! Na\u0161i dvorci na napuhavanje imaju certifikat DIN EN 14960, osiguravaju\u0107i najvi\u0161e sigurnosne standarde za va\u0161 u\u017eitak u skakanju\" \/>\n<meta name=\"robots\" content=\"index, follow, max-snippet:-1, max-image-preview:large, max-video-preview:-1\" \/>\n<link rel=\"canonical\" href=\"https:\/\/dodo-inflatables.com\/hr\/nasa-kvaliteta\/\" \/>\n<meta name=\"twitter:label1\" content=\"Procijenjeno vrijeme \u010ditanja\" \/>\n\t<meta name=\"twitter:data1\" content=\"1 minuta\" \/>\n<script type=\"application\/ld+json\" class=\"yoast-schema-graph\">{\"@context\":\"https:\\\/\\\/schema.org\",\"@graph\":[{\"@type\":\"WebPage\",\"@id\":\"https:\\\/\\\/dodo-inflatables.com\\\/hr\\\/nasa-kvaliteta\\\/\",\"url\":\"https:\\\/\\\/dodo-inflatables.com\\\/hr\\\/nasa-kvaliteta\\\/\",\"name\":\"Dodo-Inflatables.com | Certificirani visokokvalitetni gumenjaci i dvorci na napuhavanje\",\"isPartOf\":{\"@id\":\"https:\\\/\\\/dodo-inflatables.com\\\/hr\\\/#website\"},\"primaryImageOfPage\":{\"@id\":\"https:\\\/\\\/dodo-inflatables.com\\\/hr\\\/nasa-kvaliteta\\\/#primaryimage\"},\"image\":{\"@id\":\"https:\\\/\\\/dodo-inflatables.com\\\/hr\\\/nasa-kvaliteta\\\/#primaryimage\"},\"thumbnailUrl\":\"https:\\\/\\\/dodo-inflatables.com\\\/wp-content\\\/uploads\\\/2022\\\/01\\\/banner_dunkel-kleiner-1-1024x397.jpg\",\"datePublished\":\"2019-03-01T12:01:27+00:00\",\"dateModified\":\"2024-08-19T12:44:14+00:00\",\"description\":\"Do\u017eivite izvrsnost s Dodo gumenjacima! Na\u0161i dvorci na napuhavanje imaju certifikat DIN EN 14960, osiguravaju\u0107i najvi\u0161e sigurnosne standarde za va\u0161 u\u017eitak u skakanju\",\"breadcrumb\":{\"@id\":\"https:\\\/\\\/dodo-inflatables.com\\\/hr\\\/nasa-kvaliteta\\\/#breadcrumb\"},\"inLanguage\":\"hr\",\"potentialAction\":[{\"@type\":\"ReadAction\",\"target\":[\"https:\\\/\\\/dodo-inflatables.com\\\/hr\\\/nasa-kvaliteta\\\/\"]}]},{\"@type\":\"ImageObject\",\"inLanguage\":\"hr\",\"@id\":\"https:\\\/\\\/dodo-inflatables.com\\\/hr\\\/nasa-kvaliteta\\\/#primaryimage\",\"url\":\"https:\\\/\\\/dodo-inflatables.com\\\/wp-content\\\/uploads\\\/2022\\\/01\\\/banner_dunkel-kleiner-1-1024x397.jpg\",\"contentUrl\":\"https:\\\/\\\/dodo-inflatables.com\\\/wp-content\\\/uploads\\\/2022\\\/01\\\/banner_dunkel-kleiner-1-1024x397.jpg\"},{\"@type\":\"BreadcrumbList\",\"@id\":\"https:\\\/\\\/dodo-inflatables.com\\\/hr\\\/nasa-kvaliteta\\\/#breadcrumb\",\"itemListElement\":[{\"@type\":\"ListItem\",\"position\":1,\"name\":\"Po\u010detna stranica\",\"item\":\"https:\\\/\\\/dodo-inflatables.com\\\/hr\\\/\"},{\"@type\":\"ListItem\",\"position\":2,\"name\":\"Na\u0161a kvaliteta\"}]},{\"@type\":\"WebSite\",\"@id\":\"https:\\\/\\\/dodo-inflatables.com\\\/hr\\\/#website\",\"url\":\"https:\\\/\\\/dodo-inflatables.com\\\/hr\\\/\",\"name\":\"dodo-inflatables.com\",\"description\":\"Kupite dvorce na napuhavanje i atrakcije u na\u0161oj trgovini.\",\"publisher\":{\"@id\":\"https:\\\/\\\/dodo-inflatables.com\\\/hr\\\/#organization\"},\"potentialAction\":[{\"@type\":\"SearchAction\",\"target\":{\"@type\":\"EntryPoint\",\"urlTemplate\":\"https:\\\/\\\/dodo-inflatables.com\\\/hr\\\/?s={search_term_string}\"},\"query-input\":{\"@type\":\"PropertyValueSpecification\",\"valueRequired\":true,\"valueName\":\"search_term_string\"}}],\"inLanguage\":\"hr\"},{\"@type\":\"Organization\",\"@id\":\"https:\\\/\\\/dodo-inflatables.com\\\/hr\\\/#organization\",\"name\":\"dodo-inflatables.com\",\"url\":\"https:\\\/\\\/dodo-inflatables.com\\\/hr\\\/\",\"logo\":{\"@type\":\"ImageObject\",\"inLanguage\":\"hr\",\"@id\":\"https:\\\/\\\/dodo-inflatables.com\\\/hr\\\/#\\\/schema\\\/logo\\\/image\\\/\",\"url\":\"https:\\\/\\\/dodo-inflatables.com\\\/wp-content\\\/uploads\\\/2023\\\/04\\\/cropped-cropped-cropped-Dodo-Logo.png\",\"contentUrl\":\"https:\\\/\\\/dodo-inflatables.com\\\/wp-content\\\/uploads\\\/2023\\\/04\\\/cropped-cropped-cropped-Dodo-Logo.png\",\"width\":2996,\"height\":1545,\"caption\":\"dodo-inflatables.com\"},\"image\":{\"@id\":\"https:\\\/\\\/dodo-inflatables.com\\\/hr\\\/#\\\/schema\\\/logo\\\/image\\\/\"}}]}<\/script>\n<!-- \/ Yoast SEO plugin. -->","yoast_head_json":{"title":"Dodo-Inflatables.com | Certificirani visokokvalitetni gumenjaci i dvorci na napuhavanje","description":"Do\u017eivite izvrsnost s Dodo gumenjacima! Na\u0161i dvorci na napuhavanje imaju certifikat DIN EN 14960, osiguravaju\u0107i najvi\u0161e sigurnosne standarde za va\u0161 u\u017eitak u skakanju","robots":{"index":"index","follow":"follow","max-snippet":"max-snippet:-1","max-image-preview":"max-image-preview:large","max-video-preview":"max-video-preview:-1"},"canonical":"https:\/\/dodo-inflatables.com\/hr\/nasa-kvaliteta\/","twitter_misc":{"Procijenjeno vrijeme \u010ditanja":"1 minuta"},"schema":{"@context":"https:\/\/schema.org","@graph":[{"@type":"WebPage","@id":"https:\/\/dodo-inflatables.com\/hr\/nasa-kvaliteta\/","url":"https:\/\/dodo-inflatables.com\/hr\/nasa-kvaliteta\/","name":"Dodo-Inflatables.com | Certificirani visokokvalitetni gumenjaci i dvorci na napuhavanje","isPartOf":{"@id":"https:\/\/dodo-inflatables.com\/hr\/#website"},"primaryImageOfPage":{"@id":"https:\/\/dodo-inflatables.com\/hr\/nasa-kvaliteta\/#primaryimage"},"image":{"@id":"https:\/\/dodo-inflatables.com\/hr\/nasa-kvaliteta\/#primaryimage"},"thumbnailUrl":"https:\/\/dodo-inflatables.com\/wp-content\/uploads\/2022\/01\/banner_dunkel-kleiner-1-1024x397.jpg","datePublished":"2019-03-01T12:01:27+00:00","dateModified":"2024-08-19T12:44:14+00:00","description":"Do\u017eivite izvrsnost s Dodo gumenjacima! Na\u0161i dvorci na napuhavanje imaju certifikat DIN EN 14960, osiguravaju\u0107i najvi\u0161e sigurnosne standarde za va\u0161 u\u017eitak u skakanju","breadcrumb":{"@id":"https:\/\/dodo-inflatables.com\/hr\/nasa-kvaliteta\/#breadcrumb"},"inLanguage":"hr","potentialAction":[{"@type":"ReadAction","target":["https:\/\/dodo-inflatables.com\/hr\/nasa-kvaliteta\/"]}]},{"@type":"ImageObject","inLanguage":"hr","@id":"https:\/\/dodo-inflatables.com\/hr\/nasa-kvaliteta\/#primaryimage","url":"https:\/\/dodo-inflatables.com\/wp-content\/uploads\/2022\/01\/banner_dunkel-kleiner-1-1024x397.jpg","contentUrl":"https:\/\/dodo-inflatables.com\/wp-content\/uploads\/2022\/01\/banner_dunkel-kleiner-1-1024x397.jpg"},{"@type":"BreadcrumbList","@id":"https:\/\/dodo-inflatables.com\/hr\/nasa-kvaliteta\/#breadcrumb","itemListElement":[{"@type":"ListItem","position":1,"name":"Po\u010detna stranica","item":"https:\/\/dodo-inflatables.com\/hr\/"},{"@type":"ListItem","position":2,"name":"Na\u0161a kvaliteta"}]},{"@type":"WebSite","@id":"https:\/\/dodo-inflatables.com\/hr\/#website","url":"https:\/\/dodo-inflatables.com\/hr\/","name":"dodo-inflatables.com","description":"Kupite dvorce na napuhavanje i atrakcije u na\u0161oj trgovini.","publisher":{"@id":"https:\/\/dodo-inflatables.com\/hr\/#organization"},"potentialAction":[{"@type":"SearchAction","target":{"@type":"EntryPoint","urlTemplate":"https:\/\/dodo-inflatables.com\/hr\/?s={search_term_string}"},"query-input":{"@type":"PropertyValueSpecification","valueRequired":true,"valueName":"search_term_string"}}],"inLanguage":"hr"},{"@type":"Organization","@id":"https:\/\/dodo-inflatables.com\/hr\/#organization","name":"dodo-inflatables.com","url":"https:\/\/dodo-inflatables.com\/hr\/","logo":{"@type":"ImageObject","inLanguage":"hr","@id":"https:\/\/dodo-inflatables.com\/hr\/#\/schema\/logo\/image\/","url":"https:\/\/dodo-inflatables.com\/wp-content\/uploads\/2023\/04\/cropped-cropped-cropped-Dodo-Logo.png","contentUrl":"https:\/\/dodo-inflatables.com\/wp-content\/uploads\/2023\/04\/cropped-cropped-cropped-Dodo-Logo.png","width":2996,"height":1545,"caption":"dodo-inflatables.com"},"image":{"@id":"https:\/\/dodo-inflatables.com\/hr\/#\/schema\/logo\/image\/"}}]}},"uagb_featured_image_src":{"full":false,"thumbnail":false,"medium":false,"medium_large":false,"large":false,"1536x1536":false,"2048x2048":false,"woocommerce_thumbnail":false,"woocommerce_single":false,"woocommerce_gallery_thumbnail":false},"uagb_author_info":{"display_name":"Andreas","author_link":"https:\/\/dodo-inflatables.com\/hr\/author\/andreas\/"},"uagb_comment_info":0,"uagb_excerpt":"Na\u0161a kvaliteta Zainteresirani i potencijalni kupci stalno nas pitaju &#8220;Jesu li va\u0161i gumenjaci kvalitetni?&#8221;. Mo\u017eemo samo nedvosmisleno re\u0107i: Da! Na\u0161i gumenjaci proizvedeni su i pregledani isklju\u010divo u skladu s na\u0161im strogim specifikacijama. Kvalitetu na\u0161eg proizvoda karakteriziraju sljede\u0107e karakteristike: Ve\u0107 godinama sami iznajmljujemo neke od na\u0161ih gumenjaka i mogli smo se uvjeriti u kvalitetu i izdr\u017eljivost.&hellip;","_links":{"self":[{"href":"https:\/\/dodo-inflatables.com\/hr\/wp-json\/wp\/v2\/pages\/10971","targetHints":{"allow":["GET"]}}],"collection":[{"href":"https:\/\/dodo-inflatables.com\/hr\/wp-json\/wp\/v2\/pages"}],"about":[{"href":"https:\/\/dodo-inflatables.com\/hr\/wp-json\/wp\/v2\/types\/page"}],"author":[{"embeddable":true,"href":"https:\/\/dodo-inflatables.com\/hr\/wp-json\/wp\/v2\/users\/1"}],"replies":[{"embeddable":true,"href":"https:\/\/dodo-inflatables.com\/hr\/wp-json\/wp\/v2\/comments?post=10971"}],"version-history":[{"count":2,"href":"https:\/\/dodo-inflatables.com\/hr\/wp-json\/wp\/v2\/pages\/10971\/revisions"}],"predecessor-version":[{"id":10973,"href":"https:\/\/dodo-inflatables.com\/hr\/wp-json\/wp\/v2\/pages\/10971\/revisions\/10973"}],"wp:attachment":[{"href":"https:\/\/dodo-inflatables.com\/hr\/wp-json\/wp\/v2\/media?parent=10971"}],"curies":[{"name":"wp","href":"https:\/\/api.w.org\/{rel}","templated":true}]}}