{"id":10974,"date":"2020-03-27T11:11:24","date_gmt":"2020-03-27T10:11:24","guid":{"rendered":"https:\/\/dodo-inflatables.com\/dostava-u-svicarsku\/"},"modified":"2024-07-10T13:50:44","modified_gmt":"2024-07-10T11:50:44","slug":"dostava-u-svicarsku","status":"publish","type":"page","link":"https:\/\/dodo-inflatables.com\/hr\/dostava-u-svicarsku\/","title":{"rendered":"Dostava u \u0160vicarsku"},"content":{"rendered":"\n<h3 class=\"wp-block-heading\" id=\"fur-unsere-schweizer-kunden\">Za na\u0161e kupce iz \u0160vicarske<\/h3>\n\n<p>Kao kupac iz zemlje izvan EU, mo\u017eete kupovati kod nas bez PDV-a. Cijene navedene u online trgovini u po\u010detku uklju\u010duju njema\u010dki PDV (19%), koji \u0107e se potom odbiti.<\/p>\n\n<p><br\/><\/p>\n\n<p>Kada \u0161aljete u \u0160vicarsku, vi se smatrate &#8220;uvoznikom&#8221;. Stoga \u0107e vam se naplatiti \u0161vicarski uvozni porez na promet i tro\u0161kovi uvozne carine.<br\/>Na\u0161i tro\u0161kovi dostave za \u0160vicarsku uklju\u010duju cijenu prijevoza, carinjenje i pripremu ABD-a.<\/p>\n","protected":false},"excerpt":{"rendered":"<p>Za na\u0161e kupce iz \u0160vicarske Kao kupac iz zemlje izvan EU, mo\u017eete kupovati kod nas bez PDV-a. Cijene navedene u online trgovini u po\u010detku uklju\u010duju njema\u010dki PDV (19%), koji \u0107e se potom odbiti. Kada \u0161aljete u \u0160vicarsku, vi se smatrate &#8220;uvoznikom&#8221;. Stoga \u0107e vam se naplatiti \u0161vicarski uvozni porez na promet i tro\u0161kovi uvozne carine.Na\u0161i [&hellip;]<\/p>\n","protected":false},"author":1,"featured_media":0,"parent":0,"menu_order":0,"comment_status":"closed","ping_status":"closed","template":"","meta":{"_acf_changed":false,"_uag_custom_page_level_css":"","site-sidebar-layout":"default","site-content-layout":"content-boxed-container","ast-site-content-layout":"normal-width-container","site-content-style":"boxed","site-sidebar-style":"unboxed","ast-global-header-display":"","ast-banner-title-visibility":"","ast-main-header-display":"","ast-hfb-above-header-display":"","ast-hfb-below-header-display":"","ast-hfb-mobile-header-display":"","site-post-title":"disabled","ast-breadcrumbs-content":"disabled","ast-featured-img":"disabled","footer-sml-layout":"","ast-disable-related-posts":"","theme-transparent-header-meta":"","adv-header-id-meta":"4069","stick-header-meta":"","header-above-stick-meta":"","header-main-stick-meta":"","header-below-stick-meta":"","astra-migrate-meta-layouts":"default","ast-page-background-enabled":"default","ast-page-background-meta":{"desktop":{"background-color":"var(--ast-global-color-4)","background-image":"","background-repeat":"repeat","background-position":"center center","background-size":"auto","background-attachment":"scroll","background-type":"","background-media":"","overlay-type":"","overlay-color":"","overlay-opacity":"","overlay-gradient":""},"tablet":{"background-color":"","background-image":"","background-repeat":"repeat","background-position":"center center","background-size":"auto","background-attachment":"scroll","background-type":"","background-media":"","overlay-type":"","overlay-color":"","overlay-opacity":"","overlay-gradient":""},"mobile":{"background-color":"","background-image":"","background-repeat":"repeat","background-position":"center center","background-size":"auto","background-attachment":"scroll","background-type":"","background-media":"","overlay-type":"","overlay-color":"","overlay-opacity":"","overlay-gradient":""}},"ast-content-background-meta":{"desktop":{"background-color":"var(--ast-global-color-5)","background-image":"","background-repeat":"repeat","background-position":"center center","background-size":"auto","background-attachment":"scroll","background-type":"","background-media":"","overlay-type":"","overlay-color":"","overlay-opacity":"","overlay-gradient":""},"tablet":{"background-color":"var(--ast-global-color-5)","background-image":"","background-repeat":"repeat","background-position":"center center","background-size":"auto","background-attachment":"scroll","background-type":"","background-media":"","overlay-type":"","overlay-color":"","overlay-opacity":"","overlay-gradient":""},"mobile":{"background-color":"var(--ast-global-color-5)","background-image":"","background-repeat":"repeat","background-position":"center center","background-size":"auto","background-attachment":"scroll","background-type":"","background-media":"","overlay-type":"","overlay-color":"","overlay-opacity":"","overlay-gradient":""}},"footnotes":""},"class_list":["post-10974","page","type-page","status-publish","hentry"],"acf":[],"yoast_head":"<!-- This site is optimized with the Yoast SEO plugin v27.4 - https:\/\/yoast.com\/product\/yoast-seo-wordpress\/ -->\n<title>Brza i sigurna dostava Bouncy Castlea u \u0160vicarsku | Dodo gumenjaci<\/title>\n<meta name=\"description\" content=\"Istra\u017eite na\u0161e dvorce na napuhavanje s certifikatom DIN EN 14960. U\u017eivajte u brzoj i sigurnoj isporuci u \u0160vicarsku i na\u0161em velikom izboru na zalihama.\" \/>\n<meta name=\"robots\" content=\"index, follow, max-snippet:-1, max-image-preview:large, max-video-preview:-1\" \/>\n<link rel=\"canonical\" href=\"https:\/\/dodo-inflatables.com\/hr\/dostava-u-svicarsku\/\" \/>\n<script type=\"application\/ld+json\" class=\"yoast-schema-graph\">{\"@context\":\"https:\\\/\\\/schema.org\",\"@graph\":[{\"@type\":\"WebPage\",\"@id\":\"https:\\\/\\\/dodo-inflatables.com\\\/hr\\\/dostava-u-svicarsku\\\/\",\"url\":\"https:\\\/\\\/dodo-inflatables.com\\\/hr\\\/dostava-u-svicarsku\\\/\",\"name\":\"Brza i sigurna dostava Bouncy Castlea u \u0160vicarsku | Dodo gumenjaci\",\"isPartOf\":{\"@id\":\"https:\\\/\\\/dodo-inflatables.com\\\/hr\\\/#website\"},\"datePublished\":\"2020-03-27T10:11:24+00:00\",\"dateModified\":\"2024-07-10T11:50:44+00:00\",\"description\":\"Istra\u017eite na\u0161e dvorce na napuhavanje s certifikatom DIN EN 14960. U\u017eivajte u brzoj i sigurnoj isporuci u \u0160vicarsku i na\u0161em velikom izboru na zalihama.\",\"breadcrumb\":{\"@id\":\"https:\\\/\\\/dodo-inflatables.com\\\/hr\\\/dostava-u-svicarsku\\\/#breadcrumb\"},\"inLanguage\":\"hr\",\"potentialAction\":[{\"@type\":\"ReadAction\",\"target\":[\"https:\\\/\\\/dodo-inflatables.com\\\/hr\\\/dostava-u-svicarsku\\\/\"]}]},{\"@type\":\"BreadcrumbList\",\"@id\":\"https:\\\/\\\/dodo-inflatables.com\\\/hr\\\/dostava-u-svicarsku\\\/#breadcrumb\",\"itemListElement\":[{\"@type\":\"ListItem\",\"position\":1,\"name\":\"Po\u010detna stranica\",\"item\":\"https:\\\/\\\/dodo-inflatables.com\\\/hr\\\/\"},{\"@type\":\"ListItem\",\"position\":2,\"name\":\"Dostava u \u0160vicarsku\"}]},{\"@type\":\"WebSite\",\"@id\":\"https:\\\/\\\/dodo-inflatables.com\\\/hr\\\/#website\",\"url\":\"https:\\\/\\\/dodo-inflatables.com\\\/hr\\\/\",\"name\":\"dodo-inflatables.com\",\"description\":\"Kupite dvorce na napuhavanje i atrakcije u na\u0161oj trgovini.\",\"publisher\":{\"@id\":\"https:\\\/\\\/dodo-inflatables.com\\\/hr\\\/#organization\"},\"potentialAction\":[{\"@type\":\"SearchAction\",\"target\":{\"@type\":\"EntryPoint\",\"urlTemplate\":\"https:\\\/\\\/dodo-inflatables.com\\\/hr\\\/?s={search_term_string}\"},\"query-input\":{\"@type\":\"PropertyValueSpecification\",\"valueRequired\":true,\"valueName\":\"search_term_string\"}}],\"inLanguage\":\"hr\"},{\"@type\":\"Organization\",\"@id\":\"https:\\\/\\\/dodo-inflatables.com\\\/hr\\\/#organization\",\"name\":\"dodo-inflatables.com\",\"url\":\"https:\\\/\\\/dodo-inflatables.com\\\/hr\\\/\",\"logo\":{\"@type\":\"ImageObject\",\"inLanguage\":\"hr\",\"@id\":\"https:\\\/\\\/dodo-inflatables.com\\\/hr\\\/#\\\/schema\\\/logo\\\/image\\\/\",\"url\":\"https:\\\/\\\/dodo-inflatables.com\\\/wp-content\\\/uploads\\\/2023\\\/04\\\/cropped-cropped-cropped-Dodo-Logo.png\",\"contentUrl\":\"https:\\\/\\\/dodo-inflatables.com\\\/wp-content\\\/uploads\\\/2023\\\/04\\\/cropped-cropped-cropped-Dodo-Logo.png\",\"width\":2996,\"height\":1545,\"caption\":\"dodo-inflatables.com\"},\"image\":{\"@id\":\"https:\\\/\\\/dodo-inflatables.com\\\/hr\\\/#\\\/schema\\\/logo\\\/image\\\/\"}}]}<\/script>\n<!-- \/ Yoast SEO plugin. -->","yoast_head_json":{"title":"Brza i sigurna dostava Bouncy Castlea u \u0160vicarsku | Dodo gumenjaci","description":"Istra\u017eite na\u0161e dvorce na napuhavanje s certifikatom DIN EN 14960. U\u017eivajte u brzoj i sigurnoj isporuci u \u0160vicarsku i na\u0161em velikom izboru na zalihama.","robots":{"index":"index","follow":"follow","max-snippet":"max-snippet:-1","max-image-preview":"max-image-preview:large","max-video-preview":"max-video-preview:-1"},"canonical":"https:\/\/dodo-inflatables.com\/hr\/dostava-u-svicarsku\/","schema":{"@context":"https:\/\/schema.org","@graph":[{"@type":"WebPage","@id":"https:\/\/dodo-inflatables.com\/hr\/dostava-u-svicarsku\/","url":"https:\/\/dodo-inflatables.com\/hr\/dostava-u-svicarsku\/","name":"Brza i sigurna dostava Bouncy Castlea u \u0160vicarsku | Dodo gumenjaci","isPartOf":{"@id":"https:\/\/dodo-inflatables.com\/hr\/#website"},"datePublished":"2020-03-27T10:11:24+00:00","dateModified":"2024-07-10T11:50:44+00:00","description":"Istra\u017eite na\u0161e dvorce na napuhavanje s certifikatom DIN EN 14960. U\u017eivajte u brzoj i sigurnoj isporuci u \u0160vicarsku i na\u0161em velikom izboru na zalihama.","breadcrumb":{"@id":"https:\/\/dodo-inflatables.com\/hr\/dostava-u-svicarsku\/#breadcrumb"},"inLanguage":"hr","potentialAction":[{"@type":"ReadAction","target":["https:\/\/dodo-inflatables.com\/hr\/dostava-u-svicarsku\/"]}]},{"@type":"BreadcrumbList","@id":"https:\/\/dodo-inflatables.com\/hr\/dostava-u-svicarsku\/#breadcrumb","itemListElement":[{"@type":"ListItem","position":1,"name":"Po\u010detna stranica","item":"https:\/\/dodo-inflatables.com\/hr\/"},{"@type":"ListItem","position":2,"name":"Dostava u \u0160vicarsku"}]},{"@type":"WebSite","@id":"https:\/\/dodo-inflatables.com\/hr\/#website","url":"https:\/\/dodo-inflatables.com\/hr\/","name":"dodo-inflatables.com","description":"Kupite dvorce na napuhavanje i atrakcije u na\u0161oj trgovini.","publisher":{"@id":"https:\/\/dodo-inflatables.com\/hr\/#organization"},"potentialAction":[{"@type":"SearchAction","target":{"@type":"EntryPoint","urlTemplate":"https:\/\/dodo-inflatables.com\/hr\/?s={search_term_string}"},"query-input":{"@type":"PropertyValueSpecification","valueRequired":true,"valueName":"search_term_string"}}],"inLanguage":"hr"},{"@type":"Organization","@id":"https:\/\/dodo-inflatables.com\/hr\/#organization","name":"dodo-inflatables.com","url":"https:\/\/dodo-inflatables.com\/hr\/","logo":{"@type":"ImageObject","inLanguage":"hr","@id":"https:\/\/dodo-inflatables.com\/hr\/#\/schema\/logo\/image\/","url":"https:\/\/dodo-inflatables.com\/wp-content\/uploads\/2023\/04\/cropped-cropped-cropped-Dodo-Logo.png","contentUrl":"https:\/\/dodo-inflatables.com\/wp-content\/uploads\/2023\/04\/cropped-cropped-cropped-Dodo-Logo.png","width":2996,"height":1545,"caption":"dodo-inflatables.com"},"image":{"@id":"https:\/\/dodo-inflatables.com\/hr\/#\/schema\/logo\/image\/"}}]}},"uagb_featured_image_src":{"full":false,"thumbnail":false,"medium":false,"medium_large":false,"large":false,"1536x1536":false,"2048x2048":false,"woocommerce_thumbnail":false,"woocommerce_single":false,"woocommerce_gallery_thumbnail":false},"uagb_author_info":{"display_name":"Andreas","author_link":"https:\/\/dodo-inflatables.com\/hr\/author\/andreas\/"},"uagb_comment_info":0,"uagb_excerpt":"Za na\u0161e kupce iz \u0160vicarske Kao kupac iz zemlje izvan EU, mo\u017eete kupovati kod nas bez PDV-a. Cijene navedene u online trgovini u po\u010detku uklju\u010duju njema\u010dki PDV (19%), koji \u0107e se potom odbiti. Kada \u0161aljete u \u0160vicarsku, vi se smatrate &#8220;uvoznikom&#8221;. Stoga \u0107e vam se naplatiti \u0161vicarski uvozni porez na promet i tro\u0161kovi uvozne carine.Na\u0161i&hellip;","_links":{"self":[{"href":"https:\/\/dodo-inflatables.com\/hr\/wp-json\/wp\/v2\/pages\/10974","targetHints":{"allow":["GET"]}}],"collection":[{"href":"https:\/\/dodo-inflatables.com\/hr\/wp-json\/wp\/v2\/pages"}],"about":[{"href":"https:\/\/dodo-inflatables.com\/hr\/wp-json\/wp\/v2\/types\/page"}],"author":[{"embeddable":true,"href":"https:\/\/dodo-inflatables.com\/hr\/wp-json\/wp\/v2\/users\/1"}],"replies":[{"embeddable":true,"href":"https:\/\/dodo-inflatables.com\/hr\/wp-json\/wp\/v2\/comments?post=10974"}],"version-history":[{"count":2,"href":"https:\/\/dodo-inflatables.com\/hr\/wp-json\/wp\/v2\/pages\/10974\/revisions"}],"predecessor-version":[{"id":10976,"href":"https:\/\/dodo-inflatables.com\/hr\/wp-json\/wp\/v2\/pages\/10974\/revisions\/10976"}],"wp:attachment":[{"href":"https:\/\/dodo-inflatables.com\/hr\/wp-json\/wp\/v2\/media?parent=10974"}],"curies":[{"name":"wp","href":"https:\/\/api.w.org\/{rel}","templated":true}]}}