{"id":10983,"date":"2020-03-27T11:12:43","date_gmt":"2020-03-27T10:12:43","guid":{"rendered":"https:\/\/dodo-inflatables.com\/dostava-u-zemlje-eu\/"},"modified":"2024-08-19T14:54:29","modified_gmt":"2024-08-19T12:54:29","slug":"dostava-u-zemlje-eu","status":"publish","type":"page","link":"https:\/\/dodo-inflatables.com\/hr\/dostava-u-zemlje-eu\/","title":{"rendered":"Dostava u zemlje EU"},"content":{"rendered":"\n<h2 class=\"wp-block-heading has-text-align-center\" id=\"versandarten\"><strong>Tro\u0161kovi dostave i informacije o me\u0111unarodnoj dostavi<\/strong><\/h2>\n\n<p class=\"has-text-align-center\"><strong>Dvorci na napuhavanje, tobogani<\/strong> i <strong>moduli za doga\u0111aje<\/strong> pakiraju se na palete i otprema ih brodska tvrtka.<\/p>\n\n<p class=\"has-text-align-center\">Nakon <strong>primitka uplate,<\/strong> Va\u0161a roba \u0107e biti poslana isti ili sljede\u0107i radni dan. Dostava unutar EU obi\u010dno je unutar 4 &#8211; 6 radnih dana.<\/p>\n\n<p class=\"has-text-align-center\"><strong>Pribor<\/strong> kao \u0161to su puhala \u0161alje <strong>DPD<\/strong> ili <strong>UPS<\/strong> .<\/p>\n\n<p>Na\u0161e skladi\u0161te se nalazi u <strong>M\u00fcnchenu, Njema\u010dka<\/strong> . Svoj dvorac na napuhavanje mo\u017eete preuzeti odavde i sami nakon uplate i dogovora.<\/p>\n\n<figure class=\"wp-block-image size-large\"><a href=\"https:\/\/dodo-inflatables.com\/wp-content\/uploads\/2022\/01\/seperator-kleiner.png\"><img fetchpriority=\"high\" decoding=\"async\" width=\"1024\" height=\"102\" src=\"https:\/\/dodo-inflatables.com\/wp-content\/uploads\/2022\/01\/seperator-kleiner-1024x102.png\" alt=\"\" class=\"wp-image-4026\" srcset=\"https:\/\/dodo-inflatables.com\/wp-content\/uploads\/2022\/01\/seperator-kleiner-1024x102.png 1024w, https:\/\/dodo-inflatables.com\/wp-content\/uploads\/2022\/01\/seperator-kleiner-900x90.png 900w, https:\/\/dodo-inflatables.com\/wp-content\/uploads\/2022\/01\/seperator-kleiner-300x30.png 300w, https:\/\/dodo-inflatables.com\/wp-content\/uploads\/2022\/01\/seperator-kleiner-768x77.png 768w, https:\/\/dodo-inflatables.com\/wp-content\/uploads\/2022\/01\/seperator-kleiner-1536x154.png 1536w, https:\/\/dodo-inflatables.com\/wp-content\/uploads\/2022\/01\/seperator-kleiner-340x34.png 340w, https:\/\/dodo-inflatables.com\/wp-content\/uploads\/2022\/01\/seperator-kleiner.png 2000w\" sizes=\"(max-width: 1024px) 100vw, 1024px\" \/><\/a><\/figure>\n\n<h3 class=\"wp-block-heading has-text-align-center\"><strong>Dostava u zemlje EU i \u0160vicarska + Velika Britanija<\/strong><\/h3>\n\n<p class=\"has-text-align-center\">Dostava je mogu\u0107a u sve europske zemlje te u \u0160vicarsku i Veliku Britaniju. Tro\u0161kove dostave mo\u017eete prona\u0107i u tablici ispod.<\/p>\n\n<p class=\"has-text-align-center\">Kao <strong>privatnoj osobi,<\/strong> bit \u0107e vam napla\u0107en njema\u010dki PDV. Svoju narud\u017ebu mo\u017eete naru\u010diti kao i obi\u010dno putem internetske trgovine.<\/p>\n\n<p class=\"has-text-align-center\">Za <strong>poslovne korisnike<\/strong> iz EU: Naru\u010dujete li kao tvrtka i imate li va\u017ee\u0107i PDV broj? Tada vam mo\u017eemo prodati robu bez poreza. Unesite svoj PDV broj na blagajni.<\/p>\n\n<figure class=\"wp-block-table\"><table><tbody><tr><td><\/td><td class=\"has-text-align-center\" data-align=\"center\"><strong><em>Dvorac na napuhavanje (nosa\u010d)<\/em><\/strong><\/td><td class=\"has-text-align-center\" data-align=\"center\"><strong><em>Pribor (paket)<\/em><\/strong><\/td><\/tr><tr><td><strong>Njema\u010dka<\/strong><\/td><td class=\"has-text-align-center\" data-align=\"center\">128,95 \u20ac<\/td><td class=\"has-text-align-center\" data-align=\"center\">9,95 \u20ac<\/td><\/tr><tr><td><strong>\u0160panjolska (bez otoka)<\/strong><\/td><td class=\"has-text-align-center\" data-align=\"center\">299,00 \u20ac<\/td><td class=\"has-text-align-center\" data-align=\"center\">28,00 \u20ac<\/td><\/tr><tr><td><strong>Italija, Francuska, Austrija<\/strong><\/td><td class=\"has-text-align-center\" data-align=\"center\">167,99 \u20ac<\/td><td class=\"has-text-align-center\" data-align=\"center\">18,99 \u20ac<\/td><\/tr><tr><td><strong>Luksemburg, Lihten\u0161tajn<\/strong><\/td><td class=\"has-text-align-center\" data-align=\"center\">198,00 \u20ac<\/td><td class=\"has-text-align-center\" data-align=\"center\">19,00 \u20ac<\/td><\/tr><tr><td><strong>Poljska, \u010ce\u0161ka, Danska<\/strong><\/td><td class=\"has-text-align-center\" data-align=\"center\">169,00 \u20ac<\/td><td class=\"has-text-align-center\" data-align=\"center\">30,00 \u20ac<\/td><\/tr><tr><td><strong>Rumunjska<\/strong><\/td><td class=\"has-text-align-center\" data-align=\"center\">437,00 \u20ac<\/td><td class=\"has-text-align-center\" data-align=\"center\">38,00 \u20ac<\/td><\/tr><tr><td><strong>Finska<\/strong><\/td><td class=\"has-text-align-center\" data-align=\"center\">307,00 \u20ac<\/td><td class=\"has-text-align-center\" data-align=\"center\">28,00 \u20ac<\/td><\/tr><tr><td><strong>Nizozemska, Belgija<\/strong><\/td><td class=\"has-text-align-center\" data-align=\"center\">148,00 \u20ac<\/td><td class=\"has-text-align-center\" data-align=\"center\">19,00 \u20ac<\/td><\/tr><tr><td><strong>Slova\u010dka, Slovenija<\/strong><\/td><td class=\"has-text-align-center\" data-align=\"center\">184,00 \u20ac<\/td><td class=\"has-text-align-center\" data-align=\"center\">35,00 \u20ac<\/td><\/tr><tr><td><strong>Latvija, Hrvatska, Ma\u0111arska, \u0160vedska, Portugal<\/strong><\/td><td class=\"has-text-align-center\" data-align=\"center\">239,00 \u20ac<\/td><td class=\"has-text-align-center\" data-align=\"center\">39,00 \u20ac<\/td><\/tr><tr><td><strong>Estonija, Norve\u0161ka<\/strong><\/td><td class=\"has-text-align-center\" data-align=\"center\">349,00 \u20ac<\/td><td class=\"has-text-align-center\" data-align=\"center\">49,00 \u20ac<\/td><\/tr><tr><td><strong>Gr\u010dka, Albanija, Bosna, Litva, Bugarska<\/strong><\/td><td class=\"has-text-align-center\" data-align=\"center\">287,00 \u20ac<\/td><td class=\"has-text-align-center\" data-align=\"center\">38,00 \u20ac<\/td><\/tr><tr><td><strong>Crne Gore<\/strong><\/td><td class=\"has-text-align-center\" data-align=\"center\">249,00 \u20ac<\/td><td class=\"has-text-align-center\" data-align=\"center\">38,00 \u20ac<\/td><\/tr><tr><td><strong>Irska<\/strong><\/td><td class=\"has-text-align-center\" data-align=\"center\">329,00 \u20ac<\/td><td class=\"has-text-align-center\" data-align=\"center\">29,00 \u20ac<\/td><\/tr><tr><td><strong>Srbija<\/strong><\/td><td class=\"has-text-align-center\" data-align=\"center\">335,00 \u20ac<\/td><td class=\"has-text-align-center\" data-align=\"center\">85,00 \u20ac<\/td><\/tr><tr><td><strong>Ujedinjeno Kraljevstvo<\/strong><\/td><td class=\"has-text-align-center\" data-align=\"center\">279,00 \u20ac<\/td><td class=\"has-text-align-center\" data-align=\"center\">&#8211;<\/td><\/tr><tr><td><strong>\u0160vicarska<\/strong><\/td><td class=\"has-text-align-center\" data-align=\"center\">464,00 \u20ac<\/td><td class=\"has-text-align-center\" data-align=\"center\">&#8211;<\/td><\/tr><\/tbody><\/table><\/figure>\n\n<figure class=\"wp-block-image size-large\"><a href=\"https:\/\/dodo-inflatables.com\/wp-content\/uploads\/2022\/01\/seperator-kleiner.png\"><img fetchpriority=\"high\" decoding=\"async\" width=\"1024\" height=\"102\" src=\"https:\/\/dodo-inflatables.com\/wp-content\/uploads\/2022\/01\/seperator-kleiner-1024x102.png\" alt=\"\" class=\"wp-image-4026\" srcset=\"https:\/\/dodo-inflatables.com\/wp-content\/uploads\/2022\/01\/seperator-kleiner-1024x102.png 1024w, https:\/\/dodo-inflatables.com\/wp-content\/uploads\/2022\/01\/seperator-kleiner-900x90.png 900w, https:\/\/dodo-inflatables.com\/wp-content\/uploads\/2022\/01\/seperator-kleiner-300x30.png 300w, https:\/\/dodo-inflatables.com\/wp-content\/uploads\/2022\/01\/seperator-kleiner-768x77.png 768w, https:\/\/dodo-inflatables.com\/wp-content\/uploads\/2022\/01\/seperator-kleiner-1536x154.png 1536w, https:\/\/dodo-inflatables.com\/wp-content\/uploads\/2022\/01\/seperator-kleiner-340x34.png 340w, https:\/\/dodo-inflatables.com\/wp-content\/uploads\/2022\/01\/seperator-kleiner.png 2000w\" sizes=\"(max-width: 1024px) 100vw, 1024px\" \/><\/a><\/figure>\n\n<h4 class=\"wp-block-heading has-text-align-center\"><strong><strong>Za na\u0161e kupce iz \u0160vicarske i Engleske:<\/strong><\/strong><\/h4>\n\n<p class=\"has-text-align-center\">Kao kupac iz zemlje izvan EU, mo\u017eete kupovati kod nas bez PDV-a. Cijene navedene u internetskoj trgovini inicijalno uklju\u010duju njema\u010dki PDV (19%), koji \u0107e biti odbijen \u010dim u ko\u0161aricu unesete adresu za dostavu (\u0160vicarska + Velika Britanija).<\/p>\n\n<p class=\"has-text-align-center\">Kada \u0161aljete u \u0160vicarsku i Ujedinjeno Kraljevstvo, vi se smatrate &#8220;uvoznikom&#8221;. Stoga \u0107e vam se naplatiti porez na uvoz i uvozne carine.<br\/> Na\u0161i tro\u0161kovi dostave za \u0160vicarsku i Ujedinjeno Kraljevstvo uklju\u010duju cijenu prijevoza, carinjenje i pripremu ABD-a.<\/p>\n","protected":false},"excerpt":{"rendered":"<p>Tro\u0161kovi dostave i informacije o me\u0111unarodnoj dostavi Dvorci na napuhavanje, tobogani i moduli za doga\u0111aje pakiraju se na palete i otprema ih brodska tvrtka. Nakon primitka uplate, Va\u0161a roba \u0107e biti poslana isti ili sljede\u0107i radni dan. Dostava unutar EU obi\u010dno je unutar 4 &#8211; 6 radnih dana. Pribor kao \u0161to su puhala \u0161alje DPD [&hellip;]<\/p>\n","protected":false},"author":1,"featured_media":0,"parent":0,"menu_order":0,"comment_status":"closed","ping_status":"closed","template":"","meta":{"_acf_changed":false,"_uag_custom_page_level_css":"","site-sidebar-layout":"default","site-content-layout":"content-boxed-container","ast-site-content-layout":"normal-width-container","site-content-style":"boxed","site-sidebar-style":"unboxed","ast-global-header-display":"","ast-banner-title-visibility":"","ast-main-header-display":"","ast-hfb-above-header-display":"","ast-hfb-below-header-display":"","ast-hfb-mobile-header-display":"","site-post-title":"disabled","ast-breadcrumbs-content":"disabled","ast-featured-img":"disabled","footer-sml-layout":"","ast-disable-related-posts":"","theme-transparent-header-meta":"","adv-header-id-meta":"7189","stick-header-meta":"","header-above-stick-meta":"","header-main-stick-meta":"","header-below-stick-meta":"","astra-migrate-meta-layouts":"default","ast-page-background-enabled":"default","ast-page-background-meta":{"desktop":{"background-color":"var(--ast-global-color-4)","background-image":"","background-repeat":"repeat","background-position":"center center","background-size":"auto","background-attachment":"scroll","background-type":"","background-media":"","overlay-type":"","overlay-color":"","overlay-opacity":"","overlay-gradient":""},"tablet":{"background-color":"","background-image":"","background-repeat":"repeat","background-position":"center center","background-size":"auto","background-attachment":"scroll","background-type":"","background-media":"","overlay-type":"","overlay-color":"","overlay-opacity":"","overlay-gradient":""},"mobile":{"background-color":"","background-image":"","background-repeat":"repeat","background-position":"center center","background-size":"auto","background-attachment":"scroll","background-type":"","background-media":"","overlay-type":"","overlay-color":"","overlay-opacity":"","overlay-gradient":""}},"ast-content-background-meta":{"desktop":{"background-color":"var(--ast-global-color-5)","background-image":"","background-repeat":"repeat","background-position":"center center","background-size":"auto","background-attachment":"scroll","background-type":"","background-media":"","overlay-type":"","overlay-color":"","overlay-opacity":"","overlay-gradient":""},"tablet":{"background-color":"var(--ast-global-color-5)","background-image":"","background-repeat":"repeat","background-position":"center center","background-size":"auto","background-attachment":"scroll","background-type":"","background-media":"","overlay-type":"","overlay-color":"","overlay-opacity":"","overlay-gradient":""},"mobile":{"background-color":"var(--ast-global-color-5)","background-image":"","background-repeat":"repeat","background-position":"center center","background-size":"auto","background-attachment":"scroll","background-type":"","background-media":"","overlay-type":"","overlay-color":"","overlay-opacity":"","overlay-gradient":""}},"footnotes":""},"class_list":["post-10983","page","type-page","status-publish","hentry"],"acf":[],"yoast_head":"<!-- This site is optimized with the Yoast SEO plugin v27.5 - https:\/\/yoast.com\/product\/yoast-seo-wordpress\/ -->\n<title>Brza i sigurna dostava Bouncy Castle diljem Europe | Dodo gumenjaci<\/title>\n<meta name=\"description\" content=\"Istra\u017eite na\u0161e dvorce na napuhavanje s certifikatom DIN EN 14960. U\u017eivajte u brzoj i sigurnoj isporuci u zemlje EU i na\u0161em velikom izboru na zalihama.\" \/>\n<meta name=\"robots\" content=\"index, follow, max-snippet:-1, max-image-preview:large, max-video-preview:-1\" \/>\n<link rel=\"canonical\" href=\"https:\/\/dodo-inflatables.com\/hr\/dostava-u-zemlje-eu\/\" \/>\n<meta name=\"twitter:label1\" content=\"Procijenjeno vrijeme \u010ditanja\" \/>\n\t<meta name=\"twitter:data1\" content=\"2 minute\" \/>\n<script type=\"application\/ld+json\" class=\"yoast-schema-graph\">{\"@context\":\"https:\\\/\\\/schema.org\",\"@graph\":[{\"@type\":\"WebPage\",\"@id\":\"https:\\\/\\\/dodo-inflatables.com\\\/hr\\\/dostava-u-zemlje-eu\\\/\",\"url\":\"https:\\\/\\\/dodo-inflatables.com\\\/hr\\\/dostava-u-zemlje-eu\\\/\",\"name\":\"Brza i sigurna dostava Bouncy Castle diljem Europe | Dodo gumenjaci\",\"isPartOf\":{\"@id\":\"https:\\\/\\\/dodo-inflatables.com\\\/hr\\\/#website\"},\"primaryImageOfPage\":{\"@id\":\"https:\\\/\\\/dodo-inflatables.com\\\/hr\\\/dostava-u-zemlje-eu\\\/#primaryimage\"},\"image\":{\"@id\":\"https:\\\/\\\/dodo-inflatables.com\\\/hr\\\/dostava-u-zemlje-eu\\\/#primaryimage\"},\"thumbnailUrl\":\"https:\\\/\\\/dodo-inflatables.com\\\/wp-content\\\/uploads\\\/2022\\\/01\\\/seperator-kleiner-1024x102.png\",\"datePublished\":\"2020-03-27T10:12:43+00:00\",\"dateModified\":\"2024-08-19T12:54:29+00:00\",\"description\":\"Istra\u017eite na\u0161e dvorce na napuhavanje s certifikatom DIN EN 14960. U\u017eivajte u brzoj i sigurnoj isporuci u zemlje EU i na\u0161em velikom izboru na zalihama.\",\"breadcrumb\":{\"@id\":\"https:\\\/\\\/dodo-inflatables.com\\\/hr\\\/dostava-u-zemlje-eu\\\/#breadcrumb\"},\"inLanguage\":\"hr\",\"potentialAction\":[{\"@type\":\"ReadAction\",\"target\":[\"https:\\\/\\\/dodo-inflatables.com\\\/hr\\\/dostava-u-zemlje-eu\\\/\"]}]},{\"@type\":\"ImageObject\",\"inLanguage\":\"hr\",\"@id\":\"https:\\\/\\\/dodo-inflatables.com\\\/hr\\\/dostava-u-zemlje-eu\\\/#primaryimage\",\"url\":\"https:\\\/\\\/dodo-inflatables.com\\\/wp-content\\\/uploads\\\/2022\\\/01\\\/seperator-kleiner-1024x102.png\",\"contentUrl\":\"https:\\\/\\\/dodo-inflatables.com\\\/wp-content\\\/uploads\\\/2022\\\/01\\\/seperator-kleiner-1024x102.png\"},{\"@type\":\"BreadcrumbList\",\"@id\":\"https:\\\/\\\/dodo-inflatables.com\\\/hr\\\/dostava-u-zemlje-eu\\\/#breadcrumb\",\"itemListElement\":[{\"@type\":\"ListItem\",\"position\":1,\"name\":\"Po\u010detna stranica\",\"item\":\"https:\\\/\\\/dodo-inflatables.com\\\/hr\\\/\"},{\"@type\":\"ListItem\",\"position\":2,\"name\":\"Dostava u zemlje EU\"}]},{\"@type\":\"WebSite\",\"@id\":\"https:\\\/\\\/dodo-inflatables.com\\\/hr\\\/#website\",\"url\":\"https:\\\/\\\/dodo-inflatables.com\\\/hr\\\/\",\"name\":\"dodo-inflatables.com\",\"description\":\"Kupite dvorce na napuhavanje i atrakcije u na\u0161oj trgovini.\",\"potentialAction\":[{\"@type\":\"SearchAction\",\"target\":{\"@type\":\"EntryPoint\",\"urlTemplate\":\"https:\\\/\\\/dodo-inflatables.com\\\/hr\\\/?s={search_term_string}\"},\"query-input\":{\"@type\":\"PropertyValueSpecification\",\"valueRequired\":true,\"valueName\":\"search_term_string\"}}],\"inLanguage\":\"hr\"}]}<\/script>\n<!-- \/ Yoast SEO plugin. -->","yoast_head_json":{"title":"Brza i sigurna dostava Bouncy Castle diljem Europe | Dodo gumenjaci","description":"Istra\u017eite na\u0161e dvorce na napuhavanje s certifikatom DIN EN 14960. U\u017eivajte u brzoj i sigurnoj isporuci u zemlje EU i na\u0161em velikom izboru na zalihama.","robots":{"index":"index","follow":"follow","max-snippet":"max-snippet:-1","max-image-preview":"max-image-preview:large","max-video-preview":"max-video-preview:-1"},"canonical":"https:\/\/dodo-inflatables.com\/hr\/dostava-u-zemlje-eu\/","twitter_misc":{"Procijenjeno vrijeme \u010ditanja":"2 minute"},"schema":{"@context":"https:\/\/schema.org","@graph":[{"@type":"WebPage","@id":"https:\/\/dodo-inflatables.com\/hr\/dostava-u-zemlje-eu\/","url":"https:\/\/dodo-inflatables.com\/hr\/dostava-u-zemlje-eu\/","name":"Brza i sigurna dostava Bouncy Castle diljem Europe | Dodo gumenjaci","isPartOf":{"@id":"https:\/\/dodo-inflatables.com\/hr\/#website"},"primaryImageOfPage":{"@id":"https:\/\/dodo-inflatables.com\/hr\/dostava-u-zemlje-eu\/#primaryimage"},"image":{"@id":"https:\/\/dodo-inflatables.com\/hr\/dostava-u-zemlje-eu\/#primaryimage"},"thumbnailUrl":"https:\/\/dodo-inflatables.com\/wp-content\/uploads\/2022\/01\/seperator-kleiner-1024x102.png","datePublished":"2020-03-27T10:12:43+00:00","dateModified":"2024-08-19T12:54:29+00:00","description":"Istra\u017eite na\u0161e dvorce na napuhavanje s certifikatom DIN EN 14960. U\u017eivajte u brzoj i sigurnoj isporuci u zemlje EU i na\u0161em velikom izboru na zalihama.","breadcrumb":{"@id":"https:\/\/dodo-inflatables.com\/hr\/dostava-u-zemlje-eu\/#breadcrumb"},"inLanguage":"hr","potentialAction":[{"@type":"ReadAction","target":["https:\/\/dodo-inflatables.com\/hr\/dostava-u-zemlje-eu\/"]}]},{"@type":"ImageObject","inLanguage":"hr","@id":"https:\/\/dodo-inflatables.com\/hr\/dostava-u-zemlje-eu\/#primaryimage","url":"https:\/\/dodo-inflatables.com\/wp-content\/uploads\/2022\/01\/seperator-kleiner-1024x102.png","contentUrl":"https:\/\/dodo-inflatables.com\/wp-content\/uploads\/2022\/01\/seperator-kleiner-1024x102.png"},{"@type":"BreadcrumbList","@id":"https:\/\/dodo-inflatables.com\/hr\/dostava-u-zemlje-eu\/#breadcrumb","itemListElement":[{"@type":"ListItem","position":1,"name":"Po\u010detna stranica","item":"https:\/\/dodo-inflatables.com\/hr\/"},{"@type":"ListItem","position":2,"name":"Dostava u zemlje EU"}]},{"@type":"WebSite","@id":"https:\/\/dodo-inflatables.com\/hr\/#website","url":"https:\/\/dodo-inflatables.com\/hr\/","name":"dodo-inflatables.com","description":"Kupite dvorce na napuhavanje i atrakcije u na\u0161oj trgovini.","potentialAction":[{"@type":"SearchAction","target":{"@type":"EntryPoint","urlTemplate":"https:\/\/dodo-inflatables.com\/hr\/?s={search_term_string}"},"query-input":{"@type":"PropertyValueSpecification","valueRequired":true,"valueName":"search_term_string"}}],"inLanguage":"hr"}]}},"uagb_featured_image_src":{"full":false,"thumbnail":false,"medium":false,"medium_large":false,"large":false,"1536x1536":false,"2048x2048":false,"woocommerce_thumbnail":false,"woocommerce_single":false,"woocommerce_gallery_thumbnail":false},"uagb_author_info":{"display_name":"Andreas","author_link":"https:\/\/dodo-inflatables.com\/hr\/author\/andreas\/"},"uagb_comment_info":0,"uagb_excerpt":"Tro\u0161kovi dostave i informacije o me\u0111unarodnoj dostavi Dvorci na napuhavanje, tobogani i moduli za doga\u0111aje pakiraju se na palete i otprema ih brodska tvrtka. Nakon primitka uplate, Va\u0161a roba \u0107e biti poslana isti ili sljede\u0107i radni dan. Dostava unutar EU obi\u010dno je unutar 4 &#8211; 6 radnih dana. Pribor kao \u0161to su puhala \u0161alje DPD&hellip;","_links":{"self":[{"href":"https:\/\/dodo-inflatables.com\/hr\/wp-json\/wp\/v2\/pages\/10983","targetHints":{"allow":["GET"]}}],"collection":[{"href":"https:\/\/dodo-inflatables.com\/hr\/wp-json\/wp\/v2\/pages"}],"about":[{"href":"https:\/\/dodo-inflatables.com\/hr\/wp-json\/wp\/v2\/types\/page"}],"author":[{"embeddable":true,"href":"https:\/\/dodo-inflatables.com\/hr\/wp-json\/wp\/v2\/users\/1"}],"replies":[{"embeddable":true,"href":"https:\/\/dodo-inflatables.com\/hr\/wp-json\/wp\/v2\/comments?post=10983"}],"version-history":[{"count":3,"href":"https:\/\/dodo-inflatables.com\/hr\/wp-json\/wp\/v2\/pages\/10983\/revisions"}],"predecessor-version":[{"id":38949,"href":"https:\/\/dodo-inflatables.com\/hr\/wp-json\/wp\/v2\/pages\/10983\/revisions\/38949"}],"wp:attachment":[{"href":"https:\/\/dodo-inflatables.com\/hr\/wp-json\/wp\/v2\/media?parent=10983"}],"curies":[{"name":"wp","href":"https:\/\/api.w.org\/{rel}","templated":true}]}}