{"id":11106,"date":"2024-03-07T18:22:00","date_gmt":"2024-03-07T17:22:00","guid":{"rendered":"https:\/\/dodo-inflatables.com\/kaaft-opbloosbar-rutschen-a-sprangschlasser-zu-letzebuerg\/"},"modified":"2024-07-10T13:55:38","modified_gmt":"2024-07-10T11:55:38","slug":"kaaft-opbloosbar-rutschen-a-sprangschlasser-zu-letzebuerg","status":"publish","type":"page","link":"https:\/\/dodo-inflatables.com\/hr\/kaaft-opbloosbar-rutschen-a-sprangschlasser-zu-letzebuerg\/","title":{"rendered":"Kaaft opbloosbar Rutschen a Sprangschl\u00e4sser zu L\u00ebtzebuerg"},"content":{"rendered":"\n<h2 class=\"wp-block-heading has-text-align-center\">Kaaft opbloosbar Rutschen a Sprangschl\u00e4sser zu L\u00ebtzebuerg<\/h2>\n\n<figure class=\"wp-block-image aligncenter size-large\"><a href=\"https:\/\/dodo-inflatables.com\/wp-content\/uploads\/2022\/01\/seperator-kleiner.png\"><img loading=\"lazy\" decoding=\"async\" width=\"1024\" height=\"102\" src=\"https:\/\/dodo-inflatables.com\/wp-content\/uploads\/2022\/01\/seperator-kleiner-1024x102.png\" alt=\"\" class=\"wp-image-4026\" srcset=\"https:\/\/dodo-inflatables.com\/wp-content\/uploads\/2022\/01\/seperator-kleiner-1024x102.png 1024w, https:\/\/dodo-inflatables.com\/wp-content\/uploads\/2022\/01\/seperator-kleiner-900x90.png 900w, https:\/\/dodo-inflatables.com\/wp-content\/uploads\/2022\/01\/seperator-kleiner-300x30.png 300w, https:\/\/dodo-inflatables.com\/wp-content\/uploads\/2022\/01\/seperator-kleiner-768x77.png 768w, https:\/\/dodo-inflatables.com\/wp-content\/uploads\/2022\/01\/seperator-kleiner-1536x154.png 1536w, https:\/\/dodo-inflatables.com\/wp-content\/uploads\/2022\/01\/seperator-kleiner-340x34.png 340w, https:\/\/dodo-inflatables.com\/wp-content\/uploads\/2022\/01\/seperator-kleiner.png 2000w\" sizes=\"auto, (max-width: 1024px) 100vw, 1024px\" \/><\/a><\/figure>\n\n<h3 class=\"wp-block-heading has-text-align-center\">W\u00ebllkomm na Dodo-Inflatables.com &#8211; eisen Online Shop za Sprangschl\u00e4sser u Europi!<\/h3>\n\n<p style=\"font-size:17px\">Taucht Iech an eiser \u00ebmfangr\u00e4icher Auswiel u qualitativ <a href=\"https:\/\/dodo-inflatables.com\/hr\/kategorija-proizvoda\/dvorci-na-lokav\/\">h\u00e9ichw\u00e4erteg Sprangschl\u00e4sser,<\/a> Schl\u00e4sser Schl\u00e4sser a <a href=\"https:\/\/dodo-inflatables.com\/hr\/kategorija-proizvoda\/slajdovi\/\">Rutschen<\/a> , d\u00e9i dat klengt Extra zu all Occasioun add\u00e9ieren. Egal ob Dir sicht e grousst Sprangbuerg fir e Firmenevenement, e klengt Sprangbuerg fir e Kannergebuertsdag oder e Sprangschlass mat Rutsch fir e Summerfest &#8211; Dir fannt garant\u00e9iert bei eis wat Dir sicht!<\/p>\n\n<p style=\"font-size:17px\">Eis Sortiment enth\u00e4lt net n\u00ebmmen eng Villfalt vu Sprangschl\u00e4sser, awer och eng breet Palette vun <a href=\"https:\/\/dodo-inflatables.com\/hr\/kategorija-proizvoda\/pribor\/\">Accessoiren,<\/a> dor\u00ebnner <a href=\"https:\/\/dodo-inflatables.com\/hr\/proizvod\/gibbons-puhalo-fp5005-1-5ps\/\" data-type=\"product\" data-id=\"81\">Gibbons<\/a> and <a href=\"https:\/\/dodo-inflatables.com\/hr\/proizvod\/huawei-puhalo-reh-1-5e-1-5ps\/\" data-type=\"product\" data-id=\"2724\">Huawei<\/a> Blowers fir Sprangschl\u00e4sser.<\/p>\n\n<p style=\"font-size:17px\">D&#8217;Versch\u00e9cken vun engem Sprangschlass an d\u00e9i entspriechend Accessoiren op <strong>L\u00ebtzebuerg kascht 198,00<\/strong> \u20ac. E Pak mat Sprangschlass Accessoiren kascht \u20ac 19,00. Wann d&#8217;Sprangschlass op Lager ass, g\u00ebtt et Iech direkt no der Bezuelung gesch\u00e9ckt. Liwwerung zu L\u00ebtzebuerg dauert ongef\u00e9ier <strong>4 \u2013 6 Aarbechtsdeeg.<\/strong> Ofhuelen ass m\u00e9iglech aus eisem Lager zu M\u00fcnchen, D\u00e4itschland.<\/p>\n\n<p style=\"font-size:17px\">All eis Sprangschl\u00e4sser entspriechen de strenge S\u00e9cherheetsnormen vum <strong>DIN EN 14960<\/strong> a si g\u00ebeegent fir privat a kommerziell Notzung. Nodeems d&#8217;Sprangschlass versch\u00e9ckt gouf, kritt Dir detaill\u00e9iert Instruktiounen an den entspriechende Certificat fir \u00c4ert neit Sprangschlass.<br\/>TVA-Befreiung fir Betriber! Wann Dir als Gesch\u00e4ft kaaft, gitt \u00c4r TVA Nummer beim Kasse fir Steierfr\u00e4i ze kafen.<br\/>Egal ob Dir Privatpersoune sidd op der Sich no engem Sprangschlass fir dat n\u00e4chst Familljefest, oder Dir sidd e kommerziellen Proprietaire deen \u00c4r Offer ausbaue w\u00ebllt &#8211; eis Sprangschl\u00e4sser passen fir jiddereen. Tats\u00e4chlech sinn d\u00e9i meescht vun eise Clienten uechter Europa Sprangschlass Locatiounsfirmen d\u00e9i eis Produkter fir Eventer vun alle Gr\u00e9issten sch\u00e4tzen.<\/p>\n\n<p style=\"font-size:17px\">Mir hoffen Dir gen\u00e9isst eis Online Shop ze surfen a sidd verf\u00fcgbar wann Dir Froen hutt op <a href=\"mailto:contact@dodo-inflatables.com\">contact@dodo-inflatables.com<\/a> !<\/p>\n\n<div style=\"height:100px\" aria-hidden=\"true\" class=\"wp-block-spacer\"><\/div>\n","protected":false},"excerpt":{"rendered":"<p>Kaaft opbloosbar Rutschen a Sprangschl\u00e4sser zu L\u00ebtzebuerg W\u00ebllkomm na Dodo-Inflatables.com &#8211; eisen Online Shop za Sprangschl\u00e4sser u Europi! Taucht Iech an eiser \u00ebmfangr\u00e4icher Auswiel u qualitativ h\u00e9ichw\u00e4erteg Sprangschl\u00e4sser, Schl\u00e4sser Schl\u00e4sser a Rutschen , d\u00e9i dat klengt Extra zu all Occasioun add\u00e9ieren. Egal ob Dir sicht e grousst Sprangbuerg fir e Firmenevenement, e klengt Sprangbuerg fir [&hellip;]<\/p>\n","protected":false},"author":1,"featured_media":0,"parent":0,"menu_order":0,"comment_status":"closed","ping_status":"closed","template":"","meta":{"_acf_changed":false,"_uag_custom_page_level_css":"","site-sidebar-layout":"default","site-content-layout":"","ast-site-content-layout":"normal-width-container","site-content-style":"boxed","site-sidebar-style":"default","ast-global-header-display":"","ast-banner-title-visibility":"","ast-main-header-display":"","ast-hfb-above-header-display":"","ast-hfb-below-header-display":"","ast-hfb-mobile-header-display":"","site-post-title":"","ast-breadcrumbs-content":"","ast-featured-img":"","footer-sml-layout":"","ast-disable-related-posts":"","theme-transparent-header-meta":"","adv-header-id-meta":"4069","stick-header-meta":"","header-above-stick-meta":"","header-main-stick-meta":"","header-below-stick-meta":"","astra-migrate-meta-layouts":"default","ast-page-background-enabled":"default","ast-page-background-meta":{"desktop":{"background-color":"var(--ast-global-color-4)","background-image":"","background-repeat":"repeat","background-position":"center center","background-size":"auto","background-attachment":"scroll","background-type":"","background-media":"","overlay-type":"","overlay-color":"","overlay-opacity":"","overlay-gradient":""},"tablet":{"background-color":"","background-image":"","background-repeat":"repeat","background-position":"center center","background-size":"auto","background-attachment":"scroll","background-type":"","background-media":"","overlay-type":"","overlay-color":"","overlay-opacity":"","overlay-gradient":""},"mobile":{"background-color":"","background-image":"","background-repeat":"repeat","background-position":"center center","background-size":"auto","background-attachment":"scroll","background-type":"","background-media":"","overlay-type":"","overlay-color":"","overlay-opacity":"","overlay-gradient":""}},"ast-content-background-meta":{"desktop":{"background-color":"var(--ast-global-color-5)","background-image":"","background-repeat":"repeat","background-position":"center center","background-size":"auto","background-attachment":"scroll","background-type":"","background-media":"","overlay-type":"","overlay-color":"","overlay-opacity":"","overlay-gradient":""},"tablet":{"background-color":"var(--ast-global-color-5)","background-image":"","background-repeat":"repeat","background-position":"center center","background-size":"auto","background-attachment":"scroll","background-type":"","background-media":"","overlay-type":"","overlay-color":"","overlay-opacity":"","overlay-gradient":""},"mobile":{"background-color":"var(--ast-global-color-5)","background-image":"","background-repeat":"repeat","background-position":"center center","background-size":"auto","background-attachment":"scroll","background-type":"","background-media":"","overlay-type":"","overlay-color":"","overlay-opacity":"","overlay-gradient":""}},"footnotes":""},"class_list":["post-11106","page","type-page","status-publish","hentry"],"acf":[],"yoast_head":"<!-- This site is optimized with the Yoast SEO plugin v27.4 - https:\/\/yoast.com\/product\/yoast-seo-wordpress\/ -->\n<title>Kaaft opbloosbar Rutschen a Sprangschl\u00e4sser zu L\u00ebtzebuerg - dodo-inflatables.com<\/title>\n<meta name=\"robots\" content=\"index, follow, max-snippet:-1, max-image-preview:large, max-video-preview:-1\" \/>\n<link rel=\"canonical\" href=\"https:\/\/dodo-inflatables.com\/hr\/kaaft-opbloosbar-rutschen-a-sprangschlasser-zu-letzebuerg\/\" \/>\n<meta name=\"twitter:label1\" content=\"Procijenjeno vrijeme \u010ditanja\" \/>\n\t<meta name=\"twitter:data1\" content=\"2 minute\" \/>\n<script type=\"application\/ld+json\" class=\"yoast-schema-graph\">{\"@context\":\"https:\\\/\\\/schema.org\",\"@graph\":[{\"@type\":\"WebPage\",\"@id\":\"https:\\\/\\\/dodo-inflatables.com\\\/hr\\\/kaaft-opbloosbar-rutschen-a-sprangschlasser-zu-letzebuerg\\\/\",\"url\":\"https:\\\/\\\/dodo-inflatables.com\\\/hr\\\/kaaft-opbloosbar-rutschen-a-sprangschlasser-zu-letzebuerg\\\/\",\"name\":\"Kaaft opbloosbar Rutschen a Sprangschl\u00e4sser zu L\u00ebtzebuerg - dodo-inflatables.com\",\"isPartOf\":{\"@id\":\"https:\\\/\\\/dodo-inflatables.com\\\/hr\\\/#website\"},\"primaryImageOfPage\":{\"@id\":\"https:\\\/\\\/dodo-inflatables.com\\\/hr\\\/kaaft-opbloosbar-rutschen-a-sprangschlasser-zu-letzebuerg\\\/#primaryimage\"},\"image\":{\"@id\":\"https:\\\/\\\/dodo-inflatables.com\\\/hr\\\/kaaft-opbloosbar-rutschen-a-sprangschlasser-zu-letzebuerg\\\/#primaryimage\"},\"thumbnailUrl\":\"https:\\\/\\\/dodo-inflatables.com\\\/wp-content\\\/uploads\\\/2022\\\/01\\\/seperator-kleiner-1024x102.png\",\"datePublished\":\"2024-03-07T17:22:00+00:00\",\"dateModified\":\"2024-07-10T11:55:38+00:00\",\"breadcrumb\":{\"@id\":\"https:\\\/\\\/dodo-inflatables.com\\\/hr\\\/kaaft-opbloosbar-rutschen-a-sprangschlasser-zu-letzebuerg\\\/#breadcrumb\"},\"inLanguage\":\"hr\",\"potentialAction\":[{\"@type\":\"ReadAction\",\"target\":[\"https:\\\/\\\/dodo-inflatables.com\\\/hr\\\/kaaft-opbloosbar-rutschen-a-sprangschlasser-zu-letzebuerg\\\/\"]}]},{\"@type\":\"ImageObject\",\"inLanguage\":\"hr\",\"@id\":\"https:\\\/\\\/dodo-inflatables.com\\\/hr\\\/kaaft-opbloosbar-rutschen-a-sprangschlasser-zu-letzebuerg\\\/#primaryimage\",\"url\":\"https:\\\/\\\/dodo-inflatables.com\\\/wp-content\\\/uploads\\\/2022\\\/01\\\/seperator-kleiner-1024x102.png\",\"contentUrl\":\"https:\\\/\\\/dodo-inflatables.com\\\/wp-content\\\/uploads\\\/2022\\\/01\\\/seperator-kleiner-1024x102.png\"},{\"@type\":\"BreadcrumbList\",\"@id\":\"https:\\\/\\\/dodo-inflatables.com\\\/hr\\\/kaaft-opbloosbar-rutschen-a-sprangschlasser-zu-letzebuerg\\\/#breadcrumb\",\"itemListElement\":[{\"@type\":\"ListItem\",\"position\":1,\"name\":\"Po\u010detna stranica\",\"item\":\"https:\\\/\\\/dodo-inflatables.com\\\/hr\\\/\"},{\"@type\":\"ListItem\",\"position\":2,\"name\":\"Kaaft opbloosbar Rutschen a Sprangschl\u00e4sser zu L\u00ebtzebuerg\"}]},{\"@type\":\"WebSite\",\"@id\":\"https:\\\/\\\/dodo-inflatables.com\\\/hr\\\/#website\",\"url\":\"https:\\\/\\\/dodo-inflatables.com\\\/hr\\\/\",\"name\":\"dodo-inflatables.com\",\"description\":\"Kupite dvorce na napuhavanje i atrakcije u na\u0161oj trgovini.\",\"publisher\":{\"@id\":\"https:\\\/\\\/dodo-inflatables.com\\\/hr\\\/#organization\"},\"potentialAction\":[{\"@type\":\"SearchAction\",\"target\":{\"@type\":\"EntryPoint\",\"urlTemplate\":\"https:\\\/\\\/dodo-inflatables.com\\\/hr\\\/?s={search_term_string}\"},\"query-input\":{\"@type\":\"PropertyValueSpecification\",\"valueRequired\":true,\"valueName\":\"search_term_string\"}}],\"inLanguage\":\"hr\"},{\"@type\":\"Organization\",\"@id\":\"https:\\\/\\\/dodo-inflatables.com\\\/hr\\\/#organization\",\"name\":\"dodo-inflatables.com\",\"url\":\"https:\\\/\\\/dodo-inflatables.com\\\/hr\\\/\",\"logo\":{\"@type\":\"ImageObject\",\"inLanguage\":\"hr\",\"@id\":\"https:\\\/\\\/dodo-inflatables.com\\\/hr\\\/#\\\/schema\\\/logo\\\/image\\\/\",\"url\":\"https:\\\/\\\/dodo-inflatables.com\\\/wp-content\\\/uploads\\\/2023\\\/04\\\/cropped-cropped-cropped-Dodo-Logo.png\",\"contentUrl\":\"https:\\\/\\\/dodo-inflatables.com\\\/wp-content\\\/uploads\\\/2023\\\/04\\\/cropped-cropped-cropped-Dodo-Logo.png\",\"width\":2996,\"height\":1545,\"caption\":\"dodo-inflatables.com\"},\"image\":{\"@id\":\"https:\\\/\\\/dodo-inflatables.com\\\/hr\\\/#\\\/schema\\\/logo\\\/image\\\/\"}}]}<\/script>\n<!-- \/ Yoast SEO plugin. -->","yoast_head_json":{"title":"Kaaft opbloosbar Rutschen a Sprangschl\u00e4sser zu L\u00ebtzebuerg - dodo-inflatables.com","robots":{"index":"index","follow":"follow","max-snippet":"max-snippet:-1","max-image-preview":"max-image-preview:large","max-video-preview":"max-video-preview:-1"},"canonical":"https:\/\/dodo-inflatables.com\/hr\/kaaft-opbloosbar-rutschen-a-sprangschlasser-zu-letzebuerg\/","twitter_misc":{"Procijenjeno vrijeme \u010ditanja":"2 minute"},"schema":{"@context":"https:\/\/schema.org","@graph":[{"@type":"WebPage","@id":"https:\/\/dodo-inflatables.com\/hr\/kaaft-opbloosbar-rutschen-a-sprangschlasser-zu-letzebuerg\/","url":"https:\/\/dodo-inflatables.com\/hr\/kaaft-opbloosbar-rutschen-a-sprangschlasser-zu-letzebuerg\/","name":"Kaaft opbloosbar Rutschen a Sprangschl\u00e4sser zu L\u00ebtzebuerg - dodo-inflatables.com","isPartOf":{"@id":"https:\/\/dodo-inflatables.com\/hr\/#website"},"primaryImageOfPage":{"@id":"https:\/\/dodo-inflatables.com\/hr\/kaaft-opbloosbar-rutschen-a-sprangschlasser-zu-letzebuerg\/#primaryimage"},"image":{"@id":"https:\/\/dodo-inflatables.com\/hr\/kaaft-opbloosbar-rutschen-a-sprangschlasser-zu-letzebuerg\/#primaryimage"},"thumbnailUrl":"https:\/\/dodo-inflatables.com\/wp-content\/uploads\/2022\/01\/seperator-kleiner-1024x102.png","datePublished":"2024-03-07T17:22:00+00:00","dateModified":"2024-07-10T11:55:38+00:00","breadcrumb":{"@id":"https:\/\/dodo-inflatables.com\/hr\/kaaft-opbloosbar-rutschen-a-sprangschlasser-zu-letzebuerg\/#breadcrumb"},"inLanguage":"hr","potentialAction":[{"@type":"ReadAction","target":["https:\/\/dodo-inflatables.com\/hr\/kaaft-opbloosbar-rutschen-a-sprangschlasser-zu-letzebuerg\/"]}]},{"@type":"ImageObject","inLanguage":"hr","@id":"https:\/\/dodo-inflatables.com\/hr\/kaaft-opbloosbar-rutschen-a-sprangschlasser-zu-letzebuerg\/#primaryimage","url":"https:\/\/dodo-inflatables.com\/wp-content\/uploads\/2022\/01\/seperator-kleiner-1024x102.png","contentUrl":"https:\/\/dodo-inflatables.com\/wp-content\/uploads\/2022\/01\/seperator-kleiner-1024x102.png"},{"@type":"BreadcrumbList","@id":"https:\/\/dodo-inflatables.com\/hr\/kaaft-opbloosbar-rutschen-a-sprangschlasser-zu-letzebuerg\/#breadcrumb","itemListElement":[{"@type":"ListItem","position":1,"name":"Po\u010detna stranica","item":"https:\/\/dodo-inflatables.com\/hr\/"},{"@type":"ListItem","position":2,"name":"Kaaft opbloosbar Rutschen a Sprangschl\u00e4sser zu L\u00ebtzebuerg"}]},{"@type":"WebSite","@id":"https:\/\/dodo-inflatables.com\/hr\/#website","url":"https:\/\/dodo-inflatables.com\/hr\/","name":"dodo-inflatables.com","description":"Kupite dvorce na napuhavanje i atrakcije u na\u0161oj trgovini.","publisher":{"@id":"https:\/\/dodo-inflatables.com\/hr\/#organization"},"potentialAction":[{"@type":"SearchAction","target":{"@type":"EntryPoint","urlTemplate":"https:\/\/dodo-inflatables.com\/hr\/?s={search_term_string}"},"query-input":{"@type":"PropertyValueSpecification","valueRequired":true,"valueName":"search_term_string"}}],"inLanguage":"hr"},{"@type":"Organization","@id":"https:\/\/dodo-inflatables.com\/hr\/#organization","name":"dodo-inflatables.com","url":"https:\/\/dodo-inflatables.com\/hr\/","logo":{"@type":"ImageObject","inLanguage":"hr","@id":"https:\/\/dodo-inflatables.com\/hr\/#\/schema\/logo\/image\/","url":"https:\/\/dodo-inflatables.com\/wp-content\/uploads\/2023\/04\/cropped-cropped-cropped-Dodo-Logo.png","contentUrl":"https:\/\/dodo-inflatables.com\/wp-content\/uploads\/2023\/04\/cropped-cropped-cropped-Dodo-Logo.png","width":2996,"height":1545,"caption":"dodo-inflatables.com"},"image":{"@id":"https:\/\/dodo-inflatables.com\/hr\/#\/schema\/logo\/image\/"}}]}},"uagb_featured_image_src":{"full":false,"thumbnail":false,"medium":false,"medium_large":false,"large":false,"1536x1536":false,"2048x2048":false,"woocommerce_thumbnail":false,"woocommerce_single":false,"woocommerce_gallery_thumbnail":false},"uagb_author_info":{"display_name":"Andreas","author_link":"https:\/\/dodo-inflatables.com\/hr\/author\/andreas\/"},"uagb_comment_info":0,"uagb_excerpt":"Kaaft opbloosbar Rutschen a Sprangschl\u00e4sser zu L\u00ebtzebuerg W\u00ebllkomm na Dodo-Inflatables.com &#8211; eisen Online Shop za Sprangschl\u00e4sser u Europi! Taucht Iech an eiser \u00ebmfangr\u00e4icher Auswiel u qualitativ h\u00e9ichw\u00e4erteg Sprangschl\u00e4sser, Schl\u00e4sser Schl\u00e4sser a Rutschen , d\u00e9i dat klengt Extra zu all Occasioun add\u00e9ieren. Egal ob Dir sicht e grousst Sprangbuerg fir e Firmenevenement, e klengt Sprangbuerg fir&hellip;","_links":{"self":[{"href":"https:\/\/dodo-inflatables.com\/hr\/wp-json\/wp\/v2\/pages\/11106","targetHints":{"allow":["GET"]}}],"collection":[{"href":"https:\/\/dodo-inflatables.com\/hr\/wp-json\/wp\/v2\/pages"}],"about":[{"href":"https:\/\/dodo-inflatables.com\/hr\/wp-json\/wp\/v2\/types\/page"}],"author":[{"embeddable":true,"href":"https:\/\/dodo-inflatables.com\/hr\/wp-json\/wp\/v2\/users\/1"}],"replies":[{"embeddable":true,"href":"https:\/\/dodo-inflatables.com\/hr\/wp-json\/wp\/v2\/comments?post=11106"}],"version-history":[{"count":4,"href":"https:\/\/dodo-inflatables.com\/hr\/wp-json\/wp\/v2\/pages\/11106\/revisions"}],"predecessor-version":[{"id":16495,"href":"https:\/\/dodo-inflatables.com\/hr\/wp-json\/wp\/v2\/pages\/11106\/revisions\/16495"}],"wp:attachment":[{"href":"https:\/\/dodo-inflatables.com\/hr\/wp-json\/wp\/v2\/media?parent=11106"}],"curies":[{"name":"wp","href":"https:\/\/api.w.org\/{rel}","templated":true}]}}