{"id":11210,"date":"2024-03-05T15:42:16","date_gmt":"2024-03-05T14:42:16","guid":{"rendered":"https:\/\/dodo-inflatables.com\/kupujte-tobogane-na-naduvanje-i-zamkove-u-srbiji\/"},"modified":"2024-07-10T13:54:18","modified_gmt":"2024-07-10T11:54:18","slug":"kupujte-tobogane-na-naduvanje-i-zamkove-u-srbiji","status":"publish","type":"page","link":"https:\/\/dodo-inflatables.com\/hr\/kupujte-tobogane-na-naduvanje-i-zamkove-u-srbiji\/","title":{"rendered":"Kupujte tobogane na naduvanje i zamkove u Srbiji"},"content":{"rendered":"\n<h2 class=\"wp-block-heading has-text-align-center\">Kupujte tobogane na naduvanje i zamkove u Srbiji<\/h2>\n\n<h2 class=\"wp-block-heading has-text-align-center\">Kupujte tobogane na naduvavanje i zamkove u Srbiji<\/h2>\n\n<figure class=\"wp-block-image aligncenter size-large\"><a href=\"https:\/\/dodo-inflatables.com\/wp-content\/uploads\/2022\/01\/seperator-kleiner.png\"><img loading=\"lazy\" decoding=\"async\" width=\"1024\" height=\"102\" src=\"https:\/\/dodo-inflatables.com\/wp-content\/uploads\/2022\/01\/seperator-kleiner-1024x102.png\" alt=\"\" class=\"wp-image-4026\" srcset=\"https:\/\/dodo-inflatables.com\/wp-content\/uploads\/2022\/01\/seperator-kleiner-1024x102.png 1024w, https:\/\/dodo-inflatables.com\/wp-content\/uploads\/2022\/01\/seperator-kleiner-900x90.png 900w, https:\/\/dodo-inflatables.com\/wp-content\/uploads\/2022\/01\/seperator-kleiner-300x30.png 300w, https:\/\/dodo-inflatables.com\/wp-content\/uploads\/2022\/01\/seperator-kleiner-768x77.png 768w, https:\/\/dodo-inflatables.com\/wp-content\/uploads\/2022\/01\/seperator-kleiner-1536x154.png 1536w, https:\/\/dodo-inflatables.com\/wp-content\/uploads\/2022\/01\/seperator-kleiner-340x34.png 340w, https:\/\/dodo-inflatables.com\/wp-content\/uploads\/2022\/01\/seperator-kleiner.png 2000w\" sizes=\"auto, (max-width: 1024px) 100vw, 1024px\" \/><\/a><\/figure>\n\n<h2 class=\"wp-block-heading has-text-align-center\">Dobro do\u0161li u Dodo-Inflatables.com &#8211; na\u0161u online prodavnicu za naska\u010du\u0107e dvorce u Europi!<\/h2>\n\n<h2 class=\"wp-block-heading has-text-align-center\">Dobrodo\u0161li u Dodo-Inflatables.com &#8211; na\u0161u online prodavnicu za naska\u010du\u0107e dvorce u Europi!<\/h2>\n\n<p style=\"font-size:17px\">Uronite u na\u0161 \u0161irok izbor visokokvalitetnih zamkova za napuhavanje, dvoraca za naduvavanje i tobogana koji dodaju ono malo ne\u0161to dodatno u svakoj prilici. Bilo da tra\u017eite veliki zamak za kompaniju, mali zamak za dje\u010dji ro\u0111endan ili dvorac sa toboganom za letnju zabavu &#8211; kod nas \u0107ete zagarantovano prona\u0107i ono \u0161to tra\u017eite!<\/p>\n\n<p style=\"font-size:17px\">Na\u0161 asortiman ne uklju\u010duje samo razne zamkove za odskakanje, ve\u0107 i \u0161irok spektar dodataka, uklju\u010duju\u0107i gibone i Huavei duvaljke za zamkove za odskakanje.<\/p>\n\n<p style=\"font-size:17px\">Dostava zamka i prate\u0107e opreme u Srbiji ko\u0161ta 335,00 \u20ac. Paket sa priborom za naskok zamak ko\u0161ta 85,00 \u20ac. Ako je zamak na lageru, bit \u0107e vam poslat odmah po prijemu uplate. Dostava u Srbiju traje oko 4 \u2013 6 radnih dana. Preuzimanje je mogu\u0107e iz na\u0161eg skladi\u0161ta u Minhenu, Njema\u010dka.<\/p>\n\n<p style=\"font-size:17px\">Svi na\u0161i zatvori ispunjavaju stroge sigurnosne standarde DIN EN 14960 i pogodni su za privatnu i komercijalnu upotrebu. Nakon \u0161to je zamak za odskakanje bio isporu\u010den, dobit \u0107ete detaljna uputstva i odgovaraju\u0107i certifikat za va\u0161 novi zamak.<br\/>Oslobo\u0111enje od PDF-a za tvrtke! Ako kupujete kao poduze\u0107e, navedite svoj PDF broj na blagajni da biste kupovali bez poreza.<br\/>Bez obzira na to da li ste privatnik u potrazi za nasko\u010dnim zamkom za sljede\u0107u porodi\u010dnu proslavu, ili ste komercijalni stanodavac koji \u017eelite pro\u0161iriti svoju ponudu &#8211; na\u0161i dvorci za skakanje su pogodni za svakoga. U stvari, ve\u0107ina na\u0161ih kupaca \u0161irom Europe su tvrtke za iznajmljivanje zamkova koje cijene na\u0161e proizvode za doga\u0111aje svih veli\u010dina.<\/p>\n\n<p style=\"font-size:17px\">Nadamo se da \u0107ete u\u017eivati \u200b\u200bu pregledu na\u0161e online prodavnice i da ste dostupni ako imate pitanja na contact@dodo-inflatables.com!<\/p>\n\n<p style=\"font-size:17px\">Uronite u na\u0161 \u0161irok izbor visokokvalitetnih zatvara\u010da za napuhavanje, dvoraca za naduvavanje i tobogana koji dodaju ono malo ne\u0161to dodatno svakoj prilici. Bilo da tra\u017eite veliki zamak za dru\u0161tvo, mali zamak za dje\u010dji ro\u0111endan ili dvorac sa toboganom za letnju zabavu &#8211; kod nas \u0107ete zagarantovano prona\u0107i ono \u0161to tra\u017eite!<\/p>\n\n<p style=\"font-size:17px\">Na\u0161 asortiman ne uklju\u010duje samo razne zamke za skakanje, ve\u0107 i \u0161irok spektar dodataka, uklju\u010duju\u0107i gibone i Huavei duvaljke za zamke za odskakanje.<\/p>\n\n<p style=\"font-size:17px\">Dostava zatvara\u010da i prate\u0107e opreme u Srbiju ko\u0161ta 335,00 \u20ac. Paket sa aksesoarom za naskok zamak ko\u0161ta 85,00 \u20ac. Ako je zamak na lageru, bi\u0107e vam poslat odmah po prijemu uplate. Dostava u Srbiju traje oko 4 \u2013 6 radnih dana. Preuzimanje je mogu\u0107e iz na\u0161eg skladi\u0161ta u Minhenu, Njema\u010dka.<\/p>\n\n<p style=\"font-size:17px\">Svi na\u0161i zatvara\u010di ispunjavaju stroge sigurnosne standarde DIN EN 14960 i pogodni su za privatnu i komercijalnu upotrebu. Nakon \u0161to je zamak za odskakanje bio isporu\u010den, dobit \u0107ete detaljna uputstva i odgovaraju\u0107i certifikat za va\u0161 novi zamak.<br\/>Oslobo\u0111enje od PDV-a za tvrtke! Ako kupujete kao poduze\u0107e, navedite svoj PDV broj na blagajni da biste kupovali bez poreza.<br\/>Bez obzira na to da li imate privatnika u potrazi za nasko\u010dnim zamkom za sljede\u0107u porodi\u010dnu proslavu, ili ste komercijalni stanovi koji \u017eele pro\u0161iriti svoju ponudu &#8211; na\u0161i dvorci za skakanje pogodni su za svakoga. U stvari, ve\u0107ina na\u0161ih kupaca diljem Europe su tvrtke za iznajmljivanje zatvara\u010da koje cijene na\u0161e proizvode za doga\u0111aje svih veli\u010dina.<\/p>\n\n<p style=\"font-size:17px\">Nadamo se da \u0107ete u\u017eivati \u200b\u200bu pregledavanju na\u0161ih online trgovina i da ste dostupni ako imate pitanja na contact@dodo-inflatables.com!<\/p>\n\n<div style=\"height:100px\" aria-hidden=\"true\" class=\"wp-block-spacer\"><\/div>\n","protected":false},"excerpt":{"rendered":"<p>Kupujte tobogane na naduvanje i zamkove u Srbiji Kupujte tobogane na naduvavanje i zamkove u Srbiji Dobro do\u0161li u Dodo-Inflatables.com &#8211; na\u0161u online prodavnicu za naska\u010du\u0107e dvorce u Europi! Dobrodo\u0161li u Dodo-Inflatables.com &#8211; na\u0161u online prodavnicu za naska\u010du\u0107e dvorce u Europi! Uronite u na\u0161 \u0161irok izbor visokokvalitetnih zamkova za napuhavanje, dvoraca za naduvavanje i tobogana [&hellip;]<\/p>\n","protected":false},"author":1,"featured_media":0,"parent":0,"menu_order":0,"comment_status":"closed","ping_status":"closed","template":"","meta":{"_acf_changed":false,"_uag_custom_page_level_css":"","site-sidebar-layout":"default","site-content-layout":"","ast-site-content-layout":"normal-width-container","site-content-style":"boxed","site-sidebar-style":"default","ast-global-header-display":"","ast-banner-title-visibility":"","ast-main-header-display":"","ast-hfb-above-header-display":"","ast-hfb-below-header-display":"","ast-hfb-mobile-header-display":"","site-post-title":"","ast-breadcrumbs-content":"","ast-featured-img":"","footer-sml-layout":"","ast-disable-related-posts":"","theme-transparent-header-meta":"","adv-header-id-meta":"4069","stick-header-meta":"","header-above-stick-meta":"","header-main-stick-meta":"","header-below-stick-meta":"","astra-migrate-meta-layouts":"default","ast-page-background-enabled":"default","ast-page-background-meta":{"desktop":{"background-color":"var(--ast-global-color-4)","background-image":"","background-repeat":"repeat","background-position":"center center","background-size":"auto","background-attachment":"scroll","background-type":"","background-media":"","overlay-type":"","overlay-color":"","overlay-opacity":"","overlay-gradient":""},"tablet":{"background-color":"","background-image":"","background-repeat":"repeat","background-position":"center center","background-size":"auto","background-attachment":"scroll","background-type":"","background-media":"","overlay-type":"","overlay-color":"","overlay-opacity":"","overlay-gradient":""},"mobile":{"background-color":"","background-image":"","background-repeat":"repeat","background-position":"center center","background-size":"auto","background-attachment":"scroll","background-type":"","background-media":"","overlay-type":"","overlay-color":"","overlay-opacity":"","overlay-gradient":""}},"ast-content-background-meta":{"desktop":{"background-color":"var(--ast-global-color-5)","background-image":"","background-repeat":"repeat","background-position":"center center","background-size":"auto","background-attachment":"scroll","background-type":"","background-media":"","overlay-type":"","overlay-color":"","overlay-opacity":"","overlay-gradient":""},"tablet":{"background-color":"var(--ast-global-color-5)","background-image":"","background-repeat":"repeat","background-position":"center center","background-size":"auto","background-attachment":"scroll","background-type":"","background-media":"","overlay-type":"","overlay-color":"","overlay-opacity":"","overlay-gradient":""},"mobile":{"background-color":"var(--ast-global-color-5)","background-image":"","background-repeat":"repeat","background-position":"center center","background-size":"auto","background-attachment":"scroll","background-type":"","background-media":"","overlay-type":"","overlay-color":"","overlay-opacity":"","overlay-gradient":""}},"footnotes":""},"class_list":["post-11210","page","type-page","status-publish","hentry"],"acf":[],"yoast_head":"<!-- This site is optimized with the Yoast SEO plugin v27.4 - https:\/\/yoast.com\/product\/yoast-seo-wordpress\/ -->\n<title>Kupujte tobogane na naduvanje i zamkove u Srbiji - dodo-inflatables.com<\/title>\n<meta name=\"robots\" content=\"index, follow, max-snippet:-1, max-image-preview:large, max-video-preview:-1\" \/>\n<link rel=\"canonical\" href=\"https:\/\/dodo-inflatables.com\/hr\/kupujte-tobogane-na-naduvanje-i-zamkove-u-srbiji\/\" \/>\n<meta name=\"twitter:label1\" content=\"Procijenjeno vrijeme \u010ditanja\" \/>\n\t<meta name=\"twitter:data1\" content=\"3 minute\" \/>\n<script type=\"application\/ld+json\" class=\"yoast-schema-graph\">{\"@context\":\"https:\\\/\\\/schema.org\",\"@graph\":[{\"@type\":\"WebPage\",\"@id\":\"https:\\\/\\\/dodo-inflatables.com\\\/hr\\\/kupujte-tobogane-na-naduvanje-i-zamkove-u-srbiji\\\/\",\"url\":\"https:\\\/\\\/dodo-inflatables.com\\\/hr\\\/kupujte-tobogane-na-naduvanje-i-zamkove-u-srbiji\\\/\",\"name\":\"Kupujte tobogane na naduvanje i zamkove u Srbiji - dodo-inflatables.com\",\"isPartOf\":{\"@id\":\"https:\\\/\\\/dodo-inflatables.com\\\/hr\\\/#website\"},\"primaryImageOfPage\":{\"@id\":\"https:\\\/\\\/dodo-inflatables.com\\\/hr\\\/kupujte-tobogane-na-naduvanje-i-zamkove-u-srbiji\\\/#primaryimage\"},\"image\":{\"@id\":\"https:\\\/\\\/dodo-inflatables.com\\\/hr\\\/kupujte-tobogane-na-naduvanje-i-zamkove-u-srbiji\\\/#primaryimage\"},\"thumbnailUrl\":\"https:\\\/\\\/dodo-inflatables.com\\\/wp-content\\\/uploads\\\/2022\\\/01\\\/seperator-kleiner-1024x102.png\",\"datePublished\":\"2024-03-05T14:42:16+00:00\",\"dateModified\":\"2024-07-10T11:54:18+00:00\",\"breadcrumb\":{\"@id\":\"https:\\\/\\\/dodo-inflatables.com\\\/hr\\\/kupujte-tobogane-na-naduvanje-i-zamkove-u-srbiji\\\/#breadcrumb\"},\"inLanguage\":\"hr\",\"potentialAction\":[{\"@type\":\"ReadAction\",\"target\":[\"https:\\\/\\\/dodo-inflatables.com\\\/hr\\\/kupujte-tobogane-na-naduvanje-i-zamkove-u-srbiji\\\/\"]}]},{\"@type\":\"ImageObject\",\"inLanguage\":\"hr\",\"@id\":\"https:\\\/\\\/dodo-inflatables.com\\\/hr\\\/kupujte-tobogane-na-naduvanje-i-zamkove-u-srbiji\\\/#primaryimage\",\"url\":\"https:\\\/\\\/dodo-inflatables.com\\\/wp-content\\\/uploads\\\/2022\\\/01\\\/seperator-kleiner-1024x102.png\",\"contentUrl\":\"https:\\\/\\\/dodo-inflatables.com\\\/wp-content\\\/uploads\\\/2022\\\/01\\\/seperator-kleiner-1024x102.png\"},{\"@type\":\"BreadcrumbList\",\"@id\":\"https:\\\/\\\/dodo-inflatables.com\\\/hr\\\/kupujte-tobogane-na-naduvanje-i-zamkove-u-srbiji\\\/#breadcrumb\",\"itemListElement\":[{\"@type\":\"ListItem\",\"position\":1,\"name\":\"Po\u010detna stranica\",\"item\":\"https:\\\/\\\/dodo-inflatables.com\\\/hr\\\/\"},{\"@type\":\"ListItem\",\"position\":2,\"name\":\"Kupujte tobogane na naduvanje i zamkove u Srbiji\"}]},{\"@type\":\"WebSite\",\"@id\":\"https:\\\/\\\/dodo-inflatables.com\\\/hr\\\/#website\",\"url\":\"https:\\\/\\\/dodo-inflatables.com\\\/hr\\\/\",\"name\":\"dodo-inflatables.com\",\"description\":\"Kupite dvorce na napuhavanje i atrakcije u na\u0161oj trgovini.\",\"publisher\":{\"@id\":\"https:\\\/\\\/dodo-inflatables.com\\\/hr\\\/#organization\"},\"potentialAction\":[{\"@type\":\"SearchAction\",\"target\":{\"@type\":\"EntryPoint\",\"urlTemplate\":\"https:\\\/\\\/dodo-inflatables.com\\\/hr\\\/?s={search_term_string}\"},\"query-input\":{\"@type\":\"PropertyValueSpecification\",\"valueRequired\":true,\"valueName\":\"search_term_string\"}}],\"inLanguage\":\"hr\"},{\"@type\":\"Organization\",\"@id\":\"https:\\\/\\\/dodo-inflatables.com\\\/hr\\\/#organization\",\"name\":\"dodo-inflatables.com\",\"url\":\"https:\\\/\\\/dodo-inflatables.com\\\/hr\\\/\",\"logo\":{\"@type\":\"ImageObject\",\"inLanguage\":\"hr\",\"@id\":\"https:\\\/\\\/dodo-inflatables.com\\\/hr\\\/#\\\/schema\\\/logo\\\/image\\\/\",\"url\":\"https:\\\/\\\/dodo-inflatables.com\\\/wp-content\\\/uploads\\\/2023\\\/04\\\/cropped-cropped-cropped-Dodo-Logo.png\",\"contentUrl\":\"https:\\\/\\\/dodo-inflatables.com\\\/wp-content\\\/uploads\\\/2023\\\/04\\\/cropped-cropped-cropped-Dodo-Logo.png\",\"width\":2996,\"height\":1545,\"caption\":\"dodo-inflatables.com\"},\"image\":{\"@id\":\"https:\\\/\\\/dodo-inflatables.com\\\/hr\\\/#\\\/schema\\\/logo\\\/image\\\/\"}}]}<\/script>\n<!-- \/ Yoast SEO plugin. -->","yoast_head_json":{"title":"Kupujte tobogane na naduvanje i zamkove u Srbiji - dodo-inflatables.com","robots":{"index":"index","follow":"follow","max-snippet":"max-snippet:-1","max-image-preview":"max-image-preview:large","max-video-preview":"max-video-preview:-1"},"canonical":"https:\/\/dodo-inflatables.com\/hr\/kupujte-tobogane-na-naduvanje-i-zamkove-u-srbiji\/","twitter_misc":{"Procijenjeno vrijeme \u010ditanja":"3 minute"},"schema":{"@context":"https:\/\/schema.org","@graph":[{"@type":"WebPage","@id":"https:\/\/dodo-inflatables.com\/hr\/kupujte-tobogane-na-naduvanje-i-zamkove-u-srbiji\/","url":"https:\/\/dodo-inflatables.com\/hr\/kupujte-tobogane-na-naduvanje-i-zamkove-u-srbiji\/","name":"Kupujte tobogane na naduvanje i zamkove u Srbiji - dodo-inflatables.com","isPartOf":{"@id":"https:\/\/dodo-inflatables.com\/hr\/#website"},"primaryImageOfPage":{"@id":"https:\/\/dodo-inflatables.com\/hr\/kupujte-tobogane-na-naduvanje-i-zamkove-u-srbiji\/#primaryimage"},"image":{"@id":"https:\/\/dodo-inflatables.com\/hr\/kupujte-tobogane-na-naduvanje-i-zamkove-u-srbiji\/#primaryimage"},"thumbnailUrl":"https:\/\/dodo-inflatables.com\/wp-content\/uploads\/2022\/01\/seperator-kleiner-1024x102.png","datePublished":"2024-03-05T14:42:16+00:00","dateModified":"2024-07-10T11:54:18+00:00","breadcrumb":{"@id":"https:\/\/dodo-inflatables.com\/hr\/kupujte-tobogane-na-naduvanje-i-zamkove-u-srbiji\/#breadcrumb"},"inLanguage":"hr","potentialAction":[{"@type":"ReadAction","target":["https:\/\/dodo-inflatables.com\/hr\/kupujte-tobogane-na-naduvanje-i-zamkove-u-srbiji\/"]}]},{"@type":"ImageObject","inLanguage":"hr","@id":"https:\/\/dodo-inflatables.com\/hr\/kupujte-tobogane-na-naduvanje-i-zamkove-u-srbiji\/#primaryimage","url":"https:\/\/dodo-inflatables.com\/wp-content\/uploads\/2022\/01\/seperator-kleiner-1024x102.png","contentUrl":"https:\/\/dodo-inflatables.com\/wp-content\/uploads\/2022\/01\/seperator-kleiner-1024x102.png"},{"@type":"BreadcrumbList","@id":"https:\/\/dodo-inflatables.com\/hr\/kupujte-tobogane-na-naduvanje-i-zamkove-u-srbiji\/#breadcrumb","itemListElement":[{"@type":"ListItem","position":1,"name":"Po\u010detna stranica","item":"https:\/\/dodo-inflatables.com\/hr\/"},{"@type":"ListItem","position":2,"name":"Kupujte tobogane na naduvanje i zamkove u Srbiji"}]},{"@type":"WebSite","@id":"https:\/\/dodo-inflatables.com\/hr\/#website","url":"https:\/\/dodo-inflatables.com\/hr\/","name":"dodo-inflatables.com","description":"Kupite dvorce na napuhavanje i atrakcije u na\u0161oj trgovini.","publisher":{"@id":"https:\/\/dodo-inflatables.com\/hr\/#organization"},"potentialAction":[{"@type":"SearchAction","target":{"@type":"EntryPoint","urlTemplate":"https:\/\/dodo-inflatables.com\/hr\/?s={search_term_string}"},"query-input":{"@type":"PropertyValueSpecification","valueRequired":true,"valueName":"search_term_string"}}],"inLanguage":"hr"},{"@type":"Organization","@id":"https:\/\/dodo-inflatables.com\/hr\/#organization","name":"dodo-inflatables.com","url":"https:\/\/dodo-inflatables.com\/hr\/","logo":{"@type":"ImageObject","inLanguage":"hr","@id":"https:\/\/dodo-inflatables.com\/hr\/#\/schema\/logo\/image\/","url":"https:\/\/dodo-inflatables.com\/wp-content\/uploads\/2023\/04\/cropped-cropped-cropped-Dodo-Logo.png","contentUrl":"https:\/\/dodo-inflatables.com\/wp-content\/uploads\/2023\/04\/cropped-cropped-cropped-Dodo-Logo.png","width":2996,"height":1545,"caption":"dodo-inflatables.com"},"image":{"@id":"https:\/\/dodo-inflatables.com\/hr\/#\/schema\/logo\/image\/"}}]}},"uagb_featured_image_src":{"full":false,"thumbnail":false,"medium":false,"medium_large":false,"large":false,"1536x1536":false,"2048x2048":false,"woocommerce_thumbnail":false,"woocommerce_single":false,"woocommerce_gallery_thumbnail":false},"uagb_author_info":{"display_name":"Andreas","author_link":"https:\/\/dodo-inflatables.com\/hr\/author\/andreas\/"},"uagb_comment_info":0,"uagb_excerpt":"Kupujte tobogane na naduvanje i zamkove u Srbiji Kupujte tobogane na naduvavanje i zamkove u Srbiji Dobro do\u0161li u Dodo-Inflatables.com &#8211; na\u0161u online prodavnicu za naska\u010du\u0107e dvorce u Europi! Dobrodo\u0161li u Dodo-Inflatables.com &#8211; na\u0161u online prodavnicu za naska\u010du\u0107e dvorce u Europi! Uronite u na\u0161 \u0161irok izbor visokokvalitetnih zamkova za napuhavanje, dvoraca za naduvavanje i tobogana&hellip;","_links":{"self":[{"href":"https:\/\/dodo-inflatables.com\/hr\/wp-json\/wp\/v2\/pages\/11210","targetHints":{"allow":["GET"]}}],"collection":[{"href":"https:\/\/dodo-inflatables.com\/hr\/wp-json\/wp\/v2\/pages"}],"about":[{"href":"https:\/\/dodo-inflatables.com\/hr\/wp-json\/wp\/v2\/types\/page"}],"author":[{"embeddable":true,"href":"https:\/\/dodo-inflatables.com\/hr\/wp-json\/wp\/v2\/users\/1"}],"replies":[{"embeddable":true,"href":"https:\/\/dodo-inflatables.com\/hr\/wp-json\/wp\/v2\/comments?post=11210"}],"version-history":[{"count":2,"href":"https:\/\/dodo-inflatables.com\/hr\/wp-json\/wp\/v2\/pages\/11210\/revisions"}],"predecessor-version":[{"id":11212,"href":"https:\/\/dodo-inflatables.com\/hr\/wp-json\/wp\/v2\/pages\/11210\/revisions\/11212"}],"wp:attachment":[{"href":"https:\/\/dodo-inflatables.com\/hr\/wp-json\/wp\/v2\/media?parent=11210"}],"curies":[{"name":"wp","href":"https:\/\/api.w.org\/{rel}","templated":true}]}}