{"id":11234,"date":"2024-03-05T07:52:40","date_gmt":"2024-03-05T06:52:40","guid":{"rendered":"https:\/\/dodo-inflatables.com\/nakup-napihljivih-toboganova-i-nabitih-gradova-u-sloveniji\/"},"modified":"2024-07-10T13:53:17","modified_gmt":"2024-07-10T11:53:17","slug":"nakup-napihljivih-toboganova-i-nabitih-gradova-u-sloveniji","status":"publish","type":"page","link":"https:\/\/dodo-inflatables.com\/hr\/nakup-napihljivih-toboganova-i-nabitih-gradova-u-sloveniji\/","title":{"rendered":"Nakup napihljivih toboganova i nabitih gradova u Sloveniji"},"content":{"rendered":"\n<h2 class=\"wp-block-heading has-text-align-center\"><strong>Nakup napihljivih toboganova i nabitih gradova u Sloveniji<\/strong><\/h2>\n\n<figure class=\"wp-block-image aligncenter size-large\"><a href=\"https:\/\/dodo-inflatables.com\/wp-content\/uploads\/2022\/01\/seperator-kleiner.png\"><img fetchpriority=\"high\" decoding=\"async\" width=\"1024\" height=\"102\" src=\"https:\/\/dodo-inflatables.com\/wp-content\/uploads\/2022\/01\/seperator-kleiner-1024x102.png\" alt=\"\" class=\"wp-image-4026\" srcset=\"https:\/\/dodo-inflatables.com\/wp-content\/uploads\/2022\/01\/seperator-kleiner-1024x102.png 1024w, https:\/\/dodo-inflatables.com\/wp-content\/uploads\/2022\/01\/seperator-kleiner-900x90.png 900w, https:\/\/dodo-inflatables.com\/wp-content\/uploads\/2022\/01\/seperator-kleiner-300x30.png 300w, https:\/\/dodo-inflatables.com\/wp-content\/uploads\/2022\/01\/seperator-kleiner-768x77.png 768w, https:\/\/dodo-inflatables.com\/wp-content\/uploads\/2022\/01\/seperator-kleiner-1536x154.png 1536w, https:\/\/dodo-inflatables.com\/wp-content\/uploads\/2022\/01\/seperator-kleiner-340x34.png 340w, https:\/\/dodo-inflatables.com\/wp-content\/uploads\/2022\/01\/seperator-kleiner.png 2000w\" sizes=\"(max-width: 1024px) 100vw, 1024px\" \/><\/a><\/figure>\n\n<h3 class=\"wp-block-heading has-text-align-center\">Dobrodo\u0161li na Dodo-Inflatables.com &#8211; na\u0161u web trgovinu s napihljivim objektima u Europi!<\/h3>\n\n<p>Potopite se u na\u0161em bogatom izboru visokokakovostnih napihljivih proizvoda, <a href=\"https:\/\/dodo-inflatables.com\/hr\/kategorija-proizvoda\/dvorci-na-lokav\/\">napihljivih gradova<\/a> i <a href=\"https:\/\/dodo-inflatables.com\/hr\/kategorija-proizvoda\/slajdovi\/\">toboganova<\/a> , koji \u0107e svakoj prilici dodati ne\u0161to vi\u0161e. Ne glede na to, ali tra\u017eite velik napihljiv grad za poslovni doga\u0111aj, mali napihljiv grad za drugi ro\u0111endan za zabavu ili skakalni grad s toboganom za poletnu zabavu &#8211; sigurno \u0107ete prona\u0107i ne\u0161to primjerenije!<\/p>\n\n<p>Na\u0161a ponuda ne uklju\u010duje razli\u010dite nabito gradove, nego i \u0161iroku paletu dodatne opreme, uklju\u010duju\u0107i napihljive gradove <a href=\"https:\/\/dodo-inflatables.com\/hr\/proizvod\/gibbons-puhalo-fp5005-1-5ps\/\" data-type=\"product\" data-id=\"81\">Gibbons<\/a> i <a href=\"https:\/\/dodo-inflatables.com\/hr\/proizvod\/huawei-puhalo-reh-1-5e-1-5ps\/\" data-type=\"product\" data-id=\"2724\">pihalnike Huawei<\/a> za napihljive gradove.<\/p>\n\n<p>Po\u0161iljka navija\u0161kega gradu in dodatkov v <strong>Sloveniji stane 194,00 EUR<\/strong> . Paket napihljivih dodataka stane 35,00 EUR. Ako je napihljivi balon na zalogi, poslali \u0107emo ga odmah po prijemu pla\u0107anja. Dostava u Slovenijo traje pribli\u017eno <strong>4 do 6 radnih dana.<\/strong> Napihljivko mo\u017eete sami preuzeti u na\u0161em skladi\u0161tu u M\u00fcnchnu u Njema\u010dkoj.<\/p>\n\n<p>Svi na\u0161i napihljivci ispunjavaju stroge sigurnosne standarde <strong>DIN EN 14960<\/strong> i stoga su primjereni za zasebnu i komercijalnu upotrebu. Ako je va\u0161 novi napihljivec poslan, dobit \u0107ete detaljna uputstva u ustrezen certifikat zanj.<\/p>\n\n<p>Oprostitev DDV za tvrtku! Ako kupujete kao tvrtka, na blagajni upi\u0161ite svoju identifikacijsku brojku za DDV, da biste kupili opro\u0161\u010den davka.<\/p>\n\n<p>Ne glede na to, ili ste zasebnik, koji je napihljiv grad za nasljednu obiteljsku zabavu, ili ste poduze\u0107e za komercijalni najem, koji \u017eelite pro\u0161iriti svoju ponudu, tako da su na\u0161i napihljivi gradovi primjereni za sve. Pravzaprav je ve\u0107ina na\u0161ih kupaca u cijeloj Europi poduze\u0107a za najam nabitih gradova, koji cijene na\u0161e proizvode za godi\u0161te svih veli\u010dina.<\/p>\n\n<p>Upamto, da \u0107ete u\u017eivati \u200b\u200bu brskanju na na\u0161oj web trgovini, na dodatna pitanja pa \u0107emo vam s veseljem odgovoriti na web stranici contact@dodo-inflatables.com!<\/p>\n\n<div style=\"height:100px\" aria-hidden=\"true\" class=\"wp-block-spacer\"><\/div>\n","protected":false},"excerpt":{"rendered":"<p>Nakup napihljivih toboganova i nabitih gradova u Sloveniji Dobrodo\u0161li na Dodo-Inflatables.com &#8211; na\u0161u web trgovinu s napihljivim objektima u Europi! Potopite se u na\u0161em bogatom izboru visokokakovostnih napihljivih proizvoda, napihljivih gradova i toboganova , koji \u0107e svakoj prilici dodati ne\u0161to vi\u0161e. Ne glede na to, ali tra\u017eite velik napihljiv grad za poslovni doga\u0111aj, mali napihljiv [&hellip;]<\/p>\n","protected":false},"author":1,"featured_media":0,"parent":0,"menu_order":0,"comment_status":"closed","ping_status":"closed","template":"","meta":{"_acf_changed":false,"_uag_custom_page_level_css":"","site-sidebar-layout":"default","site-content-layout":"","ast-site-content-layout":"normal-width-container","site-content-style":"boxed","site-sidebar-style":"default","ast-global-header-display":"","ast-banner-title-visibility":"","ast-main-header-display":"","ast-hfb-above-header-display":"","ast-hfb-below-header-display":"","ast-hfb-mobile-header-display":"","site-post-title":"","ast-breadcrumbs-content":"","ast-featured-img":"","footer-sml-layout":"","ast-disable-related-posts":"","theme-transparent-header-meta":"","adv-header-id-meta":"4069","stick-header-meta":"","header-above-stick-meta":"","header-main-stick-meta":"","header-below-stick-meta":"","astra-migrate-meta-layouts":"default","ast-page-background-enabled":"default","ast-page-background-meta":{"desktop":{"background-color":"var(--ast-global-color-4)","background-image":"","background-repeat":"repeat","background-position":"center center","background-size":"auto","background-attachment":"scroll","background-type":"","background-media":"","overlay-type":"","overlay-color":"","overlay-opacity":"","overlay-gradient":""},"tablet":{"background-color":"","background-image":"","background-repeat":"repeat","background-position":"center center","background-size":"auto","background-attachment":"scroll","background-type":"","background-media":"","overlay-type":"","overlay-color":"","overlay-opacity":"","overlay-gradient":""},"mobile":{"background-color":"","background-image":"","background-repeat":"repeat","background-position":"center center","background-size":"auto","background-attachment":"scroll","background-type":"","background-media":"","overlay-type":"","overlay-color":"","overlay-opacity":"","overlay-gradient":""}},"ast-content-background-meta":{"desktop":{"background-color":"var(--ast-global-color-5)","background-image":"","background-repeat":"repeat","background-position":"center center","background-size":"auto","background-attachment":"scroll","background-type":"","background-media":"","overlay-type":"","overlay-color":"","overlay-opacity":"","overlay-gradient":""},"tablet":{"background-color":"var(--ast-global-color-5)","background-image":"","background-repeat":"repeat","background-position":"center center","background-size":"auto","background-attachment":"scroll","background-type":"","background-media":"","overlay-type":"","overlay-color":"","overlay-opacity":"","overlay-gradient":""},"mobile":{"background-color":"var(--ast-global-color-5)","background-image":"","background-repeat":"repeat","background-position":"center center","background-size":"auto","background-attachment":"scroll","background-type":"","background-media":"","overlay-type":"","overlay-color":"","overlay-opacity":"","overlay-gradient":""}},"footnotes":""},"class_list":["post-11234","page","type-page","status-publish","hentry"],"acf":[],"yoast_head":"<!-- This site is optimized with the Yoast SEO plugin v27.5 - https:\/\/yoast.com\/product\/yoast-seo-wordpress\/ -->\n<title>Nakup napihljivih toboganova i nabitih gradova u Sloveniji - dodo-inflatables.com<\/title>\n<meta name=\"robots\" content=\"index, follow, max-snippet:-1, max-image-preview:large, max-video-preview:-1\" \/>\n<link rel=\"canonical\" href=\"https:\/\/dodo-inflatables.com\/hr\/nakup-napihljivih-toboganova-i-nabitih-gradova-u-sloveniji\/\" \/>\n<meta name=\"twitter:label1\" content=\"Procijenjeno vrijeme \u010ditanja\" \/>\n\t<meta name=\"twitter:data1\" content=\"2 minute\" \/>\n<script type=\"application\/ld+json\" class=\"yoast-schema-graph\">{\"@context\":\"https:\\\/\\\/schema.org\",\"@graph\":[{\"@type\":\"WebPage\",\"@id\":\"https:\\\/\\\/dodo-inflatables.com\\\/hr\\\/nakup-napihljivih-toboganova-i-nabitih-gradova-u-sloveniji\\\/\",\"url\":\"https:\\\/\\\/dodo-inflatables.com\\\/hr\\\/nakup-napihljivih-toboganova-i-nabitih-gradova-u-sloveniji\\\/\",\"name\":\"Nakup napihljivih toboganova i nabitih gradova u Sloveniji - dodo-inflatables.com\",\"isPartOf\":{\"@id\":\"https:\\\/\\\/dodo-inflatables.com\\\/hr\\\/#website\"},\"primaryImageOfPage\":{\"@id\":\"https:\\\/\\\/dodo-inflatables.com\\\/hr\\\/nakup-napihljivih-toboganova-i-nabitih-gradova-u-sloveniji\\\/#primaryimage\"},\"image\":{\"@id\":\"https:\\\/\\\/dodo-inflatables.com\\\/hr\\\/nakup-napihljivih-toboganova-i-nabitih-gradova-u-sloveniji\\\/#primaryimage\"},\"thumbnailUrl\":\"https:\\\/\\\/dodo-inflatables.com\\\/wp-content\\\/uploads\\\/2022\\\/01\\\/seperator-kleiner-1024x102.png\",\"datePublished\":\"2024-03-05T06:52:40+00:00\",\"dateModified\":\"2024-07-10T11:53:17+00:00\",\"breadcrumb\":{\"@id\":\"https:\\\/\\\/dodo-inflatables.com\\\/hr\\\/nakup-napihljivih-toboganova-i-nabitih-gradova-u-sloveniji\\\/#breadcrumb\"},\"inLanguage\":\"hr\",\"potentialAction\":[{\"@type\":\"ReadAction\",\"target\":[\"https:\\\/\\\/dodo-inflatables.com\\\/hr\\\/nakup-napihljivih-toboganova-i-nabitih-gradova-u-sloveniji\\\/\"]}]},{\"@type\":\"ImageObject\",\"inLanguage\":\"hr\",\"@id\":\"https:\\\/\\\/dodo-inflatables.com\\\/hr\\\/nakup-napihljivih-toboganova-i-nabitih-gradova-u-sloveniji\\\/#primaryimage\",\"url\":\"https:\\\/\\\/dodo-inflatables.com\\\/wp-content\\\/uploads\\\/2022\\\/01\\\/seperator-kleiner-1024x102.png\",\"contentUrl\":\"https:\\\/\\\/dodo-inflatables.com\\\/wp-content\\\/uploads\\\/2022\\\/01\\\/seperator-kleiner-1024x102.png\"},{\"@type\":\"BreadcrumbList\",\"@id\":\"https:\\\/\\\/dodo-inflatables.com\\\/hr\\\/nakup-napihljivih-toboganova-i-nabitih-gradova-u-sloveniji\\\/#breadcrumb\",\"itemListElement\":[{\"@type\":\"ListItem\",\"position\":1,\"name\":\"Po\u010detna stranica\",\"item\":\"https:\\\/\\\/dodo-inflatables.com\\\/hr\\\/\"},{\"@type\":\"ListItem\",\"position\":2,\"name\":\"Nakup napihljivih toboganova i nabitih gradova u Sloveniji\"}]},{\"@type\":\"WebSite\",\"@id\":\"https:\\\/\\\/dodo-inflatables.com\\\/hr\\\/#website\",\"url\":\"https:\\\/\\\/dodo-inflatables.com\\\/hr\\\/\",\"name\":\"dodo-inflatables.com\",\"description\":\"Kupite dvorce na napuhavanje i atrakcije u na\u0161oj trgovini.\",\"potentialAction\":[{\"@type\":\"SearchAction\",\"target\":{\"@type\":\"EntryPoint\",\"urlTemplate\":\"https:\\\/\\\/dodo-inflatables.com\\\/hr\\\/?s={search_term_string}\"},\"query-input\":{\"@type\":\"PropertyValueSpecification\",\"valueRequired\":true,\"valueName\":\"search_term_string\"}}],\"inLanguage\":\"hr\"}]}<\/script>\n<!-- \/ Yoast SEO plugin. -->","yoast_head_json":{"title":"Nakup napihljivih toboganova i nabitih gradova u Sloveniji - dodo-inflatables.com","robots":{"index":"index","follow":"follow","max-snippet":"max-snippet:-1","max-image-preview":"max-image-preview:large","max-video-preview":"max-video-preview:-1"},"canonical":"https:\/\/dodo-inflatables.com\/hr\/nakup-napihljivih-toboganova-i-nabitih-gradova-u-sloveniji\/","twitter_misc":{"Procijenjeno vrijeme \u010ditanja":"2 minute"},"schema":{"@context":"https:\/\/schema.org","@graph":[{"@type":"WebPage","@id":"https:\/\/dodo-inflatables.com\/hr\/nakup-napihljivih-toboganova-i-nabitih-gradova-u-sloveniji\/","url":"https:\/\/dodo-inflatables.com\/hr\/nakup-napihljivih-toboganova-i-nabitih-gradova-u-sloveniji\/","name":"Nakup napihljivih toboganova i nabitih gradova u Sloveniji - dodo-inflatables.com","isPartOf":{"@id":"https:\/\/dodo-inflatables.com\/hr\/#website"},"primaryImageOfPage":{"@id":"https:\/\/dodo-inflatables.com\/hr\/nakup-napihljivih-toboganova-i-nabitih-gradova-u-sloveniji\/#primaryimage"},"image":{"@id":"https:\/\/dodo-inflatables.com\/hr\/nakup-napihljivih-toboganova-i-nabitih-gradova-u-sloveniji\/#primaryimage"},"thumbnailUrl":"https:\/\/dodo-inflatables.com\/wp-content\/uploads\/2022\/01\/seperator-kleiner-1024x102.png","datePublished":"2024-03-05T06:52:40+00:00","dateModified":"2024-07-10T11:53:17+00:00","breadcrumb":{"@id":"https:\/\/dodo-inflatables.com\/hr\/nakup-napihljivih-toboganova-i-nabitih-gradova-u-sloveniji\/#breadcrumb"},"inLanguage":"hr","potentialAction":[{"@type":"ReadAction","target":["https:\/\/dodo-inflatables.com\/hr\/nakup-napihljivih-toboganova-i-nabitih-gradova-u-sloveniji\/"]}]},{"@type":"ImageObject","inLanguage":"hr","@id":"https:\/\/dodo-inflatables.com\/hr\/nakup-napihljivih-toboganova-i-nabitih-gradova-u-sloveniji\/#primaryimage","url":"https:\/\/dodo-inflatables.com\/wp-content\/uploads\/2022\/01\/seperator-kleiner-1024x102.png","contentUrl":"https:\/\/dodo-inflatables.com\/wp-content\/uploads\/2022\/01\/seperator-kleiner-1024x102.png"},{"@type":"BreadcrumbList","@id":"https:\/\/dodo-inflatables.com\/hr\/nakup-napihljivih-toboganova-i-nabitih-gradova-u-sloveniji\/#breadcrumb","itemListElement":[{"@type":"ListItem","position":1,"name":"Po\u010detna stranica","item":"https:\/\/dodo-inflatables.com\/hr\/"},{"@type":"ListItem","position":2,"name":"Nakup napihljivih toboganova i nabitih gradova u Sloveniji"}]},{"@type":"WebSite","@id":"https:\/\/dodo-inflatables.com\/hr\/#website","url":"https:\/\/dodo-inflatables.com\/hr\/","name":"dodo-inflatables.com","description":"Kupite dvorce na napuhavanje i atrakcije u na\u0161oj trgovini.","potentialAction":[{"@type":"SearchAction","target":{"@type":"EntryPoint","urlTemplate":"https:\/\/dodo-inflatables.com\/hr\/?s={search_term_string}"},"query-input":{"@type":"PropertyValueSpecification","valueRequired":true,"valueName":"search_term_string"}}],"inLanguage":"hr"}]}},"uagb_featured_image_src":{"full":false,"thumbnail":false,"medium":false,"medium_large":false,"large":false,"1536x1536":false,"2048x2048":false,"woocommerce_thumbnail":false,"woocommerce_single":false,"woocommerce_gallery_thumbnail":false},"uagb_author_info":{"display_name":"Andreas","author_link":"https:\/\/dodo-inflatables.com\/hr\/author\/andreas\/"},"uagb_comment_info":0,"uagb_excerpt":"Nakup napihljivih toboganova i nabitih gradova u Sloveniji Dobrodo\u0161li na Dodo-Inflatables.com &#8211; na\u0161u web trgovinu s napihljivim objektima u Europi! Potopite se u na\u0161em bogatom izboru visokokakovostnih napihljivih proizvoda, napihljivih gradova i toboganova , koji \u0107e svakoj prilici dodati ne\u0161to vi\u0161e. Ne glede na to, ali tra\u017eite velik napihljiv grad za poslovni doga\u0111aj, mali napihljiv&hellip;","_links":{"self":[{"href":"https:\/\/dodo-inflatables.com\/hr\/wp-json\/wp\/v2\/pages\/11234","targetHints":{"allow":["GET"]}}],"collection":[{"href":"https:\/\/dodo-inflatables.com\/hr\/wp-json\/wp\/v2\/pages"}],"about":[{"href":"https:\/\/dodo-inflatables.com\/hr\/wp-json\/wp\/v2\/types\/page"}],"author":[{"embeddable":true,"href":"https:\/\/dodo-inflatables.com\/hr\/wp-json\/wp\/v2\/users\/1"}],"replies":[{"embeddable":true,"href":"https:\/\/dodo-inflatables.com\/hr\/wp-json\/wp\/v2\/comments?post=11234"}],"version-history":[{"count":3,"href":"https:\/\/dodo-inflatables.com\/hr\/wp-json\/wp\/v2\/pages\/11234\/revisions"}],"predecessor-version":[{"id":16352,"href":"https:\/\/dodo-inflatables.com\/hr\/wp-json\/wp\/v2\/pages\/11234\/revisions\/16352"}],"wp:attachment":[{"href":"https:\/\/dodo-inflatables.com\/hr\/wp-json\/wp\/v2\/media?parent=11234"}],"curies":[{"name":"wp","href":"https:\/\/api.w.org\/{rel}","templated":true}]}}