{"id":11440,"date":"2024-03-07T20:13:13","date_gmt":"2024-03-07T19:13:13","guid":{"rendered":"https:\/\/dodo-inflatables.com\/kupite-naduvane-p%ca%barzalke-i-naduvane-zam%ca%bake-u-bugarskoj\/"},"modified":"2024-07-10T13:57:53","modified_gmt":"2024-07-10T11:57:53","slug":"kupite-naduvane-p%ca%barzalke-i-naduvane-zam%ca%bake-u-bugarskoj","status":"publish","type":"page","link":"https:\/\/dodo-inflatables.com\/hr\/kupite-naduvane-p%ca%barzalke-i-naduvane-zam%ca%bake-u-bugarskoj\/","title":{"rendered":"Kupite naduvane p\u02barzalke i naduvane zam\u02bake u Bugarskoj"},"content":{"rendered":"\n<h2 class=\"wp-block-heading has-text-align-center\"><strong>Kupite naduvane p\u02barzalke i naduvane zam\u02bake u Bugarskoj<\/strong><\/h2>\n\n<figure class=\"wp-block-image aligncenter size-large\"><a href=\"https:\/\/dodo-inflatables.com\/wp-content\/uploads\/2022\/01\/seperator-kleiner.png\"><img fetchpriority=\"high\" decoding=\"async\" width=\"1024\" height=\"102\" src=\"https:\/\/dodo-inflatables.com\/wp-content\/uploads\/2022\/01\/seperator-kleiner-1024x102.png\" alt=\"\" class=\"wp-image-4026\" srcset=\"https:\/\/dodo-inflatables.com\/wp-content\/uploads\/2022\/01\/seperator-kleiner-1024x102.png 1024w, https:\/\/dodo-inflatables.com\/wp-content\/uploads\/2022\/01\/seperator-kleiner-900x90.png 900w, https:\/\/dodo-inflatables.com\/wp-content\/uploads\/2022\/01\/seperator-kleiner-300x30.png 300w, https:\/\/dodo-inflatables.com\/wp-content\/uploads\/2022\/01\/seperator-kleiner-768x77.png 768w, https:\/\/dodo-inflatables.com\/wp-content\/uploads\/2022\/01\/seperator-kleiner-1536x154.png 1536w, https:\/\/dodo-inflatables.com\/wp-content\/uploads\/2022\/01\/seperator-kleiner-340x34.png 340w, https:\/\/dodo-inflatables.com\/wp-content\/uploads\/2022\/01\/seperator-kleiner.png 2000w\" sizes=\"(max-width: 1024px) 100vw, 1024px\" \/><\/a><\/figure>\n\n<h3 class=\"wp-block-heading has-text-align-center\">Dobro do\u0161li u Dodo-Inflatables.com &#8211; najve\u0107u internetsku trgovinu za naduvane objekte u Europi!<\/h3>\n\n<p>Potopite se u na\u0161 bogati izbor visokokvalitetnih naduvanih ure\u0111aja, naduvanih zakuci\u0161ta i przalica, koje \u0107ete dodati ne\u0161to vi\u0161e za svaki povod. Neovisno o tome tra\u017eite li veliku naduvanu zamku za korporativni doga\u0111aj, malu naduvanu zamku za dje\u010dji ro\u0111endan ili naduvajte zamku s przalkom za ljetne zabave &#8211; ovdje je zajam\u010deno da \u0107e novine biti prikladne!<\/p>\n\n<p>Asortiman ne uklju\u010duje samo raznolike naduvane zamke, ali i \u0161iroku gamu dodataka, uklju\u010duju\u0107i Gibbons i Huawei puha\u010de za naduvane zamke.<\/p>\n\n<p>Dostava na naduvane zamke i dodataka u <strong>Bugarskoj ko\u0161ta 287,00 \u20ac<\/strong> . Paket s naduvanim dodacima ko\u0161ta 38,00 \u20ac. Ako je naduvaemyj dju\u0161ek u nali\u010dnosti, on \u0107e biti poslan do vas odmah nakon pla\u0107anja na pla\u0107anje. Dostava u Bugarsku traje otprilike <strong>4-6 radnih dana<\/strong> . Mogu\u0107e je uzeti sami spremnik za naduvavanje iz na\u0161eg skladi\u0161ta u M\u00fcnhenu, Njema\u010dka.<\/p>\n\n<p>Svi na\u0161i naduvani ure\u0111aji zadovoljavaju stroge standarde sigurnosti prema <strong>DIN EN 14960<\/strong> i prikladni su za privatnu i trgova\u010dku upotrebu. Dobit \u0107ete detaljan vodi\u010d i odgovaraju\u0107i certifikat za va\u0161u novu naduvanu zamku, nakon \u0161to on bude poslan.<\/p>\n\n<p>Osvobo\u017edavanje od DDS za tvrtke! Ako kupujete kao tvrtka, koristite identifikacijski broj prema DDS-u na ra\u010dunu, kako biste izvr\u0161ili kupnju bez podataka.<\/p>\n\n<p>Bez obzira ako ste privatno lice, koje tra\u017eite naduvane zamke za sljede\u0107u obiteljsku partiju, ili ste trgova\u010dka tvrtka za otpu\u0161tanje pod naem, koja \u017eeli pro\u0161iriti asortiman, va\u0161i naduvani zamci odgovaraju svima. Ve\u0107ina kupaca u Europi zapravo ne tra\u017ei na naduvane zamke, koji cijene na\u0161e proizvode za doga\u0111aje iz svake ku\u0107e.<\/p>\n\n<p>Javite se, ako komentari\u0161ete na\u0161 online du\u0107an da \u0107e vam se dopasti i sa zadovoljstvom i odgovorima na sva va\u0161a pitanja na <a href=\"mailto:contact@dodo-inflatables.com\">contact@dodo-inflatables.com<\/a> !<\/p>\n\n<div style=\"height:100px\" aria-hidden=\"true\" class=\"wp-block-spacer\"><\/div>\n","protected":false},"excerpt":{"rendered":"<p>Kupite naduvane p\u02barzalke i naduvane zam\u02bake u Bugarskoj Dobro do\u0161li u Dodo-Inflatables.com &#8211; najve\u0107u internetsku trgovinu za naduvane objekte u Europi! Potopite se u na\u0161 bogati izbor visokokvalitetnih naduvanih ure\u0111aja, naduvanih zakuci\u0161ta i przalica, koje \u0107ete dodati ne\u0161to vi\u0161e za svaki povod. Neovisno o tome tra\u017eite li veliku naduvanu zamku za korporativni doga\u0111aj, malu naduvanu [&hellip;]<\/p>\n","protected":false},"author":1,"featured_media":0,"parent":0,"menu_order":0,"comment_status":"closed","ping_status":"closed","template":"","meta":{"_acf_changed":false,"_uag_custom_page_level_css":"","site-sidebar-layout":"default","site-content-layout":"","ast-site-content-layout":"normal-width-container","site-content-style":"boxed","site-sidebar-style":"default","ast-global-header-display":"","ast-banner-title-visibility":"","ast-main-header-display":"","ast-hfb-above-header-display":"","ast-hfb-below-header-display":"","ast-hfb-mobile-header-display":"","site-post-title":"","ast-breadcrumbs-content":"","ast-featured-img":"","footer-sml-layout":"","ast-disable-related-posts":"","theme-transparent-header-meta":"","adv-header-id-meta":"4069","stick-header-meta":"","header-above-stick-meta":"","header-main-stick-meta":"","header-below-stick-meta":"","astra-migrate-meta-layouts":"default","ast-page-background-enabled":"default","ast-page-background-meta":{"desktop":{"background-color":"var(--ast-global-color-4)","background-image":"","background-repeat":"repeat","background-position":"center center","background-size":"auto","background-attachment":"scroll","background-type":"","background-media":"","overlay-type":"","overlay-color":"","overlay-opacity":"","overlay-gradient":""},"tablet":{"background-color":"","background-image":"","background-repeat":"repeat","background-position":"center center","background-size":"auto","background-attachment":"scroll","background-type":"","background-media":"","overlay-type":"","overlay-color":"","overlay-opacity":"","overlay-gradient":""},"mobile":{"background-color":"","background-image":"","background-repeat":"repeat","background-position":"center center","background-size":"auto","background-attachment":"scroll","background-type":"","background-media":"","overlay-type":"","overlay-color":"","overlay-opacity":"","overlay-gradient":""}},"ast-content-background-meta":{"desktop":{"background-color":"var(--ast-global-color-5)","background-image":"","background-repeat":"repeat","background-position":"center center","background-size":"auto","background-attachment":"scroll","background-type":"","background-media":"","overlay-type":"","overlay-color":"","overlay-opacity":"","overlay-gradient":""},"tablet":{"background-color":"var(--ast-global-color-5)","background-image":"","background-repeat":"repeat","background-position":"center center","background-size":"auto","background-attachment":"scroll","background-type":"","background-media":"","overlay-type":"","overlay-color":"","overlay-opacity":"","overlay-gradient":""},"mobile":{"background-color":"var(--ast-global-color-5)","background-image":"","background-repeat":"repeat","background-position":"center center","background-size":"auto","background-attachment":"scroll","background-type":"","background-media":"","overlay-type":"","overlay-color":"","overlay-opacity":"","overlay-gradient":""}},"footnotes":""},"class_list":["post-11440","page","type-page","status-publish","hentry"],"acf":[],"yoast_head":"<!-- This site is optimized with the Yoast SEO plugin v27.5 - https:\/\/yoast.com\/product\/yoast-seo-wordpress\/ -->\n<title>Kupite naduvane p\u02barzalke i naduvane zam\u02bake u Bugarskoj - dodo-inflatables.com<\/title>\n<meta name=\"robots\" content=\"index, follow, max-snippet:-1, max-image-preview:large, max-video-preview:-1\" \/>\n<link rel=\"canonical\" href=\"https:\/\/dodo-inflatables.com\/hr\/kupite-naduvane-p%ca%barzalke-i-naduvane-zam%ca%bake-u-bugarskoj\/\" \/>\n<meta name=\"twitter:label1\" content=\"Procijenjeno vrijeme \u010ditanja\" \/>\n\t<meta name=\"twitter:data1\" content=\"2 minute\" \/>\n<script type=\"application\/ld+json\" class=\"yoast-schema-graph\">{\"@context\":\"https:\\\/\\\/schema.org\",\"@graph\":[{\"@type\":\"WebPage\",\"@id\":\"https:\\\/\\\/dodo-inflatables.com\\\/hr\\\/kupite-naduvane-p%ca%barzalke-i-naduvane-zam%ca%bake-u-bugarskoj\\\/\",\"url\":\"https:\\\/\\\/dodo-inflatables.com\\\/hr\\\/kupite-naduvane-p%ca%barzalke-i-naduvane-zam%ca%bake-u-bugarskoj\\\/\",\"name\":\"Kupite naduvane p\u02barzalke i naduvane zam\u02bake u Bugarskoj - dodo-inflatables.com\",\"isPartOf\":{\"@id\":\"https:\\\/\\\/dodo-inflatables.com\\\/hr\\\/#website\"},\"primaryImageOfPage\":{\"@id\":\"https:\\\/\\\/dodo-inflatables.com\\\/hr\\\/kupite-naduvane-p%ca%barzalke-i-naduvane-zam%ca%bake-u-bugarskoj\\\/#primaryimage\"},\"image\":{\"@id\":\"https:\\\/\\\/dodo-inflatables.com\\\/hr\\\/kupite-naduvane-p%ca%barzalke-i-naduvane-zam%ca%bake-u-bugarskoj\\\/#primaryimage\"},\"thumbnailUrl\":\"https:\\\/\\\/dodo-inflatables.com\\\/wp-content\\\/uploads\\\/2022\\\/01\\\/seperator-kleiner-1024x102.png\",\"datePublished\":\"2024-03-07T19:13:13+00:00\",\"dateModified\":\"2024-07-10T11:57:53+00:00\",\"breadcrumb\":{\"@id\":\"https:\\\/\\\/dodo-inflatables.com\\\/hr\\\/kupite-naduvane-p%ca%barzalke-i-naduvane-zam%ca%bake-u-bugarskoj\\\/#breadcrumb\"},\"inLanguage\":\"hr\",\"potentialAction\":[{\"@type\":\"ReadAction\",\"target\":[\"https:\\\/\\\/dodo-inflatables.com\\\/hr\\\/kupite-naduvane-p%ca%barzalke-i-naduvane-zam%ca%bake-u-bugarskoj\\\/\"]}]},{\"@type\":\"ImageObject\",\"inLanguage\":\"hr\",\"@id\":\"https:\\\/\\\/dodo-inflatables.com\\\/hr\\\/kupite-naduvane-p%ca%barzalke-i-naduvane-zam%ca%bake-u-bugarskoj\\\/#primaryimage\",\"url\":\"https:\\\/\\\/dodo-inflatables.com\\\/wp-content\\\/uploads\\\/2022\\\/01\\\/seperator-kleiner-1024x102.png\",\"contentUrl\":\"https:\\\/\\\/dodo-inflatables.com\\\/wp-content\\\/uploads\\\/2022\\\/01\\\/seperator-kleiner-1024x102.png\"},{\"@type\":\"BreadcrumbList\",\"@id\":\"https:\\\/\\\/dodo-inflatables.com\\\/hr\\\/kupite-naduvane-p%ca%barzalke-i-naduvane-zam%ca%bake-u-bugarskoj\\\/#breadcrumb\",\"itemListElement\":[{\"@type\":\"ListItem\",\"position\":1,\"name\":\"Po\u010detna stranica\",\"item\":\"https:\\\/\\\/dodo-inflatables.com\\\/hr\\\/\"},{\"@type\":\"ListItem\",\"position\":2,\"name\":\"Kupite naduvane p\u02barzalke i naduvane zam\u02bake u Bugarskoj\"}]},{\"@type\":\"WebSite\",\"@id\":\"https:\\\/\\\/dodo-inflatables.com\\\/hr\\\/#website\",\"url\":\"https:\\\/\\\/dodo-inflatables.com\\\/hr\\\/\",\"name\":\"dodo-inflatables.com\",\"description\":\"Kupite dvorce na napuhavanje i atrakcije u na\u0161oj trgovini.\",\"potentialAction\":[{\"@type\":\"SearchAction\",\"target\":{\"@type\":\"EntryPoint\",\"urlTemplate\":\"https:\\\/\\\/dodo-inflatables.com\\\/hr\\\/?s={search_term_string}\"},\"query-input\":{\"@type\":\"PropertyValueSpecification\",\"valueRequired\":true,\"valueName\":\"search_term_string\"}}],\"inLanguage\":\"hr\"}]}<\/script>\n<!-- \/ Yoast SEO plugin. -->","yoast_head_json":{"title":"Kupite naduvane p\u02barzalke i naduvane zam\u02bake u Bugarskoj - dodo-inflatables.com","robots":{"index":"index","follow":"follow","max-snippet":"max-snippet:-1","max-image-preview":"max-image-preview:large","max-video-preview":"max-video-preview:-1"},"canonical":"https:\/\/dodo-inflatables.com\/hr\/kupite-naduvane-p%ca%barzalke-i-naduvane-zam%ca%bake-u-bugarskoj\/","twitter_misc":{"Procijenjeno vrijeme \u010ditanja":"2 minute"},"schema":{"@context":"https:\/\/schema.org","@graph":[{"@type":"WebPage","@id":"https:\/\/dodo-inflatables.com\/hr\/kupite-naduvane-p%ca%barzalke-i-naduvane-zam%ca%bake-u-bugarskoj\/","url":"https:\/\/dodo-inflatables.com\/hr\/kupite-naduvane-p%ca%barzalke-i-naduvane-zam%ca%bake-u-bugarskoj\/","name":"Kupite naduvane p\u02barzalke i naduvane zam\u02bake u Bugarskoj - dodo-inflatables.com","isPartOf":{"@id":"https:\/\/dodo-inflatables.com\/hr\/#website"},"primaryImageOfPage":{"@id":"https:\/\/dodo-inflatables.com\/hr\/kupite-naduvane-p%ca%barzalke-i-naduvane-zam%ca%bake-u-bugarskoj\/#primaryimage"},"image":{"@id":"https:\/\/dodo-inflatables.com\/hr\/kupite-naduvane-p%ca%barzalke-i-naduvane-zam%ca%bake-u-bugarskoj\/#primaryimage"},"thumbnailUrl":"https:\/\/dodo-inflatables.com\/wp-content\/uploads\/2022\/01\/seperator-kleiner-1024x102.png","datePublished":"2024-03-07T19:13:13+00:00","dateModified":"2024-07-10T11:57:53+00:00","breadcrumb":{"@id":"https:\/\/dodo-inflatables.com\/hr\/kupite-naduvane-p%ca%barzalke-i-naduvane-zam%ca%bake-u-bugarskoj\/#breadcrumb"},"inLanguage":"hr","potentialAction":[{"@type":"ReadAction","target":["https:\/\/dodo-inflatables.com\/hr\/kupite-naduvane-p%ca%barzalke-i-naduvane-zam%ca%bake-u-bugarskoj\/"]}]},{"@type":"ImageObject","inLanguage":"hr","@id":"https:\/\/dodo-inflatables.com\/hr\/kupite-naduvane-p%ca%barzalke-i-naduvane-zam%ca%bake-u-bugarskoj\/#primaryimage","url":"https:\/\/dodo-inflatables.com\/wp-content\/uploads\/2022\/01\/seperator-kleiner-1024x102.png","contentUrl":"https:\/\/dodo-inflatables.com\/wp-content\/uploads\/2022\/01\/seperator-kleiner-1024x102.png"},{"@type":"BreadcrumbList","@id":"https:\/\/dodo-inflatables.com\/hr\/kupite-naduvane-p%ca%barzalke-i-naduvane-zam%ca%bake-u-bugarskoj\/#breadcrumb","itemListElement":[{"@type":"ListItem","position":1,"name":"Po\u010detna stranica","item":"https:\/\/dodo-inflatables.com\/hr\/"},{"@type":"ListItem","position":2,"name":"Kupite naduvane p\u02barzalke i naduvane zam\u02bake u Bugarskoj"}]},{"@type":"WebSite","@id":"https:\/\/dodo-inflatables.com\/hr\/#website","url":"https:\/\/dodo-inflatables.com\/hr\/","name":"dodo-inflatables.com","description":"Kupite dvorce na napuhavanje i atrakcije u na\u0161oj trgovini.","potentialAction":[{"@type":"SearchAction","target":{"@type":"EntryPoint","urlTemplate":"https:\/\/dodo-inflatables.com\/hr\/?s={search_term_string}"},"query-input":{"@type":"PropertyValueSpecification","valueRequired":true,"valueName":"search_term_string"}}],"inLanguage":"hr"}]}},"uagb_featured_image_src":{"full":false,"thumbnail":false,"medium":false,"medium_large":false,"large":false,"1536x1536":false,"2048x2048":false,"woocommerce_thumbnail":false,"woocommerce_single":false,"woocommerce_gallery_thumbnail":false},"uagb_author_info":{"display_name":"Andreas","author_link":"https:\/\/dodo-inflatables.com\/hr\/author\/andreas\/"},"uagb_comment_info":0,"uagb_excerpt":"Kupite naduvane p\u02barzalke i naduvane zam\u02bake u Bugarskoj Dobro do\u0161li u Dodo-Inflatables.com &#8211; najve\u0107u internetsku trgovinu za naduvane objekte u Europi! Potopite se u na\u0161 bogati izbor visokokvalitetnih naduvanih ure\u0111aja, naduvanih zakuci\u0161ta i przalica, koje \u0107ete dodati ne\u0161to vi\u0161e za svaki povod. Neovisno o tome tra\u017eite li veliku naduvanu zamku za korporativni doga\u0111aj, malu naduvanu&hellip;","_links":{"self":[{"href":"https:\/\/dodo-inflatables.com\/hr\/wp-json\/wp\/v2\/pages\/11440","targetHints":{"allow":["GET"]}}],"collection":[{"href":"https:\/\/dodo-inflatables.com\/hr\/wp-json\/wp\/v2\/pages"}],"about":[{"href":"https:\/\/dodo-inflatables.com\/hr\/wp-json\/wp\/v2\/types\/page"}],"author":[{"embeddable":true,"href":"https:\/\/dodo-inflatables.com\/hr\/wp-json\/wp\/v2\/users\/1"}],"replies":[{"embeddable":true,"href":"https:\/\/dodo-inflatables.com\/hr\/wp-json\/wp\/v2\/comments?post=11440"}],"version-history":[{"count":2,"href":"https:\/\/dodo-inflatables.com\/hr\/wp-json\/wp\/v2\/pages\/11440\/revisions"}],"predecessor-version":[{"id":11443,"href":"https:\/\/dodo-inflatables.com\/hr\/wp-json\/wp\/v2\/pages\/11440\/revisions\/11443"}],"wp:attachment":[{"href":"https:\/\/dodo-inflatables.com\/hr\/wp-json\/wp\/v2\/media?parent=11440"}],"curies":[{"name":"wp","href":"https:\/\/api.w.org\/{rel}","templated":true}]}}