{"id":11515,"date":"2024-03-01T20:28:39","date_gmt":"2024-03-01T19:28:39","guid":{"rendered":"https:\/\/dodo-inflatables.com\/aufblasbare-rutschen-und-hupfburgen-kaufen-in-der-schweiz\/"},"modified":"2024-07-10T13:52:05","modified_gmt":"2024-07-10T11:52:05","slug":"aufblasbare-rutschen-und-hupfburgen-kaufen-in-der-schweiz","status":"publish","type":"page","link":"https:\/\/dodo-inflatables.com\/hr\/aufblasbare-rutschen-und-hupfburgen-kaufen-in-der-schweiz\/","title":{"rendered":"Aufblasbare Rutschen und H\u00fcpfburgen kaufen in der Schweiz"},"content":{"rendered":"\n<h2 class=\"wp-block-heading has-text-align-center\"><strong>Aufblasbare Rutschen und H\u00fcpfburgen kaufen in der Schweiz<\/strong><\/h2>\n\n<figure class=\"wp-block-image aligncenter size-large\"><a href=\"https:\/\/dodo-inflatables.com\/wp-content\/uploads\/2022\/01\/seperator-kleiner.png\"><img loading=\"lazy\" decoding=\"async\" width=\"1024\" height=\"102\" src=\"https:\/\/dodo-inflatables.com\/wp-content\/uploads\/2022\/01\/seperator-kleiner-1024x102.png\" alt=\"\" class=\"wp-image-4026\" srcset=\"https:\/\/dodo-inflatables.com\/wp-content\/uploads\/2022\/01\/seperator-kleiner-1024x102.png 1024w, https:\/\/dodo-inflatables.com\/wp-content\/uploads\/2022\/01\/seperator-kleiner-900x90.png 900w, https:\/\/dodo-inflatables.com\/wp-content\/uploads\/2022\/01\/seperator-kleiner-300x30.png 300w, https:\/\/dodo-inflatables.com\/wp-content\/uploads\/2022\/01\/seperator-kleiner-768x77.png 768w, https:\/\/dodo-inflatables.com\/wp-content\/uploads\/2022\/01\/seperator-kleiner-1536x154.png 1536w, https:\/\/dodo-inflatables.com\/wp-content\/uploads\/2022\/01\/seperator-kleiner-340x34.png 340w, https:\/\/dodo-inflatables.com\/wp-content\/uploads\/2022\/01\/seperator-kleiner.png 2000w\" sizes=\"auto, (max-width: 1024px) 100vw, 1024px\" \/><\/a><\/figure>\n\n<h3 class=\"wp-block-heading has-text-align-center\">Willkommen bei Dodo-Inflatables.com &#8211; unserem Online-Shop f\u00fcr H\u00fcpfburgen in Europa!<\/h3>\n\n<div style=\"height:45px\" aria-hidden=\"true\" class=\"wp-block-spacer\"><\/div>\n\n<p style=\"font-size:17px\">Tauche ein in unsere umfangreiche Auswahl an hochwertigen H\u00fcpfburgen, <a href=\"https:\/\/dodo-inflatables.com\/hr\/kategorija-proizvoda\/dvorci-na-lokav\/\">aufblasbaren Schl\u00f6ssern<\/a> und <a href=\"https:\/\/dodo-inflatables.com\/hr\/kategorija-proizvoda\/slajdovi\/\">Rutschen<\/a> , die jedem Anlass das gewisse Extra verleihen. Ob du ein gro\u00dfes H\u00fcpfschloss f\u00fcr ein Firmenevent, eine kleine H\u00fcpfburg f\u00fcr einen Kindergeburtstag oder eine H\u00fcpfburg mit Rutsche f\u00fcr eine Sommerparty suchst &#8211; bei uns findest du garantiert das Passende!<\/p>\n\n<p style=\"font-size:17px\">Unser Sortiment umfasst nicht nur eine Vielzahl von H\u00fcpfburgen, sondern auch eine breite Palette an <a href=\"https:\/\/dodo-inflatables.com\/hr\/kategorija-proizvoda\/pribor\/\">Zubeh\u00f6r<\/a> , darunter <a href=\"https:\/\/dodo-inflatables.com\/hr\/proizvod\/gibbons-puhalo-fp5005-1-5ps\/\">Gibbons<\/a> und <a href=\"https:\/\/dodo-inflatables.com\/hr\/proizvod\/huawei-puhalo-reh-1-5e-1-5ps\/\">Huawei<\/a> Gebl\u00e4se f\u00fcr H\u00fcpfburgen.<\/p>\n\n<p style=\"font-size:17px\">Der Versand einer H\u00fcpfburg und des entsprechenden Zubeh\u00f6rs in die <strong>Schweiz ko\u0161ta 464,00 \u20ac.<\/strong> Wenn das H\u00fcpfschloss auf Lager ist, wird sie sofort nach Zahlungseingang an dich verschickt. Die Lieferung in die Schweiz dauert ca. <strong>4 \u2013 6 radnih sati<\/strong> . Eine Selbstabholung ist in unserem Lager in M\u00fcnchen, Deutschland m\u00f6glich.<\/p>\n\n<p style=\"font-size:17px\">Alle unsere H\u00fcpfburgen entsprechen den strengen Sicherheitsstandards der <strong>DIN EN 14960<\/strong> und sind f\u00fcr den privaten und gewerblichen Gebrauch geeignet. Du erh\u00e4ltst nach dem Versand der H\u00fcpfburg einen <strong>detaillierten Leitfaden<\/strong> sowie das entsprechende <strong>Zertifikat<\/strong> f\u00fcr deine neue H\u00fcpfburg.<\/p>\n\n<p style=\"font-size:17px\">Als Kunde aus einem Nicht-EU-Land kannst du bei uns <strong>mehrwertsteuerfrei<\/strong> einkaufen. Die im Online-Shop genannten Preise beinhalten zun\u00e4chst die deutsche Mehrwertsteuer (19%), diese werden dir dann abgezogen. Beim Versand in die Schweiz giltst du als \u201eImporteur\u201c. Dir wird also die Schweizer Einfuhrumsatzsteuer sowie die Einfuhrzollkosten in Rechnung gestellt. In unseren Versandkosten f\u00fcr die Schweiz ist der Frachtpreis, die Verzollung sowie die ABD-Erstellung enthalten.<\/p>\n\n<p style=\"font-size:17px\">Egal ob du als Privatperson ein H\u00fcpfschloss f\u00fcr das n\u00e4chste Familienfest suchst, oder du ein gewerblicher Vermieter bist, der sein Angebot erweitern m\u00f6chte &#8211; unsere H\u00fcpfburgen sind f\u00fcr jeden geeignet. Tats\u00e4chlich sind die meisten unserer Kunden in ganz Europa H\u00fcpfburgenvermieter, die unsere Produkte f\u00fcr Veranstaltungen jeder Gr\u00f6\u00dfe sch\u00e4tzen.<\/p>\n\n<p style=\"font-size:17px\">Wir w\u00fcnschen dir viel Spa\u00df beim St\u00f6bern in unserem Online Shop und stehen bei Fragen gerne unter <a href=\"mailto:contact@dodo-inflatables.com\">contact@dodo-inflatables.com<\/a> zur Verf\u00fcgung!<\/p>\n\n<div style=\"height:45px\" aria-hidden=\"true\" class=\"wp-block-spacer\"><\/div>\n","protected":false},"excerpt":{"rendered":"<p>Aufblasbare Rutschen und H\u00fcpfburgen kaufen in der Schweiz Willkommen bei Dodo-Inflatables.com &#8211; unserem Online-Shop f\u00fcr H\u00fcpfburgen in Europa! Tauche ein in unsere umfangreiche Auswahl an hochwertigen H\u00fcpfburgen, aufblasbaren Schl\u00f6ssern und Rutschen , die jedem Anlass das gewisse Extra verleihen. Ob du ein gro\u00dfes H\u00fcpfschloss f\u00fcr ein Firmenevent, eine kleine H\u00fcpfburg f\u00fcr einen Kindergeburtstag oder eine [&hellip;]<\/p>\n","protected":false},"author":1,"featured_media":0,"parent":0,"menu_order":0,"comment_status":"closed","ping_status":"closed","template":"","meta":{"_acf_changed":false,"_uag_custom_page_level_css":"","site-sidebar-layout":"default","site-content-layout":"","ast-site-content-layout":"normal-width-container","site-content-style":"boxed","site-sidebar-style":"default","ast-global-header-display":"","ast-banner-title-visibility":"","ast-main-header-display":"","ast-hfb-above-header-display":"","ast-hfb-below-header-display":"","ast-hfb-mobile-header-display":"","site-post-title":"","ast-breadcrumbs-content":"","ast-featured-img":"","footer-sml-layout":"","ast-disable-related-posts":"","theme-transparent-header-meta":"","adv-header-id-meta":"4069","stick-header-meta":"","header-above-stick-meta":"","header-main-stick-meta":"","header-below-stick-meta":"","astra-migrate-meta-layouts":"default","ast-page-background-enabled":"default","ast-page-background-meta":{"desktop":{"background-color":"var(--ast-global-color-4)","background-image":"","background-repeat":"repeat","background-position":"center center","background-size":"auto","background-attachment":"scroll","background-type":"","background-media":"","overlay-type":"","overlay-color":"","overlay-opacity":"","overlay-gradient":""},"tablet":{"background-color":"","background-image":"","background-repeat":"repeat","background-position":"center center","background-size":"auto","background-attachment":"scroll","background-type":"","background-media":"","overlay-type":"","overlay-color":"","overlay-opacity":"","overlay-gradient":""},"mobile":{"background-color":"","background-image":"","background-repeat":"repeat","background-position":"center center","background-size":"auto","background-attachment":"scroll","background-type":"","background-media":"","overlay-type":"","overlay-color":"","overlay-opacity":"","overlay-gradient":""}},"ast-content-background-meta":{"desktop":{"background-color":"var(--ast-global-color-5)","background-image":"","background-repeat":"repeat","background-position":"center center","background-size":"auto","background-attachment":"scroll","background-type":"","background-media":"","overlay-type":"","overlay-color":"","overlay-opacity":"","overlay-gradient":""},"tablet":{"background-color":"var(--ast-global-color-5)","background-image":"","background-repeat":"repeat","background-position":"center center","background-size":"auto","background-attachment":"scroll","background-type":"","background-media":"","overlay-type":"","overlay-color":"","overlay-opacity":"","overlay-gradient":""},"mobile":{"background-color":"var(--ast-global-color-5)","background-image":"","background-repeat":"repeat","background-position":"center center","background-size":"auto","background-attachment":"scroll","background-type":"","background-media":"","overlay-type":"","overlay-color":"","overlay-opacity":"","overlay-gradient":""}},"footnotes":""},"class_list":["post-11515","page","type-page","status-publish","hentry"],"acf":[],"yoast_head":"<!-- This site is optimized with the Yoast SEO plugin v27.4 - https:\/\/yoast.com\/product\/yoast-seo-wordpress\/ -->\n<title>Aufblasbare Rutschen und H\u00fcpfburgen kaufen in der Schweiz - dodo-inflatables.com<\/title>\n<meta name=\"robots\" content=\"index, follow, max-snippet:-1, max-image-preview:large, max-video-preview:-1\" \/>\n<link rel=\"canonical\" href=\"https:\/\/dodo-inflatables.com\/hr\/aufblasbare-rutschen-und-hupfburgen-kaufen-in-der-schweiz\/\" \/>\n<meta name=\"twitter:label1\" content=\"Procijenjeno vrijeme \u010ditanja\" \/>\n\t<meta name=\"twitter:data1\" content=\"2 minute\" \/>\n<script type=\"application\/ld+json\" class=\"yoast-schema-graph\">{\"@context\":\"https:\\\/\\\/schema.org\",\"@graph\":[{\"@type\":\"WebPage\",\"@id\":\"https:\\\/\\\/dodo-inflatables.com\\\/hr\\\/aufblasbare-rutschen-und-hupfburgen-kaufen-in-der-schweiz\\\/\",\"url\":\"https:\\\/\\\/dodo-inflatables.com\\\/hr\\\/aufblasbare-rutschen-und-hupfburgen-kaufen-in-der-schweiz\\\/\",\"name\":\"Aufblasbare Rutschen und H\u00fcpfburgen kaufen in der Schweiz - dodo-inflatables.com\",\"isPartOf\":{\"@id\":\"https:\\\/\\\/dodo-inflatables.com\\\/hr\\\/#website\"},\"primaryImageOfPage\":{\"@id\":\"https:\\\/\\\/dodo-inflatables.com\\\/hr\\\/aufblasbare-rutschen-und-hupfburgen-kaufen-in-der-schweiz\\\/#primaryimage\"},\"image\":{\"@id\":\"https:\\\/\\\/dodo-inflatables.com\\\/hr\\\/aufblasbare-rutschen-und-hupfburgen-kaufen-in-der-schweiz\\\/#primaryimage\"},\"thumbnailUrl\":\"https:\\\/\\\/dodo-inflatables.com\\\/wp-content\\\/uploads\\\/2022\\\/01\\\/seperator-kleiner-1024x102.png\",\"datePublished\":\"2024-03-01T19:28:39+00:00\",\"dateModified\":\"2024-07-10T11:52:05+00:00\",\"breadcrumb\":{\"@id\":\"https:\\\/\\\/dodo-inflatables.com\\\/hr\\\/aufblasbare-rutschen-und-hupfburgen-kaufen-in-der-schweiz\\\/#breadcrumb\"},\"inLanguage\":\"hr\",\"potentialAction\":[{\"@type\":\"ReadAction\",\"target\":[\"https:\\\/\\\/dodo-inflatables.com\\\/hr\\\/aufblasbare-rutschen-und-hupfburgen-kaufen-in-der-schweiz\\\/\"]}]},{\"@type\":\"ImageObject\",\"inLanguage\":\"hr\",\"@id\":\"https:\\\/\\\/dodo-inflatables.com\\\/hr\\\/aufblasbare-rutschen-und-hupfburgen-kaufen-in-der-schweiz\\\/#primaryimage\",\"url\":\"https:\\\/\\\/dodo-inflatables.com\\\/wp-content\\\/uploads\\\/2022\\\/01\\\/seperator-kleiner-1024x102.png\",\"contentUrl\":\"https:\\\/\\\/dodo-inflatables.com\\\/wp-content\\\/uploads\\\/2022\\\/01\\\/seperator-kleiner-1024x102.png\"},{\"@type\":\"BreadcrumbList\",\"@id\":\"https:\\\/\\\/dodo-inflatables.com\\\/hr\\\/aufblasbare-rutschen-und-hupfburgen-kaufen-in-der-schweiz\\\/#breadcrumb\",\"itemListElement\":[{\"@type\":\"ListItem\",\"position\":1,\"name\":\"Po\u010detna stranica\",\"item\":\"https:\\\/\\\/dodo-inflatables.com\\\/hr\\\/\"},{\"@type\":\"ListItem\",\"position\":2,\"name\":\"Aufblasbare Rutschen und H\u00fcpfburgen kaufen in der Schweiz\"}]},{\"@type\":\"WebSite\",\"@id\":\"https:\\\/\\\/dodo-inflatables.com\\\/hr\\\/#website\",\"url\":\"https:\\\/\\\/dodo-inflatables.com\\\/hr\\\/\",\"name\":\"dodo-inflatables.com\",\"description\":\"Kupite dvorce na napuhavanje i atrakcije u na\u0161oj trgovini.\",\"publisher\":{\"@id\":\"https:\\\/\\\/dodo-inflatables.com\\\/hr\\\/#organization\"},\"potentialAction\":[{\"@type\":\"SearchAction\",\"target\":{\"@type\":\"EntryPoint\",\"urlTemplate\":\"https:\\\/\\\/dodo-inflatables.com\\\/hr\\\/?s={search_term_string}\"},\"query-input\":{\"@type\":\"PropertyValueSpecification\",\"valueRequired\":true,\"valueName\":\"search_term_string\"}}],\"inLanguage\":\"hr\"},{\"@type\":\"Organization\",\"@id\":\"https:\\\/\\\/dodo-inflatables.com\\\/hr\\\/#organization\",\"name\":\"dodo-inflatables.com\",\"url\":\"https:\\\/\\\/dodo-inflatables.com\\\/hr\\\/\",\"logo\":{\"@type\":\"ImageObject\",\"inLanguage\":\"hr\",\"@id\":\"https:\\\/\\\/dodo-inflatables.com\\\/hr\\\/#\\\/schema\\\/logo\\\/image\\\/\",\"url\":\"https:\\\/\\\/dodo-inflatables.com\\\/wp-content\\\/uploads\\\/2023\\\/04\\\/cropped-cropped-cropped-Dodo-Logo.png\",\"contentUrl\":\"https:\\\/\\\/dodo-inflatables.com\\\/wp-content\\\/uploads\\\/2023\\\/04\\\/cropped-cropped-cropped-Dodo-Logo.png\",\"width\":2996,\"height\":1545,\"caption\":\"dodo-inflatables.com\"},\"image\":{\"@id\":\"https:\\\/\\\/dodo-inflatables.com\\\/hr\\\/#\\\/schema\\\/logo\\\/image\\\/\"}}]}<\/script>\n<!-- \/ Yoast SEO plugin. -->","yoast_head_json":{"title":"Aufblasbare Rutschen und H\u00fcpfburgen kaufen in der Schweiz - dodo-inflatables.com","robots":{"index":"index","follow":"follow","max-snippet":"max-snippet:-1","max-image-preview":"max-image-preview:large","max-video-preview":"max-video-preview:-1"},"canonical":"https:\/\/dodo-inflatables.com\/hr\/aufblasbare-rutschen-und-hupfburgen-kaufen-in-der-schweiz\/","twitter_misc":{"Procijenjeno vrijeme \u010ditanja":"2 minute"},"schema":{"@context":"https:\/\/schema.org","@graph":[{"@type":"WebPage","@id":"https:\/\/dodo-inflatables.com\/hr\/aufblasbare-rutschen-und-hupfburgen-kaufen-in-der-schweiz\/","url":"https:\/\/dodo-inflatables.com\/hr\/aufblasbare-rutschen-und-hupfburgen-kaufen-in-der-schweiz\/","name":"Aufblasbare Rutschen und H\u00fcpfburgen kaufen in der Schweiz - dodo-inflatables.com","isPartOf":{"@id":"https:\/\/dodo-inflatables.com\/hr\/#website"},"primaryImageOfPage":{"@id":"https:\/\/dodo-inflatables.com\/hr\/aufblasbare-rutschen-und-hupfburgen-kaufen-in-der-schweiz\/#primaryimage"},"image":{"@id":"https:\/\/dodo-inflatables.com\/hr\/aufblasbare-rutschen-und-hupfburgen-kaufen-in-der-schweiz\/#primaryimage"},"thumbnailUrl":"https:\/\/dodo-inflatables.com\/wp-content\/uploads\/2022\/01\/seperator-kleiner-1024x102.png","datePublished":"2024-03-01T19:28:39+00:00","dateModified":"2024-07-10T11:52:05+00:00","breadcrumb":{"@id":"https:\/\/dodo-inflatables.com\/hr\/aufblasbare-rutschen-und-hupfburgen-kaufen-in-der-schweiz\/#breadcrumb"},"inLanguage":"hr","potentialAction":[{"@type":"ReadAction","target":["https:\/\/dodo-inflatables.com\/hr\/aufblasbare-rutschen-und-hupfburgen-kaufen-in-der-schweiz\/"]}]},{"@type":"ImageObject","inLanguage":"hr","@id":"https:\/\/dodo-inflatables.com\/hr\/aufblasbare-rutschen-und-hupfburgen-kaufen-in-der-schweiz\/#primaryimage","url":"https:\/\/dodo-inflatables.com\/wp-content\/uploads\/2022\/01\/seperator-kleiner-1024x102.png","contentUrl":"https:\/\/dodo-inflatables.com\/wp-content\/uploads\/2022\/01\/seperator-kleiner-1024x102.png"},{"@type":"BreadcrumbList","@id":"https:\/\/dodo-inflatables.com\/hr\/aufblasbare-rutschen-und-hupfburgen-kaufen-in-der-schweiz\/#breadcrumb","itemListElement":[{"@type":"ListItem","position":1,"name":"Po\u010detna stranica","item":"https:\/\/dodo-inflatables.com\/hr\/"},{"@type":"ListItem","position":2,"name":"Aufblasbare Rutschen und H\u00fcpfburgen kaufen in der Schweiz"}]},{"@type":"WebSite","@id":"https:\/\/dodo-inflatables.com\/hr\/#website","url":"https:\/\/dodo-inflatables.com\/hr\/","name":"dodo-inflatables.com","description":"Kupite dvorce na napuhavanje i atrakcije u na\u0161oj trgovini.","publisher":{"@id":"https:\/\/dodo-inflatables.com\/hr\/#organization"},"potentialAction":[{"@type":"SearchAction","target":{"@type":"EntryPoint","urlTemplate":"https:\/\/dodo-inflatables.com\/hr\/?s={search_term_string}"},"query-input":{"@type":"PropertyValueSpecification","valueRequired":true,"valueName":"search_term_string"}}],"inLanguage":"hr"},{"@type":"Organization","@id":"https:\/\/dodo-inflatables.com\/hr\/#organization","name":"dodo-inflatables.com","url":"https:\/\/dodo-inflatables.com\/hr\/","logo":{"@type":"ImageObject","inLanguage":"hr","@id":"https:\/\/dodo-inflatables.com\/hr\/#\/schema\/logo\/image\/","url":"https:\/\/dodo-inflatables.com\/wp-content\/uploads\/2023\/04\/cropped-cropped-cropped-Dodo-Logo.png","contentUrl":"https:\/\/dodo-inflatables.com\/wp-content\/uploads\/2023\/04\/cropped-cropped-cropped-Dodo-Logo.png","width":2996,"height":1545,"caption":"dodo-inflatables.com"},"image":{"@id":"https:\/\/dodo-inflatables.com\/hr\/#\/schema\/logo\/image\/"}}]}},"uagb_featured_image_src":{"full":false,"thumbnail":false,"medium":false,"medium_large":false,"large":false,"1536x1536":false,"2048x2048":false,"woocommerce_thumbnail":false,"woocommerce_single":false,"woocommerce_gallery_thumbnail":false},"uagb_author_info":{"display_name":"Andreas","author_link":"https:\/\/dodo-inflatables.com\/hr\/author\/andreas\/"},"uagb_comment_info":0,"uagb_excerpt":"Aufblasbare Rutschen und H\u00fcpfburgen kaufen in der Schweiz Willkommen bei Dodo-Inflatables.com &#8211; unserem Online-Shop f\u00fcr H\u00fcpfburgen in Europa! Tauche ein in unsere umfangreiche Auswahl an hochwertigen H\u00fcpfburgen, aufblasbaren Schl\u00f6ssern und Rutschen , die jedem Anlass das gewisse Extra verleihen. Ob du ein gro\u00dfes H\u00fcpfschloss f\u00fcr ein Firmenevent, eine kleine H\u00fcpfburg f\u00fcr einen Kindergeburtstag oder eine&hellip;","_links":{"self":[{"href":"https:\/\/dodo-inflatables.com\/hr\/wp-json\/wp\/v2\/pages\/11515","targetHints":{"allow":["GET"]}}],"collection":[{"href":"https:\/\/dodo-inflatables.com\/hr\/wp-json\/wp\/v2\/pages"}],"about":[{"href":"https:\/\/dodo-inflatables.com\/hr\/wp-json\/wp\/v2\/types\/page"}],"author":[{"embeddable":true,"href":"https:\/\/dodo-inflatables.com\/hr\/wp-json\/wp\/v2\/users\/1"}],"replies":[{"embeddable":true,"href":"https:\/\/dodo-inflatables.com\/hr\/wp-json\/wp\/v2\/comments?post=11515"}],"version-history":[{"count":3,"href":"https:\/\/dodo-inflatables.com\/hr\/wp-json\/wp\/v2\/pages\/11515\/revisions"}],"predecessor-version":[{"id":16279,"href":"https:\/\/dodo-inflatables.com\/hr\/wp-json\/wp\/v2\/pages\/11515\/revisions\/16279"}],"wp:attachment":[{"href":"https:\/\/dodo-inflatables.com\/hr\/wp-json\/wp\/v2\/media?parent=11515"}],"curies":[{"name":"wp","href":"https:\/\/api.w.org\/{rel}","templated":true}]}}