{"id":105326,"date":"2026-04-04T13:54:47","date_gmt":"2026-04-04T11:54:47","guid":{"rendered":"https:\/\/dodo-inflatables.com\/dodo-relaunch?product=tear-aid-komplet-za-popravak-dvoraca-na-napuhavanje"},"modified":"2026-04-24T09:48:24","modified_gmt":"2026-04-24T07:48:24","slug":"tear-aid-komplet-za-popravak-dvoraca-na-napuhavanje","status":"publish","type":"product","link":"https:\/\/dodo-inflatables.com\/hr\/proizvod\/tear-aid-komplet-za-popravak-dvoraca-na-napuhavanje\/","title":{"rendered":"Tear-Aid komplet za popravak dvoraca na napuhavanje"},"content":{"rendered":"<h2>Tear-Aid komplet za popravak dvoraca na napuhavanje<\/h2>\n<h5>Tear-Aid: Pouzdano rje\u0161enje za popravak va\u0161eg dvorca na napuhavanje<\/h5>\n<p>Produ\u017eite vijek trajanja va\u0161eg dvorca na napuhavanje uz Tear-Aid komplet za popravak \u2013 idealno rje\u0161enje za brze, jednostavne i dugotrajne popravke.<br \/>\nBilo da se radi o malim pukotinama ili ve\u0107im rupama, Tear-Aid nudi savr\u0161eno rje\u0161enje za vra\u0107anje va\u0161eg dvorca na napuhavanje u vrhunsko stanje.<br \/>\n<strong>\u010cvrsto i izdr\u017eljivo:<\/strong><br \/>\nVisokokvalitetna, elasti\u010dna zakrpa prilago\u0111ava se kretanju dvorca na napuhavanje i pru\u017ea dugotrajni popravak koji podnosi intenzivnu upotrebu.<br \/>\n<strong>Jednostavno za upotrebu:<\/strong><br \/>\nZahvaljuju\u0107i samoljepivoj podlozi i jasnim uputama, mo\u017eete popraviti pukotine i rupe za samo nekoliko minuta.<br \/>\n<strong>Vodootporno i nepropusno za zrak:<\/strong><br \/>\nTear-Aid pouzdano funkcionira i u mokrim uvjetima te poma\u017ee sprije\u010diti curenje zraka, tako da va\u0161 dvorac na napuhavanje ostaje siguran i u potpunosti funkcionalan.<br \/>\n<strong>Proziran dizajn:<\/strong><br \/>\nDiskretni, prozirni materijal besprijekorno se uklapa u svaku boju i dizajn bez utjecaja na izgled va\u0161eg dvorca na napuhavanje.<br \/>\n&nbsp;<br \/>\n<strong>Sadr\u017eaj kompleta:<\/strong><\/p>\n<ul>\n<li>1 Tear-Aid zakrpa (30 x 8 cm)<\/li>\n<li>1 armaturna nit za popravak rubova<\/li>\n<li>Alkoholne maramice za \u010di\u0161\u0107enje<\/li>\n<li>Upute za upotrebu<\/li>\n<\/ul>\n<p>&nbsp;<\/p>\n","protected":false},"excerpt":{"rendered":"<ul>\n<li>1 Tear-Aid zakrpa (30 x 8 cm)<\/li>\n<li>1 armaturna nit za popravak rubova<\/li>\n<li>Alkoholne maramice za \u010di\u0161\u0107enje<\/li>\n<li>Upute za upotrebu<\/li>\n<\/ul>\n","protected":false},"featured_media":105316,"comment_status":"open","ping_status":"closed","template":"","meta":{"_acf_changed":false,"_uag_custom_page_level_css":"","site-sidebar-layout":"default","site-content-layout":"boxed-container","ast-site-content-layout":"normal-width-container","site-content-style":"boxed","site-sidebar-style":"default","ast-global-header-display":"","ast-banner-title-visibility":"","ast-main-header-display":"","ast-hfb-above-header-display":"","ast-hfb-below-header-display":"","ast-hfb-mobile-header-display":"","site-post-title":"disabled","ast-breadcrumbs-content":"","ast-featured-img":"","footer-sml-layout":"","ast-disable-related-posts":"","theme-transparent-header-meta":"default","adv-header-id-meta":"","stick-header-meta":"default","header-above-stick-meta":"","header-main-stick-meta":"","header-below-stick-meta":"","astra-migrate-meta-layouts":"default","ast-page-background-enabled":"default","ast-page-background-meta":{"desktop":{"background-color":"var(--ast-global-color-4)","background-image":"","background-repeat":"repeat","background-position":"center center","background-size":"auto","background-attachment":"scroll","background-type":"","background-media":"","overlay-type":"","overlay-color":"","overlay-opacity":"","overlay-gradient":""},"tablet":{"background-color":"","background-image":"","background-repeat":"repeat","background-position":"center center","background-size":"auto","background-attachment":"scroll","background-type":"","background-media":"","overlay-type":"","overlay-color":"","overlay-opacity":"","overlay-gradient":""},"mobile":{"background-color":"","background-image":"","background-repeat":"repeat","background-position":"center center","background-size":"auto","background-attachment":"scroll","background-type":"","background-media":"","overlay-type":"","overlay-color":"","overlay-opacity":"","overlay-gradient":""}},"ast-content-background-meta":{"desktop":{"background-color":"var(--ast-global-color-5)","background-image":"","background-repeat":"repeat","background-position":"center center","background-size":"auto","background-attachment":"scroll","background-type":"","background-media":"","overlay-type":"","overlay-color":"","overlay-opacity":"","overlay-gradient":""},"tablet":{"background-color":"var(--ast-global-color-5)","background-image":"","background-repeat":"repeat","background-position":"center center","background-size":"auto","background-attachment":"scroll","background-type":"","background-media":"","overlay-type":"","overlay-color":"","overlay-opacity":"","overlay-gradient":""},"mobile":{"background-color":"var(--ast-global-color-5)","background-image":"","background-repeat":"repeat","background-position":"center center","background-size":"auto","background-attachment":"scroll","background-type":"","background-media":"","overlay-type":"","overlay-color":"","overlay-opacity":"","overlay-gradient":""}}},"product_brand":[],"product_cat":[824],"product_tag":[],"class_list":{"0":"post-105326","1":"product","2":"type-product","3":"status-publish","4":"has-post-thumbnail","6":"product_cat-pribor","7":"product_shipping_class-zubehor","8":"desktop-align-center","9":"tablet-align-center","10":"mobile-align-center","11":"ast-product-gallery-layout-horizontal","12":"ast-product-tabs-layout-horizontal","14":"first","15":"instock","16":"taxable","17":"shipping-taxable","18":"purchasable","19":"product-type-simple"},"acf":[],"yoast_head":"<!-- This site is optimized with the Yoast SEO plugin v27.5 - https:\/\/yoast.com\/product\/yoast-seo-wordpress\/ -->\n<title>Tear-Aid komplet za popravak dvoraca na napuhavanje | Dodo Inflatables<\/title>\n<meta name=\"description\" content=\"Tear-Aid komplet za popravak dvoraca na napuhavanje \u2013 elasti\u010dna zakrpa 30 x 8 cm, vodootporna, prozirna. Brzi i dugotrajni popravak pukotina i rupa.\" \/>\n<meta name=\"robots\" content=\"index, follow, max-snippet:-1, max-image-preview:large, max-video-preview:-1\" \/>\n<link rel=\"canonical\" href=\"https:\/\/dodo-inflatables.com\/hr\/proizvod\/tear-aid-komplet-za-popravak-dvoraca-na-napuhavanje\/\" \/>\n<meta name=\"twitter:label1\" content=\"Procijenjeno vrijeme \u010ditanja\" \/>\n\t<meta name=\"twitter:data1\" content=\"1 minuta\" \/>\n<script type=\"application\/ld+json\" class=\"yoast-schema-graph\">{\"@context\":\"https:\\\/\\\/schema.org\",\"@graph\":[{\"@type\":\"WebPage\",\"@id\":\"https:\\\/\\\/dodo-inflatables.com\\\/hr\\\/proizvod\\\/tear-aid-komplet-za-popravak-dvoraca-na-napuhavanje\\\/\",\"url\":\"https:\\\/\\\/dodo-inflatables.com\\\/hr\\\/proizvod\\\/tear-aid-komplet-za-popravak-dvoraca-na-napuhavanje\\\/\",\"name\":\"Tear-Aid komplet za popravak dvoraca na napuhavanje | Dodo Inflatables\",\"isPartOf\":{\"@id\":\"https:\\\/\\\/dodo-inflatables.com\\\/hr\\\/#website\"},\"primaryImageOfPage\":{\"@id\":\"https:\\\/\\\/dodo-inflatables.com\\\/hr\\\/proizvod\\\/tear-aid-komplet-za-popravak-dvoraca-na-napuhavanje\\\/#primaryimage\"},\"image\":{\"@id\":\"https:\\\/\\\/dodo-inflatables.com\\\/hr\\\/proizvod\\\/tear-aid-komplet-za-popravak-dvoraca-na-napuhavanje\\\/#primaryimage\"},\"thumbnailUrl\":\"https:\\\/\\\/dodo-inflatables.com\\\/wp-content\\\/uploads\\\/2026\\\/04\\\/Tear-Aid-Reparatur-fur-Hupfburgen-_0004_TA-ZAK-TB-2.jpg\",\"datePublished\":\"2026-04-04T11:54:47+00:00\",\"dateModified\":\"2026-04-24T07:48:24+00:00\",\"description\":\"Tear-Aid komplet za popravak dvoraca na napuhavanje \u2013 elasti\u010dna zakrpa 30 x 8 cm, vodootporna, prozirna. Brzi i dugotrajni popravak pukotina i rupa.\",\"breadcrumb\":{\"@id\":\"https:\\\/\\\/dodo-inflatables.com\\\/hr\\\/proizvod\\\/tear-aid-komplet-za-popravak-dvoraca-na-napuhavanje\\\/#breadcrumb\"},\"inLanguage\":\"hr\",\"potentialAction\":[{\"@type\":\"ReadAction\",\"target\":[\"https:\\\/\\\/dodo-inflatables.com\\\/hr\\\/proizvod\\\/tear-aid-komplet-za-popravak-dvoraca-na-napuhavanje\\\/\"]}]},{\"@type\":\"ImageObject\",\"inLanguage\":\"hr\",\"@id\":\"https:\\\/\\\/dodo-inflatables.com\\\/hr\\\/proizvod\\\/tear-aid-komplet-za-popravak-dvoraca-na-napuhavanje\\\/#primaryimage\",\"url\":\"https:\\\/\\\/dodo-inflatables.com\\\/wp-content\\\/uploads\\\/2026\\\/04\\\/Tear-Aid-Reparatur-fur-Hupfburgen-_0004_TA-ZAK-TB-2.jpg\",\"contentUrl\":\"https:\\\/\\\/dodo-inflatables.com\\\/wp-content\\\/uploads\\\/2026\\\/04\\\/Tear-Aid-Reparatur-fur-Hupfburgen-_0004_TA-ZAK-TB-2.jpg\",\"width\":1000,\"height\":1000,\"caption\":\"Tear-Aid komplet za popravak dvoraca na napuhavanje | Dodo Inflatables\"},{\"@type\":\"BreadcrumbList\",\"@id\":\"https:\\\/\\\/dodo-inflatables.com\\\/hr\\\/proizvod\\\/tear-aid-komplet-za-popravak-dvoraca-na-napuhavanje\\\/#breadcrumb\",\"itemListElement\":[{\"@type\":\"ListItem\",\"position\":1,\"name\":\"Po\u010detna stranica\",\"item\":\"https:\\\/\\\/dodo-inflatables.com\\\/hr\\\/\"},{\"@type\":\"ListItem\",\"position\":2,\"name\":\"Shop\",\"item\":\"https:\\\/\\\/dodo-inflatables.com\\\/hr\\\/shop\\\/\"},{\"@type\":\"ListItem\",\"position\":3,\"name\":\"Tear-Aid komplet za popravak dvoraca na napuhavanje\"}]},{\"@type\":\"WebSite\",\"@id\":\"https:\\\/\\\/dodo-inflatables.com\\\/hr\\\/#website\",\"url\":\"https:\\\/\\\/dodo-inflatables.com\\\/hr\\\/\",\"name\":\"dodo-inflatables.com\",\"description\":\"Kupite dvorce na napuhavanje i atrakcije u na\u0161oj trgovini.\",\"potentialAction\":[{\"@type\":\"SearchAction\",\"target\":{\"@type\":\"EntryPoint\",\"urlTemplate\":\"https:\\\/\\\/dodo-inflatables.com\\\/hr\\\/?s={search_term_string}\"},\"query-input\":{\"@type\":\"PropertyValueSpecification\",\"valueRequired\":true,\"valueName\":\"search_term_string\"}}],\"inLanguage\":\"hr\"}]}<\/script>\n<!-- \/ Yoast SEO plugin. -->","yoast_head_json":{"title":"Tear-Aid komplet za popravak dvoraca na napuhavanje | Dodo Inflatables","description":"Tear-Aid komplet za popravak dvoraca na napuhavanje \u2013 elasti\u010dna zakrpa 30 x 8 cm, vodootporna, prozirna. Brzi i dugotrajni popravak pukotina i rupa.","robots":{"index":"index","follow":"follow","max-snippet":"max-snippet:-1","max-image-preview":"max-image-preview:large","max-video-preview":"max-video-preview:-1"},"canonical":"https:\/\/dodo-inflatables.com\/hr\/proizvod\/tear-aid-komplet-za-popravak-dvoraca-na-napuhavanje\/","twitter_misc":{"Procijenjeno vrijeme \u010ditanja":"1 minuta"},"schema":{"@context":"https:\/\/schema.org","@graph":[{"@type":"WebPage","@id":"https:\/\/dodo-inflatables.com\/hr\/proizvod\/tear-aid-komplet-za-popravak-dvoraca-na-napuhavanje\/","url":"https:\/\/dodo-inflatables.com\/hr\/proizvod\/tear-aid-komplet-za-popravak-dvoraca-na-napuhavanje\/","name":"Tear-Aid komplet za popravak dvoraca na napuhavanje | Dodo Inflatables","isPartOf":{"@id":"https:\/\/dodo-inflatables.com\/hr\/#website"},"primaryImageOfPage":{"@id":"https:\/\/dodo-inflatables.com\/hr\/proizvod\/tear-aid-komplet-za-popravak-dvoraca-na-napuhavanje\/#primaryimage"},"image":{"@id":"https:\/\/dodo-inflatables.com\/hr\/proizvod\/tear-aid-komplet-za-popravak-dvoraca-na-napuhavanje\/#primaryimage"},"thumbnailUrl":"https:\/\/dodo-inflatables.com\/wp-content\/uploads\/2026\/04\/Tear-Aid-Reparatur-fur-Hupfburgen-_0004_TA-ZAK-TB-2.jpg","datePublished":"2026-04-04T11:54:47+00:00","dateModified":"2026-04-24T07:48:24+00:00","description":"Tear-Aid komplet za popravak dvoraca na napuhavanje \u2013 elasti\u010dna zakrpa 30 x 8 cm, vodootporna, prozirna. Brzi i dugotrajni popravak pukotina i rupa.","breadcrumb":{"@id":"https:\/\/dodo-inflatables.com\/hr\/proizvod\/tear-aid-komplet-za-popravak-dvoraca-na-napuhavanje\/#breadcrumb"},"inLanguage":"hr","potentialAction":[{"@type":"ReadAction","target":["https:\/\/dodo-inflatables.com\/hr\/proizvod\/tear-aid-komplet-za-popravak-dvoraca-na-napuhavanje\/"]}]},{"@type":"ImageObject","inLanguage":"hr","@id":"https:\/\/dodo-inflatables.com\/hr\/proizvod\/tear-aid-komplet-za-popravak-dvoraca-na-napuhavanje\/#primaryimage","url":"https:\/\/dodo-inflatables.com\/wp-content\/uploads\/2026\/04\/Tear-Aid-Reparatur-fur-Hupfburgen-_0004_TA-ZAK-TB-2.jpg","contentUrl":"https:\/\/dodo-inflatables.com\/wp-content\/uploads\/2026\/04\/Tear-Aid-Reparatur-fur-Hupfburgen-_0004_TA-ZAK-TB-2.jpg","width":1000,"height":1000,"caption":"Tear-Aid komplet za popravak dvoraca na napuhavanje | Dodo Inflatables"},{"@type":"BreadcrumbList","@id":"https:\/\/dodo-inflatables.com\/hr\/proizvod\/tear-aid-komplet-za-popravak-dvoraca-na-napuhavanje\/#breadcrumb","itemListElement":[{"@type":"ListItem","position":1,"name":"Po\u010detna stranica","item":"https:\/\/dodo-inflatables.com\/hr\/"},{"@type":"ListItem","position":2,"name":"Shop","item":"https:\/\/dodo-inflatables.com\/hr\/shop\/"},{"@type":"ListItem","position":3,"name":"Tear-Aid komplet za popravak dvoraca na napuhavanje"}]},{"@type":"WebSite","@id":"https:\/\/dodo-inflatables.com\/hr\/#website","url":"https:\/\/dodo-inflatables.com\/hr\/","name":"dodo-inflatables.com","description":"Kupite dvorce na napuhavanje i atrakcije u na\u0161oj trgovini.","potentialAction":[{"@type":"SearchAction","target":{"@type":"EntryPoint","urlTemplate":"https:\/\/dodo-inflatables.com\/hr\/?s={search_term_string}"},"query-input":{"@type":"PropertyValueSpecification","valueRequired":true,"valueName":"search_term_string"}}],"inLanguage":"hr"}]}},"uagb_featured_image_src":{"full":["https:\/\/dodo-inflatables.com\/wp-content\/uploads\/2026\/04\/Tear-Aid-Reparatur-fur-Hupfburgen-_0004_TA-ZAK-TB-2.jpg",1000,1000,false],"thumbnail":["https:\/\/dodo-inflatables.com\/wp-content\/uploads\/2026\/04\/Tear-Aid-Reparatur-fur-Hupfburgen-_0004_TA-ZAK-TB-2-150x150.jpg",150,150,true],"medium":["https:\/\/dodo-inflatables.com\/wp-content\/uploads\/2026\/04\/Tear-Aid-Reparatur-fur-Hupfburgen-_0004_TA-ZAK-TB-2-300x300.jpg",300,300,true],"medium_large":["https:\/\/dodo-inflatables.com\/wp-content\/uploads\/2026\/04\/Tear-Aid-Reparatur-fur-Hupfburgen-_0004_TA-ZAK-TB-2-768x768.jpg",768,768,true],"large":["https:\/\/dodo-inflatables.com\/wp-content\/uploads\/2026\/04\/Tear-Aid-Reparatur-fur-Hupfburgen-_0004_TA-ZAK-TB-2.jpg",1000,1000,false],"1536x1536":["https:\/\/dodo-inflatables.com\/wp-content\/uploads\/2026\/04\/Tear-Aid-Reparatur-fur-Hupfburgen-_0004_TA-ZAK-TB-2.jpg",1000,1000,false],"2048x2048":["https:\/\/dodo-inflatables.com\/wp-content\/uploads\/2026\/04\/Tear-Aid-Reparatur-fur-Hupfburgen-_0004_TA-ZAK-TB-2.jpg",1000,1000,false],"woocommerce_thumbnail":["https:\/\/dodo-inflatables.com\/wp-content\/uploads\/2026\/04\/Tear-Aid-Reparatur-fur-Hupfburgen-_0004_TA-ZAK-TB-2-900x900.jpg",900,900,true],"woocommerce_single":["https:\/\/dodo-inflatables.com\/wp-content\/uploads\/2026\/04\/Tear-Aid-Reparatur-fur-Hupfburgen-_0004_TA-ZAK-TB-2-900x900.jpg",900,900,true],"woocommerce_gallery_thumbnail":["https:\/\/dodo-inflatables.com\/wp-content\/uploads\/2026\/04\/Tear-Aid-Reparatur-fur-Hupfburgen-_0004_TA-ZAK-TB-2-100x100.jpg",100,100,true]},"uagb_author_info":{"display_name":"Andreas","author_link":"https:\/\/dodo-inflatables.com\/hr\/author\/"},"uagb_comment_info":0,"uagb_excerpt":"1 Tear-Aid zakrpa (30 x 8 cm) 1 armaturna nit za popravak rubova Alkoholne maramice za \u010di\u0161\u0107enje Upute za upotrebu","_links":{"self":[{"href":"https:\/\/dodo-inflatables.com\/hr\/wp-json\/wp\/v2\/product\/105326","targetHints":{"allow":["GET"]}}],"collection":[{"href":"https:\/\/dodo-inflatables.com\/hr\/wp-json\/wp\/v2\/product"}],"about":[{"href":"https:\/\/dodo-inflatables.com\/hr\/wp-json\/wp\/v2\/types\/product"}],"replies":[{"embeddable":true,"href":"https:\/\/dodo-inflatables.com\/hr\/wp-json\/wp\/v2\/comments?post=105326"}],"wp:featuredmedia":[{"embeddable":true,"href":"https:\/\/dodo-inflatables.com\/hr\/wp-json\/wp\/v2\/media\/105316"}],"wp:attachment":[{"href":"https:\/\/dodo-inflatables.com\/hr\/wp-json\/wp\/v2\/media?parent=105326"}],"wp:term":[{"taxonomy":"product_brand","embeddable":true,"href":"https:\/\/dodo-inflatables.com\/hr\/wp-json\/wp\/v2\/product_brand?post=105326"},{"taxonomy":"product_cat","embeddable":true,"href":"https:\/\/dodo-inflatables.com\/hr\/wp-json\/wp\/v2\/product_cat?post=105326"},{"taxonomy":"product_tag","embeddable":true,"href":"https:\/\/dodo-inflatables.com\/hr\/wp-json\/wp\/v2\/product_tag?post=105326"}],"curies":[{"name":"wp","href":"https:\/\/api.w.org\/{rel}","templated":true}]}}