{"id":105624,"date":"2026-04-04T13:54:47","date_gmt":"2026-04-04T11:54:47","guid":{"rendered":"https:\/\/dodo-inflatables.com\/dodo-relaunch?product=mali-starter-set-huawei-15-ks"},"modified":"2026-04-24T11:07:01","modified_gmt":"2026-04-24T09:07:01","slug":"mali-starter-set-huawei-15-ks","status":"publish","type":"product","link":"https:\/\/dodo-inflatables.com\/hr\/proizvod\/mali-starter-set-huawei-15-ks\/","title":{"rendered":"Mali starter set &#8211; Huawei 1,5 KS"},"content":{"rendered":"<h2>Mali starter set &#8211; Huawei \u2013 Sve \u0161to trebate za savr\u0161eni po\u010detak s dvorcem na napuhavanje!<\/h2>\n<p>&nbsp;<br \/>\nKupili ste dvorac na napuhavanje i \u017eelite odmah po\u010deti? Tada je na\u0161 Mali starter set &#8211; Huawei to\u010dno ono \u0161to trebate! Uklju\u010duje sve bitne dodatke potrebne za sigurno i glatko kori\u0161tenje va\u0161eg dvorca na napuhavanje \u2013 a kao bonus, deflator je uklju\u010den besplatno!<br \/>\n<em><strong>Ovaj set uklju\u010duje:<\/strong><\/em><br \/>\n\u2705 <strong>Huawei puhalo (1,5 KS) &#8211; <\/strong><br \/>\nSna\u017eno i pouzdano puhalo srce je svakog dvorca na napuhavanje. Huawei puhalo od 1,5 KS osigurava brzo i ravnomjerno napuhavanje, tako da je va\u0161 dvorac na napuhavanje spreman za upotrebu u tren oka. Radi u\u010dinkovito, napravljeno je da traje i savr\u0161eno odgovara zahtjevima napuhavaju\u0107ih dvoraca na napuhavanje.<br \/>\n\u2705 <strong>Zemaljski klinovi za sigurno sidrenje &#8211; <\/strong><br \/>\nKako bi va\u0161 dvorac na napuhavanje ostao stabilan i sigurno na mjestu, set uklju\u010duje visokokvalitetne zemaljske klinove. Poma\u017eu osigurati da va\u0161a napuhavaju\u0107a konstrukcija ostane \u010dvrsto pozicionirana, \u010dak i pri intenzivnoj upotrebi i energi\u010dnom skakanju, te pru\u017eaju dodatnu sigurnost u uvjetima laganog vjetra. Jednostavno za upotrebu, maksimalna sigurnost!<br \/>\n\u2705 <strong>Podlo\u017ena cerada (5 x 6 m) \u2013 Za\u0161tita za va\u0161 dvorac na napuhavanje &#8211; <\/strong><br \/>\nDobra podlo\u017ena cerada neophodna je za za\u0161titu va\u0161eg dvorca na napuhavanje od prljav\u0161tine, malih kamen\u010di\u0107a i neravnih povr\u0161ina. Prilo\u017eena podlo\u017ena cerada 5 x 6 m pru\u017ea trajni za\u0161titni sloj i poma\u017ee produ\u017eiti vijek trajanja va\u0161e napuhavaju\u0107e konstrukcije.<br \/>\n\ud83d\udca8 <strong>Besplatno u kompletu: Deflator \u2013 za br\u017ee pakiranje! &#8211; <\/strong><br \/>\nNakon \u0161to zabava zavr\u0161i, dvorac na napuhavanje treba ispuhati i pospremiti \u2013 a upravo tu dolazi deflator! Ovaj prakti\u010dni dodatak poma\u017ee izvu\u0107i zrak mnogo br\u017ee, \u010dine\u0107i pakiranje brzim i jednostavnim.<br \/>\n<strong>Za\u0161to odabrati ovaj starter set?<\/strong><br \/>\n\u2714 <em>Savr\u0161eno uskla\u0111eni dodaci<\/em> \u2013 Sve \u0161to trebate za po\u010detak u jednom prakti\u010dnom setu.<br \/>\n\u2714 <em>Brzo postavljanje i sigurno kori\u0161tenje<\/em> \u2013 Zahvaljuju\u0107i sna\u017enom puhalu i \u010dvrstim zemaljskim klinovima.<br \/>\n\u2714 <em>Du\u017ei vijek trajanja va\u0161eg dvorca na napuhavanje<\/em> \u2013 S za\u0161titnom podlo\u017enom ceradom.<br \/>\n\u2714 <em>Lak\u0161e pakiranje<\/em> \u2013 Besplatni deflator \u0161tedi vam vrijeme i trud!<br \/>\nS Malim starter setom &#8211; Huawei, potpuno ste opremljeni i spremni za po\u010detak odmah.<\/p>\n","protected":false},"excerpt":{"rendered":"<p>\u2714 <em>Savr\u0161eno uskla\u0111eni dodaci<\/em> \u2013 Sve \u0161to trebate za po\u010detak u jednom prakti\u010dnom setu.<br \/>\n\u2714 <em>Brzo postavljanje i sigurno kori\u0161tenje<\/em> \u2013 Zahvaljuju\u0107i sna\u017enom puhalu i \u010dvrstim zemaljskim klinovima.<br \/>\n\u2714 <em>Du\u017ei vijek trajanja va\u0161eg dvorca na napuhavanje<\/em> \u2013 S za\u0161titnom podlo\u017enom ceradom.<br \/>\n\u2714 <em>Lak\u0161e pakiranje<\/em> \u2013 Besplatni deflator \u0161tedi vam vrijeme i trud!<\/p>\n","protected":false},"featured_media":105622,"comment_status":"open","ping_status":"closed","template":"","meta":{"_acf_changed":false,"_uag_custom_page_level_css":"","site-sidebar-layout":"default","site-content-layout":"boxed-container","ast-site-content-layout":"normal-width-container","site-content-style":"boxed","site-sidebar-style":"default","ast-global-header-display":"","ast-banner-title-visibility":"","ast-main-header-display":"","ast-hfb-above-header-display":"","ast-hfb-below-header-display":"","ast-hfb-mobile-header-display":"","site-post-title":"disabled","ast-breadcrumbs-content":"","ast-featured-img":"","footer-sml-layout":"","ast-disable-related-posts":"","theme-transparent-header-meta":"default","adv-header-id-meta":"","stick-header-meta":"default","header-above-stick-meta":"","header-main-stick-meta":"","header-below-stick-meta":"","astra-migrate-meta-layouts":"default","ast-page-background-enabled":"default","ast-page-background-meta":{"desktop":{"background-color":"var(--ast-global-color-4)","background-image":"","background-repeat":"repeat","background-position":"center center","background-size":"auto","background-attachment":"scroll","background-type":"","background-media":"","overlay-type":"","overlay-color":"","overlay-opacity":"","overlay-gradient":""},"tablet":{"background-color":"","background-image":"","background-repeat":"repeat","background-position":"center center","background-size":"auto","background-attachment":"scroll","background-type":"","background-media":"","overlay-type":"","overlay-color":"","overlay-opacity":"","overlay-gradient":""},"mobile":{"background-color":"","background-image":"","background-repeat":"repeat","background-position":"center center","background-size":"auto","background-attachment":"scroll","background-type":"","background-media":"","overlay-type":"","overlay-color":"","overlay-opacity":"","overlay-gradient":""}},"ast-content-background-meta":{"desktop":{"background-color":"var(--ast-global-color-5)","background-image":"","background-repeat":"repeat","background-position":"center center","background-size":"auto","background-attachment":"scroll","background-type":"","background-media":"","overlay-type":"","overlay-color":"","overlay-opacity":"","overlay-gradient":""},"tablet":{"background-color":"var(--ast-global-color-5)","background-image":"","background-repeat":"repeat","background-position":"center center","background-size":"auto","background-attachment":"scroll","background-type":"","background-media":"","overlay-type":"","overlay-color":"","overlay-opacity":"","overlay-gradient":""},"mobile":{"background-color":"var(--ast-global-color-5)","background-image":"","background-repeat":"repeat","background-position":"center center","background-size":"auto","background-attachment":"scroll","background-type":"","background-media":"","overlay-type":"","overlay-color":"","overlay-opacity":"","overlay-gradient":""}}},"product_brand":[],"product_cat":[824],"product_tag":[],"class_list":{"0":"post-105624","1":"product","2":"type-product","3":"status-publish","4":"has-post-thumbnail","6":"product_cat-pribor","7":"product_shipping_class-zubehor","8":"desktop-align-center","9":"tablet-align-center","10":"mobile-align-center","11":"ast-product-gallery-layout-horizontal","12":"ast-product-tabs-layout-horizontal","14":"first","15":"instock","16":"sale","17":"taxable","18":"shipping-taxable","19":"purchasable","20":"product-type-simple"},"acf":[],"yoast_head":"<!-- This site is optimized with the Yoast SEO plugin v27.5 - https:\/\/yoast.com\/product\/yoast-seo-wordpress\/ -->\n<title>Mali starter set Huawei za dvorce na napuhavanje | Dodo Inflatables<\/title>\n<meta name=\"description\" content=\"Mali starter set Huawei \u2013 puhalo 1,5 KS, zemaljski klinovi, podlo\u017ena cerada 5 x 6 m i besplatni deflator. Sve \u0161to trebate za savr\u0161eni po\u010detak s dvorcem na napuhavanje.\" \/>\n<meta name=\"robots\" content=\"index, follow, max-snippet:-1, max-image-preview:large, max-video-preview:-1\" \/>\n<link rel=\"canonical\" href=\"https:\/\/dodo-inflatables.com\/hr\/proizvod\/mali-starter-set-huawei-15-ks\/\" \/>\n<meta name=\"twitter:label1\" content=\"Procijenjeno vrijeme \u010ditanja\" \/>\n\t<meta name=\"twitter:data1\" content=\"2 minute\" \/>\n<script type=\"application\/ld+json\" class=\"yoast-schema-graph\">{\"@context\":\"https:\\\/\\\/schema.org\",\"@graph\":[{\"@type\":\"WebPage\",\"@id\":\"https:\\\/\\\/dodo-inflatables.com\\\/hr\\\/proizvod\\\/mali-starter-set-huawei-15-ks\\\/\",\"url\":\"https:\\\/\\\/dodo-inflatables.com\\\/hr\\\/proizvod\\\/mali-starter-set-huawei-15-ks\\\/\",\"name\":\"Mali starter set Huawei za dvorce na napuhavanje | Dodo Inflatables\",\"isPartOf\":{\"@id\":\"https:\\\/\\\/dodo-inflatables.com\\\/hr\\\/#website\"},\"primaryImageOfPage\":{\"@id\":\"https:\\\/\\\/dodo-inflatables.com\\\/hr\\\/proizvod\\\/mali-starter-set-huawei-15-ks\\\/#primaryimage\"},\"image\":{\"@id\":\"https:\\\/\\\/dodo-inflatables.com\\\/hr\\\/proizvod\\\/mali-starter-set-huawei-15-ks\\\/#primaryimage\"},\"thumbnailUrl\":\"https:\\\/\\\/dodo-inflatables.com\\\/wp-content\\\/uploads\\\/2026\\\/04\\\/starterset_transparent.png\",\"datePublished\":\"2026-04-04T11:54:47+00:00\",\"dateModified\":\"2026-04-24T09:07:01+00:00\",\"description\":\"Mali starter set Huawei \u2013 puhalo 1,5 KS, zemaljski klinovi, podlo\u017ena cerada 5 x 6 m i besplatni deflator. Sve \u0161to trebate za savr\u0161eni po\u010detak s dvorcem na napuhavanje.\",\"breadcrumb\":{\"@id\":\"https:\\\/\\\/dodo-inflatables.com\\\/hr\\\/proizvod\\\/mali-starter-set-huawei-15-ks\\\/#breadcrumb\"},\"inLanguage\":\"hr\",\"potentialAction\":[{\"@type\":\"ReadAction\",\"target\":[\"https:\\\/\\\/dodo-inflatables.com\\\/hr\\\/proizvod\\\/mali-starter-set-huawei-15-ks\\\/\"]}]},{\"@type\":\"ImageObject\",\"inLanguage\":\"hr\",\"@id\":\"https:\\\/\\\/dodo-inflatables.com\\\/hr\\\/proizvod\\\/mali-starter-set-huawei-15-ks\\\/#primaryimage\",\"url\":\"https:\\\/\\\/dodo-inflatables.com\\\/wp-content\\\/uploads\\\/2026\\\/04\\\/starterset_transparent.png\",\"contentUrl\":\"https:\\\/\\\/dodo-inflatables.com\\\/wp-content\\\/uploads\\\/2026\\\/04\\\/starterset_transparent.png\",\"width\":1000,\"height\":1000,\"caption\":\"Mali starter set - Huawei 2 KS za dvorce na napuhavanje | Dodo Inflatables\"},{\"@type\":\"BreadcrumbList\",\"@id\":\"https:\\\/\\\/dodo-inflatables.com\\\/hr\\\/proizvod\\\/mali-starter-set-huawei-15-ks\\\/#breadcrumb\",\"itemListElement\":[{\"@type\":\"ListItem\",\"position\":1,\"name\":\"Po\u010detna stranica\",\"item\":\"https:\\\/\\\/dodo-inflatables.com\\\/hr\\\/\"},{\"@type\":\"ListItem\",\"position\":2,\"name\":\"Shop\",\"item\":\"https:\\\/\\\/dodo-inflatables.com\\\/hr\\\/shop\\\/\"},{\"@type\":\"ListItem\",\"position\":3,\"name\":\"Mali starter set &#8211; Huawei 1,5 KS\"}]},{\"@type\":\"WebSite\",\"@id\":\"https:\\\/\\\/dodo-inflatables.com\\\/hr\\\/#website\",\"url\":\"https:\\\/\\\/dodo-inflatables.com\\\/hr\\\/\",\"name\":\"dodo-inflatables.com\",\"description\":\"Kupite dvorce na napuhavanje i atrakcije u na\u0161oj trgovini.\",\"potentialAction\":[{\"@type\":\"SearchAction\",\"target\":{\"@type\":\"EntryPoint\",\"urlTemplate\":\"https:\\\/\\\/dodo-inflatables.com\\\/hr\\\/?s={search_term_string}\"},\"query-input\":{\"@type\":\"PropertyValueSpecification\",\"valueRequired\":true,\"valueName\":\"search_term_string\"}}],\"inLanguage\":\"hr\"}]}<\/script>\n<!-- \/ Yoast SEO plugin. -->","yoast_head_json":{"title":"Mali starter set Huawei za dvorce na napuhavanje | Dodo Inflatables","description":"Mali starter set Huawei \u2013 puhalo 1,5 KS, zemaljski klinovi, podlo\u017ena cerada 5 x 6 m i besplatni deflator. Sve \u0161to trebate za savr\u0161eni po\u010detak s dvorcem na napuhavanje.","robots":{"index":"index","follow":"follow","max-snippet":"max-snippet:-1","max-image-preview":"max-image-preview:large","max-video-preview":"max-video-preview:-1"},"canonical":"https:\/\/dodo-inflatables.com\/hr\/proizvod\/mali-starter-set-huawei-15-ks\/","twitter_misc":{"Procijenjeno vrijeme \u010ditanja":"2 minute"},"schema":{"@context":"https:\/\/schema.org","@graph":[{"@type":"WebPage","@id":"https:\/\/dodo-inflatables.com\/hr\/proizvod\/mali-starter-set-huawei-15-ks\/","url":"https:\/\/dodo-inflatables.com\/hr\/proizvod\/mali-starter-set-huawei-15-ks\/","name":"Mali starter set Huawei za dvorce na napuhavanje | Dodo Inflatables","isPartOf":{"@id":"https:\/\/dodo-inflatables.com\/hr\/#website"},"primaryImageOfPage":{"@id":"https:\/\/dodo-inflatables.com\/hr\/proizvod\/mali-starter-set-huawei-15-ks\/#primaryimage"},"image":{"@id":"https:\/\/dodo-inflatables.com\/hr\/proizvod\/mali-starter-set-huawei-15-ks\/#primaryimage"},"thumbnailUrl":"https:\/\/dodo-inflatables.com\/wp-content\/uploads\/2026\/04\/starterset_transparent.png","datePublished":"2026-04-04T11:54:47+00:00","dateModified":"2026-04-24T09:07:01+00:00","description":"Mali starter set Huawei \u2013 puhalo 1,5 KS, zemaljski klinovi, podlo\u017ena cerada 5 x 6 m i besplatni deflator. Sve \u0161to trebate za savr\u0161eni po\u010detak s dvorcem na napuhavanje.","breadcrumb":{"@id":"https:\/\/dodo-inflatables.com\/hr\/proizvod\/mali-starter-set-huawei-15-ks\/#breadcrumb"},"inLanguage":"hr","potentialAction":[{"@type":"ReadAction","target":["https:\/\/dodo-inflatables.com\/hr\/proizvod\/mali-starter-set-huawei-15-ks\/"]}]},{"@type":"ImageObject","inLanguage":"hr","@id":"https:\/\/dodo-inflatables.com\/hr\/proizvod\/mali-starter-set-huawei-15-ks\/#primaryimage","url":"https:\/\/dodo-inflatables.com\/wp-content\/uploads\/2026\/04\/starterset_transparent.png","contentUrl":"https:\/\/dodo-inflatables.com\/wp-content\/uploads\/2026\/04\/starterset_transparent.png","width":1000,"height":1000,"caption":"Mali starter set - Huawei 2 KS za dvorce na napuhavanje | Dodo Inflatables"},{"@type":"BreadcrumbList","@id":"https:\/\/dodo-inflatables.com\/hr\/proizvod\/mali-starter-set-huawei-15-ks\/#breadcrumb","itemListElement":[{"@type":"ListItem","position":1,"name":"Po\u010detna stranica","item":"https:\/\/dodo-inflatables.com\/hr\/"},{"@type":"ListItem","position":2,"name":"Shop","item":"https:\/\/dodo-inflatables.com\/hr\/shop\/"},{"@type":"ListItem","position":3,"name":"Mali starter set &#8211; Huawei 1,5 KS"}]},{"@type":"WebSite","@id":"https:\/\/dodo-inflatables.com\/hr\/#website","url":"https:\/\/dodo-inflatables.com\/hr\/","name":"dodo-inflatables.com","description":"Kupite dvorce na napuhavanje i atrakcije u na\u0161oj trgovini.","potentialAction":[{"@type":"SearchAction","target":{"@type":"EntryPoint","urlTemplate":"https:\/\/dodo-inflatables.com\/hr\/?s={search_term_string}"},"query-input":{"@type":"PropertyValueSpecification","valueRequired":true,"valueName":"search_term_string"}}],"inLanguage":"hr"}]}},"uagb_featured_image_src":{"full":["https:\/\/dodo-inflatables.com\/wp-content\/uploads\/2026\/04\/starterset_transparent.png",1000,1000,false],"thumbnail":["https:\/\/dodo-inflatables.com\/wp-content\/uploads\/2026\/04\/starterset_transparent-150x150.png",150,150,true],"medium":["https:\/\/dodo-inflatables.com\/wp-content\/uploads\/2026\/04\/starterset_transparent-300x300.png",300,300,true],"medium_large":["https:\/\/dodo-inflatables.com\/wp-content\/uploads\/2026\/04\/starterset_transparent-768x768.png",768,768,true],"large":["https:\/\/dodo-inflatables.com\/wp-content\/uploads\/2026\/04\/starterset_transparent.png",1000,1000,false],"1536x1536":["https:\/\/dodo-inflatables.com\/wp-content\/uploads\/2026\/04\/starterset_transparent.png",1000,1000,false],"2048x2048":["https:\/\/dodo-inflatables.com\/wp-content\/uploads\/2026\/04\/starterset_transparent.png",1000,1000,false],"woocommerce_thumbnail":["https:\/\/dodo-inflatables.com\/wp-content\/uploads\/2026\/04\/starterset_transparent-900x900.png",900,900,true],"woocommerce_single":["https:\/\/dodo-inflatables.com\/wp-content\/uploads\/2026\/04\/starterset_transparent-900x900.png",900,900,true],"woocommerce_gallery_thumbnail":["https:\/\/dodo-inflatables.com\/wp-content\/uploads\/2026\/04\/starterset_transparent-100x100.png",100,100,true]},"uagb_author_info":{"display_name":"Andreas","author_link":"https:\/\/dodo-inflatables.com\/hr\/author\/"},"uagb_comment_info":0,"uagb_excerpt":"\u2714 Savr\u0161eno uskla\u0111eni dodaci \u2013 Sve \u0161to trebate za po\u010detak u jednom prakti\u010dnom setu. \u2714 Brzo postavljanje i sigurno kori\u0161tenje \u2013 Zahvaljuju\u0107i sna\u017enom puhalu i \u010dvrstim zemaljskim klinovima. \u2714 Du\u017ei vijek trajanja va\u0161eg dvorca na napuhavanje \u2013 S za\u0161titnom podlo\u017enom ceradom. \u2714 Lak\u0161e pakiranje \u2013 Besplatni deflator \u0161tedi vam vrijeme i trud!","_links":{"self":[{"href":"https:\/\/dodo-inflatables.com\/hr\/wp-json\/wp\/v2\/product\/105624","targetHints":{"allow":["GET"]}}],"collection":[{"href":"https:\/\/dodo-inflatables.com\/hr\/wp-json\/wp\/v2\/product"}],"about":[{"href":"https:\/\/dodo-inflatables.com\/hr\/wp-json\/wp\/v2\/types\/product"}],"replies":[{"embeddable":true,"href":"https:\/\/dodo-inflatables.com\/hr\/wp-json\/wp\/v2\/comments?post=105624"}],"wp:featuredmedia":[{"embeddable":true,"href":"https:\/\/dodo-inflatables.com\/hr\/wp-json\/wp\/v2\/media\/105622"}],"wp:attachment":[{"href":"https:\/\/dodo-inflatables.com\/hr\/wp-json\/wp\/v2\/media?parent=105624"}],"wp:term":[{"taxonomy":"product_brand","embeddable":true,"href":"https:\/\/dodo-inflatables.com\/hr\/wp-json\/wp\/v2\/product_brand?post=105624"},{"taxonomy":"product_cat","embeddable":true,"href":"https:\/\/dodo-inflatables.com\/hr\/wp-json\/wp\/v2\/product_cat?post=105624"},{"taxonomy":"product_tag","embeddable":true,"href":"https:\/\/dodo-inflatables.com\/hr\/wp-json\/wp\/v2\/product_tag?post=105624"}],"curies":[{"name":"wp","href":"https:\/\/api.w.org\/{rel}","templated":true}]}}