{"id":105742,"date":"2026-04-04T13:54:46","date_gmt":"2026-04-04T11:54:46","guid":{"rendered":"https:\/\/dodo-inflatables.com\/dodo-relaunch?product=16-pack-huawei-reh-1-5e-puhala-za-dvorce-na-napuhavanje"},"modified":"2026-04-04T13:54:46","modified_gmt":"2026-04-04T11:54:46","slug":"16-pack-huawei-reh-1-5e-puhala-za-dvorce-na-napuhavanje","status":"publish","type":"product","link":"https:\/\/dodo-inflatables.com\/hr\/proizvod\/16-pack-huawei-reh-1-5e-puhala-za-dvorce-na-napuhavanje\/","title":{"rendered":"16-Pack Huawei REH-1.5E puhala za dvorce na napuhavanje"},"content":{"rendered":"<h2>16-Pack Huawei REH-1.5E puhala za dvorce na napuhavanje \u2013 Sada dostupno kao vrijedni paket!<\/h2>\n<p>Za iznajmljiva\u010dke tvrtke, organizatore doga\u0111anja ili korisnike s ve\u0107om flotom dvoraca na napuhavanje, na\u0161 16-Pack Huawei REH-1.5E puhala savr\u0161en je izbor. Osigurajte punu paletu s 16 puhala i u\u010dinkovito opremite svoju zalihu ovim prakti\u010dnim paketom.<br \/>\n<strong>Za\u0161to odabrati ovaj set?<\/strong><br \/>\n\u2705 <em>Sna\u017ean protok zraka<\/em> \u2013 Huawei puhala od 1,5 KS osiguravaju brzo napuhavanje i stabilan tlak zraka, tako da su va\u0161i dvorci na napuhavanje uvijek spremni za upotrebu.<br \/>\n\u2705 <em>Idealno za ve\u0107e zalihe<\/em> \u2013 Prakti\u010dno rje\u0161enje za tvrtke i operatere kojima je potrebno vi\u0161e puhala za redovitu upotrebu.<br \/>\n\u2705 <em>Pro\u0161irivo za jo\u0161 ve\u0107u u\u010dinkovitost<\/em> \u2013 Puhala su kompatibilna s:<br \/>\n&#8211; Deflator i dvostruki deflator nastavcima za br\u017ee izvla\u010denje zraka tijekom pakiranja.<br \/>\n&#8211; Nastavcima za grijanje za su\u0161enje mokrih dvoraca na napuhavanje toplim zrakom (oba dodatka prodaju se zasebno).<br \/>\n<strong>Detalji proizvoda (po puhalu):<\/strong><br \/>\n&#8211; Materijal: ku\u0107i\u0161te od visokokvalitetne plastike<br \/>\n&#8211; Snaga: 1,35 kW (izlaz), 1,8 kW (ulaz), 1,5 KS<br \/>\n&#8211; Priklju\u010dak: Schuko utika\u010d<br \/>\n&#8211; Promjer lijevka: 14,5 cm<br \/>\n&#8211; Dimenzije: 49 x 38,5 x 49,5 cm<br \/>\n&#8211; Te\u017eina: 16,8 kg<br \/>\n&#8211; Razina buke: 85 dB<br \/>\n&#8211; WEEE registracijski broj: DE 82972723<br \/>\nIskoristite ovaj prakti\u010dni paket za u\u010dinkovito pro\u0161irenje svojih zaliha. Naru\u010dite svoju paletu s 16 Huawei puhala sada!<\/p>\n","protected":false},"excerpt":{"rendered":"<p><strong>Detalji proizvoda (po puhalu):<\/strong><br \/>\n&#8211; Materijal: ku\u0107i\u0161te od visokokvalitetne plastike<br \/>\n&#8211; Snaga: 1,35 kW (izlaz), 1,8 kW (ulaz), 1,5 KS<br \/>\n&#8211; Priklju\u010dak: Schuko utika\u010d<br \/>\n&#8211; Promjer lijevka: 14,5 cm<br \/>\n&#8211; Dimenzije: 49 x 38,5 x 49,5 cm<br \/>\n&#8211; Te\u017eina: 16,8 kg<br \/>\n&#8211; Razina buke: 85 dB<br \/>\n&#8211; WEEE registracijski broj: DE 82972723<\/p>\n","protected":false},"featured_media":105741,"comment_status":"open","ping_status":"closed","template":"","meta":{"_acf_changed":false,"_uag_custom_page_level_css":"","site-sidebar-layout":"default","site-content-layout":"boxed-container","ast-site-content-layout":"normal-width-container","site-content-style":"boxed","site-sidebar-style":"default","ast-global-header-display":"","ast-banner-title-visibility":"","ast-main-header-display":"","ast-hfb-above-header-display":"","ast-hfb-below-header-display":"","ast-hfb-mobile-header-display":"","site-post-title":"disabled","ast-breadcrumbs-content":"","ast-featured-img":"","footer-sml-layout":"","ast-disable-related-posts":"","theme-transparent-header-meta":"default","adv-header-id-meta":"","stick-header-meta":"default","header-above-stick-meta":"","header-main-stick-meta":"","header-below-stick-meta":"","astra-migrate-meta-layouts":"default","ast-page-background-enabled":"default","ast-page-background-meta":{"desktop":{"background-color":"var(--ast-global-color-4)","background-image":"","background-repeat":"repeat","background-position":"center center","background-size":"auto","background-attachment":"scroll","background-type":"","background-media":"","overlay-type":"","overlay-color":"","overlay-opacity":"","overlay-gradient":""},"tablet":{"background-color":"","background-image":"","background-repeat":"repeat","background-position":"center center","background-size":"auto","background-attachment":"scroll","background-type":"","background-media":"","overlay-type":"","overlay-color":"","overlay-opacity":"","overlay-gradient":""},"mobile":{"background-color":"","background-image":"","background-repeat":"repeat","background-position":"center center","background-size":"auto","background-attachment":"scroll","background-type":"","background-media":"","overlay-type":"","overlay-color":"","overlay-opacity":"","overlay-gradient":""}},"ast-content-background-meta":{"desktop":{"background-color":"var(--ast-global-color-5)","background-image":"","background-repeat":"repeat","background-position":"center center","background-size":"auto","background-attachment":"scroll","background-type":"","background-media":"","overlay-type":"","overlay-color":"","overlay-opacity":"","overlay-gradient":""},"tablet":{"background-color":"var(--ast-global-color-5)","background-image":"","background-repeat":"repeat","background-position":"center center","background-size":"auto","background-attachment":"scroll","background-type":"","background-media":"","overlay-type":"","overlay-color":"","overlay-opacity":"","overlay-gradient":""},"mobile":{"background-color":"var(--ast-global-color-5)","background-image":"","background-repeat":"repeat","background-position":"center center","background-size":"auto","background-attachment":"scroll","background-type":"","background-media":"","overlay-type":"","overlay-color":"","overlay-opacity":"","overlay-gradient":""}}},"product_brand":[],"product_cat":[824],"product_tag":[],"class_list":{"0":"post-105742","1":"product","2":"type-product","3":"status-publish","4":"has-post-thumbnail","6":"product_cat-pribor","7":"product_shipping_class-spedicija-hupfburg","8":"desktop-align-center","9":"tablet-align-center","10":"mobile-align-center","11":"ast-product-gallery-layout-horizontal","12":"ast-product-tabs-layout-horizontal","14":"first","15":"instock","16":"sale","17":"taxable","18":"shipping-taxable","19":"purchasable","20":"product-type-simple"},"acf":[],"yoast_head":"<!-- This site is optimized with the Yoast SEO plugin v27.5 - https:\/\/yoast.com\/product\/yoast-seo-wordpress\/ -->\n<title>16-Pack Huawei REH-1.5E puhala za dvorce na napuhavanje | Dodo Inflatables<\/title>\n<meta name=\"description\" content=\"16-Pack Huawei REH-1.5E puhala za dvorce na napuhavanje \u2013 1,5 KS, 85 dB, promjer lijevka 14,5 cm. Idealni paket za iznajmljiva\u010dke tvrtke s ve\u0107om flotom dvoraca na napuhavanje.\" \/>\n<meta name=\"robots\" content=\"index, follow, max-snippet:-1, max-image-preview:large, max-video-preview:-1\" \/>\n<link rel=\"canonical\" href=\"https:\/\/dodo-inflatables.com\/hr\/proizvod\/16-pack-huawei-reh-1-5e-puhala-za-dvorce-na-napuhavanje\/\" \/>\n<meta name=\"twitter:label1\" content=\"Procijenjeno vrijeme \u010ditanja\" \/>\n\t<meta name=\"twitter:data1\" content=\"1 minuta\" \/>\n<script type=\"application\/ld+json\" class=\"yoast-schema-graph\">{\"@context\":\"https:\\\/\\\/schema.org\",\"@graph\":[{\"@type\":\"WebPage\",\"@id\":\"https:\\\/\\\/dodo-inflatables.com\\\/hr\\\/proizvod\\\/16-pack-huawei-reh-1-5e-puhala-za-dvorce-na-napuhavanje\\\/\",\"url\":\"https:\\\/\\\/dodo-inflatables.com\\\/hr\\\/proizvod\\\/16-pack-huawei-reh-1-5e-puhala-za-dvorce-na-napuhavanje\\\/\",\"name\":\"16-Pack Huawei REH-1.5E puhala za dvorce na napuhavanje | Dodo Inflatables\",\"isPartOf\":{\"@id\":\"https:\\\/\\\/dodo-inflatables.com\\\/hr\\\/#website\"},\"primaryImageOfPage\":{\"@id\":\"https:\\\/\\\/dodo-inflatables.com\\\/hr\\\/proizvod\\\/16-pack-huawei-reh-1-5e-puhala-za-dvorce-na-napuhavanje\\\/#primaryimage\"},\"image\":{\"@id\":\"https:\\\/\\\/dodo-inflatables.com\\\/hr\\\/proizvod\\\/16-pack-huawei-reh-1-5e-puhala-za-dvorce-na-napuhavanje\\\/#primaryimage\"},\"thumbnailUrl\":\"https:\\\/\\\/dodo-inflatables.com\\\/wp-content\\\/uploads\\\/2026\\\/04\\\/huawei-huepfburg-geblaese-kaufen.jpg\",\"datePublished\":\"2026-04-04T11:54:46+00:00\",\"description\":\"16-Pack Huawei REH-1.5E puhala za dvorce na napuhavanje \u2013 1,5 KS, 85 dB, promjer lijevka 14,5 cm. Idealni paket za iznajmljiva\u010dke tvrtke s ve\u0107om flotom dvoraca na napuhavanje.\",\"breadcrumb\":{\"@id\":\"https:\\\/\\\/dodo-inflatables.com\\\/hr\\\/proizvod\\\/16-pack-huawei-reh-1-5e-puhala-za-dvorce-na-napuhavanje\\\/#breadcrumb\"},\"inLanguage\":\"hr\",\"potentialAction\":[{\"@type\":\"ReadAction\",\"target\":[\"https:\\\/\\\/dodo-inflatables.com\\\/hr\\\/proizvod\\\/16-pack-huawei-reh-1-5e-puhala-za-dvorce-na-napuhavanje\\\/\"]}]},{\"@type\":\"ImageObject\",\"inLanguage\":\"hr\",\"@id\":\"https:\\\/\\\/dodo-inflatables.com\\\/hr\\\/proizvod\\\/16-pack-huawei-reh-1-5e-puhala-za-dvorce-na-napuhavanje\\\/#primaryimage\",\"url\":\"https:\\\/\\\/dodo-inflatables.com\\\/wp-content\\\/uploads\\\/2026\\\/04\\\/huawei-huepfburg-geblaese-kaufen.jpg\",\"contentUrl\":\"https:\\\/\\\/dodo-inflatables.com\\\/wp-content\\\/uploads\\\/2026\\\/04\\\/huawei-huepfburg-geblaese-kaufen.jpg\",\"width\":1000,\"height\":1000,\"caption\":\"16-Pack Huawei REH-1.5E puhala za dvorce na napuhavanje | Dodo Inflatables\"},{\"@type\":\"BreadcrumbList\",\"@id\":\"https:\\\/\\\/dodo-inflatables.com\\\/hr\\\/proizvod\\\/16-pack-huawei-reh-1-5e-puhala-za-dvorce-na-napuhavanje\\\/#breadcrumb\",\"itemListElement\":[{\"@type\":\"ListItem\",\"position\":1,\"name\":\"Po\u010detna stranica\",\"item\":\"https:\\\/\\\/dodo-inflatables.com\\\/hr\\\/\"},{\"@type\":\"ListItem\",\"position\":2,\"name\":\"Shop\",\"item\":\"https:\\\/\\\/dodo-inflatables.com\\\/hr\\\/shop\\\/\"},{\"@type\":\"ListItem\",\"position\":3,\"name\":\"16-Pack Huawei REH-1.5E puhala za dvorce na napuhavanje\"}]},{\"@type\":\"WebSite\",\"@id\":\"https:\\\/\\\/dodo-inflatables.com\\\/hr\\\/#website\",\"url\":\"https:\\\/\\\/dodo-inflatables.com\\\/hr\\\/\",\"name\":\"dodo-inflatables.com\",\"description\":\"Kupite dvorce na napuhavanje i atrakcije u na\u0161oj trgovini.\",\"potentialAction\":[{\"@type\":\"SearchAction\",\"target\":{\"@type\":\"EntryPoint\",\"urlTemplate\":\"https:\\\/\\\/dodo-inflatables.com\\\/hr\\\/?s={search_term_string}\"},\"query-input\":{\"@type\":\"PropertyValueSpecification\",\"valueRequired\":true,\"valueName\":\"search_term_string\"}}],\"inLanguage\":\"hr\"}]}<\/script>\n<!-- \/ Yoast SEO plugin. -->","yoast_head_json":{"title":"16-Pack Huawei REH-1.5E puhala za dvorce na napuhavanje | Dodo Inflatables","description":"16-Pack Huawei REH-1.5E puhala za dvorce na napuhavanje \u2013 1,5 KS, 85 dB, promjer lijevka 14,5 cm. Idealni paket za iznajmljiva\u010dke tvrtke s ve\u0107om flotom dvoraca na napuhavanje.","robots":{"index":"index","follow":"follow","max-snippet":"max-snippet:-1","max-image-preview":"max-image-preview:large","max-video-preview":"max-video-preview:-1"},"canonical":"https:\/\/dodo-inflatables.com\/hr\/proizvod\/16-pack-huawei-reh-1-5e-puhala-za-dvorce-na-napuhavanje\/","twitter_misc":{"Procijenjeno vrijeme \u010ditanja":"1 minuta"},"schema":{"@context":"https:\/\/schema.org","@graph":[{"@type":"WebPage","@id":"https:\/\/dodo-inflatables.com\/hr\/proizvod\/16-pack-huawei-reh-1-5e-puhala-za-dvorce-na-napuhavanje\/","url":"https:\/\/dodo-inflatables.com\/hr\/proizvod\/16-pack-huawei-reh-1-5e-puhala-za-dvorce-na-napuhavanje\/","name":"16-Pack Huawei REH-1.5E puhala za dvorce na napuhavanje | Dodo Inflatables","isPartOf":{"@id":"https:\/\/dodo-inflatables.com\/hr\/#website"},"primaryImageOfPage":{"@id":"https:\/\/dodo-inflatables.com\/hr\/proizvod\/16-pack-huawei-reh-1-5e-puhala-za-dvorce-na-napuhavanje\/#primaryimage"},"image":{"@id":"https:\/\/dodo-inflatables.com\/hr\/proizvod\/16-pack-huawei-reh-1-5e-puhala-za-dvorce-na-napuhavanje\/#primaryimage"},"thumbnailUrl":"https:\/\/dodo-inflatables.com\/wp-content\/uploads\/2026\/04\/huawei-huepfburg-geblaese-kaufen.jpg","datePublished":"2026-04-04T11:54:46+00:00","description":"16-Pack Huawei REH-1.5E puhala za dvorce na napuhavanje \u2013 1,5 KS, 85 dB, promjer lijevka 14,5 cm. Idealni paket za iznajmljiva\u010dke tvrtke s ve\u0107om flotom dvoraca na napuhavanje.","breadcrumb":{"@id":"https:\/\/dodo-inflatables.com\/hr\/proizvod\/16-pack-huawei-reh-1-5e-puhala-za-dvorce-na-napuhavanje\/#breadcrumb"},"inLanguage":"hr","potentialAction":[{"@type":"ReadAction","target":["https:\/\/dodo-inflatables.com\/hr\/proizvod\/16-pack-huawei-reh-1-5e-puhala-za-dvorce-na-napuhavanje\/"]}]},{"@type":"ImageObject","inLanguage":"hr","@id":"https:\/\/dodo-inflatables.com\/hr\/proizvod\/16-pack-huawei-reh-1-5e-puhala-za-dvorce-na-napuhavanje\/#primaryimage","url":"https:\/\/dodo-inflatables.com\/wp-content\/uploads\/2026\/04\/huawei-huepfburg-geblaese-kaufen.jpg","contentUrl":"https:\/\/dodo-inflatables.com\/wp-content\/uploads\/2026\/04\/huawei-huepfburg-geblaese-kaufen.jpg","width":1000,"height":1000,"caption":"16-Pack Huawei REH-1.5E puhala za dvorce na napuhavanje | Dodo Inflatables"},{"@type":"BreadcrumbList","@id":"https:\/\/dodo-inflatables.com\/hr\/proizvod\/16-pack-huawei-reh-1-5e-puhala-za-dvorce-na-napuhavanje\/#breadcrumb","itemListElement":[{"@type":"ListItem","position":1,"name":"Po\u010detna stranica","item":"https:\/\/dodo-inflatables.com\/hr\/"},{"@type":"ListItem","position":2,"name":"Shop","item":"https:\/\/dodo-inflatables.com\/hr\/shop\/"},{"@type":"ListItem","position":3,"name":"16-Pack Huawei REH-1.5E puhala za dvorce na napuhavanje"}]},{"@type":"WebSite","@id":"https:\/\/dodo-inflatables.com\/hr\/#website","url":"https:\/\/dodo-inflatables.com\/hr\/","name":"dodo-inflatables.com","description":"Kupite dvorce na napuhavanje i atrakcije u na\u0161oj trgovini.","potentialAction":[{"@type":"SearchAction","target":{"@type":"EntryPoint","urlTemplate":"https:\/\/dodo-inflatables.com\/hr\/?s={search_term_string}"},"query-input":{"@type":"PropertyValueSpecification","valueRequired":true,"valueName":"search_term_string"}}],"inLanguage":"hr"}]}},"uagb_featured_image_src":{"full":["https:\/\/dodo-inflatables.com\/wp-content\/uploads\/2026\/04\/huawei-huepfburg-geblaese-kaufen.jpg",1000,1000,false],"thumbnail":["https:\/\/dodo-inflatables.com\/wp-content\/uploads\/2026\/04\/huawei-huepfburg-geblaese-kaufen-150x150.jpg",150,150,true],"medium":["https:\/\/dodo-inflatables.com\/wp-content\/uploads\/2026\/04\/huawei-huepfburg-geblaese-kaufen-300x300.jpg",300,300,true],"medium_large":["https:\/\/dodo-inflatables.com\/wp-content\/uploads\/2026\/04\/huawei-huepfburg-geblaese-kaufen-768x768.jpg",768,768,true],"large":["https:\/\/dodo-inflatables.com\/wp-content\/uploads\/2026\/04\/huawei-huepfburg-geblaese-kaufen.jpg",1000,1000,false],"1536x1536":["https:\/\/dodo-inflatables.com\/wp-content\/uploads\/2026\/04\/huawei-huepfburg-geblaese-kaufen.jpg",1000,1000,false],"2048x2048":["https:\/\/dodo-inflatables.com\/wp-content\/uploads\/2026\/04\/huawei-huepfburg-geblaese-kaufen.jpg",1000,1000,false],"woocommerce_thumbnail":["https:\/\/dodo-inflatables.com\/wp-content\/uploads\/2026\/04\/huawei-huepfburg-geblaese-kaufen-900x900.jpg",900,900,true],"woocommerce_single":["https:\/\/dodo-inflatables.com\/wp-content\/uploads\/2026\/04\/huawei-huepfburg-geblaese-kaufen-900x900.jpg",900,900,true],"woocommerce_gallery_thumbnail":["https:\/\/dodo-inflatables.com\/wp-content\/uploads\/2026\/04\/huawei-huepfburg-geblaese-kaufen-100x100.jpg",100,100,true]},"uagb_author_info":{"display_name":"Andreas","author_link":"https:\/\/dodo-inflatables.com\/hr\/author\/"},"uagb_comment_info":0,"uagb_excerpt":"Detalji proizvoda (po puhalu): - Materijal: ku\u0107i\u0161te od visokokvalitetne plastike - Snaga: 1,35 kW (izlaz), 1,8 kW (ulaz), 1,5 KS - Priklju\u010dak: Schuko utika\u010d - Promjer lijevka: 14,5 cm - Dimenzije: 49 x 38,5 x 49,5 cm - Te\u017eina: 16,8 kg - Razina buke: 85 dB - WEEE registracijski broj: DE 82972723","_links":{"self":[{"href":"https:\/\/dodo-inflatables.com\/hr\/wp-json\/wp\/v2\/product\/105742","targetHints":{"allow":["GET"]}}],"collection":[{"href":"https:\/\/dodo-inflatables.com\/hr\/wp-json\/wp\/v2\/product"}],"about":[{"href":"https:\/\/dodo-inflatables.com\/hr\/wp-json\/wp\/v2\/types\/product"}],"replies":[{"embeddable":true,"href":"https:\/\/dodo-inflatables.com\/hr\/wp-json\/wp\/v2\/comments?post=105742"}],"wp:featuredmedia":[{"embeddable":true,"href":"https:\/\/dodo-inflatables.com\/hr\/wp-json\/wp\/v2\/media\/105741"}],"wp:attachment":[{"href":"https:\/\/dodo-inflatables.com\/hr\/wp-json\/wp\/v2\/media?parent=105742"}],"wp:term":[{"taxonomy":"product_brand","embeddable":true,"href":"https:\/\/dodo-inflatables.com\/hr\/wp-json\/wp\/v2\/product_brand?post=105742"},{"taxonomy":"product_cat","embeddable":true,"href":"https:\/\/dodo-inflatables.com\/hr\/wp-json\/wp\/v2\/product_cat?post=105742"},{"taxonomy":"product_tag","embeddable":true,"href":"https:\/\/dodo-inflatables.com\/hr\/wp-json\/wp\/v2\/product_tag?post=105742"}],"curies":[{"name":"wp","href":"https:\/\/api.w.org\/{rel}","templated":true}]}}