{"id":105777,"date":"2026-04-04T13:54:46","date_gmt":"2026-04-04T11:54:46","guid":{"rendered":"https:\/\/dodo-inflatables.com\/dodo-relaunch?product=vrecice-s-vodom-za-balastiranje-dvoraca-na-napuhavanje"},"modified":"2026-04-04T13:54:46","modified_gmt":"2026-04-04T11:54:46","slug":"vrecice-s-vodom-za-balastiranje-dvoraca-na-napuhavanje","status":"publish","type":"product","link":"https:\/\/dodo-inflatables.com\/hr\/proizvod\/vrecice-s-vodom-za-balastiranje-dvoraca-na-napuhavanje\/","title":{"rendered":"Vre\u0107ice s vodom za balastiranje dvoraca na napuhavanje"},"content":{"rendered":"<h2 class=\"p1\"><b>Kupite vre\u0107ice s vodom za balastiranje dvoraca na napuhavanje<\/b><\/h2>\n<p class=\"p1\">Na\u0161e vre\u0107ice s vodom nude prakti\u010dno, mobilno i standardima uskla\u0111eno rje\u0161enje za osiguravanje va\u0161eg dvorca na napuhavanje \u2013 posebno pri postavljanju na asfalt, beton ili u zatvorenim prostorima. Idealan su na\u010din za sigurno i standardima uskla\u0111eno balastiranje dvoraca na napuhavanje, bez potrebe za transportom te\u0161kih dodatnih utega.<\/p>\n<p><strong>Jednostavno rukovanje:<\/strong><br \/>\nVre\u0107ice za balast mogu se lako napuniti s do 40 litara vode. Dva ventila (jedan na vrhu za punjenje i jedan na dnu za pra\u017enjenje) \u010dine ih posebno prakti\u010dnima za upotrebu i omogu\u0107uju brzo ispu\u0161tanje vode nakon upotrebe.<br \/>\n<strong>Uskla\u0111eno sidrenje prema DIN EN 14960:<\/strong><br \/>\nAko se koriste \u010detiri vre\u0107ice s vodom po to\u010dki sidrenja, to osigurava balastnu te\u017einu od 160 kg \u2013 to\u010dno onoliko koliko zahtijeva DIN EN 14960. To ih \u010dini idealnima za postavljanje gdje se ne mogu koristiti zemaljski klinovi.<br \/>\n<strong>Fleksibilno pri\u010dvr\u0161\u0107ivanje:<\/strong><br \/>\nZahvaljuju\u0107i \u010detiri \u010dvrste u\u0161ice, vre\u0107ice se lako mogu pri\u010dvrstiti za dvorac na napuhavanje pomo\u0107u remena.<br \/>\n<strong>Prakti\u010dan transport:<\/strong><br \/>\nDvije bo\u010dne ru\u010dke za no\u0161enje olak\u0161avaju premje\u0161tanje i pozicioniranje napunjenih vre\u0107ica s vodom. Trajni PVC materijal osigurava dug vijek trajanja, \u010dak i pri \u010destoj upotrebi.<br \/>\n&nbsp;<\/p>\n<h3><strong>Detalji o vre\u0107icama s vodom<\/strong><\/h3>\n<ul>\n<li>Kapacitet: 40 litara vode po vre\u0107ici<\/li>\n<li>Napunjena te\u017eina: oko 40 kg<\/li>\n<li>Veli\u010dina: oko 40 x 40 cm<\/li>\n<li>2 ventila (gore i dolje)<\/li>\n<li>4 u\u0161ice za pri\u010dvr\u0161\u0107ivanje<\/li>\n<li>2 ru\u010dke za no\u0161enje<\/li>\n<li>Materijal: trajni PVC<\/li>\n<\/ul>\n<p>&nbsp;<\/p>\n","protected":false},"excerpt":{"rendered":"<ul>\n<li>Kapacitet: 40 litara vode po vre\u0107ici<\/li>\n<li>Napunjena te\u017eina: oko 40 kg<\/li>\n<li>Veli\u010dina: oko 40 x 40 cm<\/li>\n<li>2 ventila (gore i dolje)<\/li>\n<li>4 u\u0161ice za pri\u010dvr\u0161\u0107ivanje<\/li>\n<li>2 ru\u010dke za no\u0161enje<\/li>\n<li>Materijal: trajni PVC<\/li>\n<\/ul>\n","protected":false},"featured_media":105775,"comment_status":"open","ping_status":"closed","template":"","meta":{"_acf_changed":false,"_uag_custom_page_level_css":"","site-sidebar-layout":"default","site-content-layout":"boxed-container","ast-site-content-layout":"normal-width-container","site-content-style":"boxed","site-sidebar-style":"default","ast-global-header-display":"","ast-banner-title-visibility":"","ast-main-header-display":"","ast-hfb-above-header-display":"","ast-hfb-below-header-display":"","ast-hfb-mobile-header-display":"","site-post-title":"disabled","ast-breadcrumbs-content":"","ast-featured-img":"","footer-sml-layout":"","ast-disable-related-posts":"","theme-transparent-header-meta":"default","adv-header-id-meta":"","stick-header-meta":"default","header-above-stick-meta":"","header-main-stick-meta":"","header-below-stick-meta":"","astra-migrate-meta-layouts":"default","ast-page-background-enabled":"default","ast-page-background-meta":{"desktop":{"background-color":"var(--ast-global-color-4)","background-image":"","background-repeat":"repeat","background-position":"center center","background-size":"auto","background-attachment":"scroll","background-type":"","background-media":"","overlay-type":"","overlay-color":"","overlay-opacity":"","overlay-gradient":""},"tablet":{"background-color":"","background-image":"","background-repeat":"repeat","background-position":"center center","background-size":"auto","background-attachment":"scroll","background-type":"","background-media":"","overlay-type":"","overlay-color":"","overlay-opacity":"","overlay-gradient":""},"mobile":{"background-color":"","background-image":"","background-repeat":"repeat","background-position":"center center","background-size":"auto","background-attachment":"scroll","background-type":"","background-media":"","overlay-type":"","overlay-color":"","overlay-opacity":"","overlay-gradient":""}},"ast-content-background-meta":{"desktop":{"background-color":"var(--ast-global-color-5)","background-image":"","background-repeat":"repeat","background-position":"center center","background-size":"auto","background-attachment":"scroll","background-type":"","background-media":"","overlay-type":"","overlay-color":"","overlay-opacity":"","overlay-gradient":""},"tablet":{"background-color":"var(--ast-global-color-5)","background-image":"","background-repeat":"repeat","background-position":"center center","background-size":"auto","background-attachment":"scroll","background-type":"","background-media":"","overlay-type":"","overlay-color":"","overlay-opacity":"","overlay-gradient":""},"mobile":{"background-color":"var(--ast-global-color-5)","background-image":"","background-repeat":"repeat","background-position":"center center","background-size":"auto","background-attachment":"scroll","background-type":"","background-media":"","overlay-type":"","overlay-color":"","overlay-opacity":"","overlay-gradient":""}}},"product_brand":[],"product_cat":[824],"product_tag":[],"class_list":{"0":"post-105777","1":"product","2":"type-product","3":"status-publish","4":"has-post-thumbnail","6":"product_cat-pribor","7":"product_shipping_class-zubehor","8":"desktop-align-center","9":"tablet-align-center","10":"mobile-align-center","11":"ast-product-gallery-layout-horizontal","12":"ast-product-tabs-layout-horizontal","14":"first","15":"instock","16":"taxable","17":"shipping-taxable","18":"purchasable","19":"product-type-simple"},"acf":[],"yoast_head":"<!-- This site is optimized with the Yoast SEO plugin v27.5 - https:\/\/yoast.com\/product\/yoast-seo-wordpress\/ -->\n<title>Vre\u0107ice s vodom za balastiranje dvoraca na napuhavanje | Dodo Inflatables<\/title>\n<meta name=\"description\" content=\"Vre\u0107ice s vodom za balastiranje dvoraca na napuhavanje \u2013 kapacitet 40 litara, oko 40 kg napunjene te\u017eine, uskla\u0111eno s DIN EN 14960. Idealno za postavljanje na asfalt, beton ili u zatvorenim prostorima.\" \/>\n<meta name=\"robots\" content=\"index, follow, max-snippet:-1, max-image-preview:large, max-video-preview:-1\" \/>\n<link rel=\"canonical\" href=\"https:\/\/dodo-inflatables.com\/hr\/proizvod\/vrecice-s-vodom-za-balastiranje-dvoraca-na-napuhavanje\/\" \/>\n<meta name=\"twitter:label1\" content=\"Procijenjeno vrijeme \u010ditanja\" \/>\n\t<meta name=\"twitter:data1\" content=\"1 minuta\" \/>\n<script type=\"application\/ld+json\" class=\"yoast-schema-graph\">{\"@context\":\"https:\\\/\\\/schema.org\",\"@graph\":[{\"@type\":\"WebPage\",\"@id\":\"https:\\\/\\\/dodo-inflatables.com\\\/hr\\\/proizvod\\\/vrecice-s-vodom-za-balastiranje-dvoraca-na-napuhavanje\\\/\",\"url\":\"https:\\\/\\\/dodo-inflatables.com\\\/hr\\\/proizvod\\\/vrecice-s-vodom-za-balastiranje-dvoraca-na-napuhavanje\\\/\",\"name\":\"Vre\u0107ice s vodom za balastiranje dvoraca na napuhavanje | Dodo Inflatables\",\"isPartOf\":{\"@id\":\"https:\\\/\\\/dodo-inflatables.com\\\/hr\\\/#website\"},\"primaryImageOfPage\":{\"@id\":\"https:\\\/\\\/dodo-inflatables.com\\\/hr\\\/proizvod\\\/vrecice-s-vodom-za-balastiranje-dvoraca-na-napuhavanje\\\/#primaryimage\"},\"image\":{\"@id\":\"https:\\\/\\\/dodo-inflatables.com\\\/hr\\\/proizvod\\\/vrecice-s-vodom-za-balastiranje-dvoraca-na-napuhavanje\\\/#primaryimage\"},\"thumbnailUrl\":\"https:\\\/\\\/dodo-inflatables.com\\\/wp-content\\\/uploads\\\/2026\\\/04\\\/neu-179dodo.jpg\",\"datePublished\":\"2026-04-04T11:54:46+00:00\",\"description\":\"Vre\u0107ice s vodom za balastiranje dvoraca na napuhavanje \u2013 kapacitet 40 litara, oko 40 kg napunjene te\u017eine, uskla\u0111eno s DIN EN 14960. Idealno za postavljanje na asfalt, beton ili u zatvorenim prostorima.\",\"breadcrumb\":{\"@id\":\"https:\\\/\\\/dodo-inflatables.com\\\/hr\\\/proizvod\\\/vrecice-s-vodom-za-balastiranje-dvoraca-na-napuhavanje\\\/#breadcrumb\"},\"inLanguage\":\"hr\",\"potentialAction\":[{\"@type\":\"ReadAction\",\"target\":[\"https:\\\/\\\/dodo-inflatables.com\\\/hr\\\/proizvod\\\/vrecice-s-vodom-za-balastiranje-dvoraca-na-napuhavanje\\\/\"]}]},{\"@type\":\"ImageObject\",\"inLanguage\":\"hr\",\"@id\":\"https:\\\/\\\/dodo-inflatables.com\\\/hr\\\/proizvod\\\/vrecice-s-vodom-za-balastiranje-dvoraca-na-napuhavanje\\\/#primaryimage\",\"url\":\"https:\\\/\\\/dodo-inflatables.com\\\/wp-content\\\/uploads\\\/2026\\\/04\\\/neu-179dodo.jpg\",\"contentUrl\":\"https:\\\/\\\/dodo-inflatables.com\\\/wp-content\\\/uploads\\\/2026\\\/04\\\/neu-179dodo.jpg\",\"width\":1000,\"height\":1000,\"caption\":\"Vre\u0107ice s vodom za balastiranje dvoraca na napuhavanje | Dodo Inflatables\"},{\"@type\":\"BreadcrumbList\",\"@id\":\"https:\\\/\\\/dodo-inflatables.com\\\/hr\\\/proizvod\\\/vrecice-s-vodom-za-balastiranje-dvoraca-na-napuhavanje\\\/#breadcrumb\",\"itemListElement\":[{\"@type\":\"ListItem\",\"position\":1,\"name\":\"Po\u010detna stranica\",\"item\":\"https:\\\/\\\/dodo-inflatables.com\\\/hr\\\/\"},{\"@type\":\"ListItem\",\"position\":2,\"name\":\"Shop\",\"item\":\"https:\\\/\\\/dodo-inflatables.com\\\/hr\\\/shop\\\/\"},{\"@type\":\"ListItem\",\"position\":3,\"name\":\"Vre\u0107ice s vodom za balastiranje dvoraca na napuhavanje\"}]},{\"@type\":\"WebSite\",\"@id\":\"https:\\\/\\\/dodo-inflatables.com\\\/hr\\\/#website\",\"url\":\"https:\\\/\\\/dodo-inflatables.com\\\/hr\\\/\",\"name\":\"dodo-inflatables.com\",\"description\":\"Kupite dvorce na napuhavanje i atrakcije u na\u0161oj trgovini.\",\"potentialAction\":[{\"@type\":\"SearchAction\",\"target\":{\"@type\":\"EntryPoint\",\"urlTemplate\":\"https:\\\/\\\/dodo-inflatables.com\\\/hr\\\/?s={search_term_string}\"},\"query-input\":{\"@type\":\"PropertyValueSpecification\",\"valueRequired\":true,\"valueName\":\"search_term_string\"}}],\"inLanguage\":\"hr\"}]}<\/script>\n<!-- \/ Yoast SEO plugin. -->","yoast_head_json":{"title":"Vre\u0107ice s vodom za balastiranje dvoraca na napuhavanje | Dodo Inflatables","description":"Vre\u0107ice s vodom za balastiranje dvoraca na napuhavanje \u2013 kapacitet 40 litara, oko 40 kg napunjene te\u017eine, uskla\u0111eno s DIN EN 14960. Idealno za postavljanje na asfalt, beton ili u zatvorenim prostorima.","robots":{"index":"index","follow":"follow","max-snippet":"max-snippet:-1","max-image-preview":"max-image-preview:large","max-video-preview":"max-video-preview:-1"},"canonical":"https:\/\/dodo-inflatables.com\/hr\/proizvod\/vrecice-s-vodom-za-balastiranje-dvoraca-na-napuhavanje\/","twitter_misc":{"Procijenjeno vrijeme \u010ditanja":"1 minuta"},"schema":{"@context":"https:\/\/schema.org","@graph":[{"@type":"WebPage","@id":"https:\/\/dodo-inflatables.com\/hr\/proizvod\/vrecice-s-vodom-za-balastiranje-dvoraca-na-napuhavanje\/","url":"https:\/\/dodo-inflatables.com\/hr\/proizvod\/vrecice-s-vodom-za-balastiranje-dvoraca-na-napuhavanje\/","name":"Vre\u0107ice s vodom za balastiranje dvoraca na napuhavanje | Dodo Inflatables","isPartOf":{"@id":"https:\/\/dodo-inflatables.com\/hr\/#website"},"primaryImageOfPage":{"@id":"https:\/\/dodo-inflatables.com\/hr\/proizvod\/vrecice-s-vodom-za-balastiranje-dvoraca-na-napuhavanje\/#primaryimage"},"image":{"@id":"https:\/\/dodo-inflatables.com\/hr\/proizvod\/vrecice-s-vodom-za-balastiranje-dvoraca-na-napuhavanje\/#primaryimage"},"thumbnailUrl":"https:\/\/dodo-inflatables.com\/wp-content\/uploads\/2026\/04\/neu-179dodo.jpg","datePublished":"2026-04-04T11:54:46+00:00","description":"Vre\u0107ice s vodom za balastiranje dvoraca na napuhavanje \u2013 kapacitet 40 litara, oko 40 kg napunjene te\u017eine, uskla\u0111eno s DIN EN 14960. Idealno za postavljanje na asfalt, beton ili u zatvorenim prostorima.","breadcrumb":{"@id":"https:\/\/dodo-inflatables.com\/hr\/proizvod\/vrecice-s-vodom-za-balastiranje-dvoraca-na-napuhavanje\/#breadcrumb"},"inLanguage":"hr","potentialAction":[{"@type":"ReadAction","target":["https:\/\/dodo-inflatables.com\/hr\/proizvod\/vrecice-s-vodom-za-balastiranje-dvoraca-na-napuhavanje\/"]}]},{"@type":"ImageObject","inLanguage":"hr","@id":"https:\/\/dodo-inflatables.com\/hr\/proizvod\/vrecice-s-vodom-za-balastiranje-dvoraca-na-napuhavanje\/#primaryimage","url":"https:\/\/dodo-inflatables.com\/wp-content\/uploads\/2026\/04\/neu-179dodo.jpg","contentUrl":"https:\/\/dodo-inflatables.com\/wp-content\/uploads\/2026\/04\/neu-179dodo.jpg","width":1000,"height":1000,"caption":"Vre\u0107ice s vodom za balastiranje dvoraca na napuhavanje | Dodo Inflatables"},{"@type":"BreadcrumbList","@id":"https:\/\/dodo-inflatables.com\/hr\/proizvod\/vrecice-s-vodom-za-balastiranje-dvoraca-na-napuhavanje\/#breadcrumb","itemListElement":[{"@type":"ListItem","position":1,"name":"Po\u010detna stranica","item":"https:\/\/dodo-inflatables.com\/hr\/"},{"@type":"ListItem","position":2,"name":"Shop","item":"https:\/\/dodo-inflatables.com\/hr\/shop\/"},{"@type":"ListItem","position":3,"name":"Vre\u0107ice s vodom za balastiranje dvoraca na napuhavanje"}]},{"@type":"WebSite","@id":"https:\/\/dodo-inflatables.com\/hr\/#website","url":"https:\/\/dodo-inflatables.com\/hr\/","name":"dodo-inflatables.com","description":"Kupite dvorce na napuhavanje i atrakcije u na\u0161oj trgovini.","potentialAction":[{"@type":"SearchAction","target":{"@type":"EntryPoint","urlTemplate":"https:\/\/dodo-inflatables.com\/hr\/?s={search_term_string}"},"query-input":{"@type":"PropertyValueSpecification","valueRequired":true,"valueName":"search_term_string"}}],"inLanguage":"hr"}]}},"uagb_featured_image_src":{"full":["https:\/\/dodo-inflatables.com\/wp-content\/uploads\/2026\/04\/neu-179dodo.jpg",1000,1000,false],"thumbnail":["https:\/\/dodo-inflatables.com\/wp-content\/uploads\/2026\/04\/neu-179dodo-150x150.jpg",150,150,true],"medium":["https:\/\/dodo-inflatables.com\/wp-content\/uploads\/2026\/04\/neu-179dodo-300x300.jpg",300,300,true],"medium_large":["https:\/\/dodo-inflatables.com\/wp-content\/uploads\/2026\/04\/neu-179dodo-768x768.jpg",768,768,true],"large":["https:\/\/dodo-inflatables.com\/wp-content\/uploads\/2026\/04\/neu-179dodo.jpg",1000,1000,false],"1536x1536":["https:\/\/dodo-inflatables.com\/wp-content\/uploads\/2026\/04\/neu-179dodo.jpg",1000,1000,false],"2048x2048":["https:\/\/dodo-inflatables.com\/wp-content\/uploads\/2026\/04\/neu-179dodo.jpg",1000,1000,false],"woocommerce_thumbnail":["https:\/\/dodo-inflatables.com\/wp-content\/uploads\/2026\/04\/neu-179dodo-900x900.jpg",900,900,true],"woocommerce_single":["https:\/\/dodo-inflatables.com\/wp-content\/uploads\/2026\/04\/neu-179dodo-900x900.jpg",900,900,true],"woocommerce_gallery_thumbnail":["https:\/\/dodo-inflatables.com\/wp-content\/uploads\/2026\/04\/neu-179dodo-100x100.jpg",100,100,true]},"uagb_author_info":{"display_name":"Andreas","author_link":"https:\/\/dodo-inflatables.com\/hr\/author\/"},"uagb_comment_info":0,"uagb_excerpt":"Kapacitet: 40 litara vode po vre\u0107ici Napunjena te\u017eina: oko 40 kg Veli\u010dina: oko 40 x 40 cm 2 ventila (gore i dolje) 4 u\u0161ice za pri\u010dvr\u0161\u0107ivanje 2 ru\u010dke za no\u0161enje Materijal: trajni PVC","_links":{"self":[{"href":"https:\/\/dodo-inflatables.com\/hr\/wp-json\/wp\/v2\/product\/105777","targetHints":{"allow":["GET"]}}],"collection":[{"href":"https:\/\/dodo-inflatables.com\/hr\/wp-json\/wp\/v2\/product"}],"about":[{"href":"https:\/\/dodo-inflatables.com\/hr\/wp-json\/wp\/v2\/types\/product"}],"replies":[{"embeddable":true,"href":"https:\/\/dodo-inflatables.com\/hr\/wp-json\/wp\/v2\/comments?post=105777"}],"wp:featuredmedia":[{"embeddable":true,"href":"https:\/\/dodo-inflatables.com\/hr\/wp-json\/wp\/v2\/media\/105775"}],"wp:attachment":[{"href":"https:\/\/dodo-inflatables.com\/hr\/wp-json\/wp\/v2\/media?parent=105777"}],"wp:term":[{"taxonomy":"product_brand","embeddable":true,"href":"https:\/\/dodo-inflatables.com\/hr\/wp-json\/wp\/v2\/product_brand?post=105777"},{"taxonomy":"product_cat","embeddable":true,"href":"https:\/\/dodo-inflatables.com\/hr\/wp-json\/wp\/v2\/product_cat?post=105777"},{"taxonomy":"product_tag","embeddable":true,"href":"https:\/\/dodo-inflatables.com\/hr\/wp-json\/wp\/v2\/product_tag?post=105777"}],"curies":[{"name":"wp","href":"https:\/\/api.w.org\/{rel}","templated":true}]}}