{"id":105997,"date":"2026-04-04T13:54:45","date_gmt":"2026-04-04T11:54:45","guid":{"rendered":"https:\/\/dodo-inflatables.com\/dodo-relaunch?product=monitor-napona-kontroler-napona-za-dvorce-na-napuhavanje-huawei-se-s02"},"modified":"2026-04-04T13:54:45","modified_gmt":"2026-04-04T11:54:45","slug":"monitor-napona-kontroler-napona-za-dvorce-na-napuhavanje-huawei-se-s02","status":"publish","type":"product","link":"https:\/\/dodo-inflatables.com\/hr\/proizvod\/monitor-napona-kontroler-napona-za-dvorce-na-napuhavanje-huawei-se-s02\/","title":{"rendered":"Monitor napona \/ kontroler napona za dvorce na napuhavanje \u2013 Huawei SE-S02"},"content":{"rendered":"<h1><b>Kupite monitor napona \/ kontroler napona za dvorce na napuhavanje \u2013 Huawei SE-S02<\/b><\/h1>\n<p>Huawei SE-S02 Smart Monitoring kontroler napona dizajniran je za pra\u0107enje napajanja dvoraca na napuhavanje i napuhavaju\u0107e opreme za igru.<br \/>\nKontinuirano provjerava dolazni napon i pru\u017ea vizualna i akusti\u010dna upozorenja ako do\u0111e do fluktuacija napona koje bi mogle utjecati na sigurno funkcioniranje.<br \/>\nOvaj monitor napona poma\u017ee osigurati stabilne i pouzdane performanse puhala te je posebno prikladan za profesionalnu upotrebu u sektoru iznajmljivanja i doga\u0111anja.<br \/>\n<strong>Pra\u0107enje mre\u017enog napona:<\/strong><br \/>\nSE-S02 mjeri dolazni napon u rasponu od 150\u2013275 V i jasno ga prikazuje na digitalnom zaslonu.<br \/>\n<strong>Vizualna i akusti\u010dna upozorenja:<\/strong><br \/>\nAko do\u0111e do nepravilnosti napona, odmah se aktivira upozorenje putem LED zaslona i zvu\u010dnog signala, \u0161to omogu\u0107uje brzo djelovanje.<br \/>\n<strong>Dvije uti\u010dnice za puhala:<\/strong><br \/>\nKontroler napona ima dva izlaza i omogu\u0107uje priklju\u010divanje jednog ili dva puhala s ukupnom snagom do 3200 W.<br \/>\n<strong>Robusni dizajn otporan na vremenske uvjete:<\/strong><br \/>\nKu\u0107i\u0161te je vatrostalno i vodootporno te je dizajnirano za upotrebu u tipi\u010dnim okru\u017eenjima dvoraca na napuhavanje, i unutra i vani.<br \/>\n<strong>Kompaktan i jednostavan za instalaciju:<\/strong><br \/>\nZahvaljuju\u0107i kompaktnim dimenzijama i jasnom zaslonu, monitor napona mo\u017ee se brzo integrirati i lako koristiti.<\/p>\n<h3>Detalji o monitoru napona<\/h3>\n<ul>\n<li>Dimenzije (\u0160 \u00d7 D \u00d7 V): oko 155 \u00d7 113 \u00d7 85 mm<\/li>\n<li class=\"p1\">Raspon napona: 150\u2013275 V<\/li>\n<li class=\"p1\">Izlaz uti\u010dnice (pojedina\u010dni): 2200 W<\/li>\n<li class=\"p1\">Ukupni izlaz uti\u010dnica: 3200 W<\/li>\n<\/ul>\n","protected":false},"excerpt":{"rendered":"<ul>\n<li>Dimenzije (\u0160 \u00d7 D \u00d7 V): oko 155 \u00d7 113 \u00d7 85 mm<\/li>\n<li class=\"p1\">Raspon napona: 150\u2013275 V<\/li>\n<li class=\"p1\">Izlaz uti\u010dnice (pojedina\u010dni): 2200 W<\/li>\n<li class=\"p1\">Ukupni izlaz uti\u010dnica: 3200 W<\/li>\n<\/ul>\n","protected":false},"featured_media":105996,"comment_status":"open","ping_status":"closed","template":"","meta":{"_acf_changed":false,"_uag_custom_page_level_css":"","site-sidebar-layout":"default","site-content-layout":"boxed-container","ast-site-content-layout":"normal-width-container","site-content-style":"boxed","site-sidebar-style":"default","ast-global-header-display":"","ast-banner-title-visibility":"","ast-main-header-display":"","ast-hfb-above-header-display":"","ast-hfb-below-header-display":"","ast-hfb-mobile-header-display":"","site-post-title":"disabled","ast-breadcrumbs-content":"","ast-featured-img":"","footer-sml-layout":"","ast-disable-related-posts":"","theme-transparent-header-meta":"default","adv-header-id-meta":"","stick-header-meta":"default","header-above-stick-meta":"","header-main-stick-meta":"","header-below-stick-meta":"","astra-migrate-meta-layouts":"default","ast-page-background-enabled":"default","ast-page-background-meta":{"desktop":{"background-color":"var(--ast-global-color-4)","background-image":"","background-repeat":"repeat","background-position":"center center","background-size":"auto","background-attachment":"scroll","background-type":"","background-media":"","overlay-type":"","overlay-color":"","overlay-opacity":"","overlay-gradient":""},"tablet":{"background-color":"","background-image":"","background-repeat":"repeat","background-position":"center center","background-size":"auto","background-attachment":"scroll","background-type":"","background-media":"","overlay-type":"","overlay-color":"","overlay-opacity":"","overlay-gradient":""},"mobile":{"background-color":"","background-image":"","background-repeat":"repeat","background-position":"center center","background-size":"auto","background-attachment":"scroll","background-type":"","background-media":"","overlay-type":"","overlay-color":"","overlay-opacity":"","overlay-gradient":""}},"ast-content-background-meta":{"desktop":{"background-color":"var(--ast-global-color-5)","background-image":"","background-repeat":"repeat","background-position":"center center","background-size":"auto","background-attachment":"scroll","background-type":"","background-media":"","overlay-type":"","overlay-color":"","overlay-opacity":"","overlay-gradient":""},"tablet":{"background-color":"var(--ast-global-color-5)","background-image":"","background-repeat":"repeat","background-position":"center center","background-size":"auto","background-attachment":"scroll","background-type":"","background-media":"","overlay-type":"","overlay-color":"","overlay-opacity":"","overlay-gradient":""},"mobile":{"background-color":"var(--ast-global-color-5)","background-image":"","background-repeat":"repeat","background-position":"center center","background-size":"auto","background-attachment":"scroll","background-type":"","background-media":"","overlay-type":"","overlay-color":"","overlay-opacity":"","overlay-gradient":""}}},"product_brand":[],"product_cat":[824],"product_tag":[],"class_list":{"0":"post-105997","1":"product","2":"type-product","3":"status-publish","4":"has-post-thumbnail","6":"product_cat-pribor","7":"product_shipping_class-zubehor","8":"desktop-align-center","9":"tablet-align-center","10":"mobile-align-center","11":"ast-product-gallery-layout-horizontal","12":"ast-product-gallery-with-no-image","13":"ast-product-tabs-layout-horizontal","15":"first","16":"instock","17":"taxable","18":"shipping-taxable","19":"purchasable","20":"product-type-simple"},"acf":[],"yoast_head":"<!-- This site is optimized with the Yoast SEO plugin v27.5 - https:\/\/yoast.com\/product\/yoast-seo-wordpress\/ -->\n<title>Monitor napona \/ kontroler napona za dvorce na napuhavanje \u2013 Huawei SE-S02 | Dodo Inflatables<\/title>\n<meta name=\"description\" content=\"Huawei SE-S02 monitor napona za dvorce na napuhavanje \u2013 raspon napona 150\u2013275 V, dvije uti\u010dnice do 3200 W ukupne snage, vizualna i akusti\u010dna upozorenja, vatrostalan i vodootporan.\" \/>\n<meta name=\"robots\" content=\"index, follow, max-snippet:-1, max-image-preview:large, max-video-preview:-1\" \/>\n<link rel=\"canonical\" href=\"https:\/\/dodo-inflatables.com\/hr\/proizvod\/monitor-napona-kontroler-napona-za-dvorce-na-napuhavanje-huawei-se-s02\/\" \/>\n<meta name=\"twitter:label1\" content=\"Procijenjeno vrijeme \u010ditanja\" \/>\n\t<meta name=\"twitter:data1\" content=\"1 minuta\" \/>\n<script type=\"application\/ld+json\" class=\"yoast-schema-graph\">{\"@context\":\"https:\\\/\\\/schema.org\",\"@graph\":[{\"@type\":\"WebPage\",\"@id\":\"https:\\\/\\\/dodo-inflatables.com\\\/hr\\\/proizvod\\\/monitor-napona-kontroler-napona-za-dvorce-na-napuhavanje-huawei-se-s02\\\/\",\"url\":\"https:\\\/\\\/dodo-inflatables.com\\\/hr\\\/proizvod\\\/monitor-napona-kontroler-napona-za-dvorce-na-napuhavanje-huawei-se-s02\\\/\",\"name\":\"Monitor napona \\\/ kontroler napona za dvorce na napuhavanje \u2013 Huawei SE-S02 | Dodo Inflatables\",\"isPartOf\":{\"@id\":\"https:\\\/\\\/dodo-inflatables.com\\\/hr\\\/#website\"},\"primaryImageOfPage\":{\"@id\":\"https:\\\/\\\/dodo-inflatables.com\\\/hr\\\/proizvod\\\/monitor-napona-kontroler-napona-za-dvorce-na-napuhavanje-huawei-se-s02\\\/#primaryimage\"},\"image\":{\"@id\":\"https:\\\/\\\/dodo-inflatables.com\\\/hr\\\/proizvod\\\/monitor-napona-kontroler-napona-za-dvorce-na-napuhavanje-huawei-se-s02\\\/#primaryimage\"},\"thumbnailUrl\":\"https:\\\/\\\/dodo-inflatables.com\\\/wp-content\\\/uploads\\\/2026\\\/04\\\/Spannungswaechter-fur-Huepfburgen-Geblaese.jpg\",\"datePublished\":\"2026-04-04T11:54:45+00:00\",\"description\":\"Huawei SE-S02 monitor napona za dvorce na napuhavanje \u2013 raspon napona 150\u2013275 V, dvije uti\u010dnice do 3200 W ukupne snage, vizualna i akusti\u010dna upozorenja, vatrostalan i vodootporan.\",\"breadcrumb\":{\"@id\":\"https:\\\/\\\/dodo-inflatables.com\\\/hr\\\/proizvod\\\/monitor-napona-kontroler-napona-za-dvorce-na-napuhavanje-huawei-se-s02\\\/#breadcrumb\"},\"inLanguage\":\"hr\",\"potentialAction\":[{\"@type\":\"ReadAction\",\"target\":[\"https:\\\/\\\/dodo-inflatables.com\\\/hr\\\/proizvod\\\/monitor-napona-kontroler-napona-za-dvorce-na-napuhavanje-huawei-se-s02\\\/\"]}]},{\"@type\":\"ImageObject\",\"inLanguage\":\"hr\",\"@id\":\"https:\\\/\\\/dodo-inflatables.com\\\/hr\\\/proizvod\\\/monitor-napona-kontroler-napona-za-dvorce-na-napuhavanje-huawei-se-s02\\\/#primaryimage\",\"url\":\"https:\\\/\\\/dodo-inflatables.com\\\/wp-content\\\/uploads\\\/2026\\\/04\\\/Spannungswaechter-fur-Huepfburgen-Geblaese.jpg\",\"contentUrl\":\"https:\\\/\\\/dodo-inflatables.com\\\/wp-content\\\/uploads\\\/2026\\\/04\\\/Spannungswaechter-fur-Huepfburgen-Geblaese.jpg\",\"width\":700,\"height\":700,\"caption\":\"Monitor napona \\\/ kontroler napona za dvorce na napuhavanje \u2013 Huawei SE-S02 | Dodo Inflatables\"},{\"@type\":\"BreadcrumbList\",\"@id\":\"https:\\\/\\\/dodo-inflatables.com\\\/hr\\\/proizvod\\\/monitor-napona-kontroler-napona-za-dvorce-na-napuhavanje-huawei-se-s02\\\/#breadcrumb\",\"itemListElement\":[{\"@type\":\"ListItem\",\"position\":1,\"name\":\"Po\u010detna stranica\",\"item\":\"https:\\\/\\\/dodo-inflatables.com\\\/hr\\\/\"},{\"@type\":\"ListItem\",\"position\":2,\"name\":\"Shop\",\"item\":\"https:\\\/\\\/dodo-inflatables.com\\\/hr\\\/shop\\\/\"},{\"@type\":\"ListItem\",\"position\":3,\"name\":\"Monitor napona \\\/ kontroler napona za dvorce na napuhavanje \u2013 Huawei SE-S02\"}]},{\"@type\":\"WebSite\",\"@id\":\"https:\\\/\\\/dodo-inflatables.com\\\/hr\\\/#website\",\"url\":\"https:\\\/\\\/dodo-inflatables.com\\\/hr\\\/\",\"name\":\"dodo-inflatables.com\",\"description\":\"Kupite dvorce na napuhavanje i atrakcije u na\u0161oj trgovini.\",\"potentialAction\":[{\"@type\":\"SearchAction\",\"target\":{\"@type\":\"EntryPoint\",\"urlTemplate\":\"https:\\\/\\\/dodo-inflatables.com\\\/hr\\\/?s={search_term_string}\"},\"query-input\":{\"@type\":\"PropertyValueSpecification\",\"valueRequired\":true,\"valueName\":\"search_term_string\"}}],\"inLanguage\":\"hr\"}]}<\/script>\n<!-- \/ Yoast SEO plugin. -->","yoast_head_json":{"title":"Monitor napona \/ kontroler napona za dvorce na napuhavanje \u2013 Huawei SE-S02 | Dodo Inflatables","description":"Huawei SE-S02 monitor napona za dvorce na napuhavanje \u2013 raspon napona 150\u2013275 V, dvije uti\u010dnice do 3200 W ukupne snage, vizualna i akusti\u010dna upozorenja, vatrostalan i vodootporan.","robots":{"index":"index","follow":"follow","max-snippet":"max-snippet:-1","max-image-preview":"max-image-preview:large","max-video-preview":"max-video-preview:-1"},"canonical":"https:\/\/dodo-inflatables.com\/hr\/proizvod\/monitor-napona-kontroler-napona-za-dvorce-na-napuhavanje-huawei-se-s02\/","twitter_misc":{"Procijenjeno vrijeme \u010ditanja":"1 minuta"},"schema":{"@context":"https:\/\/schema.org","@graph":[{"@type":"WebPage","@id":"https:\/\/dodo-inflatables.com\/hr\/proizvod\/monitor-napona-kontroler-napona-za-dvorce-na-napuhavanje-huawei-se-s02\/","url":"https:\/\/dodo-inflatables.com\/hr\/proizvod\/monitor-napona-kontroler-napona-za-dvorce-na-napuhavanje-huawei-se-s02\/","name":"Monitor napona \/ kontroler napona za dvorce na napuhavanje \u2013 Huawei SE-S02 | Dodo Inflatables","isPartOf":{"@id":"https:\/\/dodo-inflatables.com\/hr\/#website"},"primaryImageOfPage":{"@id":"https:\/\/dodo-inflatables.com\/hr\/proizvod\/monitor-napona-kontroler-napona-za-dvorce-na-napuhavanje-huawei-se-s02\/#primaryimage"},"image":{"@id":"https:\/\/dodo-inflatables.com\/hr\/proizvod\/monitor-napona-kontroler-napona-za-dvorce-na-napuhavanje-huawei-se-s02\/#primaryimage"},"thumbnailUrl":"https:\/\/dodo-inflatables.com\/wp-content\/uploads\/2026\/04\/Spannungswaechter-fur-Huepfburgen-Geblaese.jpg","datePublished":"2026-04-04T11:54:45+00:00","description":"Huawei SE-S02 monitor napona za dvorce na napuhavanje \u2013 raspon napona 150\u2013275 V, dvije uti\u010dnice do 3200 W ukupne snage, vizualna i akusti\u010dna upozorenja, vatrostalan i vodootporan.","breadcrumb":{"@id":"https:\/\/dodo-inflatables.com\/hr\/proizvod\/monitor-napona-kontroler-napona-za-dvorce-na-napuhavanje-huawei-se-s02\/#breadcrumb"},"inLanguage":"hr","potentialAction":[{"@type":"ReadAction","target":["https:\/\/dodo-inflatables.com\/hr\/proizvod\/monitor-napona-kontroler-napona-za-dvorce-na-napuhavanje-huawei-se-s02\/"]}]},{"@type":"ImageObject","inLanguage":"hr","@id":"https:\/\/dodo-inflatables.com\/hr\/proizvod\/monitor-napona-kontroler-napona-za-dvorce-na-napuhavanje-huawei-se-s02\/#primaryimage","url":"https:\/\/dodo-inflatables.com\/wp-content\/uploads\/2026\/04\/Spannungswaechter-fur-Huepfburgen-Geblaese.jpg","contentUrl":"https:\/\/dodo-inflatables.com\/wp-content\/uploads\/2026\/04\/Spannungswaechter-fur-Huepfburgen-Geblaese.jpg","width":700,"height":700,"caption":"Monitor napona \/ kontroler napona za dvorce na napuhavanje \u2013 Huawei SE-S02 | Dodo Inflatables"},{"@type":"BreadcrumbList","@id":"https:\/\/dodo-inflatables.com\/hr\/proizvod\/monitor-napona-kontroler-napona-za-dvorce-na-napuhavanje-huawei-se-s02\/#breadcrumb","itemListElement":[{"@type":"ListItem","position":1,"name":"Po\u010detna stranica","item":"https:\/\/dodo-inflatables.com\/hr\/"},{"@type":"ListItem","position":2,"name":"Shop","item":"https:\/\/dodo-inflatables.com\/hr\/shop\/"},{"@type":"ListItem","position":3,"name":"Monitor napona \/ kontroler napona za dvorce na napuhavanje \u2013 Huawei SE-S02"}]},{"@type":"WebSite","@id":"https:\/\/dodo-inflatables.com\/hr\/#website","url":"https:\/\/dodo-inflatables.com\/hr\/","name":"dodo-inflatables.com","description":"Kupite dvorce na napuhavanje i atrakcije u na\u0161oj trgovini.","potentialAction":[{"@type":"SearchAction","target":{"@type":"EntryPoint","urlTemplate":"https:\/\/dodo-inflatables.com\/hr\/?s={search_term_string}"},"query-input":{"@type":"PropertyValueSpecification","valueRequired":true,"valueName":"search_term_string"}}],"inLanguage":"hr"}]}},"uagb_featured_image_src":{"full":["https:\/\/dodo-inflatables.com\/wp-content\/uploads\/2026\/04\/Spannungswaechter-fur-Huepfburgen-Geblaese.jpg",700,700,false],"thumbnail":["https:\/\/dodo-inflatables.com\/wp-content\/uploads\/2026\/04\/Spannungswaechter-fur-Huepfburgen-Geblaese-150x150.jpg",150,150,true],"medium":["https:\/\/dodo-inflatables.com\/wp-content\/uploads\/2026\/04\/Spannungswaechter-fur-Huepfburgen-Geblaese-300x300.jpg",300,300,true],"medium_large":["https:\/\/dodo-inflatables.com\/wp-content\/uploads\/2026\/04\/Spannungswaechter-fur-Huepfburgen-Geblaese.jpg",700,700,false],"large":["https:\/\/dodo-inflatables.com\/wp-content\/uploads\/2026\/04\/Spannungswaechter-fur-Huepfburgen-Geblaese.jpg",700,700,false],"1536x1536":["https:\/\/dodo-inflatables.com\/wp-content\/uploads\/2026\/04\/Spannungswaechter-fur-Huepfburgen-Geblaese.jpg",700,700,false],"2048x2048":["https:\/\/dodo-inflatables.com\/wp-content\/uploads\/2026\/04\/Spannungswaechter-fur-Huepfburgen-Geblaese.jpg",700,700,false],"woocommerce_thumbnail":["https:\/\/dodo-inflatables.com\/wp-content\/uploads\/2026\/04\/Spannungswaechter-fur-Huepfburgen-Geblaese.jpg",700,700,false],"woocommerce_single":["https:\/\/dodo-inflatables.com\/wp-content\/uploads\/2026\/04\/Spannungswaechter-fur-Huepfburgen-Geblaese.jpg",700,700,false],"woocommerce_gallery_thumbnail":["https:\/\/dodo-inflatables.com\/wp-content\/uploads\/2026\/04\/Spannungswaechter-fur-Huepfburgen-Geblaese-100x100.jpg",100,100,true]},"uagb_author_info":{"display_name":"Andreas","author_link":"https:\/\/dodo-inflatables.com\/hr\/author\/"},"uagb_comment_info":0,"uagb_excerpt":"Dimenzije (\u0160 \u00d7 D \u00d7 V): oko 155 \u00d7 113 \u00d7 85 mm Raspon napona: 150\u2013275 V Izlaz uti\u010dnice (pojedina\u010dni): 2200 W Ukupni izlaz uti\u010dnica: 3200 W","_links":{"self":[{"href":"https:\/\/dodo-inflatables.com\/hr\/wp-json\/wp\/v2\/product\/105997","targetHints":{"allow":["GET"]}}],"collection":[{"href":"https:\/\/dodo-inflatables.com\/hr\/wp-json\/wp\/v2\/product"}],"about":[{"href":"https:\/\/dodo-inflatables.com\/hr\/wp-json\/wp\/v2\/types\/product"}],"replies":[{"embeddable":true,"href":"https:\/\/dodo-inflatables.com\/hr\/wp-json\/wp\/v2\/comments?post=105997"}],"wp:featuredmedia":[{"embeddable":true,"href":"https:\/\/dodo-inflatables.com\/hr\/wp-json\/wp\/v2\/media\/105996"}],"wp:attachment":[{"href":"https:\/\/dodo-inflatables.com\/hr\/wp-json\/wp\/v2\/media?parent=105997"}],"wp:term":[{"taxonomy":"product_brand","embeddable":true,"href":"https:\/\/dodo-inflatables.com\/hr\/wp-json\/wp\/v2\/product_brand?post=105997"},{"taxonomy":"product_cat","embeddable":true,"href":"https:\/\/dodo-inflatables.com\/hr\/wp-json\/wp\/v2\/product_cat?post=105997"},{"taxonomy":"product_tag","embeddable":true,"href":"https:\/\/dodo-inflatables.com\/hr\/wp-json\/wp\/v2\/product_tag?post=105997"}],"curies":[{"name":"wp","href":"https:\/\/api.w.org\/{rel}","templated":true}]}}