{"id":11305,"date":"2018-01-19T15:47:49","date_gmt":"2018-01-19T14:47:49","guid":{"rendered":"https:\/\/dodo-inflatables.com\/product\/nogometni-pikado\/"},"modified":"2026-02-04T15:43:26","modified_gmt":"2026-02-04T14:43:26","slug":"nogometni-pikado","status":"publish","type":"product","link":"https:\/\/dodo-inflatables.com\/hr\/proizvod\/nogometni-pikado\/","title":{"rendered":"Nogometni pikado"},"content":{"rendered":"<h2>Kupite pikado za nogomet na napuhavanje<\/h2>\n<p>Nogometni pikado najnoviji je trend na doga\u0111ajima iz Engleske. Nogometni pikado, poznat i kao nogometni pikado ili no\u017eni pikado, kombinira uobi\u010dajene nogometne i pikado vje\u0161tine i uklju\u010duje ga\u0111anje nogometnih lopti s \u010di\u010dak trakom protiv goleme pikado plo\u010de za napuhavanje.<\/p>\n<p>Na\u0161a velika nogometna pikado igra na napuhavanje visoka je 4,5 metara, \u0161to je \u010dini odli\u010dnim privla\u010dnim pogledom na bilo kojem nogometnom doga\u0111aju. Dopustite prijateljima, gostima, kupcima, kolegama ili va\u0161oj obitelji da se natje\u010du jedni protiv drugih u nogometnom pikadu i otkrijte tko je najbolji me\u0111u vama. Igra\u010di obi\u010dno imaju tri poku\u0161aja da ili stave lopticu \u0161to je mogu\u0107e bli\u017ee bullseyeu ili &#8220;upucaju&#8221; odre\u0111eni broj poena. Nisu samo va\u0161i suigra\u010di ti koji \u0107e vas bodriti, gledatelji \u0107e tako\u0111er gledati s uzbu\u0111enjem.<\/p>\n<p>Nogometni pikado se mo\u017ee igrati na bilo kojoj podlozi na kojoj se ina\u010de igra nogomet. Potrebne nogometne lopte na \u010di\u010dak isporu\u010duju se u skladu s tim. Izra\u0111ene su od posebnog \u010di\u010daka koji posebno dobro prianja uz \u010di\u010dak pikado plo\u010de za napuhavanje. Ove posebne <a href=\"https:\/\/dodo-inflatables.com\/product\/velcro-football-for-football-darts\/\">nogometne lopte na \u010di\u010dak<\/a> dostupne su i zasebno u kategoriji <a href=\"https:\/\/dodo-inflatables.com\/product-category\/accessories\/\">dodataka<\/a> .<\/p>\n<p>&nbsp;<\/p>\n<h4>Detalji o strelici za nogomet na napuhavanje<\/h4>\n<ul>\n<li>Dimenzije (D x \u0160 x V): 4,50 mx 6,20 mx 4,50 m *<\/li>\n<li>Te\u017eina: cca. 95 kg *<\/li>\n<li>Veli\u010dina pakiranja: 100 x 70 x 70 cm *<\/li>\n<li>Vrijeme sastavljanja: 10 minuta<\/li>\n<li>Materijal: 0,55 mm PVC i \u010di\u010dak<\/li>\n<li>Zamjenjiva pikado plo\u010da na \u010di\u010dak<\/li>\n<li>Zip s \u010di\u010dak navlakom, oja\u010dani uglovi, visokokvalitetni \u010di\u010dak<\/li>\n<li>U\u017ee za va\u0111enje kuglica<\/li>\n<\/ul>\n<p>Uklju\u010deno u opseg isporuke: Pikado za nogomet i tri nogometne lopte s visokokvalitetnim \u010di\u010dak poklopcem<\/p>\n<p>Puhalo i lim nisu uklju\u010deni. Oni se mogu prona\u0107i u kategoriji pribora.<\/p>\n<p>Svi na\u0161i dvorci na napuhavanje i atrakcije na napuhavanje profesionalni su moduli koji su prikladni za profesionalne tvrtke za iznajmljivanje i kori\u0161tenje u parkovima za razonodu, unutarnjim igrali\u0161tima i sli\u010dno.<\/p>\n<p><strong>Va\u017ene upute za rad<\/strong><\/p>\n<p>Puhalo (nije uklju\u010deno) mora raditi neprekidno tijekom uporabe.<br \/>\n Lagano curenje zraka kroz rupe u \u0161avovima je normalno.<\/p>\n<p>* Te\u017eina i dimenzije su pribli\u017ene i mogu malo odstupati<\/p>\n","protected":false},"excerpt":{"rendered":"<p><i class=\"fa fa-arrows-alt\"><\/i>  Dimenzije (D x \u0160 x V): 4,50 mx 6,20 mx 4,50 m *<br \/>\n<i class=\"fa fa-plus\"><\/i>  Uklju\u010duje tri nogometne lopte s \u010di\u010dak navlakom, zamjenjivu \u010di\u010dak plo\u010du za pikado<i class=\"fa fa-check\"><\/i> Profesionalni modul &#8211; pogodan za komercijalnu i privatnu upotrebu<\/p>\n<p><i class=\"fa fa-square\"><\/i>  PVC (0,55 mm \/ 621,3 g\/m2) i \u010di\u010dak<br \/>\n<i class=\"fa fa-align-justify\"><\/i>  2 &#8211; 4 puta pro\u0161ivena (ovisno o optere\u0107enju)<br \/>\n<i class=\"fa fa-fire\"><\/i>  Usporava plamen<br \/>\n<i class=\"fas fa-edit\"><\/i>  uklj. pojedina\u010dni serijski broj<\/p>\n","protected":false},"featured_media":10698,"comment_status":"open","ping_status":"closed","template":"","meta":{"_acf_changed":false,"_uag_custom_page_level_css":"","site-sidebar-layout":"default","site-content-layout":"boxed-container","ast-site-content-layout":"normal-width-container","site-content-style":"boxed","site-sidebar-style":"boxed","ast-global-header-display":"","ast-banner-title-visibility":"","ast-main-header-display":"","ast-hfb-above-header-display":"","ast-hfb-below-header-display":"","ast-hfb-mobile-header-display":"","site-post-title":"disabled","ast-breadcrumbs-content":"","ast-featured-img":"","footer-sml-layout":"","ast-disable-related-posts":"","theme-transparent-header-meta":"default","adv-header-id-meta":"","stick-header-meta":"default","header-above-stick-meta":"","header-main-stick-meta":"","header-below-stick-meta":"","astra-migrate-meta-layouts":"default","ast-page-background-enabled":"default","ast-page-background-meta":{"desktop":{"background-color":"var(--ast-global-color-4)","background-image":"","background-repeat":"repeat","background-position":"center center","background-size":"auto","background-attachment":"scroll","background-type":"","background-media":"","overlay-type":"","overlay-color":"","overlay-opacity":"","overlay-gradient":""},"tablet":{"background-color":"","background-image":"","background-repeat":"repeat","background-position":"center center","background-size":"auto","background-attachment":"scroll","background-type":"","background-media":"","overlay-type":"","overlay-color":"","overlay-opacity":"","overlay-gradient":""},"mobile":{"background-color":"","background-image":"","background-repeat":"repeat","background-position":"center center","background-size":"auto","background-attachment":"scroll","background-type":"","background-media":"","overlay-type":"","overlay-color":"","overlay-opacity":"","overlay-gradient":""}},"ast-content-background-meta":{"desktop":{"background-color":"var(--ast-global-color-5)","background-image":"","background-repeat":"repeat","background-position":"center center","background-size":"auto","background-attachment":"scroll","background-type":"","background-media":"","overlay-type":"","overlay-color":"","overlay-opacity":"","overlay-gradient":""},"tablet":{"background-color":"var(--ast-global-color-5)","background-image":"","background-repeat":"repeat","background-position":"center center","background-size":"auto","background-attachment":"scroll","background-type":"","background-media":"","overlay-type":"","overlay-color":"","overlay-opacity":"","overlay-gradient":""},"mobile":{"background-color":"var(--ast-global-color-5)","background-image":"","background-repeat":"repeat","background-position":"center center","background-size":"auto","background-attachment":"scroll","background-type":"","background-media":"","overlay-type":"","overlay-color":"","overlay-opacity":"","overlay-gradient":""}}},"product_brand":[],"product_cat":[831],"product_tag":[],"class_list":{"0":"post-11305","1":"product","2":"type-product","3":"status-publish","4":"has-post-thumbnail","6":"product_cat-atrakcije","7":"product_shipping_class-spedicija-hupfburg","8":"pa_gtin-0669145336841-hr","9":"desktop-align-center","10":"tablet-align-center","11":"mobile-align-center","12":"ast-product-gallery-layout-horizontal","13":"ast-product-tabs-layout-horizontal","15":"first","16":"instock","17":"taxable","18":"shipping-taxable","19":"purchasable","20":"product-type-simple"},"acf":[],"yoast_head":"<!-- This site is optimized with the Yoast SEO plugin v27.3 - https:\/\/yoast.com\/product\/yoast-seo-wordpress\/ -->\n<title>Kupite pikado za nogomet na napuhavanje | Dodo-Inflatables.com<\/title>\n<meta name=\"description\" content=\"Kupite nogometnu loptu na napuhavanje Soccerdart na dodo-inflatables.com! | Po\u0161tene cijene | Uvijek na zalihi | Brza isporuka!\" \/>\n<meta name=\"robots\" content=\"index, follow, max-snippet:-1, max-image-preview:large, max-video-preview:-1\" \/>\n<link rel=\"canonical\" href=\"https:\/\/dodo-inflatables.com\/hr\/proizvod\/nogometni-pikado\/\" \/>\n<meta name=\"twitter:label1\" content=\"Procijenjeno vrijeme \u010ditanja\" \/>\n\t<meta name=\"twitter:data1\" content=\"2 minute\" \/>\n<script type=\"application\/ld+json\" class=\"yoast-schema-graph\">{\"@context\":\"https:\\\/\\\/schema.org\",\"@graph\":[{\"@type\":\"WebPage\",\"@id\":\"https:\\\/\\\/dodo-inflatables.com\\\/hr\\\/proizvod\\\/nogometni-pikado\\\/\",\"url\":\"https:\\\/\\\/dodo-inflatables.com\\\/hr\\\/proizvod\\\/nogometni-pikado\\\/\",\"name\":\"Kupite pikado za nogomet na napuhavanje | Dodo-Inflatables.com\",\"isPartOf\":{\"@id\":\"https:\\\/\\\/dodo-inflatables.com\\\/hr\\\/#website\"},\"primaryImageOfPage\":{\"@id\":\"https:\\\/\\\/dodo-inflatables.com\\\/hr\\\/proizvod\\\/nogometni-pikado\\\/#primaryimage\"},\"image\":{\"@id\":\"https:\\\/\\\/dodo-inflatables.com\\\/hr\\\/proizvod\\\/nogometni-pikado\\\/#primaryimage\"},\"thumbnailUrl\":\"https:\\\/\\\/dodo-inflatables.com\\\/wp-content\\\/uploads\\\/2018\\\/01\\\/fussball-dart-neu-kaufen-1.png\",\"datePublished\":\"2018-01-19T14:47:49+00:00\",\"dateModified\":\"2026-02-04T14:43:26+00:00\",\"description\":\"Kupite nogometnu loptu na napuhavanje Soccerdart na dodo-inflatables.com! | Po\u0161tene cijene | Uvijek na zalihi | Brza isporuka!\",\"breadcrumb\":{\"@id\":\"https:\\\/\\\/dodo-inflatables.com\\\/hr\\\/proizvod\\\/nogometni-pikado\\\/#breadcrumb\"},\"inLanguage\":\"hr\",\"potentialAction\":[{\"@type\":\"ReadAction\",\"target\":[\"https:\\\/\\\/dodo-inflatables.com\\\/hr\\\/proizvod\\\/nogometni-pikado\\\/\"]}]},{\"@type\":\"ImageObject\",\"inLanguage\":\"hr\",\"@id\":\"https:\\\/\\\/dodo-inflatables.com\\\/hr\\\/proizvod\\\/nogometni-pikado\\\/#primaryimage\",\"url\":\"https:\\\/\\\/dodo-inflatables.com\\\/wp-content\\\/uploads\\\/2018\\\/01\\\/fussball-dart-neu-kaufen-1.png\",\"contentUrl\":\"https:\\\/\\\/dodo-inflatables.com\\\/wp-content\\\/uploads\\\/2018\\\/01\\\/fussball-dart-neu-kaufen-1.png\",\"width\":500,\"height\":500},{\"@type\":\"BreadcrumbList\",\"@id\":\"https:\\\/\\\/dodo-inflatables.com\\\/hr\\\/proizvod\\\/nogometni-pikado\\\/#breadcrumb\",\"itemListElement\":[{\"@type\":\"ListItem\",\"position\":1,\"name\":\"Po\u010detna stranica\",\"item\":\"https:\\\/\\\/dodo-inflatables.com\\\/hr\\\/\"},{\"@type\":\"ListItem\",\"position\":2,\"name\":\"Shop\",\"item\":\"https:\\\/\\\/dodo-inflatables.com\\\/hr\\\/shop\\\/\"},{\"@type\":\"ListItem\",\"position\":3,\"name\":\"Nogometni pikado\"}]},{\"@type\":\"WebSite\",\"@id\":\"https:\\\/\\\/dodo-inflatables.com\\\/hr\\\/#website\",\"url\":\"https:\\\/\\\/dodo-inflatables.com\\\/hr\\\/\",\"name\":\"dodo-inflatables.com\",\"description\":\"Kupite dvorce na napuhavanje i atrakcije u na\u0161oj trgovini.\",\"publisher\":{\"@id\":\"https:\\\/\\\/dodo-inflatables.com\\\/hr\\\/#organization\"},\"potentialAction\":[{\"@type\":\"SearchAction\",\"target\":{\"@type\":\"EntryPoint\",\"urlTemplate\":\"https:\\\/\\\/dodo-inflatables.com\\\/hr\\\/?s={search_term_string}\"},\"query-input\":{\"@type\":\"PropertyValueSpecification\",\"valueRequired\":true,\"valueName\":\"search_term_string\"}}],\"inLanguage\":\"hr\"},{\"@type\":\"Organization\",\"@id\":\"https:\\\/\\\/dodo-inflatables.com\\\/hr\\\/#organization\",\"name\":\"dodo-inflatables.com\",\"url\":\"https:\\\/\\\/dodo-inflatables.com\\\/hr\\\/\",\"logo\":{\"@type\":\"ImageObject\",\"inLanguage\":\"hr\",\"@id\":\"https:\\\/\\\/dodo-inflatables.com\\\/hr\\\/#\\\/schema\\\/logo\\\/image\\\/\",\"url\":\"https:\\\/\\\/dodo-inflatables.com\\\/wp-content\\\/uploads\\\/2023\\\/04\\\/cropped-cropped-cropped-Dodo-Logo.png\",\"contentUrl\":\"https:\\\/\\\/dodo-inflatables.com\\\/wp-content\\\/uploads\\\/2023\\\/04\\\/cropped-cropped-cropped-Dodo-Logo.png\",\"width\":2996,\"height\":1545,\"caption\":\"dodo-inflatables.com\"},\"image\":{\"@id\":\"https:\\\/\\\/dodo-inflatables.com\\\/hr\\\/#\\\/schema\\\/logo\\\/image\\\/\"}}]}<\/script>\n<!-- \/ Yoast SEO plugin. -->","yoast_head_json":{"title":"Kupite pikado za nogomet na napuhavanje | Dodo-Inflatables.com","description":"Kupite nogometnu loptu na napuhavanje Soccerdart na dodo-inflatables.com! | Po\u0161tene cijene | Uvijek na zalihi | Brza isporuka!","robots":{"index":"index","follow":"follow","max-snippet":"max-snippet:-1","max-image-preview":"max-image-preview:large","max-video-preview":"max-video-preview:-1"},"canonical":"https:\/\/dodo-inflatables.com\/hr\/proizvod\/nogometni-pikado\/","twitter_misc":{"Procijenjeno vrijeme \u010ditanja":"2 minute"},"schema":{"@context":"https:\/\/schema.org","@graph":[{"@type":"WebPage","@id":"https:\/\/dodo-inflatables.com\/hr\/proizvod\/nogometni-pikado\/","url":"https:\/\/dodo-inflatables.com\/hr\/proizvod\/nogometni-pikado\/","name":"Kupite pikado za nogomet na napuhavanje | Dodo-Inflatables.com","isPartOf":{"@id":"https:\/\/dodo-inflatables.com\/hr\/#website"},"primaryImageOfPage":{"@id":"https:\/\/dodo-inflatables.com\/hr\/proizvod\/nogometni-pikado\/#primaryimage"},"image":{"@id":"https:\/\/dodo-inflatables.com\/hr\/proizvod\/nogometni-pikado\/#primaryimage"},"thumbnailUrl":"https:\/\/dodo-inflatables.com\/wp-content\/uploads\/2018\/01\/fussball-dart-neu-kaufen-1.png","datePublished":"2018-01-19T14:47:49+00:00","dateModified":"2026-02-04T14:43:26+00:00","description":"Kupite nogometnu loptu na napuhavanje Soccerdart na dodo-inflatables.com! | Po\u0161tene cijene | Uvijek na zalihi | Brza isporuka!","breadcrumb":{"@id":"https:\/\/dodo-inflatables.com\/hr\/proizvod\/nogometni-pikado\/#breadcrumb"},"inLanguage":"hr","potentialAction":[{"@type":"ReadAction","target":["https:\/\/dodo-inflatables.com\/hr\/proizvod\/nogometni-pikado\/"]}]},{"@type":"ImageObject","inLanguage":"hr","@id":"https:\/\/dodo-inflatables.com\/hr\/proizvod\/nogometni-pikado\/#primaryimage","url":"https:\/\/dodo-inflatables.com\/wp-content\/uploads\/2018\/01\/fussball-dart-neu-kaufen-1.png","contentUrl":"https:\/\/dodo-inflatables.com\/wp-content\/uploads\/2018\/01\/fussball-dart-neu-kaufen-1.png","width":500,"height":500},{"@type":"BreadcrumbList","@id":"https:\/\/dodo-inflatables.com\/hr\/proizvod\/nogometni-pikado\/#breadcrumb","itemListElement":[{"@type":"ListItem","position":1,"name":"Po\u010detna stranica","item":"https:\/\/dodo-inflatables.com\/hr\/"},{"@type":"ListItem","position":2,"name":"Shop","item":"https:\/\/dodo-inflatables.com\/hr\/shop\/"},{"@type":"ListItem","position":3,"name":"Nogometni pikado"}]},{"@type":"WebSite","@id":"https:\/\/dodo-inflatables.com\/hr\/#website","url":"https:\/\/dodo-inflatables.com\/hr\/","name":"dodo-inflatables.com","description":"Kupite dvorce na napuhavanje i atrakcije u na\u0161oj trgovini.","publisher":{"@id":"https:\/\/dodo-inflatables.com\/hr\/#organization"},"potentialAction":[{"@type":"SearchAction","target":{"@type":"EntryPoint","urlTemplate":"https:\/\/dodo-inflatables.com\/hr\/?s={search_term_string}"},"query-input":{"@type":"PropertyValueSpecification","valueRequired":true,"valueName":"search_term_string"}}],"inLanguage":"hr"},{"@type":"Organization","@id":"https:\/\/dodo-inflatables.com\/hr\/#organization","name":"dodo-inflatables.com","url":"https:\/\/dodo-inflatables.com\/hr\/","logo":{"@type":"ImageObject","inLanguage":"hr","@id":"https:\/\/dodo-inflatables.com\/hr\/#\/schema\/logo\/image\/","url":"https:\/\/dodo-inflatables.com\/wp-content\/uploads\/2023\/04\/cropped-cropped-cropped-Dodo-Logo.png","contentUrl":"https:\/\/dodo-inflatables.com\/wp-content\/uploads\/2023\/04\/cropped-cropped-cropped-Dodo-Logo.png","width":2996,"height":1545,"caption":"dodo-inflatables.com"},"image":{"@id":"https:\/\/dodo-inflatables.com\/hr\/#\/schema\/logo\/image\/"}}]}},"uagb_featured_image_src":{"full":["https:\/\/dodo-inflatables.com\/wp-content\/uploads\/2018\/01\/fussball-dart-neu-kaufen-1.png",500,500,false],"thumbnail":["https:\/\/dodo-inflatables.com\/wp-content\/uploads\/2018\/01\/fussball-dart-neu-kaufen-1-150x150.png",150,150,true],"medium":["https:\/\/dodo-inflatables.com\/wp-content\/uploads\/2018\/01\/fussball-dart-neu-kaufen-1-300x300.png",300,300,true],"medium_large":["https:\/\/dodo-inflatables.com\/wp-content\/uploads\/2018\/01\/fussball-dart-neu-kaufen-1.png",500,500,false],"large":["https:\/\/dodo-inflatables.com\/wp-content\/uploads\/2018\/01\/fussball-dart-neu-kaufen-1.png",500,500,false],"1536x1536":["https:\/\/dodo-inflatables.com\/wp-content\/uploads\/2018\/01\/fussball-dart-neu-kaufen-1.png",500,500,false],"2048x2048":["https:\/\/dodo-inflatables.com\/wp-content\/uploads\/2018\/01\/fussball-dart-neu-kaufen-1.png",500,500,false],"woocommerce_thumbnail":["https:\/\/dodo-inflatables.com\/wp-content\/uploads\/2018\/01\/fussball-dart-neu-kaufen-1.png",500,500,false],"woocommerce_single":["https:\/\/dodo-inflatables.com\/wp-content\/uploads\/2018\/01\/fussball-dart-neu-kaufen-1.png",500,500,false],"woocommerce_gallery_thumbnail":["https:\/\/dodo-inflatables.com\/wp-content\/uploads\/2018\/01\/fussball-dart-neu-kaufen-1-100x100.png",100,100,true]},"uagb_author_info":{"display_name":"Andreas","author_link":"https:\/\/dodo-inflatables.com\/hr\/author\/"},"uagb_comment_info":0,"uagb_excerpt":"Dimenzije (D x \u0160 x V): 4,50 mx 6,20 mx 4,50 m * Uklju\u010duje tri nogometne lopte s \u010di\u010dak navlakom, zamjenjivu \u010di\u010dak plo\u010du za pikado Profesionalni modul - pogodan za komercijalnu i privatnu upotrebu PVC (0,55 mm \/ 621,3 g\/m2) i \u010di\u010dak 2 - 4 puta pro\u0161ivena (ovisno o optere\u0107enju) Usporava plamen uklj. pojedina\u010dni serijski&hellip;","_links":{"self":[{"href":"https:\/\/dodo-inflatables.com\/hr\/wp-json\/wp\/v2\/product\/11305","targetHints":{"allow":["GET"]}}],"collection":[{"href":"https:\/\/dodo-inflatables.com\/hr\/wp-json\/wp\/v2\/product"}],"about":[{"href":"https:\/\/dodo-inflatables.com\/hr\/wp-json\/wp\/v2\/types\/product"}],"replies":[{"embeddable":true,"href":"https:\/\/dodo-inflatables.com\/hr\/wp-json\/wp\/v2\/comments?post=11305"}],"wp:featuredmedia":[{"embeddable":true,"href":"https:\/\/dodo-inflatables.com\/hr\/wp-json\/wp\/v2\/media\/10698"}],"wp:attachment":[{"href":"https:\/\/dodo-inflatables.com\/hr\/wp-json\/wp\/v2\/media?parent=11305"}],"wp:term":[{"taxonomy":"product_brand","embeddable":true,"href":"https:\/\/dodo-inflatables.com\/hr\/wp-json\/wp\/v2\/product_brand?post=11305"},{"taxonomy":"product_cat","embeddable":true,"href":"https:\/\/dodo-inflatables.com\/hr\/wp-json\/wp\/v2\/product_cat?post=11305"},{"taxonomy":"product_tag","embeddable":true,"href":"https:\/\/dodo-inflatables.com\/hr\/wp-json\/wp\/v2\/product_tag?post=11305"}],"curies":[{"name":"wp","href":"https:\/\/api.w.org\/{rel}","templated":true}]}}