{"id":11327,"date":"2017-01-06T20:48:21","date_gmt":"2017-01-06T19:48:21","guid":{"rendered":"https:\/\/dodo-inflatables.com\/product\/vreca-s-pijeskom-za-utege\/"},"modified":"2026-04-23T08:17:30","modified_gmt":"2026-04-23T06:17:30","slug":"vreca-s-pijeskom-za-utege","status":"publish","type":"product","link":"https:\/\/dodo-inflatables.com\/hr\/proizvod\/vreca-s-pijeskom-za-utege\/","title":{"rendered":"Vre\u0107e s pijeskom za balastiranje dvoraca na napuhavanje"},"content":{"rendered":"<h2 class=\"p1\">Kupite vre\u0107e s pijeskom za balastiranje dvoraca na napuhavanje<\/h2>\n<p class=\"p1\">Na\u0161e vre\u0107e s pijeskom fleksibilno su i provjereno rje\u0161enje za balastiranje dvoraca na napuhavanje i napuhavaju\u0107ih event modula \u2013 posebno kada se zemaljski klinovi ne mogu koristiti zbog podloge, na primjer na asfaltu, betonu ili u zatvorenom prostoru.<br \/>\nOvisno o va\u0161im potrebama, vre\u0107e se mogu napuniti pijeskom ili sli\u010dnim rasutim materijalom, a zatim sigurno pri\u010dvrstiti na dvorac na napuhavanje pomo\u0107u integriranih D-prstenova. To omogu\u0107uje brzo, individualno balastiranje dvoraca na napuhavanje prema specifi\u010dnoj lokaciji postavljanja.<br \/>\n\ud83d\udc49\ud83c\udffc <i>Dosti\u017ena te\u017eina ovisi o kori\u0161tenom materijalu punjenja i razini punjenja, a obi\u010dno iznosi oko 25\u201330 kg.<\/i><\/p>\n<p class=\"p3\"><b>Fleksibilno punjenje: <\/b>Vre\u0107e s pijeskom mogu se napuniti unaprijed ili izravno na licu mjesta. To omogu\u0107uje prilagodbu te\u017eine ovisno o lokaciji, vremenskim uvjetima i veli\u010dini napuhavaju\u0107e konstrukcije.<\/p>\n<p class=\"p3\"><b>Prilagodljivo balastiranje: <\/b>Za razliku od vre\u0107a s vodom, te\u017eina vre\u0107a s pijeskom mo\u017ee se slobodno odabrati. To ih \u010dini posebno pogodnima za primjene gdje standardni balast nije nu\u017eno potreban ili gdje je potrebno individualno prilagoditi te\u017einu.<\/p>\n<p class=\"p3\"><b>Jednostavno pri\u010dvr\u0161\u0107ivanje: <\/b>\u010cvrsti D-prstenovi omogu\u0107uju sigurno pri\u010dvr\u0161\u0107ivanje vre\u0107a s pijeskom na sidri\u0161ne to\u010dke dvorca na napuhavanje pomo\u0107u remenja ili u\u017eadi.<\/p>\n<p class=\"p3\"><b>Robusne i izdr\u017eljive: <\/b>\u010cvrsti materijal dizajniran je za redovitu upotrebu u event i iznajmljiva\u010dkim tvrtkama te dobro podnosi \u010desto punjenje i transport.<\/p>\n<p>&nbsp;<br \/>\n<strong>Detalji o vre\u0107ama s pijeskom<\/strong><\/p>\n<ul>\n<li>Dimenzije (D x \u0160): cca 50 cm x 50 cm<\/li>\n<li class=\"p1\">Pri\u010dvr\u0161\u0107ivanje: \u010dvrsti D-prstenovi<\/li>\n<li class=\"p1\">Punjenje: pijesak ili sli\u010dni rasuti materijal<\/li>\n<\/ul>\n<p>&nbsp;<br \/>\nInfo: Cijena po vre\u0107i s pijeskom.<\/p>\n","protected":false},"excerpt":{"rendered":"<ul>\n<li>Dimenzije (D x \u0160): cca 50 cm x 50 cm<\/li>\n<li class=\"p1\">Pri\u010dvr\u0161\u0107ivanje: \u010dvrsti D-prstenovi<\/li>\n<li class=\"p1\">Punjenje: pijesak ili sli\u010dni rasuti materijal<\/li>\n<\/ul>\n","protected":false},"featured_media":10668,"comment_status":"open","ping_status":"closed","template":"","meta":{"_acf_changed":false,"_uag_custom_page_level_css":"","site-sidebar-layout":"default","site-content-layout":"boxed-container","ast-site-content-layout":"normal-width-container","site-content-style":"boxed","site-sidebar-style":"boxed","ast-global-header-display":"","ast-banner-title-visibility":"","ast-main-header-display":"","ast-hfb-above-header-display":"","ast-hfb-below-header-display":"","ast-hfb-mobile-header-display":"","site-post-title":"disabled","ast-breadcrumbs-content":"","ast-featured-img":"","footer-sml-layout":"","ast-disable-related-posts":"","theme-transparent-header-meta":"default","adv-header-id-meta":"","stick-header-meta":"default","header-above-stick-meta":"","header-main-stick-meta":"","header-below-stick-meta":"","astra-migrate-meta-layouts":"default","ast-page-background-enabled":"default","ast-page-background-meta":{"desktop":{"background-color":"var(--ast-global-color-4)","background-image":"","background-repeat":"repeat","background-position":"center center","background-size":"auto","background-attachment":"scroll","background-type":"","background-media":"","overlay-type":"","overlay-color":"","overlay-opacity":"","overlay-gradient":""},"tablet":{"background-color":"","background-image":"","background-repeat":"repeat","background-position":"center center","background-size":"auto","background-attachment":"scroll","background-type":"","background-media":"","overlay-type":"","overlay-color":"","overlay-opacity":"","overlay-gradient":""},"mobile":{"background-color":"","background-image":"","background-repeat":"repeat","background-position":"center center","background-size":"auto","background-attachment":"scroll","background-type":"","background-media":"","overlay-type":"","overlay-color":"","overlay-opacity":"","overlay-gradient":""}},"ast-content-background-meta":{"desktop":{"background-color":"var(--ast-global-color-5)","background-image":"","background-repeat":"repeat","background-position":"center center","background-size":"auto","background-attachment":"scroll","background-type":"","background-media":"","overlay-type":"","overlay-color":"","overlay-opacity":"","overlay-gradient":""},"tablet":{"background-color":"var(--ast-global-color-5)","background-image":"","background-repeat":"repeat","background-position":"center center","background-size":"auto","background-attachment":"scroll","background-type":"","background-media":"","overlay-type":"","overlay-color":"","overlay-opacity":"","overlay-gradient":""},"mobile":{"background-color":"var(--ast-global-color-5)","background-image":"","background-repeat":"repeat","background-position":"center center","background-size":"auto","background-attachment":"scroll","background-type":"","background-media":"","overlay-type":"","overlay-color":"","overlay-opacity":"","overlay-gradient":""}}},"product_brand":[],"product_cat":[824],"product_tag":[],"class_list":{"0":"post-11327","1":"product","2":"type-product","3":"status-publish","4":"has-post-thumbnail","6":"product_cat-pribor","7":"product_shipping_class-zubehor","8":"desktop-align-center","9":"tablet-align-center","10":"mobile-align-center","11":"ast-product-gallery-layout-horizontal","12":"ast-product-gallery-with-no-image","13":"ast-product-tabs-layout-horizontal","15":"first","16":"instock","17":"taxable","18":"shipping-taxable","19":"purchasable","20":"product-type-simple"},"acf":[],"yoast_head":"<!-- This site is optimized with the Yoast SEO plugin v27.5 - https:\/\/yoast.com\/product\/yoast-seo-wordpress\/ -->\n<title>Kupite vre\u0107e s pijeskom za utege gumenjaka | Dodo-Inflatables.com<\/title>\n<meta name=\"description\" content=\"Kupite prakti\u010dne vre\u0107e s pijeskom za otezanje gumenjaka izravno na mre\u017ei na Dodo-Inflatables.com | Veliki izbor na zalihi | Certificirano prema EN14960 |\" \/>\n<meta name=\"robots\" content=\"index, follow, max-snippet:-1, max-image-preview:large, max-video-preview:-1\" \/>\n<link rel=\"canonical\" href=\"https:\/\/dodo-inflatables.com\/hr\/proizvod\/vreca-s-pijeskom-za-utege\/\" \/>\n<meta name=\"twitter:label1\" content=\"Procijenjeno vrijeme \u010ditanja\" \/>\n\t<meta name=\"twitter:data1\" content=\"1 minuta\" \/>\n<script type=\"application\/ld+json\" class=\"yoast-schema-graph\">{\"@context\":\"https:\\\/\\\/schema.org\",\"@graph\":[{\"@type\":\"WebPage\",\"@id\":\"https:\\\/\\\/dodo-inflatables.com\\\/hr\\\/proizvod\\\/vreca-s-pijeskom-za-utege\\\/\",\"url\":\"https:\\\/\\\/dodo-inflatables.com\\\/hr\\\/proizvod\\\/vreca-s-pijeskom-za-utege\\\/\",\"name\":\"Kupite vre\u0107e s pijeskom za utege gumenjaka | Dodo-Inflatables.com\",\"isPartOf\":{\"@id\":\"https:\\\/\\\/dodo-inflatables.com\\\/hr\\\/#website\"},\"primaryImageOfPage\":{\"@id\":\"https:\\\/\\\/dodo-inflatables.com\\\/hr\\\/proizvod\\\/vreca-s-pijeskom-za-utege\\\/#primaryimage\"},\"image\":{\"@id\":\"https:\\\/\\\/dodo-inflatables.com\\\/hr\\\/proizvod\\\/vreca-s-pijeskom-za-utege\\\/#primaryimage\"},\"thumbnailUrl\":\"https:\\\/\\\/dodo-inflatables.com\\\/wp-content\\\/uploads\\\/2017\\\/01\\\/sandsack-beschwerung-hupfburg-kaufen.png\",\"datePublished\":\"2017-01-06T19:48:21+00:00\",\"dateModified\":\"2026-04-23T06:17:30+00:00\",\"description\":\"Kupite prakti\u010dne vre\u0107e s pijeskom za otezanje gumenjaka izravno na mre\u017ei na Dodo-Inflatables.com | Veliki izbor na zalihi | Certificirano prema EN14960 |\",\"breadcrumb\":{\"@id\":\"https:\\\/\\\/dodo-inflatables.com\\\/hr\\\/proizvod\\\/vreca-s-pijeskom-za-utege\\\/#breadcrumb\"},\"inLanguage\":\"hr\",\"potentialAction\":[{\"@type\":\"ReadAction\",\"target\":[\"https:\\\/\\\/dodo-inflatables.com\\\/hr\\\/proizvod\\\/vreca-s-pijeskom-za-utege\\\/\"]}]},{\"@type\":\"ImageObject\",\"inLanguage\":\"hr\",\"@id\":\"https:\\\/\\\/dodo-inflatables.com\\\/hr\\\/proizvod\\\/vreca-s-pijeskom-za-utege\\\/#primaryimage\",\"url\":\"https:\\\/\\\/dodo-inflatables.com\\\/wp-content\\\/uploads\\\/2017\\\/01\\\/sandsack-beschwerung-hupfburg-kaufen.png\",\"contentUrl\":\"https:\\\/\\\/dodo-inflatables.com\\\/wp-content\\\/uploads\\\/2017\\\/01\\\/sandsack-beschwerung-hupfburg-kaufen.png\",\"width\":600,\"height\":500},{\"@type\":\"BreadcrumbList\",\"@id\":\"https:\\\/\\\/dodo-inflatables.com\\\/hr\\\/proizvod\\\/vreca-s-pijeskom-za-utege\\\/#breadcrumb\",\"itemListElement\":[{\"@type\":\"ListItem\",\"position\":1,\"name\":\"Po\u010detna stranica\",\"item\":\"https:\\\/\\\/dodo-inflatables.com\\\/hr\\\/\"},{\"@type\":\"ListItem\",\"position\":2,\"name\":\"Shop\",\"item\":\"https:\\\/\\\/dodo-inflatables.com\\\/hr\\\/shop\\\/\"},{\"@type\":\"ListItem\",\"position\":3,\"name\":\"Vre\u0107a s pijeskom za utege\"}]},{\"@type\":\"WebSite\",\"@id\":\"https:\\\/\\\/dodo-inflatables.com\\\/hr\\\/#website\",\"url\":\"https:\\\/\\\/dodo-inflatables.com\\\/hr\\\/\",\"name\":\"dodo-inflatables.com\",\"description\":\"Kupite dvorce na napuhavanje i atrakcije u na\u0161oj trgovini.\",\"potentialAction\":[{\"@type\":\"SearchAction\",\"target\":{\"@type\":\"EntryPoint\",\"urlTemplate\":\"https:\\\/\\\/dodo-inflatables.com\\\/hr\\\/?s={search_term_string}\"},\"query-input\":{\"@type\":\"PropertyValueSpecification\",\"valueRequired\":true,\"valueName\":\"search_term_string\"}}],\"inLanguage\":\"hr\"}]}<\/script>\n<!-- \/ Yoast SEO plugin. -->","yoast_head_json":{"title":"Kupite vre\u0107e s pijeskom za utege gumenjaka | Dodo-Inflatables.com","description":"Kupite prakti\u010dne vre\u0107e s pijeskom za otezanje gumenjaka izravno na mre\u017ei na Dodo-Inflatables.com | Veliki izbor na zalihi | Certificirano prema EN14960 |","robots":{"index":"index","follow":"follow","max-snippet":"max-snippet:-1","max-image-preview":"max-image-preview:large","max-video-preview":"max-video-preview:-1"},"canonical":"https:\/\/dodo-inflatables.com\/hr\/proizvod\/vreca-s-pijeskom-za-utege\/","twitter_misc":{"Procijenjeno vrijeme \u010ditanja":"1 minuta"},"schema":{"@context":"https:\/\/schema.org","@graph":[{"@type":"WebPage","@id":"https:\/\/dodo-inflatables.com\/hr\/proizvod\/vreca-s-pijeskom-za-utege\/","url":"https:\/\/dodo-inflatables.com\/hr\/proizvod\/vreca-s-pijeskom-za-utege\/","name":"Kupite vre\u0107e s pijeskom za utege gumenjaka | Dodo-Inflatables.com","isPartOf":{"@id":"https:\/\/dodo-inflatables.com\/hr\/#website"},"primaryImageOfPage":{"@id":"https:\/\/dodo-inflatables.com\/hr\/proizvod\/vreca-s-pijeskom-za-utege\/#primaryimage"},"image":{"@id":"https:\/\/dodo-inflatables.com\/hr\/proizvod\/vreca-s-pijeskom-za-utege\/#primaryimage"},"thumbnailUrl":"https:\/\/dodo-inflatables.com\/wp-content\/uploads\/2017\/01\/sandsack-beschwerung-hupfburg-kaufen.png","datePublished":"2017-01-06T19:48:21+00:00","dateModified":"2026-04-23T06:17:30+00:00","description":"Kupite prakti\u010dne vre\u0107e s pijeskom za otezanje gumenjaka izravno na mre\u017ei na Dodo-Inflatables.com | Veliki izbor na zalihi | Certificirano prema EN14960 |","breadcrumb":{"@id":"https:\/\/dodo-inflatables.com\/hr\/proizvod\/vreca-s-pijeskom-za-utege\/#breadcrumb"},"inLanguage":"hr","potentialAction":[{"@type":"ReadAction","target":["https:\/\/dodo-inflatables.com\/hr\/proizvod\/vreca-s-pijeskom-za-utege\/"]}]},{"@type":"ImageObject","inLanguage":"hr","@id":"https:\/\/dodo-inflatables.com\/hr\/proizvod\/vreca-s-pijeskom-za-utege\/#primaryimage","url":"https:\/\/dodo-inflatables.com\/wp-content\/uploads\/2017\/01\/sandsack-beschwerung-hupfburg-kaufen.png","contentUrl":"https:\/\/dodo-inflatables.com\/wp-content\/uploads\/2017\/01\/sandsack-beschwerung-hupfburg-kaufen.png","width":600,"height":500},{"@type":"BreadcrumbList","@id":"https:\/\/dodo-inflatables.com\/hr\/proizvod\/vreca-s-pijeskom-za-utege\/#breadcrumb","itemListElement":[{"@type":"ListItem","position":1,"name":"Po\u010detna stranica","item":"https:\/\/dodo-inflatables.com\/hr\/"},{"@type":"ListItem","position":2,"name":"Shop","item":"https:\/\/dodo-inflatables.com\/hr\/shop\/"},{"@type":"ListItem","position":3,"name":"Vre\u0107a s pijeskom za utege"}]},{"@type":"WebSite","@id":"https:\/\/dodo-inflatables.com\/hr\/#website","url":"https:\/\/dodo-inflatables.com\/hr\/","name":"dodo-inflatables.com","description":"Kupite dvorce na napuhavanje i atrakcije u na\u0161oj trgovini.","potentialAction":[{"@type":"SearchAction","target":{"@type":"EntryPoint","urlTemplate":"https:\/\/dodo-inflatables.com\/hr\/?s={search_term_string}"},"query-input":{"@type":"PropertyValueSpecification","valueRequired":true,"valueName":"search_term_string"}}],"inLanguage":"hr"}]}},"uagb_featured_image_src":{"full":["https:\/\/dodo-inflatables.com\/wp-content\/uploads\/2017\/01\/sandsack-beschwerung-hupfburg-kaufen.png",600,500,false],"thumbnail":["https:\/\/dodo-inflatables.com\/wp-content\/uploads\/2017\/01\/sandsack-beschwerung-hupfburg-kaufen-150x150.png",150,150,true],"medium":["https:\/\/dodo-inflatables.com\/wp-content\/uploads\/2017\/01\/sandsack-beschwerung-hupfburg-kaufen-300x250.png",300,250,true],"medium_large":["https:\/\/dodo-inflatables.com\/wp-content\/uploads\/2017\/01\/sandsack-beschwerung-hupfburg-kaufen.png",600,500,false],"large":["https:\/\/dodo-inflatables.com\/wp-content\/uploads\/2017\/01\/sandsack-beschwerung-hupfburg-kaufen.png",600,500,false],"1536x1536":["https:\/\/dodo-inflatables.com\/wp-content\/uploads\/2017\/01\/sandsack-beschwerung-hupfburg-kaufen.png",600,500,false],"2048x2048":["https:\/\/dodo-inflatables.com\/wp-content\/uploads\/2017\/01\/sandsack-beschwerung-hupfburg-kaufen.png",600,500,false],"woocommerce_thumbnail":["https:\/\/dodo-inflatables.com\/wp-content\/uploads\/2017\/01\/sandsack-beschwerung-hupfburg-kaufen.png",600,500,false],"woocommerce_single":["https:\/\/dodo-inflatables.com\/wp-content\/uploads\/2017\/01\/sandsack-beschwerung-hupfburg-kaufen.png",600,500,false],"woocommerce_gallery_thumbnail":["https:\/\/dodo-inflatables.com\/wp-content\/uploads\/2017\/01\/sandsack-beschwerung-hupfburg-kaufen-100x100.png",100,100,true]},"uagb_author_info":{"display_name":"Andreas","author_link":"https:\/\/dodo-inflatables.com\/hr\/author\/"},"uagb_comment_info":0,"uagb_excerpt":"Dimenzije (D x \u0160): cca 50 cm x 50 cm Pri\u010dvr\u0161\u0107ivanje: \u010dvrsti D-prstenovi Punjenje: pijesak ili sli\u010dni rasuti materijal","_links":{"self":[{"href":"https:\/\/dodo-inflatables.com\/hr\/wp-json\/wp\/v2\/product\/11327","targetHints":{"allow":["GET"]}}],"collection":[{"href":"https:\/\/dodo-inflatables.com\/hr\/wp-json\/wp\/v2\/product"}],"about":[{"href":"https:\/\/dodo-inflatables.com\/hr\/wp-json\/wp\/v2\/types\/product"}],"replies":[{"embeddable":true,"href":"https:\/\/dodo-inflatables.com\/hr\/wp-json\/wp\/v2\/comments?post=11327"}],"wp:featuredmedia":[{"embeddable":true,"href":"https:\/\/dodo-inflatables.com\/hr\/wp-json\/wp\/v2\/media\/10668"}],"wp:attachment":[{"href":"https:\/\/dodo-inflatables.com\/hr\/wp-json\/wp\/v2\/media?parent=11327"}],"wp:term":[{"taxonomy":"product_brand","embeddable":true,"href":"https:\/\/dodo-inflatables.com\/hr\/wp-json\/wp\/v2\/product_brand?post=11327"},{"taxonomy":"product_cat","embeddable":true,"href":"https:\/\/dodo-inflatables.com\/hr\/wp-json\/wp\/v2\/product_cat?post=11327"},{"taxonomy":"product_tag","embeddable":true,"href":"https:\/\/dodo-inflatables.com\/hr\/wp-json\/wp\/v2\/product_tag?post=11327"}],"curies":[{"name":"wp","href":"https:\/\/api.w.org\/{rel}","templated":true}]}}