{"id":11517,"date":"2021-03-13T21:06:27","date_gmt":"2021-03-13T20:06:27","guid":{"rendered":"https:\/\/dodo-inflatables.com\/product\/podna-ploca-8-x-4-metra\/"},"modified":"2026-04-25T10:55:05","modified_gmt":"2026-04-25T08:55:05","slug":"podna-ploca-8-x-4-metra","status":"publish","type":"product","link":"https:\/\/dodo-inflatables.com\/hr\/proizvod\/podna-ploca-8-x-4-metra\/","title":{"rendered":"Podlo\u017ena cerada 8 x 4 m"},"content":{"rendered":"<h2>Kupite podlo\u017enu ceradu za dvorce na napuhavanje<\/h2>\n<p>Kori\u0161tenje odgovaraju\u0107e podlo\u017ene cerade jedan je od najboljih na\u010dina za produ\u017eenje vijeka trajanja va\u0161eg dvorca na napuhavanje.<br \/>\nBez obzira je li dvorac na napuhavanje postavljen na travi, asfaltu, poplo\u010danom tlu ili unutra, podlo\u017ena cerada pouzdano \u0161titi dno napuhavaju\u0107e konstrukcije od abrazije, vlage i o\u0161te\u0107enja.<br \/>\n<strong>Pouzdana za\u0161tita:<\/strong><br \/>\nPodlo\u017ena cerada sprje\u010dava izravni kontakt izme\u0111u dvorca na napuhavanje i povr\u0161ine ispod, poma\u017eu\u0107i da ga za\u0161titi od o\u0161trih rubova, kamenja, prljav\u0161tine i vlage.<br \/>\n<strong>Vi\u0161estruka upotreba:<\/strong><br \/>\nPogodna za dvorce na napuhavanje i druge napuhavaju\u0107e event module, kako za privatnu upotrebu tako i za profesionalne iznajmljiva\u010de.<br \/>\n<strong>Sigurno pozicioniranje:<\/strong><br \/>\nZahvaljuju\u0107i pri\u010dvrsnim u\u0161icama raspore\u0111enim po cijelom rubu cerade, ona se po potrebi mo\u017ee pri\u010dvrstiti i ostaje sigurno na mjestu \u010dak i kada se dvorac na napuhavanje pomi\u010de tijekom upotrebe.<br \/>\n<strong>Robusna i izdr\u017eljiva:<\/strong><br \/>\n\u010cvrsti PE materijal je vodootporan, otporan na vremenske uvjete i kidanje, \u0161to ga \u010dini idealnim za redovitu unutarnju i vanjsku upotrebu.<br \/>\n<strong>Detalji o podlo\u017enoj ceradi<\/strong><\/p>\n<ul>\n<li>Dimenzije (D x \u0160): cca 8,00 m x 4,00 m<\/li>\n<li>Pri\u010dvrsne u\u0161ice na razmaku od cca 50 cm<\/li>\n<li>PE 260 g\/m\u00b2<\/li>\n<li>Vodootporna, otporna na vremenske uvjete i kidanje<\/li>\n<\/ul>\n","protected":false},"excerpt":{"rendered":"<ul>\n<li>Dimenzije (D x \u0160): cca 8,00 m x 4,00 m<\/li>\n<li>Pri\u010dvrsne u\u0161ice na razmaku od cca 50 cm<\/li>\n<li>PE 260 g\/m\u00b2<\/li>\n<li>Vodootporna, otporna na vremenske uvjete i kidanje<\/li>\n<\/ul>\n","protected":false},"featured_media":10248,"comment_status":"open","ping_status":"closed","template":"","meta":{"_acf_changed":false,"_uag_custom_page_level_css":"","site-sidebar-layout":"default","site-content-layout":"boxed-container","ast-site-content-layout":"normal-width-container","site-content-style":"boxed","site-sidebar-style":"boxed","ast-global-header-display":"","ast-banner-title-visibility":"","ast-main-header-display":"","ast-hfb-above-header-display":"","ast-hfb-below-header-display":"","ast-hfb-mobile-header-display":"","site-post-title":"disabled","ast-breadcrumbs-content":"","ast-featured-img":"","footer-sml-layout":"","ast-disable-related-posts":"","theme-transparent-header-meta":"default","adv-header-id-meta":"","stick-header-meta":"default","header-above-stick-meta":"","header-main-stick-meta":"","header-below-stick-meta":"","astra-migrate-meta-layouts":"default","ast-page-background-enabled":"default","ast-page-background-meta":{"desktop":{"background-color":"var(--ast-global-color-4)","background-image":"","background-repeat":"repeat","background-position":"center center","background-size":"auto","background-attachment":"scroll","background-type":"","background-media":"","overlay-type":"","overlay-color":"","overlay-opacity":"","overlay-gradient":""},"tablet":{"background-color":"","background-image":"","background-repeat":"repeat","background-position":"center center","background-size":"auto","background-attachment":"scroll","background-type":"","background-media":"","overlay-type":"","overlay-color":"","overlay-opacity":"","overlay-gradient":""},"mobile":{"background-color":"","background-image":"","background-repeat":"repeat","background-position":"center center","background-size":"auto","background-attachment":"scroll","background-type":"","background-media":"","overlay-type":"","overlay-color":"","overlay-opacity":"","overlay-gradient":""}},"ast-content-background-meta":{"desktop":{"background-color":"var(--ast-global-color-5)","background-image":"","background-repeat":"repeat","background-position":"center center","background-size":"auto","background-attachment":"scroll","background-type":"","background-media":"","overlay-type":"","overlay-color":"","overlay-opacity":"","overlay-gradient":""},"tablet":{"background-color":"var(--ast-global-color-5)","background-image":"","background-repeat":"repeat","background-position":"center center","background-size":"auto","background-attachment":"scroll","background-type":"","background-media":"","overlay-type":"","overlay-color":"","overlay-opacity":"","overlay-gradient":""},"mobile":{"background-color":"var(--ast-global-color-5)","background-image":"","background-repeat":"repeat","background-position":"center center","background-size":"auto","background-attachment":"scroll","background-type":"","background-media":"","overlay-type":"","overlay-color":"","overlay-opacity":"","overlay-gradient":""}}},"product_brand":[],"product_cat":[824],"product_tag":[],"class_list":{"0":"post-11517","1":"product","2":"type-product","3":"status-publish","4":"has-post-thumbnail","6":"product_cat-pribor","7":"product_shipping_class-zubehor","8":"desktop-align-center","9":"tablet-align-center","10":"mobile-align-center","11":"ast-product-gallery-layout-horizontal","12":"ast-product-gallery-with-no-image","13":"ast-product-tabs-layout-horizontal","15":"first","16":"instock","17":"taxable","18":"shipping-taxable","19":"purchasable","20":"product-type-simple"},"acf":[],"yoast_head":"<!-- This site is optimized with the Yoast SEO plugin v27.5 - https:\/\/yoast.com\/product\/yoast-seo-wordpress\/ -->\n<title>Kupnja podloge za gumenjake | Dodo-Inflatables.com<\/title>\n<meta name=\"description\" content=\"Kupite odgovaraju\u0107i pribor kao \u0161to su stabilne podloge za gumenjake izravno online na Dodo-Inflatables.com | Certificirano prema EN14960 | Brza dostava!\" \/>\n<meta name=\"robots\" content=\"index, follow, max-snippet:-1, max-image-preview:large, max-video-preview:-1\" \/>\n<link rel=\"canonical\" href=\"https:\/\/dodo-inflatables.com\/hr\/proizvod\/podna-ploca-8-x-4-metra\/\" \/>\n<meta name=\"twitter:label1\" content=\"Procijenjeno vrijeme \u010ditanja\" \/>\n\t<meta name=\"twitter:data1\" content=\"1 minuta\" \/>\n<script type=\"application\/ld+json\" class=\"yoast-schema-graph\">{\"@context\":\"https:\\\/\\\/schema.org\",\"@graph\":[{\"@type\":\"WebPage\",\"@id\":\"https:\\\/\\\/dodo-inflatables.com\\\/hr\\\/proizvod\\\/podna-ploca-8-x-4-metra\\\/\",\"url\":\"https:\\\/\\\/dodo-inflatables.com\\\/hr\\\/proizvod\\\/podna-ploca-8-x-4-metra\\\/\",\"name\":\"Kupnja podloge za gumenjake | Dodo-Inflatables.com\",\"isPartOf\":{\"@id\":\"https:\\\/\\\/dodo-inflatables.com\\\/hr\\\/#website\"},\"primaryImageOfPage\":{\"@id\":\"https:\\\/\\\/dodo-inflatables.com\\\/hr\\\/proizvod\\\/podna-ploca-8-x-4-metra\\\/#primaryimage\"},\"image\":{\"@id\":\"https:\\\/\\\/dodo-inflatables.com\\\/hr\\\/proizvod\\\/podna-ploca-8-x-4-metra\\\/#primaryimage\"},\"thumbnailUrl\":\"https:\\\/\\\/dodo-inflatables.com\\\/wp-content\\\/uploads\\\/2021\\\/03\\\/Ground-Sheet-Bouncy-Castle.png\",\"datePublished\":\"2021-03-13T20:06:27+00:00\",\"dateModified\":\"2026-04-25T08:55:05+00:00\",\"description\":\"Kupite odgovaraju\u0107i pribor kao \u0161to su stabilne podloge za gumenjake izravno online na Dodo-Inflatables.com | Certificirano prema EN14960 | Brza dostava!\",\"breadcrumb\":{\"@id\":\"https:\\\/\\\/dodo-inflatables.com\\\/hr\\\/proizvod\\\/podna-ploca-8-x-4-metra\\\/#breadcrumb\"},\"inLanguage\":\"hr\",\"potentialAction\":[{\"@type\":\"ReadAction\",\"target\":[\"https:\\\/\\\/dodo-inflatables.com\\\/hr\\\/proizvod\\\/podna-ploca-8-x-4-metra\\\/\"]}]},{\"@type\":\"ImageObject\",\"inLanguage\":\"hr\",\"@id\":\"https:\\\/\\\/dodo-inflatables.com\\\/hr\\\/proizvod\\\/podna-ploca-8-x-4-metra\\\/#primaryimage\",\"url\":\"https:\\\/\\\/dodo-inflatables.com\\\/wp-content\\\/uploads\\\/2021\\\/03\\\/Ground-Sheet-Bouncy-Castle.png\",\"contentUrl\":\"https:\\\/\\\/dodo-inflatables.com\\\/wp-content\\\/uploads\\\/2021\\\/03\\\/Ground-Sheet-Bouncy-Castle.png\",\"width\":500,\"height\":500,\"caption\":\"Podlo\u017ena cerada 8 x 4 m za dvorce na napuhavanje | Dodo Inflatables\"},{\"@type\":\"BreadcrumbList\",\"@id\":\"https:\\\/\\\/dodo-inflatables.com\\\/hr\\\/proizvod\\\/podna-ploca-8-x-4-metra\\\/#breadcrumb\",\"itemListElement\":[{\"@type\":\"ListItem\",\"position\":1,\"name\":\"Po\u010detna stranica\",\"item\":\"https:\\\/\\\/dodo-inflatables.com\\\/hr\\\/\"},{\"@type\":\"ListItem\",\"position\":2,\"name\":\"Shop\",\"item\":\"https:\\\/\\\/dodo-inflatables.com\\\/hr\\\/shop\\\/\"},{\"@type\":\"ListItem\",\"position\":3,\"name\":\"Podna plo\u010da 8 x 4 metra\"}]},{\"@type\":\"WebSite\",\"@id\":\"https:\\\/\\\/dodo-inflatables.com\\\/hr\\\/#website\",\"url\":\"https:\\\/\\\/dodo-inflatables.com\\\/hr\\\/\",\"name\":\"dodo-inflatables.com\",\"description\":\"Kupite dvorce na napuhavanje i atrakcije u na\u0161oj trgovini.\",\"potentialAction\":[{\"@type\":\"SearchAction\",\"target\":{\"@type\":\"EntryPoint\",\"urlTemplate\":\"https:\\\/\\\/dodo-inflatables.com\\\/hr\\\/?s={search_term_string}\"},\"query-input\":{\"@type\":\"PropertyValueSpecification\",\"valueRequired\":true,\"valueName\":\"search_term_string\"}}],\"inLanguage\":\"hr\"}]}<\/script>\n<!-- \/ Yoast SEO plugin. -->","yoast_head_json":{"title":"Kupnja podloge za gumenjake | Dodo-Inflatables.com","description":"Kupite odgovaraju\u0107i pribor kao \u0161to su stabilne podloge za gumenjake izravno online na Dodo-Inflatables.com | Certificirano prema EN14960 | Brza dostava!","robots":{"index":"index","follow":"follow","max-snippet":"max-snippet:-1","max-image-preview":"max-image-preview:large","max-video-preview":"max-video-preview:-1"},"canonical":"https:\/\/dodo-inflatables.com\/hr\/proizvod\/podna-ploca-8-x-4-metra\/","twitter_misc":{"Procijenjeno vrijeme \u010ditanja":"1 minuta"},"schema":{"@context":"https:\/\/schema.org","@graph":[{"@type":"WebPage","@id":"https:\/\/dodo-inflatables.com\/hr\/proizvod\/podna-ploca-8-x-4-metra\/","url":"https:\/\/dodo-inflatables.com\/hr\/proizvod\/podna-ploca-8-x-4-metra\/","name":"Kupnja podloge za gumenjake | Dodo-Inflatables.com","isPartOf":{"@id":"https:\/\/dodo-inflatables.com\/hr\/#website"},"primaryImageOfPage":{"@id":"https:\/\/dodo-inflatables.com\/hr\/proizvod\/podna-ploca-8-x-4-metra\/#primaryimage"},"image":{"@id":"https:\/\/dodo-inflatables.com\/hr\/proizvod\/podna-ploca-8-x-4-metra\/#primaryimage"},"thumbnailUrl":"https:\/\/dodo-inflatables.com\/wp-content\/uploads\/2021\/03\/Ground-Sheet-Bouncy-Castle.png","datePublished":"2021-03-13T20:06:27+00:00","dateModified":"2026-04-25T08:55:05+00:00","description":"Kupite odgovaraju\u0107i pribor kao \u0161to su stabilne podloge za gumenjake izravno online na Dodo-Inflatables.com | Certificirano prema EN14960 | Brza dostava!","breadcrumb":{"@id":"https:\/\/dodo-inflatables.com\/hr\/proizvod\/podna-ploca-8-x-4-metra\/#breadcrumb"},"inLanguage":"hr","potentialAction":[{"@type":"ReadAction","target":["https:\/\/dodo-inflatables.com\/hr\/proizvod\/podna-ploca-8-x-4-metra\/"]}]},{"@type":"ImageObject","inLanguage":"hr","@id":"https:\/\/dodo-inflatables.com\/hr\/proizvod\/podna-ploca-8-x-4-metra\/#primaryimage","url":"https:\/\/dodo-inflatables.com\/wp-content\/uploads\/2021\/03\/Ground-Sheet-Bouncy-Castle.png","contentUrl":"https:\/\/dodo-inflatables.com\/wp-content\/uploads\/2021\/03\/Ground-Sheet-Bouncy-Castle.png","width":500,"height":500,"caption":"Podlo\u017ena cerada 8 x 4 m za dvorce na napuhavanje | Dodo Inflatables"},{"@type":"BreadcrumbList","@id":"https:\/\/dodo-inflatables.com\/hr\/proizvod\/podna-ploca-8-x-4-metra\/#breadcrumb","itemListElement":[{"@type":"ListItem","position":1,"name":"Po\u010detna stranica","item":"https:\/\/dodo-inflatables.com\/hr\/"},{"@type":"ListItem","position":2,"name":"Shop","item":"https:\/\/dodo-inflatables.com\/hr\/shop\/"},{"@type":"ListItem","position":3,"name":"Podna plo\u010da 8 x 4 metra"}]},{"@type":"WebSite","@id":"https:\/\/dodo-inflatables.com\/hr\/#website","url":"https:\/\/dodo-inflatables.com\/hr\/","name":"dodo-inflatables.com","description":"Kupite dvorce na napuhavanje i atrakcije u na\u0161oj trgovini.","potentialAction":[{"@type":"SearchAction","target":{"@type":"EntryPoint","urlTemplate":"https:\/\/dodo-inflatables.com\/hr\/?s={search_term_string}"},"query-input":{"@type":"PropertyValueSpecification","valueRequired":true,"valueName":"search_term_string"}}],"inLanguage":"hr"}]}},"uagb_featured_image_src":{"full":["https:\/\/dodo-inflatables.com\/wp-content\/uploads\/2021\/03\/Ground-Sheet-Bouncy-Castle.png",500,500,false],"thumbnail":["https:\/\/dodo-inflatables.com\/wp-content\/uploads\/2021\/03\/Ground-Sheet-Bouncy-Castle-150x150.png",150,150,true],"medium":["https:\/\/dodo-inflatables.com\/wp-content\/uploads\/2021\/03\/Ground-Sheet-Bouncy-Castle-300x300.png",300,300,true],"medium_large":["https:\/\/dodo-inflatables.com\/wp-content\/uploads\/2021\/03\/Ground-Sheet-Bouncy-Castle.png",500,500,false],"large":["https:\/\/dodo-inflatables.com\/wp-content\/uploads\/2021\/03\/Ground-Sheet-Bouncy-Castle.png",500,500,false],"1536x1536":["https:\/\/dodo-inflatables.com\/wp-content\/uploads\/2021\/03\/Ground-Sheet-Bouncy-Castle.png",500,500,false],"2048x2048":["https:\/\/dodo-inflatables.com\/wp-content\/uploads\/2021\/03\/Ground-Sheet-Bouncy-Castle.png",500,500,false],"woocommerce_thumbnail":["https:\/\/dodo-inflatables.com\/wp-content\/uploads\/2021\/03\/Ground-Sheet-Bouncy-Castle.png",500,500,false],"woocommerce_single":["https:\/\/dodo-inflatables.com\/wp-content\/uploads\/2021\/03\/Ground-Sheet-Bouncy-Castle.png",500,500,false],"woocommerce_gallery_thumbnail":["https:\/\/dodo-inflatables.com\/wp-content\/uploads\/2021\/03\/Ground-Sheet-Bouncy-Castle-100x100.png",100,100,true]},"uagb_author_info":{"display_name":"Andreas","author_link":"https:\/\/dodo-inflatables.com\/hr\/author\/"},"uagb_comment_info":0,"uagb_excerpt":"Dimenzije (D x \u0160): cca 8,00 m x 4,00 m Pri\u010dvrsne u\u0161ice na razmaku od cca 50 cm PE 260 g\/m\u00b2 Vodootporna, otporna na vremenske uvjete i kidanje","_links":{"self":[{"href":"https:\/\/dodo-inflatables.com\/hr\/wp-json\/wp\/v2\/product\/11517","targetHints":{"allow":["GET"]}}],"collection":[{"href":"https:\/\/dodo-inflatables.com\/hr\/wp-json\/wp\/v2\/product"}],"about":[{"href":"https:\/\/dodo-inflatables.com\/hr\/wp-json\/wp\/v2\/types\/product"}],"replies":[{"embeddable":true,"href":"https:\/\/dodo-inflatables.com\/hr\/wp-json\/wp\/v2\/comments?post=11517"}],"wp:featuredmedia":[{"embeddable":true,"href":"https:\/\/dodo-inflatables.com\/hr\/wp-json\/wp\/v2\/media\/10248"}],"wp:attachment":[{"href":"https:\/\/dodo-inflatables.com\/hr\/wp-json\/wp\/v2\/media?parent=11517"}],"wp:term":[{"taxonomy":"product_brand","embeddable":true,"href":"https:\/\/dodo-inflatables.com\/hr\/wp-json\/wp\/v2\/product_brand?post=11517"},{"taxonomy":"product_cat","embeddable":true,"href":"https:\/\/dodo-inflatables.com\/hr\/wp-json\/wp\/v2\/product_cat?post=11517"},{"taxonomy":"product_tag","embeddable":true,"href":"https:\/\/dodo-inflatables.com\/hr\/wp-json\/wp\/v2\/product_tag?post=11517"}],"curies":[{"name":"wp","href":"https:\/\/api.w.org\/{rel}","templated":true}]}}