{"id":11595,"date":"2019-08-23T12:07:40","date_gmt":"2019-08-23T10:07:40","guid":{"rendered":"https:\/\/dodo-inflatables.com\/product\/bacanje-sjekire-na-napuhavanje\/"},"modified":"2024-08-06T07:47:05","modified_gmt":"2024-08-06T05:47:05","slug":"bacanje-sjekire-na-napuhavanje","status":"publish","type":"product","link":"https:\/\/dodo-inflatables.com\/hr\/proizvod\/bacanje-sjekire-na-napuhavanje\/","title":{"rendered":"Bacanje sjekire na napuhavanje"},"content":{"rendered":"<h2>Kupite bacanje sjekire na napuhavanje<\/h2>\n<p>  Postanite Viking i vje\u017ebajte bacanje sjekira u potpunoj sigurnosti! Tko mo\u017ee to\u010dno baciti sjekire na \u010di\u010dak disk?  <\/p>\n<h4>Detalji za bacanje sjekire na napuhavanje<\/h4>\n<ul>\n<li>Dimenzije (D x \u0160 x V): 3,00 x 3,00 x 2,60 metara *<\/li>\n<li>Te\u017eina: cca. 50 kg *<\/li>\n<li>Veli\u010dina pakiranja: 1,00 mx 0,70 mx 0,70 m *<\/li>\n<li>Vrijeme sastavljanja: 10 minuta<\/li>\n<li>Materijal: 0,55 mm PVC i \u010di\u010dak<\/li>\n<li>Zip s \u010di\u010dak navlakom, oja\u010dani uglovi, visokokvalitetni \u010di\u010dak<\/li>\n<\/ul>\n<p>&nbsp;  Opseg isporuke uklju\u010duje: Okvir za bacanje sjekire na napuhavanje, 10 sjekira na \u010di\u010dak (5 \u017eutih, 5 crvenih). Puhalo i podloga nisu uklju\u010deni. Oni se mogu prona\u0107i u kategoriji pribora. Baca\u010d sjekira na napuhavanje je kvalitetan proizvod koji je proizveden prema strogim smjernicama u skladu s EN 14960. Svi na\u0161i dvorci na napuhavanje i atrakcije na napuhavanje profesionalni su moduli koji su prikladni za profesionalno iznajmljivanje i kori\u0161tenje u zabavnim parkovima, zatvorenim igrali\u0161tima i sli\u010dno.&nbsp; <strong>Va\u017ene napomene o radu<\/strong> Ventilator (nije uklju\u010den) mora raditi neprekidno tijekom uporabe. Lagano curenje zraka kroz rupe u \u0161avovima je normalno. * Te\u017eina i dimenzije su pribli\u017ene i mogu malo odstupati<\/p>\n","protected":false},"excerpt":{"rendered":"<p><i class=\"fa fa-arrows-alt\"><\/i>  Dimenzije (D x \u0160 x V): 3,00 x 3,00 x 2,60 metara *<i class=\"fa fa-plus\"><\/i> Uklju\u010duju\u0107i deset sjekira od \u010di\u010dak pjene<i class=\"fa fa-check\"><\/i> Profesionalni modul &#8211; pogodan za komercijalnu i privatnu upotrebu<i class=\"fa fa-square\"><\/i> PVC (0,55 mm \/ 621,3 g\/m2) i \u010di\u010dak<i class=\"fa fa-align-justify\"><\/i> 2 &#8211; 4 puta pro\u0161ivena (ovisno o optere\u0107enju)<i class=\"fa fa-fire\"><\/i> Otporan na plamen<i class=\"fa fa-certificate\"><\/i> Zulassungsbescheinigung gem\u00e4\u00df EN 14960<i class=\"fas fa-edit\"><\/i> Inkl. individuelle Seriennummer  &nbsp;<\/p>\n","protected":false},"featured_media":58808,"comment_status":"open","ping_status":"closed","template":"","meta":{"_acf_changed":false,"_uag_custom_page_level_css":"","site-sidebar-layout":"default","site-content-layout":"default","ast-site-content-layout":"default","site-content-style":"default","site-sidebar-style":"default","ast-global-header-display":"","ast-banner-title-visibility":"","ast-main-header-display":"","ast-hfb-above-header-display":"","ast-hfb-below-header-display":"","ast-hfb-mobile-header-display":"","site-post-title":"","ast-breadcrumbs-content":"","ast-featured-img":"","footer-sml-layout":"","ast-disable-related-posts":"","theme-transparent-header-meta":"default","adv-header-id-meta":"","stick-header-meta":"default","header-above-stick-meta":"","header-main-stick-meta":"","header-below-stick-meta":"","astra-migrate-meta-layouts":"default","ast-page-background-enabled":"default","ast-page-background-meta":{"desktop":{"background-color":"var(--ast-global-color-4)","background-image":"","background-repeat":"repeat","background-position":"center center","background-size":"auto","background-attachment":"scroll","background-type":"","background-media":"","overlay-type":"","overlay-color":"","overlay-opacity":"","overlay-gradient":""},"tablet":{"background-color":"","background-image":"","background-repeat":"repeat","background-position":"center center","background-size":"auto","background-attachment":"scroll","background-type":"","background-media":"","overlay-type":"","overlay-color":"","overlay-opacity":"","overlay-gradient":""},"mobile":{"background-color":"","background-image":"","background-repeat":"repeat","background-position":"center center","background-size":"auto","background-attachment":"scroll","background-type":"","background-media":"","overlay-type":"","overlay-color":"","overlay-opacity":"","overlay-gradient":""}},"ast-content-background-meta":{"desktop":{"background-color":"var(--ast-global-color-5)","background-image":"","background-repeat":"repeat","background-position":"center center","background-size":"auto","background-attachment":"scroll","background-type":"","background-media":"","overlay-type":"","overlay-color":"","overlay-opacity":"","overlay-gradient":""},"tablet":{"background-color":"var(--ast-global-color-5)","background-image":"","background-repeat":"repeat","background-position":"center center","background-size":"auto","background-attachment":"scroll","background-type":"","background-media":"","overlay-type":"","overlay-color":"","overlay-opacity":"","overlay-gradient":""},"mobile":{"background-color":"var(--ast-global-color-5)","background-image":"","background-repeat":"repeat","background-position":"center center","background-size":"auto","background-attachment":"scroll","background-type":"","background-media":"","overlay-type":"","overlay-color":"","overlay-opacity":"","overlay-gradient":""}}},"product_brand":[],"product_cat":[831],"product_tag":[],"class_list":{"0":"post-11595","1":"product","2":"type-product","3":"status-publish","4":"has-post-thumbnail","6":"product_cat-atrakcije","7":"product_shipping_class-spedicija-hupfburg","8":"pa_gtin-0669145336834-hr","9":"desktop-align-center","10":"tablet-align-center","11":"mobile-align-center","12":"ast-product-gallery-layout-horizontal","13":"ast-product-tabs-layout-horizontal","15":"first","16":"onbackorder","17":"taxable","18":"shipping-taxable","19":"purchasable","20":"product-type-simple"},"acf":[],"yoast_head":"<!-- This site is optimized with the Yoast SEO plugin v27.4 - https:\/\/yoast.com\/product\/yoast-seo-wordpress\/ -->\n<title>Kupite bacanje sjekire na napuhavanje | Dodo-Inflatables.com<\/title>\n<meta name=\"description\" content=\"Kupite na\u0161u sjekiru za napuhavanje za bacanje izravno online na Dodo-Inflatables.com | Mnogo modela na zalihi | Brza dostava | Najbolja kvaliteta\" \/>\n<meta name=\"robots\" content=\"index, follow, max-snippet:-1, max-image-preview:large, max-video-preview:-1\" \/>\n<link rel=\"canonical\" href=\"https:\/\/dodo-inflatables.com\/hr\/proizvod\/bacanje-sjekire-na-napuhavanje\/\" \/>\n<meta name=\"twitter:label1\" content=\"Procijenjeno vrijeme \u010ditanja\" \/>\n\t<meta name=\"twitter:data1\" content=\"1 minuta\" \/>\n<script type=\"application\/ld+json\" class=\"yoast-schema-graph\">{\"@context\":\"https:\\\/\\\/schema.org\",\"@graph\":[{\"@type\":\"WebPage\",\"@id\":\"https:\\\/\\\/dodo-inflatables.com\\\/hr\\\/proizvod\\\/bacanje-sjekire-na-napuhavanje\\\/\",\"url\":\"https:\\\/\\\/dodo-inflatables.com\\\/hr\\\/proizvod\\\/bacanje-sjekire-na-napuhavanje\\\/\",\"name\":\"Kupite bacanje sjekire na napuhavanje | Dodo-Inflatables.com\",\"isPartOf\":{\"@id\":\"https:\\\/\\\/dodo-inflatables.com\\\/hr\\\/#website\"},\"primaryImageOfPage\":{\"@id\":\"https:\\\/\\\/dodo-inflatables.com\\\/hr\\\/proizvod\\\/bacanje-sjekire-na-napuhavanje\\\/#primaryimage\"},\"image\":{\"@id\":\"https:\\\/\\\/dodo-inflatables.com\\\/hr\\\/proizvod\\\/bacanje-sjekire-na-napuhavanje\\\/#primaryimage\"},\"thumbnailUrl\":\"https:\\\/\\\/dodo-inflatables.com\\\/wp-content\\\/uploads\\\/2019\\\/08\\\/Aufblasbares-Axt-werfen-kaufen-7.png\",\"datePublished\":\"2019-08-23T10:07:40+00:00\",\"dateModified\":\"2024-08-06T05:47:05+00:00\",\"description\":\"Kupite na\u0161u sjekiru za napuhavanje za bacanje izravno online na Dodo-Inflatables.com | Mnogo modela na zalihi | Brza dostava | Najbolja kvaliteta\",\"breadcrumb\":{\"@id\":\"https:\\\/\\\/dodo-inflatables.com\\\/hr\\\/proizvod\\\/bacanje-sjekire-na-napuhavanje\\\/#breadcrumb\"},\"inLanguage\":\"hr\",\"potentialAction\":[{\"@type\":\"ReadAction\",\"target\":[\"https:\\\/\\\/dodo-inflatables.com\\\/hr\\\/proizvod\\\/bacanje-sjekire-na-napuhavanje\\\/\"]}]},{\"@type\":\"ImageObject\",\"inLanguage\":\"hr\",\"@id\":\"https:\\\/\\\/dodo-inflatables.com\\\/hr\\\/proizvod\\\/bacanje-sjekire-na-napuhavanje\\\/#primaryimage\",\"url\":\"https:\\\/\\\/dodo-inflatables.com\\\/wp-content\\\/uploads\\\/2019\\\/08\\\/Aufblasbares-Axt-werfen-kaufen-7.png\",\"contentUrl\":\"https:\\\/\\\/dodo-inflatables.com\\\/wp-content\\\/uploads\\\/2019\\\/08\\\/Aufblasbares-Axt-werfen-kaufen-7.png\",\"width\":500,\"height\":500},{\"@type\":\"BreadcrumbList\",\"@id\":\"https:\\\/\\\/dodo-inflatables.com\\\/hr\\\/proizvod\\\/bacanje-sjekire-na-napuhavanje\\\/#breadcrumb\",\"itemListElement\":[{\"@type\":\"ListItem\",\"position\":1,\"name\":\"Po\u010detna stranica\",\"item\":\"https:\\\/\\\/dodo-inflatables.com\\\/hr\\\/\"},{\"@type\":\"ListItem\",\"position\":2,\"name\":\"Shop\",\"item\":\"https:\\\/\\\/dodo-inflatables.com\\\/hr\\\/shop\\\/\"},{\"@type\":\"ListItem\",\"position\":3,\"name\":\"Bacanje sjekire na napuhavanje\"}]},{\"@type\":\"WebSite\",\"@id\":\"https:\\\/\\\/dodo-inflatables.com\\\/hr\\\/#website\",\"url\":\"https:\\\/\\\/dodo-inflatables.com\\\/hr\\\/\",\"name\":\"dodo-inflatables.com\",\"description\":\"Kupite dvorce na napuhavanje i atrakcije u na\u0161oj trgovini.\",\"publisher\":{\"@id\":\"https:\\\/\\\/dodo-inflatables.com\\\/hr\\\/#organization\"},\"potentialAction\":[{\"@type\":\"SearchAction\",\"target\":{\"@type\":\"EntryPoint\",\"urlTemplate\":\"https:\\\/\\\/dodo-inflatables.com\\\/hr\\\/?s={search_term_string}\"},\"query-input\":{\"@type\":\"PropertyValueSpecification\",\"valueRequired\":true,\"valueName\":\"search_term_string\"}}],\"inLanguage\":\"hr\"},{\"@type\":\"Organization\",\"@id\":\"https:\\\/\\\/dodo-inflatables.com\\\/hr\\\/#organization\",\"name\":\"dodo-inflatables.com\",\"url\":\"https:\\\/\\\/dodo-inflatables.com\\\/hr\\\/\",\"logo\":{\"@type\":\"ImageObject\",\"inLanguage\":\"hr\",\"@id\":\"https:\\\/\\\/dodo-inflatables.com\\\/hr\\\/#\\\/schema\\\/logo\\\/image\\\/\",\"url\":\"https:\\\/\\\/dodo-inflatables.com\\\/wp-content\\\/uploads\\\/2023\\\/04\\\/cropped-cropped-cropped-Dodo-Logo.png\",\"contentUrl\":\"https:\\\/\\\/dodo-inflatables.com\\\/wp-content\\\/uploads\\\/2023\\\/04\\\/cropped-cropped-cropped-Dodo-Logo.png\",\"width\":2996,\"height\":1545,\"caption\":\"dodo-inflatables.com\"},\"image\":{\"@id\":\"https:\\\/\\\/dodo-inflatables.com\\\/hr\\\/#\\\/schema\\\/logo\\\/image\\\/\"}}]}<\/script>\n<!-- \/ Yoast SEO plugin. -->","yoast_head_json":{"title":"Kupite bacanje sjekire na napuhavanje | Dodo-Inflatables.com","description":"Kupite na\u0161u sjekiru za napuhavanje za bacanje izravno online na Dodo-Inflatables.com | Mnogo modela na zalihi | Brza dostava | Najbolja kvaliteta","robots":{"index":"index","follow":"follow","max-snippet":"max-snippet:-1","max-image-preview":"max-image-preview:large","max-video-preview":"max-video-preview:-1"},"canonical":"https:\/\/dodo-inflatables.com\/hr\/proizvod\/bacanje-sjekire-na-napuhavanje\/","twitter_misc":{"Procijenjeno vrijeme \u010ditanja":"1 minuta"},"schema":{"@context":"https:\/\/schema.org","@graph":[{"@type":"WebPage","@id":"https:\/\/dodo-inflatables.com\/hr\/proizvod\/bacanje-sjekire-na-napuhavanje\/","url":"https:\/\/dodo-inflatables.com\/hr\/proizvod\/bacanje-sjekire-na-napuhavanje\/","name":"Kupite bacanje sjekire na napuhavanje | Dodo-Inflatables.com","isPartOf":{"@id":"https:\/\/dodo-inflatables.com\/hr\/#website"},"primaryImageOfPage":{"@id":"https:\/\/dodo-inflatables.com\/hr\/proizvod\/bacanje-sjekire-na-napuhavanje\/#primaryimage"},"image":{"@id":"https:\/\/dodo-inflatables.com\/hr\/proizvod\/bacanje-sjekire-na-napuhavanje\/#primaryimage"},"thumbnailUrl":"https:\/\/dodo-inflatables.com\/wp-content\/uploads\/2019\/08\/Aufblasbares-Axt-werfen-kaufen-7.png","datePublished":"2019-08-23T10:07:40+00:00","dateModified":"2024-08-06T05:47:05+00:00","description":"Kupite na\u0161u sjekiru za napuhavanje za bacanje izravno online na Dodo-Inflatables.com | Mnogo modela na zalihi | Brza dostava | Najbolja kvaliteta","breadcrumb":{"@id":"https:\/\/dodo-inflatables.com\/hr\/proizvod\/bacanje-sjekire-na-napuhavanje\/#breadcrumb"},"inLanguage":"hr","potentialAction":[{"@type":"ReadAction","target":["https:\/\/dodo-inflatables.com\/hr\/proizvod\/bacanje-sjekire-na-napuhavanje\/"]}]},{"@type":"ImageObject","inLanguage":"hr","@id":"https:\/\/dodo-inflatables.com\/hr\/proizvod\/bacanje-sjekire-na-napuhavanje\/#primaryimage","url":"https:\/\/dodo-inflatables.com\/wp-content\/uploads\/2019\/08\/Aufblasbares-Axt-werfen-kaufen-7.png","contentUrl":"https:\/\/dodo-inflatables.com\/wp-content\/uploads\/2019\/08\/Aufblasbares-Axt-werfen-kaufen-7.png","width":500,"height":500},{"@type":"BreadcrumbList","@id":"https:\/\/dodo-inflatables.com\/hr\/proizvod\/bacanje-sjekire-na-napuhavanje\/#breadcrumb","itemListElement":[{"@type":"ListItem","position":1,"name":"Po\u010detna stranica","item":"https:\/\/dodo-inflatables.com\/hr\/"},{"@type":"ListItem","position":2,"name":"Shop","item":"https:\/\/dodo-inflatables.com\/hr\/shop\/"},{"@type":"ListItem","position":3,"name":"Bacanje sjekire na napuhavanje"}]},{"@type":"WebSite","@id":"https:\/\/dodo-inflatables.com\/hr\/#website","url":"https:\/\/dodo-inflatables.com\/hr\/","name":"dodo-inflatables.com","description":"Kupite dvorce na napuhavanje i atrakcije u na\u0161oj trgovini.","publisher":{"@id":"https:\/\/dodo-inflatables.com\/hr\/#organization"},"potentialAction":[{"@type":"SearchAction","target":{"@type":"EntryPoint","urlTemplate":"https:\/\/dodo-inflatables.com\/hr\/?s={search_term_string}"},"query-input":{"@type":"PropertyValueSpecification","valueRequired":true,"valueName":"search_term_string"}}],"inLanguage":"hr"},{"@type":"Organization","@id":"https:\/\/dodo-inflatables.com\/hr\/#organization","name":"dodo-inflatables.com","url":"https:\/\/dodo-inflatables.com\/hr\/","logo":{"@type":"ImageObject","inLanguage":"hr","@id":"https:\/\/dodo-inflatables.com\/hr\/#\/schema\/logo\/image\/","url":"https:\/\/dodo-inflatables.com\/wp-content\/uploads\/2023\/04\/cropped-cropped-cropped-Dodo-Logo.png","contentUrl":"https:\/\/dodo-inflatables.com\/wp-content\/uploads\/2023\/04\/cropped-cropped-cropped-Dodo-Logo.png","width":2996,"height":1545,"caption":"dodo-inflatables.com"},"image":{"@id":"https:\/\/dodo-inflatables.com\/hr\/#\/schema\/logo\/image\/"}}]}},"uagb_featured_image_src":{"full":["https:\/\/dodo-inflatables.com\/wp-content\/uploads\/2019\/08\/Aufblasbares-Axt-werfen-kaufen-7.png",500,500,false],"thumbnail":["https:\/\/dodo-inflatables.com\/wp-content\/uploads\/2019\/08\/Aufblasbares-Axt-werfen-kaufen-7-150x150.png",150,150,true],"medium":["https:\/\/dodo-inflatables.com\/wp-content\/uploads\/2019\/08\/Aufblasbares-Axt-werfen-kaufen-7-300x300.png",300,300,true],"medium_large":["https:\/\/dodo-inflatables.com\/wp-content\/uploads\/2019\/08\/Aufblasbares-Axt-werfen-kaufen-7.png",500,500,false],"large":["https:\/\/dodo-inflatables.com\/wp-content\/uploads\/2019\/08\/Aufblasbares-Axt-werfen-kaufen-7.png",500,500,false],"1536x1536":["https:\/\/dodo-inflatables.com\/wp-content\/uploads\/2019\/08\/Aufblasbares-Axt-werfen-kaufen-7.png",500,500,false],"2048x2048":["https:\/\/dodo-inflatables.com\/wp-content\/uploads\/2019\/08\/Aufblasbares-Axt-werfen-kaufen-7.png",500,500,false],"woocommerce_thumbnail":["https:\/\/dodo-inflatables.com\/wp-content\/uploads\/2019\/08\/Aufblasbares-Axt-werfen-kaufen-7.png",500,500,false],"woocommerce_single":["https:\/\/dodo-inflatables.com\/wp-content\/uploads\/2019\/08\/Aufblasbares-Axt-werfen-kaufen-7.png",500,500,false],"woocommerce_gallery_thumbnail":["https:\/\/dodo-inflatables.com\/wp-content\/uploads\/2019\/08\/Aufblasbares-Axt-werfen-kaufen-7-100x100.png",100,100,true]},"uagb_author_info":{"display_name":"Andreas","author_link":"https:\/\/dodo-inflatables.com\/hr\/author\/"},"uagb_comment_info":0,"uagb_excerpt":"Dimenzije (D x \u0160 x V): 3,00 x 3,00 x 2,60 metara * Uklju\u010duju\u0107i deset sjekira od \u010di\u010dak pjene Profesionalni modul - pogodan za komercijalnu i privatnu upotrebu PVC (0,55 mm \/ 621,3 g\/m2) i \u010di\u010dak 2 - 4 puta pro\u0161ivena (ovisno o optere\u0107enju) Otporan na plamen Zulassungsbescheinigung gem\u00e4\u00df EN 14960 Inkl. individuelle Seriennummer &nbsp;","_links":{"self":[{"href":"https:\/\/dodo-inflatables.com\/hr\/wp-json\/wp\/v2\/product\/11595","targetHints":{"allow":["GET"]}}],"collection":[{"href":"https:\/\/dodo-inflatables.com\/hr\/wp-json\/wp\/v2\/product"}],"about":[{"href":"https:\/\/dodo-inflatables.com\/hr\/wp-json\/wp\/v2\/types\/product"}],"replies":[{"embeddable":true,"href":"https:\/\/dodo-inflatables.com\/hr\/wp-json\/wp\/v2\/comments?post=11595"}],"wp:featuredmedia":[{"embeddable":true,"href":"https:\/\/dodo-inflatables.com\/hr\/wp-json\/wp\/v2\/media\/58808"}],"wp:attachment":[{"href":"https:\/\/dodo-inflatables.com\/hr\/wp-json\/wp\/v2\/media?parent=11595"}],"wp:term":[{"taxonomy":"product_brand","embeddable":true,"href":"https:\/\/dodo-inflatables.com\/hr\/wp-json\/wp\/v2\/product_brand?post=11595"},{"taxonomy":"product_cat","embeddable":true,"href":"https:\/\/dodo-inflatables.com\/hr\/wp-json\/wp\/v2\/product_cat?post=11595"},{"taxonomy":"product_tag","embeddable":true,"href":"https:\/\/dodo-inflatables.com\/hr\/wp-json\/wp\/v2\/product_tag?post=11595"}],"curies":[{"name":"wp","href":"https:\/\/api.w.org\/{rel}","templated":true}]}}