{"id":11675,"date":"2022-03-01T11:02:01","date_gmt":"2022-03-01T10:02:01","guid":{"rendered":"https:\/\/dodo-inflatables.com\/product\/prostirke-za-zastitu-od-pada-240-x-120-x-5-cm\/"},"modified":"2026-04-23T19:50:13","modified_gmt":"2026-04-23T17:50:13","slug":"prostirke-za-zastitu-od-pada-240-x-120-x-5-cm","status":"publish","type":"product","link":"https:\/\/dodo-inflatables.com\/hr\/proizvod\/prostirke-za-zastitu-od-pada-240-x-120-x-5-cm\/","title":{"rendered":"Sigurnosne podloge za dvorce na napuhavanje 240 x 120 x 5 cm"},"content":{"rendered":"<h2>Kupite sigurnosne podloge za dvorce na napuhavanje<\/h2>\n<p class=\"p1\">Na\u0161e sigurnosne podloge idealan su dodatak svakom dvorcu na napuhavanje i pru\u017eaju maksimalnu sigurnost u podru\u010dju ulaza i izlaza. Posebno za iznajmljiva\u010dke tvrtke i operatere s visokim sigurnosnim standardima, ove podloge su pouzdano i trajno rje\u0161enje.<\/p>\n<p class=\"p1\"><span class=\"s1\"><b>Optimalna apsorpcija udara:<\/b><\/span> Visokokvalitetna lagana EPE pjena pouzdano apsorbira udare i zna\u010dajno smanjuje rizik od ozljeda pri ulasku i izlasku iz dvorca na napuhavanje.<\/p>\n<p class=\"p1\"><span class=\"s1\"><b>U\u0161teda prostora i fleksibilnost:<\/b><\/span> Sklopiva sigurnosna podloga mo\u017ee se presaviti u tri dijela, \u010dine\u0107i je posebno kompaktnom za transport i pohranu \u2013 idealno za mobilnu upotrebu u iznajmljiva\u010dkim operacijama.<\/p>\n<p class=\"p1\"><span class=\"s1\"><b>Pobolj\u0161ana izrada:<\/b><\/span> \u0160avovi su postavljeni s unutarnje strane i vi\u0161e ne le\u017ee na vanjskoj povr\u0161ini. To poma\u017ee sprije\u010diti trljanje o tlo i prijevremeno tro\u0161enje.<\/p>\n<p class=\"p1\"><span class=\"s1\"><b>Maksimalna sigurnost:<\/b><\/span> Namjerno izra\u0111eno bez ru\u010dki za no\u0161enje kako bi se izbjegla opasnost od spoticanja i koristilo se u neposrednoj blizini dvorca na napuhavanje jo\u0161 sigurnije.<\/p>\n<p class=\"p1\"><span class=\"s1\"><b>Izdr\u017eljiva navlaka:<\/b><\/span> \u010cvrsta tkanina od PU cerade je trajna, laka za odr\u017eavanje i dizajnirana za redovitu upotrebu u event i iznajmljiva\u010dkom poslovanju.<\/p>\n<p><strong>Detalji o sigurnosnoj podlozi<\/strong><\/p>\n<ul>\n<li>Otvorene dimenzije: 240 x 120 x 5 cm<\/li>\n<li>Sklopljene dimenzije: 60 x 120 x 20 cm<\/li>\n<li>Materijal pjene: EPE RG 18<\/li>\n<li>Materijal navlake: PU tkanina od cerade, debljina 0,6 mm<\/li>\n<li>Te\u017eina: 5,4 kg<\/li>\n<\/ul>\n","protected":false},"excerpt":{"rendered":"<ul>\n<li>Otvorene dimenzije: 240 x 120 x 5 cm<\/li>\n<li>Sklopljene dimenzije: 60 x 120 x 20 cm<\/li>\n<li>Materijal pjene: EPE RG 18<\/li>\n<li>Materijal navlake: PU tkanina od cerade, debljina 0,6 mm<\/li>\n<li>Te\u017eina: 5,4 kg<\/li>\n<\/ul>\n","protected":false},"featured_media":104809,"comment_status":"open","ping_status":"closed","template":"","meta":{"_acf_changed":false,"_uag_custom_page_level_css":"","site-sidebar-layout":"default","site-content-layout":"boxed-container","ast-site-content-layout":"normal-width-container","site-content-style":"boxed","site-sidebar-style":"boxed","ast-global-header-display":"","ast-banner-title-visibility":"","ast-main-header-display":"","ast-hfb-above-header-display":"","ast-hfb-below-header-display":"","ast-hfb-mobile-header-display":"","site-post-title":"disabled","ast-breadcrumbs-content":"","ast-featured-img":"","footer-sml-layout":"","ast-disable-related-posts":"","theme-transparent-header-meta":"default","adv-header-id-meta":"","stick-header-meta":"default","header-above-stick-meta":"","header-main-stick-meta":"","header-below-stick-meta":"","astra-migrate-meta-layouts":"default","ast-page-background-enabled":"default","ast-page-background-meta":{"desktop":{"background-color":"var(--ast-global-color-4)","background-image":"","background-repeat":"repeat","background-position":"center center","background-size":"auto","background-attachment":"scroll","background-type":"","background-media":"","overlay-type":"","overlay-color":"","overlay-opacity":"","overlay-gradient":""},"tablet":{"background-color":"","background-image":"","background-repeat":"repeat","background-position":"center center","background-size":"auto","background-attachment":"scroll","background-type":"","background-media":"","overlay-type":"","overlay-color":"","overlay-opacity":"","overlay-gradient":""},"mobile":{"background-color":"","background-image":"","background-repeat":"repeat","background-position":"center center","background-size":"auto","background-attachment":"scroll","background-type":"","background-media":"","overlay-type":"","overlay-color":"","overlay-opacity":"","overlay-gradient":""}},"ast-content-background-meta":{"desktop":{"background-color":"var(--ast-global-color-5)","background-image":"","background-repeat":"repeat","background-position":"center center","background-size":"auto","background-attachment":"scroll","background-type":"","background-media":"","overlay-type":"","overlay-color":"","overlay-opacity":"","overlay-gradient":""},"tablet":{"background-color":"var(--ast-global-color-5)","background-image":"","background-repeat":"repeat","background-position":"center center","background-size":"auto","background-attachment":"scroll","background-type":"","background-media":"","overlay-type":"","overlay-color":"","overlay-opacity":"","overlay-gradient":""},"mobile":{"background-color":"var(--ast-global-color-5)","background-image":"","background-repeat":"repeat","background-position":"center center","background-size":"auto","background-attachment":"scroll","background-type":"","background-media":"","overlay-type":"","overlay-color":"","overlay-opacity":"","overlay-gradient":""}}},"product_brand":[],"product_cat":[824],"product_tag":[],"class_list":{"0":"post-11675","1":"product","2":"type-product","3":"status-publish","4":"has-post-thumbnail","6":"product_cat-pribor","7":"product_shipping_class-zubehor","8":"desktop-align-center","9":"tablet-align-center","10":"mobile-align-center","11":"ast-product-gallery-layout-horizontal","12":"ast-product-gallery-with-no-image","13":"ast-product-tabs-layout-horizontal","15":"first","16":"instock","17":"taxable","18":"shipping-taxable","19":"purchasable","20":"product-type-simple"},"acf":[],"yoast_head":"<!-- This site is optimized with the Yoast SEO plugin v27.5 - https:\/\/yoast.com\/product\/yoast-seo-wordpress\/ -->\n<title>Prostirke za za\u0161titu od pada za dvorce na napuhavanje | Dodo-Inflatables.com<\/title>\n<meta name=\"description\" content=\"Kupite sklopive prostirke za za\u0161titu od pada za dvorce na napuhavanje na Dodo-Inflatables.com | Certificirano prema EN14960 | Brza dostava!\" \/>\n<meta name=\"robots\" content=\"index, follow, max-snippet:-1, max-image-preview:large, max-video-preview:-1\" \/>\n<link rel=\"canonical\" href=\"https:\/\/dodo-inflatables.com\/hr\/proizvod\/prostirke-za-zastitu-od-pada-240-x-120-x-5-cm\/\" \/>\n<meta name=\"twitter:label1\" content=\"Procijenjeno vrijeme \u010ditanja\" \/>\n\t<meta name=\"twitter:data1\" content=\"1 minuta\" \/>\n<script type=\"application\/ld+json\" class=\"yoast-schema-graph\">{\"@context\":\"https:\\\/\\\/schema.org\",\"@graph\":[{\"@type\":\"WebPage\",\"@id\":\"https:\\\/\\\/dodo-inflatables.com\\\/hr\\\/proizvod\\\/prostirke-za-zastitu-od-pada-240-x-120-x-5-cm\\\/\",\"url\":\"https:\\\/\\\/dodo-inflatables.com\\\/hr\\\/proizvod\\\/prostirke-za-zastitu-od-pada-240-x-120-x-5-cm\\\/\",\"name\":\"Prostirke za za\u0161titu od pada za dvorce na napuhavanje | Dodo-Inflatables.com\",\"isPartOf\":{\"@id\":\"https:\\\/\\\/dodo-inflatables.com\\\/hr\\\/#website\"},\"primaryImageOfPage\":{\"@id\":\"https:\\\/\\\/dodo-inflatables.com\\\/hr\\\/proizvod\\\/prostirke-za-zastitu-od-pada-240-x-120-x-5-cm\\\/#primaryimage\"},\"image\":{\"@id\":\"https:\\\/\\\/dodo-inflatables.com\\\/hr\\\/proizvod\\\/prostirke-za-zastitu-od-pada-240-x-120-x-5-cm\\\/#primaryimage\"},\"thumbnailUrl\":\"https:\\\/\\\/dodo-inflatables.com\\\/wp-content\\\/uploads\\\/2022\\\/03\\\/Untitled-design-16.png\",\"datePublished\":\"2022-03-01T10:02:01+00:00\",\"dateModified\":\"2026-04-23T17:50:13+00:00\",\"description\":\"Kupite sklopive prostirke za za\u0161titu od pada za dvorce na napuhavanje na Dodo-Inflatables.com | Certificirano prema EN14960 | Brza dostava!\",\"breadcrumb\":{\"@id\":\"https:\\\/\\\/dodo-inflatables.com\\\/hr\\\/proizvod\\\/prostirke-za-zastitu-od-pada-240-x-120-x-5-cm\\\/#breadcrumb\"},\"inLanguage\":\"hr\",\"potentialAction\":[{\"@type\":\"ReadAction\",\"target\":[\"https:\\\/\\\/dodo-inflatables.com\\\/hr\\\/proizvod\\\/prostirke-za-zastitu-od-pada-240-x-120-x-5-cm\\\/\"]}]},{\"@type\":\"ImageObject\",\"inLanguage\":\"hr\",\"@id\":\"https:\\\/\\\/dodo-inflatables.com\\\/hr\\\/proizvod\\\/prostirke-za-zastitu-od-pada-240-x-120-x-5-cm\\\/#primaryimage\",\"url\":\"https:\\\/\\\/dodo-inflatables.com\\\/wp-content\\\/uploads\\\/2022\\\/03\\\/Untitled-design-16.png\",\"contentUrl\":\"https:\\\/\\\/dodo-inflatables.com\\\/wp-content\\\/uploads\\\/2022\\\/03\\\/Untitled-design-16.png\",\"width\":1000,\"height\":1000,\"caption\":\"Sigurnosne podloge za dvorce na napuhavanje | Dodo Inflatables\"},{\"@type\":\"BreadcrumbList\",\"@id\":\"https:\\\/\\\/dodo-inflatables.com\\\/hr\\\/proizvod\\\/prostirke-za-zastitu-od-pada-240-x-120-x-5-cm\\\/#breadcrumb\",\"itemListElement\":[{\"@type\":\"ListItem\",\"position\":1,\"name\":\"Po\u010detna stranica\",\"item\":\"https:\\\/\\\/dodo-inflatables.com\\\/hr\\\/\"},{\"@type\":\"ListItem\",\"position\":2,\"name\":\"Shop\",\"item\":\"https:\\\/\\\/dodo-inflatables.com\\\/hr\\\/shop\\\/\"},{\"@type\":\"ListItem\",\"position\":3,\"name\":\"Prostirke za za\u0161titu od pada 240 x 120 x 5 cm\"}]},{\"@type\":\"WebSite\",\"@id\":\"https:\\\/\\\/dodo-inflatables.com\\\/hr\\\/#website\",\"url\":\"https:\\\/\\\/dodo-inflatables.com\\\/hr\\\/\",\"name\":\"dodo-inflatables.com\",\"description\":\"Kupite dvorce na napuhavanje i atrakcije u na\u0161oj trgovini.\",\"potentialAction\":[{\"@type\":\"SearchAction\",\"target\":{\"@type\":\"EntryPoint\",\"urlTemplate\":\"https:\\\/\\\/dodo-inflatables.com\\\/hr\\\/?s={search_term_string}\"},\"query-input\":{\"@type\":\"PropertyValueSpecification\",\"valueRequired\":true,\"valueName\":\"search_term_string\"}}],\"inLanguage\":\"hr\"}]}<\/script>\n<!-- \/ Yoast SEO plugin. -->","yoast_head_json":{"title":"Prostirke za za\u0161titu od pada za dvorce na napuhavanje | Dodo-Inflatables.com","description":"Kupite sklopive prostirke za za\u0161titu od pada za dvorce na napuhavanje na Dodo-Inflatables.com | Certificirano prema EN14960 | Brza dostava!","robots":{"index":"index","follow":"follow","max-snippet":"max-snippet:-1","max-image-preview":"max-image-preview:large","max-video-preview":"max-video-preview:-1"},"canonical":"https:\/\/dodo-inflatables.com\/hr\/proizvod\/prostirke-za-zastitu-od-pada-240-x-120-x-5-cm\/","twitter_misc":{"Procijenjeno vrijeme \u010ditanja":"1 minuta"},"schema":{"@context":"https:\/\/schema.org","@graph":[{"@type":"WebPage","@id":"https:\/\/dodo-inflatables.com\/hr\/proizvod\/prostirke-za-zastitu-od-pada-240-x-120-x-5-cm\/","url":"https:\/\/dodo-inflatables.com\/hr\/proizvod\/prostirke-za-zastitu-od-pada-240-x-120-x-5-cm\/","name":"Prostirke za za\u0161titu od pada za dvorce na napuhavanje | Dodo-Inflatables.com","isPartOf":{"@id":"https:\/\/dodo-inflatables.com\/hr\/#website"},"primaryImageOfPage":{"@id":"https:\/\/dodo-inflatables.com\/hr\/proizvod\/prostirke-za-zastitu-od-pada-240-x-120-x-5-cm\/#primaryimage"},"image":{"@id":"https:\/\/dodo-inflatables.com\/hr\/proizvod\/prostirke-za-zastitu-od-pada-240-x-120-x-5-cm\/#primaryimage"},"thumbnailUrl":"https:\/\/dodo-inflatables.com\/wp-content\/uploads\/2022\/03\/Untitled-design-16.png","datePublished":"2022-03-01T10:02:01+00:00","dateModified":"2026-04-23T17:50:13+00:00","description":"Kupite sklopive prostirke za za\u0161titu od pada za dvorce na napuhavanje na Dodo-Inflatables.com | Certificirano prema EN14960 | Brza dostava!","breadcrumb":{"@id":"https:\/\/dodo-inflatables.com\/hr\/proizvod\/prostirke-za-zastitu-od-pada-240-x-120-x-5-cm\/#breadcrumb"},"inLanguage":"hr","potentialAction":[{"@type":"ReadAction","target":["https:\/\/dodo-inflatables.com\/hr\/proizvod\/prostirke-za-zastitu-od-pada-240-x-120-x-5-cm\/"]}]},{"@type":"ImageObject","inLanguage":"hr","@id":"https:\/\/dodo-inflatables.com\/hr\/proizvod\/prostirke-za-zastitu-od-pada-240-x-120-x-5-cm\/#primaryimage","url":"https:\/\/dodo-inflatables.com\/wp-content\/uploads\/2022\/03\/Untitled-design-16.png","contentUrl":"https:\/\/dodo-inflatables.com\/wp-content\/uploads\/2022\/03\/Untitled-design-16.png","width":1000,"height":1000,"caption":"Sigurnosne podloge za dvorce na napuhavanje | Dodo Inflatables"},{"@type":"BreadcrumbList","@id":"https:\/\/dodo-inflatables.com\/hr\/proizvod\/prostirke-za-zastitu-od-pada-240-x-120-x-5-cm\/#breadcrumb","itemListElement":[{"@type":"ListItem","position":1,"name":"Po\u010detna stranica","item":"https:\/\/dodo-inflatables.com\/hr\/"},{"@type":"ListItem","position":2,"name":"Shop","item":"https:\/\/dodo-inflatables.com\/hr\/shop\/"},{"@type":"ListItem","position":3,"name":"Prostirke za za\u0161titu od pada 240 x 120 x 5 cm"}]},{"@type":"WebSite","@id":"https:\/\/dodo-inflatables.com\/hr\/#website","url":"https:\/\/dodo-inflatables.com\/hr\/","name":"dodo-inflatables.com","description":"Kupite dvorce na napuhavanje i atrakcije u na\u0161oj trgovini.","potentialAction":[{"@type":"SearchAction","target":{"@type":"EntryPoint","urlTemplate":"https:\/\/dodo-inflatables.com\/hr\/?s={search_term_string}"},"query-input":{"@type":"PropertyValueSpecification","valueRequired":true,"valueName":"search_term_string"}}],"inLanguage":"hr"}]}},"uagb_featured_image_src":{"full":["https:\/\/dodo-inflatables.com\/wp-content\/uploads\/2022\/03\/Untitled-design-16.png",1000,1000,false],"thumbnail":["https:\/\/dodo-inflatables.com\/wp-content\/uploads\/2022\/03\/Untitled-design-16-150x150.png",150,150,true],"medium":["https:\/\/dodo-inflatables.com\/wp-content\/uploads\/2022\/03\/Untitled-design-16-300x300.png",300,300,true],"medium_large":["https:\/\/dodo-inflatables.com\/wp-content\/uploads\/2022\/03\/Untitled-design-16-768x768.png",768,768,true],"large":["https:\/\/dodo-inflatables.com\/wp-content\/uploads\/2022\/03\/Untitled-design-16.png",1000,1000,false],"1536x1536":["https:\/\/dodo-inflatables.com\/wp-content\/uploads\/2022\/03\/Untitled-design-16.png",1000,1000,false],"2048x2048":["https:\/\/dodo-inflatables.com\/wp-content\/uploads\/2022\/03\/Untitled-design-16.png",1000,1000,false],"woocommerce_thumbnail":["https:\/\/dodo-inflatables.com\/wp-content\/uploads\/2022\/03\/Untitled-design-16-900x900.png",900,900,true],"woocommerce_single":["https:\/\/dodo-inflatables.com\/wp-content\/uploads\/2022\/03\/Untitled-design-16-900x900.png",900,900,true],"woocommerce_gallery_thumbnail":["https:\/\/dodo-inflatables.com\/wp-content\/uploads\/2022\/03\/Untitled-design-16-100x100.png",100,100,true]},"uagb_author_info":{"display_name":"Andreas","author_link":"https:\/\/dodo-inflatables.com\/hr\/author\/"},"uagb_comment_info":0,"uagb_excerpt":"Otvorene dimenzije: 240 x 120 x 5 cm Sklopljene dimenzije: 60 x 120 x 20 cm Materijal pjene: EPE RG 18 Materijal navlake: PU tkanina od cerade, debljina 0,6 mm Te\u017eina: 5,4 kg","_links":{"self":[{"href":"https:\/\/dodo-inflatables.com\/hr\/wp-json\/wp\/v2\/product\/11675","targetHints":{"allow":["GET"]}}],"collection":[{"href":"https:\/\/dodo-inflatables.com\/hr\/wp-json\/wp\/v2\/product"}],"about":[{"href":"https:\/\/dodo-inflatables.com\/hr\/wp-json\/wp\/v2\/types\/product"}],"replies":[{"embeddable":true,"href":"https:\/\/dodo-inflatables.com\/hr\/wp-json\/wp\/v2\/comments?post=11675"}],"wp:featuredmedia":[{"embeddable":true,"href":"https:\/\/dodo-inflatables.com\/hr\/wp-json\/wp\/v2\/media\/104809"}],"wp:attachment":[{"href":"https:\/\/dodo-inflatables.com\/hr\/wp-json\/wp\/v2\/media?parent=11675"}],"wp:term":[{"taxonomy":"product_brand","embeddable":true,"href":"https:\/\/dodo-inflatables.com\/hr\/wp-json\/wp\/v2\/product_brand?post=11675"},{"taxonomy":"product_cat","embeddable":true,"href":"https:\/\/dodo-inflatables.com\/hr\/wp-json\/wp\/v2\/product_cat?post=11675"},{"taxonomy":"product_tag","embeddable":true,"href":"https:\/\/dodo-inflatables.com\/hr\/wp-json\/wp\/v2\/product_tag?post=11675"}],"curies":[{"name":"wp","href":"https:\/\/api.w.org\/{rel}","templated":true}]}}