{"id":11716,"date":"2021-01-18T12:17:14","date_gmt":"2021-01-18T11:17:14","guid":{"rendered":"https:\/\/dodo-inflatables.com\/product\/alpska-koliba-na-napuhavanje\/"},"modified":"2024-06-01T17:22:56","modified_gmt":"2024-06-01T15:22:56","slug":"alpska-koliba-na-napuhavanje","status":"publish","type":"product","link":"https:\/\/dodo-inflatables.com\/hr\/proizvod\/alpska-koliba-na-napuhavanje\/","title":{"rendered":"Alpska koliba na napuhavanje"},"content":{"rendered":"<h1>Kupite alpsku kolibu na napuhavanje &#8211; \u0161ator za posebne prilike<\/h1>\n<p>Ovdje imamo vrlo poseban \u0161ator na napuhavanje u dizajnu drvene planinske kolibe. Ova drvena koliba na napuhavanje savr\u0161ena je za doga\u0111aje i promotivne aktivnosti. \u0160ator na napuhavanje stalno se opskrbljuje zrakom pomo\u0107u skakutaju\u0107eg puha\u010da i stoga je vrlo stabilan. Naravno, \u0161ator na napuhavanje ima nekoliko u\u0161ica za osiguranje od vjetra na najbolji mogu\u0107i na\u010din. Detalji planinske kolibe su vrlo dobro promi\u0161ljeni, na primjer, vrata se mogu otvarati i zatvarati patentnim zatvara\u010dem. Krovne \u0161indre izgledaju nevjerojatno stvarno, a prozori imaju uklonjive mre\u017ee protiv komaraca za opu\u0161taju\u0107e ve\u010deri u kolibi. Koliba tako\u0111er ima 2 u\u0161ice u gornjem dijelu zabata, koje su savr\u0161ene za pri\u010dvr\u0161\u0107ivanje bannera sa \u017eeljenim natpisom, logom ili dizajnom. Prava multifunkcionalna koliba za razne namjene! Bilo kao barski \u0161ator, bar za doga\u0111aje, promotivni \u0161ator ili jednostavno kao privla\u010dan pogled, ova planinska koliba na napuhavanje zasigurno \u0107e privu\u0107i pozornost.<\/p>\n<p>\u017delite li kolibu u drugim dimenzijama ili u dizajnu, na primjer kao irski pub? Nema problema, rado \u0107emo vam ponuditi sve mogu\u0107nosti.<\/p>\n<p>Preporu\u010damo samo kori\u0161tenje planinske kolibe na napuhavanje na odgovaraju\u0107im podlo\u017enim ceradama. Tako\u0111er ih mo\u017eete prona\u0107i u na\u0161oj kategoriji dodataka. Op\u0107enito preporu\u010dujemo postavljanje ku\u0107ice za zabavu na napuhavanje na travnjak. Na\u0161i klinovi za tlo tako\u0111er su savr\u0161eni za njegovo pri\u010dvr\u0161\u0107ivanje.<\/p>\n<p>Drvena koliba na napuhavanje isporu\u010duje se u odgovaraju\u0107oj transportnoj torbi. Kako bi se koliba na napuhavanje za\u0161titila od vanjskih utjecaja i o\u0161te\u0107enja prilikom transporta, kolibu je potrebno pravilno pakirati nakon svake uporabe. Kao tvrtka koja unajmljuje, trebali biste tako\u0111er zahtijevati od kupca da pravilno zapakira kolibu na napuhavanje.<\/p>\n<h3>Detalji alpske kolibe na napuhavanje<\/h3>\n<ul>\n<li>Dimenzije (D x \u0160 x V): 6,00 mx 4,00 mx 6,20 m *<\/li>\n<li>Te\u017eina: cca. 80 kg *<\/li>\n<li>Veli\u010dina pakiranja: 80 x 80 x 110 cm *<\/li>\n<li>Vrijeme sastavljanja: 10 minuta<\/li>\n<li>Materijal: PVC (0,55 mm \/ 621,3 g\/m2)<\/li>\n<li>2 &#8211; 4 \u0161ava (ovisno o upotrebi)<\/li>\n<li>Otporan na plamen<\/li>\n<li>Potvrda o odobrenju u skladu s EN 14960<\/li>\n<li>Zip s \u010di\u010dak navlakom, oja\u010dani kutovi<\/li>\n<\/ul>\n<p>Opseg isporuke uklju\u010duje: alpsku kolibu na napuhavanje, transportnu torbu i pribor za popravak<\/p>\n<p>Puhalo i podloga nisu uklju\u010deni. Oni se mogu prona\u0107i u kategoriji pribora.<\/p>\n<p>Planinska koliba na napuhavanje je kvalitetan proizvod koji je proizveden prema strogim smjernicama u skladu s EN 14960. Svi na\u0161i dvorci na napuhavanje i atrakcije na napuhavanje profesionalni su moduli koji su prikladni za profesionalno iznajmljivanje i kori\u0161tenje u zabavnim parkovima, zatvorenim igrali\u0161tima i sli\u010dno.<\/p>\n<p>Va\u017ene upute za rad<\/p>\n<p>Puhalo (nije uklju\u010deno) mora raditi neprekidno tijekom uporabe.<br \/>\nLagano curenje zraka kroz rupe u \u0161avovima je normalno.<\/p>\n<p>* Te\u017eina i dimenzije su pribli\u017ene i mogu malo odstupati<\/p>\n","protected":false},"excerpt":{"rendered":"<p><i class=\"fa fa-arrows-alt\"><\/i>  Dimenzije (D x \u0160 x V): 6,00 mx 4,00 mx 6,20 m *<br \/>\n<i class=\"fa fa-check\"><\/i>  Profesionalni modul &#8211; pogodan za komercijalnu i privatnu upotrebu<\/p>\n<p><i class=\"fa fa-square\"><\/i>  PVC (0,55 mm \/ 621,3 g\/m2)<br \/>\n<i class=\"fa fa-align-justify\"><\/i>  2 &#8211; 4 puta pro\u0161ivena (ovisno o optere\u0107enju)<br \/>\n<i class=\"fa fa-fire\"><\/i>  Usporava plamen<\/p>\n","protected":false},"featured_media":10710,"comment_status":"open","ping_status":"closed","template":"","meta":{"_acf_changed":false,"_uag_custom_page_level_css":"","site-sidebar-layout":"default","site-content-layout":"boxed-container","ast-site-content-layout":"normal-width-container","site-content-style":"boxed","site-sidebar-style":"boxed","ast-global-header-display":"","ast-banner-title-visibility":"","ast-main-header-display":"","ast-hfb-above-header-display":"","ast-hfb-below-header-display":"","ast-hfb-mobile-header-display":"","site-post-title":"disabled","ast-breadcrumbs-content":"","ast-featured-img":"","footer-sml-layout":"","ast-disable-related-posts":"","theme-transparent-header-meta":"default","adv-header-id-meta":"","stick-header-meta":"default","header-above-stick-meta":"","header-main-stick-meta":"","header-below-stick-meta":"","astra-migrate-meta-layouts":"default","ast-page-background-enabled":"default","ast-page-background-meta":{"desktop":{"background-color":"var(--ast-global-color-4)","background-image":"","background-repeat":"repeat","background-position":"center center","background-size":"auto","background-attachment":"scroll","background-type":"","background-media":"","overlay-type":"","overlay-color":"","overlay-opacity":"","overlay-gradient":""},"tablet":{"background-color":"","background-image":"","background-repeat":"repeat","background-position":"center center","background-size":"auto","background-attachment":"scroll","background-type":"","background-media":"","overlay-type":"","overlay-color":"","overlay-opacity":"","overlay-gradient":""},"mobile":{"background-color":"","background-image":"","background-repeat":"repeat","background-position":"center center","background-size":"auto","background-attachment":"scroll","background-type":"","background-media":"","overlay-type":"","overlay-color":"","overlay-opacity":"","overlay-gradient":""}},"ast-content-background-meta":{"desktop":{"background-color":"var(--ast-global-color-5)","background-image":"","background-repeat":"repeat","background-position":"center center","background-size":"auto","background-attachment":"scroll","background-type":"","background-media":"","overlay-type":"","overlay-color":"","overlay-opacity":"","overlay-gradient":""},"tablet":{"background-color":"var(--ast-global-color-5)","background-image":"","background-repeat":"repeat","background-position":"center center","background-size":"auto","background-attachment":"scroll","background-type":"","background-media":"","overlay-type":"","overlay-color":"","overlay-opacity":"","overlay-gradient":""},"mobile":{"background-color":"var(--ast-global-color-5)","background-image":"","background-repeat":"repeat","background-position":"center center","background-size":"auto","background-attachment":"scroll","background-type":"","background-media":"","overlay-type":"","overlay-color":"","overlay-opacity":"","overlay-gradient":""}}},"product_brand":[],"product_cat":[831],"product_tag":[],"class_list":{"0":"post-11716","1":"product","2":"type-product","3":"status-publish","4":"has-post-thumbnail","6":"product_cat-atrakcije","7":"product_shipping_class-spedicija-hupfburg","8":"pa_gtin-0669145336636-hr","9":"desktop-align-center","10":"tablet-align-center","11":"mobile-align-center","12":"ast-product-gallery-layout-horizontal","13":"ast-product-tabs-layout-horizontal","15":"first","16":"onbackorder","17":"taxable","18":"shipping-taxable","19":"purchasable","20":"product-type-simple"},"acf":[],"yoast_head":"<!-- This site is optimized with the Yoast SEO plugin v27.3 - https:\/\/yoast.com\/product\/yoast-seo-wordpress\/ -->\n<title>Kupite planinsku kolibu na napuhavanje i drvenu kolibu | Dodo-Inflatables.com<\/title>\n<meta name=\"description\" content=\"Kupite na\u0161u drvenu kolibu na napuhavanje kao \u0161ator za zabavu izravno online na Dodo-Inflatables.com | Mnogo modela na zalihi | Brza dostava | Najbolja kvaliteta\" \/>\n<meta name=\"robots\" content=\"index, follow, max-snippet:-1, max-image-preview:large, max-video-preview:-1\" \/>\n<link rel=\"canonical\" href=\"https:\/\/dodo-inflatables.com\/hr\/proizvod\/alpska-koliba-na-napuhavanje\/\" \/>\n<meta name=\"twitter:label1\" content=\"Procijenjeno vrijeme \u010ditanja\" \/>\n\t<meta name=\"twitter:data1\" content=\"2 minute\" \/>\n<script type=\"application\/ld+json\" class=\"yoast-schema-graph\">{\"@context\":\"https:\\\/\\\/schema.org\",\"@graph\":[{\"@type\":\"WebPage\",\"@id\":\"https:\\\/\\\/dodo-inflatables.com\\\/hr\\\/proizvod\\\/alpska-koliba-na-napuhavanje\\\/\",\"url\":\"https:\\\/\\\/dodo-inflatables.com\\\/hr\\\/proizvod\\\/alpska-koliba-na-napuhavanje\\\/\",\"name\":\"Kupite planinsku kolibu na napuhavanje i drvenu kolibu | Dodo-Inflatables.com\",\"isPartOf\":{\"@id\":\"https:\\\/\\\/dodo-inflatables.com\\\/hr\\\/#website\"},\"primaryImageOfPage\":{\"@id\":\"https:\\\/\\\/dodo-inflatables.com\\\/hr\\\/proizvod\\\/alpska-koliba-na-napuhavanje\\\/#primaryimage\"},\"image\":{\"@id\":\"https:\\\/\\\/dodo-inflatables.com\\\/hr\\\/proizvod\\\/alpska-koliba-na-napuhavanje\\\/#primaryimage\"},\"thumbnailUrl\":\"https:\\\/\\\/dodo-inflatables.com\\\/wp-content\\\/uploads\\\/2021\\\/01\\\/Aufblasbare-Almhuette-Partyzelt-kaufen_0006_Ebene-3.jpg\",\"datePublished\":\"2021-01-18T11:17:14+00:00\",\"dateModified\":\"2024-06-01T15:22:56+00:00\",\"description\":\"Kupite na\u0161u drvenu kolibu na napuhavanje kao \u0161ator za zabavu izravno online na Dodo-Inflatables.com | Mnogo modela na zalihi | Brza dostava | Najbolja kvaliteta\",\"breadcrumb\":{\"@id\":\"https:\\\/\\\/dodo-inflatables.com\\\/hr\\\/proizvod\\\/alpska-koliba-na-napuhavanje\\\/#breadcrumb\"},\"inLanguage\":\"hr\",\"potentialAction\":[{\"@type\":\"ReadAction\",\"target\":[\"https:\\\/\\\/dodo-inflatables.com\\\/hr\\\/proizvod\\\/alpska-koliba-na-napuhavanje\\\/\"]}]},{\"@type\":\"ImageObject\",\"inLanguage\":\"hr\",\"@id\":\"https:\\\/\\\/dodo-inflatables.com\\\/hr\\\/proizvod\\\/alpska-koliba-na-napuhavanje\\\/#primaryimage\",\"url\":\"https:\\\/\\\/dodo-inflatables.com\\\/wp-content\\\/uploads\\\/2021\\\/01\\\/Aufblasbare-Almhuette-Partyzelt-kaufen_0006_Ebene-3.jpg\",\"contentUrl\":\"https:\\\/\\\/dodo-inflatables.com\\\/wp-content\\\/uploads\\\/2021\\\/01\\\/Aufblasbare-Almhuette-Partyzelt-kaufen_0006_Ebene-3.jpg\",\"width\":500,\"height\":500},{\"@type\":\"BreadcrumbList\",\"@id\":\"https:\\\/\\\/dodo-inflatables.com\\\/hr\\\/proizvod\\\/alpska-koliba-na-napuhavanje\\\/#breadcrumb\",\"itemListElement\":[{\"@type\":\"ListItem\",\"position\":1,\"name\":\"Po\u010detna stranica\",\"item\":\"https:\\\/\\\/dodo-inflatables.com\\\/hr\\\/\"},{\"@type\":\"ListItem\",\"position\":2,\"name\":\"Shop\",\"item\":\"https:\\\/\\\/dodo-inflatables.com\\\/hr\\\/shop\\\/\"},{\"@type\":\"ListItem\",\"position\":3,\"name\":\"Alpska koliba na napuhavanje\"}]},{\"@type\":\"WebSite\",\"@id\":\"https:\\\/\\\/dodo-inflatables.com\\\/hr\\\/#website\",\"url\":\"https:\\\/\\\/dodo-inflatables.com\\\/hr\\\/\",\"name\":\"dodo-inflatables.com\",\"description\":\"Kupite dvorce na napuhavanje i atrakcije u na\u0161oj trgovini.\",\"publisher\":{\"@id\":\"https:\\\/\\\/dodo-inflatables.com\\\/hr\\\/#organization\"},\"potentialAction\":[{\"@type\":\"SearchAction\",\"target\":{\"@type\":\"EntryPoint\",\"urlTemplate\":\"https:\\\/\\\/dodo-inflatables.com\\\/hr\\\/?s={search_term_string}\"},\"query-input\":{\"@type\":\"PropertyValueSpecification\",\"valueRequired\":true,\"valueName\":\"search_term_string\"}}],\"inLanguage\":\"hr\"},{\"@type\":\"Organization\",\"@id\":\"https:\\\/\\\/dodo-inflatables.com\\\/hr\\\/#organization\",\"name\":\"dodo-inflatables.com\",\"url\":\"https:\\\/\\\/dodo-inflatables.com\\\/hr\\\/\",\"logo\":{\"@type\":\"ImageObject\",\"inLanguage\":\"hr\",\"@id\":\"https:\\\/\\\/dodo-inflatables.com\\\/hr\\\/#\\\/schema\\\/logo\\\/image\\\/\",\"url\":\"https:\\\/\\\/dodo-inflatables.com\\\/wp-content\\\/uploads\\\/2023\\\/04\\\/cropped-cropped-cropped-Dodo-Logo.png\",\"contentUrl\":\"https:\\\/\\\/dodo-inflatables.com\\\/wp-content\\\/uploads\\\/2023\\\/04\\\/cropped-cropped-cropped-Dodo-Logo.png\",\"width\":2996,\"height\":1545,\"caption\":\"dodo-inflatables.com\"},\"image\":{\"@id\":\"https:\\\/\\\/dodo-inflatables.com\\\/hr\\\/#\\\/schema\\\/logo\\\/image\\\/\"}}]}<\/script>\n<!-- \/ Yoast SEO plugin. -->","yoast_head_json":{"title":"Kupite planinsku kolibu na napuhavanje i drvenu kolibu | Dodo-Inflatables.com","description":"Kupite na\u0161u drvenu kolibu na napuhavanje kao \u0161ator za zabavu izravno online na Dodo-Inflatables.com | Mnogo modela na zalihi | Brza dostava | Najbolja kvaliteta","robots":{"index":"index","follow":"follow","max-snippet":"max-snippet:-1","max-image-preview":"max-image-preview:large","max-video-preview":"max-video-preview:-1"},"canonical":"https:\/\/dodo-inflatables.com\/hr\/proizvod\/alpska-koliba-na-napuhavanje\/","twitter_misc":{"Procijenjeno vrijeme \u010ditanja":"2 minute"},"schema":{"@context":"https:\/\/schema.org","@graph":[{"@type":"WebPage","@id":"https:\/\/dodo-inflatables.com\/hr\/proizvod\/alpska-koliba-na-napuhavanje\/","url":"https:\/\/dodo-inflatables.com\/hr\/proizvod\/alpska-koliba-na-napuhavanje\/","name":"Kupite planinsku kolibu na napuhavanje i drvenu kolibu | Dodo-Inflatables.com","isPartOf":{"@id":"https:\/\/dodo-inflatables.com\/hr\/#website"},"primaryImageOfPage":{"@id":"https:\/\/dodo-inflatables.com\/hr\/proizvod\/alpska-koliba-na-napuhavanje\/#primaryimage"},"image":{"@id":"https:\/\/dodo-inflatables.com\/hr\/proizvod\/alpska-koliba-na-napuhavanje\/#primaryimage"},"thumbnailUrl":"https:\/\/dodo-inflatables.com\/wp-content\/uploads\/2021\/01\/Aufblasbare-Almhuette-Partyzelt-kaufen_0006_Ebene-3.jpg","datePublished":"2021-01-18T11:17:14+00:00","dateModified":"2024-06-01T15:22:56+00:00","description":"Kupite na\u0161u drvenu kolibu na napuhavanje kao \u0161ator za zabavu izravno online na Dodo-Inflatables.com | Mnogo modela na zalihi | Brza dostava | Najbolja kvaliteta","breadcrumb":{"@id":"https:\/\/dodo-inflatables.com\/hr\/proizvod\/alpska-koliba-na-napuhavanje\/#breadcrumb"},"inLanguage":"hr","potentialAction":[{"@type":"ReadAction","target":["https:\/\/dodo-inflatables.com\/hr\/proizvod\/alpska-koliba-na-napuhavanje\/"]}]},{"@type":"ImageObject","inLanguage":"hr","@id":"https:\/\/dodo-inflatables.com\/hr\/proizvod\/alpska-koliba-na-napuhavanje\/#primaryimage","url":"https:\/\/dodo-inflatables.com\/wp-content\/uploads\/2021\/01\/Aufblasbare-Almhuette-Partyzelt-kaufen_0006_Ebene-3.jpg","contentUrl":"https:\/\/dodo-inflatables.com\/wp-content\/uploads\/2021\/01\/Aufblasbare-Almhuette-Partyzelt-kaufen_0006_Ebene-3.jpg","width":500,"height":500},{"@type":"BreadcrumbList","@id":"https:\/\/dodo-inflatables.com\/hr\/proizvod\/alpska-koliba-na-napuhavanje\/#breadcrumb","itemListElement":[{"@type":"ListItem","position":1,"name":"Po\u010detna stranica","item":"https:\/\/dodo-inflatables.com\/hr\/"},{"@type":"ListItem","position":2,"name":"Shop","item":"https:\/\/dodo-inflatables.com\/hr\/shop\/"},{"@type":"ListItem","position":3,"name":"Alpska koliba na napuhavanje"}]},{"@type":"WebSite","@id":"https:\/\/dodo-inflatables.com\/hr\/#website","url":"https:\/\/dodo-inflatables.com\/hr\/","name":"dodo-inflatables.com","description":"Kupite dvorce na napuhavanje i atrakcije u na\u0161oj trgovini.","publisher":{"@id":"https:\/\/dodo-inflatables.com\/hr\/#organization"},"potentialAction":[{"@type":"SearchAction","target":{"@type":"EntryPoint","urlTemplate":"https:\/\/dodo-inflatables.com\/hr\/?s={search_term_string}"},"query-input":{"@type":"PropertyValueSpecification","valueRequired":true,"valueName":"search_term_string"}}],"inLanguage":"hr"},{"@type":"Organization","@id":"https:\/\/dodo-inflatables.com\/hr\/#organization","name":"dodo-inflatables.com","url":"https:\/\/dodo-inflatables.com\/hr\/","logo":{"@type":"ImageObject","inLanguage":"hr","@id":"https:\/\/dodo-inflatables.com\/hr\/#\/schema\/logo\/image\/","url":"https:\/\/dodo-inflatables.com\/wp-content\/uploads\/2023\/04\/cropped-cropped-cropped-Dodo-Logo.png","contentUrl":"https:\/\/dodo-inflatables.com\/wp-content\/uploads\/2023\/04\/cropped-cropped-cropped-Dodo-Logo.png","width":2996,"height":1545,"caption":"dodo-inflatables.com"},"image":{"@id":"https:\/\/dodo-inflatables.com\/hr\/#\/schema\/logo\/image\/"}}]}},"uagb_featured_image_src":{"full":["https:\/\/dodo-inflatables.com\/wp-content\/uploads\/2021\/01\/Aufblasbare-Almhuette-Partyzelt-kaufen_0006_Ebene-3.jpg",500,500,false],"thumbnail":["https:\/\/dodo-inflatables.com\/wp-content\/uploads\/2021\/01\/Aufblasbare-Almhuette-Partyzelt-kaufen_0006_Ebene-3-150x150.jpg",150,150,true],"medium":["https:\/\/dodo-inflatables.com\/wp-content\/uploads\/2021\/01\/Aufblasbare-Almhuette-Partyzelt-kaufen_0006_Ebene-3-300x300.jpg",300,300,true],"medium_large":["https:\/\/dodo-inflatables.com\/wp-content\/uploads\/2021\/01\/Aufblasbare-Almhuette-Partyzelt-kaufen_0006_Ebene-3.jpg",500,500,false],"large":["https:\/\/dodo-inflatables.com\/wp-content\/uploads\/2021\/01\/Aufblasbare-Almhuette-Partyzelt-kaufen_0006_Ebene-3.jpg",500,500,false],"1536x1536":["https:\/\/dodo-inflatables.com\/wp-content\/uploads\/2021\/01\/Aufblasbare-Almhuette-Partyzelt-kaufen_0006_Ebene-3.jpg",500,500,false],"2048x2048":["https:\/\/dodo-inflatables.com\/wp-content\/uploads\/2021\/01\/Aufblasbare-Almhuette-Partyzelt-kaufen_0006_Ebene-3.jpg",500,500,false],"woocommerce_thumbnail":["https:\/\/dodo-inflatables.com\/wp-content\/uploads\/2021\/01\/Aufblasbare-Almhuette-Partyzelt-kaufen_0006_Ebene-3.jpg",500,500,false],"woocommerce_single":["https:\/\/dodo-inflatables.com\/wp-content\/uploads\/2021\/01\/Aufblasbare-Almhuette-Partyzelt-kaufen_0006_Ebene-3.jpg",500,500,false],"woocommerce_gallery_thumbnail":["https:\/\/dodo-inflatables.com\/wp-content\/uploads\/2021\/01\/Aufblasbare-Almhuette-Partyzelt-kaufen_0006_Ebene-3-100x100.jpg",100,100,true]},"uagb_author_info":{"display_name":"Andreas","author_link":"https:\/\/dodo-inflatables.com\/hr\/author\/"},"uagb_comment_info":0,"uagb_excerpt":"Dimenzije (D x \u0160 x V): 6,00 mx 4,00 mx 6,20 m * Profesionalni modul - pogodan za komercijalnu i privatnu upotrebu PVC (0,55 mm \/ 621,3 g\/m2) 2 - 4 puta pro\u0161ivena (ovisno o optere\u0107enju) Usporava plamen","_links":{"self":[{"href":"https:\/\/dodo-inflatables.com\/hr\/wp-json\/wp\/v2\/product\/11716","targetHints":{"allow":["GET"]}}],"collection":[{"href":"https:\/\/dodo-inflatables.com\/hr\/wp-json\/wp\/v2\/product"}],"about":[{"href":"https:\/\/dodo-inflatables.com\/hr\/wp-json\/wp\/v2\/types\/product"}],"replies":[{"embeddable":true,"href":"https:\/\/dodo-inflatables.com\/hr\/wp-json\/wp\/v2\/comments?post=11716"}],"wp:featuredmedia":[{"embeddable":true,"href":"https:\/\/dodo-inflatables.com\/hr\/wp-json\/wp\/v2\/media\/10710"}],"wp:attachment":[{"href":"https:\/\/dodo-inflatables.com\/hr\/wp-json\/wp\/v2\/media?parent=11716"}],"wp:term":[{"taxonomy":"product_brand","embeddable":true,"href":"https:\/\/dodo-inflatables.com\/hr\/wp-json\/wp\/v2\/product_brand?post=11716"},{"taxonomy":"product_cat","embeddable":true,"href":"https:\/\/dodo-inflatables.com\/hr\/wp-json\/wp\/v2\/product_cat?post=11716"},{"taxonomy":"product_tag","embeddable":true,"href":"https:\/\/dodo-inflatables.com\/hr\/wp-json\/wp\/v2\/product_tag?post=11716"}],"curies":[{"name":"wp","href":"https:\/\/api.w.org\/{rel}","templated":true}]}}