{"id":11723,"date":"2020-12-29T15:00:18","date_gmt":"2020-12-29T14:00:18","guid":{"rendered":"https:\/\/dodo-inflatables.com\/product\/huawei-dodatak-za-grijanje\/"},"modified":"2026-04-25T18:25:45","modified_gmt":"2026-04-25T16:25:45","slug":"huawei-dodatak-za-grijanje","status":"publish","type":"product","link":"https:\/\/dodo-inflatables.com\/hr\/proizvod\/huawei-dodatak-za-grijanje\/","title":{"rendered":"Grija\u010d nastavak za Huawei puhala"},"content":{"rendered":"<h2>Kupite grija\u010d nastavak za Huawei puhala za dvorce na napuhavanje<\/h2>\n<p>Grija\u010d nastavak za Huawei puhala idealno je rje\u0161enje za mnogo br\u017ee su\u0161enje mokrih dvoraca na napuhavanje.<br \/>\nPomo\u0107u patentiranog sustava brzog spajanja, grija\u010d se izravno spaja na puhalo i zagrijava zrak koji se zatim upuhuje u dvorac na napuhavanje.<br \/>\n<strong>Br\u017ee su\u0161enje:<\/strong><br \/>\nTopli zrak zna\u010dajno smanjuje vrijeme su\u0161enja mokrog dvorca na napuhavanje. Dugo \u010dekanje ili sati dodatnog su\u0161enja su uvelike smanjeni \u2013 posebno korisno za iznajmljiva\u010dke tvrtke s nekoliko iznajmljivanja u jednom danu.<br \/>\n<strong>Za\u0161tita od vlage i plijesni:<\/strong><br \/>\nGrija\u010d ne su\u0161i samo vanjske povr\u0161ine, ve\u0107 i unutra\u0161njost dvorca na napuhavanje. To poma\u017ee u\u010dinkovito sprije\u010diti nakupljanje vlage i plijesni, a istovremeno produ\u017euje vijek trajanja napuhavaju\u0107e konstrukcije.<br \/>\n<strong>Jednostavna instalacija:<\/strong><br \/>\nZahvaljuju\u0107i patentiranom sustavu brzog spajanja, grija\u010d se mo\u017ee brzo i jednostavno pri\u010dvrstiti na Huawei puhalo \u2013 bez potrebe za dodatnim alatima.<br \/>\n<strong>Idealno za iznajmljiva\u010dke tvrtke:<\/strong><br \/>\nPosebno u iznajmljiva\u010dkim tvrtkama s \u010destim postavljanjem i pakiranjem, kao i promjenjivim vremenskim uvjetima, grija\u010d nastavak je vrijedan dodatak za profesionalne korisnike.<br \/>\n&nbsp;<\/p>\n<h3><strong>Tehni\u010dki podaci<\/strong><\/h3>\n<ul>\n<li>Dimenzije: 33,5 x 31,5 x 28 cm (D x \u0160 x V)<\/li>\n<li>Snaga: 2,5 kW<\/li>\n<li>Priklju\u010dak: Schuko utika\u010d<\/li>\n<\/ul>\n<h3><strong>Upute<\/strong><\/h3>\n<ul>\n<li>1. Spojite grija\u010d na Huawei puhalo<\/li>\n<li>2. Otvorite sve patentne zatvara\u010de na dvorcu na napuhavanje<\/li>\n<li>3. Uklju\u010dite grija\u010d<\/li>\n<\/ul>\n<p><b>Va\u017eno:<\/b><span style=\"font-size: 16px;\"> Grija\u010d zahtijeva <\/span><span class=\"s1\" style=\"font-size: 16px;\"><b>2,5 kW<\/b><\/span><span style=\"font-size: 16px;\"> i uvijek mora biti priklju\u010den na <\/span><span class=\"s1\" style=\"font-size: 16px;\"><b>poseban strujni vod<\/b><\/span><span style=\"font-size: 16px;\">.<\/span><\/p>\n","protected":false},"excerpt":{"rendered":"<ul>\n<li>Prikladno za Huawei puhalo REH-1.5E &#8211; 1.5 KS i Huawei puhalo REH-2E &#8211; 2 KS<\/li>\n<li>Prikladno za sve dvorce na napuhavanje i event module u ponudi<\/li>\n<li>Jednostavna upotreba \u2013 idealno za su\u0161enje napuhavaju\u0107e konstrukcije<\/li>\n<\/ul>\n","protected":false},"featured_media":10656,"comment_status":"open","ping_status":"closed","template":"","meta":{"_acf_changed":false,"_uag_custom_page_level_css":"","site-sidebar-layout":"default","site-content-layout":"boxed-container","ast-site-content-layout":"normal-width-container","site-content-style":"boxed","site-sidebar-style":"boxed","ast-global-header-display":"","ast-banner-title-visibility":"","ast-main-header-display":"","ast-hfb-above-header-display":"","ast-hfb-below-header-display":"","ast-hfb-mobile-header-display":"","site-post-title":"disabled","ast-breadcrumbs-content":"","ast-featured-img":"","footer-sml-layout":"","ast-disable-related-posts":"","theme-transparent-header-meta":"default","adv-header-id-meta":"","stick-header-meta":"default","header-above-stick-meta":"","header-main-stick-meta":"","header-below-stick-meta":"","astra-migrate-meta-layouts":"default","ast-page-background-enabled":"default","ast-page-background-meta":{"desktop":{"background-color":"var(--ast-global-color-4)","background-image":"","background-repeat":"repeat","background-position":"center center","background-size":"auto","background-attachment":"scroll","background-type":"","background-media":"","overlay-type":"","overlay-color":"","overlay-opacity":"","overlay-gradient":""},"tablet":{"background-color":"","background-image":"","background-repeat":"repeat","background-position":"center center","background-size":"auto","background-attachment":"scroll","background-type":"","background-media":"","overlay-type":"","overlay-color":"","overlay-opacity":"","overlay-gradient":""},"mobile":{"background-color":"","background-image":"","background-repeat":"repeat","background-position":"center center","background-size":"auto","background-attachment":"scroll","background-type":"","background-media":"","overlay-type":"","overlay-color":"","overlay-opacity":"","overlay-gradient":""}},"ast-content-background-meta":{"desktop":{"background-color":"var(--ast-global-color-5)","background-image":"","background-repeat":"repeat","background-position":"center center","background-size":"auto","background-attachment":"scroll","background-type":"","background-media":"","overlay-type":"","overlay-color":"","overlay-opacity":"","overlay-gradient":""},"tablet":{"background-color":"var(--ast-global-color-5)","background-image":"","background-repeat":"repeat","background-position":"center center","background-size":"auto","background-attachment":"scroll","background-type":"","background-media":"","overlay-type":"","overlay-color":"","overlay-opacity":"","overlay-gradient":""},"mobile":{"background-color":"var(--ast-global-color-5)","background-image":"","background-repeat":"repeat","background-position":"center center","background-size":"auto","background-attachment":"scroll","background-type":"","background-media":"","overlay-type":"","overlay-color":"","overlay-opacity":"","overlay-gradient":""}}},"product_brand":[],"product_cat":[824],"product_tag":[],"class_list":{"0":"post-11723","1":"product","2":"type-product","3":"status-publish","4":"has-post-thumbnail","6":"product_cat-pribor","7":"product_shipping_class-zubehor","8":"pa_gtin-0669145333994-hr","9":"desktop-align-center","10":"tablet-align-center","11":"mobile-align-center","12":"ast-product-gallery-layout-horizontal","13":"ast-product-tabs-layout-horizontal","15":"first","16":"instock","17":"taxable","18":"shipping-taxable","19":"purchasable","20":"product-type-simple"},"acf":[],"yoast_head":"<!-- This site is optimized with the Yoast SEO plugin v27.5 - https:\/\/yoast.com\/product\/yoast-seo-wordpress\/ -->\n<title>Kupite grija\u010d za Huawei puhala | Dodo-Inflatables.com<\/title>\n<meta name=\"description\" content=\"Kupite grija\u010d za Huawei puha\u010de na napuhavanje REH-1.5E - 1.5HP na Dodo-Inflatables.com | Po\u0161tene cijene | Uvijek na zalihi | Brza dostava!\" \/>\n<meta name=\"robots\" content=\"index, follow, max-snippet:-1, max-image-preview:large, max-video-preview:-1\" \/>\n<link rel=\"canonical\" href=\"https:\/\/dodo-inflatables.com\/hr\/proizvod\/huawei-dodatak-za-grijanje\/\" \/>\n<meta name=\"twitter:label1\" content=\"Procijenjeno vrijeme \u010ditanja\" \/>\n\t<meta name=\"twitter:data1\" content=\"1 minuta\" \/>\n<script type=\"application\/ld+json\" class=\"yoast-schema-graph\">{\"@context\":\"https:\\\/\\\/schema.org\",\"@graph\":[{\"@type\":\"WebPage\",\"@id\":\"https:\\\/\\\/dodo-inflatables.com\\\/hr\\\/proizvod\\\/huawei-dodatak-za-grijanje\\\/\",\"url\":\"https:\\\/\\\/dodo-inflatables.com\\\/hr\\\/proizvod\\\/huawei-dodatak-za-grijanje\\\/\",\"name\":\"Kupite grija\u010d za Huawei puhala | Dodo-Inflatables.com\",\"isPartOf\":{\"@id\":\"https:\\\/\\\/dodo-inflatables.com\\\/hr\\\/#website\"},\"primaryImageOfPage\":{\"@id\":\"https:\\\/\\\/dodo-inflatables.com\\\/hr\\\/proizvod\\\/huawei-dodatak-za-grijanje\\\/#primaryimage\"},\"image\":{\"@id\":\"https:\\\/\\\/dodo-inflatables.com\\\/hr\\\/proizvod\\\/huawei-dodatak-za-grijanje\\\/#primaryimage\"},\"thumbnailUrl\":\"https:\\\/\\\/dodo-inflatables.com\\\/wp-content\\\/uploads\\\/2020\\\/12\\\/Hupfburg-Geblase-Huawei-kaufen_0004_Air-Heater.jpg\",\"datePublished\":\"2020-12-29T14:00:18+00:00\",\"dateModified\":\"2026-04-25T16:25:45+00:00\",\"description\":\"Kupite grija\u010d za Huawei puha\u010de na napuhavanje REH-1.5E - 1.5HP na Dodo-Inflatables.com | Po\u0161tene cijene | Uvijek na zalihi | Brza dostava!\",\"breadcrumb\":{\"@id\":\"https:\\\/\\\/dodo-inflatables.com\\\/hr\\\/proizvod\\\/huawei-dodatak-za-grijanje\\\/#breadcrumb\"},\"inLanguage\":\"hr\",\"potentialAction\":[{\"@type\":\"ReadAction\",\"target\":[\"https:\\\/\\\/dodo-inflatables.com\\\/hr\\\/proizvod\\\/huawei-dodatak-za-grijanje\\\/\"]}]},{\"@type\":\"ImageObject\",\"inLanguage\":\"hr\",\"@id\":\"https:\\\/\\\/dodo-inflatables.com\\\/hr\\\/proizvod\\\/huawei-dodatak-za-grijanje\\\/#primaryimage\",\"url\":\"https:\\\/\\\/dodo-inflatables.com\\\/wp-content\\\/uploads\\\/2020\\\/12\\\/Hupfburg-Geblase-Huawei-kaufen_0004_Air-Heater.jpg\",\"contentUrl\":\"https:\\\/\\\/dodo-inflatables.com\\\/wp-content\\\/uploads\\\/2020\\\/12\\\/Hupfburg-Geblase-Huawei-kaufen_0004_Air-Heater.jpg\",\"width\":500,\"height\":500,\"caption\":\"Grija\u010d nastavak za Huawei puhala | Dodo Inflatables\"},{\"@type\":\"BreadcrumbList\",\"@id\":\"https:\\\/\\\/dodo-inflatables.com\\\/hr\\\/proizvod\\\/huawei-dodatak-za-grijanje\\\/#breadcrumb\",\"itemListElement\":[{\"@type\":\"ListItem\",\"position\":1,\"name\":\"Po\u010detna stranica\",\"item\":\"https:\\\/\\\/dodo-inflatables.com\\\/hr\\\/\"},{\"@type\":\"ListItem\",\"position\":2,\"name\":\"Shop\",\"item\":\"https:\\\/\\\/dodo-inflatables.com\\\/hr\\\/shop\\\/\"},{\"@type\":\"ListItem\",\"position\":3,\"name\":\"Huawei dodatak za grijanje\"}]},{\"@type\":\"WebSite\",\"@id\":\"https:\\\/\\\/dodo-inflatables.com\\\/hr\\\/#website\",\"url\":\"https:\\\/\\\/dodo-inflatables.com\\\/hr\\\/\",\"name\":\"dodo-inflatables.com\",\"description\":\"Kupite dvorce na napuhavanje i atrakcije u na\u0161oj trgovini.\",\"potentialAction\":[{\"@type\":\"SearchAction\",\"target\":{\"@type\":\"EntryPoint\",\"urlTemplate\":\"https:\\\/\\\/dodo-inflatables.com\\\/hr\\\/?s={search_term_string}\"},\"query-input\":{\"@type\":\"PropertyValueSpecification\",\"valueRequired\":true,\"valueName\":\"search_term_string\"}}],\"inLanguage\":\"hr\"}]}<\/script>\n<!-- \/ Yoast SEO plugin. -->","yoast_head_json":{"title":"Kupite grija\u010d za Huawei puhala | Dodo-Inflatables.com","description":"Kupite grija\u010d za Huawei puha\u010de na napuhavanje REH-1.5E - 1.5HP na Dodo-Inflatables.com | Po\u0161tene cijene | Uvijek na zalihi | Brza dostava!","robots":{"index":"index","follow":"follow","max-snippet":"max-snippet:-1","max-image-preview":"max-image-preview:large","max-video-preview":"max-video-preview:-1"},"canonical":"https:\/\/dodo-inflatables.com\/hr\/proizvod\/huawei-dodatak-za-grijanje\/","twitter_misc":{"Procijenjeno vrijeme \u010ditanja":"1 minuta"},"schema":{"@context":"https:\/\/schema.org","@graph":[{"@type":"WebPage","@id":"https:\/\/dodo-inflatables.com\/hr\/proizvod\/huawei-dodatak-za-grijanje\/","url":"https:\/\/dodo-inflatables.com\/hr\/proizvod\/huawei-dodatak-za-grijanje\/","name":"Kupite grija\u010d za Huawei puhala | Dodo-Inflatables.com","isPartOf":{"@id":"https:\/\/dodo-inflatables.com\/hr\/#website"},"primaryImageOfPage":{"@id":"https:\/\/dodo-inflatables.com\/hr\/proizvod\/huawei-dodatak-za-grijanje\/#primaryimage"},"image":{"@id":"https:\/\/dodo-inflatables.com\/hr\/proizvod\/huawei-dodatak-za-grijanje\/#primaryimage"},"thumbnailUrl":"https:\/\/dodo-inflatables.com\/wp-content\/uploads\/2020\/12\/Hupfburg-Geblase-Huawei-kaufen_0004_Air-Heater.jpg","datePublished":"2020-12-29T14:00:18+00:00","dateModified":"2026-04-25T16:25:45+00:00","description":"Kupite grija\u010d za Huawei puha\u010de na napuhavanje REH-1.5E - 1.5HP na Dodo-Inflatables.com | Po\u0161tene cijene | Uvijek na zalihi | Brza dostava!","breadcrumb":{"@id":"https:\/\/dodo-inflatables.com\/hr\/proizvod\/huawei-dodatak-za-grijanje\/#breadcrumb"},"inLanguage":"hr","potentialAction":[{"@type":"ReadAction","target":["https:\/\/dodo-inflatables.com\/hr\/proizvod\/huawei-dodatak-za-grijanje\/"]}]},{"@type":"ImageObject","inLanguage":"hr","@id":"https:\/\/dodo-inflatables.com\/hr\/proizvod\/huawei-dodatak-za-grijanje\/#primaryimage","url":"https:\/\/dodo-inflatables.com\/wp-content\/uploads\/2020\/12\/Hupfburg-Geblase-Huawei-kaufen_0004_Air-Heater.jpg","contentUrl":"https:\/\/dodo-inflatables.com\/wp-content\/uploads\/2020\/12\/Hupfburg-Geblase-Huawei-kaufen_0004_Air-Heater.jpg","width":500,"height":500,"caption":"Grija\u010d nastavak za Huawei puhala | Dodo Inflatables"},{"@type":"BreadcrumbList","@id":"https:\/\/dodo-inflatables.com\/hr\/proizvod\/huawei-dodatak-za-grijanje\/#breadcrumb","itemListElement":[{"@type":"ListItem","position":1,"name":"Po\u010detna stranica","item":"https:\/\/dodo-inflatables.com\/hr\/"},{"@type":"ListItem","position":2,"name":"Shop","item":"https:\/\/dodo-inflatables.com\/hr\/shop\/"},{"@type":"ListItem","position":3,"name":"Huawei dodatak za grijanje"}]},{"@type":"WebSite","@id":"https:\/\/dodo-inflatables.com\/hr\/#website","url":"https:\/\/dodo-inflatables.com\/hr\/","name":"dodo-inflatables.com","description":"Kupite dvorce na napuhavanje i atrakcije u na\u0161oj trgovini.","potentialAction":[{"@type":"SearchAction","target":{"@type":"EntryPoint","urlTemplate":"https:\/\/dodo-inflatables.com\/hr\/?s={search_term_string}"},"query-input":{"@type":"PropertyValueSpecification","valueRequired":true,"valueName":"search_term_string"}}],"inLanguage":"hr"}]}},"uagb_featured_image_src":{"full":["https:\/\/dodo-inflatables.com\/wp-content\/uploads\/2020\/12\/Hupfburg-Geblase-Huawei-kaufen_0004_Air-Heater.jpg",500,500,false],"thumbnail":["https:\/\/dodo-inflatables.com\/wp-content\/uploads\/2020\/12\/Hupfburg-Geblase-Huawei-kaufen_0004_Air-Heater-150x150.jpg",150,150,true],"medium":["https:\/\/dodo-inflatables.com\/wp-content\/uploads\/2020\/12\/Hupfburg-Geblase-Huawei-kaufen_0004_Air-Heater-300x300.jpg",300,300,true],"medium_large":["https:\/\/dodo-inflatables.com\/wp-content\/uploads\/2020\/12\/Hupfburg-Geblase-Huawei-kaufen_0004_Air-Heater.jpg",500,500,false],"large":["https:\/\/dodo-inflatables.com\/wp-content\/uploads\/2020\/12\/Hupfburg-Geblase-Huawei-kaufen_0004_Air-Heater.jpg",500,500,false],"1536x1536":["https:\/\/dodo-inflatables.com\/wp-content\/uploads\/2020\/12\/Hupfburg-Geblase-Huawei-kaufen_0004_Air-Heater.jpg",500,500,false],"2048x2048":["https:\/\/dodo-inflatables.com\/wp-content\/uploads\/2020\/12\/Hupfburg-Geblase-Huawei-kaufen_0004_Air-Heater.jpg",500,500,false],"woocommerce_thumbnail":["https:\/\/dodo-inflatables.com\/wp-content\/uploads\/2020\/12\/Hupfburg-Geblase-Huawei-kaufen_0004_Air-Heater.jpg",500,500,false],"woocommerce_single":["https:\/\/dodo-inflatables.com\/wp-content\/uploads\/2020\/12\/Hupfburg-Geblase-Huawei-kaufen_0004_Air-Heater.jpg",500,500,false],"woocommerce_gallery_thumbnail":["https:\/\/dodo-inflatables.com\/wp-content\/uploads\/2020\/12\/Hupfburg-Geblase-Huawei-kaufen_0004_Air-Heater-100x100.jpg",100,100,true]},"uagb_author_info":{"display_name":"Andreas","author_link":"https:\/\/dodo-inflatables.com\/hr\/author\/"},"uagb_comment_info":0,"uagb_excerpt":"Prikladno za Huawei puhalo REH-1.5E - 1.5 KS i Huawei puhalo REH-2E - 2 KS Prikladno za sve dvorce na napuhavanje i event module u ponudi Jednostavna upotreba \u2013 idealno za su\u0161enje napuhavaju\u0107e konstrukcije","_links":{"self":[{"href":"https:\/\/dodo-inflatables.com\/hr\/wp-json\/wp\/v2\/product\/11723","targetHints":{"allow":["GET"]}}],"collection":[{"href":"https:\/\/dodo-inflatables.com\/hr\/wp-json\/wp\/v2\/product"}],"about":[{"href":"https:\/\/dodo-inflatables.com\/hr\/wp-json\/wp\/v2\/types\/product"}],"replies":[{"embeddable":true,"href":"https:\/\/dodo-inflatables.com\/hr\/wp-json\/wp\/v2\/comments?post=11723"}],"wp:featuredmedia":[{"embeddable":true,"href":"https:\/\/dodo-inflatables.com\/hr\/wp-json\/wp\/v2\/media\/10656"}],"wp:attachment":[{"href":"https:\/\/dodo-inflatables.com\/hr\/wp-json\/wp\/v2\/media?parent=11723"}],"wp:term":[{"taxonomy":"product_brand","embeddable":true,"href":"https:\/\/dodo-inflatables.com\/hr\/wp-json\/wp\/v2\/product_brand?post=11723"},{"taxonomy":"product_cat","embeddable":true,"href":"https:\/\/dodo-inflatables.com\/hr\/wp-json\/wp\/v2\/product_cat?post=11723"},{"taxonomy":"product_tag","embeddable":true,"href":"https:\/\/dodo-inflatables.com\/hr\/wp-json\/wp\/v2\/product_tag?post=11723"}],"curies":[{"name":"wp","href":"https:\/\/api.w.org\/{rel}","templated":true}]}}