{"id":11728,"date":"2020-12-29T14:57:32","date_gmt":"2020-12-29T13:57:32","guid":{"rendered":"https:\/\/dodo-inflatables.com\/product\/huawei-deflator-dodatak-dupli\/"},"modified":"2026-04-25T18:31:17","modified_gmt":"2026-04-25T16:31:17","slug":"huawei-deflator-dodatak-dupli","status":"publish","type":"product","link":"https:\/\/dodo-inflatables.com\/hr\/proizvod\/huawei-deflator-dodatak-dupli\/","title":{"rendered":"Dvostruki deflator nastavak za Huawei puhala"},"content":{"rendered":"<h2>Kupite dvostruki deflator nastavak za Huawei puhala za dvorce na napuhavanje<\/h2>\n<p>Dvostruki deflator nastavak za Huawei puhala za dvorce na napuhavanje idealan je dodatak za iznajmljiva\u010dke tvrtke i operatere s nekoliko dvoraca na napuhavanje u svojoj ponudi. Deflator aktivno izvla\u010di zrak iz dvorca na napuhavanje, \u010dine\u0107i pakiranje mnogo lak\u0161im i br\u017eim.<br \/>\n<strong>Br\u017ee pakiranje:<\/strong><br \/>\nDeflator poma\u017ee ukloniti zrak iz dvorca na napuhavanje, ostavljaju\u0107i manje zaostalog zraka unutra. To olak\u0161ava savijanje napuhavaju\u0107e konstrukcije u kompaktniji oblik i br\u017ee pripremanje za transport.<br \/>\n<strong>Prakti\u010dna podr\u0161ka za iznajmljiva\u010dke tvrtke:<\/strong><br \/>\n\u010cak i kada se koristi deflator, pakiranje nije potpuno automatsko i savijanje dvorca na napuhavanje jo\u0161 uvijek treba raditi ru\u010dno. Me\u0111utim, posebno pri rukovanju s nekoliko napuhavaju\u0107ih konstrukcija, deflator primjetno \u0161tedi vrijeme i trud.<br \/>\n<strong>Dostupne dvije verzije:<\/strong><br \/>\nDeflator nastavak dostupan je u kratkoj i dugoj verziji. Koja je verzija bolji izbor ovisi o osobnim preferencijama i potrebama rukovanja pojedinog korisnika.<br \/>\n<strong>Jednostavna upotreba:<\/strong><br \/>\nIdealno je da se deflator umetne u bo\u010dni otvor dvorca na napuhavanje. Svi ostali otvori za zrak trebaju ostati zatvoreni tijekom upotrebe kako bi se minimizirao unos vanjskog zraka i pobolj\u0161ala u\u010dinkovitost.<\/p>\n","protected":false},"excerpt":{"rendered":"<ul>\n<li>Prikladno za Huawei puhalo REH-1.5E &#8211; 1.5 KS i Huawei puhalo REH-2E &#8211; 2 KS<\/li>\n<li>Prikladno za sve dvorce na napuhavanje i event module u ponudi<\/li>\n<li>Jednostavna upotreba \u2013 idealno za izvla\u010denje zraka<\/li>\n<\/ul>\n","protected":false},"featured_media":10659,"comment_status":"open","ping_status":"closed","template":"","meta":{"_acf_changed":false,"_uag_custom_page_level_css":"","site-sidebar-layout":"default","site-content-layout":"boxed-container","ast-site-content-layout":"normal-width-container","site-content-style":"boxed","site-sidebar-style":"boxed","ast-global-header-display":"","ast-banner-title-visibility":"","ast-main-header-display":"","ast-hfb-above-header-display":"","ast-hfb-below-header-display":"","ast-hfb-mobile-header-display":"","site-post-title":"disabled","ast-breadcrumbs-content":"","ast-featured-img":"","footer-sml-layout":"","ast-disable-related-posts":"","theme-transparent-header-meta":"default","adv-header-id-meta":"","stick-header-meta":"default","header-above-stick-meta":"","header-main-stick-meta":"","header-below-stick-meta":"","astra-migrate-meta-layouts":"default","ast-page-background-enabled":"default","ast-page-background-meta":{"desktop":{"background-color":"var(--ast-global-color-4)","background-image":"","background-repeat":"repeat","background-position":"center center","background-size":"auto","background-attachment":"scroll","background-type":"","background-media":"","overlay-type":"","overlay-color":"","overlay-opacity":"","overlay-gradient":""},"tablet":{"background-color":"","background-image":"","background-repeat":"repeat","background-position":"center center","background-size":"auto","background-attachment":"scroll","background-type":"","background-media":"","overlay-type":"","overlay-color":"","overlay-opacity":"","overlay-gradient":""},"mobile":{"background-color":"","background-image":"","background-repeat":"repeat","background-position":"center center","background-size":"auto","background-attachment":"scroll","background-type":"","background-media":"","overlay-type":"","overlay-color":"","overlay-opacity":"","overlay-gradient":""}},"ast-content-background-meta":{"desktop":{"background-color":"var(--ast-global-color-5)","background-image":"","background-repeat":"repeat","background-position":"center center","background-size":"auto","background-attachment":"scroll","background-type":"","background-media":"","overlay-type":"","overlay-color":"","overlay-opacity":"","overlay-gradient":""},"tablet":{"background-color":"var(--ast-global-color-5)","background-image":"","background-repeat":"repeat","background-position":"center center","background-size":"auto","background-attachment":"scroll","background-type":"","background-media":"","overlay-type":"","overlay-color":"","overlay-opacity":"","overlay-gradient":""},"mobile":{"background-color":"var(--ast-global-color-5)","background-image":"","background-repeat":"repeat","background-position":"center center","background-size":"auto","background-attachment":"scroll","background-type":"","background-media":"","overlay-type":"","overlay-color":"","overlay-opacity":"","overlay-gradient":""}}},"product_brand":[],"product_cat":[824],"product_tag":[],"class_list":{"0":"post-11728","1":"product","2":"type-product","3":"status-publish","4":"has-post-thumbnail","6":"product_cat-pribor","7":"product_shipping_class-zubehor","8":"pa_gtin-0669145333994-hr","9":"desktop-align-center","10":"tablet-align-center","11":"mobile-align-center","12":"ast-product-gallery-layout-horizontal","13":"ast-product-tabs-layout-horizontal","15":"first","16":"instock","17":"taxable","18":"shipping-taxable","19":"purchasable","20":"product-type-simple"},"acf":[],"yoast_head":"<!-- This site is optimized with the Yoast SEO plugin v27.5 - https:\/\/yoast.com\/product\/yoast-seo-wordpress\/ -->\n<title>Kupite deflator za Huawei puhala | Dodo-Inflatables.com<\/title>\n<meta name=\"description\" content=\"Kupite deflator za Huawei puha\u010de na napuhavanje REH-1.5E - 1.5HP na Dodo-Inflatables.com | Po\u0161tene cijene | Uvijek na zalihi | Brza dostava!\" \/>\n<meta name=\"robots\" content=\"index, follow, max-snippet:-1, max-image-preview:large, max-video-preview:-1\" \/>\n<link rel=\"canonical\" href=\"https:\/\/dodo-inflatables.com\/hr\/proizvod\/huawei-deflator-dodatak-dupli\/\" \/>\n<meta name=\"twitter:label1\" content=\"Procijenjeno vrijeme \u010ditanja\" \/>\n\t<meta name=\"twitter:data1\" content=\"1 minuta\" \/>\n<script type=\"application\/ld+json\" class=\"yoast-schema-graph\">{\"@context\":\"https:\\\/\\\/schema.org\",\"@graph\":[{\"@type\":\"WebPage\",\"@id\":\"https:\\\/\\\/dodo-inflatables.com\\\/hr\\\/proizvod\\\/huawei-deflator-dodatak-dupli\\\/\",\"url\":\"https:\\\/\\\/dodo-inflatables.com\\\/hr\\\/proizvod\\\/huawei-deflator-dodatak-dupli\\\/\",\"name\":\"Kupite deflator za Huawei puhala | Dodo-Inflatables.com\",\"isPartOf\":{\"@id\":\"https:\\\/\\\/dodo-inflatables.com\\\/hr\\\/#website\"},\"primaryImageOfPage\":{\"@id\":\"https:\\\/\\\/dodo-inflatables.com\\\/hr\\\/proizvod\\\/huawei-deflator-dodatak-dupli\\\/#primaryimage\"},\"image\":{\"@id\":\"https:\\\/\\\/dodo-inflatables.com\\\/hr\\\/proizvod\\\/huawei-deflator-dodatak-dupli\\\/#primaryimage\"},\"thumbnailUrl\":\"https:\\\/\\\/dodo-inflatables.com\\\/wp-content\\\/uploads\\\/2020\\\/12\\\/Hupfburg-Geblase-Huawei-kaufen_0001_Long-Deflator-B1.jpg\",\"datePublished\":\"2020-12-29T13:57:32+00:00\",\"dateModified\":\"2026-04-25T16:31:17+00:00\",\"description\":\"Kupite deflator za Huawei puha\u010de na napuhavanje REH-1.5E - 1.5HP na Dodo-Inflatables.com | Po\u0161tene cijene | Uvijek na zalihi | Brza dostava!\",\"breadcrumb\":{\"@id\":\"https:\\\/\\\/dodo-inflatables.com\\\/hr\\\/proizvod\\\/huawei-deflator-dodatak-dupli\\\/#breadcrumb\"},\"inLanguage\":\"hr\",\"potentialAction\":[{\"@type\":\"ReadAction\",\"target\":[\"https:\\\/\\\/dodo-inflatables.com\\\/hr\\\/proizvod\\\/huawei-deflator-dodatak-dupli\\\/\"]}]},{\"@type\":\"ImageObject\",\"inLanguage\":\"hr\",\"@id\":\"https:\\\/\\\/dodo-inflatables.com\\\/hr\\\/proizvod\\\/huawei-deflator-dodatak-dupli\\\/#primaryimage\",\"url\":\"https:\\\/\\\/dodo-inflatables.com\\\/wp-content\\\/uploads\\\/2020\\\/12\\\/Hupfburg-Geblase-Huawei-kaufen_0001_Long-Deflator-B1.jpg\",\"contentUrl\":\"https:\\\/\\\/dodo-inflatables.com\\\/wp-content\\\/uploads\\\/2020\\\/12\\\/Hupfburg-Geblase-Huawei-kaufen_0001_Long-Deflator-B1.jpg\",\"width\":500,\"height\":500,\"caption\":\"Dvostruki deflator nastavak za Huawei puhala | Dodo Inflatables\"},{\"@type\":\"BreadcrumbList\",\"@id\":\"https:\\\/\\\/dodo-inflatables.com\\\/hr\\\/proizvod\\\/huawei-deflator-dodatak-dupli\\\/#breadcrumb\",\"itemListElement\":[{\"@type\":\"ListItem\",\"position\":1,\"name\":\"Po\u010detna stranica\",\"item\":\"https:\\\/\\\/dodo-inflatables.com\\\/hr\\\/\"},{\"@type\":\"ListItem\",\"position\":2,\"name\":\"Shop\",\"item\":\"https:\\\/\\\/dodo-inflatables.com\\\/hr\\\/shop\\\/\"},{\"@type\":\"ListItem\",\"position\":3,\"name\":\"Huawei Deflator dodatak &#8211; dupli\"}]},{\"@type\":\"WebSite\",\"@id\":\"https:\\\/\\\/dodo-inflatables.com\\\/hr\\\/#website\",\"url\":\"https:\\\/\\\/dodo-inflatables.com\\\/hr\\\/\",\"name\":\"dodo-inflatables.com\",\"description\":\"Kupite dvorce na napuhavanje i atrakcije u na\u0161oj trgovini.\",\"potentialAction\":[{\"@type\":\"SearchAction\",\"target\":{\"@type\":\"EntryPoint\",\"urlTemplate\":\"https:\\\/\\\/dodo-inflatables.com\\\/hr\\\/?s={search_term_string}\"},\"query-input\":{\"@type\":\"PropertyValueSpecification\",\"valueRequired\":true,\"valueName\":\"search_term_string\"}}],\"inLanguage\":\"hr\"}]}<\/script>\n<!-- \/ Yoast SEO plugin. -->","yoast_head_json":{"title":"Kupite deflator za Huawei puhala | Dodo-Inflatables.com","description":"Kupite deflator za Huawei puha\u010de na napuhavanje REH-1.5E - 1.5HP na Dodo-Inflatables.com | Po\u0161tene cijene | Uvijek na zalihi | Brza dostava!","robots":{"index":"index","follow":"follow","max-snippet":"max-snippet:-1","max-image-preview":"max-image-preview:large","max-video-preview":"max-video-preview:-1"},"canonical":"https:\/\/dodo-inflatables.com\/hr\/proizvod\/huawei-deflator-dodatak-dupli\/","twitter_misc":{"Procijenjeno vrijeme \u010ditanja":"1 minuta"},"schema":{"@context":"https:\/\/schema.org","@graph":[{"@type":"WebPage","@id":"https:\/\/dodo-inflatables.com\/hr\/proizvod\/huawei-deflator-dodatak-dupli\/","url":"https:\/\/dodo-inflatables.com\/hr\/proizvod\/huawei-deflator-dodatak-dupli\/","name":"Kupite deflator za Huawei puhala | Dodo-Inflatables.com","isPartOf":{"@id":"https:\/\/dodo-inflatables.com\/hr\/#website"},"primaryImageOfPage":{"@id":"https:\/\/dodo-inflatables.com\/hr\/proizvod\/huawei-deflator-dodatak-dupli\/#primaryimage"},"image":{"@id":"https:\/\/dodo-inflatables.com\/hr\/proizvod\/huawei-deflator-dodatak-dupli\/#primaryimage"},"thumbnailUrl":"https:\/\/dodo-inflatables.com\/wp-content\/uploads\/2020\/12\/Hupfburg-Geblase-Huawei-kaufen_0001_Long-Deflator-B1.jpg","datePublished":"2020-12-29T13:57:32+00:00","dateModified":"2026-04-25T16:31:17+00:00","description":"Kupite deflator za Huawei puha\u010de na napuhavanje REH-1.5E - 1.5HP na Dodo-Inflatables.com | Po\u0161tene cijene | Uvijek na zalihi | Brza dostava!","breadcrumb":{"@id":"https:\/\/dodo-inflatables.com\/hr\/proizvod\/huawei-deflator-dodatak-dupli\/#breadcrumb"},"inLanguage":"hr","potentialAction":[{"@type":"ReadAction","target":["https:\/\/dodo-inflatables.com\/hr\/proizvod\/huawei-deflator-dodatak-dupli\/"]}]},{"@type":"ImageObject","inLanguage":"hr","@id":"https:\/\/dodo-inflatables.com\/hr\/proizvod\/huawei-deflator-dodatak-dupli\/#primaryimage","url":"https:\/\/dodo-inflatables.com\/wp-content\/uploads\/2020\/12\/Hupfburg-Geblase-Huawei-kaufen_0001_Long-Deflator-B1.jpg","contentUrl":"https:\/\/dodo-inflatables.com\/wp-content\/uploads\/2020\/12\/Hupfburg-Geblase-Huawei-kaufen_0001_Long-Deflator-B1.jpg","width":500,"height":500,"caption":"Dvostruki deflator nastavak za Huawei puhala | Dodo Inflatables"},{"@type":"BreadcrumbList","@id":"https:\/\/dodo-inflatables.com\/hr\/proizvod\/huawei-deflator-dodatak-dupli\/#breadcrumb","itemListElement":[{"@type":"ListItem","position":1,"name":"Po\u010detna stranica","item":"https:\/\/dodo-inflatables.com\/hr\/"},{"@type":"ListItem","position":2,"name":"Shop","item":"https:\/\/dodo-inflatables.com\/hr\/shop\/"},{"@type":"ListItem","position":3,"name":"Huawei Deflator dodatak &#8211; dupli"}]},{"@type":"WebSite","@id":"https:\/\/dodo-inflatables.com\/hr\/#website","url":"https:\/\/dodo-inflatables.com\/hr\/","name":"dodo-inflatables.com","description":"Kupite dvorce na napuhavanje i atrakcije u na\u0161oj trgovini.","potentialAction":[{"@type":"SearchAction","target":{"@type":"EntryPoint","urlTemplate":"https:\/\/dodo-inflatables.com\/hr\/?s={search_term_string}"},"query-input":{"@type":"PropertyValueSpecification","valueRequired":true,"valueName":"search_term_string"}}],"inLanguage":"hr"}]}},"uagb_featured_image_src":{"full":["https:\/\/dodo-inflatables.com\/wp-content\/uploads\/2020\/12\/Hupfburg-Geblase-Huawei-kaufen_0001_Long-Deflator-B1.jpg",500,500,false],"thumbnail":["https:\/\/dodo-inflatables.com\/wp-content\/uploads\/2020\/12\/Hupfburg-Geblase-Huawei-kaufen_0001_Long-Deflator-B1-150x150.jpg",150,150,true],"medium":["https:\/\/dodo-inflatables.com\/wp-content\/uploads\/2020\/12\/Hupfburg-Geblase-Huawei-kaufen_0001_Long-Deflator-B1-300x300.jpg",300,300,true],"medium_large":["https:\/\/dodo-inflatables.com\/wp-content\/uploads\/2020\/12\/Hupfburg-Geblase-Huawei-kaufen_0001_Long-Deflator-B1.jpg",500,500,false],"large":["https:\/\/dodo-inflatables.com\/wp-content\/uploads\/2020\/12\/Hupfburg-Geblase-Huawei-kaufen_0001_Long-Deflator-B1.jpg",500,500,false],"1536x1536":["https:\/\/dodo-inflatables.com\/wp-content\/uploads\/2020\/12\/Hupfburg-Geblase-Huawei-kaufen_0001_Long-Deflator-B1.jpg",500,500,false],"2048x2048":["https:\/\/dodo-inflatables.com\/wp-content\/uploads\/2020\/12\/Hupfburg-Geblase-Huawei-kaufen_0001_Long-Deflator-B1.jpg",500,500,false],"woocommerce_thumbnail":["https:\/\/dodo-inflatables.com\/wp-content\/uploads\/2020\/12\/Hupfburg-Geblase-Huawei-kaufen_0001_Long-Deflator-B1.jpg",500,500,false],"woocommerce_single":["https:\/\/dodo-inflatables.com\/wp-content\/uploads\/2020\/12\/Hupfburg-Geblase-Huawei-kaufen_0001_Long-Deflator-B1.jpg",500,500,false],"woocommerce_gallery_thumbnail":["https:\/\/dodo-inflatables.com\/wp-content\/uploads\/2020\/12\/Hupfburg-Geblase-Huawei-kaufen_0001_Long-Deflator-B1-100x100.jpg",100,100,true]},"uagb_author_info":{"display_name":"Andreas","author_link":"https:\/\/dodo-inflatables.com\/hr\/author\/"},"uagb_comment_info":0,"uagb_excerpt":"Prikladno za Huawei puhalo REH-1.5E - 1.5 KS i Huawei puhalo REH-2E - 2 KS Prikladno za sve dvorce na napuhavanje i event module u ponudi Jednostavna upotreba \u2013 idealno za izvla\u010denje zraka","_links":{"self":[{"href":"https:\/\/dodo-inflatables.com\/hr\/wp-json\/wp\/v2\/product\/11728","targetHints":{"allow":["GET"]}}],"collection":[{"href":"https:\/\/dodo-inflatables.com\/hr\/wp-json\/wp\/v2\/product"}],"about":[{"href":"https:\/\/dodo-inflatables.com\/hr\/wp-json\/wp\/v2\/types\/product"}],"replies":[{"embeddable":true,"href":"https:\/\/dodo-inflatables.com\/hr\/wp-json\/wp\/v2\/comments?post=11728"}],"wp:featuredmedia":[{"embeddable":true,"href":"https:\/\/dodo-inflatables.com\/hr\/wp-json\/wp\/v2\/media\/10659"}],"wp:attachment":[{"href":"https:\/\/dodo-inflatables.com\/hr\/wp-json\/wp\/v2\/media?parent=11728"}],"wp:term":[{"taxonomy":"product_brand","embeddable":true,"href":"https:\/\/dodo-inflatables.com\/hr\/wp-json\/wp\/v2\/product_brand?post=11728"},{"taxonomy":"product_cat","embeddable":true,"href":"https:\/\/dodo-inflatables.com\/hr\/wp-json\/wp\/v2\/product_cat?post=11728"},{"taxonomy":"product_tag","embeddable":true,"href":"https:\/\/dodo-inflatables.com\/hr\/wp-json\/wp\/v2\/product_tag?post=11728"}],"curies":[{"name":"wp","href":"https:\/\/api.w.org\/{rel}","templated":true}]}}