{"id":11768,"date":"2024-03-26T17:00:35","date_gmt":"2024-03-26T16:00:35","guid":{"rendered":"https:\/\/dodo-inflatables.com\/product\/huawei-puhalo-reh-2e-2ps\/"},"modified":"2026-04-23T20:36:03","modified_gmt":"2026-04-23T18:36:03","slug":"huawei-puhalo-reh-2e-2ps","status":"publish","type":"product","link":"https:\/\/dodo-inflatables.com\/hr\/proizvod\/huawei-puhalo-reh-2e-2ps\/","title":{"rendered":"Huawei puhalo REH-2E &#8211; 2 HP"},"content":{"rendered":"<h2>Kupite Huawei puhalo za dvorce na napuhavanje REH-2E &#8211; 2 HP<\/h2>\n<p>Huawei puhalo za dvorce na napuhavanje pravi je izbor za iznajmljiva\u010dke tvrtke ili kupce s nekoliko dvoraca na napuhavanje u svojoj ponudi.<br \/>\n<strong>Sna\u017ean protok zraka:<\/strong> Dizajnirano za optimalan protok zraka, brzo i u\u010dinkovito napuhuje va\u0161 dvorac na napuhavanje uz odr\u017eavanje odgovaraju\u0107eg tlaka zraka tijekom cijele upotrebe.<br \/>\n<strong>Svestrana kompatibilnost:<\/strong> Prikladno za \u0161irok raspon napuhavaju\u0107ih konstrukcija, od dvoraca na napuhavanje do napuhavaju\u0107ih tobogana i jo\u0161 mnogo toga.<br \/>\n<strong>Mogu\u0107nosti nadogradnje:<\/strong> Zahvaljuju\u0107i mogu\u0107nostima pro\u0161irenja, puhalo se mo\u017ee opremiti deflatorom za izvla\u010denje zraka iz dvorca na napuhavanje i omogu\u0107iti br\u017ee ispuhivanje i pakiranje. Huawei puhalo tako\u0111er se mo\u017ee nadograditi nastavkom za grijanje. Ovaj grija\u010d se spaja na puhalo pomo\u0107u patentiranog sustava brzog spajanja i grije zrak koji se upuhuje u dvorac na napuhavanje. To omogu\u0107uje da se mokri dvorac na napuhavanje osu\u0161i mnogo br\u017ee, bez potrebe za dugim satima su\u0161enja.<br \/>\n&nbsp;<\/p>\n<h3><strong>Detalji o Huawei puhalu za dvorce na napuhavanje REH-2E &#8211; 2 HP<\/strong><\/h3>\n<ul>\n<li>Materijal: ku\u0107i\u0161te od visokokvalitetne plastike<\/li>\n<li>Snaga: 2,4 kW, 2 KS<\/li>\n<li>Priklju\u010dak: Schuko utika\u010d<\/li>\n<li>Promjer lijevka: 14,5 cm<\/li>\n<li>Dimenzije: 49 x 38,5 x 49,5 cm<\/li>\n<li>Te\u017eina: 18,1 kg<\/li>\n<li>Razina buke: 91 dB<\/li>\n<li>WEEE registracijski broj: DE 82972723<\/li>\n<\/ul>\n<p><span style=\"color: #ff0000;\"><strong>Ovo puhalo potrebno je samo za vrlo velike dvorce na napuhavanje i za starije napuhavaju\u0107e konstrukcije \u010diji su \u0161avovi postali malo labavi te stoga dopu\u0161taju pove\u0107ano curenje zraka.<\/strong><\/span><br \/>\n<span style=\"color: #ff0000;\"><strong>Za sve na\u0161e standardne dvorce na napuhavanje, molimo koristite Huawei puhalo od 1,5 KS.<\/strong><\/span><br \/>\n&nbsp;<\/p>\n","protected":false},"excerpt":{"rendered":"<ul>\n<li>Materijal: ku\u0107i\u0161te od visokokvalitetne plastike<\/li>\n<li>Snaga: 2,4 kW, 2 KS<\/li>\n<li>Priklju\u010dak: Schuko utika\u010d<\/li>\n<li>Promjer lijevka: 14,5 cm<\/li>\n<li>Dimenzije: 49 x 38,5 x 49,5 cm<\/li>\n<li>Te\u017eina: 18,1 kg<\/li>\n<li>Razina buke: 91 dB<\/li>\n<li>WEEE registracijski broj: DE 82972723<\/li>\n<\/ul>\n","protected":false},"featured_media":104829,"comment_status":"open","ping_status":"closed","template":"","meta":{"_acf_changed":false,"_uag_custom_page_level_css":"","site-sidebar-layout":"default","site-content-layout":"boxed-container","ast-site-content-layout":"normal-width-container","site-content-style":"boxed","site-sidebar-style":"boxed","ast-global-header-display":"","ast-banner-title-visibility":"","ast-main-header-display":"","ast-hfb-above-header-display":"","ast-hfb-below-header-display":"","ast-hfb-mobile-header-display":"","site-post-title":"disabled","ast-breadcrumbs-content":"","ast-featured-img":"","footer-sml-layout":"","ast-disable-related-posts":"","theme-transparent-header-meta":"default","adv-header-id-meta":"","stick-header-meta":"default","header-above-stick-meta":"","header-main-stick-meta":"","header-below-stick-meta":"","astra-migrate-meta-layouts":"default","ast-page-background-enabled":"default","ast-page-background-meta":{"desktop":{"background-color":"var(--ast-global-color-4)","background-image":"","background-repeat":"repeat","background-position":"center center","background-size":"auto","background-attachment":"scroll","background-type":"","background-media":"","overlay-type":"","overlay-color":"","overlay-opacity":"","overlay-gradient":""},"tablet":{"background-color":"","background-image":"","background-repeat":"repeat","background-position":"center center","background-size":"auto","background-attachment":"scroll","background-type":"","background-media":"","overlay-type":"","overlay-color":"","overlay-opacity":"","overlay-gradient":""},"mobile":{"background-color":"","background-image":"","background-repeat":"repeat","background-position":"center center","background-size":"auto","background-attachment":"scroll","background-type":"","background-media":"","overlay-type":"","overlay-color":"","overlay-opacity":"","overlay-gradient":""}},"ast-content-background-meta":{"desktop":{"background-color":"var(--ast-global-color-5)","background-image":"","background-repeat":"repeat","background-position":"center center","background-size":"auto","background-attachment":"scroll","background-type":"","background-media":"","overlay-type":"","overlay-color":"","overlay-opacity":"","overlay-gradient":""},"tablet":{"background-color":"var(--ast-global-color-5)","background-image":"","background-repeat":"repeat","background-position":"center center","background-size":"auto","background-attachment":"scroll","background-type":"","background-media":"","overlay-type":"","overlay-color":"","overlay-opacity":"","overlay-gradient":""},"mobile":{"background-color":"var(--ast-global-color-5)","background-image":"","background-repeat":"repeat","background-position":"center center","background-size":"auto","background-attachment":"scroll","background-type":"","background-media":"","overlay-type":"","overlay-color":"","overlay-opacity":"","overlay-gradient":""}}},"product_brand":[],"product_cat":[824],"product_tag":[],"class_list":{"0":"post-11768","1":"product","2":"type-product","3":"status-publish","4":"has-post-thumbnail","6":"product_cat-pribor","7":"product_shipping_class-zubehor","8":"desktop-align-center","9":"tablet-align-center","10":"mobile-align-center","11":"ast-product-gallery-layout-horizontal","12":"ast-product-gallery-with-no-image","13":"ast-product-tabs-layout-horizontal","15":"first","16":"instock","17":"taxable","18":"shipping-taxable","19":"purchasable","20":"product-type-simple"},"acf":[],"yoast_head":"<!-- This site is optimized with the Yoast SEO plugin v27.5 - https:\/\/yoast.com\/product\/yoast-seo-wordpress\/ -->\n<title>Kupite Huawei puhala za dvorce na napuhavanje | Dodo-Inflatables.com<\/title>\n<meta name=\"description\" content=\"Kupite Huawei puhalo za gumenjake REH-1.5E - 1.5HP na Dodo-Inflatables.com | Po\u0161tene cijene | Uvijek na zalihi | Brza dostava!\" \/>\n<meta name=\"robots\" content=\"index, follow, max-snippet:-1, max-image-preview:large, max-video-preview:-1\" \/>\n<link rel=\"canonical\" href=\"https:\/\/dodo-inflatables.com\/hr\/proizvod\/huawei-puhalo-reh-2e-2ps\/\" \/>\n<meta name=\"twitter:label1\" content=\"Procijenjeno vrijeme \u010ditanja\" \/>\n\t<meta name=\"twitter:data1\" content=\"1 minuta\" \/>\n<script type=\"application\/ld+json\" class=\"yoast-schema-graph\">{\"@context\":\"https:\\\/\\\/schema.org\",\"@graph\":[{\"@type\":\"WebPage\",\"@id\":\"https:\\\/\\\/dodo-inflatables.com\\\/hr\\\/proizvod\\\/huawei-puhalo-reh-2e-2ps\\\/\",\"url\":\"https:\\\/\\\/dodo-inflatables.com\\\/hr\\\/proizvod\\\/huawei-puhalo-reh-2e-2ps\\\/\",\"name\":\"Kupite Huawei puhala za dvorce na napuhavanje | Dodo-Inflatables.com\",\"isPartOf\":{\"@id\":\"https:\\\/\\\/dodo-inflatables.com\\\/hr\\\/#website\"},\"primaryImageOfPage\":{\"@id\":\"https:\\\/\\\/dodo-inflatables.com\\\/hr\\\/proizvod\\\/huawei-puhalo-reh-2e-2ps\\\/#primaryimage\"},\"image\":{\"@id\":\"https:\\\/\\\/dodo-inflatables.com\\\/hr\\\/proizvod\\\/huawei-puhalo-reh-2e-2ps\\\/#primaryimage\"},\"thumbnailUrl\":\"https:\\\/\\\/dodo-inflatables.com\\\/wp-content\\\/uploads\\\/2020\\\/12\\\/Huawei-Blower.png\",\"datePublished\":\"2024-03-26T16:00:35+00:00\",\"dateModified\":\"2026-04-23T18:36:03+00:00\",\"description\":\"Kupite Huawei puhalo za gumenjake REH-1.5E - 1.5HP na Dodo-Inflatables.com | Po\u0161tene cijene | Uvijek na zalihi | Brza dostava!\",\"breadcrumb\":{\"@id\":\"https:\\\/\\\/dodo-inflatables.com\\\/hr\\\/proizvod\\\/huawei-puhalo-reh-2e-2ps\\\/#breadcrumb\"},\"inLanguage\":\"hr\",\"potentialAction\":[{\"@type\":\"ReadAction\",\"target\":[\"https:\\\/\\\/dodo-inflatables.com\\\/hr\\\/proizvod\\\/huawei-puhalo-reh-2e-2ps\\\/\"]}]},{\"@type\":\"ImageObject\",\"inLanguage\":\"hr\",\"@id\":\"https:\\\/\\\/dodo-inflatables.com\\\/hr\\\/proizvod\\\/huawei-puhalo-reh-2e-2ps\\\/#primaryimage\",\"url\":\"https:\\\/\\\/dodo-inflatables.com\\\/wp-content\\\/uploads\\\/2020\\\/12\\\/Huawei-Blower.png\",\"contentUrl\":\"https:\\\/\\\/dodo-inflatables.com\\\/wp-content\\\/uploads\\\/2020\\\/12\\\/Huawei-Blower.png\",\"width\":500,\"height\":500,\"caption\":\"Huawei puhalo REH-2E - 2 HP | Dodo Inflatables\"},{\"@type\":\"BreadcrumbList\",\"@id\":\"https:\\\/\\\/dodo-inflatables.com\\\/hr\\\/proizvod\\\/huawei-puhalo-reh-2e-2ps\\\/#breadcrumb\",\"itemListElement\":[{\"@type\":\"ListItem\",\"position\":1,\"name\":\"Po\u010detna stranica\",\"item\":\"https:\\\/\\\/dodo-inflatables.com\\\/hr\\\/\"},{\"@type\":\"ListItem\",\"position\":2,\"name\":\"Shop\",\"item\":\"https:\\\/\\\/dodo-inflatables.com\\\/hr\\\/shop\\\/\"},{\"@type\":\"ListItem\",\"position\":3,\"name\":\"Huawei puhalo REH-2E &#8211; 2PS\"}]},{\"@type\":\"WebSite\",\"@id\":\"https:\\\/\\\/dodo-inflatables.com\\\/hr\\\/#website\",\"url\":\"https:\\\/\\\/dodo-inflatables.com\\\/hr\\\/\",\"name\":\"dodo-inflatables.com\",\"description\":\"Kupite dvorce na napuhavanje i atrakcije u na\u0161oj trgovini.\",\"potentialAction\":[{\"@type\":\"SearchAction\",\"target\":{\"@type\":\"EntryPoint\",\"urlTemplate\":\"https:\\\/\\\/dodo-inflatables.com\\\/hr\\\/?s={search_term_string}\"},\"query-input\":{\"@type\":\"PropertyValueSpecification\",\"valueRequired\":true,\"valueName\":\"search_term_string\"}}],\"inLanguage\":\"hr\"}]}<\/script>\n<!-- \/ Yoast SEO plugin. -->","yoast_head_json":{"title":"Kupite Huawei puhala za dvorce na napuhavanje | Dodo-Inflatables.com","description":"Kupite Huawei puhalo za gumenjake REH-1.5E - 1.5HP na Dodo-Inflatables.com | Po\u0161tene cijene | Uvijek na zalihi | Brza dostava!","robots":{"index":"index","follow":"follow","max-snippet":"max-snippet:-1","max-image-preview":"max-image-preview:large","max-video-preview":"max-video-preview:-1"},"canonical":"https:\/\/dodo-inflatables.com\/hr\/proizvod\/huawei-puhalo-reh-2e-2ps\/","twitter_misc":{"Procijenjeno vrijeme \u010ditanja":"1 minuta"},"schema":{"@context":"https:\/\/schema.org","@graph":[{"@type":"WebPage","@id":"https:\/\/dodo-inflatables.com\/hr\/proizvod\/huawei-puhalo-reh-2e-2ps\/","url":"https:\/\/dodo-inflatables.com\/hr\/proizvod\/huawei-puhalo-reh-2e-2ps\/","name":"Kupite Huawei puhala za dvorce na napuhavanje | Dodo-Inflatables.com","isPartOf":{"@id":"https:\/\/dodo-inflatables.com\/hr\/#website"},"primaryImageOfPage":{"@id":"https:\/\/dodo-inflatables.com\/hr\/proizvod\/huawei-puhalo-reh-2e-2ps\/#primaryimage"},"image":{"@id":"https:\/\/dodo-inflatables.com\/hr\/proizvod\/huawei-puhalo-reh-2e-2ps\/#primaryimage"},"thumbnailUrl":"https:\/\/dodo-inflatables.com\/wp-content\/uploads\/2020\/12\/Huawei-Blower.png","datePublished":"2024-03-26T16:00:35+00:00","dateModified":"2026-04-23T18:36:03+00:00","description":"Kupite Huawei puhalo za gumenjake REH-1.5E - 1.5HP na Dodo-Inflatables.com | Po\u0161tene cijene | Uvijek na zalihi | Brza dostava!","breadcrumb":{"@id":"https:\/\/dodo-inflatables.com\/hr\/proizvod\/huawei-puhalo-reh-2e-2ps\/#breadcrumb"},"inLanguage":"hr","potentialAction":[{"@type":"ReadAction","target":["https:\/\/dodo-inflatables.com\/hr\/proizvod\/huawei-puhalo-reh-2e-2ps\/"]}]},{"@type":"ImageObject","inLanguage":"hr","@id":"https:\/\/dodo-inflatables.com\/hr\/proizvod\/huawei-puhalo-reh-2e-2ps\/#primaryimage","url":"https:\/\/dodo-inflatables.com\/wp-content\/uploads\/2020\/12\/Huawei-Blower.png","contentUrl":"https:\/\/dodo-inflatables.com\/wp-content\/uploads\/2020\/12\/Huawei-Blower.png","width":500,"height":500,"caption":"Huawei puhalo REH-2E - 2 HP | Dodo Inflatables"},{"@type":"BreadcrumbList","@id":"https:\/\/dodo-inflatables.com\/hr\/proizvod\/huawei-puhalo-reh-2e-2ps\/#breadcrumb","itemListElement":[{"@type":"ListItem","position":1,"name":"Po\u010detna stranica","item":"https:\/\/dodo-inflatables.com\/hr\/"},{"@type":"ListItem","position":2,"name":"Shop","item":"https:\/\/dodo-inflatables.com\/hr\/shop\/"},{"@type":"ListItem","position":3,"name":"Huawei puhalo REH-2E &#8211; 2PS"}]},{"@type":"WebSite","@id":"https:\/\/dodo-inflatables.com\/hr\/#website","url":"https:\/\/dodo-inflatables.com\/hr\/","name":"dodo-inflatables.com","description":"Kupite dvorce na napuhavanje i atrakcije u na\u0161oj trgovini.","potentialAction":[{"@type":"SearchAction","target":{"@type":"EntryPoint","urlTemplate":"https:\/\/dodo-inflatables.com\/hr\/?s={search_term_string}"},"query-input":{"@type":"PropertyValueSpecification","valueRequired":true,"valueName":"search_term_string"}}],"inLanguage":"hr"}]}},"uagb_featured_image_src":{"full":["https:\/\/dodo-inflatables.com\/wp-content\/uploads\/2020\/12\/Huawei-Blower.png",500,500,false],"thumbnail":["https:\/\/dodo-inflatables.com\/wp-content\/uploads\/2020\/12\/Huawei-Blower-150x150.png",150,150,true],"medium":["https:\/\/dodo-inflatables.com\/wp-content\/uploads\/2020\/12\/Huawei-Blower-300x300.png",300,300,true],"medium_large":["https:\/\/dodo-inflatables.com\/wp-content\/uploads\/2020\/12\/Huawei-Blower.png",500,500,false],"large":["https:\/\/dodo-inflatables.com\/wp-content\/uploads\/2020\/12\/Huawei-Blower.png",500,500,false],"1536x1536":["https:\/\/dodo-inflatables.com\/wp-content\/uploads\/2020\/12\/Huawei-Blower.png",500,500,false],"2048x2048":["https:\/\/dodo-inflatables.com\/wp-content\/uploads\/2020\/12\/Huawei-Blower.png",500,500,false],"woocommerce_thumbnail":["https:\/\/dodo-inflatables.com\/wp-content\/uploads\/2020\/12\/Huawei-Blower.png",500,500,false],"woocommerce_single":["https:\/\/dodo-inflatables.com\/wp-content\/uploads\/2020\/12\/Huawei-Blower.png",500,500,false],"woocommerce_gallery_thumbnail":["https:\/\/dodo-inflatables.com\/wp-content\/uploads\/2020\/12\/Huawei-Blower-100x100.png",100,100,true]},"uagb_author_info":{"display_name":"Andreas","author_link":"https:\/\/dodo-inflatables.com\/hr\/author\/"},"uagb_comment_info":0,"uagb_excerpt":"Materijal: ku\u0107i\u0161te od visokokvalitetne plastike Snaga: 2,4 kW, 2 KS Priklju\u010dak: Schuko utika\u010d Promjer lijevka: 14,5 cm Dimenzije: 49 x 38,5 x 49,5 cm Te\u017eina: 18,1 kg Razina buke: 91 dB WEEE registracijski broj: DE 82972723","_links":{"self":[{"href":"https:\/\/dodo-inflatables.com\/hr\/wp-json\/wp\/v2\/product\/11768","targetHints":{"allow":["GET"]}}],"collection":[{"href":"https:\/\/dodo-inflatables.com\/hr\/wp-json\/wp\/v2\/product"}],"about":[{"href":"https:\/\/dodo-inflatables.com\/hr\/wp-json\/wp\/v2\/types\/product"}],"replies":[{"embeddable":true,"href":"https:\/\/dodo-inflatables.com\/hr\/wp-json\/wp\/v2\/comments?post=11768"}],"wp:featuredmedia":[{"embeddable":true,"href":"https:\/\/dodo-inflatables.com\/hr\/wp-json\/wp\/v2\/media\/104829"}],"wp:attachment":[{"href":"https:\/\/dodo-inflatables.com\/hr\/wp-json\/wp\/v2\/media?parent=11768"}],"wp:term":[{"taxonomy":"product_brand","embeddable":true,"href":"https:\/\/dodo-inflatables.com\/hr\/wp-json\/wp\/v2\/product_brand?post=11768"},{"taxonomy":"product_cat","embeddable":true,"href":"https:\/\/dodo-inflatables.com\/hr\/wp-json\/wp\/v2\/product_cat?post=11768"},{"taxonomy":"product_tag","embeddable":true,"href":"https:\/\/dodo-inflatables.com\/hr\/wp-json\/wp\/v2\/product_tag?post=11768"}],"curies":[{"name":"wp","href":"https:\/\/api.w.org\/{rel}","templated":true}]}}