{"id":76090,"date":"2025-05-06T20:02:19","date_gmt":"2025-05-06T18:02:19","guid":{"rendered":"https:\/\/dodo-inflatables.com\/?post_type=product&#038;p=76090"},"modified":"2025-08-22T17:00:40","modified_gmt":"2025-08-22T15:00:40","slug":"dvorac-na-napuhavanje-lansiranje-rakete-s-toboganom","status":"publish","type":"product","link":"https:\/\/dodo-inflatables.com\/hr\/proizvod\/dvorac-na-napuhavanje-lansiranje-rakete-s-toboganom\/","title":{"rendered":"Dvorac na Napuhavanje Lansiranje rakete s toboganom"},"content":{"rendered":"<h2>Kupite Dvorac na Napuhavanje Lansiranje rakete s toboganom<\/h2>\n<p>Pridru\u017eite se na\u0161em \u201eRaketnom startu\u201c i u\u017eivajte u uzbudljivim trenucima skakanja, penjanja i spu\u0161tanja! Na\u0161 dvorac na napuhavanje Raketni start s toboganom pru\u017ea iznimnu zabavu, osobito malim budu\u0107im astronautima. Kombinacija dvorca i tobogana pa\u017eljivo je osmi\u0161ljena tako da tobogan po\u010dinje i zavr\u0161ava unutar dvorca, omogu\u0107uju\u0107i glatki prijelaz izme\u0111u skakanja i spu\u0161tanja te odr\u017eavaju\u0107i dvorac \u010distim. Krov iznad tobogana i dodatne sigurnosne mre\u017ee osiguravaju maksimalnu sigurnost pri svakom \u201eraketnom lansiranju\u201c!<\/p>\n<p>Dvorac na Napuhavanje Lansiranje rakete s toboganom isporu\u010duje se u odgovaraju\u0107oj transportnoj torbi i mo\u017ee se jednostavno postaviti za oko 10 minuta. U isporuku su uklju\u010deni dvorac, transportna torba i set za popravak. Imajte na umu da <a href=\"https:\/\/dodo-inflatables.com\/hr\/proizvod\/huawei-puhalo-reh-1-5e-1-5ps\/\">puhalo<\/a> i <a href=\"https:\/\/dodo-inflatables.com\/hr\/proizvod\/podna-ploca-5-x-6-metara\/\">podloga<\/a> nisu uklju\u010deni; mo\u017eete ih prona\u0107i u na\u0161oj kategoriji <a href=\"https:\/\/dodo-inflatables.com\/hr\/kategorija-proizvoda\/pribor\/\">Pribor<\/a>. Oba ponu\u0111ena puha\u010da (<a href=\"https:\/\/dodo-inflatables.com\/hr\/proizvod\/huawei-puhalo-reh-1-5e-1-5ps\/\">Huawei<\/a> i <a href=\"https:\/\/dodo-inflatables.com\/hr\/proizvod\/gibbons-puhalo-fp5005-1-5ps\/\">Gibbons<\/a>) prikladna su za ovaj dvorac.<\/p>\n<p>Izra\u0111en od robusne PVC cerade (0,55 mm \/ 621,3 g\/m\u00b2) i certificiran prema DIN EN 14960, Dvorac na Napuhavanje Lansiranje rakete s toboganom je kvalitetan proizvod koji zadovoljava najvi\u0161e sigurnosne standarde.<\/p>\n<p>Molimo koristite dvorac isklju\u010divo na odgovaraju\u0107im podlogama kako biste ga za\u0161titili od o\u0161trih predmeta na tlu i habanja. Preporu\u010dujemo postavljanje dvorca na travnatu povr\u0161inu i pri\u010dvr\u0161\u0107ivanje na\u0161im <a href=\"https:\/\/dodo-inflatables.com\/hr\/proizvod\/klinovi-za-tlo-za-pricvrscivanje-na-napuhavanje\/\">zemaljskim klinovima<\/a> kako biste osigurali maksimalnu sigurnost. Nakon svake upotrebe, dvorac treba ponovno osu\u0161iti i pravilno spakirati kako bi se za\u0161titio od vanjskih utjecaja i o\u0161te\u0107enja tijekom transporta.<\/p>\n<p>\u26a0\ufe0f Za rad dvorca potreban je samo <strong>jedan puha\u010d<\/strong>. Drugi zra\u010dni kanal je samo alternativa \u2013 na primjer, ako na licu mjesta postoje problemi s prostorom i drugi priklju\u010dak je povoljniji \u2013 ili se mo\u017ee koristiti prilikom rastavljanja kako bi se zrak br\u017ee ispustio.<\/p>\n<div class=\"product-description\">\n<p><!-- \u017duta informacijska kutija --><\/p>\n<div class=\"yellow-box\">\n<h2>Detalji o Dvorac na Napuhavanje Lansiranje rakete s toboganom<\/h2>\n<div class=\"info-container\">\n<p><!-- Prvi red --><\/p>\n<div class=\"info-group\">\n<div class=\"info-column\">\n<h3>Dimenzije &#038; Korisnici<\/h3>\n<ul>\n<li><strong>Dimenzije<\/strong>: 5,00 m x 4,20 m x 3,40 m * (D x \u0160 x V)<\/li>\n<li><strong>Povr\u0161ina za skakanje<\/strong>: 3,00 x 2,10 m (D x \u0160)<\/li>\n<li><strong>Visina tobogana<\/strong>: 1,30 m + 50 cm visina od tla *<\/li>\n<li>Pogodno za cca. <strong>10 djece<\/strong> (ovisno o dobi i veli\u010dini)<\/li>\n<li><strong>Maksimalna visina<\/strong> korisnika: 1,50 m<\/li>\n<\/ul>\n<\/div>\n<div class=\"info-column\">\n<h3>Monta\u017ea i demonta\u017ea<\/h3>\n<ul>\n<li><strong>Dimenzije pakiranja<\/strong>: Visina 120 cm, Promjer 90 cm<\/li>\n<li><strong>Te\u017eina<\/strong>: cca. 100 kg <\/li>\n<li><strong>Vrijeme postavljanja<\/strong>: 10 \u2013 20 minuta<\/li>\n<li><strong>Potreban puha\u010d<\/strong>: <span style=\"color: #ffffff\"><a style=\"color: #ffffff\" href=\"https:\/\/dodo-inflatables.com\/hr\/proizvod\/huawei-puhalo-reh-1-5e-1-5ps\/\">1 x Huawei REH-1.5E \u2013 1,5 PS<\/a> ili <a style=\"color: #ffffff\" href=\"https:\/\/dodo-inflatables.com\/hr\/proizvod\/gibbons-puhalo-fp5005-1-5ps\/\">1 x Gibbons Puha\u010d FP5005 \u2013 1.5PS<\/a><\/span><\/li>\n<li><strong>Potreban prostor<\/strong>: 10,30 x 7,80 m (D x \u0160) (prema DIN EN14960) <span class=\"tooltip\"><em><span style=\"color: #ffffff\">\u0160to to zna\u010di?<\/span><\/em><span class=\"tooltiptext\"> Prema DIN normi, oko dvorca treba biti 1,80 m prostora i 3,50 m ispred otvorene strane. To slu\u017ei sigurnosti, a provedba je na vlastitu odgovornost.<\/span><\/span><\/li>\n<\/ul>\n<\/div>\n<div class=\"info-column\">\n<h3>Svojstva<\/h3>\n<ul>\n<li><strong>Certifikat<\/strong> prema EN 14960<\/li>\n<li>Materijal: PVC (0,55 mm \/ 621,3 g\/m\u00b2)<\/li>\n<li>2 \u2013 4 puta \u0161ivano<\/li>\n<li>Te\u0161ko zapaljivo<\/li>\n<li>Povr\u0161ina za skakanje s za\u0161titnim trakama, patent zatvara\u010d s \u010di\u010dak prekriva\u010dem, oja\u010dani kutovi<\/li>\n<\/ul>\n<\/div>\n<\/div>\n<p><!-- Drugi red (duplikat odmah ispod) --><\/p>\n<div class=\"info-group\">\n<div class=\"info-column\">\n<h3>Uklju\u010deno u isporuku<\/h3>\n<ul class=\"check-list\">\n<li>Opse\u017ean vodi\u010d s uputama za sigurnost, monta\u017eu i demonta\u017eu, te savjetima za iznajmljivanje<\/li>\n<li>Odgovaraju\u0107a transportna torba<\/li>\n<li>Set za popravak<\/li>\n<\/ul>\n<\/div>\n<div class=\"info-column\">\n<h3>Nije uklju\u010deno<\/h3>\n<ul class=\"cross-list\">\n<li><span style=\"color: #ffffff\"><a>Puhalo<\/a><\/span><\/li>\n<li><span style=\"color: #ffffff\"><a style=\"color: #ffffff\" href=\"https:\/\/dodo-inflatables.com\/hr\/proizvod\/podna-ploca-5-x-6-metara\/\">Podloga<\/a><\/span><\/li>\n<li><span style=\"color: #ffffff\"><a style=\"color: #ffffff\" href=\"https:\/\/dodo-inflatables.com\/hr\/proizvod\/klinovi-za-tlo-za-pricvrscivanje-na-napuhavanje\/\">Zemaljski klinovi<\/a><\/span><\/li>\n<li><span style=\"color: #ffffff\"><a style=\"color: #ffffff\" href=\"https:\/\/dodo-inflatables.com\/hr\/proizvod\/prostirke-za-zastitu-od-pada-240-x-120-x-5-cm\/\">Podloge za za\u0161titu od pada<\/a><\/span><\/li>\n<li>Ostali pribor<\/li>\n<\/ul>\n<\/div>\n<div class=\"info-column\"><\/div>\n<\/div>\n<\/div>\n<\/div>\n<\/div>\n<h3>Va\u017ene napomene o kori\u0161tenju<\/h3>\n<p>Dvorac na Napuhavanje Lansiranje rakete s toboganom je profesionalni modul izra\u0111en i testiran prema strogim smjernicama norme DIN EN 14960, \u0161to zna\u010di da je siguran i pouzdan. Savr\u0161en je za profesionalno iznajmljivanje. Imaj na umu da je dvorac namijenjen samo djeci \u2013 odrasli nisu dopu\u0161teni!<\/p>\n<p>Imaj na umu da puha\u010d (nije uklju\u010den) mora stalno raditi tijekom uporabe i da je manji izlazak zraka kroz otvore potreban kako bi se sprije\u010dilo pucanje dvorca.<\/p>\n<p>Naru\u010di sada Dvorac na Napuhavanje Lansiranje rakete s toboganom i do\u017eivi nezaboravne trenutke ispunjene zabavom i avanturom!<\/p>\n<p><em>Ovaj model je za\u0161ti\u0107en registriranim dizajnom na razini cijele EU.<\/em><\/p>\n<div class=\"green-box\">\n<img decoding=\"async\" src=\"https:\/\/dodo-inflatables.com\/wp-content\/uploads\/2025\/04\/HR-1.png\" alt=\"Vodi\u010d\" \/><\/p>\n<div class=\"text-container\">\n<h3>Nakon kupnje dobit \u0107e\u0161 vodi\u010d od 23 stranice koji sadr\u017ei sljede\u0107e:<\/h3>\n<ul>\n<li>Smjernice za sigurnost tijekom monta\u017ee, demonta\u017ee i kori\u0161tenja dvorca<\/li>\n<li>Certifikat DIN EN 14960 i individualni serijski broj<\/li>\n<li>Detaljne upute za monta\u017eu i demonta\u017eu<\/li>\n<li>Upute za inspekciju i odr\u017eavanje<\/li>\n<li>Preporuke za najam i komercijalnu upotrebu<\/li>\n<\/ul>\n<\/div>\n<\/div>\n","protected":false},"excerpt":{"rendered":"<h4>[gzd_product_delivery_time]<\/h4>\n<div class=\"delivery-info\">\n<p>Za narud\u017ebe i uplatu <b>do 11 sati<\/b><br \/>\notprema se isti dan!<\/p>\n<p><i class=\"fas fa-shipping-fast\"><\/i> &nbsp;&nbsp;Vrijeme isporuke cca 3 &#8211; 10 radnih dana (Dostava iz Njema\u010dke)<br \/>\n<i class=\"fas fa-expand-arrows-alt\"><\/i> &nbsp;&nbsp;&nbsp;Dimenzije: 5,00 m x 4,20 m x 3,40 m * (D \u00d7 \u0160 \u00d7 V)<br \/>\n<i class=\"fas fa-users\"><\/i> &nbsp;&nbsp;Prikladno za cca 10 djece (ovisno o dobi i visini)<br \/>\n<i class=\"fas fa-award\"><\/i> &nbsp;&nbsp;&nbsp;Certificirano prema DIN EN 14960<br \/>\n<i class=\"fas fa-book\"><\/i> &nbsp;&nbsp;&nbsp;Vodi\u010d s certifikatom i serijskim brojem<\/p>\n<\/div>\n","protected":false},"featured_media":86424,"comment_status":"open","ping_status":"closed","template":"","meta":{"_acf_changed":false,"_uag_custom_page_level_css":"","site-sidebar-layout":"default","site-content-layout":"boxed-container","ast-site-content-layout":"normal-width-container","site-content-style":"boxed","site-sidebar-style":"boxed","ast-global-header-display":"","ast-banner-title-visibility":"","ast-main-header-display":"","ast-hfb-above-header-display":"","ast-hfb-below-header-display":"","ast-hfb-mobile-header-display":"","site-post-title":"disabled","ast-breadcrumbs-content":"","ast-featured-img":"","footer-sml-layout":"","ast-disable-related-posts":"","theme-transparent-header-meta":"default","adv-header-id-meta":"","stick-header-meta":"default","header-above-stick-meta":"","header-main-stick-meta":"","header-below-stick-meta":"","astra-migrate-meta-layouts":"set","ast-page-background-enabled":"default","ast-page-background-meta":{"desktop":{"background-color":"var(--ast-global-color-4)","background-image":"","background-repeat":"repeat","background-position":"center center","background-size":"auto","background-attachment":"scroll","background-type":"","background-media":"","overlay-type":"","overlay-color":"","overlay-opacity":"","overlay-gradient":""},"tablet":{"background-color":"","background-image":"","background-repeat":"repeat","background-position":"center center","background-size":"auto","background-attachment":"scroll","background-type":"","background-media":"","overlay-type":"","overlay-color":"","overlay-opacity":"","overlay-gradient":""},"mobile":{"background-color":"","background-image":"","background-repeat":"repeat","background-position":"center center","background-size":"auto","background-attachment":"scroll","background-type":"","background-media":"","overlay-type":"","overlay-color":"","overlay-opacity":"","overlay-gradient":""}},"ast-content-background-meta":{"desktop":{"background-color":"var(--ast-global-color-5)","background-image":"","background-repeat":"repeat","background-position":"center center","background-size":"auto","background-attachment":"scroll","background-type":"","background-media":"","overlay-type":"","overlay-color":"","overlay-opacity":"","overlay-gradient":""},"tablet":{"background-color":"var(--ast-global-color-5)","background-image":"","background-repeat":"repeat","background-position":"center center","background-size":"auto","background-attachment":"scroll","background-type":"","background-media":"","overlay-type":"","overlay-color":"","overlay-opacity":"","overlay-gradient":""},"mobile":{"background-color":"var(--ast-global-color-5)","background-image":"","background-repeat":"repeat","background-position":"center center","background-size":"auto","background-attachment":"scroll","background-type":"","background-media":"","overlay-type":"","overlay-color":"","overlay-opacity":"","overlay-gradient":""}}},"product_brand":[],"product_cat":[775,778],"product_tag":[784],"class_list":{"0":"post-76090","1":"product","2":"type-product","3":"status-publish","4":"has-post-thumbnail","6":"product_cat-dvorci-na-lokav","7":"product_cat-slajdovi","8":"product_tag-sa-slajdom","9":"product_shipping_class-spedicija-hupfburg","10":"pa_gtin-5236","11":"pa_height-310-m-350-m-hr-2","12":"pa_height-of-the-slide-110-m-150-m-hr","13":"pa_length-460-m-500-m-hr-3","14":"pa_type-of-bouncy-castle-bouncy-castle-with-slide-hr","15":"pa_width-410-m-450-m-hr-2","16":"desktop-align-center","17":"tablet-align-center","18":"mobile-align-center","19":"ast-product-gallery-layout-horizontal","20":"ast-product-tabs-layout-horizontal","22":"first","23":"instock","24":"taxable","25":"shipping-taxable","26":"purchasable","27":"product-type-simple"},"acf":[],"yoast_head":"<!-- This site is optimized with the Yoast SEO plugin v27.3 - https:\/\/yoast.com\/product\/yoast-seo-wordpress\/ -->\n<title>Dvorac na Napuhavanje Lansiranje rakete s toboganom<\/title>\n<meta name=\"description\" content=\"Kupite Dvorac na Napuhavanje Lansiranje rakete s toboganom za privatnu i komercijalnu upotrebu u Hrvatskoj. T\u00dcV certifikat, prema EN 14960 &amp; brza dostava.\" \/>\n<meta name=\"robots\" content=\"index, follow, max-snippet:-1, max-image-preview:large, max-video-preview:-1\" \/>\n<link rel=\"canonical\" href=\"https:\/\/dodo-inflatables.com\/hr\/proizvod\/dvorac-na-napuhavanje-lansiranje-rakete-s-toboganom\/\" \/>\n<meta name=\"twitter:label1\" content=\"Procijenjeno vrijeme \u010ditanja\" \/>\n\t<meta name=\"twitter:data1\" content=\"3 minute\" \/>\n<script type=\"application\/ld+json\" class=\"yoast-schema-graph\">{\"@context\":\"https:\\\/\\\/schema.org\",\"@graph\":[{\"@type\":\"WebPage\",\"@id\":\"https:\\\/\\\/dodo-inflatables.com\\\/hr\\\/proizvod\\\/dvorac-na-napuhavanje-lansiranje-rakete-s-toboganom\\\/\",\"url\":\"https:\\\/\\\/dodo-inflatables.com\\\/hr\\\/proizvod\\\/dvorac-na-napuhavanje-lansiranje-rakete-s-toboganom\\\/\",\"name\":\"Dvorac na Napuhavanje Lansiranje rakete s toboganom\",\"isPartOf\":{\"@id\":\"https:\\\/\\\/dodo-inflatables.com\\\/hr\\\/#website\"},\"primaryImageOfPage\":{\"@id\":\"https:\\\/\\\/dodo-inflatables.com\\\/hr\\\/proizvod\\\/dvorac-na-napuhavanje-lansiranje-rakete-s-toboganom\\\/#primaryimage\"},\"image\":{\"@id\":\"https:\\\/\\\/dodo-inflatables.com\\\/hr\\\/proizvod\\\/dvorac-na-napuhavanje-lansiranje-rakete-s-toboganom\\\/#primaryimage\"},\"thumbnailUrl\":\"https:\\\/\\\/dodo-inflatables.com\\\/wp-content\\\/uploads\\\/2025\\\/05\\\/Buy-fire-truck-bouncy-castle-190-1.jpg\",\"datePublished\":\"2025-05-06T18:02:19+00:00\",\"dateModified\":\"2025-08-22T15:00:40+00:00\",\"description\":\"Kupite Dvorac na Napuhavanje Lansiranje rakete s toboganom za privatnu i komercijalnu upotrebu u Hrvatskoj. T\u00dcV certifikat, prema EN 14960 & brza dostava.\",\"breadcrumb\":{\"@id\":\"https:\\\/\\\/dodo-inflatables.com\\\/hr\\\/proizvod\\\/dvorac-na-napuhavanje-lansiranje-rakete-s-toboganom\\\/#breadcrumb\"},\"inLanguage\":\"hr\",\"potentialAction\":[{\"@type\":\"ReadAction\",\"target\":[\"https:\\\/\\\/dodo-inflatables.com\\\/hr\\\/proizvod\\\/dvorac-na-napuhavanje-lansiranje-rakete-s-toboganom\\\/\"]}]},{\"@type\":\"ImageObject\",\"inLanguage\":\"hr\",\"@id\":\"https:\\\/\\\/dodo-inflatables.com\\\/hr\\\/proizvod\\\/dvorac-na-napuhavanje-lansiranje-rakete-s-toboganom\\\/#primaryimage\",\"url\":\"https:\\\/\\\/dodo-inflatables.com\\\/wp-content\\\/uploads\\\/2025\\\/05\\\/Buy-fire-truck-bouncy-castle-190-1.jpg\",\"contentUrl\":\"https:\\\/\\\/dodo-inflatables.com\\\/wp-content\\\/uploads\\\/2025\\\/05\\\/Buy-fire-truck-bouncy-castle-190-1.jpg\",\"width\":1000,\"height\":1000},{\"@type\":\"BreadcrumbList\",\"@id\":\"https:\\\/\\\/dodo-inflatables.com\\\/hr\\\/proizvod\\\/dvorac-na-napuhavanje-lansiranje-rakete-s-toboganom\\\/#breadcrumb\",\"itemListElement\":[{\"@type\":\"ListItem\",\"position\":1,\"name\":\"Po\u010detna stranica\",\"item\":\"https:\\\/\\\/dodo-inflatables.com\\\/hr\\\/\"},{\"@type\":\"ListItem\",\"position\":2,\"name\":\"Shop\",\"item\":\"https:\\\/\\\/dodo-inflatables.com\\\/hr\\\/shop\\\/\"},{\"@type\":\"ListItem\",\"position\":3,\"name\":\"Dvorac na Napuhavanje Lansiranje rakete s toboganom\"}]},{\"@type\":\"WebSite\",\"@id\":\"https:\\\/\\\/dodo-inflatables.com\\\/hr\\\/#website\",\"url\":\"https:\\\/\\\/dodo-inflatables.com\\\/hr\\\/\",\"name\":\"dodo-inflatables.com\",\"description\":\"Kupite dvorce na napuhavanje i atrakcije u na\u0161oj trgovini.\",\"publisher\":{\"@id\":\"https:\\\/\\\/dodo-inflatables.com\\\/hr\\\/#organization\"},\"potentialAction\":[{\"@type\":\"SearchAction\",\"target\":{\"@type\":\"EntryPoint\",\"urlTemplate\":\"https:\\\/\\\/dodo-inflatables.com\\\/hr\\\/?s={search_term_string}\"},\"query-input\":{\"@type\":\"PropertyValueSpecification\",\"valueRequired\":true,\"valueName\":\"search_term_string\"}}],\"inLanguage\":\"hr\"},{\"@type\":\"Organization\",\"@id\":\"https:\\\/\\\/dodo-inflatables.com\\\/hr\\\/#organization\",\"name\":\"dodo-inflatables.com\",\"url\":\"https:\\\/\\\/dodo-inflatables.com\\\/hr\\\/\",\"logo\":{\"@type\":\"ImageObject\",\"inLanguage\":\"hr\",\"@id\":\"https:\\\/\\\/dodo-inflatables.com\\\/hr\\\/#\\\/schema\\\/logo\\\/image\\\/\",\"url\":\"https:\\\/\\\/dodo-inflatables.com\\\/wp-content\\\/uploads\\\/2023\\\/04\\\/cropped-cropped-cropped-Dodo-Logo.png\",\"contentUrl\":\"https:\\\/\\\/dodo-inflatables.com\\\/wp-content\\\/uploads\\\/2023\\\/04\\\/cropped-cropped-cropped-Dodo-Logo.png\",\"width\":2996,\"height\":1545,\"caption\":\"dodo-inflatables.com\"},\"image\":{\"@id\":\"https:\\\/\\\/dodo-inflatables.com\\\/hr\\\/#\\\/schema\\\/logo\\\/image\\\/\"}}]}<\/script>\n<!-- \/ Yoast SEO plugin. -->","yoast_head_json":{"title":"Dvorac na Napuhavanje Lansiranje rakete s toboganom","description":"Kupite Dvorac na Napuhavanje Lansiranje rakete s toboganom za privatnu i komercijalnu upotrebu u Hrvatskoj. T\u00dcV certifikat, prema EN 14960 & brza dostava.","robots":{"index":"index","follow":"follow","max-snippet":"max-snippet:-1","max-image-preview":"max-image-preview:large","max-video-preview":"max-video-preview:-1"},"canonical":"https:\/\/dodo-inflatables.com\/hr\/proizvod\/dvorac-na-napuhavanje-lansiranje-rakete-s-toboganom\/","twitter_misc":{"Procijenjeno vrijeme \u010ditanja":"3 minute"},"schema":{"@context":"https:\/\/schema.org","@graph":[{"@type":"WebPage","@id":"https:\/\/dodo-inflatables.com\/hr\/proizvod\/dvorac-na-napuhavanje-lansiranje-rakete-s-toboganom\/","url":"https:\/\/dodo-inflatables.com\/hr\/proizvod\/dvorac-na-napuhavanje-lansiranje-rakete-s-toboganom\/","name":"Dvorac na Napuhavanje Lansiranje rakete s toboganom","isPartOf":{"@id":"https:\/\/dodo-inflatables.com\/hr\/#website"},"primaryImageOfPage":{"@id":"https:\/\/dodo-inflatables.com\/hr\/proizvod\/dvorac-na-napuhavanje-lansiranje-rakete-s-toboganom\/#primaryimage"},"image":{"@id":"https:\/\/dodo-inflatables.com\/hr\/proizvod\/dvorac-na-napuhavanje-lansiranje-rakete-s-toboganom\/#primaryimage"},"thumbnailUrl":"https:\/\/dodo-inflatables.com\/wp-content\/uploads\/2025\/05\/Buy-fire-truck-bouncy-castle-190-1.jpg","datePublished":"2025-05-06T18:02:19+00:00","dateModified":"2025-08-22T15:00:40+00:00","description":"Kupite Dvorac na Napuhavanje Lansiranje rakete s toboganom za privatnu i komercijalnu upotrebu u Hrvatskoj. T\u00dcV certifikat, prema EN 14960 & brza dostava.","breadcrumb":{"@id":"https:\/\/dodo-inflatables.com\/hr\/proizvod\/dvorac-na-napuhavanje-lansiranje-rakete-s-toboganom\/#breadcrumb"},"inLanguage":"hr","potentialAction":[{"@type":"ReadAction","target":["https:\/\/dodo-inflatables.com\/hr\/proizvod\/dvorac-na-napuhavanje-lansiranje-rakete-s-toboganom\/"]}]},{"@type":"ImageObject","inLanguage":"hr","@id":"https:\/\/dodo-inflatables.com\/hr\/proizvod\/dvorac-na-napuhavanje-lansiranje-rakete-s-toboganom\/#primaryimage","url":"https:\/\/dodo-inflatables.com\/wp-content\/uploads\/2025\/05\/Buy-fire-truck-bouncy-castle-190-1.jpg","contentUrl":"https:\/\/dodo-inflatables.com\/wp-content\/uploads\/2025\/05\/Buy-fire-truck-bouncy-castle-190-1.jpg","width":1000,"height":1000},{"@type":"BreadcrumbList","@id":"https:\/\/dodo-inflatables.com\/hr\/proizvod\/dvorac-na-napuhavanje-lansiranje-rakete-s-toboganom\/#breadcrumb","itemListElement":[{"@type":"ListItem","position":1,"name":"Po\u010detna stranica","item":"https:\/\/dodo-inflatables.com\/hr\/"},{"@type":"ListItem","position":2,"name":"Shop","item":"https:\/\/dodo-inflatables.com\/hr\/shop\/"},{"@type":"ListItem","position":3,"name":"Dvorac na Napuhavanje Lansiranje rakete s toboganom"}]},{"@type":"WebSite","@id":"https:\/\/dodo-inflatables.com\/hr\/#website","url":"https:\/\/dodo-inflatables.com\/hr\/","name":"dodo-inflatables.com","description":"Kupite dvorce na napuhavanje i atrakcije u na\u0161oj trgovini.","publisher":{"@id":"https:\/\/dodo-inflatables.com\/hr\/#organization"},"potentialAction":[{"@type":"SearchAction","target":{"@type":"EntryPoint","urlTemplate":"https:\/\/dodo-inflatables.com\/hr\/?s={search_term_string}"},"query-input":{"@type":"PropertyValueSpecification","valueRequired":true,"valueName":"search_term_string"}}],"inLanguage":"hr"},{"@type":"Organization","@id":"https:\/\/dodo-inflatables.com\/hr\/#organization","name":"dodo-inflatables.com","url":"https:\/\/dodo-inflatables.com\/hr\/","logo":{"@type":"ImageObject","inLanguage":"hr","@id":"https:\/\/dodo-inflatables.com\/hr\/#\/schema\/logo\/image\/","url":"https:\/\/dodo-inflatables.com\/wp-content\/uploads\/2023\/04\/cropped-cropped-cropped-Dodo-Logo.png","contentUrl":"https:\/\/dodo-inflatables.com\/wp-content\/uploads\/2023\/04\/cropped-cropped-cropped-Dodo-Logo.png","width":2996,"height":1545,"caption":"dodo-inflatables.com"},"image":{"@id":"https:\/\/dodo-inflatables.com\/hr\/#\/schema\/logo\/image\/"}}]}},"uagb_featured_image_src":{"full":["https:\/\/dodo-inflatables.com\/wp-content\/uploads\/2025\/05\/Buy-fire-truck-bouncy-castle-190-1.jpg",1000,1000,false],"thumbnail":["https:\/\/dodo-inflatables.com\/wp-content\/uploads\/2025\/05\/Buy-fire-truck-bouncy-castle-190-1-150x150.jpg",150,150,true],"medium":["https:\/\/dodo-inflatables.com\/wp-content\/uploads\/2025\/05\/Buy-fire-truck-bouncy-castle-190-1-300x300.jpg",300,300,true],"medium_large":["https:\/\/dodo-inflatables.com\/wp-content\/uploads\/2025\/05\/Buy-fire-truck-bouncy-castle-190-1-768x768.jpg",768,768,true],"large":["https:\/\/dodo-inflatables.com\/wp-content\/uploads\/2025\/05\/Buy-fire-truck-bouncy-castle-190-1.jpg",1000,1000,false],"1536x1536":["https:\/\/dodo-inflatables.com\/wp-content\/uploads\/2025\/05\/Buy-fire-truck-bouncy-castle-190-1.jpg",1000,1000,false],"2048x2048":["https:\/\/dodo-inflatables.com\/wp-content\/uploads\/2025\/05\/Buy-fire-truck-bouncy-castle-190-1.jpg",1000,1000,false],"woocommerce_thumbnail":["https:\/\/dodo-inflatables.com\/wp-content\/uploads\/2025\/05\/Buy-fire-truck-bouncy-castle-190-1-900x900.jpg",900,900,true],"woocommerce_single":["https:\/\/dodo-inflatables.com\/wp-content\/uploads\/2025\/05\/Buy-fire-truck-bouncy-castle-190-1-900x900.jpg",900,900,true],"woocommerce_gallery_thumbnail":["https:\/\/dodo-inflatables.com\/wp-content\/uploads\/2025\/05\/Buy-fire-truck-bouncy-castle-190-1-100x100.jpg",100,100,true]},"uagb_author_info":{"display_name":"Andreas","author_link":"https:\/\/dodo-inflatables.com\/hr\/author\/"},"uagb_comment_info":0,"uagb_excerpt":"[gzd_product_delivery_time] Za narud\u017ebe i uplatu do 11 sati otprema se isti dan! &nbsp;&nbsp;Vrijeme isporuke cca 3 - 10 radnih dana (Dostava iz Njema\u010dke) &nbsp;&nbsp;&nbsp;Dimenzije: 5,00 m x 4,20 m x 3,40 m * (D \u00d7 \u0160 \u00d7 V) &nbsp;&nbsp;Prikladno za cca 10 djece (ovisno o dobi i visini) &nbsp;&nbsp;&nbsp;Certificirano prema DIN EN 14960 &nbsp;&nbsp;&nbsp;Vodi\u010d s&hellip;","_links":{"self":[{"href":"https:\/\/dodo-inflatables.com\/hr\/wp-json\/wp\/v2\/product\/76090","targetHints":{"allow":["GET"]}}],"collection":[{"href":"https:\/\/dodo-inflatables.com\/hr\/wp-json\/wp\/v2\/product"}],"about":[{"href":"https:\/\/dodo-inflatables.com\/hr\/wp-json\/wp\/v2\/types\/product"}],"replies":[{"embeddable":true,"href":"https:\/\/dodo-inflatables.com\/hr\/wp-json\/wp\/v2\/comments?post=76090"}],"wp:featuredmedia":[{"embeddable":true,"href":"https:\/\/dodo-inflatables.com\/hr\/wp-json\/wp\/v2\/media\/86424"}],"wp:attachment":[{"href":"https:\/\/dodo-inflatables.com\/hr\/wp-json\/wp\/v2\/media?parent=76090"}],"wp:term":[{"taxonomy":"product_brand","embeddable":true,"href":"https:\/\/dodo-inflatables.com\/hr\/wp-json\/wp\/v2\/product_brand?post=76090"},{"taxonomy":"product_cat","embeddable":true,"href":"https:\/\/dodo-inflatables.com\/hr\/wp-json\/wp\/v2\/product_cat?post=76090"},{"taxonomy":"product_tag","embeddable":true,"href":"https:\/\/dodo-inflatables.com\/hr\/wp-json\/wp\/v2\/product_tag?post=76090"}],"curies":[{"name":"wp","href":"https:\/\/api.w.org\/{rel}","templated":true}]}}