{"id":10895,"date":"2025-03-11T17:02:51","date_gmt":"2025-03-11T16:02:51","guid":{"rendered":"https:\/\/dodo-inflatables.com\/jogi-kozlemeny\/"},"modified":"2025-07-20T09:05:59","modified_gmt":"2025-07-20T07:05:59","slug":"jogi-kozlemeny","status":"publish","type":"page","link":"https:\/\/dodo-inflatables.com\/hu\/jogi-kozlemeny\/","title":{"rendered":"Jogi k\u00f6zlem\u00e9ny"},"content":{"rendered":"\n<div class=\"wp-block-uagb-advanced-heading uagb-block-144f1230\"><h2 class=\"uagb-heading-text\">Jogi k\u00f6zlem\u00e9ny<\/h2><\/div>\n\n\n\n<div style=\"height:43px\" aria-hidden=\"true\" class=\"wp-block-spacer\"><\/div>\n\n\n<p>Miet Event Vertriebs GmbH<br \/>Ferdinand-Porsche-Stra\u00dfe 4<br \/>82205 Gilching<br \/>N\u00e9metorsz\u00e1g<\/p>\n<p>Tel.: 089 12 50 18 700<br \/>E-Mail: contact@dodo-inflatables.com<\/p>\n<p>Regisztr\u00e1ci\u00f3s b\u00edr\u00f3s\u00e1g: Amtsgericht M\u00fcnchen<br \/>Nyilv\u00e1ntart\u00e1si sz\u00e1m: HRB 238608<\/p>\n<p>\u00dcgyvezet\u0151 igazgat\u00f3: Andreas Fr\u00f6schl<\/p>\n<p>\u00c1FA-sz\u00e1m: DE31727461<\/p>\n<p>WEEE-Reg.-Nr. DE 82972723<br \/>T\u00e1j\u00e9koztat\u00e1si k\u00f6telezetts\u00e9gek a \u00a718 para. 4 mondat 3 ElektroG:<br \/><a href=\"https:\/\/www.bmuv.de\/themen\/wasser-ressourcen-abfall\/kreislaufwirtschaft\/statistiken\/elektro-und-elektronikaltgeraete\" target=\"_blank\" rel=\"noopener\">https:\/\/www.bmuv.de\/themen\/wasser-ressourcen-abfall\/kreislaufwirtschaft\/statistiken\/elektro-und-elektronikaltgeraete<\/a><\/p>\n<p>Felel\u0151s f\u00e9l a 18. \u00a7 (1) bekezd\u00e9se \u00e9rtelm\u00e9ben. 2 MStV:<br \/>Miet Event Vertriebs GmbH, Andreas Fr\u00f6schl, Ferdinand-Porsche-Stra\u00dfe 4, 82205 Gilching.<\/p>\n<p>Az audiovizu\u00e1lis m\u00e9diaszolg\u00e1ltat\u00e1sok ny\u00fajt\u00e1s\u00e1ra illet\u00e9kes fel\u00fcgyeleti hat\u00f3s\u00e1g:<br \/>Bayerische Landeszentrale f\u00fcr neue Medien (BLM), Heinrich-L\u00fcbke-Str. 27, 81737 M\u00fcnchen<\/p>\n<p>Nem vagyunk sem k\u00f6telesek, sem hajland\u00f3ak r\u00e9szt venni a fogyaszt\u00f3i d\u00f6nt\u0151bizotts\u00e1g el\u0151tti vitarendez\u00e9si elj\u00e1r\u00e1sban.<\/p>\n<p><img decoding=\"async\" src=\"https:\/\/www.it-recht-kanzlei.de\/gfx\/Logos\/logo-fairness-160.png\" alt=\"\" \/>A &#8222;Fairness in Trade&#8221; kezdem\u00e9nyez\u00e9s tagja.<br \/>Tov\u00e1bbi inform\u00e1ci\u00f3: <a href=\"https:\/\/www.fairness-im-handel.de\/\" target=\"_blank\" rel=\"noopener\">https:\/\/www.fairness-im-handel.de<\/a><\/p>","protected":false},"excerpt":{"rendered":"<p>Jogi k\u00f6zlem\u00e9ny Miet Event Vertriebs GmbHFerdinand-Porsche-Stra\u00dfe 482205 GilchingN\u00e9metorsz\u00e1g Tel.: 089 12 50 18 700E-Mail: contact@dodo-inflatables.com Regisztr\u00e1ci\u00f3s b\u00edr\u00f3s\u00e1g: Amtsgericht M\u00fcnchenNyilv\u00e1ntart\u00e1si sz\u00e1m: HRB 238608 \u00dcgyvezet\u0151 igazgat\u00f3: Andreas Fr\u00f6schl \u00c1FA-sz\u00e1m: DE31727461 WEEE-Reg.-Nr. DE 82972723T\u00e1j\u00e9koztat\u00e1si k\u00f6telezetts\u00e9gek a \u00a718 para. 4 mondat 3 ElektroG:https:\/\/www.bmuv.de\/themen\/wasser-ressourcen-abfall\/kreislaufwirtschaft\/statistiken\/elektro-und-elektronikaltgeraete Felel\u0151s f\u00e9l a 18. \u00a7 (1) bekezd\u00e9se \u00e9rtelm\u00e9ben. 2 MStV:Miet Event Vertriebs GmbH, Andreas Fr\u00f6schl, Ferdinand-Porsche-Stra\u00dfe [&hellip;]<\/p>\n","protected":false},"author":1,"featured_media":0,"parent":0,"menu_order":0,"comment_status":"closed","ping_status":"closed","template":"","meta":{"_acf_changed":false,"_uag_custom_page_level_css":"","site-sidebar-layout":"default","site-content-layout":"content-boxed-container","ast-site-content-layout":"narrow-width-container","site-content-style":"boxed","site-sidebar-style":"unboxed","ast-global-header-display":"","ast-banner-title-visibility":"","ast-main-header-display":"","ast-hfb-above-header-display":"","ast-hfb-below-header-display":"","ast-hfb-mobile-header-display":"","site-post-title":"disabled","ast-breadcrumbs-content":"disabled","ast-featured-img":"disabled","footer-sml-layout":"","ast-disable-related-posts":"","theme-transparent-header-meta":"","adv-header-id-meta":"7189","stick-header-meta":"","header-above-stick-meta":"","header-main-stick-meta":"","header-below-stick-meta":"","astra-migrate-meta-layouts":"set","ast-page-background-enabled":"default","ast-page-background-meta":{"desktop":{"background-color":"var(--ast-global-color-4)","background-image":"","background-repeat":"repeat","background-position":"center center","background-size":"auto","background-attachment":"scroll","background-type":"","background-media":"","overlay-type":"","overlay-color":"","overlay-opacity":"","overlay-gradient":""},"tablet":{"background-color":"","background-image":"","background-repeat":"repeat","background-position":"center center","background-size":"auto","background-attachment":"scroll","background-type":"","background-media":"","overlay-type":"","overlay-color":"","overlay-opacity":"","overlay-gradient":""},"mobile":{"background-color":"","background-image":"","background-repeat":"repeat","background-position":"center center","background-size":"auto","background-attachment":"scroll","background-type":"","background-media":"","overlay-type":"","overlay-color":"","overlay-opacity":"","overlay-gradient":""}},"ast-content-background-meta":{"desktop":{"background-color":"var(--ast-global-color-5)","background-image":"","background-repeat":"repeat","background-position":"center center","background-size":"auto","background-attachment":"scroll","background-type":"","background-media":"","overlay-type":"","overlay-color":"","overlay-opacity":"","overlay-gradient":""},"tablet":{"background-color":"var(--ast-global-color-5)","background-image":"","background-repeat":"repeat","background-position":"center center","background-size":"auto","background-attachment":"scroll","background-type":"","background-media":"","overlay-type":"","overlay-color":"","overlay-opacity":"","overlay-gradient":""},"mobile":{"background-color":"var(--ast-global-color-5)","background-image":"","background-repeat":"repeat","background-position":"center center","background-size":"auto","background-attachment":"scroll","background-type":"","background-media":"","overlay-type":"","overlay-color":"","overlay-opacity":"","overlay-gradient":""}},"footnotes":""},"class_list":["post-10895","page","type-page","status-publish","hentry"],"acf":[],"yoast_head":"<!-- This site is optimized with the Yoast SEO plugin v27.4 - https:\/\/yoast.com\/product\/yoast-seo-wordpress\/ -->\n<title>Ugr\u00e1l\u00f3v\u00e1r v\u00e1s\u00e1rl\u00e1s | Impresszum | Dodo-Inflatables.com<\/title>\n<meta name=\"description\" content=\"Tapasztalja meg a kiv\u00e1l\u00f3s\u00e1got a Dodo Inflatables-szel! Ugr\u00e1l\u00f3v\u00e1raink DIN EN 14960 tan\u00fas\u00edtv\u00e1nnyal rendelkeznek, \u00edgy a legmagasabb biztons\u00e1gi el\u0151\u00edr\u00e1soknak megfelel\u0151en garant\u00e1lj\u00e1k az \u00d6n ugr\u00e1l\u00f3s \u00f6r\u00f6m\u00e9t.\" \/>\n<meta name=\"robots\" content=\"index, follow, max-snippet:-1, max-image-preview:large, max-video-preview:-1\" \/>\n<link rel=\"canonical\" href=\"https:\/\/dodo-inflatables.com\/hu\/jogi-kozlemeny\/\" \/>\n<meta name=\"twitter:label1\" content=\"Becs\u00fclt olvas\u00e1si id\u0151\" \/>\n\t<meta name=\"twitter:data1\" content=\"1 perc\" \/>\n<script type=\"application\/ld+json\" class=\"yoast-schema-graph\">{\"@context\":\"https:\\\/\\\/schema.org\",\"@graph\":[{\"@type\":\"WebPage\",\"@id\":\"https:\\\/\\\/dodo-inflatables.com\\\/hu\\\/jogi-kozlemeny\\\/\",\"url\":\"https:\\\/\\\/dodo-inflatables.com\\\/hu\\\/jogi-kozlemeny\\\/\",\"name\":\"Ugr\u00e1l\u00f3v\u00e1r v\u00e1s\u00e1rl\u00e1s | Impresszum | Dodo-Inflatables.com\",\"isPartOf\":{\"@id\":\"https:\\\/\\\/dodo-inflatables.com\\\/hu\\\/#website\"},\"primaryImageOfPage\":{\"@id\":\"https:\\\/\\\/dodo-inflatables.com\\\/hu\\\/jogi-kozlemeny\\\/#primaryimage\"},\"image\":{\"@id\":\"https:\\\/\\\/dodo-inflatables.com\\\/hu\\\/jogi-kozlemeny\\\/#primaryimage\"},\"thumbnailUrl\":\"https:\\\/\\\/www.it-recht-kanzlei.de\\\/gfx\\\/Logos\\\/logo-fairness-160.png\",\"datePublished\":\"2025-03-11T16:02:51+00:00\",\"dateModified\":\"2025-07-20T07:05:59+00:00\",\"description\":\"Tapasztalja meg a kiv\u00e1l\u00f3s\u00e1got a Dodo Inflatables-szel! Ugr\u00e1l\u00f3v\u00e1raink DIN EN 14960 tan\u00fas\u00edtv\u00e1nnyal rendelkeznek, \u00edgy a legmagasabb biztons\u00e1gi el\u0151\u00edr\u00e1soknak megfelel\u0151en garant\u00e1lj\u00e1k az \u00d6n ugr\u00e1l\u00f3s \u00f6r\u00f6m\u00e9t.\",\"breadcrumb\":{\"@id\":\"https:\\\/\\\/dodo-inflatables.com\\\/hu\\\/jogi-kozlemeny\\\/#breadcrumb\"},\"inLanguage\":\"hu\",\"potentialAction\":[{\"@type\":\"ReadAction\",\"target\":[\"https:\\\/\\\/dodo-inflatables.com\\\/hu\\\/jogi-kozlemeny\\\/\"]}]},{\"@type\":\"ImageObject\",\"inLanguage\":\"hu\",\"@id\":\"https:\\\/\\\/dodo-inflatables.com\\\/hu\\\/jogi-kozlemeny\\\/#primaryimage\",\"url\":\"https:\\\/\\\/www.it-recht-kanzlei.de\\\/gfx\\\/Logos\\\/logo-fairness-160.png\",\"contentUrl\":\"https:\\\/\\\/www.it-recht-kanzlei.de\\\/gfx\\\/Logos\\\/logo-fairness-160.png\"},{\"@type\":\"BreadcrumbList\",\"@id\":\"https:\\\/\\\/dodo-inflatables.com\\\/hu\\\/jogi-kozlemeny\\\/#breadcrumb\",\"itemListElement\":[{\"@type\":\"ListItem\",\"position\":1,\"name\":\"Kezd\u0151lap\",\"item\":\"https:\\\/\\\/dodo-inflatables.com\\\/hu\\\/\"},{\"@type\":\"ListItem\",\"position\":2,\"name\":\"Jogi k\u00f6zlem\u00e9ny\"}]},{\"@type\":\"WebSite\",\"@id\":\"https:\\\/\\\/dodo-inflatables.com\\\/hu\\\/#website\",\"url\":\"https:\\\/\\\/dodo-inflatables.com\\\/hu\\\/\",\"name\":\"dodo-inflatables.com\",\"description\":\"V\u00e1s\u00e1roljon ugr\u00e1l\u00f3v\u00e1rakat \u00e9s l\u00e1tnival\u00f3kat \u00fczlet\u00fcnkben.\",\"publisher\":{\"@id\":\"https:\\\/\\\/dodo-inflatables.com\\\/hu\\\/#organization\"},\"potentialAction\":[{\"@type\":\"SearchAction\",\"target\":{\"@type\":\"EntryPoint\",\"urlTemplate\":\"https:\\\/\\\/dodo-inflatables.com\\\/hu\\\/?s={search_term_string}\"},\"query-input\":{\"@type\":\"PropertyValueSpecification\",\"valueRequired\":true,\"valueName\":\"search_term_string\"}}],\"inLanguage\":\"hu\"},{\"@type\":\"Organization\",\"@id\":\"https:\\\/\\\/dodo-inflatables.com\\\/hu\\\/#organization\",\"name\":\"dodo-inflatables.com\",\"url\":\"https:\\\/\\\/dodo-inflatables.com\\\/hu\\\/\",\"logo\":{\"@type\":\"ImageObject\",\"inLanguage\":\"hu\",\"@id\":\"https:\\\/\\\/dodo-inflatables.com\\\/hu\\\/#\\\/schema\\\/logo\\\/image\\\/\",\"url\":\"https:\\\/\\\/dodo-inflatables.com\\\/wp-content\\\/uploads\\\/2023\\\/04\\\/cropped-cropped-cropped-Dodo-Logo.png\",\"contentUrl\":\"https:\\\/\\\/dodo-inflatables.com\\\/wp-content\\\/uploads\\\/2023\\\/04\\\/cropped-cropped-cropped-Dodo-Logo.png\",\"width\":2996,\"height\":1545,\"caption\":\"dodo-inflatables.com\"},\"image\":{\"@id\":\"https:\\\/\\\/dodo-inflatables.com\\\/hu\\\/#\\\/schema\\\/logo\\\/image\\\/\"}}]}<\/script>\n<!-- \/ Yoast SEO plugin. -->","yoast_head_json":{"title":"Ugr\u00e1l\u00f3v\u00e1r v\u00e1s\u00e1rl\u00e1s | Impresszum | Dodo-Inflatables.com","description":"Tapasztalja meg a kiv\u00e1l\u00f3s\u00e1got a Dodo Inflatables-szel! Ugr\u00e1l\u00f3v\u00e1raink DIN EN 14960 tan\u00fas\u00edtv\u00e1nnyal rendelkeznek, \u00edgy a legmagasabb biztons\u00e1gi el\u0151\u00edr\u00e1soknak megfelel\u0151en garant\u00e1lj\u00e1k az \u00d6n ugr\u00e1l\u00f3s \u00f6r\u00f6m\u00e9t.","robots":{"index":"index","follow":"follow","max-snippet":"max-snippet:-1","max-image-preview":"max-image-preview:large","max-video-preview":"max-video-preview:-1"},"canonical":"https:\/\/dodo-inflatables.com\/hu\/jogi-kozlemeny\/","twitter_misc":{"Becs\u00fclt olvas\u00e1si id\u0151":"1 perc"},"schema":{"@context":"https:\/\/schema.org","@graph":[{"@type":"WebPage","@id":"https:\/\/dodo-inflatables.com\/hu\/jogi-kozlemeny\/","url":"https:\/\/dodo-inflatables.com\/hu\/jogi-kozlemeny\/","name":"Ugr\u00e1l\u00f3v\u00e1r v\u00e1s\u00e1rl\u00e1s | Impresszum | Dodo-Inflatables.com","isPartOf":{"@id":"https:\/\/dodo-inflatables.com\/hu\/#website"},"primaryImageOfPage":{"@id":"https:\/\/dodo-inflatables.com\/hu\/jogi-kozlemeny\/#primaryimage"},"image":{"@id":"https:\/\/dodo-inflatables.com\/hu\/jogi-kozlemeny\/#primaryimage"},"thumbnailUrl":"https:\/\/www.it-recht-kanzlei.de\/gfx\/Logos\/logo-fairness-160.png","datePublished":"2025-03-11T16:02:51+00:00","dateModified":"2025-07-20T07:05:59+00:00","description":"Tapasztalja meg a kiv\u00e1l\u00f3s\u00e1got a Dodo Inflatables-szel! Ugr\u00e1l\u00f3v\u00e1raink DIN EN 14960 tan\u00fas\u00edtv\u00e1nnyal rendelkeznek, \u00edgy a legmagasabb biztons\u00e1gi el\u0151\u00edr\u00e1soknak megfelel\u0151en garant\u00e1lj\u00e1k az \u00d6n ugr\u00e1l\u00f3s \u00f6r\u00f6m\u00e9t.","breadcrumb":{"@id":"https:\/\/dodo-inflatables.com\/hu\/jogi-kozlemeny\/#breadcrumb"},"inLanguage":"hu","potentialAction":[{"@type":"ReadAction","target":["https:\/\/dodo-inflatables.com\/hu\/jogi-kozlemeny\/"]}]},{"@type":"ImageObject","inLanguage":"hu","@id":"https:\/\/dodo-inflatables.com\/hu\/jogi-kozlemeny\/#primaryimage","url":"https:\/\/www.it-recht-kanzlei.de\/gfx\/Logos\/logo-fairness-160.png","contentUrl":"https:\/\/www.it-recht-kanzlei.de\/gfx\/Logos\/logo-fairness-160.png"},{"@type":"BreadcrumbList","@id":"https:\/\/dodo-inflatables.com\/hu\/jogi-kozlemeny\/#breadcrumb","itemListElement":[{"@type":"ListItem","position":1,"name":"Kezd\u0151lap","item":"https:\/\/dodo-inflatables.com\/hu\/"},{"@type":"ListItem","position":2,"name":"Jogi k\u00f6zlem\u00e9ny"}]},{"@type":"WebSite","@id":"https:\/\/dodo-inflatables.com\/hu\/#website","url":"https:\/\/dodo-inflatables.com\/hu\/","name":"dodo-inflatables.com","description":"V\u00e1s\u00e1roljon ugr\u00e1l\u00f3v\u00e1rakat \u00e9s l\u00e1tnival\u00f3kat \u00fczlet\u00fcnkben.","publisher":{"@id":"https:\/\/dodo-inflatables.com\/hu\/#organization"},"potentialAction":[{"@type":"SearchAction","target":{"@type":"EntryPoint","urlTemplate":"https:\/\/dodo-inflatables.com\/hu\/?s={search_term_string}"},"query-input":{"@type":"PropertyValueSpecification","valueRequired":true,"valueName":"search_term_string"}}],"inLanguage":"hu"},{"@type":"Organization","@id":"https:\/\/dodo-inflatables.com\/hu\/#organization","name":"dodo-inflatables.com","url":"https:\/\/dodo-inflatables.com\/hu\/","logo":{"@type":"ImageObject","inLanguage":"hu","@id":"https:\/\/dodo-inflatables.com\/hu\/#\/schema\/logo\/image\/","url":"https:\/\/dodo-inflatables.com\/wp-content\/uploads\/2023\/04\/cropped-cropped-cropped-Dodo-Logo.png","contentUrl":"https:\/\/dodo-inflatables.com\/wp-content\/uploads\/2023\/04\/cropped-cropped-cropped-Dodo-Logo.png","width":2996,"height":1545,"caption":"dodo-inflatables.com"},"image":{"@id":"https:\/\/dodo-inflatables.com\/hu\/#\/schema\/logo\/image\/"}}]}},"uagb_featured_image_src":{"full":false,"thumbnail":false,"medium":false,"medium_large":false,"large":false,"1536x1536":false,"2048x2048":false,"woocommerce_thumbnail":false,"woocommerce_single":false,"woocommerce_gallery_thumbnail":false},"uagb_author_info":{"display_name":"Andreas","author_link":"https:\/\/dodo-inflatables.com\/hu\/author\/andreas\/"},"uagb_comment_info":0,"uagb_excerpt":"Jogi k\u00f6zlem\u00e9ny Miet Event Vertriebs GmbHFerdinand-Porsche-Stra\u00dfe 482205 GilchingN\u00e9metorsz\u00e1g Tel.: 089 12 50 18 700E-Mail: contact@dodo-inflatables.com Regisztr\u00e1ci\u00f3s b\u00edr\u00f3s\u00e1g: Amtsgericht M\u00fcnchenNyilv\u00e1ntart\u00e1si sz\u00e1m: HRB 238608 \u00dcgyvezet\u0151 igazgat\u00f3: Andreas Fr\u00f6schl \u00c1FA-sz\u00e1m: DE31727461 WEEE-Reg.-Nr. DE 82972723T\u00e1j\u00e9koztat\u00e1si k\u00f6telezetts\u00e9gek a \u00a718 para. 4 mondat 3 ElektroG:https:\/\/www.bmuv.de\/themen\/wasser-ressourcen-abfall\/kreislaufwirtschaft\/statistiken\/elektro-und-elektronikaltgeraete Felel\u0151s f\u00e9l a 18. \u00a7 (1) bekezd\u00e9se \u00e9rtelm\u00e9ben. 2 MStV:Miet Event Vertriebs GmbH, Andreas Fr\u00f6schl, Ferdinand-Porsche-Stra\u00dfe&hellip;","_links":{"self":[{"href":"https:\/\/dodo-inflatables.com\/hu\/wp-json\/wp\/v2\/pages\/10895","targetHints":{"allow":["GET"]}}],"collection":[{"href":"https:\/\/dodo-inflatables.com\/hu\/wp-json\/wp\/v2\/pages"}],"about":[{"href":"https:\/\/dodo-inflatables.com\/hu\/wp-json\/wp\/v2\/types\/page"}],"author":[{"embeddable":true,"href":"https:\/\/dodo-inflatables.com\/hu\/wp-json\/wp\/v2\/users\/1"}],"replies":[{"embeddable":true,"href":"https:\/\/dodo-inflatables.com\/hu\/wp-json\/wp\/v2\/comments?post=10895"}],"version-history":[{"count":4,"href":"https:\/\/dodo-inflatables.com\/hu\/wp-json\/wp\/v2\/pages\/10895\/revisions"}],"predecessor-version":[{"id":89810,"href":"https:\/\/dodo-inflatables.com\/hu\/wp-json\/wp\/v2\/pages\/10895\/revisions\/89810"}],"wp:attachment":[{"href":"https:\/\/dodo-inflatables.com\/hu\/wp-json\/wp\/v2\/media?parent=10895"}],"curies":[{"name":"wp","href":"https:\/\/api.w.org\/{rel}","templated":true}]}}