{"id":10925,"date":"2017-01-06T19:43:59","date_gmt":"2017-01-06T18:43:59","guid":{"rendered":"https:\/\/dodo-inflatables.com\/versandarten\/"},"modified":"2024-06-01T17:16:35","modified_gmt":"2024-06-01T15:16:35","slug":"versandarten","status":"publish","type":"page","link":"https:\/\/dodo-inflatables.com\/hu\/versandarten\/","title":{"rendered":"Versandarten"},"content":{"rendered":"\n<h2 class=\"has-text-align-center wp-block-heading\" id=\"versandarten\"><strong>Versandarten<\/strong><\/h2>\n\n<p><strong>H\u00fcpfburgen, Rutschen &amp; Eventmodule<\/strong> werden mit einer <strong>Spedition<\/strong> versendet, dieser Versand kostet 119 \u20ac inkl. MwSt. Nach Zahlungseingang wird deine Ware noch am gleichen oder am n\u00e4chsten Werktag versendet. Die Zustellung erfolgt dann in der Regel innerhalb von 1 &#8211; 2 Werktagen.<\/p>\n\n<p>Der Versand f\u00fcr <strong>Pakete<\/strong> (pl. Gebl\u00e4se) bis einschlie\u00dflich 30 kg kostet 9,95 \u20ac.<br\/><\/p>\n\n<p>Der Versand ist auch in die Schweiz und alle europ\u00e4ischen L\u00e4nder (Horv\u00e1torsz\u00e1g, Magyarorsz\u00e1g, Luxemburg, T\u00f6r\u00f6korsz\u00e1g, Lengyelorsz\u00e1g, Csehorsz\u00e1g, Szlov\u00e1kia, Lettorsz\u00e1g stb.) lehets\u00e9ges. F\u00fcr die Versandkosten bitte einfach per Mail<a href=\"mailto:info@huepfburg-guenstig-kaufen.de\">(info@huepfburg-guenstig-kaufen.de)<\/a> anfragen.<br\/>Tov\u00e1bbi inform\u00e1ci\u00f3kat a k\u00fclf\u00f6ldre t\u00f6rt\u00e9n\u0151 sz\u00e1ll\u00edt\u00e1sr\u00f3l itt tal\u00e1lsz: <a href=\"https:\/\/dodo-inflatables.com\/lieferung-in-die-schweiz\/\">Lieferung in die Schweiz<\/a> und <a href=\"https:\/\/dodo-inflatables.com\/lieferung-in-das-eu-ausland\/\">Lieferung in das EU-Ausland<\/a>.<\/p>\n","protected":false},"excerpt":{"rendered":"<p>Versandarten H\u00fcpfburgen, Rutschen &amp; Eventmodule werden mit einer Spedition versendet, dieser Versand kostet 119 \u20ac inkl. MwSt. Nach Zahlungseingang wird deine Ware noch am gleichen oder am n\u00e4chsten Werktag versendet. Die Zustellung erfolgt dann in der Regel innerhalb von 1 &#8211; 2 Werktagen. Der Versand f\u00fcr Pakete (pl. Gebl\u00e4se) bis einschlie\u00dflich 30 kg kostet 9,95 [&hellip;]<\/p>\n","protected":false},"author":1,"featured_media":0,"parent":0,"menu_order":0,"comment_status":"closed","ping_status":"closed","template":"","meta":{"_acf_changed":false,"_uag_custom_page_level_css":"","site-sidebar-layout":"default","site-content-layout":"boxed-container","ast-site-content-layout":"default","site-content-style":"default","site-sidebar-style":"default","ast-global-header-display":"","ast-banner-title-visibility":"","ast-main-header-display":"","ast-hfb-above-header-display":"","ast-hfb-below-header-display":"","ast-hfb-mobile-header-display":"","site-post-title":"disabled","ast-breadcrumbs-content":"disabled","ast-featured-img":"disabled","footer-sml-layout":"","ast-disable-related-posts":"","theme-transparent-header-meta":"","adv-header-id-meta":"4069","stick-header-meta":"","header-above-stick-meta":"","header-main-stick-meta":"","header-below-stick-meta":"","astra-migrate-meta-layouts":"default","ast-page-background-enabled":"default","ast-page-background-meta":{"desktop":{"background-color":"var(--ast-global-color-4)","background-image":"","background-repeat":"repeat","background-position":"center center","background-size":"auto","background-attachment":"scroll","background-type":"","background-media":"","overlay-type":"","overlay-color":"","overlay-opacity":"","overlay-gradient":""},"tablet":{"background-color":"","background-image":"","background-repeat":"repeat","background-position":"center center","background-size":"auto","background-attachment":"scroll","background-type":"","background-media":"","overlay-type":"","overlay-color":"","overlay-opacity":"","overlay-gradient":""},"mobile":{"background-color":"","background-image":"","background-repeat":"repeat","background-position":"center center","background-size":"auto","background-attachment":"scroll","background-type":"","background-media":"","overlay-type":"","overlay-color":"","overlay-opacity":"","overlay-gradient":""}},"ast-content-background-meta":{"desktop":{"background-color":"var(--ast-global-color-5)","background-image":"","background-repeat":"repeat","background-position":"center center","background-size":"auto","background-attachment":"scroll","background-type":"","background-media":"","overlay-type":"","overlay-color":"","overlay-opacity":"","overlay-gradient":""},"tablet":{"background-color":"var(--ast-global-color-5)","background-image":"","background-repeat":"repeat","background-position":"center center","background-size":"auto","background-attachment":"scroll","background-type":"","background-media":"","overlay-type":"","overlay-color":"","overlay-opacity":"","overlay-gradient":""},"mobile":{"background-color":"var(--ast-global-color-5)","background-image":"","background-repeat":"repeat","background-position":"center center","background-size":"auto","background-attachment":"scroll","background-type":"","background-media":"","overlay-type":"","overlay-color":"","overlay-opacity":"","overlay-gradient":""}},"footnotes":""},"class_list":["post-10925","page","type-page","status-publish","hentry"],"acf":[],"yoast_head":"<!-- This site is optimized with the Yoast SEO plugin v27.3 - https:\/\/yoast.com\/product\/yoast-seo-wordpress\/ -->\n<title>V\u00e1s\u00e1roljon felf\u00fajhat\u00f3t | Sz\u00e1ll\u00edt\u00e1si m\u00f3dok | Dodo-Inflatable.com<\/title>\n<meta name=\"description\" content=\"Gyors \u00e9s egyszer\u0171 sz\u00e1ll\u00edt\u00e1s Eur\u00f3p\u00e1ba \u00e9s Sv\u00e1jcba | Dodo-Inflatables.com |\" \/>\n<meta name=\"robots\" content=\"index, follow, max-snippet:-1, max-image-preview:large, max-video-preview:-1\" \/>\n<link rel=\"canonical\" href=\"https:\/\/dodo-inflatables.com\/hu\/versandarten\/\" \/>\n<meta name=\"twitter:label1\" content=\"Becs\u00fclt olvas\u00e1si id\u0151\" \/>\n\t<meta name=\"twitter:data1\" content=\"1 perc\" \/>\n<script type=\"application\/ld+json\" class=\"yoast-schema-graph\">{\"@context\":\"https:\\\/\\\/schema.org\",\"@graph\":[{\"@type\":\"WebPage\",\"@id\":\"https:\\\/\\\/dodo-inflatables.com\\\/hu\\\/versandarten\\\/\",\"url\":\"https:\\\/\\\/dodo-inflatables.com\\\/hu\\\/versandarten\\\/\",\"name\":\"V\u00e1s\u00e1roljon felf\u00fajhat\u00f3t | Sz\u00e1ll\u00edt\u00e1si m\u00f3dok | Dodo-Inflatable.com\",\"isPartOf\":{\"@id\":\"https:\\\/\\\/dodo-inflatables.com\\\/hu\\\/#website\"},\"datePublished\":\"2017-01-06T18:43:59+00:00\",\"dateModified\":\"2024-06-01T15:16:35+00:00\",\"description\":\"Gyors \u00e9s egyszer\u0171 sz\u00e1ll\u00edt\u00e1s Eur\u00f3p\u00e1ba \u00e9s Sv\u00e1jcba | Dodo-Inflatables.com |\",\"breadcrumb\":{\"@id\":\"https:\\\/\\\/dodo-inflatables.com\\\/hu\\\/versandarten\\\/#breadcrumb\"},\"inLanguage\":\"hu\",\"potentialAction\":[{\"@type\":\"ReadAction\",\"target\":[\"https:\\\/\\\/dodo-inflatables.com\\\/hu\\\/versandarten\\\/\"]}]},{\"@type\":\"BreadcrumbList\",\"@id\":\"https:\\\/\\\/dodo-inflatables.com\\\/hu\\\/versandarten\\\/#breadcrumb\",\"itemListElement\":[{\"@type\":\"ListItem\",\"position\":1,\"name\":\"Kezd\u0151lap\",\"item\":\"https:\\\/\\\/dodo-inflatables.com\\\/hu\\\/\"},{\"@type\":\"ListItem\",\"position\":2,\"name\":\"Versandarten\"}]},{\"@type\":\"WebSite\",\"@id\":\"https:\\\/\\\/dodo-inflatables.com\\\/hu\\\/#website\",\"url\":\"https:\\\/\\\/dodo-inflatables.com\\\/hu\\\/\",\"name\":\"dodo-inflatables.com\",\"description\":\"V\u00e1s\u00e1roljon ugr\u00e1l\u00f3v\u00e1rakat \u00e9s l\u00e1tnival\u00f3kat \u00fczlet\u00fcnkben.\",\"publisher\":{\"@id\":\"https:\\\/\\\/dodo-inflatables.com\\\/hu\\\/#organization\"},\"potentialAction\":[{\"@type\":\"SearchAction\",\"target\":{\"@type\":\"EntryPoint\",\"urlTemplate\":\"https:\\\/\\\/dodo-inflatables.com\\\/hu\\\/?s={search_term_string}\"},\"query-input\":{\"@type\":\"PropertyValueSpecification\",\"valueRequired\":true,\"valueName\":\"search_term_string\"}}],\"inLanguage\":\"hu\"},{\"@type\":\"Organization\",\"@id\":\"https:\\\/\\\/dodo-inflatables.com\\\/hu\\\/#organization\",\"name\":\"dodo-inflatables.com\",\"url\":\"https:\\\/\\\/dodo-inflatables.com\\\/hu\\\/\",\"logo\":{\"@type\":\"ImageObject\",\"inLanguage\":\"hu\",\"@id\":\"https:\\\/\\\/dodo-inflatables.com\\\/hu\\\/#\\\/schema\\\/logo\\\/image\\\/\",\"url\":\"https:\\\/\\\/dodo-inflatables.com\\\/wp-content\\\/uploads\\\/2023\\\/04\\\/cropped-cropped-cropped-Dodo-Logo.png\",\"contentUrl\":\"https:\\\/\\\/dodo-inflatables.com\\\/wp-content\\\/uploads\\\/2023\\\/04\\\/cropped-cropped-cropped-Dodo-Logo.png\",\"width\":2996,\"height\":1545,\"caption\":\"dodo-inflatables.com\"},\"image\":{\"@id\":\"https:\\\/\\\/dodo-inflatables.com\\\/hu\\\/#\\\/schema\\\/logo\\\/image\\\/\"}}]}<\/script>\n<!-- \/ Yoast SEO plugin. -->","yoast_head_json":{"title":"V\u00e1s\u00e1roljon felf\u00fajhat\u00f3t | Sz\u00e1ll\u00edt\u00e1si m\u00f3dok | Dodo-Inflatable.com","description":"Gyors \u00e9s egyszer\u0171 sz\u00e1ll\u00edt\u00e1s Eur\u00f3p\u00e1ba \u00e9s Sv\u00e1jcba | Dodo-Inflatables.com |","robots":{"index":"index","follow":"follow","max-snippet":"max-snippet:-1","max-image-preview":"max-image-preview:large","max-video-preview":"max-video-preview:-1"},"canonical":"https:\/\/dodo-inflatables.com\/hu\/versandarten\/","twitter_misc":{"Becs\u00fclt olvas\u00e1si id\u0151":"1 perc"},"schema":{"@context":"https:\/\/schema.org","@graph":[{"@type":"WebPage","@id":"https:\/\/dodo-inflatables.com\/hu\/versandarten\/","url":"https:\/\/dodo-inflatables.com\/hu\/versandarten\/","name":"V\u00e1s\u00e1roljon felf\u00fajhat\u00f3t | Sz\u00e1ll\u00edt\u00e1si m\u00f3dok | Dodo-Inflatable.com","isPartOf":{"@id":"https:\/\/dodo-inflatables.com\/hu\/#website"},"datePublished":"2017-01-06T18:43:59+00:00","dateModified":"2024-06-01T15:16:35+00:00","description":"Gyors \u00e9s egyszer\u0171 sz\u00e1ll\u00edt\u00e1s Eur\u00f3p\u00e1ba \u00e9s Sv\u00e1jcba | Dodo-Inflatables.com |","breadcrumb":{"@id":"https:\/\/dodo-inflatables.com\/hu\/versandarten\/#breadcrumb"},"inLanguage":"hu","potentialAction":[{"@type":"ReadAction","target":["https:\/\/dodo-inflatables.com\/hu\/versandarten\/"]}]},{"@type":"BreadcrumbList","@id":"https:\/\/dodo-inflatables.com\/hu\/versandarten\/#breadcrumb","itemListElement":[{"@type":"ListItem","position":1,"name":"Kezd\u0151lap","item":"https:\/\/dodo-inflatables.com\/hu\/"},{"@type":"ListItem","position":2,"name":"Versandarten"}]},{"@type":"WebSite","@id":"https:\/\/dodo-inflatables.com\/hu\/#website","url":"https:\/\/dodo-inflatables.com\/hu\/","name":"dodo-inflatables.com","description":"V\u00e1s\u00e1roljon ugr\u00e1l\u00f3v\u00e1rakat \u00e9s l\u00e1tnival\u00f3kat \u00fczlet\u00fcnkben.","publisher":{"@id":"https:\/\/dodo-inflatables.com\/hu\/#organization"},"potentialAction":[{"@type":"SearchAction","target":{"@type":"EntryPoint","urlTemplate":"https:\/\/dodo-inflatables.com\/hu\/?s={search_term_string}"},"query-input":{"@type":"PropertyValueSpecification","valueRequired":true,"valueName":"search_term_string"}}],"inLanguage":"hu"},{"@type":"Organization","@id":"https:\/\/dodo-inflatables.com\/hu\/#organization","name":"dodo-inflatables.com","url":"https:\/\/dodo-inflatables.com\/hu\/","logo":{"@type":"ImageObject","inLanguage":"hu","@id":"https:\/\/dodo-inflatables.com\/hu\/#\/schema\/logo\/image\/","url":"https:\/\/dodo-inflatables.com\/wp-content\/uploads\/2023\/04\/cropped-cropped-cropped-Dodo-Logo.png","contentUrl":"https:\/\/dodo-inflatables.com\/wp-content\/uploads\/2023\/04\/cropped-cropped-cropped-Dodo-Logo.png","width":2996,"height":1545,"caption":"dodo-inflatables.com"},"image":{"@id":"https:\/\/dodo-inflatables.com\/hu\/#\/schema\/logo\/image\/"}}]}},"uagb_featured_image_src":{"full":false,"thumbnail":false,"medium":false,"medium_large":false,"large":false,"1536x1536":false,"2048x2048":false,"woocommerce_thumbnail":false,"woocommerce_single":false,"woocommerce_gallery_thumbnail":false},"uagb_author_info":{"display_name":"Andreas","author_link":"https:\/\/dodo-inflatables.com\/hu\/author\/andreas\/"},"uagb_comment_info":0,"uagb_excerpt":"Versandarten H\u00fcpfburgen, Rutschen &amp; Eventmodule werden mit einer Spedition versendet, dieser Versand kostet 119 \u20ac inkl. MwSt. Nach Zahlungseingang wird deine Ware noch am gleichen oder am n\u00e4chsten Werktag versendet. Die Zustellung erfolgt dann in der Regel innerhalb von 1 &#8211; 2 Werktagen. Der Versand f\u00fcr Pakete (pl. Gebl\u00e4se) bis einschlie\u00dflich 30 kg kostet 9,95&hellip;","_links":{"self":[{"href":"https:\/\/dodo-inflatables.com\/hu\/wp-json\/wp\/v2\/pages\/10925","targetHints":{"allow":["GET"]}}],"collection":[{"href":"https:\/\/dodo-inflatables.com\/hu\/wp-json\/wp\/v2\/pages"}],"about":[{"href":"https:\/\/dodo-inflatables.com\/hu\/wp-json\/wp\/v2\/types\/page"}],"author":[{"embeddable":true,"href":"https:\/\/dodo-inflatables.com\/hu\/wp-json\/wp\/v2\/users\/1"}],"replies":[{"embeddable":true,"href":"https:\/\/dodo-inflatables.com\/hu\/wp-json\/wp\/v2\/comments?post=10925"}],"version-history":[{"count":2,"href":"https:\/\/dodo-inflatables.com\/hu\/wp-json\/wp\/v2\/pages\/10925\/revisions"}],"predecessor-version":[{"id":10927,"href":"https:\/\/dodo-inflatables.com\/hu\/wp-json\/wp\/v2\/pages\/10925\/revisions\/10927"}],"wp:attachment":[{"href":"https:\/\/dodo-inflatables.com\/hu\/wp-json\/wp\/v2\/media?parent=10925"}],"curies":[{"name":"wp","href":"https:\/\/api.w.org\/{rel}","templated":true}]}}