{"id":10992,"date":"2020-03-27T11:12:43","date_gmt":"2020-03-27T10:12:43","guid":{"rendered":"https:\/\/dodo-inflatables.com\/szallitas-az-eu-orszagaiba\/"},"modified":"2024-08-19T14:54:32","modified_gmt":"2024-08-19T12:54:32","slug":"szallitas-az-eu-orszagaiba","status":"publish","type":"page","link":"https:\/\/dodo-inflatables.com\/hu\/szallitas-az-eu-orszagaiba\/","title":{"rendered":"Sz\u00e1ll\u00edt\u00e1s az EU orsz\u00e1gaiba"},"content":{"rendered":"\n<h2 class=\"wp-block-heading has-text-align-center\" id=\"versandarten\"><strong>Sz\u00e1ll\u00edt\u00e1si k\u00f6lts\u00e9gek \u00e9s a nemzetk\u00f6zi sz\u00e1ll\u00edt\u00e1ssal kapcsolatos inform\u00e1ci\u00f3k<\/strong><\/h2>\n\n<p class=\"has-text-align-center\">Az <strong>ugr\u00e1l\u00f3v\u00e1rakat, cs\u00faszd\u00e1kat<\/strong> \u00e9s <strong>rendezv\u00e9nymodulokat<\/strong> raklapokra csomagolj\u00e1k, \u00e9s egy sz\u00e1ll\u00edtm\u00e1nyoz\u00f3 c\u00e9g sz\u00e1ll\u00edtja el.<\/p>\n\n<p class=\"has-text-align-center\">A <strong>fizet\u00e9s be\u00e9rkez\u00e9se<\/strong> ut\u00e1n az \u00e1rut ugyanazon vagy a k\u00f6vetkez\u0151 munkanapon elk\u00fcldj\u00fck. Az EU-n bel\u00fcli sz\u00e1ll\u00edt\u00e1s \u00e1ltal\u00e1ban 4-6 munkanapon bel\u00fcl t\u00f6rt\u00e9nik.<\/p>\n\n<p class=\"has-text-align-center\">Az olyan <strong>tartoz\u00e9kokat<\/strong>, mint a f\u00fav\u00f3k, <strong>DPD-vel<\/strong> vagy <strong>UPS-szel<\/strong> k\u00fcldj\u00fck.<\/p>\n\n<p>Rakt\u00e1runk <strong>M\u00fcnchenben, N\u00e9metorsz\u00e1gban<\/strong> tal\u00e1lhat\u00f3. Az ugr\u00e1l\u00f3v\u00e1rat fizet\u00e9s \u00e9s id\u0151pont egyeztet\u00e9s ut\u00e1n maga is \u00e1tveheti innen.<\/p>\n\n<figure class=\"wp-block-image size-large\"><a href=\"https:\/\/dodo-inflatables.com\/wp-content\/uploads\/2022\/01\/seperator-kleiner.png\"><img loading=\"lazy\" decoding=\"async\" width=\"1024\" height=\"102\" src=\"https:\/\/dodo-inflatables.com\/wp-content\/uploads\/2022\/01\/seperator-kleiner-1024x102.png\" alt=\"\" class=\"wp-image-4026\" srcset=\"https:\/\/dodo-inflatables.com\/wp-content\/uploads\/2022\/01\/seperator-kleiner-1024x102.png 1024w, https:\/\/dodo-inflatables.com\/wp-content\/uploads\/2022\/01\/seperator-kleiner-900x90.png 900w, https:\/\/dodo-inflatables.com\/wp-content\/uploads\/2022\/01\/seperator-kleiner-300x30.png 300w, https:\/\/dodo-inflatables.com\/wp-content\/uploads\/2022\/01\/seperator-kleiner-768x77.png 768w, https:\/\/dodo-inflatables.com\/wp-content\/uploads\/2022\/01\/seperator-kleiner-1536x154.png 1536w, https:\/\/dodo-inflatables.com\/wp-content\/uploads\/2022\/01\/seperator-kleiner-340x34.png 340w, https:\/\/dodo-inflatables.com\/wp-content\/uploads\/2022\/01\/seperator-kleiner.png 2000w\" sizes=\"auto, (max-width: 1024px) 100vw, 1024px\" \/><\/a><\/figure>\n\n<h3 class=\"wp-block-heading has-text-align-center\"><strong>Sz\u00e1ll\u00edt\u00e1s az EU orsz\u00e1gaiba \u00e9s Sv\u00e1jcba + Nagy-Britanni\u00e1ba<\/strong><\/h3>\n\n<p class=\"has-text-align-center\">A sz\u00e1ll\u00edt\u00e1s minden eur\u00f3pai orsz\u00e1gba, valamint Sv\u00e1jcba \u00e9s Nagy-Britanni\u00e1ba lehets\u00e9ges. A sz\u00e1ll\u00edt\u00e1si k\u00f6lts\u00e9geket az al\u00e1bbi t\u00e1bl\u00e1zatban tal\u00e1lja.<\/p>\n\n<p class=\"has-text-align-center\"><strong>Mag\u00e1nszem\u00e9lyk\u00e9nt<\/strong> n\u00e9met \u00e1fa terheli \u00d6nt. Rendel\u00e9s\u00e9t a szok\u00e1sos m\u00f3don az online \u00e1ruh\u00e1zon kereszt\u00fcl adhatja le.<\/p>\n\n<p class=\"has-text-align-center\">EU-s <strong>\u00fczleti \u00fcgyfelek<\/strong> sz\u00e1m\u00e1ra: C\u00e9gk\u00e9nt rendel, \u00e9s rendelkezik \u00e9rv\u00e9nyes H\u00c9A-sz\u00e1mmal? Akkor ad\u00f3mentesen adhatjuk el az \u00e1rut. K\u00e9rj\u00fck, adja meg az \u00c1FA-sz\u00e1m\u00e1t a p\u00e9nzt\u00e1rn\u00e1l.<\/p>\n\n<figure class=\"wp-block-table\"><table><tbody><tr><td><\/td><td class=\"has-text-align-center\" data-align=\"center\"><strong><em>Ugr\u00e1l\u00f3v\u00e1r (hordoz\u00f3)<\/em><\/strong><\/td><td class=\"has-text-align-center\" data-align=\"center\"><strong><em>Tartoz\u00e9kok (csomag)<\/em><\/strong><\/td><\/tr><tr><td><strong>N\u00e9metorsz\u00e1g<\/strong><\/td><td class=\"has-text-align-center\" data-align=\"center\">128,95 \u20ac<\/td><td class=\"has-text-align-center\" data-align=\"center\">9,95 \u20ac<\/td><\/tr><tr><td><strong>Spanyolorsz\u00e1g (szigetek n\u00e9lk\u00fcl)<\/strong><\/td><td class=\"has-text-align-center\" data-align=\"center\">299,00 \u20ac<\/td><td class=\"has-text-align-center\" data-align=\"center\">28,00 \u20ac<\/td><\/tr><tr><td><strong>Olaszorsz\u00e1g, Franciaorsz\u00e1g, Ausztria<\/strong><\/td><td class=\"has-text-align-center\" data-align=\"center\">167,99 \u20ac<\/td><td class=\"has-text-align-center\" data-align=\"center\">18,99 \u20ac<\/td><\/tr><tr><td><strong>Luxemburg, Liechtenstein<\/strong><\/td><td class=\"has-text-align-center\" data-align=\"center\">198,00 \u20ac<\/td><td class=\"has-text-align-center\" data-align=\"center\">19,00 \u20ac<\/td><\/tr><tr><td><strong>Lengyelorsz\u00e1g, Cseh K\u00f6zt\u00e1rsas\u00e1g, D\u00e1nia<\/strong><\/td><td class=\"has-text-align-center\" data-align=\"center\">169,00 \u20ac<\/td><td class=\"has-text-align-center\" data-align=\"center\">30,00 \u20ac<\/td><\/tr><tr><td><strong>Rom\u00e1nia<\/strong><\/td><td class=\"has-text-align-center\" data-align=\"center\">437,00 \u20ac<\/td><td class=\"has-text-align-center\" data-align=\"center\">38,00 \u20ac<\/td><\/tr><tr><td><strong>Finnorsz\u00e1g<\/strong><\/td><td class=\"has-text-align-center\" data-align=\"center\">307,00 \u20ac<\/td><td class=\"has-text-align-center\" data-align=\"center\">28,00 \u20ac<\/td><\/tr><tr><td><strong>Hollandia, Belgium<\/strong><\/td><td class=\"has-text-align-center\" data-align=\"center\">148,00 \u20ac<\/td><td class=\"has-text-align-center\" data-align=\"center\">19,00 \u20ac<\/td><\/tr><tr><td><strong>Szlov\u00e1kia, Szlov\u00e9nia<\/strong><\/td><td class=\"has-text-align-center\" data-align=\"center\">184,00 \u20ac<\/td><td class=\"has-text-align-center\" data-align=\"center\">35,00 \u20ac<\/td><\/tr><tr><td><strong>Lettorsz\u00e1g, Horv\u00e1torsz\u00e1g, Magyarorsz\u00e1g, Sv\u00e9dorsz\u00e1g, Portug\u00e1lia<\/strong><\/td><td class=\"has-text-align-center\" data-align=\"center\">239,00 \u20ac<\/td><td class=\"has-text-align-center\" data-align=\"center\">39,00 \u20ac<\/td><\/tr><tr><td><strong>\u00c9sztorsz\u00e1g, Norv\u00e9gia<\/strong><\/td><td class=\"has-text-align-center\" data-align=\"center\">349,00 \u20ac<\/td><td class=\"has-text-align-center\" data-align=\"center\">49,00 \u20ac<\/td><\/tr><tr><td><strong>G\u00f6r\u00f6gorsz\u00e1g, Alb\u00e1nia, Bosznia, Litv\u00e1nia, Bulg\u00e1ria<\/strong><\/td><td class=\"has-text-align-center\" data-align=\"center\">287,00 \u20ac<\/td><td class=\"has-text-align-center\" data-align=\"center\">38,00 \u20ac<\/td><\/tr><tr><td><strong>Montenegr\u00f3<\/strong><\/td><td class=\"has-text-align-center\" data-align=\"center\">249,00 \u20ac<\/td><td class=\"has-text-align-center\" data-align=\"center\">38,00 \u20ac<\/td><\/tr><tr><td><strong>\u00cdrorsz\u00e1g<\/strong><\/td><td class=\"has-text-align-center\" data-align=\"center\">329,00 \u20ac<\/td><td class=\"has-text-align-center\" data-align=\"center\">29,00 \u20ac<\/td><\/tr><tr><td><strong>Szerbia<\/strong><\/td><td class=\"has-text-align-center\" data-align=\"center\">335,00 \u20ac<\/td><td class=\"has-text-align-center\" data-align=\"center\">85,00 \u20ac<\/td><\/tr><tr><td><strong>Egyes\u00fclt Kir\u00e1lys\u00e1g<\/strong><\/td><td class=\"has-text-align-center\" data-align=\"center\">279,00 \u20ac<\/td><td class=\"has-text-align-center\" data-align=\"center\">&#8211;<\/td><\/tr><tr><td><strong>Sv\u00e1jc<\/strong><\/td><td class=\"has-text-align-center\" data-align=\"center\">464,00 \u20ac<\/td><td class=\"has-text-align-center\" data-align=\"center\">&#8211;<\/td><\/tr><\/tbody><\/table><\/figure>\n\n<figure class=\"wp-block-image size-large\"><a href=\"https:\/\/dodo-inflatables.com\/wp-content\/uploads\/2022\/01\/seperator-kleiner.png\"><img loading=\"lazy\" decoding=\"async\" width=\"1024\" height=\"102\" src=\"https:\/\/dodo-inflatables.com\/wp-content\/uploads\/2022\/01\/seperator-kleiner-1024x102.png\" alt=\"\" class=\"wp-image-4026\" srcset=\"https:\/\/dodo-inflatables.com\/wp-content\/uploads\/2022\/01\/seperator-kleiner-1024x102.png 1024w, https:\/\/dodo-inflatables.com\/wp-content\/uploads\/2022\/01\/seperator-kleiner-900x90.png 900w, https:\/\/dodo-inflatables.com\/wp-content\/uploads\/2022\/01\/seperator-kleiner-300x30.png 300w, https:\/\/dodo-inflatables.com\/wp-content\/uploads\/2022\/01\/seperator-kleiner-768x77.png 768w, https:\/\/dodo-inflatables.com\/wp-content\/uploads\/2022\/01\/seperator-kleiner-1536x154.png 1536w, https:\/\/dodo-inflatables.com\/wp-content\/uploads\/2022\/01\/seperator-kleiner-340x34.png 340w, https:\/\/dodo-inflatables.com\/wp-content\/uploads\/2022\/01\/seperator-kleiner.png 2000w\" sizes=\"auto, (max-width: 1024px) 100vw, 1024px\" \/><\/a><\/figure>\n\n<h4 class=\"wp-block-heading has-text-align-center\"><strong><strong>Sv\u00e1jci \u00e9s angol \u00fcgyfeleink sz\u00e1m\u00e1ra:<\/strong><\/strong><\/h4>\n\n<p class=\"has-text-align-center\">Nem uni\u00f3s orsz\u00e1gb\u00f3l sz\u00e1rmaz\u00f3 v\u00e1s\u00e1rl\u00f3k\u00e9nt \u00e1famentesen v\u00e1s\u00e1rolhat n\u00e1lunk. Az online \u00e1ruh\u00e1zban felt\u00fcntetett \u00e1rak kezdetben tartalmazz\u00e1k a n\u00e9met \u00e1f\u00e1t (19%), amely levon\u00e1sra ker\u00fcl, amint a kos\u00e1rban megadta a sz\u00e1ll\u00edt\u00e1si c\u00edmet (Sv\u00e1jc + Nagy-Britannia).<\/p>\n\n<p class=\"has-text-align-center\">Sv\u00e1jcba \u00e9s az Egyes\u00fclt Kir\u00e1lys\u00e1gba t\u00f6rt\u00e9n\u0151 sz\u00e1ll\u00edt\u00e1s eset\u00e9n \u00d6n az &#8222;import\u0151r&#8221;. Ez\u00e9rt \u00d6nt terhelik a behozatali forgalmi ad\u00f3 \u00e9s a behozatali v\u00e1m k\u00f6lts\u00e9gei.<br\/>A Sv\u00e1jcba \u00e9s az Egyes\u00fclt Kir\u00e1lys\u00e1gba ir\u00e1nyul\u00f3 sz\u00e1ll\u00edt\u00e1si k\u00f6lts\u00e9geink tartalmazz\u00e1k a sz\u00e1ll\u00edt\u00e1si \u00e1rat, a v\u00e1mkezel\u00e9st \u00e9s az ABD elk\u00e9sz\u00edt\u00e9s\u00e9t.<\/p>\n","protected":false},"excerpt":{"rendered":"<p>Sz\u00e1ll\u00edt\u00e1si k\u00f6lts\u00e9gek \u00e9s a nemzetk\u00f6zi sz\u00e1ll\u00edt\u00e1ssal kapcsolatos inform\u00e1ci\u00f3k Az ugr\u00e1l\u00f3v\u00e1rakat, cs\u00faszd\u00e1kat \u00e9s rendezv\u00e9nymodulokat raklapokra csomagolj\u00e1k, \u00e9s egy sz\u00e1ll\u00edtm\u00e1nyoz\u00f3 c\u00e9g sz\u00e1ll\u00edtja el. A fizet\u00e9s be\u00e9rkez\u00e9se ut\u00e1n az \u00e1rut ugyanazon vagy a k\u00f6vetkez\u0151 munkanapon elk\u00fcldj\u00fck. Az EU-n bel\u00fcli sz\u00e1ll\u00edt\u00e1s \u00e1ltal\u00e1ban 4-6 munkanapon bel\u00fcl t\u00f6rt\u00e9nik. Az olyan tartoz\u00e9kokat, mint a f\u00fav\u00f3k, DPD-vel vagy UPS-szel k\u00fcldj\u00fck. Rakt\u00e1runk M\u00fcnchenben, N\u00e9metorsz\u00e1gban [&hellip;]<\/p>\n","protected":false},"author":1,"featured_media":0,"parent":0,"menu_order":0,"comment_status":"closed","ping_status":"closed","template":"","meta":{"_acf_changed":false,"_uag_custom_page_level_css":"","site-sidebar-layout":"default","site-content-layout":"content-boxed-container","ast-site-content-layout":"normal-width-container","site-content-style":"boxed","site-sidebar-style":"unboxed","ast-global-header-display":"","ast-banner-title-visibility":"","ast-main-header-display":"","ast-hfb-above-header-display":"","ast-hfb-below-header-display":"","ast-hfb-mobile-header-display":"","site-post-title":"disabled","ast-breadcrumbs-content":"disabled","ast-featured-img":"disabled","footer-sml-layout":"","ast-disable-related-posts":"","theme-transparent-header-meta":"","adv-header-id-meta":"7189","stick-header-meta":"","header-above-stick-meta":"","header-main-stick-meta":"","header-below-stick-meta":"","astra-migrate-meta-layouts":"default","ast-page-background-enabled":"default","ast-page-background-meta":{"desktop":{"background-color":"var(--ast-global-color-4)","background-image":"","background-repeat":"repeat","background-position":"center center","background-size":"auto","background-attachment":"scroll","background-type":"","background-media":"","overlay-type":"","overlay-color":"","overlay-opacity":"","overlay-gradient":""},"tablet":{"background-color":"","background-image":"","background-repeat":"repeat","background-position":"center center","background-size":"auto","background-attachment":"scroll","background-type":"","background-media":"","overlay-type":"","overlay-color":"","overlay-opacity":"","overlay-gradient":""},"mobile":{"background-color":"","background-image":"","background-repeat":"repeat","background-position":"center center","background-size":"auto","background-attachment":"scroll","background-type":"","background-media":"","overlay-type":"","overlay-color":"","overlay-opacity":"","overlay-gradient":""}},"ast-content-background-meta":{"desktop":{"background-color":"var(--ast-global-color-5)","background-image":"","background-repeat":"repeat","background-position":"center center","background-size":"auto","background-attachment":"scroll","background-type":"","background-media":"","overlay-type":"","overlay-color":"","overlay-opacity":"","overlay-gradient":""},"tablet":{"background-color":"var(--ast-global-color-5)","background-image":"","background-repeat":"repeat","background-position":"center center","background-size":"auto","background-attachment":"scroll","background-type":"","background-media":"","overlay-type":"","overlay-color":"","overlay-opacity":"","overlay-gradient":""},"mobile":{"background-color":"var(--ast-global-color-5)","background-image":"","background-repeat":"repeat","background-position":"center center","background-size":"auto","background-attachment":"scroll","background-type":"","background-media":"","overlay-type":"","overlay-color":"","overlay-opacity":"","overlay-gradient":""}},"footnotes":""},"class_list":["post-10992","page","type-page","status-publish","hentry"],"acf":[],"yoast_head":"<!-- This site is optimized with the Yoast SEO plugin v27.4 - https:\/\/yoast.com\/product\/yoast-seo-wordpress\/ -->\n<title>Gyors \u00e9s biztons\u00e1gos ugr\u00e1l\u00f3v\u00e1r sz\u00e1ll\u00edt\u00e1s Eur\u00f3pa-szerte | Dodo Inflatables<\/title>\n<meta name=\"description\" content=\"Fedezze fel DIN EN 14960 tan\u00fas\u00edtv\u00e1nnyal rendelkez\u0151 ugr\u00e1l\u00f3v\u00e1rainkat. \u00c9lvezze a gyors \u00e9s biztons\u00e1gos sz\u00e1ll\u00edt\u00e1st az EU orsz\u00e1gaiba, \u00e9s \u00e9lvezze a rakt\u00e1ron l\u00e9v\u0151 nagy v\u00e1laszt\u00e9kot.\" \/>\n<meta name=\"robots\" content=\"index, follow, max-snippet:-1, max-image-preview:large, max-video-preview:-1\" \/>\n<link rel=\"canonical\" href=\"https:\/\/dodo-inflatables.com\/hu\/szallitas-az-eu-orszagaiba\/\" \/>\n<meta name=\"twitter:label1\" content=\"Becs\u00fclt olvas\u00e1si id\u0151\" \/>\n\t<meta name=\"twitter:data1\" content=\"2 perc\" \/>\n<script type=\"application\/ld+json\" class=\"yoast-schema-graph\">{\"@context\":\"https:\\\/\\\/schema.org\",\"@graph\":[{\"@type\":\"WebPage\",\"@id\":\"https:\\\/\\\/dodo-inflatables.com\\\/hu\\\/szallitas-az-eu-orszagaiba\\\/\",\"url\":\"https:\\\/\\\/dodo-inflatables.com\\\/hu\\\/szallitas-az-eu-orszagaiba\\\/\",\"name\":\"Gyors \u00e9s biztons\u00e1gos ugr\u00e1l\u00f3v\u00e1r sz\u00e1ll\u00edt\u00e1s Eur\u00f3pa-szerte | Dodo Inflatables\",\"isPartOf\":{\"@id\":\"https:\\\/\\\/dodo-inflatables.com\\\/hu\\\/#website\"},\"primaryImageOfPage\":{\"@id\":\"https:\\\/\\\/dodo-inflatables.com\\\/hu\\\/szallitas-az-eu-orszagaiba\\\/#primaryimage\"},\"image\":{\"@id\":\"https:\\\/\\\/dodo-inflatables.com\\\/hu\\\/szallitas-az-eu-orszagaiba\\\/#primaryimage\"},\"thumbnailUrl\":\"https:\\\/\\\/dodo-inflatables.com\\\/wp-content\\\/uploads\\\/2022\\\/01\\\/seperator-kleiner-1024x102.png\",\"datePublished\":\"2020-03-27T10:12:43+00:00\",\"dateModified\":\"2024-08-19T12:54:32+00:00\",\"description\":\"Fedezze fel DIN EN 14960 tan\u00fas\u00edtv\u00e1nnyal rendelkez\u0151 ugr\u00e1l\u00f3v\u00e1rainkat. \u00c9lvezze a gyors \u00e9s biztons\u00e1gos sz\u00e1ll\u00edt\u00e1st az EU orsz\u00e1gaiba, \u00e9s \u00e9lvezze a rakt\u00e1ron l\u00e9v\u0151 nagy v\u00e1laszt\u00e9kot.\",\"breadcrumb\":{\"@id\":\"https:\\\/\\\/dodo-inflatables.com\\\/hu\\\/szallitas-az-eu-orszagaiba\\\/#breadcrumb\"},\"inLanguage\":\"hu\",\"potentialAction\":[{\"@type\":\"ReadAction\",\"target\":[\"https:\\\/\\\/dodo-inflatables.com\\\/hu\\\/szallitas-az-eu-orszagaiba\\\/\"]}]},{\"@type\":\"ImageObject\",\"inLanguage\":\"hu\",\"@id\":\"https:\\\/\\\/dodo-inflatables.com\\\/hu\\\/szallitas-az-eu-orszagaiba\\\/#primaryimage\",\"url\":\"https:\\\/\\\/dodo-inflatables.com\\\/wp-content\\\/uploads\\\/2022\\\/01\\\/seperator-kleiner-1024x102.png\",\"contentUrl\":\"https:\\\/\\\/dodo-inflatables.com\\\/wp-content\\\/uploads\\\/2022\\\/01\\\/seperator-kleiner-1024x102.png\"},{\"@type\":\"BreadcrumbList\",\"@id\":\"https:\\\/\\\/dodo-inflatables.com\\\/hu\\\/szallitas-az-eu-orszagaiba\\\/#breadcrumb\",\"itemListElement\":[{\"@type\":\"ListItem\",\"position\":1,\"name\":\"Kezd\u0151lap\",\"item\":\"https:\\\/\\\/dodo-inflatables.com\\\/hu\\\/\"},{\"@type\":\"ListItem\",\"position\":2,\"name\":\"Sz\u00e1ll\u00edt\u00e1s az EU orsz\u00e1gaiba\"}]},{\"@type\":\"WebSite\",\"@id\":\"https:\\\/\\\/dodo-inflatables.com\\\/hu\\\/#website\",\"url\":\"https:\\\/\\\/dodo-inflatables.com\\\/hu\\\/\",\"name\":\"dodo-inflatables.com\",\"description\":\"V\u00e1s\u00e1roljon ugr\u00e1l\u00f3v\u00e1rakat \u00e9s l\u00e1tnival\u00f3kat \u00fczlet\u00fcnkben.\",\"publisher\":{\"@id\":\"https:\\\/\\\/dodo-inflatables.com\\\/hu\\\/#organization\"},\"potentialAction\":[{\"@type\":\"SearchAction\",\"target\":{\"@type\":\"EntryPoint\",\"urlTemplate\":\"https:\\\/\\\/dodo-inflatables.com\\\/hu\\\/?s={search_term_string}\"},\"query-input\":{\"@type\":\"PropertyValueSpecification\",\"valueRequired\":true,\"valueName\":\"search_term_string\"}}],\"inLanguage\":\"hu\"},{\"@type\":\"Organization\",\"@id\":\"https:\\\/\\\/dodo-inflatables.com\\\/hu\\\/#organization\",\"name\":\"dodo-inflatables.com\",\"url\":\"https:\\\/\\\/dodo-inflatables.com\\\/hu\\\/\",\"logo\":{\"@type\":\"ImageObject\",\"inLanguage\":\"hu\",\"@id\":\"https:\\\/\\\/dodo-inflatables.com\\\/hu\\\/#\\\/schema\\\/logo\\\/image\\\/\",\"url\":\"https:\\\/\\\/dodo-inflatables.com\\\/wp-content\\\/uploads\\\/2023\\\/04\\\/cropped-cropped-cropped-Dodo-Logo.png\",\"contentUrl\":\"https:\\\/\\\/dodo-inflatables.com\\\/wp-content\\\/uploads\\\/2023\\\/04\\\/cropped-cropped-cropped-Dodo-Logo.png\",\"width\":2996,\"height\":1545,\"caption\":\"dodo-inflatables.com\"},\"image\":{\"@id\":\"https:\\\/\\\/dodo-inflatables.com\\\/hu\\\/#\\\/schema\\\/logo\\\/image\\\/\"}}]}<\/script>\n<!-- \/ Yoast SEO plugin. -->","yoast_head_json":{"title":"Gyors \u00e9s biztons\u00e1gos ugr\u00e1l\u00f3v\u00e1r sz\u00e1ll\u00edt\u00e1s Eur\u00f3pa-szerte | Dodo Inflatables","description":"Fedezze fel DIN EN 14960 tan\u00fas\u00edtv\u00e1nnyal rendelkez\u0151 ugr\u00e1l\u00f3v\u00e1rainkat. \u00c9lvezze a gyors \u00e9s biztons\u00e1gos sz\u00e1ll\u00edt\u00e1st az EU orsz\u00e1gaiba, \u00e9s \u00e9lvezze a rakt\u00e1ron l\u00e9v\u0151 nagy v\u00e1laszt\u00e9kot.","robots":{"index":"index","follow":"follow","max-snippet":"max-snippet:-1","max-image-preview":"max-image-preview:large","max-video-preview":"max-video-preview:-1"},"canonical":"https:\/\/dodo-inflatables.com\/hu\/szallitas-az-eu-orszagaiba\/","twitter_misc":{"Becs\u00fclt olvas\u00e1si id\u0151":"2 perc"},"schema":{"@context":"https:\/\/schema.org","@graph":[{"@type":"WebPage","@id":"https:\/\/dodo-inflatables.com\/hu\/szallitas-az-eu-orszagaiba\/","url":"https:\/\/dodo-inflatables.com\/hu\/szallitas-az-eu-orszagaiba\/","name":"Gyors \u00e9s biztons\u00e1gos ugr\u00e1l\u00f3v\u00e1r sz\u00e1ll\u00edt\u00e1s Eur\u00f3pa-szerte | Dodo Inflatables","isPartOf":{"@id":"https:\/\/dodo-inflatables.com\/hu\/#website"},"primaryImageOfPage":{"@id":"https:\/\/dodo-inflatables.com\/hu\/szallitas-az-eu-orszagaiba\/#primaryimage"},"image":{"@id":"https:\/\/dodo-inflatables.com\/hu\/szallitas-az-eu-orszagaiba\/#primaryimage"},"thumbnailUrl":"https:\/\/dodo-inflatables.com\/wp-content\/uploads\/2022\/01\/seperator-kleiner-1024x102.png","datePublished":"2020-03-27T10:12:43+00:00","dateModified":"2024-08-19T12:54:32+00:00","description":"Fedezze fel DIN EN 14960 tan\u00fas\u00edtv\u00e1nnyal rendelkez\u0151 ugr\u00e1l\u00f3v\u00e1rainkat. \u00c9lvezze a gyors \u00e9s biztons\u00e1gos sz\u00e1ll\u00edt\u00e1st az EU orsz\u00e1gaiba, \u00e9s \u00e9lvezze a rakt\u00e1ron l\u00e9v\u0151 nagy v\u00e1laszt\u00e9kot.","breadcrumb":{"@id":"https:\/\/dodo-inflatables.com\/hu\/szallitas-az-eu-orszagaiba\/#breadcrumb"},"inLanguage":"hu","potentialAction":[{"@type":"ReadAction","target":["https:\/\/dodo-inflatables.com\/hu\/szallitas-az-eu-orszagaiba\/"]}]},{"@type":"ImageObject","inLanguage":"hu","@id":"https:\/\/dodo-inflatables.com\/hu\/szallitas-az-eu-orszagaiba\/#primaryimage","url":"https:\/\/dodo-inflatables.com\/wp-content\/uploads\/2022\/01\/seperator-kleiner-1024x102.png","contentUrl":"https:\/\/dodo-inflatables.com\/wp-content\/uploads\/2022\/01\/seperator-kleiner-1024x102.png"},{"@type":"BreadcrumbList","@id":"https:\/\/dodo-inflatables.com\/hu\/szallitas-az-eu-orszagaiba\/#breadcrumb","itemListElement":[{"@type":"ListItem","position":1,"name":"Kezd\u0151lap","item":"https:\/\/dodo-inflatables.com\/hu\/"},{"@type":"ListItem","position":2,"name":"Sz\u00e1ll\u00edt\u00e1s az EU orsz\u00e1gaiba"}]},{"@type":"WebSite","@id":"https:\/\/dodo-inflatables.com\/hu\/#website","url":"https:\/\/dodo-inflatables.com\/hu\/","name":"dodo-inflatables.com","description":"V\u00e1s\u00e1roljon ugr\u00e1l\u00f3v\u00e1rakat \u00e9s l\u00e1tnival\u00f3kat \u00fczlet\u00fcnkben.","publisher":{"@id":"https:\/\/dodo-inflatables.com\/hu\/#organization"},"potentialAction":[{"@type":"SearchAction","target":{"@type":"EntryPoint","urlTemplate":"https:\/\/dodo-inflatables.com\/hu\/?s={search_term_string}"},"query-input":{"@type":"PropertyValueSpecification","valueRequired":true,"valueName":"search_term_string"}}],"inLanguage":"hu"},{"@type":"Organization","@id":"https:\/\/dodo-inflatables.com\/hu\/#organization","name":"dodo-inflatables.com","url":"https:\/\/dodo-inflatables.com\/hu\/","logo":{"@type":"ImageObject","inLanguage":"hu","@id":"https:\/\/dodo-inflatables.com\/hu\/#\/schema\/logo\/image\/","url":"https:\/\/dodo-inflatables.com\/wp-content\/uploads\/2023\/04\/cropped-cropped-cropped-Dodo-Logo.png","contentUrl":"https:\/\/dodo-inflatables.com\/wp-content\/uploads\/2023\/04\/cropped-cropped-cropped-Dodo-Logo.png","width":2996,"height":1545,"caption":"dodo-inflatables.com"},"image":{"@id":"https:\/\/dodo-inflatables.com\/hu\/#\/schema\/logo\/image\/"}}]}},"uagb_featured_image_src":{"full":false,"thumbnail":false,"medium":false,"medium_large":false,"large":false,"1536x1536":false,"2048x2048":false,"woocommerce_thumbnail":false,"woocommerce_single":false,"woocommerce_gallery_thumbnail":false},"uagb_author_info":{"display_name":"Andreas","author_link":"https:\/\/dodo-inflatables.com\/hu\/author\/andreas\/"},"uagb_comment_info":0,"uagb_excerpt":"Sz\u00e1ll\u00edt\u00e1si k\u00f6lts\u00e9gek \u00e9s a nemzetk\u00f6zi sz\u00e1ll\u00edt\u00e1ssal kapcsolatos inform\u00e1ci\u00f3k Az ugr\u00e1l\u00f3v\u00e1rakat, cs\u00faszd\u00e1kat \u00e9s rendezv\u00e9nymodulokat raklapokra csomagolj\u00e1k, \u00e9s egy sz\u00e1ll\u00edtm\u00e1nyoz\u00f3 c\u00e9g sz\u00e1ll\u00edtja el. A fizet\u00e9s be\u00e9rkez\u00e9se ut\u00e1n az \u00e1rut ugyanazon vagy a k\u00f6vetkez\u0151 munkanapon elk\u00fcldj\u00fck. Az EU-n bel\u00fcli sz\u00e1ll\u00edt\u00e1s \u00e1ltal\u00e1ban 4-6 munkanapon bel\u00fcl t\u00f6rt\u00e9nik. Az olyan tartoz\u00e9kokat, mint a f\u00fav\u00f3k, DPD-vel vagy UPS-szel k\u00fcldj\u00fck. Rakt\u00e1runk M\u00fcnchenben, N\u00e9metorsz\u00e1gban&hellip;","_links":{"self":[{"href":"https:\/\/dodo-inflatables.com\/hu\/wp-json\/wp\/v2\/pages\/10992","targetHints":{"allow":["GET"]}}],"collection":[{"href":"https:\/\/dodo-inflatables.com\/hu\/wp-json\/wp\/v2\/pages"}],"about":[{"href":"https:\/\/dodo-inflatables.com\/hu\/wp-json\/wp\/v2\/types\/page"}],"author":[{"embeddable":true,"href":"https:\/\/dodo-inflatables.com\/hu\/wp-json\/wp\/v2\/users\/1"}],"replies":[{"embeddable":true,"href":"https:\/\/dodo-inflatables.com\/hu\/wp-json\/wp\/v2\/comments?post=10992"}],"version-history":[{"count":3,"href":"https:\/\/dodo-inflatables.com\/hu\/wp-json\/wp\/v2\/pages\/10992\/revisions"}],"predecessor-version":[{"id":38947,"href":"https:\/\/dodo-inflatables.com\/hu\/wp-json\/wp\/v2\/pages\/10992\/revisions\/38947"}],"wp:attachment":[{"href":"https:\/\/dodo-inflatables.com\/hu\/wp-json\/wp\/v2\/media?parent=10992"}],"curies":[{"name":"wp","href":"https:\/\/api.w.org\/{rel}","templated":true}]}}