{"id":11147,"date":"2024-03-05T16:37:16","date_gmt":"2024-03-05T15:37:16","guid":{"rendered":"https:\/\/dodo-inflatables.com\/osta-puhallettavia-liukumakia-ja-pomppulinnoja-suomeen\/"},"modified":"2024-07-10T13:54:47","modified_gmt":"2024-07-10T11:54:47","slug":"osta-puhallettavia-liukumakia-ja-pomppulinnoja-suomeen","status":"publish","type":"page","link":"https:\/\/dodo-inflatables.com\/hu\/osta-puhallettavia-liukumakia-ja-pomppulinnoja-suomeen\/","title":{"rendered":"Osta puhallettavia liukum\u00e4ki\u00e4 ja pomppulinnoja Suomeen"},"content":{"rendered":"\n<h2 class=\"wp-block-heading has-text-align-center\">Osta puhallettavia liukum\u00e4ki\u00e4 ja pomppulinnoja Suomeen<\/h2>\n\n<figure class=\"wp-block-image aligncenter size-large\"><a href=\"https:\/\/dodo-inflatables.com\/wp-content\/uploads\/2022\/01\/seperator-kleiner.png\"><img loading=\"lazy\" decoding=\"async\" width=\"1024\" height=\"102\" src=\"https:\/\/dodo-inflatables.com\/wp-content\/uploads\/2022\/01\/seperator-kleiner-1024x102.png\" alt=\"\" class=\"wp-image-4026\" srcset=\"https:\/\/dodo-inflatables.com\/wp-content\/uploads\/2022\/01\/seperator-kleiner-1024x102.png 1024w, https:\/\/dodo-inflatables.com\/wp-content\/uploads\/2022\/01\/seperator-kleiner-900x90.png 900w, https:\/\/dodo-inflatables.com\/wp-content\/uploads\/2022\/01\/seperator-kleiner-300x30.png 300w, https:\/\/dodo-inflatables.com\/wp-content\/uploads\/2022\/01\/seperator-kleiner-768x77.png 768w, https:\/\/dodo-inflatables.com\/wp-content\/uploads\/2022\/01\/seperator-kleiner-1536x154.png 1536w, https:\/\/dodo-inflatables.com\/wp-content\/uploads\/2022\/01\/seperator-kleiner-340x34.png 340w, https:\/\/dodo-inflatables.com\/wp-content\/uploads\/2022\/01\/seperator-kleiner.png 2000w\" sizes=\"auto, (max-width: 1024px) 100vw, 1024px\" \/><\/a><\/figure>\n\n<h3 class=\"wp-block-heading has-text-align-center\">Tervetuloa Dodo-Inflatables.comiin &#8211; puhallettavien liukum\u00e4kien verkkokauppaan Euroopassa!<\/h3>\n\n<p style=\"font-size:17px\">Tutustu laajaan valikoimaamme laadukkaita puhallettavia laitteita, puhallettavia linnoja ja liukum\u00e4ki\u00e4, amelyeket tuovat pienen lis\u00e4n mihin tahansa tilaisuuteen. Etsitp\u00e4 sitten suurta puhallettavaa yritystapahtumaan, pient\u00e4 puhallettavaa linnaa lasten syntym\u00e4p\u00e4iv\u00e4j\u00e4juhliin tai pomppulinnaa liukum\u00e4ell\u00e4 kes\u00e4juhliin &#8211; l\u00f6yd\u00e4t t\u00e4\u00e4lt\u00e4 taatusti jotain sopivaa!<\/p>\n\n<p style=\"font-size:17px\">Valikoimaamme kuuluu paitsi erilaisia pomppulinnoja, my\u00f6s laaja valikoima lis\u00e4varusteita, kuten Gibbonit ja Huawei-puhaltimet pomppulinnoille.<\/p>\n\n<p style=\"font-size:17px\">Pomppulinnan ja tarvikkeiden toimitus <strong>Suomeen maksaa 307,00 \u20ac<\/strong>. Paketti puhallettavia tarvikkeita maksaa 28,00 \u20ac. Jos puhallettava linna on varastossa, se l\u00e4hetet\u00e4\u00e4n sinulle heti maksun saatuasi. Toimitus Suomeen kest\u00e4\u00e4 n.  <strong>4-6 arkip\u00e4iv\u00e4\u00e4.<\/strong>  Pomppulinna on mahdollista noutaa itse varastostamme M\u00fcnchenist\u00e4, Saksasta.<\/p>\n\n<p style=\"font-size:17px\">Kaikki ilmat\u00e4ytteiset pomppulinnamme t\u00e4ytt\u00e4v\u00e4t<strong> DIN EN 14960<\/strong> -standardin tiukat turvallisuusvaatimukset ja soveltuvat yksityiseen \u00e9s kereskedelmi haszn\u00e1latra. Saat yksityiskohtaisen oppaan ja vastaavan todistuksen uudesta puhallettavasta linnusta, kun se on l\u00e4hetetty.<\/p>\n\n<p style=\"font-size:17px\">ALV-vapautus yrityksille! Jos ostat yrityksen\u00e4, sy\u00f6t\u00e4 kassalla alv-tunnisteesi, jotta voit tehd\u00e4 verovapaita ostoksia.<\/p>\n\n<p style=\"font-size:17px\">Olitpa sitten yksityishenkil\u00f6, joka etsii pomppulinnaa seuraaviin perhejuhliinsa, tai kaupallinen vuokraamo, amely szeretn\u00e9 laajentaa valikoimaansa, pomppulinnamme sopivat kaikille. Itse asiassa suurin osa asiakkaistamme kaikkialla Euroopassa on pomppulinnan vuokrausyrityksi\u00e4, amelyeket arvostavat tuotteitamme kaikenkokoisiin tapahtumiin.<\/p>\n\n<p style=\"font-size:17px\">Toivomme, ett\u00e4 nautit verkkokauppamme selaamisesta, ja vastaamme mielell\u00e4mme kaikkiin kysymyksiisi osoitteessa <a href=\"mailto:contact@dodo-inflatables.com\">contact@dodo-inflatables.com!<\/a><\/p>\n\n<div style=\"height:100px\" aria-hidden=\"true\" class=\"wp-block-spacer\"><\/div>\n","protected":false},"excerpt":{"rendered":"<p>Osta puhallettavia liukum\u00e4ki\u00e4 ja pomppulinnoja Suomeen Tervetuloa Dodo-Inflatables.comiin &#8211; puhallettavien liukum\u00e4kien verkkokauppaan Euroopassa! Tutustu laajaan valikoimaamme laadukkaita puhallettavia laitteita, puhallettavia linnoja ja liukum\u00e4ki\u00e4, amelyeket tuovat pienen lis\u00e4n mihin tahansa tilaisuuteen. Etsitp\u00e4 sitten suurta puhallettavaa yritystapahtumaan, pient\u00e4 puhallettavaa linnaa lasten syntym\u00e4p\u00e4iv\u00e4j\u00e4juhliin tai pomppulinnaa liukum\u00e4ell\u00e4 kes\u00e4juhliin &#8211; l\u00f6yd\u00e4t t\u00e4\u00e4lt\u00e4 taatusti jotain sopivaa! Valikoimaamme kuuluu paitsi erilaisia pomppulinnoja, [&hellip;]<\/p>\n","protected":false},"author":1,"featured_media":0,"parent":0,"menu_order":0,"comment_status":"closed","ping_status":"closed","template":"","meta":{"_acf_changed":false,"_uag_custom_page_level_css":"","site-sidebar-layout":"default","site-content-layout":"","ast-site-content-layout":"normal-width-container","site-content-style":"boxed","site-sidebar-style":"default","ast-global-header-display":"","ast-banner-title-visibility":"","ast-main-header-display":"","ast-hfb-above-header-display":"","ast-hfb-below-header-display":"","ast-hfb-mobile-header-display":"","site-post-title":"","ast-breadcrumbs-content":"","ast-featured-img":"","footer-sml-layout":"","ast-disable-related-posts":"","theme-transparent-header-meta":"","adv-header-id-meta":"4069","stick-header-meta":"","header-above-stick-meta":"","header-main-stick-meta":"","header-below-stick-meta":"","astra-migrate-meta-layouts":"default","ast-page-background-enabled":"default","ast-page-background-meta":{"desktop":{"background-color":"var(--ast-global-color-4)","background-image":"","background-repeat":"repeat","background-position":"center center","background-size":"auto","background-attachment":"scroll","background-type":"","background-media":"","overlay-type":"","overlay-color":"","overlay-opacity":"","overlay-gradient":""},"tablet":{"background-color":"","background-image":"","background-repeat":"repeat","background-position":"center center","background-size":"auto","background-attachment":"scroll","background-type":"","background-media":"","overlay-type":"","overlay-color":"","overlay-opacity":"","overlay-gradient":""},"mobile":{"background-color":"","background-image":"","background-repeat":"repeat","background-position":"center center","background-size":"auto","background-attachment":"scroll","background-type":"","background-media":"","overlay-type":"","overlay-color":"","overlay-opacity":"","overlay-gradient":""}},"ast-content-background-meta":{"desktop":{"background-color":"var(--ast-global-color-5)","background-image":"","background-repeat":"repeat","background-position":"center center","background-size":"auto","background-attachment":"scroll","background-type":"","background-media":"","overlay-type":"","overlay-color":"","overlay-opacity":"","overlay-gradient":""},"tablet":{"background-color":"var(--ast-global-color-5)","background-image":"","background-repeat":"repeat","background-position":"center center","background-size":"auto","background-attachment":"scroll","background-type":"","background-media":"","overlay-type":"","overlay-color":"","overlay-opacity":"","overlay-gradient":""},"mobile":{"background-color":"var(--ast-global-color-5)","background-image":"","background-repeat":"repeat","background-position":"center center","background-size":"auto","background-attachment":"scroll","background-type":"","background-media":"","overlay-type":"","overlay-color":"","overlay-opacity":"","overlay-gradient":""}},"footnotes":""},"class_list":["post-11147","page","type-page","status-publish","hentry"],"acf":[],"yoast_head":"<!-- This site is optimized with the Yoast SEO plugin v27.3 - https:\/\/yoast.com\/product\/yoast-seo-wordpress\/ -->\n<title>Osta puhallettavia liukum\u00e4ki\u00e4 ja pomppulinnoja Suomeen - dodo-inflatables.com<\/title>\n<meta name=\"robots\" content=\"index, follow, max-snippet:-1, max-image-preview:large, max-video-preview:-1\" \/>\n<link rel=\"canonical\" href=\"https:\/\/dodo-inflatables.com\/hu\/osta-puhallettavia-liukumakia-ja-pomppulinnoja-suomeen\/\" \/>\n<meta name=\"twitter:label1\" content=\"Becs\u00fclt olvas\u00e1si id\u0151\" \/>\n\t<meta name=\"twitter:data1\" content=\"1 perc\" \/>\n<script type=\"application\/ld+json\" class=\"yoast-schema-graph\">{\"@context\":\"https:\\\/\\\/schema.org\",\"@graph\":[{\"@type\":\"WebPage\",\"@id\":\"https:\\\/\\\/dodo-inflatables.com\\\/hu\\\/osta-puhallettavia-liukumakia-ja-pomppulinnoja-suomeen\\\/\",\"url\":\"https:\\\/\\\/dodo-inflatables.com\\\/hu\\\/osta-puhallettavia-liukumakia-ja-pomppulinnoja-suomeen\\\/\",\"name\":\"Osta puhallettavia liukum\u00e4ki\u00e4 ja pomppulinnoja Suomeen - dodo-inflatables.com\",\"isPartOf\":{\"@id\":\"https:\\\/\\\/dodo-inflatables.com\\\/hu\\\/#website\"},\"primaryImageOfPage\":{\"@id\":\"https:\\\/\\\/dodo-inflatables.com\\\/hu\\\/osta-puhallettavia-liukumakia-ja-pomppulinnoja-suomeen\\\/#primaryimage\"},\"image\":{\"@id\":\"https:\\\/\\\/dodo-inflatables.com\\\/hu\\\/osta-puhallettavia-liukumakia-ja-pomppulinnoja-suomeen\\\/#primaryimage\"},\"thumbnailUrl\":\"https:\\\/\\\/dodo-inflatables.com\\\/wp-content\\\/uploads\\\/2022\\\/01\\\/seperator-kleiner-1024x102.png\",\"datePublished\":\"2024-03-05T15:37:16+00:00\",\"dateModified\":\"2024-07-10T11:54:47+00:00\",\"breadcrumb\":{\"@id\":\"https:\\\/\\\/dodo-inflatables.com\\\/hu\\\/osta-puhallettavia-liukumakia-ja-pomppulinnoja-suomeen\\\/#breadcrumb\"},\"inLanguage\":\"hu\",\"potentialAction\":[{\"@type\":\"ReadAction\",\"target\":[\"https:\\\/\\\/dodo-inflatables.com\\\/hu\\\/osta-puhallettavia-liukumakia-ja-pomppulinnoja-suomeen\\\/\"]}]},{\"@type\":\"ImageObject\",\"inLanguage\":\"hu\",\"@id\":\"https:\\\/\\\/dodo-inflatables.com\\\/hu\\\/osta-puhallettavia-liukumakia-ja-pomppulinnoja-suomeen\\\/#primaryimage\",\"url\":\"https:\\\/\\\/dodo-inflatables.com\\\/wp-content\\\/uploads\\\/2022\\\/01\\\/seperator-kleiner-1024x102.png\",\"contentUrl\":\"https:\\\/\\\/dodo-inflatables.com\\\/wp-content\\\/uploads\\\/2022\\\/01\\\/seperator-kleiner-1024x102.png\"},{\"@type\":\"BreadcrumbList\",\"@id\":\"https:\\\/\\\/dodo-inflatables.com\\\/hu\\\/osta-puhallettavia-liukumakia-ja-pomppulinnoja-suomeen\\\/#breadcrumb\",\"itemListElement\":[{\"@type\":\"ListItem\",\"position\":1,\"name\":\"Kezd\u0151lap\",\"item\":\"https:\\\/\\\/dodo-inflatables.com\\\/hu\\\/\"},{\"@type\":\"ListItem\",\"position\":2,\"name\":\"Osta puhallettavia liukum\u00e4ki\u00e4 ja pomppulinnoja Suomeen\"}]},{\"@type\":\"WebSite\",\"@id\":\"https:\\\/\\\/dodo-inflatables.com\\\/hu\\\/#website\",\"url\":\"https:\\\/\\\/dodo-inflatables.com\\\/hu\\\/\",\"name\":\"dodo-inflatables.com\",\"description\":\"V\u00e1s\u00e1roljon ugr\u00e1l\u00f3v\u00e1rakat \u00e9s l\u00e1tnival\u00f3kat \u00fczlet\u00fcnkben.\",\"publisher\":{\"@id\":\"https:\\\/\\\/dodo-inflatables.com\\\/hu\\\/#organization\"},\"potentialAction\":[{\"@type\":\"SearchAction\",\"target\":{\"@type\":\"EntryPoint\",\"urlTemplate\":\"https:\\\/\\\/dodo-inflatables.com\\\/hu\\\/?s={search_term_string}\"},\"query-input\":{\"@type\":\"PropertyValueSpecification\",\"valueRequired\":true,\"valueName\":\"search_term_string\"}}],\"inLanguage\":\"hu\"},{\"@type\":\"Organization\",\"@id\":\"https:\\\/\\\/dodo-inflatables.com\\\/hu\\\/#organization\",\"name\":\"dodo-inflatables.com\",\"url\":\"https:\\\/\\\/dodo-inflatables.com\\\/hu\\\/\",\"logo\":{\"@type\":\"ImageObject\",\"inLanguage\":\"hu\",\"@id\":\"https:\\\/\\\/dodo-inflatables.com\\\/hu\\\/#\\\/schema\\\/logo\\\/image\\\/\",\"url\":\"https:\\\/\\\/dodo-inflatables.com\\\/wp-content\\\/uploads\\\/2023\\\/04\\\/cropped-cropped-cropped-Dodo-Logo.png\",\"contentUrl\":\"https:\\\/\\\/dodo-inflatables.com\\\/wp-content\\\/uploads\\\/2023\\\/04\\\/cropped-cropped-cropped-Dodo-Logo.png\",\"width\":2996,\"height\":1545,\"caption\":\"dodo-inflatables.com\"},\"image\":{\"@id\":\"https:\\\/\\\/dodo-inflatables.com\\\/hu\\\/#\\\/schema\\\/logo\\\/image\\\/\"}}]}<\/script>\n<!-- \/ Yoast SEO plugin. -->","yoast_head_json":{"title":"Osta puhallettavia liukum\u00e4ki\u00e4 ja pomppulinnoja Suomeen - dodo-inflatables.com","robots":{"index":"index","follow":"follow","max-snippet":"max-snippet:-1","max-image-preview":"max-image-preview:large","max-video-preview":"max-video-preview:-1"},"canonical":"https:\/\/dodo-inflatables.com\/hu\/osta-puhallettavia-liukumakia-ja-pomppulinnoja-suomeen\/","twitter_misc":{"Becs\u00fclt olvas\u00e1si id\u0151":"1 perc"},"schema":{"@context":"https:\/\/schema.org","@graph":[{"@type":"WebPage","@id":"https:\/\/dodo-inflatables.com\/hu\/osta-puhallettavia-liukumakia-ja-pomppulinnoja-suomeen\/","url":"https:\/\/dodo-inflatables.com\/hu\/osta-puhallettavia-liukumakia-ja-pomppulinnoja-suomeen\/","name":"Osta puhallettavia liukum\u00e4ki\u00e4 ja pomppulinnoja Suomeen - dodo-inflatables.com","isPartOf":{"@id":"https:\/\/dodo-inflatables.com\/hu\/#website"},"primaryImageOfPage":{"@id":"https:\/\/dodo-inflatables.com\/hu\/osta-puhallettavia-liukumakia-ja-pomppulinnoja-suomeen\/#primaryimage"},"image":{"@id":"https:\/\/dodo-inflatables.com\/hu\/osta-puhallettavia-liukumakia-ja-pomppulinnoja-suomeen\/#primaryimage"},"thumbnailUrl":"https:\/\/dodo-inflatables.com\/wp-content\/uploads\/2022\/01\/seperator-kleiner-1024x102.png","datePublished":"2024-03-05T15:37:16+00:00","dateModified":"2024-07-10T11:54:47+00:00","breadcrumb":{"@id":"https:\/\/dodo-inflatables.com\/hu\/osta-puhallettavia-liukumakia-ja-pomppulinnoja-suomeen\/#breadcrumb"},"inLanguage":"hu","potentialAction":[{"@type":"ReadAction","target":["https:\/\/dodo-inflatables.com\/hu\/osta-puhallettavia-liukumakia-ja-pomppulinnoja-suomeen\/"]}]},{"@type":"ImageObject","inLanguage":"hu","@id":"https:\/\/dodo-inflatables.com\/hu\/osta-puhallettavia-liukumakia-ja-pomppulinnoja-suomeen\/#primaryimage","url":"https:\/\/dodo-inflatables.com\/wp-content\/uploads\/2022\/01\/seperator-kleiner-1024x102.png","contentUrl":"https:\/\/dodo-inflatables.com\/wp-content\/uploads\/2022\/01\/seperator-kleiner-1024x102.png"},{"@type":"BreadcrumbList","@id":"https:\/\/dodo-inflatables.com\/hu\/osta-puhallettavia-liukumakia-ja-pomppulinnoja-suomeen\/#breadcrumb","itemListElement":[{"@type":"ListItem","position":1,"name":"Kezd\u0151lap","item":"https:\/\/dodo-inflatables.com\/hu\/"},{"@type":"ListItem","position":2,"name":"Osta puhallettavia liukum\u00e4ki\u00e4 ja pomppulinnoja Suomeen"}]},{"@type":"WebSite","@id":"https:\/\/dodo-inflatables.com\/hu\/#website","url":"https:\/\/dodo-inflatables.com\/hu\/","name":"dodo-inflatables.com","description":"V\u00e1s\u00e1roljon ugr\u00e1l\u00f3v\u00e1rakat \u00e9s l\u00e1tnival\u00f3kat \u00fczlet\u00fcnkben.","publisher":{"@id":"https:\/\/dodo-inflatables.com\/hu\/#organization"},"potentialAction":[{"@type":"SearchAction","target":{"@type":"EntryPoint","urlTemplate":"https:\/\/dodo-inflatables.com\/hu\/?s={search_term_string}"},"query-input":{"@type":"PropertyValueSpecification","valueRequired":true,"valueName":"search_term_string"}}],"inLanguage":"hu"},{"@type":"Organization","@id":"https:\/\/dodo-inflatables.com\/hu\/#organization","name":"dodo-inflatables.com","url":"https:\/\/dodo-inflatables.com\/hu\/","logo":{"@type":"ImageObject","inLanguage":"hu","@id":"https:\/\/dodo-inflatables.com\/hu\/#\/schema\/logo\/image\/","url":"https:\/\/dodo-inflatables.com\/wp-content\/uploads\/2023\/04\/cropped-cropped-cropped-Dodo-Logo.png","contentUrl":"https:\/\/dodo-inflatables.com\/wp-content\/uploads\/2023\/04\/cropped-cropped-cropped-Dodo-Logo.png","width":2996,"height":1545,"caption":"dodo-inflatables.com"},"image":{"@id":"https:\/\/dodo-inflatables.com\/hu\/#\/schema\/logo\/image\/"}}]}},"uagb_featured_image_src":{"full":false,"thumbnail":false,"medium":false,"medium_large":false,"large":false,"1536x1536":false,"2048x2048":false,"woocommerce_thumbnail":false,"woocommerce_single":false,"woocommerce_gallery_thumbnail":false},"uagb_author_info":{"display_name":"Andreas","author_link":"https:\/\/dodo-inflatables.com\/hu\/author\/andreas\/"},"uagb_comment_info":0,"uagb_excerpt":"Osta puhallettavia liukum\u00e4ki\u00e4 ja pomppulinnoja Suomeen Tervetuloa Dodo-Inflatables.comiin &#8211; puhallettavien liukum\u00e4kien verkkokauppaan Euroopassa! Tutustu laajaan valikoimaamme laadukkaita puhallettavia laitteita, puhallettavia linnoja ja liukum\u00e4ki\u00e4, amelyeket tuovat pienen lis\u00e4n mihin tahansa tilaisuuteen. Etsitp\u00e4 sitten suurta puhallettavaa yritystapahtumaan, pient\u00e4 puhallettavaa linnaa lasten syntym\u00e4p\u00e4iv\u00e4j\u00e4juhliin tai pomppulinnaa liukum\u00e4ell\u00e4 kes\u00e4juhliin &#8211; l\u00f6yd\u00e4t t\u00e4\u00e4lt\u00e4 taatusti jotain sopivaa! Valikoimaamme kuuluu paitsi erilaisia pomppulinnoja,&hellip;","_links":{"self":[{"href":"https:\/\/dodo-inflatables.com\/hu\/wp-json\/wp\/v2\/pages\/11147","targetHints":{"allow":["GET"]}}],"collection":[{"href":"https:\/\/dodo-inflatables.com\/hu\/wp-json\/wp\/v2\/pages"}],"about":[{"href":"https:\/\/dodo-inflatables.com\/hu\/wp-json\/wp\/v2\/types\/page"}],"author":[{"embeddable":true,"href":"https:\/\/dodo-inflatables.com\/hu\/wp-json\/wp\/v2\/users\/1"}],"replies":[{"embeddable":true,"href":"https:\/\/dodo-inflatables.com\/hu\/wp-json\/wp\/v2\/comments?post=11147"}],"version-history":[{"count":2,"href":"https:\/\/dodo-inflatables.com\/hu\/wp-json\/wp\/v2\/pages\/11147\/revisions"}],"predecessor-version":[{"id":11149,"href":"https:\/\/dodo-inflatables.com\/hu\/wp-json\/wp\/v2\/pages\/11147\/revisions\/11149"}],"wp:attachment":[{"href":"https:\/\/dodo-inflatables.com\/hu\/wp-json\/wp\/v2\/media?parent=11147"}],"curies":[{"name":"wp","href":"https:\/\/api.w.org\/{rel}","templated":true}]}}