{"id":11166,"date":"2024-03-05T15:56:42","date_gmt":"2024-03-05T14:56:42","guid":{"rendered":"https:\/\/dodo-inflatables.com\/opblaasbare-glijbanen-en-springkastelen-kopen-in-nederland\/"},"modified":"2024-07-10T13:54:06","modified_gmt":"2024-07-10T11:54:06","slug":"opblaasbare-glijbanen-en-springkastelen-kopen-in-nederland","status":"publish","type":"page","link":"https:\/\/dodo-inflatables.com\/hu\/opblaasbare-glijbanen-en-springkastelen-kopen-in-nederland\/","title":{"rendered":"Opblaasbare glijbanen en springkastelen kopen in Nederland"},"content":{"rendered":"\n<h2 class=\"wp-block-heading has-text-align-center\">Opblaasbare glijbanen en springkastelen kopen in Nederland<\/h2>\n\n<figure class=\"wp-block-image aligncenter size-large\"><a href=\"https:\/\/dodo-inflatables.com\/wp-content\/uploads\/2022\/01\/seperator-kleiner.png\"><img loading=\"lazy\" decoding=\"async\" width=\"1024\" height=\"102\" src=\"https:\/\/dodo-inflatables.com\/wp-content\/uploads\/2022\/01\/seperator-kleiner-1024x102.png\" alt=\"\" class=\"wp-image-4026\" srcset=\"https:\/\/dodo-inflatables.com\/wp-content\/uploads\/2022\/01\/seperator-kleiner-1024x102.png 1024w, https:\/\/dodo-inflatables.com\/wp-content\/uploads\/2022\/01\/seperator-kleiner-900x90.png 900w, https:\/\/dodo-inflatables.com\/wp-content\/uploads\/2022\/01\/seperator-kleiner-300x30.png 300w, https:\/\/dodo-inflatables.com\/wp-content\/uploads\/2022\/01\/seperator-kleiner-768x77.png 768w, https:\/\/dodo-inflatables.com\/wp-content\/uploads\/2022\/01\/seperator-kleiner-1536x154.png 1536w, https:\/\/dodo-inflatables.com\/wp-content\/uploads\/2022\/01\/seperator-kleiner-340x34.png 340w, https:\/\/dodo-inflatables.com\/wp-content\/uploads\/2022\/01\/seperator-kleiner.png 2000w\" sizes=\"auto, (max-width: 1024px) 100vw, 1024px\" \/><\/a><\/figure>\n\n<h3 class=\"wp-block-heading has-text-align-center\">\u00dcdv\u00f6z\u00f6lj\u00fck a Dodo-Inflatables.com &#8211; online v\u00e1s\u00e1rl\u00e1si lehet\u0151s\u00e9g az eur\u00f3pai piacon!<\/h3>\n\n<p style=\"font-size:17px\">Dompel jezelf onder onze uitgebreide selectie van hoge kwaliteit inflatables, <a href=\"https:\/\/dodo-inflatables.com\/hu\/termekkategoria\/bouncy-varak\/\">opblaasbare kastelen<\/a> en <a href=\"https:\/\/dodo-inflatables.com\/hu\/termekkategoria\/slides-hu\/\">glijbanen<\/a> die net dat beetje extra toevoegen aan elke gelegenheid. Of je nu op zoek bent naar een grote inflatable for een bedrijfsevenement, een klein springkasteel voor een kinderfeestje of een springkussen met glijbaan voor een zomerfeest &#8211; je vindt here gegarandeerd iets passends!<\/p>\n\n<p style=\"font-size:17px\">A v\u00e1laszt\u00e9kban nem csak egy sokf\u00e9le rug\u00f3start\u00f3, hanem egy sokf\u00e9le <a href=\"https:\/\/dodo-inflatables.com\/hu\/termekkategoria\/kiegeszitok\/\">kieg\u00e9sz\u00edt\u0151<\/a>, p\u00e9ld\u00e1ul <a href=\"https:\/\/dodo-inflatables.com\/hu\/termek\/gibbons-fuvo-fp5005-1-5ps\/\" data-type=\"product\" data-id=\"81\">Gibbons<\/a> \u00e9s <a href=\"https:\/\/dodo-inflatables.com\/hu\/termek\/huawei-fuvo-reh-1-5e-1-5ps\/\" data-type=\"product\" data-id=\"2724\">Huawei<\/a> f\u00fav\u00f3k\u00e1k a rug\u00f3start\u00f3hoz.<\/p>\n\n<p style=\"font-size:17px\">A rug\u00f3k \u00e9s tartoz\u00e9kok beszerz\u00e9se <strong>Hollandi\u00e1ban 148,00 \u20acba ker\u00fcl<\/strong>. Een pakket opblaasbare accessoires kost \u20ac19,00. Ha a rug\u00f3sz\u00e1rnyak a kezel\u0151ben vannak, akkor k\u00f6zvetlen\u00fcl a betonoz\u00e1s ut\u00e1n k\u00f6zvetlen\u00fcl hozz\u00e1d k\u00fcldj\u00fck. Levering in Nederland duurt ongeveer <strong>4 &#8211; 6 werkdagen<\/strong>. A m\u00fcncheni magazinn\u00e1l, Duitslandban tal\u00e1lhat\u00f3 magazinunkban a tavaszi szezon\u00e1lis megjelen\u00e9s mag\u00e1t\u00f3l \u00e9rtet\u0151d\u0151en megt\u00f6rt\u00e9nik.<\/p>\n\n<p style=\"font-size:17px\">Minden rug\u00f3stag megfelel a <strong>DIN EN 14960<\/strong> szabv\u00e1ny szigor\u00fa v\u00e9detts\u00e9gi norm\u00e1inak, \u00e9s egyedi \u00e9s kereskedelmi haszn\u00e1latra k\u00e9sz\u00fclt. \u00d6n egy r\u00e9szletesebb kezel\u00e9st \u00e9s egy kieg\u00e9sz\u00edt\u0151 tan\u00fas\u00edtv\u00e1nyt kap az \u00faj rug\u00f3stagj\u00e1hoz, amennyiben ez megt\u00f6rt\u00e9nt.<\/p>\n\n<p style=\"font-size:17px\">BTW-vrijstelling voor bedrijven! Als je als bedrijf koopt, voer dan je btw-identificatienummer in bij de kassa om belastingvrij te kopen.<\/p>\n\n<p style=\"font-size:17px\">Ha \u00d6n most mag\u00e1nemberk\u00e9nt egy rug\u00f3s kocsit keres a csal\u00e1dja sz\u00e1m\u00e1ra, vagy ha kereskedelmi v\u00e1llalkoz\u00e1sk\u00e9nt a v\u00e1laszt\u00e9k\u00e1t szeretn\u00e9 b\u0151v\u00edteni, a rug\u00f3s kocsik mindenki sz\u00e1m\u00e1ra el\u00e9rhet\u0151ek. A feite zijn de meeste van onze klanten in heel Europa springkasteelverhuurbedrijven die onze producten waarderen for evenementen van all groottes.<\/p>\n\n<p style=\"font-size:17px\">We wensen u veel plezier bij het bekijken vanze online winkel en beantwoorden graag all uw vragen op contact@dodo-inflatables.com!<\/p>\n\n<div style=\"height:100px\" aria-hidden=\"true\" class=\"wp-block-spacer\"><\/div>\n","protected":false},"excerpt":{"rendered":"<p>Opblaasbare glijbanen en springkastelen kopen in Nederland \u00dcdv\u00f6z\u00f6lj\u00fck a Dodo-Inflatables.com &#8211; online v\u00e1s\u00e1rl\u00e1si lehet\u0151s\u00e9g az eur\u00f3pai piacon! Dompel jezelf onder onze uitgebreide selectie van hoge kwaliteit inflatables, opblaasbare kastelen en glijbanen die net dat beetje extra toevoegen aan elke gelegenheid. Of je nu op zoek bent naar een grote inflatable for een bedrijfsevenement, een klein [&hellip;]<\/p>\n","protected":false},"author":1,"featured_media":0,"parent":0,"menu_order":0,"comment_status":"closed","ping_status":"closed","template":"","meta":{"_acf_changed":false,"_uag_custom_page_level_css":"","site-sidebar-layout":"default","site-content-layout":"","ast-site-content-layout":"normal-width-container","site-content-style":"boxed","site-sidebar-style":"default","ast-global-header-display":"","ast-banner-title-visibility":"","ast-main-header-display":"","ast-hfb-above-header-display":"","ast-hfb-below-header-display":"","ast-hfb-mobile-header-display":"","site-post-title":"","ast-breadcrumbs-content":"","ast-featured-img":"","footer-sml-layout":"","ast-disable-related-posts":"","theme-transparent-header-meta":"","adv-header-id-meta":"4069","stick-header-meta":"","header-above-stick-meta":"","header-main-stick-meta":"","header-below-stick-meta":"","astra-migrate-meta-layouts":"default","ast-page-background-enabled":"default","ast-page-background-meta":{"desktop":{"background-color":"var(--ast-global-color-4)","background-image":"","background-repeat":"repeat","background-position":"center center","background-size":"auto","background-attachment":"scroll","background-type":"","background-media":"","overlay-type":"","overlay-color":"","overlay-opacity":"","overlay-gradient":""},"tablet":{"background-color":"","background-image":"","background-repeat":"repeat","background-position":"center center","background-size":"auto","background-attachment":"scroll","background-type":"","background-media":"","overlay-type":"","overlay-color":"","overlay-opacity":"","overlay-gradient":""},"mobile":{"background-color":"","background-image":"","background-repeat":"repeat","background-position":"center center","background-size":"auto","background-attachment":"scroll","background-type":"","background-media":"","overlay-type":"","overlay-color":"","overlay-opacity":"","overlay-gradient":""}},"ast-content-background-meta":{"desktop":{"background-color":"var(--ast-global-color-5)","background-image":"","background-repeat":"repeat","background-position":"center center","background-size":"auto","background-attachment":"scroll","background-type":"","background-media":"","overlay-type":"","overlay-color":"","overlay-opacity":"","overlay-gradient":""},"tablet":{"background-color":"var(--ast-global-color-5)","background-image":"","background-repeat":"repeat","background-position":"center center","background-size":"auto","background-attachment":"scroll","background-type":"","background-media":"","overlay-type":"","overlay-color":"","overlay-opacity":"","overlay-gradient":""},"mobile":{"background-color":"var(--ast-global-color-5)","background-image":"","background-repeat":"repeat","background-position":"center center","background-size":"auto","background-attachment":"scroll","background-type":"","background-media":"","overlay-type":"","overlay-color":"","overlay-opacity":"","overlay-gradient":""}},"footnotes":""},"class_list":["post-11166","page","type-page","status-publish","hentry"],"acf":[],"yoast_head":"<!-- This site is optimized with the Yoast SEO plugin v27.4 - https:\/\/yoast.com\/product\/yoast-seo-wordpress\/ -->\n<title>Opblaasbare glijbanen en springkastelen kopen in Nederland - dodo-inflatables.com<\/title>\n<meta name=\"robots\" content=\"index, follow, max-snippet:-1, max-image-preview:large, max-video-preview:-1\" \/>\n<link rel=\"canonical\" href=\"https:\/\/dodo-inflatables.com\/hu\/opblaasbare-glijbanen-en-springkastelen-kopen-in-nederland\/\" \/>\n<meta name=\"twitter:label1\" content=\"Becs\u00fclt olvas\u00e1si id\u0151\" \/>\n\t<meta name=\"twitter:data1\" content=\"2 perc\" \/>\n<script type=\"application\/ld+json\" class=\"yoast-schema-graph\">{\"@context\":\"https:\\\/\\\/schema.org\",\"@graph\":[{\"@type\":\"WebPage\",\"@id\":\"https:\\\/\\\/dodo-inflatables.com\\\/hu\\\/opblaasbare-glijbanen-en-springkastelen-kopen-in-nederland\\\/\",\"url\":\"https:\\\/\\\/dodo-inflatables.com\\\/hu\\\/opblaasbare-glijbanen-en-springkastelen-kopen-in-nederland\\\/\",\"name\":\"Opblaasbare glijbanen en springkastelen kopen in Nederland - dodo-inflatables.com\",\"isPartOf\":{\"@id\":\"https:\\\/\\\/dodo-inflatables.com\\\/hu\\\/#website\"},\"primaryImageOfPage\":{\"@id\":\"https:\\\/\\\/dodo-inflatables.com\\\/hu\\\/opblaasbare-glijbanen-en-springkastelen-kopen-in-nederland\\\/#primaryimage\"},\"image\":{\"@id\":\"https:\\\/\\\/dodo-inflatables.com\\\/hu\\\/opblaasbare-glijbanen-en-springkastelen-kopen-in-nederland\\\/#primaryimage\"},\"thumbnailUrl\":\"https:\\\/\\\/dodo-inflatables.com\\\/wp-content\\\/uploads\\\/2022\\\/01\\\/seperator-kleiner-1024x102.png\",\"datePublished\":\"2024-03-05T14:56:42+00:00\",\"dateModified\":\"2024-07-10T11:54:06+00:00\",\"breadcrumb\":{\"@id\":\"https:\\\/\\\/dodo-inflatables.com\\\/hu\\\/opblaasbare-glijbanen-en-springkastelen-kopen-in-nederland\\\/#breadcrumb\"},\"inLanguage\":\"hu\",\"potentialAction\":[{\"@type\":\"ReadAction\",\"target\":[\"https:\\\/\\\/dodo-inflatables.com\\\/hu\\\/opblaasbare-glijbanen-en-springkastelen-kopen-in-nederland\\\/\"]}]},{\"@type\":\"ImageObject\",\"inLanguage\":\"hu\",\"@id\":\"https:\\\/\\\/dodo-inflatables.com\\\/hu\\\/opblaasbare-glijbanen-en-springkastelen-kopen-in-nederland\\\/#primaryimage\",\"url\":\"https:\\\/\\\/dodo-inflatables.com\\\/wp-content\\\/uploads\\\/2022\\\/01\\\/seperator-kleiner-1024x102.png\",\"contentUrl\":\"https:\\\/\\\/dodo-inflatables.com\\\/wp-content\\\/uploads\\\/2022\\\/01\\\/seperator-kleiner-1024x102.png\"},{\"@type\":\"BreadcrumbList\",\"@id\":\"https:\\\/\\\/dodo-inflatables.com\\\/hu\\\/opblaasbare-glijbanen-en-springkastelen-kopen-in-nederland\\\/#breadcrumb\",\"itemListElement\":[{\"@type\":\"ListItem\",\"position\":1,\"name\":\"Kezd\u0151lap\",\"item\":\"https:\\\/\\\/dodo-inflatables.com\\\/hu\\\/\"},{\"@type\":\"ListItem\",\"position\":2,\"name\":\"Opblaasbare glijbanen en springkastelen kopen in Nederland\"}]},{\"@type\":\"WebSite\",\"@id\":\"https:\\\/\\\/dodo-inflatables.com\\\/hu\\\/#website\",\"url\":\"https:\\\/\\\/dodo-inflatables.com\\\/hu\\\/\",\"name\":\"dodo-inflatables.com\",\"description\":\"V\u00e1s\u00e1roljon ugr\u00e1l\u00f3v\u00e1rakat \u00e9s l\u00e1tnival\u00f3kat \u00fczlet\u00fcnkben.\",\"publisher\":{\"@id\":\"https:\\\/\\\/dodo-inflatables.com\\\/hu\\\/#organization\"},\"potentialAction\":[{\"@type\":\"SearchAction\",\"target\":{\"@type\":\"EntryPoint\",\"urlTemplate\":\"https:\\\/\\\/dodo-inflatables.com\\\/hu\\\/?s={search_term_string}\"},\"query-input\":{\"@type\":\"PropertyValueSpecification\",\"valueRequired\":true,\"valueName\":\"search_term_string\"}}],\"inLanguage\":\"hu\"},{\"@type\":\"Organization\",\"@id\":\"https:\\\/\\\/dodo-inflatables.com\\\/hu\\\/#organization\",\"name\":\"dodo-inflatables.com\",\"url\":\"https:\\\/\\\/dodo-inflatables.com\\\/hu\\\/\",\"logo\":{\"@type\":\"ImageObject\",\"inLanguage\":\"hu\",\"@id\":\"https:\\\/\\\/dodo-inflatables.com\\\/hu\\\/#\\\/schema\\\/logo\\\/image\\\/\",\"url\":\"https:\\\/\\\/dodo-inflatables.com\\\/wp-content\\\/uploads\\\/2023\\\/04\\\/cropped-cropped-cropped-Dodo-Logo.png\",\"contentUrl\":\"https:\\\/\\\/dodo-inflatables.com\\\/wp-content\\\/uploads\\\/2023\\\/04\\\/cropped-cropped-cropped-Dodo-Logo.png\",\"width\":2996,\"height\":1545,\"caption\":\"dodo-inflatables.com\"},\"image\":{\"@id\":\"https:\\\/\\\/dodo-inflatables.com\\\/hu\\\/#\\\/schema\\\/logo\\\/image\\\/\"}}]}<\/script>\n<!-- \/ Yoast SEO plugin. -->","yoast_head_json":{"title":"Opblaasbare glijbanen en springkastelen kopen in Nederland - dodo-inflatables.com","robots":{"index":"index","follow":"follow","max-snippet":"max-snippet:-1","max-image-preview":"max-image-preview:large","max-video-preview":"max-video-preview:-1"},"canonical":"https:\/\/dodo-inflatables.com\/hu\/opblaasbare-glijbanen-en-springkastelen-kopen-in-nederland\/","twitter_misc":{"Becs\u00fclt olvas\u00e1si id\u0151":"2 perc"},"schema":{"@context":"https:\/\/schema.org","@graph":[{"@type":"WebPage","@id":"https:\/\/dodo-inflatables.com\/hu\/opblaasbare-glijbanen-en-springkastelen-kopen-in-nederland\/","url":"https:\/\/dodo-inflatables.com\/hu\/opblaasbare-glijbanen-en-springkastelen-kopen-in-nederland\/","name":"Opblaasbare glijbanen en springkastelen kopen in Nederland - dodo-inflatables.com","isPartOf":{"@id":"https:\/\/dodo-inflatables.com\/hu\/#website"},"primaryImageOfPage":{"@id":"https:\/\/dodo-inflatables.com\/hu\/opblaasbare-glijbanen-en-springkastelen-kopen-in-nederland\/#primaryimage"},"image":{"@id":"https:\/\/dodo-inflatables.com\/hu\/opblaasbare-glijbanen-en-springkastelen-kopen-in-nederland\/#primaryimage"},"thumbnailUrl":"https:\/\/dodo-inflatables.com\/wp-content\/uploads\/2022\/01\/seperator-kleiner-1024x102.png","datePublished":"2024-03-05T14:56:42+00:00","dateModified":"2024-07-10T11:54:06+00:00","breadcrumb":{"@id":"https:\/\/dodo-inflatables.com\/hu\/opblaasbare-glijbanen-en-springkastelen-kopen-in-nederland\/#breadcrumb"},"inLanguage":"hu","potentialAction":[{"@type":"ReadAction","target":["https:\/\/dodo-inflatables.com\/hu\/opblaasbare-glijbanen-en-springkastelen-kopen-in-nederland\/"]}]},{"@type":"ImageObject","inLanguage":"hu","@id":"https:\/\/dodo-inflatables.com\/hu\/opblaasbare-glijbanen-en-springkastelen-kopen-in-nederland\/#primaryimage","url":"https:\/\/dodo-inflatables.com\/wp-content\/uploads\/2022\/01\/seperator-kleiner-1024x102.png","contentUrl":"https:\/\/dodo-inflatables.com\/wp-content\/uploads\/2022\/01\/seperator-kleiner-1024x102.png"},{"@type":"BreadcrumbList","@id":"https:\/\/dodo-inflatables.com\/hu\/opblaasbare-glijbanen-en-springkastelen-kopen-in-nederland\/#breadcrumb","itemListElement":[{"@type":"ListItem","position":1,"name":"Kezd\u0151lap","item":"https:\/\/dodo-inflatables.com\/hu\/"},{"@type":"ListItem","position":2,"name":"Opblaasbare glijbanen en springkastelen kopen in Nederland"}]},{"@type":"WebSite","@id":"https:\/\/dodo-inflatables.com\/hu\/#website","url":"https:\/\/dodo-inflatables.com\/hu\/","name":"dodo-inflatables.com","description":"V\u00e1s\u00e1roljon ugr\u00e1l\u00f3v\u00e1rakat \u00e9s l\u00e1tnival\u00f3kat \u00fczlet\u00fcnkben.","publisher":{"@id":"https:\/\/dodo-inflatables.com\/hu\/#organization"},"potentialAction":[{"@type":"SearchAction","target":{"@type":"EntryPoint","urlTemplate":"https:\/\/dodo-inflatables.com\/hu\/?s={search_term_string}"},"query-input":{"@type":"PropertyValueSpecification","valueRequired":true,"valueName":"search_term_string"}}],"inLanguage":"hu"},{"@type":"Organization","@id":"https:\/\/dodo-inflatables.com\/hu\/#organization","name":"dodo-inflatables.com","url":"https:\/\/dodo-inflatables.com\/hu\/","logo":{"@type":"ImageObject","inLanguage":"hu","@id":"https:\/\/dodo-inflatables.com\/hu\/#\/schema\/logo\/image\/","url":"https:\/\/dodo-inflatables.com\/wp-content\/uploads\/2023\/04\/cropped-cropped-cropped-Dodo-Logo.png","contentUrl":"https:\/\/dodo-inflatables.com\/wp-content\/uploads\/2023\/04\/cropped-cropped-cropped-Dodo-Logo.png","width":2996,"height":1545,"caption":"dodo-inflatables.com"},"image":{"@id":"https:\/\/dodo-inflatables.com\/hu\/#\/schema\/logo\/image\/"}}]}},"uagb_featured_image_src":{"full":false,"thumbnail":false,"medium":false,"medium_large":false,"large":false,"1536x1536":false,"2048x2048":false,"woocommerce_thumbnail":false,"woocommerce_single":false,"woocommerce_gallery_thumbnail":false},"uagb_author_info":{"display_name":"Andreas","author_link":"https:\/\/dodo-inflatables.com\/hu\/author\/andreas\/"},"uagb_comment_info":0,"uagb_excerpt":"Opblaasbare glijbanen en springkastelen kopen in Nederland \u00dcdv\u00f6z\u00f6lj\u00fck a Dodo-Inflatables.com &#8211; online v\u00e1s\u00e1rl\u00e1si lehet\u0151s\u00e9g az eur\u00f3pai piacon! Dompel jezelf onder onze uitgebreide selectie van hoge kwaliteit inflatables, opblaasbare kastelen en glijbanen die net dat beetje extra toevoegen aan elke gelegenheid. Of je nu op zoek bent naar een grote inflatable for een bedrijfsevenement, een klein&hellip;","_links":{"self":[{"href":"https:\/\/dodo-inflatables.com\/hu\/wp-json\/wp\/v2\/pages\/11166","targetHints":{"allow":["GET"]}}],"collection":[{"href":"https:\/\/dodo-inflatables.com\/hu\/wp-json\/wp\/v2\/pages"}],"about":[{"href":"https:\/\/dodo-inflatables.com\/hu\/wp-json\/wp\/v2\/types\/page"}],"author":[{"embeddable":true,"href":"https:\/\/dodo-inflatables.com\/hu\/wp-json\/wp\/v2\/users\/1"}],"replies":[{"embeddable":true,"href":"https:\/\/dodo-inflatables.com\/hu\/wp-json\/wp\/v2\/comments?post=11166"}],"version-history":[{"count":4,"href":"https:\/\/dodo-inflatables.com\/hu\/wp-json\/wp\/v2\/pages\/11166\/revisions"}],"predecessor-version":[{"id":16420,"href":"https:\/\/dodo-inflatables.com\/hu\/wp-json\/wp\/v2\/pages\/11166\/revisions\/16420"}],"wp:attachment":[{"href":"https:\/\/dodo-inflatables.com\/hu\/wp-json\/wp\/v2\/media?parent=11166"}],"curies":[{"name":"wp","href":"https:\/\/api.w.org\/{rel}","templated":true}]}}