{"id":11266,"date":"2024-03-01T20:02:30","date_gmt":"2024-03-01T19:02:30","guid":{"rendered":"https:\/\/dodo-inflatables.com\/felfujhato-csuszdak-es-ugralovarak-vasarlasa-az-egyesult-kiralysagban\/"},"modified":"2024-07-10T13:52:05","modified_gmt":"2024-07-10T11:52:05","slug":"felfujhato-csuszdak-es-ugralovarak-vasarlasa-az-egyesult-kiralysagban","status":"publish","type":"page","link":"https:\/\/dodo-inflatables.com\/hu\/felfujhato-csuszdak-es-ugralovarak-vasarlasa-az-egyesult-kiralysagban\/","title":{"rendered":"Felf\u00fajhat\u00f3 cs\u00faszd\u00e1k \u00e9s ugr\u00e1l\u00f3v\u00e1rak v\u00e1s\u00e1rl\u00e1sa az Egyes\u00fclt Kir\u00e1lys\u00e1gban"},"content":{"rendered":"\n<h2 class=\"wp-block-heading has-text-align-center\">Felf\u00fajhat\u00f3 cs\u00faszd\u00e1k \u00e9s ugr\u00e1l\u00f3v\u00e1rak v\u00e1s\u00e1rl\u00e1sa az Egyes\u00fclt Kir\u00e1lys\u00e1gban<\/h2>\n\n<figure class=\"wp-block-image aligncenter size-large\"><a href=\"https:\/\/dodo-inflatables.com\/wp-content\/uploads\/2022\/01\/seperator-kleiner.png\"><img fetchpriority=\"high\" decoding=\"async\" width=\"1024\" height=\"102\" src=\"https:\/\/dodo-inflatables.com\/wp-content\/uploads\/2022\/01\/seperator-kleiner-1024x102.png\" alt=\"\" class=\"wp-image-4026\" srcset=\"https:\/\/dodo-inflatables.com\/wp-content\/uploads\/2022\/01\/seperator-kleiner-1024x102.png 1024w, https:\/\/dodo-inflatables.com\/wp-content\/uploads\/2022\/01\/seperator-kleiner-900x90.png 900w, https:\/\/dodo-inflatables.com\/wp-content\/uploads\/2022\/01\/seperator-kleiner-300x30.png 300w, https:\/\/dodo-inflatables.com\/wp-content\/uploads\/2022\/01\/seperator-kleiner-768x77.png 768w, https:\/\/dodo-inflatables.com\/wp-content\/uploads\/2022\/01\/seperator-kleiner-1536x154.png 1536w, https:\/\/dodo-inflatables.com\/wp-content\/uploads\/2022\/01\/seperator-kleiner-340x34.png 340w, https:\/\/dodo-inflatables.com\/wp-content\/uploads\/2022\/01\/seperator-kleiner.png 2000w\" sizes=\"(max-width: 1024px) 100vw, 1024px\" \/><\/a><\/figure>\n\n<h3 class=\"wp-block-heading has-text-align-center\">\u00dcdv\u00f6z\u00f6lj\u00fck a Dodo-Inflatables.com oldalon &#8211; a felf\u00fajhat\u00f3 j\u00e1t\u00e9kok online boltj\u00e1ban Eur\u00f3p\u00e1ban!<\/h3>\n\n<div style=\"height:45px\" aria-hidden=\"true\" class=\"wp-block-spacer\"><\/div>\n\n<p style=\"font-size:17px\">Mer\u00fclj\u00f6n el a kiv\u00e1l\u00f3 min\u0151s\u00e9g\u0171 felf\u00fajhat\u00f3 j\u00e1t\u00e9kok, <a href=\"https:\/\/dodo-inflatables.com\/hu\/termekkategoria\/bouncy-varak\/\" data-type=\"link\" data-id=\"https:\/\/dodo-inflatables.com\/product-category\/bouncy-castles\/\">felf\u00fajhat\u00f3 v\u00e1rak<\/a> \u00e9s <a href=\"https:\/\/dodo-inflatables.com\/hu\/termekkategoria\/slides-hu\/\" data-type=\"link\" data-id=\"https:\/\/dodo-inflatables.com\/product-category\/slides\/\">cs\u00faszd\u00e1k<\/a> sz\u00e9les v\u00e1laszt\u00e9k\u00e1ban, amelyek minden alkalomhoz egy kis pluszt adnak. Ak\u00e1r egy nagy ugr\u00e1l\u00f3v\u00e1rat keres egy v\u00e1llalati rendezv\u00e9nyre, ak\u00e1r egy kis ugr\u00e1l\u00f3v\u00e1rat egy gyermeksz\u00fclinapi bulira, vagy egy cs\u00faszd\u00e1s ugr\u00e1l\u00f3v\u00e1rat egy ny\u00e1ri partira &#8211; itt garant\u00e1ltan tal\u00e1l valami megfelel\u0151t!<\/p>\n\n<p style=\"font-size:17px\">K\u00edn\u00e1latunkban nemcsak k\u00fcl\u00f6nf\u00e9le ugr\u00e1l\u00f3v\u00e1rak, hanem <a href=\"https:\/\/dodo-inflatables.com\/hu\/termekkategoria\/kiegeszitok\/\" data-type=\"link\" data-id=\"https:\/\/dodo-inflatables.com\/product-category\/accessories\/\">kieg\u00e9sz\u00edt\u0151k<\/a> sz\u00e9les v\u00e1laszt\u00e9ka is megtal\u00e1lhat\u00f3, bele\u00e9rtve a <a href=\"https:\/\/dodo-inflatables.com\/hu\/termek\/gibbons-fuvo-fp5005-1-5ps\/\" data-type=\"product\" data-id=\"81\">Gibbonokat<\/a> \u00e9s a <a href=\"https:\/\/dodo-inflatables.com\/hu\/termek\/huawei-fuvo-reh-1-5e-1-5ps\/\" data-type=\"product\" data-id=\"2724\">Huawei<\/a> f\u00fav\u00f3k\u00e1kat az ugr\u00e1l\u00f3v\u00e1rakhoz.<\/p>\n\n<p style=\"font-size:17px\">Egy ugr\u00e1l\u00f3v\u00e1r \u00e9s tartoz\u00e9kai sz\u00e1ll\u00edt\u00e1sa <strong>Angli\u00e1ba 339,00 eur\u00f3ba ker\u00fcl<\/strong>. Ha csak tartoz\u00e9kokra van sz\u00fcks\u00e9ge, a csomagk\u00fcld\u00e9s 29,00 eur\u00f3ba ker\u00fcl.<\/p>\n\n<p style=\"font-size:17px\">Ha a felf\u00fajhat\u00f3 l\u00e9gv\u00e1r rakt\u00e1ron van, akkor a fizet\u00e9s be\u00e9rkez\u00e9se ut\u00e1n azonnal elk\u00fcldj\u00fck \u00d6nnek. Az Egyes\u00fclt Kir\u00e1lys\u00e1gba t\u00f6rt\u00e9n\u0151 sz\u00e1ll\u00edt\u00e1s kb. <strong>4-6 munkanapot<\/strong> vesz ig\u00e9nybe. \u00d6n\u00e1tv\u00e9tel lehets\u00e9ges a <strong>n\u00e9metorsz\u00e1gi m\u00fcncheni<\/strong> rakt\u00e1runkb\u00f3l.<\/p>\n\n<p style=\"font-size:17px\">Minden felf\u00fajhat\u00f3 l\u00e9gv\u00e1runk megfelel a <strong>DIN EN 14960 <\/strong>szigor\u00fa biztons\u00e1gi szabv\u00e1nyainak, \u00e9s alkalmas mag\u00e1n- \u00e9s kereskedelmi haszn\u00e1latra. Az \u00faj felf\u00fajhat\u00f3 \u00fasz\u00f3gumihoz <strong>r\u00e9szletes \u00fatmutat\u00f3t <\/strong>\u00e9s<strong> a megfelel\u0151 tan\u00fas\u00edtv\u00e1nyt <\/strong>kap, amint azt elk\u00fcldt\u00fck.<\/p>\n\n<p style=\"font-size:17px\">Nem uni\u00f3s orsz\u00e1gb\u00f3l sz\u00e1rmaz\u00f3 v\u00e1s\u00e1rl\u00f3k\u00e9nt <strong>\u00e1famentesen<\/strong> v\u00e1s\u00e1rolhat n\u00e1lunk. Az online \u00e1ruh\u00e1zban felt\u00fcntetett \u00e1rak kezdetben tartalmazz\u00e1k a n\u00e9met \u00e1f\u00e1t (19%), amelyet azt\u00e1n levonunk. Az Egyes\u00fclt Kir\u00e1lys\u00e1gba t\u00f6rt\u00e9n\u0151 sz\u00e1ll\u00edt\u00e1s eset\u00e9n \u00d6n az &#8222;import\u0151r&#8221;. Ez\u00e9rt \u00d6nt terhelik az import forgalmi ad\u00f3 \u00e9s az importv\u00e1m k\u00f6lts\u00e9gei. Az Egyes\u00fclt Kir\u00e1lys\u00e1gba t\u00f6rt\u00e9n\u0151 sz\u00e1ll\u00edt\u00e1s k\u00f6lts\u00e9gei tartalmazz\u00e1k a sz\u00e1ll\u00edt\u00e1si d\u00edjat, a v\u00e1mkezel\u00e9st \u00e9s az ABD elk\u00e9sz\u00edt\u00e9s\u00e9t.<\/p>\n\n<p style=\"font-size:17px\">Ak\u00e1r mag\u00e1nfelhaszn\u00e1l\u00f3, aki ugr\u00e1l\u00f3v\u00e1rat keres a k\u00f6vetkez\u0151 csal\u00e1di partij\u00e1ra, ak\u00e1r kereskedelmi b\u00e9rbead\u00f3 c\u00e9g, amely b\u0151v\u00edteni szeretn\u00e9 k\u00edn\u00e1lat\u00e1t, ugr\u00e1l\u00f3v\u00e1raink mindenki sz\u00e1m\u00e1ra alkalmasak. Val\u00f3j\u00e1ban a legt\u00f6bb \u00fcgyfel\u00fcnk Eur\u00f3pa-szerte olyan ugr\u00e1l\u00f3v\u00e1r-k\u00f6lcs\u00f6nz\u0151 c\u00e9gek, akik mindenf\u00e9le m\u00e9ret\u0171 rendezv\u00e9nyen \u00e9rt\u00e9kelik term\u00e9keinket.<\/p>\n\n<p style=\"font-size:17px\">Rem\u00e9lj\u00fck, hogy \u00e9lvezettel b\u00f6ng\u00e9szik online \u00fczlet\u00fcnket, \u00e9s sz\u00edvesen v\u00e1laszolunk minden k\u00e9rd\u00e9s\u00e9re a <a href=\"mailto:contact@dodo-inflatables.com\">contact@dodo-inflatables.com<\/a> c\u00edmen!<\/p>\n\n<div style=\"height:45px\" aria-hidden=\"true\" class=\"wp-block-spacer\"><\/div>\n","protected":false},"excerpt":{"rendered":"<p>Felf\u00fajhat\u00f3 cs\u00faszd\u00e1k \u00e9s ugr\u00e1l\u00f3v\u00e1rak v\u00e1s\u00e1rl\u00e1sa az Egyes\u00fclt Kir\u00e1lys\u00e1gban \u00dcdv\u00f6z\u00f6lj\u00fck a Dodo-Inflatables.com oldalon &#8211; a felf\u00fajhat\u00f3 j\u00e1t\u00e9kok online boltj\u00e1ban Eur\u00f3p\u00e1ban! Mer\u00fclj\u00f6n el a kiv\u00e1l\u00f3 min\u0151s\u00e9g\u0171 felf\u00fajhat\u00f3 j\u00e1t\u00e9kok, felf\u00fajhat\u00f3 v\u00e1rak \u00e9s cs\u00faszd\u00e1k sz\u00e9les v\u00e1laszt\u00e9k\u00e1ban, amelyek minden alkalomhoz egy kis pluszt adnak. Ak\u00e1r egy nagy ugr\u00e1l\u00f3v\u00e1rat keres egy v\u00e1llalati rendezv\u00e9nyre, ak\u00e1r egy kis ugr\u00e1l\u00f3v\u00e1rat egy gyermeksz\u00fclinapi bulira, vagy [&hellip;]<\/p>\n","protected":false},"author":1,"featured_media":0,"parent":0,"menu_order":0,"comment_status":"closed","ping_status":"closed","template":"","meta":{"_acf_changed":false,"_uag_custom_page_level_css":"","site-sidebar-layout":"default","site-content-layout":"","ast-site-content-layout":"default","site-content-style":"boxed","site-sidebar-style":"default","ast-global-header-display":"","ast-banner-title-visibility":"","ast-main-header-display":"","ast-hfb-above-header-display":"","ast-hfb-below-header-display":"","ast-hfb-mobile-header-display":"","site-post-title":"","ast-breadcrumbs-content":"","ast-featured-img":"","footer-sml-layout":"","ast-disable-related-posts":"","theme-transparent-header-meta":"","adv-header-id-meta":"4069","stick-header-meta":"","header-above-stick-meta":"","header-main-stick-meta":"","header-below-stick-meta":"","astra-migrate-meta-layouts":"default","ast-page-background-enabled":"default","ast-page-background-meta":{"desktop":{"background-color":"var(--ast-global-color-4)","background-image":"","background-repeat":"repeat","background-position":"center center","background-size":"auto","background-attachment":"scroll","background-type":"","background-media":"","overlay-type":"","overlay-color":"","overlay-opacity":"","overlay-gradient":""},"tablet":{"background-color":"","background-image":"","background-repeat":"repeat","background-position":"center center","background-size":"auto","background-attachment":"scroll","background-type":"","background-media":"","overlay-type":"","overlay-color":"","overlay-opacity":"","overlay-gradient":""},"mobile":{"background-color":"","background-image":"","background-repeat":"repeat","background-position":"center center","background-size":"auto","background-attachment":"scroll","background-type":"","background-media":"","overlay-type":"","overlay-color":"","overlay-opacity":"","overlay-gradient":""}},"ast-content-background-meta":{"desktop":{"background-color":"var(--ast-global-color-5)","background-image":"","background-repeat":"repeat","background-position":"center center","background-size":"auto","background-attachment":"scroll","background-type":"","background-media":"","overlay-type":"","overlay-color":"","overlay-opacity":"","overlay-gradient":""},"tablet":{"background-color":"var(--ast-global-color-5)","background-image":"","background-repeat":"repeat","background-position":"center center","background-size":"auto","background-attachment":"scroll","background-type":"","background-media":"","overlay-type":"","overlay-color":"","overlay-opacity":"","overlay-gradient":""},"mobile":{"background-color":"var(--ast-global-color-5)","background-image":"","background-repeat":"repeat","background-position":"center center","background-size":"auto","background-attachment":"scroll","background-type":"","background-media":"","overlay-type":"","overlay-color":"","overlay-opacity":"","overlay-gradient":""}},"footnotes":""},"class_list":["post-11266","page","type-page","status-publish","hentry"],"acf":[],"yoast_head":"<!-- This site is optimized with the Yoast SEO plugin v27.5 - https:\/\/yoast.com\/product\/yoast-seo-wordpress\/ -->\n<title>Felf\u00fajhat\u00f3 cs\u00faszd\u00e1k \u00e9s ugr\u00e1l\u00f3v\u00e1rak v\u00e1s\u00e1rl\u00e1sa az Egyes\u00fclt Kir\u00e1lys\u00e1gban - dodo-inflatables.com<\/title>\n<meta name=\"robots\" content=\"index, follow, max-snippet:-1, max-image-preview:large, max-video-preview:-1\" \/>\n<link rel=\"canonical\" href=\"https:\/\/dodo-inflatables.com\/hu\/felfujhato-csuszdak-es-ugralovarak-vasarlasa-az-egyesult-kiralysagban\/\" \/>\n<meta name=\"twitter:label1\" content=\"Becs\u00fclt olvas\u00e1si id\u0151\" \/>\n\t<meta name=\"twitter:data1\" content=\"3 perc\" \/>\n<script type=\"application\/ld+json\" class=\"yoast-schema-graph\">{\"@context\":\"https:\\\/\\\/schema.org\",\"@graph\":[{\"@type\":\"WebPage\",\"@id\":\"https:\\\/\\\/dodo-inflatables.com\\\/hu\\\/felfujhato-csuszdak-es-ugralovarak-vasarlasa-az-egyesult-kiralysagban\\\/\",\"url\":\"https:\\\/\\\/dodo-inflatables.com\\\/hu\\\/felfujhato-csuszdak-es-ugralovarak-vasarlasa-az-egyesult-kiralysagban\\\/\",\"name\":\"Felf\u00fajhat\u00f3 cs\u00faszd\u00e1k \u00e9s ugr\u00e1l\u00f3v\u00e1rak v\u00e1s\u00e1rl\u00e1sa az Egyes\u00fclt Kir\u00e1lys\u00e1gban - dodo-inflatables.com\",\"isPartOf\":{\"@id\":\"https:\\\/\\\/dodo-inflatables.com\\\/hu\\\/#website\"},\"primaryImageOfPage\":{\"@id\":\"https:\\\/\\\/dodo-inflatables.com\\\/hu\\\/felfujhato-csuszdak-es-ugralovarak-vasarlasa-az-egyesult-kiralysagban\\\/#primaryimage\"},\"image\":{\"@id\":\"https:\\\/\\\/dodo-inflatables.com\\\/hu\\\/felfujhato-csuszdak-es-ugralovarak-vasarlasa-az-egyesult-kiralysagban\\\/#primaryimage\"},\"thumbnailUrl\":\"https:\\\/\\\/dodo-inflatables.com\\\/wp-content\\\/uploads\\\/2022\\\/01\\\/seperator-kleiner-1024x102.png\",\"datePublished\":\"2024-03-01T19:02:30+00:00\",\"dateModified\":\"2024-07-10T11:52:05+00:00\",\"breadcrumb\":{\"@id\":\"https:\\\/\\\/dodo-inflatables.com\\\/hu\\\/felfujhato-csuszdak-es-ugralovarak-vasarlasa-az-egyesult-kiralysagban\\\/#breadcrumb\"},\"inLanguage\":\"hu\",\"potentialAction\":[{\"@type\":\"ReadAction\",\"target\":[\"https:\\\/\\\/dodo-inflatables.com\\\/hu\\\/felfujhato-csuszdak-es-ugralovarak-vasarlasa-az-egyesult-kiralysagban\\\/\"]}]},{\"@type\":\"ImageObject\",\"inLanguage\":\"hu\",\"@id\":\"https:\\\/\\\/dodo-inflatables.com\\\/hu\\\/felfujhato-csuszdak-es-ugralovarak-vasarlasa-az-egyesult-kiralysagban\\\/#primaryimage\",\"url\":\"https:\\\/\\\/dodo-inflatables.com\\\/wp-content\\\/uploads\\\/2022\\\/01\\\/seperator-kleiner-1024x102.png\",\"contentUrl\":\"https:\\\/\\\/dodo-inflatables.com\\\/wp-content\\\/uploads\\\/2022\\\/01\\\/seperator-kleiner-1024x102.png\"},{\"@type\":\"BreadcrumbList\",\"@id\":\"https:\\\/\\\/dodo-inflatables.com\\\/hu\\\/felfujhato-csuszdak-es-ugralovarak-vasarlasa-az-egyesult-kiralysagban\\\/#breadcrumb\",\"itemListElement\":[{\"@type\":\"ListItem\",\"position\":1,\"name\":\"Kezd\u0151lap\",\"item\":\"https:\\\/\\\/dodo-inflatables.com\\\/hu\\\/\"},{\"@type\":\"ListItem\",\"position\":2,\"name\":\"Felf\u00fajhat\u00f3 cs\u00faszd\u00e1k \u00e9s ugr\u00e1l\u00f3v\u00e1rak v\u00e1s\u00e1rl\u00e1sa az Egyes\u00fclt Kir\u00e1lys\u00e1gban\"}]},{\"@type\":\"WebSite\",\"@id\":\"https:\\\/\\\/dodo-inflatables.com\\\/hu\\\/#website\",\"url\":\"https:\\\/\\\/dodo-inflatables.com\\\/hu\\\/\",\"name\":\"dodo-inflatables.com\",\"description\":\"V\u00e1s\u00e1roljon ugr\u00e1l\u00f3v\u00e1rakat \u00e9s l\u00e1tnival\u00f3kat \u00fczlet\u00fcnkben.\",\"potentialAction\":[{\"@type\":\"SearchAction\",\"target\":{\"@type\":\"EntryPoint\",\"urlTemplate\":\"https:\\\/\\\/dodo-inflatables.com\\\/hu\\\/?s={search_term_string}\"},\"query-input\":{\"@type\":\"PropertyValueSpecification\",\"valueRequired\":true,\"valueName\":\"search_term_string\"}}],\"inLanguage\":\"hu\"}]}<\/script>\n<!-- \/ Yoast SEO plugin. -->","yoast_head_json":{"title":"Felf\u00fajhat\u00f3 cs\u00faszd\u00e1k \u00e9s ugr\u00e1l\u00f3v\u00e1rak v\u00e1s\u00e1rl\u00e1sa az Egyes\u00fclt Kir\u00e1lys\u00e1gban - dodo-inflatables.com","robots":{"index":"index","follow":"follow","max-snippet":"max-snippet:-1","max-image-preview":"max-image-preview:large","max-video-preview":"max-video-preview:-1"},"canonical":"https:\/\/dodo-inflatables.com\/hu\/felfujhato-csuszdak-es-ugralovarak-vasarlasa-az-egyesult-kiralysagban\/","twitter_misc":{"Becs\u00fclt olvas\u00e1si id\u0151":"3 perc"},"schema":{"@context":"https:\/\/schema.org","@graph":[{"@type":"WebPage","@id":"https:\/\/dodo-inflatables.com\/hu\/felfujhato-csuszdak-es-ugralovarak-vasarlasa-az-egyesult-kiralysagban\/","url":"https:\/\/dodo-inflatables.com\/hu\/felfujhato-csuszdak-es-ugralovarak-vasarlasa-az-egyesult-kiralysagban\/","name":"Felf\u00fajhat\u00f3 cs\u00faszd\u00e1k \u00e9s ugr\u00e1l\u00f3v\u00e1rak v\u00e1s\u00e1rl\u00e1sa az Egyes\u00fclt Kir\u00e1lys\u00e1gban - dodo-inflatables.com","isPartOf":{"@id":"https:\/\/dodo-inflatables.com\/hu\/#website"},"primaryImageOfPage":{"@id":"https:\/\/dodo-inflatables.com\/hu\/felfujhato-csuszdak-es-ugralovarak-vasarlasa-az-egyesult-kiralysagban\/#primaryimage"},"image":{"@id":"https:\/\/dodo-inflatables.com\/hu\/felfujhato-csuszdak-es-ugralovarak-vasarlasa-az-egyesult-kiralysagban\/#primaryimage"},"thumbnailUrl":"https:\/\/dodo-inflatables.com\/wp-content\/uploads\/2022\/01\/seperator-kleiner-1024x102.png","datePublished":"2024-03-01T19:02:30+00:00","dateModified":"2024-07-10T11:52:05+00:00","breadcrumb":{"@id":"https:\/\/dodo-inflatables.com\/hu\/felfujhato-csuszdak-es-ugralovarak-vasarlasa-az-egyesult-kiralysagban\/#breadcrumb"},"inLanguage":"hu","potentialAction":[{"@type":"ReadAction","target":["https:\/\/dodo-inflatables.com\/hu\/felfujhato-csuszdak-es-ugralovarak-vasarlasa-az-egyesult-kiralysagban\/"]}]},{"@type":"ImageObject","inLanguage":"hu","@id":"https:\/\/dodo-inflatables.com\/hu\/felfujhato-csuszdak-es-ugralovarak-vasarlasa-az-egyesult-kiralysagban\/#primaryimage","url":"https:\/\/dodo-inflatables.com\/wp-content\/uploads\/2022\/01\/seperator-kleiner-1024x102.png","contentUrl":"https:\/\/dodo-inflatables.com\/wp-content\/uploads\/2022\/01\/seperator-kleiner-1024x102.png"},{"@type":"BreadcrumbList","@id":"https:\/\/dodo-inflatables.com\/hu\/felfujhato-csuszdak-es-ugralovarak-vasarlasa-az-egyesult-kiralysagban\/#breadcrumb","itemListElement":[{"@type":"ListItem","position":1,"name":"Kezd\u0151lap","item":"https:\/\/dodo-inflatables.com\/hu\/"},{"@type":"ListItem","position":2,"name":"Felf\u00fajhat\u00f3 cs\u00faszd\u00e1k \u00e9s ugr\u00e1l\u00f3v\u00e1rak v\u00e1s\u00e1rl\u00e1sa az Egyes\u00fclt Kir\u00e1lys\u00e1gban"}]},{"@type":"WebSite","@id":"https:\/\/dodo-inflatables.com\/hu\/#website","url":"https:\/\/dodo-inflatables.com\/hu\/","name":"dodo-inflatables.com","description":"V\u00e1s\u00e1roljon ugr\u00e1l\u00f3v\u00e1rakat \u00e9s l\u00e1tnival\u00f3kat \u00fczlet\u00fcnkben.","potentialAction":[{"@type":"SearchAction","target":{"@type":"EntryPoint","urlTemplate":"https:\/\/dodo-inflatables.com\/hu\/?s={search_term_string}"},"query-input":{"@type":"PropertyValueSpecification","valueRequired":true,"valueName":"search_term_string"}}],"inLanguage":"hu"}]}},"uagb_featured_image_src":{"full":false,"thumbnail":false,"medium":false,"medium_large":false,"large":false,"1536x1536":false,"2048x2048":false,"woocommerce_thumbnail":false,"woocommerce_single":false,"woocommerce_gallery_thumbnail":false},"uagb_author_info":{"display_name":"Andreas","author_link":"https:\/\/dodo-inflatables.com\/hu\/author\/andreas\/"},"uagb_comment_info":0,"uagb_excerpt":"Felf\u00fajhat\u00f3 cs\u00faszd\u00e1k \u00e9s ugr\u00e1l\u00f3v\u00e1rak v\u00e1s\u00e1rl\u00e1sa az Egyes\u00fclt Kir\u00e1lys\u00e1gban \u00dcdv\u00f6z\u00f6lj\u00fck a Dodo-Inflatables.com oldalon &#8211; a felf\u00fajhat\u00f3 j\u00e1t\u00e9kok online boltj\u00e1ban Eur\u00f3p\u00e1ban! Mer\u00fclj\u00f6n el a kiv\u00e1l\u00f3 min\u0151s\u00e9g\u0171 felf\u00fajhat\u00f3 j\u00e1t\u00e9kok, felf\u00fajhat\u00f3 v\u00e1rak \u00e9s cs\u00faszd\u00e1k sz\u00e9les v\u00e1laszt\u00e9k\u00e1ban, amelyek minden alkalomhoz egy kis pluszt adnak. Ak\u00e1r egy nagy ugr\u00e1l\u00f3v\u00e1rat keres egy v\u00e1llalati rendezv\u00e9nyre, ak\u00e1r egy kis ugr\u00e1l\u00f3v\u00e1rat egy gyermeksz\u00fclinapi bulira, vagy&hellip;","_links":{"self":[{"href":"https:\/\/dodo-inflatables.com\/hu\/wp-json\/wp\/v2\/pages\/11266","targetHints":{"allow":["GET"]}}],"collection":[{"href":"https:\/\/dodo-inflatables.com\/hu\/wp-json\/wp\/v2\/pages"}],"about":[{"href":"https:\/\/dodo-inflatables.com\/hu\/wp-json\/wp\/v2\/types\/page"}],"author":[{"embeddable":true,"href":"https:\/\/dodo-inflatables.com\/hu\/wp-json\/wp\/v2\/users\/1"}],"replies":[{"embeddable":true,"href":"https:\/\/dodo-inflatables.com\/hu\/wp-json\/wp\/v2\/comments?post=11266"}],"version-history":[{"count":4,"href":"https:\/\/dodo-inflatables.com\/hu\/wp-json\/wp\/v2\/pages\/11266\/revisions"}],"predecessor-version":[{"id":16287,"href":"https:\/\/dodo-inflatables.com\/hu\/wp-json\/wp\/v2\/pages\/11266\/revisions\/16287"}],"wp:attachment":[{"href":"https:\/\/dodo-inflatables.com\/hu\/wp-json\/wp\/v2\/media?parent=11266"}],"curies":[{"name":"wp","href":"https:\/\/api.w.org\/{rel}","templated":true}]}}