{"id":11285,"date":"2020-06-22T13:56:27","date_gmt":"2020-06-22T11:56:27","guid":{"rendered":"https:\/\/dodo-inflatables.com\/teszt\/"},"modified":"2024-06-01T17:18:20","modified_gmt":"2024-06-01T15:18:20","slug":"teszt","status":"publish","type":"page","link":"https:\/\/dodo-inflatables.com\/hu\/teszt\/","title":{"rendered":"Teszt"},"content":{"rendered":"\n<h2 class=\"has-text-align-center wp-block-heading\">Zahlungsm\u00f6glichkeiten<\/h2>\n\n<div style=\"height:22px\" aria-hidden=\"true\" class=\"wp-block-spacer\"><\/div>\n<p><strong><img loading=\"lazy\" decoding=\"async\" class=\"wp-image-2355 alignleft\" src=\"https:\/\/dodo-inflatables.com\/wp-content\/uploads\/2020\/06\/text-ueberweisung-300x214.png\" alt=\"\" width=\"100\" height=\"71\">\u00dcberweisung<\/strong><br \/>\u00dcberweise direkt an unsere Bankverbindung. Bitte nutze die Bestellnummer als Verwendungszweck. Deine Bestellung wird erst nach Geldeingang auf unserem Konto versandt. Falls du deine Bestellung schnell ben\u00f6tigst sende uns einfach den Zahlungsbeleg deiner \u00dcberweisung per Mail zu, dann k\u00f6nnen wir den ganzen Prozess beschleunigen.<\/p>\n<p><strong>TIPP<\/strong>: Bezahle deine Bestellung per \u00dcberweisung und erhalten ein Set Erdn\u00e4gel&nbsp;<strong>GRATIS<\/strong>&nbsp;dazu! (ab einem Bestellwert von 1.000\u20ac)<br \/>Einfach in der Bestellnotiz vermerken, dass du ein Set Erdn\u00e4gel dazu m\u00f6chtest.<\/p>\n\n<div style=\"height:20px\" aria-hidden=\"true\" class=\"wp-block-spacer\"><\/div>\n\n<hr class=\"wp-block-separator\"\/>\n\n<div style=\"height:20px\" aria-hidden=\"true\" class=\"wp-block-spacer\"><\/div>\n<p><strong><img loading=\"lazy\" decoding=\"async\" class=\"wp-image-2354 alignleft\" src=\"https:\/\/dodo-inflatables.com\/wp-content\/uploads\/2020\/06\/paypal-300x214.png\" alt=\"\" width=\"100\" height=\"71\">PayPal<br \/><\/strong>Bezahle deinen Einkauf bequem per PayPal (Lastschrift oder Kreditkarte).<\/p>\n\n<div style=\"height:20px\" aria-hidden=\"true\" class=\"wp-block-spacer\"><\/div>\n\n<hr class=\"wp-block-separator\"\/>\n\n<div style=\"height:20px\" aria-hidden=\"true\" class=\"wp-block-spacer\"><\/div>\n<p>In Zusammenarbeit mit&nbsp;<a class=\"link-item link-secondary\" href=\"http:\/\/www.klarna.de\/\"><br \/>\n  <span class=\"link-content\">Klarna Bank AB (publ)<\/span><br \/>\n<\/a>, Sveav\u00e4gen 46, 111 34 Stockholm, Sv\u00e9dorsz\u00e1g, bieten wir die folgenden Zahlungsoptionen an. Die Zahlung erfolgt jeweils an Klarna:<\/p>\n<p><strong><img loading=\"lazy\" decoding=\"async\" class=\"wp-image-2349 alignleft\" src=\"https:\/\/dodo-inflatables.com\/wp-content\/uploads\/2020\/06\/klarna-rechnung-300x214.png\" alt=\"\" width=\"100\" height=\"71\">Rechnung<\/strong> <br \/>Die Zahlungsfrist betr\u00e4gt 14 Tagen ab Versand der Ware. Die Rechnungsbedingungen finden Sie <a class=\"link-item link-secondary\" href=\"https:\/\/cdn.klarna.com\/1.0\/shared\/content\/legal\/terms\/EID\/de_de\/invoice?fee%3D0\"><br \/>\n  <span class=\"link-content\">hier<\/span><br \/>\n<\/a>.<\/p>\n\n<div style=\"height:20px\" aria-hidden=\"true\" class=\"wp-block-spacer\"><\/div>\n\n<hr class=\"wp-block-separator\"\/>\n\n<div style=\"height:20px\" aria-hidden=\"true\" class=\"wp-block-spacer\"><\/div>\n<p><strong><img loading=\"lazy\" decoding=\"async\" class=\"wp-image-2348 alignleft\" src=\"https:\/\/dodo-inflatables.com\/wp-content\/uploads\/2020\/06\/klarna-ratenkauf-300x214.png\" alt=\"\" width=\"100\" height=\"71\">Ratenkauf<\/strong> <br \/>Mit dem Finanzierungsservice von Klarna k\u00f6nnen Sie Ihren Einkauf flexibel in monatlichen Raten von legal\u00e1bb 1\/24 des Gesamtbetrages (legal\u00e1bb azonban 6,95 EUR) vagy unter den sonst in der Kasse angegebenen Bedingungen bezahlen. Die Ratenzahlung ist jeweils zum Ende des Monats nach \u00dcbersendung einer Monatsrechnung durch Klarna f\u00e4llig. Tov\u00e1bbi inform\u00e1ci\u00f3k a Ratenkauf einschlie\u00dflich der Allgemeinen Gesch\u00e4ftsbedingungen und der europ\u00e4ischen Standardinformationen f\u00fcr Verbraucherkredite finden Sie <a class=\"link-item link-secondary\" href=\"https:\/\/cdn.klarna.com\/1.0\/shared\/content\/legal\/terms\/EID\/de_de\/account\"><br \/>\n  <span class=\"link-content\">hier<\/span><br \/>\n<\/a>.<\/p>\n\n<div style=\"height:20px\" aria-hidden=\"true\" class=\"wp-block-spacer\"><\/div>\n\n<hr class=\"wp-block-separator\"\/>\n\n<div style=\"height:20px\" aria-hidden=\"true\" class=\"wp-block-spacer\"><\/div>\n<p><strong><img loading=\"lazy\" decoding=\"async\" class=\"wp-image-2350 alignleft\" src=\"https:\/\/dodo-inflatables.com\/wp-content\/uploads\/2020\/06\/klarna-sofort-300x214.png\" alt=\"\" width=\"100\" height=\"71\">Sofort\u00fcberweisung<\/strong> <br \/>Die Belastung Ihres Kontos erfolgt unmittelbar nach Abgabe der Bestellung.<\/p>\n\n<div style=\"height:20px\" aria-hidden=\"true\" class=\"wp-block-spacer\"><\/div>\n\n<hr class=\"wp-block-separator\"\/>\n\n<div style=\"height:20px\" aria-hidden=\"true\" class=\"wp-block-spacer\"><\/div>\n<p><strong><img loading=\"lazy\" decoding=\"async\" class=\"wp-image-2352 alignleft\" src=\"https:\/\/dodo-inflatables.com\/wp-content\/uploads\/2020\/06\/maestro-300x214.png\" alt=\"\" width=\"100\" height=\"71\">Lastschrift<\/strong><br \/>Die Abbuchung erfolgt nach Versand der Ware. Der Zeitpunkt wird Ihnen per E-Mail mitgeteilt. Tov\u00e1bbi inform\u00e1ci\u00f3k tal\u00e1lhat\u00f3k <a class=\"link-item link-secondary\" href=\"https:\/\/cdn.klarna.com\/1.0\/shared\/content\/legal\/terms\/0\/de_de\/direct_debit-read_more\"><br \/>\n  <span class=\"link-content\">itt<\/span><br \/>\n<\/a>.<\/p>\n\n<div style=\"height:20px\" aria-hidden=\"true\" class=\"wp-block-spacer\"><\/div>\n\n<hr class=\"wp-block-separator\"\/>\n\n<div style=\"height:20px\" aria-hidden=\"true\" class=\"wp-block-spacer\"><\/div>\n<p><strong><img loading=\"lazy\" decoding=\"async\" class=\"wp-image-2353 alignleft\" src=\"https:\/\/dodo-inflatables.com\/wp-content\/uploads\/2020\/06\/mastercard-300x214.png\" alt=\"\" width=\"100\" height=\"71\"><img loading=\"lazy\" decoding=\"async\" class=\"wp-image-2356 alignleft\" src=\"https:\/\/dodo-inflatables.com\/wp-content\/uploads\/2020\/06\/visa-300x214.png\" alt=\"\" width=\"100\" height=\"71\">Kreditkarte<\/strong> (Visa\/Mastercard)  <br \/>Verf\u00fcgbar in Deutschland. Die Abbuchung erfolgt nach Versand der Ware oder Tickets \/ Verf\u00fcgbarkeit des Services oder im Falle eines Abonnements entsprechend der kommunizierten Zeiten.<\/p>\n\n<div style=\"height:20px\" aria-hidden=\"true\" class=\"wp-block-spacer\"><\/div>\n\n<div style=\"height:20px\" aria-hidden=\"true\" class=\"wp-block-spacer\"><\/div>\n<p>Die Nutzung der Zahlungsarten Rechnung, Ratenkauf und Lastschrift setzt eine positive Bonit\u00e4tspr\u00fcfung voraus. Tov\u00e1bbi inform\u00e1ci\u00f3k \u00e9s Klarnas Nutzerbedingungen tal\u00e1lhat\u00f3k itt <a class=\"link-item link-secondary\" href=\"https:\/\/cdn.klarna.com\/1.0\/shared\/content\/legal\/terms\/0\/de_de\/user\"><br \/>\n  <span class=\"link-content\">itt<\/span><br \/>\n<\/a>. Allgemeine Informationen zu Klarna erhalten Sie <a class=\"link-item link-secondary\" href=\"http:\/\/www.klarna.de\/\"><br \/>\n  <span class=\"link-content\">hier<\/span><br \/>\n<\/a>. Ihre personenbezogenen Daten werden von Klarna in \u00dcbereinstimmung mit den geltenden Datenschutzbestimmungen und entsprechend den Angaben in <a class=\"link-item link-secondary\" href=\"https:\/\/cdn.klarna.com\/1.0\/shared\/content\/legal\/terms\/0\/de_de\/privacy\"><br \/>\n  <span class=\"link-content\">Klarnas Datenschutzbestimmungen<\/span><br \/>\n<\/a> behandelt.<\/p>\n","protected":false},"excerpt":{"rendered":"<p>Zahlungsm\u00f6glichkeiten \u00dcberweisung\u00dcberweise direkt an unsere Bankverbindung. Bitte nutze die Bestellnummer als Verwendungszweck. Deine Bestellung wird erst nach Geldeingang auf unserem Konto versandt. Falls du deine Bestellung schnell ben\u00f6tigst sende uns einfach den Zahlungsbeleg deiner \u00dcberweisung per Mail zu, dann k\u00f6nnen wir den ganzen Prozess beschleunigen. TIPP: Bezahle deine Bestellung per \u00dcberweisung und erhalten ein Set [&hellip;]<\/p>\n","protected":false},"author":1,"featured_media":0,"parent":0,"menu_order":0,"comment_status":"closed","ping_status":"closed","template":"","meta":{"_acf_changed":false,"_uag_custom_page_level_css":"","site-sidebar-layout":"default","site-content-layout":"","ast-site-content-layout":"default","site-content-style":"default","site-sidebar-style":"default","ast-global-header-display":"","ast-banner-title-visibility":"","ast-main-header-display":"","ast-hfb-above-header-display":"","ast-hfb-below-header-display":"","ast-hfb-mobile-header-display":"","site-post-title":"","ast-breadcrumbs-content":"","ast-featured-img":"","footer-sml-layout":"","ast-disable-related-posts":"","theme-transparent-header-meta":"","adv-header-id-meta":"","stick-header-meta":"","header-above-stick-meta":"","header-main-stick-meta":"","header-below-stick-meta":"","astra-migrate-meta-layouts":"default","ast-page-background-enabled":"default","ast-page-background-meta":{"desktop":{"background-color":"var(--ast-global-color-4)","background-image":"","background-repeat":"repeat","background-position":"center center","background-size":"auto","background-attachment":"scroll","background-type":"","background-media":"","overlay-type":"","overlay-color":"","overlay-opacity":"","overlay-gradient":""},"tablet":{"background-color":"","background-image":"","background-repeat":"repeat","background-position":"center center","background-size":"auto","background-attachment":"scroll","background-type":"","background-media":"","overlay-type":"","overlay-color":"","overlay-opacity":"","overlay-gradient":""},"mobile":{"background-color":"","background-image":"","background-repeat":"repeat","background-position":"center center","background-size":"auto","background-attachment":"scroll","background-type":"","background-media":"","overlay-type":"","overlay-color":"","overlay-opacity":"","overlay-gradient":""}},"ast-content-background-meta":{"desktop":{"background-color":"var(--ast-global-color-5)","background-image":"","background-repeat":"repeat","background-position":"center center","background-size":"auto","background-attachment":"scroll","background-type":"","background-media":"","overlay-type":"","overlay-color":"","overlay-opacity":"","overlay-gradient":""},"tablet":{"background-color":"var(--ast-global-color-5)","background-image":"","background-repeat":"repeat","background-position":"center center","background-size":"auto","background-attachment":"scroll","background-type":"","background-media":"","overlay-type":"","overlay-color":"","overlay-opacity":"","overlay-gradient":""},"mobile":{"background-color":"var(--ast-global-color-5)","background-image":"","background-repeat":"repeat","background-position":"center center","background-size":"auto","background-attachment":"scroll","background-type":"","background-media":"","overlay-type":"","overlay-color":"","overlay-opacity":"","overlay-gradient":""}},"footnotes":""},"class_list":["post-11285","page","type-page","status-publish","hentry"],"acf":[],"yoast_head":"<!-- This site is optimized with the Yoast SEO plugin v27.4 - https:\/\/yoast.com\/product\/yoast-seo-wordpress\/ -->\n<title>Teszt - dodo-inflatables.com<\/title>\n<meta name=\"robots\" content=\"index, follow, max-snippet:-1, max-image-preview:large, max-video-preview:-1\" \/>\n<link rel=\"canonical\" href=\"https:\/\/dodo-inflatables.com\/hu\/teszt\/\" \/>\n<meta name=\"twitter:label1\" content=\"Becs\u00fclt olvas\u00e1si id\u0151\" \/>\n\t<meta name=\"twitter:data1\" content=\"2 perc\" \/>\n<script type=\"application\/ld+json\" class=\"yoast-schema-graph\">{\"@context\":\"https:\\\/\\\/schema.org\",\"@graph\":[{\"@type\":\"WebPage\",\"@id\":\"https:\\\/\\\/dodo-inflatables.com\\\/hu\\\/teszt\\\/\",\"url\":\"https:\\\/\\\/dodo-inflatables.com\\\/hu\\\/teszt\\\/\",\"name\":\"Teszt - dodo-inflatables.com\",\"isPartOf\":{\"@id\":\"https:\\\/\\\/dodo-inflatables.com\\\/hu\\\/#website\"},\"primaryImageOfPage\":{\"@id\":\"https:\\\/\\\/dodo-inflatables.com\\\/hu\\\/teszt\\\/#primaryimage\"},\"image\":{\"@id\":\"https:\\\/\\\/dodo-inflatables.com\\\/hu\\\/teszt\\\/#primaryimage\"},\"thumbnailUrl\":\"https:\\\/\\\/dodo-inflatables.com\\\/wp-content\\\/uploads\\\/2020\\\/06\\\/text-ueberweisung-300x214.png\",\"datePublished\":\"2020-06-22T11:56:27+00:00\",\"dateModified\":\"2024-06-01T15:18:20+00:00\",\"breadcrumb\":{\"@id\":\"https:\\\/\\\/dodo-inflatables.com\\\/hu\\\/teszt\\\/#breadcrumb\"},\"inLanguage\":\"hu\",\"potentialAction\":[{\"@type\":\"ReadAction\",\"target\":[\"https:\\\/\\\/dodo-inflatables.com\\\/hu\\\/teszt\\\/\"]}]},{\"@type\":\"ImageObject\",\"inLanguage\":\"hu\",\"@id\":\"https:\\\/\\\/dodo-inflatables.com\\\/hu\\\/teszt\\\/#primaryimage\",\"url\":\"https:\\\/\\\/dodo-inflatables.com\\\/wp-content\\\/uploads\\\/2020\\\/06\\\/text-ueberweisung-300x214.png\",\"contentUrl\":\"https:\\\/\\\/dodo-inflatables.com\\\/wp-content\\\/uploads\\\/2020\\\/06\\\/text-ueberweisung-300x214.png\"},{\"@type\":\"BreadcrumbList\",\"@id\":\"https:\\\/\\\/dodo-inflatables.com\\\/hu\\\/teszt\\\/#breadcrumb\",\"itemListElement\":[{\"@type\":\"ListItem\",\"position\":1,\"name\":\"Kezd\u0151lap\",\"item\":\"https:\\\/\\\/dodo-inflatables.com\\\/hu\\\/\"},{\"@type\":\"ListItem\",\"position\":2,\"name\":\"Teszt\"}]},{\"@type\":\"WebSite\",\"@id\":\"https:\\\/\\\/dodo-inflatables.com\\\/hu\\\/#website\",\"url\":\"https:\\\/\\\/dodo-inflatables.com\\\/hu\\\/\",\"name\":\"dodo-inflatables.com\",\"description\":\"V\u00e1s\u00e1roljon ugr\u00e1l\u00f3v\u00e1rakat \u00e9s l\u00e1tnival\u00f3kat \u00fczlet\u00fcnkben.\",\"publisher\":{\"@id\":\"https:\\\/\\\/dodo-inflatables.com\\\/hu\\\/#organization\"},\"potentialAction\":[{\"@type\":\"SearchAction\",\"target\":{\"@type\":\"EntryPoint\",\"urlTemplate\":\"https:\\\/\\\/dodo-inflatables.com\\\/hu\\\/?s={search_term_string}\"},\"query-input\":{\"@type\":\"PropertyValueSpecification\",\"valueRequired\":true,\"valueName\":\"search_term_string\"}}],\"inLanguage\":\"hu\"},{\"@type\":\"Organization\",\"@id\":\"https:\\\/\\\/dodo-inflatables.com\\\/hu\\\/#organization\",\"name\":\"dodo-inflatables.com\",\"url\":\"https:\\\/\\\/dodo-inflatables.com\\\/hu\\\/\",\"logo\":{\"@type\":\"ImageObject\",\"inLanguage\":\"hu\",\"@id\":\"https:\\\/\\\/dodo-inflatables.com\\\/hu\\\/#\\\/schema\\\/logo\\\/image\\\/\",\"url\":\"https:\\\/\\\/dodo-inflatables.com\\\/wp-content\\\/uploads\\\/2023\\\/04\\\/cropped-cropped-cropped-Dodo-Logo.png\",\"contentUrl\":\"https:\\\/\\\/dodo-inflatables.com\\\/wp-content\\\/uploads\\\/2023\\\/04\\\/cropped-cropped-cropped-Dodo-Logo.png\",\"width\":2996,\"height\":1545,\"caption\":\"dodo-inflatables.com\"},\"image\":{\"@id\":\"https:\\\/\\\/dodo-inflatables.com\\\/hu\\\/#\\\/schema\\\/logo\\\/image\\\/\"}}]}<\/script>\n<!-- \/ Yoast SEO plugin. -->","yoast_head_json":{"title":"Teszt - dodo-inflatables.com","robots":{"index":"index","follow":"follow","max-snippet":"max-snippet:-1","max-image-preview":"max-image-preview:large","max-video-preview":"max-video-preview:-1"},"canonical":"https:\/\/dodo-inflatables.com\/hu\/teszt\/","twitter_misc":{"Becs\u00fclt olvas\u00e1si id\u0151":"2 perc"},"schema":{"@context":"https:\/\/schema.org","@graph":[{"@type":"WebPage","@id":"https:\/\/dodo-inflatables.com\/hu\/teszt\/","url":"https:\/\/dodo-inflatables.com\/hu\/teszt\/","name":"Teszt - dodo-inflatables.com","isPartOf":{"@id":"https:\/\/dodo-inflatables.com\/hu\/#website"},"primaryImageOfPage":{"@id":"https:\/\/dodo-inflatables.com\/hu\/teszt\/#primaryimage"},"image":{"@id":"https:\/\/dodo-inflatables.com\/hu\/teszt\/#primaryimage"},"thumbnailUrl":"https:\/\/dodo-inflatables.com\/wp-content\/uploads\/2020\/06\/text-ueberweisung-300x214.png","datePublished":"2020-06-22T11:56:27+00:00","dateModified":"2024-06-01T15:18:20+00:00","breadcrumb":{"@id":"https:\/\/dodo-inflatables.com\/hu\/teszt\/#breadcrumb"},"inLanguage":"hu","potentialAction":[{"@type":"ReadAction","target":["https:\/\/dodo-inflatables.com\/hu\/teszt\/"]}]},{"@type":"ImageObject","inLanguage":"hu","@id":"https:\/\/dodo-inflatables.com\/hu\/teszt\/#primaryimage","url":"https:\/\/dodo-inflatables.com\/wp-content\/uploads\/2020\/06\/text-ueberweisung-300x214.png","contentUrl":"https:\/\/dodo-inflatables.com\/wp-content\/uploads\/2020\/06\/text-ueberweisung-300x214.png"},{"@type":"BreadcrumbList","@id":"https:\/\/dodo-inflatables.com\/hu\/teszt\/#breadcrumb","itemListElement":[{"@type":"ListItem","position":1,"name":"Kezd\u0151lap","item":"https:\/\/dodo-inflatables.com\/hu\/"},{"@type":"ListItem","position":2,"name":"Teszt"}]},{"@type":"WebSite","@id":"https:\/\/dodo-inflatables.com\/hu\/#website","url":"https:\/\/dodo-inflatables.com\/hu\/","name":"dodo-inflatables.com","description":"V\u00e1s\u00e1roljon ugr\u00e1l\u00f3v\u00e1rakat \u00e9s l\u00e1tnival\u00f3kat \u00fczlet\u00fcnkben.","publisher":{"@id":"https:\/\/dodo-inflatables.com\/hu\/#organization"},"potentialAction":[{"@type":"SearchAction","target":{"@type":"EntryPoint","urlTemplate":"https:\/\/dodo-inflatables.com\/hu\/?s={search_term_string}"},"query-input":{"@type":"PropertyValueSpecification","valueRequired":true,"valueName":"search_term_string"}}],"inLanguage":"hu"},{"@type":"Organization","@id":"https:\/\/dodo-inflatables.com\/hu\/#organization","name":"dodo-inflatables.com","url":"https:\/\/dodo-inflatables.com\/hu\/","logo":{"@type":"ImageObject","inLanguage":"hu","@id":"https:\/\/dodo-inflatables.com\/hu\/#\/schema\/logo\/image\/","url":"https:\/\/dodo-inflatables.com\/wp-content\/uploads\/2023\/04\/cropped-cropped-cropped-Dodo-Logo.png","contentUrl":"https:\/\/dodo-inflatables.com\/wp-content\/uploads\/2023\/04\/cropped-cropped-cropped-Dodo-Logo.png","width":2996,"height":1545,"caption":"dodo-inflatables.com"},"image":{"@id":"https:\/\/dodo-inflatables.com\/hu\/#\/schema\/logo\/image\/"}}]}},"uagb_featured_image_src":{"full":false,"thumbnail":false,"medium":false,"medium_large":false,"large":false,"1536x1536":false,"2048x2048":false,"woocommerce_thumbnail":false,"woocommerce_single":false,"woocommerce_gallery_thumbnail":false},"uagb_author_info":{"display_name":"Andreas","author_link":"https:\/\/dodo-inflatables.com\/hu\/author\/andreas\/"},"uagb_comment_info":0,"uagb_excerpt":"Zahlungsm\u00f6glichkeiten \u00dcberweisung\u00dcberweise direkt an unsere Bankverbindung. Bitte nutze die Bestellnummer als Verwendungszweck. Deine Bestellung wird erst nach Geldeingang auf unserem Konto versandt. Falls du deine Bestellung schnell ben\u00f6tigst sende uns einfach den Zahlungsbeleg deiner \u00dcberweisung per Mail zu, dann k\u00f6nnen wir den ganzen Prozess beschleunigen. TIPP: Bezahle deine Bestellung per \u00dcberweisung und erhalten ein Set&hellip;","_links":{"self":[{"href":"https:\/\/dodo-inflatables.com\/hu\/wp-json\/wp\/v2\/pages\/11285","targetHints":{"allow":["GET"]}}],"collection":[{"href":"https:\/\/dodo-inflatables.com\/hu\/wp-json\/wp\/v2\/pages"}],"about":[{"href":"https:\/\/dodo-inflatables.com\/hu\/wp-json\/wp\/v2\/types\/page"}],"author":[{"embeddable":true,"href":"https:\/\/dodo-inflatables.com\/hu\/wp-json\/wp\/v2\/users\/1"}],"replies":[{"embeddable":true,"href":"https:\/\/dodo-inflatables.com\/hu\/wp-json\/wp\/v2\/comments?post=11285"}],"version-history":[{"count":2,"href":"https:\/\/dodo-inflatables.com\/hu\/wp-json\/wp\/v2\/pages\/11285\/revisions"}],"predecessor-version":[{"id":11287,"href":"https:\/\/dodo-inflatables.com\/hu\/wp-json\/wp\/v2\/pages\/11285\/revisions\/11287"}],"wp:attachment":[{"href":"https:\/\/dodo-inflatables.com\/hu\/wp-json\/wp\/v2\/media?parent=11285"}],"curies":[{"name":"wp","href":"https:\/\/api.w.org\/{rel}","templated":true}]}}