{"id":11294,"date":"2019-03-01T13:01:27","date_gmt":"2019-03-01T12:01:27","guid":{"rendered":"https:\/\/dodo-inflatables.com\/minosegunk\/"},"modified":"2024-08-19T14:44:14","modified_gmt":"2024-08-19T12:44:14","slug":"minosegunk","status":"publish","type":"page","link":"https:\/\/dodo-inflatables.com\/hu\/minosegunk\/","title":{"rendered":"Min\u0151s\u00e9g\u00fcnk"},"content":{"rendered":"\n<figure class=\"wp-block-image alignfull size-large\"><a href=\"https:\/\/dodo-inflatables.com\/wp-content\/uploads\/2022\/01\/banner_dunkel-kleiner-1.jpg\"><img decoding=\"async\" src=\"https:\/\/dodo-inflatables.com\/wp-content\/uploads\/2022\/01\/banner_dunkel-kleiner-1-1024x397.jpg\" alt=\"\" class=\"wp-image-4055\"\/><\/a><\/figure>\n\n<h1 class=\"wp-block-heading has-text-align-center\" id=\"unsere-qualitat\"><strong>Min\u0151s\u00e9g\u00fcnk<\/strong><\/h1>\n\n<figure class=\"wp-block-image aligncenter size-large\"><a href=\"https:\/\/dodo-inflatables.com\/wp-content\/uploads\/2022\/01\/seperator-kleiner.png\"><img loading=\"lazy\" decoding=\"async\" width=\"1024\" height=\"102\" src=\"https:\/\/dodo-inflatables.com\/wp-content\/uploads\/2022\/01\/seperator-kleiner-1024x102.png\" alt=\"\" class=\"wp-image-4026\" srcset=\"https:\/\/dodo-inflatables.com\/wp-content\/uploads\/2022\/01\/seperator-kleiner-1024x102.png 1024w, https:\/\/dodo-inflatables.com\/wp-content\/uploads\/2022\/01\/seperator-kleiner-900x90.png 900w, https:\/\/dodo-inflatables.com\/wp-content\/uploads\/2022\/01\/seperator-kleiner-300x30.png 300w, https:\/\/dodo-inflatables.com\/wp-content\/uploads\/2022\/01\/seperator-kleiner-768x77.png 768w, https:\/\/dodo-inflatables.com\/wp-content\/uploads\/2022\/01\/seperator-kleiner-1536x154.png 1536w, https:\/\/dodo-inflatables.com\/wp-content\/uploads\/2022\/01\/seperator-kleiner-340x34.png 340w, https:\/\/dodo-inflatables.com\/wp-content\/uploads\/2022\/01\/seperator-kleiner.png 2000w\" sizes=\"auto, (max-width: 1024px) 100vw, 1024px\" \/><\/a><\/figure>\n\n<p>Az \u00e9rdekl\u0151d\u0151k \u00e9s a potenci\u00e1lis \u00fcgyfelek folyamatosan k\u00e9rdezik t\u0151l\u00fcnk: &#8222;J\u00f3 min\u0151s\u00e9g\u0171ek-e a felf\u00fajhat\u00f3 l\u00e9gv\u00e1rak?&#8221;. Csak annyit mondhatunk egy\u00e9rtelm\u0171en: Igen!<\/p>\n\n<p>A felf\u00fajhat\u00f3 l\u00e9gv\u00e1rakat kiz\u00e1r\u00f3lag a mi szigor\u00fa el\u0151\u00edr\u00e1sainknak megfelel\u0151en gy\u00e1rtjuk \u00e9s ellen\u0151rizz\u00fck. Term\u00e9keink min\u0151s\u00e9g\u00e9t a k\u00f6vetkez\u0151 jellemz\u0151k jellemzik:<\/p>\n\n<ul class=\"wp-block-list\">\n<li>A DIN EN 14960 szabv\u00e1ny szerint tan\u00fas\u00edtott<\/li>\n\n\n\n<li>0.55 PVC \/ 18oz vinil, kereskedelmi b\u00e9rleti haszn\u00e1latra tervezve<\/li>\n\n\n\n<li>Kett\u0151s, h\u00e1romszoros \u00e9s ak\u00e1r hatszoros \u00f6lt\u00e9s a k\u00fcl\u00f6n\u00f6sen ig\u00e9nybevett ter\u00fcleteken<\/li>\n\n\n\n<li>Egyedi \u00e9s r\u00e9szletes mint\u00e1k<\/li>\n\n\n\n<li>Sz\u00e1mos r\u00f6gz\u00edt\u0151szem az ugr\u00e1l\u00f3v\u00e1r k\u00f6r\u00fcl<\/li>\n<\/ul>\n\n<p>Mi magunk is \u00e9vek \u00f3ta b\u00e9rbe adunk n\u00e9h\u00e1ny felf\u00fajhat\u00f3 l\u00e9gv\u00e1rat, \u00e9s saj\u00e1t szem\u00fcnkkel gy\u0151z\u0151dhett\u00fcnk meg a min\u0151s\u00e9gr\u0151l \u00e9s a tart\u00f3ss\u00e1gr\u00f3l. Legyen sz\u00f3 ak\u00e1r csak \u00e9vi n\u00e9h\u00e1ny haszn\u00e1latr\u00f3l egy sportklubban, ak\u00e1r ugr\u00e1l\u00f3v\u00e1r-k\u00f6lcs\u00f6nz\u0151 c\u00e9gek sz\u00e1m\u00e1ra, vagy belt\u00e9ri j\u00e1tsz\u00f3parkokban val\u00f3 haszn\u00e1latr\u00f3l. Fenntart\u00e1s n\u00e9lk\u00fcl aj\u00e1nljuk ugr\u00e1l\u00f3v\u00e1runkat!<\/p>\n\n<p>M\u00e9g mindig szkeptikus, \u00e9s szeretn\u00e9 saj\u00e1t szem\u00e9vel l\u00e1tni a min\u0151s\u00e9get, miel\u0151tt megv\u00e1s\u00e1roln\u00e1? Akkor l\u00e1togasson el hozz\u00e1nk id\u0151pont egyeztet\u00e9s alapj\u00e1n m\u00fcncheni rakt\u00e1runkba, \u00e9s tesztelje a min\u0151s\u00e9get bemutat\u00f3 modell\u00fcnk\u00f6n.<\/p>\n\n<div style=\"height:100px\" aria-hidden=\"true\" class=\"wp-block-spacer\"><\/div>\n","protected":false},"excerpt":{"rendered":"<p>Min\u0151s\u00e9g\u00fcnk Az \u00e9rdekl\u0151d\u0151k \u00e9s a potenci\u00e1lis \u00fcgyfelek folyamatosan k\u00e9rdezik t\u0151l\u00fcnk: &#8222;J\u00f3 min\u0151s\u00e9g\u0171ek-e a felf\u00fajhat\u00f3 l\u00e9gv\u00e1rak?&#8221;. Csak annyit mondhatunk egy\u00e9rtelm\u0171en: Igen! A felf\u00fajhat\u00f3 l\u00e9gv\u00e1rakat kiz\u00e1r\u00f3lag a mi szigor\u00fa el\u0151\u00edr\u00e1sainknak megfelel\u0151en gy\u00e1rtjuk \u00e9s ellen\u0151rizz\u00fck. Term\u00e9keink min\u0151s\u00e9g\u00e9t a k\u00f6vetkez\u0151 jellemz\u0151k jellemzik: Mi magunk is \u00e9vek \u00f3ta b\u00e9rbe adunk n\u00e9h\u00e1ny felf\u00fajhat\u00f3 l\u00e9gv\u00e1rat, \u00e9s saj\u00e1t szem\u00fcnkkel gy\u0151z\u0151dhett\u00fcnk meg a min\u0151s\u00e9gr\u0151l [&hellip;]<\/p>\n","protected":false},"author":1,"featured_media":0,"parent":0,"menu_order":0,"comment_status":"closed","ping_status":"closed","template":"","meta":{"_acf_changed":false,"_uag_custom_page_level_css":"","site-sidebar-layout":"default","site-content-layout":"","ast-site-content-layout":"default","site-content-style":"default","site-sidebar-style":"default","ast-global-header-display":"","ast-banner-title-visibility":"","ast-main-header-display":"","ast-hfb-above-header-display":"","ast-hfb-below-header-display":"","ast-hfb-mobile-header-display":"","site-post-title":"disabled","ast-breadcrumbs-content":"","ast-featured-img":"","footer-sml-layout":"","ast-disable-related-posts":"","theme-transparent-header-meta":"","adv-header-id-meta":"7189","stick-header-meta":"","header-above-stick-meta":"","header-main-stick-meta":"","header-below-stick-meta":"","astra-migrate-meta-layouts":"default","ast-page-background-enabled":"default","ast-page-background-meta":{"desktop":{"background-color":"var(--ast-global-color-4)","background-image":"","background-repeat":"repeat","background-position":"center center","background-size":"auto","background-attachment":"scroll","background-type":"","background-media":"","overlay-type":"","overlay-color":"","overlay-opacity":"","overlay-gradient":""},"tablet":{"background-color":"","background-image":"","background-repeat":"repeat","background-position":"center center","background-size":"auto","background-attachment":"scroll","background-type":"","background-media":"","overlay-type":"","overlay-color":"","overlay-opacity":"","overlay-gradient":""},"mobile":{"background-color":"","background-image":"","background-repeat":"repeat","background-position":"center center","background-size":"auto","background-attachment":"scroll","background-type":"","background-media":"","overlay-type":"","overlay-color":"","overlay-opacity":"","overlay-gradient":""}},"ast-content-background-meta":{"desktop":{"background-color":"var(--ast-global-color-5)","background-image":"","background-repeat":"repeat","background-position":"center center","background-size":"auto","background-attachment":"scroll","background-type":"","background-media":"","overlay-type":"","overlay-color":"","overlay-opacity":"","overlay-gradient":""},"tablet":{"background-color":"var(--ast-global-color-5)","background-image":"","background-repeat":"repeat","background-position":"center center","background-size":"auto","background-attachment":"scroll","background-type":"","background-media":"","overlay-type":"","overlay-color":"","overlay-opacity":"","overlay-gradient":""},"mobile":{"background-color":"var(--ast-global-color-5)","background-image":"","background-repeat":"repeat","background-position":"center center","background-size":"auto","background-attachment":"scroll","background-type":"","background-media":"","overlay-type":"","overlay-color":"","overlay-opacity":"","overlay-gradient":""}},"footnotes":""},"class_list":["post-11294","page","type-page","status-publish","hentry"],"acf":[],"yoast_head":"<!-- This site is optimized with the Yoast SEO plugin v27.4 - https:\/\/yoast.com\/product\/yoast-seo-wordpress\/ -->\n<title>Dodo-Inflatables.com | Min\u0151s\u00edtett, kiv\u00e1l\u00f3 min\u0151s\u00e9g\u0171 felf\u00fajhat\u00f3 j\u00e1t\u00e9kok \u00e9s ugr\u00e1l\u00f3v\u00e1rak<\/title>\n<meta name=\"description\" content=\"Tapasztalja meg a kiv\u00e1l\u00f3s\u00e1got a Dodo Inflatables-szel! Ugr\u00e1l\u00f3v\u00e1raink DIN EN 14960 tan\u00fas\u00edtv\u00e1nnyal rendelkeznek, \u00edgy a legmagasabb biztons\u00e1gi el\u0151\u00edr\u00e1soknak megfelel\u0151en garant\u00e1lj\u00e1k az \u00d6n ugr\u00e1l\u00f3s \u00f6r\u00f6m\u00e9t.\" \/>\n<meta name=\"robots\" content=\"index, follow, max-snippet:-1, max-image-preview:large, max-video-preview:-1\" \/>\n<link rel=\"canonical\" href=\"https:\/\/dodo-inflatables.com\/hu\/minosegunk\/\" \/>\n<meta name=\"twitter:label1\" content=\"Becs\u00fclt olvas\u00e1si id\u0151\" \/>\n\t<meta name=\"twitter:data1\" content=\"1 perc\" \/>\n<script type=\"application\/ld+json\" class=\"yoast-schema-graph\">{\"@context\":\"https:\\\/\\\/schema.org\",\"@graph\":[{\"@type\":\"WebPage\",\"@id\":\"https:\\\/\\\/dodo-inflatables.com\\\/hu\\\/minosegunk\\\/\",\"url\":\"https:\\\/\\\/dodo-inflatables.com\\\/hu\\\/minosegunk\\\/\",\"name\":\"Dodo-Inflatables.com | Min\u0151s\u00edtett, kiv\u00e1l\u00f3 min\u0151s\u00e9g\u0171 felf\u00fajhat\u00f3 j\u00e1t\u00e9kok \u00e9s ugr\u00e1l\u00f3v\u00e1rak\",\"isPartOf\":{\"@id\":\"https:\\\/\\\/dodo-inflatables.com\\\/hu\\\/#website\"},\"primaryImageOfPage\":{\"@id\":\"https:\\\/\\\/dodo-inflatables.com\\\/hu\\\/minosegunk\\\/#primaryimage\"},\"image\":{\"@id\":\"https:\\\/\\\/dodo-inflatables.com\\\/hu\\\/minosegunk\\\/#primaryimage\"},\"thumbnailUrl\":\"https:\\\/\\\/dodo-inflatables.com\\\/wp-content\\\/uploads\\\/2022\\\/01\\\/banner_dunkel-kleiner-1-1024x397.jpg\",\"datePublished\":\"2019-03-01T12:01:27+00:00\",\"dateModified\":\"2024-08-19T12:44:14+00:00\",\"description\":\"Tapasztalja meg a kiv\u00e1l\u00f3s\u00e1got a Dodo Inflatables-szel! Ugr\u00e1l\u00f3v\u00e1raink DIN EN 14960 tan\u00fas\u00edtv\u00e1nnyal rendelkeznek, \u00edgy a legmagasabb biztons\u00e1gi el\u0151\u00edr\u00e1soknak megfelel\u0151en garant\u00e1lj\u00e1k az \u00d6n ugr\u00e1l\u00f3s \u00f6r\u00f6m\u00e9t.\",\"breadcrumb\":{\"@id\":\"https:\\\/\\\/dodo-inflatables.com\\\/hu\\\/minosegunk\\\/#breadcrumb\"},\"inLanguage\":\"hu\",\"potentialAction\":[{\"@type\":\"ReadAction\",\"target\":[\"https:\\\/\\\/dodo-inflatables.com\\\/hu\\\/minosegunk\\\/\"]}]},{\"@type\":\"ImageObject\",\"inLanguage\":\"hu\",\"@id\":\"https:\\\/\\\/dodo-inflatables.com\\\/hu\\\/minosegunk\\\/#primaryimage\",\"url\":\"https:\\\/\\\/dodo-inflatables.com\\\/wp-content\\\/uploads\\\/2022\\\/01\\\/banner_dunkel-kleiner-1-1024x397.jpg\",\"contentUrl\":\"https:\\\/\\\/dodo-inflatables.com\\\/wp-content\\\/uploads\\\/2022\\\/01\\\/banner_dunkel-kleiner-1-1024x397.jpg\"},{\"@type\":\"BreadcrumbList\",\"@id\":\"https:\\\/\\\/dodo-inflatables.com\\\/hu\\\/minosegunk\\\/#breadcrumb\",\"itemListElement\":[{\"@type\":\"ListItem\",\"position\":1,\"name\":\"Kezd\u0151lap\",\"item\":\"https:\\\/\\\/dodo-inflatables.com\\\/hu\\\/\"},{\"@type\":\"ListItem\",\"position\":2,\"name\":\"Min\u0151s\u00e9g\u00fcnk\"}]},{\"@type\":\"WebSite\",\"@id\":\"https:\\\/\\\/dodo-inflatables.com\\\/hu\\\/#website\",\"url\":\"https:\\\/\\\/dodo-inflatables.com\\\/hu\\\/\",\"name\":\"dodo-inflatables.com\",\"description\":\"V\u00e1s\u00e1roljon ugr\u00e1l\u00f3v\u00e1rakat \u00e9s l\u00e1tnival\u00f3kat \u00fczlet\u00fcnkben.\",\"publisher\":{\"@id\":\"https:\\\/\\\/dodo-inflatables.com\\\/hu\\\/#organization\"},\"potentialAction\":[{\"@type\":\"SearchAction\",\"target\":{\"@type\":\"EntryPoint\",\"urlTemplate\":\"https:\\\/\\\/dodo-inflatables.com\\\/hu\\\/?s={search_term_string}\"},\"query-input\":{\"@type\":\"PropertyValueSpecification\",\"valueRequired\":true,\"valueName\":\"search_term_string\"}}],\"inLanguage\":\"hu\"},{\"@type\":\"Organization\",\"@id\":\"https:\\\/\\\/dodo-inflatables.com\\\/hu\\\/#organization\",\"name\":\"dodo-inflatables.com\",\"url\":\"https:\\\/\\\/dodo-inflatables.com\\\/hu\\\/\",\"logo\":{\"@type\":\"ImageObject\",\"inLanguage\":\"hu\",\"@id\":\"https:\\\/\\\/dodo-inflatables.com\\\/hu\\\/#\\\/schema\\\/logo\\\/image\\\/\",\"url\":\"https:\\\/\\\/dodo-inflatables.com\\\/wp-content\\\/uploads\\\/2023\\\/04\\\/cropped-cropped-cropped-Dodo-Logo.png\",\"contentUrl\":\"https:\\\/\\\/dodo-inflatables.com\\\/wp-content\\\/uploads\\\/2023\\\/04\\\/cropped-cropped-cropped-Dodo-Logo.png\",\"width\":2996,\"height\":1545,\"caption\":\"dodo-inflatables.com\"},\"image\":{\"@id\":\"https:\\\/\\\/dodo-inflatables.com\\\/hu\\\/#\\\/schema\\\/logo\\\/image\\\/\"}}]}<\/script>\n<!-- \/ Yoast SEO plugin. -->","yoast_head_json":{"title":"Dodo-Inflatables.com | Min\u0151s\u00edtett, kiv\u00e1l\u00f3 min\u0151s\u00e9g\u0171 felf\u00fajhat\u00f3 j\u00e1t\u00e9kok \u00e9s ugr\u00e1l\u00f3v\u00e1rak","description":"Tapasztalja meg a kiv\u00e1l\u00f3s\u00e1got a Dodo Inflatables-szel! Ugr\u00e1l\u00f3v\u00e1raink DIN EN 14960 tan\u00fas\u00edtv\u00e1nnyal rendelkeznek, \u00edgy a legmagasabb biztons\u00e1gi el\u0151\u00edr\u00e1soknak megfelel\u0151en garant\u00e1lj\u00e1k az \u00d6n ugr\u00e1l\u00f3s \u00f6r\u00f6m\u00e9t.","robots":{"index":"index","follow":"follow","max-snippet":"max-snippet:-1","max-image-preview":"max-image-preview:large","max-video-preview":"max-video-preview:-1"},"canonical":"https:\/\/dodo-inflatables.com\/hu\/minosegunk\/","twitter_misc":{"Becs\u00fclt olvas\u00e1si id\u0151":"1 perc"},"schema":{"@context":"https:\/\/schema.org","@graph":[{"@type":"WebPage","@id":"https:\/\/dodo-inflatables.com\/hu\/minosegunk\/","url":"https:\/\/dodo-inflatables.com\/hu\/minosegunk\/","name":"Dodo-Inflatables.com | Min\u0151s\u00edtett, kiv\u00e1l\u00f3 min\u0151s\u00e9g\u0171 felf\u00fajhat\u00f3 j\u00e1t\u00e9kok \u00e9s ugr\u00e1l\u00f3v\u00e1rak","isPartOf":{"@id":"https:\/\/dodo-inflatables.com\/hu\/#website"},"primaryImageOfPage":{"@id":"https:\/\/dodo-inflatables.com\/hu\/minosegunk\/#primaryimage"},"image":{"@id":"https:\/\/dodo-inflatables.com\/hu\/minosegunk\/#primaryimage"},"thumbnailUrl":"https:\/\/dodo-inflatables.com\/wp-content\/uploads\/2022\/01\/banner_dunkel-kleiner-1-1024x397.jpg","datePublished":"2019-03-01T12:01:27+00:00","dateModified":"2024-08-19T12:44:14+00:00","description":"Tapasztalja meg a kiv\u00e1l\u00f3s\u00e1got a Dodo Inflatables-szel! Ugr\u00e1l\u00f3v\u00e1raink DIN EN 14960 tan\u00fas\u00edtv\u00e1nnyal rendelkeznek, \u00edgy a legmagasabb biztons\u00e1gi el\u0151\u00edr\u00e1soknak megfelel\u0151en garant\u00e1lj\u00e1k az \u00d6n ugr\u00e1l\u00f3s \u00f6r\u00f6m\u00e9t.","breadcrumb":{"@id":"https:\/\/dodo-inflatables.com\/hu\/minosegunk\/#breadcrumb"},"inLanguage":"hu","potentialAction":[{"@type":"ReadAction","target":["https:\/\/dodo-inflatables.com\/hu\/minosegunk\/"]}]},{"@type":"ImageObject","inLanguage":"hu","@id":"https:\/\/dodo-inflatables.com\/hu\/minosegunk\/#primaryimage","url":"https:\/\/dodo-inflatables.com\/wp-content\/uploads\/2022\/01\/banner_dunkel-kleiner-1-1024x397.jpg","contentUrl":"https:\/\/dodo-inflatables.com\/wp-content\/uploads\/2022\/01\/banner_dunkel-kleiner-1-1024x397.jpg"},{"@type":"BreadcrumbList","@id":"https:\/\/dodo-inflatables.com\/hu\/minosegunk\/#breadcrumb","itemListElement":[{"@type":"ListItem","position":1,"name":"Kezd\u0151lap","item":"https:\/\/dodo-inflatables.com\/hu\/"},{"@type":"ListItem","position":2,"name":"Min\u0151s\u00e9g\u00fcnk"}]},{"@type":"WebSite","@id":"https:\/\/dodo-inflatables.com\/hu\/#website","url":"https:\/\/dodo-inflatables.com\/hu\/","name":"dodo-inflatables.com","description":"V\u00e1s\u00e1roljon ugr\u00e1l\u00f3v\u00e1rakat \u00e9s l\u00e1tnival\u00f3kat \u00fczlet\u00fcnkben.","publisher":{"@id":"https:\/\/dodo-inflatables.com\/hu\/#organization"},"potentialAction":[{"@type":"SearchAction","target":{"@type":"EntryPoint","urlTemplate":"https:\/\/dodo-inflatables.com\/hu\/?s={search_term_string}"},"query-input":{"@type":"PropertyValueSpecification","valueRequired":true,"valueName":"search_term_string"}}],"inLanguage":"hu"},{"@type":"Organization","@id":"https:\/\/dodo-inflatables.com\/hu\/#organization","name":"dodo-inflatables.com","url":"https:\/\/dodo-inflatables.com\/hu\/","logo":{"@type":"ImageObject","inLanguage":"hu","@id":"https:\/\/dodo-inflatables.com\/hu\/#\/schema\/logo\/image\/","url":"https:\/\/dodo-inflatables.com\/wp-content\/uploads\/2023\/04\/cropped-cropped-cropped-Dodo-Logo.png","contentUrl":"https:\/\/dodo-inflatables.com\/wp-content\/uploads\/2023\/04\/cropped-cropped-cropped-Dodo-Logo.png","width":2996,"height":1545,"caption":"dodo-inflatables.com"},"image":{"@id":"https:\/\/dodo-inflatables.com\/hu\/#\/schema\/logo\/image\/"}}]}},"uagb_featured_image_src":{"full":false,"thumbnail":false,"medium":false,"medium_large":false,"large":false,"1536x1536":false,"2048x2048":false,"woocommerce_thumbnail":false,"woocommerce_single":false,"woocommerce_gallery_thumbnail":false},"uagb_author_info":{"display_name":"Andreas","author_link":"https:\/\/dodo-inflatables.com\/hu\/author\/andreas\/"},"uagb_comment_info":0,"uagb_excerpt":"Min\u0151s\u00e9g\u00fcnk Az \u00e9rdekl\u0151d\u0151k \u00e9s a potenci\u00e1lis \u00fcgyfelek folyamatosan k\u00e9rdezik t\u0151l\u00fcnk: &#8222;J\u00f3 min\u0151s\u00e9g\u0171ek-e a felf\u00fajhat\u00f3 l\u00e9gv\u00e1rak?&#8221;. Csak annyit mondhatunk egy\u00e9rtelm\u0171en: Igen! A felf\u00fajhat\u00f3 l\u00e9gv\u00e1rakat kiz\u00e1r\u00f3lag a mi szigor\u00fa el\u0151\u00edr\u00e1sainknak megfelel\u0151en gy\u00e1rtjuk \u00e9s ellen\u0151rizz\u00fck. Term\u00e9keink min\u0151s\u00e9g\u00e9t a k\u00f6vetkez\u0151 jellemz\u0151k jellemzik: Mi magunk is \u00e9vek \u00f3ta b\u00e9rbe adunk n\u00e9h\u00e1ny felf\u00fajhat\u00f3 l\u00e9gv\u00e1rat, \u00e9s saj\u00e1t szem\u00fcnkkel gy\u0151z\u0151dhett\u00fcnk meg a min\u0151s\u00e9gr\u0151l&hellip;","_links":{"self":[{"href":"https:\/\/dodo-inflatables.com\/hu\/wp-json\/wp\/v2\/pages\/11294","targetHints":{"allow":["GET"]}}],"collection":[{"href":"https:\/\/dodo-inflatables.com\/hu\/wp-json\/wp\/v2\/pages"}],"about":[{"href":"https:\/\/dodo-inflatables.com\/hu\/wp-json\/wp\/v2\/types\/page"}],"author":[{"embeddable":true,"href":"https:\/\/dodo-inflatables.com\/hu\/wp-json\/wp\/v2\/users\/1"}],"replies":[{"embeddable":true,"href":"https:\/\/dodo-inflatables.com\/hu\/wp-json\/wp\/v2\/comments?post=11294"}],"version-history":[{"count":2,"href":"https:\/\/dodo-inflatables.com\/hu\/wp-json\/wp\/v2\/pages\/11294\/revisions"}],"predecessor-version":[{"id":11296,"href":"https:\/\/dodo-inflatables.com\/hu\/wp-json\/wp\/v2\/pages\/11294\/revisions\/11296"}],"wp:attachment":[{"href":"https:\/\/dodo-inflatables.com\/hu\/wp-json\/wp\/v2\/media?parent=11294"}],"curies":[{"name":"wp","href":"https:\/\/api.w.org\/{rel}","templated":true}]}}