{"id":105686,"date":"2026-04-04T13:54:46","date_gmt":"2026-04-04T11:54:46","guid":{"rendered":"https:\/\/dodo-inflatables.com\/dodo-relaunch?product=starter-set-nagy-huawei-15-hp"},"modified":"2026-04-04T13:54:46","modified_gmt":"2026-04-04T11:54:46","slug":"starter-set-nagy-huawei-15-hp","status":"publish","type":"product","link":"https:\/\/dodo-inflatables.com\/hu\/termek\/starter-set-nagy-huawei-15-hp\/","title":{"rendered":"Starter Set nagy &#8211; Huawei 1,5 HP"},"content":{"rendered":"<h2>Starter Set nagy &#8211; Huawei \u2013 Minden, amire sz\u00fcks\u00e9ge van az ugr\u00e1l\u00f3v\u00e1r t\u00f6k\u00e9letes kezd\u00e9s\u00e9hez!<\/h2>\n<p>&nbsp;<br \/>\nV\u00e1s\u00e1rolt egy ugr\u00e1l\u00f3v\u00e1rat \u00e9s azonnal el szeretne kezdeni? Akkor a Starter Set nagy &#8211; Huawei pontosan az, amire sz\u00fcks\u00e9ge van! Tartalmazza az \u00f6sszes alapvet\u0151 kieg\u00e9sz\u00edt\u0151t, amelyre sz\u00fcks\u00e9ge van az ugr\u00e1l\u00f3v\u00e1r biztons\u00e1gos \u00e9s zavartalan m\u0171k\u00f6d\u00e9s\u00e9hez \u2013 \u00e9s b\u00f3nuszk\u00e9nt egy dupla defl\u00e1tor is ingyenesen mell\u00e9kelve van!<br \/>\n<em><strong>Ez a csomag tartalmazza:<\/strong><\/em><br \/>\n\u2705 <strong>Huawei f\u00fav\u00f3 (1,5 HP) &#8211; <\/strong><br \/>\nEgy er\u0151s \u00e9s megb\u00edzhat\u00f3 f\u00fav\u00f3 minden ugr\u00e1l\u00f3v\u00e1r sz\u00edve. A Huawei 1,5 HP f\u00fav\u00f3 gyors \u00e9s egyenletes felf\u00faj\u00e1st biztos\u00edt, \u00edgy ugr\u00e1l\u00f3v\u00e1ra pillanatok alatt haszn\u00e1latra k\u00e9sz. Hat\u00e9konyan m\u0171k\u00f6dik, tart\u00f3sra k\u00e9sz\u00fclt \u00e9s t\u00f6k\u00e9letesen megfelel a felf\u00fajhat\u00f3 ugr\u00e1l\u00f3v\u00e1rak k\u00f6vetelm\u00e9nyeinek.<br \/>\n\u2705 <strong>C\u00f6vekek a biztons\u00e1gos r\u00f6gz\u00edt\u00e9shez &#8211; <\/strong><br \/>\nAz ugr\u00e1l\u00f3v\u00e1r stabilan \u00e9s biztons\u00e1gosan tart\u00e1s\u00e1hoz a csomagban kiv\u00e1l\u00f3 min\u0151s\u00e9g\u0171 c\u00f6vekek tal\u00e1lhat\u00f3k. Seg\u00edtenek biztos\u00edtani, hogy a felf\u00fajhat\u00f3 konstrukci\u00f3 szil\u00e1rdan a hely\u00e9n maradjon, m\u00e9g intenz\u00edv haszn\u00e1lat \u00e9s energikus ugr\u00e1l\u00e1s k\u00f6zben is, \u00e9s k\u00f6nny\u0171 sz\u00e9lviszonyok eset\u00e9n is fokozott biztons\u00e1got ny\u00fajtanak. Egyszer\u0171 haszn\u00e1lat, maxim\u00e1lis biztons\u00e1g!<br \/>\n\u2705 <strong>Al\u00e1t\u00e9tponyva (5 x 6 m) \u2013 V\u00e9delem az ugr\u00e1l\u00f3v\u00e1rhoz &#8211; <\/strong><br \/>\nEgy j\u00f3 al\u00e1t\u00e9tponyva elengedhetetlen az ugr\u00e1l\u00f3v\u00e1r v\u00e9delm\u00e9hez a piszokt\u00f3l, kis k\u00f6vekt\u0151l \u00e9s egyenetlen fel\u00fcletekt\u0151l. A mell\u00e9kelt 5 x 6 m-es al\u00e1t\u00e9tponyva tart\u00f3s v\u00e9d\u0151r\u00e9teget biztos\u00edt \u00e9s seg\u00edt meghosszabb\u00edtani a felf\u00fajhat\u00f3 konstrukci\u00f3 \u00e9lettartam\u00e1t.<br \/>\n\u2705 <strong>Biztons\u00e1gi sz\u0151nyegek extra v\u00e9delem\u00e9rt<\/strong><br \/>\n1x nagy biztons\u00e1gi sz\u0151nyeg \u2013 Ide\u00e1lis k\u00fcl\u00f6n\u00f6sen \u00e9rz\u00e9keny ter\u00fcletekre, mint p\u00e9ld\u00e1ul a bej\u00e1rat vagy a cs\u00faszda ter\u00fclete.<br \/>\n2x kis biztons\u00e1gi sz\u0151nyeg \u2013 Kieg\u00e9sz\u00edt\u0151 v\u00e9delem tov\u00e1bbi be- \u00e9s kisz\u00e1ll\u00e1si z\u00f3n\u00e1khoz.<br \/>\n\ud83d\udca8 <strong>Ingyen mell\u00e9kelve: Dupla defl\u00e1tor \u2013 a gyorsabb csomagol\u00e1shoz! &#8211; <\/strong><br \/>\nAmikor a m\u00f3ka v\u00e9get \u00e9r, az ugr\u00e1l\u00f3v\u00e1rat le kell engedni \u00e9s el kell csomagolni \u2013 \u00e9s pontosan itt j\u00f6n a defl\u00e1tor! Ez a praktikus kieg\u00e9sz\u00edt\u0151 seg\u00edt sokkal gyorsabban elt\u00e1vol\u00edtani a leveg\u0151t, \u00edgy a csomagol\u00e1s gyors \u00e9s egyszer\u0171.<br \/>\n<strong>Mi\u00e9rt v\u00e1lassza ezt a starter setet?<\/strong><br \/>\n\u2714 <em>T\u00f6k\u00e9letesen illeszked\u0151 kieg\u00e9sz\u00edt\u0151k<\/em> \u2013 Minden, amire sz\u00fcks\u00e9ge van a kezd\u00e9shez egy praktikus csomagban.<br \/>\n\u2714 <em>Maxim\u00e1lis biztons\u00e1g<\/em> \u2013 A biztons\u00e1gi sz\u0151nyegeknek k\u00f6sz\u00f6nhet\u0151en a be- \u00e9s kisz\u00e1ll\u00e1si ter\u00fcleteken.<br \/>\n\u2714 <em>Gyors fel\u00e1ll\u00edt\u00e1s \u00e9s biztons\u00e1gos m\u0171k\u00f6d\u00e9s<\/em> \u2013 A hat\u00e9kony f\u00fav\u00f3nak \u00e9s a robusztus c\u00f6vekeknek k\u00f6sz\u00f6nhet\u0151en.<br \/>\n\u2714 <em>Hosszabb \u00e9lettartam az ugr\u00e1l\u00f3v\u00e1rnak<\/em> \u2013 A v\u00e9d\u0151 al\u00e1t\u00e9tponyv\u00e1val.<br \/>\n\u2714 <em>Egyszer\u0171bb csomagol\u00e1s<\/em> \u2013 Az ingyenes dupla defl\u00e1tor id\u0151t \u00e9s f\u00e1rads\u00e1got takar\u00edt meg!<br \/>\nA Starter Set nagy &#8211; Huawei-vel teljesen felszerelt \u00e9s azonnal k\u00e9szen \u00e1ll a kezd\u00e9sre.<\/p>\n","protected":false},"excerpt":{"rendered":"<p>\u2714 <em>T\u00f6k\u00e9letesen illeszked\u0151 kieg\u00e9sz\u00edt\u0151k<\/em> \u2013 Minden, amire sz\u00fcks\u00e9ge van a kezd\u00e9shez egy praktikus csomagban.<br \/>\n\u2714 <em>Maxim\u00e1lis biztons\u00e1g<\/em> \u2013 A biztons\u00e1gi sz\u0151nyegeknek k\u00f6sz\u00f6nhet\u0151en a be- \u00e9s kisz\u00e1ll\u00e1si ter\u00fcleteken.<br \/>\n\u2714 <em>Gyors fel\u00e1ll\u00edt\u00e1s \u00e9s biztons\u00e1gos m\u0171k\u00f6d\u00e9s<\/em> \u2013 A hat\u00e9kony f\u00fav\u00f3nak \u00e9s a robusztus c\u00f6vekeknek k\u00f6sz\u00f6nhet\u0151en.<br \/>\n\u2714 <em>Hosszabb \u00e9lettartam az ugr\u00e1l\u00f3v\u00e1rnak<\/em> \u2013 A v\u00e9d\u0151 al\u00e1t\u00e9tponyv\u00e1val.<br \/>\n\u2714 <em>Egyszer\u0171bb csomagol\u00e1s<\/em> \u2013 Az ingyenes dupla defl\u00e1tor id\u0151t \u00e9s f\u00e1rads\u00e1got takar\u00edt meg!<\/p>\n","protected":false},"featured_media":105685,"comment_status":"open","ping_status":"closed","template":"","meta":{"_acf_changed":false,"_uag_custom_page_level_css":"","site-sidebar-layout":"default","site-content-layout":"boxed-container","ast-site-content-layout":"normal-width-container","site-content-style":"boxed","site-sidebar-style":"default","ast-global-header-display":"","ast-banner-title-visibility":"","ast-main-header-display":"","ast-hfb-above-header-display":"","ast-hfb-below-header-display":"","ast-hfb-mobile-header-display":"","site-post-title":"disabled","ast-breadcrumbs-content":"","ast-featured-img":"","footer-sml-layout":"","ast-disable-related-posts":"","theme-transparent-header-meta":"default","adv-header-id-meta":"","stick-header-meta":"default","header-above-stick-meta":"","header-main-stick-meta":"","header-below-stick-meta":"","astra-migrate-meta-layouts":"default","ast-page-background-enabled":"default","ast-page-background-meta":{"desktop":{"background-color":"var(--ast-global-color-4)","background-image":"","background-repeat":"repeat","background-position":"center center","background-size":"auto","background-attachment":"scroll","background-type":"","background-media":"","overlay-type":"","overlay-color":"","overlay-opacity":"","overlay-gradient":""},"tablet":{"background-color":"","background-image":"","background-repeat":"repeat","background-position":"center center","background-size":"auto","background-attachment":"scroll","background-type":"","background-media":"","overlay-type":"","overlay-color":"","overlay-opacity":"","overlay-gradient":""},"mobile":{"background-color":"","background-image":"","background-repeat":"repeat","background-position":"center center","background-size":"auto","background-attachment":"scroll","background-type":"","background-media":"","overlay-type":"","overlay-color":"","overlay-opacity":"","overlay-gradient":""}},"ast-content-background-meta":{"desktop":{"background-color":"var(--ast-global-color-5)","background-image":"","background-repeat":"repeat","background-position":"center center","background-size":"auto","background-attachment":"scroll","background-type":"","background-media":"","overlay-type":"","overlay-color":"","overlay-opacity":"","overlay-gradient":""},"tablet":{"background-color":"var(--ast-global-color-5)","background-image":"","background-repeat":"repeat","background-position":"center center","background-size":"auto","background-attachment":"scroll","background-type":"","background-media":"","overlay-type":"","overlay-color":"","overlay-opacity":"","overlay-gradient":""},"mobile":{"background-color":"var(--ast-global-color-5)","background-image":"","background-repeat":"repeat","background-position":"center center","background-size":"auto","background-attachment":"scroll","background-type":"","background-media":"","overlay-type":"","overlay-color":"","overlay-opacity":"","overlay-gradient":""}}},"product_brand":[],"product_cat":[829],"product_tag":[],"class_list":{"0":"post-105686","1":"product","2":"type-product","3":"status-publish","4":"has-post-thumbnail","6":"product_cat-kiegeszitok","7":"product_shipping_class-spedition-hupfburg-hu","8":"desktop-align-center","9":"tablet-align-center","10":"mobile-align-center","11":"ast-product-gallery-layout-horizontal","12":"ast-product-tabs-layout-horizontal","14":"first","15":"instock","16":"sale","17":"taxable","18":"shipping-taxable","19":"purchasable","20":"product-type-simple"},"acf":[],"yoast_head":"<!-- This site is optimized with the Yoast SEO plugin v27.5 - https:\/\/yoast.com\/product\/yoast-seo-wordpress\/ -->\n<title>Starter Set nagy - Huawei 1,5 HP ugr\u00e1l\u00f3v\u00e1rakhoz | Dodo Inflatables<\/title>\n<meta name=\"description\" content=\"Starter Set nagy - Huawei 1,5 HP \u2013 f\u00fav\u00f3, c\u00f6vekek, al\u00e1t\u00e9tponyva 5 x 6 m, biztons\u00e1gi sz\u0151nyegek \u00e9s ingyenes dupla defl\u00e1tor. Minden az ugr\u00e1l\u00f3v\u00e1r t\u00f6k\u00e9letes kezd\u00e9s\u00e9hez.\" \/>\n<meta name=\"robots\" content=\"index, follow, max-snippet:-1, max-image-preview:large, max-video-preview:-1\" \/>\n<link rel=\"canonical\" href=\"https:\/\/dodo-inflatables.com\/hu\/termek\/starter-set-nagy-huawei-15-hp\/\" \/>\n<meta name=\"twitter:label1\" content=\"Becs\u00fclt olvas\u00e1si id\u0151\" \/>\n\t<meta name=\"twitter:data1\" content=\"3 perc\" \/>\n<script type=\"application\/ld+json\" class=\"yoast-schema-graph\">{\"@context\":\"https:\\\/\\\/schema.org\",\"@graph\":[{\"@type\":\"WebPage\",\"@id\":\"https:\\\/\\\/dodo-inflatables.com\\\/hu\\\/termek\\\/starter-set-nagy-huawei-15-hp\\\/\",\"url\":\"https:\\\/\\\/dodo-inflatables.com\\\/hu\\\/termek\\\/starter-set-nagy-huawei-15-hp\\\/\",\"name\":\"Starter Set nagy - Huawei 1,5 HP ugr\u00e1l\u00f3v\u00e1rakhoz | Dodo Inflatables\",\"isPartOf\":{\"@id\":\"https:\\\/\\\/dodo-inflatables.com\\\/hu\\\/#website\"},\"primaryImageOfPage\":{\"@id\":\"https:\\\/\\\/dodo-inflatables.com\\\/hu\\\/termek\\\/starter-set-nagy-huawei-15-hp\\\/#primaryimage\"},\"image\":{\"@id\":\"https:\\\/\\\/dodo-inflatables.com\\\/hu\\\/termek\\\/starter-set-nagy-huawei-15-hp\\\/#primaryimage\"},\"thumbnailUrl\":\"https:\\\/\\\/dodo-inflatables.com\\\/wp-content\\\/uploads\\\/2026\\\/04\\\/Starterset-gross-huawei.png\",\"datePublished\":\"2026-04-04T11:54:46+00:00\",\"description\":\"Starter Set nagy - Huawei 1,5 HP \u2013 f\u00fav\u00f3, c\u00f6vekek, al\u00e1t\u00e9tponyva 5 x 6 m, biztons\u00e1gi sz\u0151nyegek \u00e9s ingyenes dupla defl\u00e1tor. Minden az ugr\u00e1l\u00f3v\u00e1r t\u00f6k\u00e9letes kezd\u00e9s\u00e9hez.\",\"breadcrumb\":{\"@id\":\"https:\\\/\\\/dodo-inflatables.com\\\/hu\\\/termek\\\/starter-set-nagy-huawei-15-hp\\\/#breadcrumb\"},\"inLanguage\":\"hu\",\"potentialAction\":[{\"@type\":\"ReadAction\",\"target\":[\"https:\\\/\\\/dodo-inflatables.com\\\/hu\\\/termek\\\/starter-set-nagy-huawei-15-hp\\\/\"]}]},{\"@type\":\"ImageObject\",\"inLanguage\":\"hu\",\"@id\":\"https:\\\/\\\/dodo-inflatables.com\\\/hu\\\/termek\\\/starter-set-nagy-huawei-15-hp\\\/#primaryimage\",\"url\":\"https:\\\/\\\/dodo-inflatables.com\\\/wp-content\\\/uploads\\\/2026\\\/04\\\/Starterset-gross-huawei.png\",\"contentUrl\":\"https:\\\/\\\/dodo-inflatables.com\\\/wp-content\\\/uploads\\\/2026\\\/04\\\/Starterset-gross-huawei.png\",\"width\":1000,\"height\":1000,\"caption\":\"Starter Set nagy - Huawei 2 HP ugr\u00e1l\u00f3v\u00e1rakhoz | Dodo Inflatables\"},{\"@type\":\"BreadcrumbList\",\"@id\":\"https:\\\/\\\/dodo-inflatables.com\\\/hu\\\/termek\\\/starter-set-nagy-huawei-15-hp\\\/#breadcrumb\",\"itemListElement\":[{\"@type\":\"ListItem\",\"position\":1,\"name\":\"Kezd\u0151lap\",\"item\":\"https:\\\/\\\/dodo-inflatables.com\\\/hu\\\/\"},{\"@type\":\"ListItem\",\"position\":2,\"name\":\"Shop\",\"item\":\"https:\\\/\\\/dodo-inflatables.com\\\/hu\\\/shop\\\/\"},{\"@type\":\"ListItem\",\"position\":3,\"name\":\"Starter Set nagy &#8211; Huawei 1,5 HP\"}]},{\"@type\":\"WebSite\",\"@id\":\"https:\\\/\\\/dodo-inflatables.com\\\/hu\\\/#website\",\"url\":\"https:\\\/\\\/dodo-inflatables.com\\\/hu\\\/\",\"name\":\"dodo-inflatables.com\",\"description\":\"V\u00e1s\u00e1roljon ugr\u00e1l\u00f3v\u00e1rakat \u00e9s l\u00e1tnival\u00f3kat \u00fczlet\u00fcnkben.\",\"potentialAction\":[{\"@type\":\"SearchAction\",\"target\":{\"@type\":\"EntryPoint\",\"urlTemplate\":\"https:\\\/\\\/dodo-inflatables.com\\\/hu\\\/?s={search_term_string}\"},\"query-input\":{\"@type\":\"PropertyValueSpecification\",\"valueRequired\":true,\"valueName\":\"search_term_string\"}}],\"inLanguage\":\"hu\"}]}<\/script>\n<!-- \/ Yoast SEO plugin. -->","yoast_head_json":{"title":"Starter Set nagy - Huawei 1,5 HP ugr\u00e1l\u00f3v\u00e1rakhoz | Dodo Inflatables","description":"Starter Set nagy - Huawei 1,5 HP \u2013 f\u00fav\u00f3, c\u00f6vekek, al\u00e1t\u00e9tponyva 5 x 6 m, biztons\u00e1gi sz\u0151nyegek \u00e9s ingyenes dupla defl\u00e1tor. Minden az ugr\u00e1l\u00f3v\u00e1r t\u00f6k\u00e9letes kezd\u00e9s\u00e9hez.","robots":{"index":"index","follow":"follow","max-snippet":"max-snippet:-1","max-image-preview":"max-image-preview:large","max-video-preview":"max-video-preview:-1"},"canonical":"https:\/\/dodo-inflatables.com\/hu\/termek\/starter-set-nagy-huawei-15-hp\/","twitter_misc":{"Becs\u00fclt olvas\u00e1si id\u0151":"3 perc"},"schema":{"@context":"https:\/\/schema.org","@graph":[{"@type":"WebPage","@id":"https:\/\/dodo-inflatables.com\/hu\/termek\/starter-set-nagy-huawei-15-hp\/","url":"https:\/\/dodo-inflatables.com\/hu\/termek\/starter-set-nagy-huawei-15-hp\/","name":"Starter Set nagy - Huawei 1,5 HP ugr\u00e1l\u00f3v\u00e1rakhoz | Dodo Inflatables","isPartOf":{"@id":"https:\/\/dodo-inflatables.com\/hu\/#website"},"primaryImageOfPage":{"@id":"https:\/\/dodo-inflatables.com\/hu\/termek\/starter-set-nagy-huawei-15-hp\/#primaryimage"},"image":{"@id":"https:\/\/dodo-inflatables.com\/hu\/termek\/starter-set-nagy-huawei-15-hp\/#primaryimage"},"thumbnailUrl":"https:\/\/dodo-inflatables.com\/wp-content\/uploads\/2026\/04\/Starterset-gross-huawei.png","datePublished":"2026-04-04T11:54:46+00:00","description":"Starter Set nagy - Huawei 1,5 HP \u2013 f\u00fav\u00f3, c\u00f6vekek, al\u00e1t\u00e9tponyva 5 x 6 m, biztons\u00e1gi sz\u0151nyegek \u00e9s ingyenes dupla defl\u00e1tor. Minden az ugr\u00e1l\u00f3v\u00e1r t\u00f6k\u00e9letes kezd\u00e9s\u00e9hez.","breadcrumb":{"@id":"https:\/\/dodo-inflatables.com\/hu\/termek\/starter-set-nagy-huawei-15-hp\/#breadcrumb"},"inLanguage":"hu","potentialAction":[{"@type":"ReadAction","target":["https:\/\/dodo-inflatables.com\/hu\/termek\/starter-set-nagy-huawei-15-hp\/"]}]},{"@type":"ImageObject","inLanguage":"hu","@id":"https:\/\/dodo-inflatables.com\/hu\/termek\/starter-set-nagy-huawei-15-hp\/#primaryimage","url":"https:\/\/dodo-inflatables.com\/wp-content\/uploads\/2026\/04\/Starterset-gross-huawei.png","contentUrl":"https:\/\/dodo-inflatables.com\/wp-content\/uploads\/2026\/04\/Starterset-gross-huawei.png","width":1000,"height":1000,"caption":"Starter Set nagy - Huawei 2 HP ugr\u00e1l\u00f3v\u00e1rakhoz | Dodo Inflatables"},{"@type":"BreadcrumbList","@id":"https:\/\/dodo-inflatables.com\/hu\/termek\/starter-set-nagy-huawei-15-hp\/#breadcrumb","itemListElement":[{"@type":"ListItem","position":1,"name":"Kezd\u0151lap","item":"https:\/\/dodo-inflatables.com\/hu\/"},{"@type":"ListItem","position":2,"name":"Shop","item":"https:\/\/dodo-inflatables.com\/hu\/shop\/"},{"@type":"ListItem","position":3,"name":"Starter Set nagy &#8211; Huawei 1,5 HP"}]},{"@type":"WebSite","@id":"https:\/\/dodo-inflatables.com\/hu\/#website","url":"https:\/\/dodo-inflatables.com\/hu\/","name":"dodo-inflatables.com","description":"V\u00e1s\u00e1roljon ugr\u00e1l\u00f3v\u00e1rakat \u00e9s l\u00e1tnival\u00f3kat \u00fczlet\u00fcnkben.","potentialAction":[{"@type":"SearchAction","target":{"@type":"EntryPoint","urlTemplate":"https:\/\/dodo-inflatables.com\/hu\/?s={search_term_string}"},"query-input":{"@type":"PropertyValueSpecification","valueRequired":true,"valueName":"search_term_string"}}],"inLanguage":"hu"}]}},"uagb_featured_image_src":{"full":["https:\/\/dodo-inflatables.com\/wp-content\/uploads\/2026\/04\/Starterset-gross-huawei.png",1000,1000,false],"thumbnail":["https:\/\/dodo-inflatables.com\/wp-content\/uploads\/2026\/04\/Starterset-gross-huawei-150x150.png",150,150,true],"medium":["https:\/\/dodo-inflatables.com\/wp-content\/uploads\/2026\/04\/Starterset-gross-huawei-300x300.png",300,300,true],"medium_large":["https:\/\/dodo-inflatables.com\/wp-content\/uploads\/2026\/04\/Starterset-gross-huawei-768x768.png",768,768,true],"large":["https:\/\/dodo-inflatables.com\/wp-content\/uploads\/2026\/04\/Starterset-gross-huawei.png",1000,1000,false],"1536x1536":["https:\/\/dodo-inflatables.com\/wp-content\/uploads\/2026\/04\/Starterset-gross-huawei.png",1000,1000,false],"2048x2048":["https:\/\/dodo-inflatables.com\/wp-content\/uploads\/2026\/04\/Starterset-gross-huawei.png",1000,1000,false],"woocommerce_thumbnail":["https:\/\/dodo-inflatables.com\/wp-content\/uploads\/2026\/04\/Starterset-gross-huawei-900x900.png",900,900,true],"woocommerce_single":["https:\/\/dodo-inflatables.com\/wp-content\/uploads\/2026\/04\/Starterset-gross-huawei-900x900.png",900,900,true],"woocommerce_gallery_thumbnail":["https:\/\/dodo-inflatables.com\/wp-content\/uploads\/2026\/04\/Starterset-gross-huawei-100x100.png",100,100,true]},"uagb_author_info":{"display_name":"Andreas","author_link":"https:\/\/dodo-inflatables.com\/hu\/author\/"},"uagb_comment_info":0,"uagb_excerpt":"\u2714 T\u00f6k\u00e9letesen illeszked\u0151 kieg\u00e9sz\u00edt\u0151k \u2013 Minden, amire sz\u00fcks\u00e9ge van a kezd\u00e9shez egy praktikus csomagban. \u2714 Maxim\u00e1lis biztons\u00e1g \u2013 A biztons\u00e1gi sz\u0151nyegeknek k\u00f6sz\u00f6nhet\u0151en a be- \u00e9s kisz\u00e1ll\u00e1si ter\u00fcleteken. \u2714 Gyors fel\u00e1ll\u00edt\u00e1s \u00e9s biztons\u00e1gos m\u0171k\u00f6d\u00e9s \u2013 A hat\u00e9kony f\u00fav\u00f3nak \u00e9s a robusztus c\u00f6vekeknek k\u00f6sz\u00f6nhet\u0151en. \u2714 Hosszabb \u00e9lettartam az ugr\u00e1l\u00f3v\u00e1rnak \u2013 A v\u00e9d\u0151 al\u00e1t\u00e9tponyv\u00e1val. \u2714 Egyszer\u0171bb csomagol\u00e1s \u2013&hellip;","_links":{"self":[{"href":"https:\/\/dodo-inflatables.com\/hu\/wp-json\/wp\/v2\/product\/105686","targetHints":{"allow":["GET"]}}],"collection":[{"href":"https:\/\/dodo-inflatables.com\/hu\/wp-json\/wp\/v2\/product"}],"about":[{"href":"https:\/\/dodo-inflatables.com\/hu\/wp-json\/wp\/v2\/types\/product"}],"replies":[{"embeddable":true,"href":"https:\/\/dodo-inflatables.com\/hu\/wp-json\/wp\/v2\/comments?post=105686"}],"wp:featuredmedia":[{"embeddable":true,"href":"https:\/\/dodo-inflatables.com\/hu\/wp-json\/wp\/v2\/media\/105685"}],"wp:attachment":[{"href":"https:\/\/dodo-inflatables.com\/hu\/wp-json\/wp\/v2\/media?parent=105686"}],"wp:term":[{"taxonomy":"product_brand","embeddable":true,"href":"https:\/\/dodo-inflatables.com\/hu\/wp-json\/wp\/v2\/product_brand?post=105686"},{"taxonomy":"product_cat","embeddable":true,"href":"https:\/\/dodo-inflatables.com\/hu\/wp-json\/wp\/v2\/product_cat?post=105686"},{"taxonomy":"product_tag","embeddable":true,"href":"https:\/\/dodo-inflatables.com\/hu\/wp-json\/wp\/v2\/product_tag?post=105686"}],"curies":[{"name":"wp","href":"https:\/\/api.w.org\/{rel}","templated":true}]}}