{"id":105754,"date":"2026-04-04T13:54:46","date_gmt":"2026-04-04T11:54:46","guid":{"rendered":"https:\/\/dodo-inflatables.com\/dodo-relaunch?product=16-pack-huawei-reh-1-5e-fuvok-ugralovarakhoz"},"modified":"2026-04-04T13:54:46","modified_gmt":"2026-04-04T11:54:46","slug":"16-pack-huawei-reh-1-5e-fuvok-ugralovarakhoz","status":"publish","type":"product","link":"https:\/\/dodo-inflatables.com\/hu\/termek\/16-pack-huawei-reh-1-5e-fuvok-ugralovarakhoz\/","title":{"rendered":"16-Pack Huawei REH-1.5E f\u00fav\u00f3k ugr\u00e1l\u00f3v\u00e1rakhoz"},"content":{"rendered":"<h2>16-Pack Huawei REH-1.5E f\u00fav\u00f3k ugr\u00e1l\u00f3v\u00e1rakhoz \u2013 Most el\u00e9rhet\u0151 \u00e9rt\u00e9kes csomagk\u00e9nt!<\/h2>\n<p>B\u00e9rl\u0151 c\u00e9gek, rendezv\u00e9nyszervez\u0151k vagy nagyobb ugr\u00e1l\u00f3v\u00e1r-flott\u00e1val rendelkez\u0151 \u00fcgyfelek sz\u00e1m\u00e1ra a 16-Pack Huawei REH-1.5E f\u00fav\u00f3ink a t\u00f6k\u00e9letes v\u00e1laszt\u00e1s. Biztos\u00edtson mag\u00e1nak egy teljes raklapot 16 f\u00fav\u00f3val, \u00e9s t\u00f6ltse fel invent\u00e1rj\u00e1t hat\u00e9konyan ezzel a praktikus csomaggal.<br \/>\n<strong>Mi\u00e9rt v\u00e1lassza ezt a setet?<\/strong><br \/>\n\u2705 <em>Er\u0151s l\u00e9g\u00e1raml\u00e1s<\/em> \u2013 A Huawei 1,5 HP f\u00fav\u00f3k gyors felf\u00faj\u00e1st \u00e9s stabil l\u00e9gnyom\u00e1st biztos\u00edtanak, \u00edgy ugr\u00e1l\u00f3v\u00e1rai mindig haszn\u00e1latra k\u00e9szen \u00e1llnak.<br \/>\n\u2705 <em>Ide\u00e1lis nagyobb invent\u00e1rokhoz<\/em> \u2013 Praktikus megold\u00e1s v\u00e1llalkoz\u00e1sok \u00e9s oper\u00e1torok sz\u00e1m\u00e1ra, akiknek t\u00f6bb f\u00fav\u00f3ra van sz\u00fcks\u00e9g\u00fck rendszeres haszn\u00e1lathoz.<br \/>\n\u2705 <em>B\u0151v\u00edthet\u0151 m\u00e9g nagyobb hat\u00e9konys\u00e1g \u00e9rdek\u00e9ben<\/em> \u2013 A f\u00fav\u00f3k kompatibilisek:<br \/>\n&#8211; Defl\u00e1tor \u00e9s dupla defl\u00e1tor kieg\u00e9sz\u00edt\u0151kkel a gyorsabb leveg\u0151elt\u00e1vol\u00edt\u00e1shoz csomagol\u00e1s k\u00f6zben.<br \/>\n&#8211; F\u0171t\u0151egys\u00e9g kieg\u00e9sz\u00edt\u0151kkel a nedves ugr\u00e1l\u00f3v\u00e1rak meleg\u00edtett leveg\u0151vel val\u00f3 sz\u00e1r\u00edt\u00e1s\u00e1hoz (mindk\u00e9t kieg\u00e9sz\u00edt\u0151 k\u00fcl\u00f6n kaphat\u00f3).<br \/>\n<strong>Term\u00e9kadatok (f\u00fav\u00f3nk\u00e9nt):<\/strong><br \/>\n&#8211; Anyag: kiv\u00e1l\u00f3 min\u0151s\u00e9g\u0171 m\u0171anyag h\u00e1z<br \/>\n&#8211; Teljes\u00edtm\u00e9ny: 1,35 kW (kimenet), 1,8 kW (bemenet), 1,5 HP<br \/>\n&#8211; Csatlakoz\u00e1s: Schuko dug\u00f3<br \/>\n&#8211; T\u00f6lcs\u00e9r \u00e1tm\u00e9r\u0151je: 14,5 cm<br \/>\n&#8211; M\u00e9retek: 49 x 38,5 x 49,5 cm<br \/>\n&#8211; S\u00faly: 16,8 kg<br \/>\n&#8211; Zajszint: 85 dB<br \/>\n&#8211; WEEE regisztr\u00e1ci\u00f3s sz\u00e1m: DE 82972723<br \/>\nHaszn\u00e1lja ki ezt a praktikus csomagot invent\u00e1rja hat\u00e9kony b\u0151v\u00edt\u00e9s\u00e9hez. Rendelje meg most raklapj\u00e1t 16 Huawei f\u00fav\u00f3val!<\/p>\n","protected":false},"excerpt":{"rendered":"<p><strong>Term\u00e9kadatok (f\u00fav\u00f3nk\u00e9nt):<\/strong><br \/>\n&#8211; Anyag: kiv\u00e1l\u00f3 min\u0151s\u00e9g\u0171 m\u0171anyag h\u00e1z<br \/>\n&#8211; Teljes\u00edtm\u00e9ny: 1,35 kW (kimenet), 1,8 kW (bemenet), 1,5 HP<br \/>\n&#8211; Csatlakoz\u00e1s: Schuko dug\u00f3<br \/>\n&#8211; T\u00f6lcs\u00e9r \u00e1tm\u00e9r\u0151je: 14,5 cm<br \/>\n&#8211; M\u00e9retek: 49 x 38,5 x 49,5 cm<br \/>\n&#8211; S\u00faly: 16,8 kg<br \/>\n&#8211; Zajszint: 85 dB<br \/>\n&#8211; WEEE regisztr\u00e1ci\u00f3s sz\u00e1m: DE 82972723<\/p>\n","protected":false},"featured_media":105753,"comment_status":"open","ping_status":"closed","template":"","meta":{"_acf_changed":false,"_uag_custom_page_level_css":"","site-sidebar-layout":"default","site-content-layout":"boxed-container","ast-site-content-layout":"normal-width-container","site-content-style":"boxed","site-sidebar-style":"default","ast-global-header-display":"","ast-banner-title-visibility":"","ast-main-header-display":"","ast-hfb-above-header-display":"","ast-hfb-below-header-display":"","ast-hfb-mobile-header-display":"","site-post-title":"disabled","ast-breadcrumbs-content":"","ast-featured-img":"","footer-sml-layout":"","ast-disable-related-posts":"","theme-transparent-header-meta":"default","adv-header-id-meta":"","stick-header-meta":"default","header-above-stick-meta":"","header-main-stick-meta":"","header-below-stick-meta":"","astra-migrate-meta-layouts":"default","ast-page-background-enabled":"default","ast-page-background-meta":{"desktop":{"background-color":"var(--ast-global-color-4)","background-image":"","background-repeat":"repeat","background-position":"center center","background-size":"auto","background-attachment":"scroll","background-type":"","background-media":"","overlay-type":"","overlay-color":"","overlay-opacity":"","overlay-gradient":""},"tablet":{"background-color":"","background-image":"","background-repeat":"repeat","background-position":"center center","background-size":"auto","background-attachment":"scroll","background-type":"","background-media":"","overlay-type":"","overlay-color":"","overlay-opacity":"","overlay-gradient":""},"mobile":{"background-color":"","background-image":"","background-repeat":"repeat","background-position":"center center","background-size":"auto","background-attachment":"scroll","background-type":"","background-media":"","overlay-type":"","overlay-color":"","overlay-opacity":"","overlay-gradient":""}},"ast-content-background-meta":{"desktop":{"background-color":"var(--ast-global-color-5)","background-image":"","background-repeat":"repeat","background-position":"center center","background-size":"auto","background-attachment":"scroll","background-type":"","background-media":"","overlay-type":"","overlay-color":"","overlay-opacity":"","overlay-gradient":""},"tablet":{"background-color":"var(--ast-global-color-5)","background-image":"","background-repeat":"repeat","background-position":"center center","background-size":"auto","background-attachment":"scroll","background-type":"","background-media":"","overlay-type":"","overlay-color":"","overlay-opacity":"","overlay-gradient":""},"mobile":{"background-color":"var(--ast-global-color-5)","background-image":"","background-repeat":"repeat","background-position":"center center","background-size":"auto","background-attachment":"scroll","background-type":"","background-media":"","overlay-type":"","overlay-color":"","overlay-opacity":"","overlay-gradient":""}}},"product_brand":[],"product_cat":[829],"product_tag":[],"class_list":{"0":"post-105754","1":"product","2":"type-product","3":"status-publish","4":"has-post-thumbnail","6":"product_cat-kiegeszitok","7":"product_shipping_class-spedition-hupfburg-hu","8":"desktop-align-center","9":"tablet-align-center","10":"mobile-align-center","11":"ast-product-gallery-layout-horizontal","12":"ast-product-tabs-layout-horizontal","14":"first","15":"instock","16":"sale","17":"taxable","18":"shipping-taxable","19":"purchasable","20":"product-type-simple"},"acf":[],"yoast_head":"<!-- This site is optimized with the Yoast SEO plugin v27.5 - https:\/\/yoast.com\/product\/yoast-seo-wordpress\/ -->\n<title>16-Pack Huawei REH-1.5E f\u00fav\u00f3k ugr\u00e1l\u00f3v\u00e1rakhoz | Dodo Inflatables<\/title>\n<meta name=\"description\" content=\"16-Pack Huawei REH-1.5E f\u00fav\u00f3k ugr\u00e1l\u00f3v\u00e1rakhoz \u2013 1,5 HP, 85 dB, t\u00f6lcs\u00e9r \u00e1tm\u00e9r\u0151je 14,5 cm. Ide\u00e1lis \u00e9rt\u00e9kes csomag b\u00e9rl\u0151 c\u00e9gek sz\u00e1m\u00e1ra nagyobb ugr\u00e1l\u00f3v\u00e1r-flott\u00e1val.\" \/>\n<meta name=\"robots\" content=\"index, follow, max-snippet:-1, max-image-preview:large, max-video-preview:-1\" \/>\n<link rel=\"canonical\" href=\"https:\/\/dodo-inflatables.com\/hu\/termek\/16-pack-huawei-reh-1-5e-fuvok-ugralovarakhoz\/\" \/>\n<meta name=\"twitter:label1\" content=\"Becs\u00fclt olvas\u00e1si id\u0151\" \/>\n\t<meta name=\"twitter:data1\" content=\"2 perc\" \/>\n<script type=\"application\/ld+json\" class=\"yoast-schema-graph\">{\"@context\":\"https:\\\/\\\/schema.org\",\"@graph\":[{\"@type\":\"WebPage\",\"@id\":\"https:\\\/\\\/dodo-inflatables.com\\\/hu\\\/termek\\\/16-pack-huawei-reh-1-5e-fuvok-ugralovarakhoz\\\/\",\"url\":\"https:\\\/\\\/dodo-inflatables.com\\\/hu\\\/termek\\\/16-pack-huawei-reh-1-5e-fuvok-ugralovarakhoz\\\/\",\"name\":\"16-Pack Huawei REH-1.5E f\u00fav\u00f3k ugr\u00e1l\u00f3v\u00e1rakhoz | Dodo Inflatables\",\"isPartOf\":{\"@id\":\"https:\\\/\\\/dodo-inflatables.com\\\/hu\\\/#website\"},\"primaryImageOfPage\":{\"@id\":\"https:\\\/\\\/dodo-inflatables.com\\\/hu\\\/termek\\\/16-pack-huawei-reh-1-5e-fuvok-ugralovarakhoz\\\/#primaryimage\"},\"image\":{\"@id\":\"https:\\\/\\\/dodo-inflatables.com\\\/hu\\\/termek\\\/16-pack-huawei-reh-1-5e-fuvok-ugralovarakhoz\\\/#primaryimage\"},\"thumbnailUrl\":\"https:\\\/\\\/dodo-inflatables.com\\\/wp-content\\\/uploads\\\/2026\\\/04\\\/huawei-huepfburg-geblaese-kaufen.jpg\",\"datePublished\":\"2026-04-04T11:54:46+00:00\",\"description\":\"16-Pack Huawei REH-1.5E f\u00fav\u00f3k ugr\u00e1l\u00f3v\u00e1rakhoz \u2013 1,5 HP, 85 dB, t\u00f6lcs\u00e9r \u00e1tm\u00e9r\u0151je 14,5 cm. Ide\u00e1lis \u00e9rt\u00e9kes csomag b\u00e9rl\u0151 c\u00e9gek sz\u00e1m\u00e1ra nagyobb ugr\u00e1l\u00f3v\u00e1r-flott\u00e1val.\",\"breadcrumb\":{\"@id\":\"https:\\\/\\\/dodo-inflatables.com\\\/hu\\\/termek\\\/16-pack-huawei-reh-1-5e-fuvok-ugralovarakhoz\\\/#breadcrumb\"},\"inLanguage\":\"hu\",\"potentialAction\":[{\"@type\":\"ReadAction\",\"target\":[\"https:\\\/\\\/dodo-inflatables.com\\\/hu\\\/termek\\\/16-pack-huawei-reh-1-5e-fuvok-ugralovarakhoz\\\/\"]}]},{\"@type\":\"ImageObject\",\"inLanguage\":\"hu\",\"@id\":\"https:\\\/\\\/dodo-inflatables.com\\\/hu\\\/termek\\\/16-pack-huawei-reh-1-5e-fuvok-ugralovarakhoz\\\/#primaryimage\",\"url\":\"https:\\\/\\\/dodo-inflatables.com\\\/wp-content\\\/uploads\\\/2026\\\/04\\\/huawei-huepfburg-geblaese-kaufen.jpg\",\"contentUrl\":\"https:\\\/\\\/dodo-inflatables.com\\\/wp-content\\\/uploads\\\/2026\\\/04\\\/huawei-huepfburg-geblaese-kaufen.jpg\",\"width\":1000,\"height\":1000,\"caption\":\"16-Pack Huawei REH-1.5E f\u00fav\u00f3k ugr\u00e1l\u00f3v\u00e1rakhoz | Dodo Inflatables\"},{\"@type\":\"BreadcrumbList\",\"@id\":\"https:\\\/\\\/dodo-inflatables.com\\\/hu\\\/termek\\\/16-pack-huawei-reh-1-5e-fuvok-ugralovarakhoz\\\/#breadcrumb\",\"itemListElement\":[{\"@type\":\"ListItem\",\"position\":1,\"name\":\"Kezd\u0151lap\",\"item\":\"https:\\\/\\\/dodo-inflatables.com\\\/hu\\\/\"},{\"@type\":\"ListItem\",\"position\":2,\"name\":\"Shop\",\"item\":\"https:\\\/\\\/dodo-inflatables.com\\\/hu\\\/shop\\\/\"},{\"@type\":\"ListItem\",\"position\":3,\"name\":\"16-Pack Huawei REH-1.5E f\u00fav\u00f3k ugr\u00e1l\u00f3v\u00e1rakhoz\"}]},{\"@type\":\"WebSite\",\"@id\":\"https:\\\/\\\/dodo-inflatables.com\\\/hu\\\/#website\",\"url\":\"https:\\\/\\\/dodo-inflatables.com\\\/hu\\\/\",\"name\":\"dodo-inflatables.com\",\"description\":\"V\u00e1s\u00e1roljon ugr\u00e1l\u00f3v\u00e1rakat \u00e9s l\u00e1tnival\u00f3kat \u00fczlet\u00fcnkben.\",\"potentialAction\":[{\"@type\":\"SearchAction\",\"target\":{\"@type\":\"EntryPoint\",\"urlTemplate\":\"https:\\\/\\\/dodo-inflatables.com\\\/hu\\\/?s={search_term_string}\"},\"query-input\":{\"@type\":\"PropertyValueSpecification\",\"valueRequired\":true,\"valueName\":\"search_term_string\"}}],\"inLanguage\":\"hu\"}]}<\/script>\n<!-- \/ Yoast SEO plugin. -->","yoast_head_json":{"title":"16-Pack Huawei REH-1.5E f\u00fav\u00f3k ugr\u00e1l\u00f3v\u00e1rakhoz | Dodo Inflatables","description":"16-Pack Huawei REH-1.5E f\u00fav\u00f3k ugr\u00e1l\u00f3v\u00e1rakhoz \u2013 1,5 HP, 85 dB, t\u00f6lcs\u00e9r \u00e1tm\u00e9r\u0151je 14,5 cm. Ide\u00e1lis \u00e9rt\u00e9kes csomag b\u00e9rl\u0151 c\u00e9gek sz\u00e1m\u00e1ra nagyobb ugr\u00e1l\u00f3v\u00e1r-flott\u00e1val.","robots":{"index":"index","follow":"follow","max-snippet":"max-snippet:-1","max-image-preview":"max-image-preview:large","max-video-preview":"max-video-preview:-1"},"canonical":"https:\/\/dodo-inflatables.com\/hu\/termek\/16-pack-huawei-reh-1-5e-fuvok-ugralovarakhoz\/","twitter_misc":{"Becs\u00fclt olvas\u00e1si id\u0151":"2 perc"},"schema":{"@context":"https:\/\/schema.org","@graph":[{"@type":"WebPage","@id":"https:\/\/dodo-inflatables.com\/hu\/termek\/16-pack-huawei-reh-1-5e-fuvok-ugralovarakhoz\/","url":"https:\/\/dodo-inflatables.com\/hu\/termek\/16-pack-huawei-reh-1-5e-fuvok-ugralovarakhoz\/","name":"16-Pack Huawei REH-1.5E f\u00fav\u00f3k ugr\u00e1l\u00f3v\u00e1rakhoz | Dodo Inflatables","isPartOf":{"@id":"https:\/\/dodo-inflatables.com\/hu\/#website"},"primaryImageOfPage":{"@id":"https:\/\/dodo-inflatables.com\/hu\/termek\/16-pack-huawei-reh-1-5e-fuvok-ugralovarakhoz\/#primaryimage"},"image":{"@id":"https:\/\/dodo-inflatables.com\/hu\/termek\/16-pack-huawei-reh-1-5e-fuvok-ugralovarakhoz\/#primaryimage"},"thumbnailUrl":"https:\/\/dodo-inflatables.com\/wp-content\/uploads\/2026\/04\/huawei-huepfburg-geblaese-kaufen.jpg","datePublished":"2026-04-04T11:54:46+00:00","description":"16-Pack Huawei REH-1.5E f\u00fav\u00f3k ugr\u00e1l\u00f3v\u00e1rakhoz \u2013 1,5 HP, 85 dB, t\u00f6lcs\u00e9r \u00e1tm\u00e9r\u0151je 14,5 cm. Ide\u00e1lis \u00e9rt\u00e9kes csomag b\u00e9rl\u0151 c\u00e9gek sz\u00e1m\u00e1ra nagyobb ugr\u00e1l\u00f3v\u00e1r-flott\u00e1val.","breadcrumb":{"@id":"https:\/\/dodo-inflatables.com\/hu\/termek\/16-pack-huawei-reh-1-5e-fuvok-ugralovarakhoz\/#breadcrumb"},"inLanguage":"hu","potentialAction":[{"@type":"ReadAction","target":["https:\/\/dodo-inflatables.com\/hu\/termek\/16-pack-huawei-reh-1-5e-fuvok-ugralovarakhoz\/"]}]},{"@type":"ImageObject","inLanguage":"hu","@id":"https:\/\/dodo-inflatables.com\/hu\/termek\/16-pack-huawei-reh-1-5e-fuvok-ugralovarakhoz\/#primaryimage","url":"https:\/\/dodo-inflatables.com\/wp-content\/uploads\/2026\/04\/huawei-huepfburg-geblaese-kaufen.jpg","contentUrl":"https:\/\/dodo-inflatables.com\/wp-content\/uploads\/2026\/04\/huawei-huepfburg-geblaese-kaufen.jpg","width":1000,"height":1000,"caption":"16-Pack Huawei REH-1.5E f\u00fav\u00f3k ugr\u00e1l\u00f3v\u00e1rakhoz | Dodo Inflatables"},{"@type":"BreadcrumbList","@id":"https:\/\/dodo-inflatables.com\/hu\/termek\/16-pack-huawei-reh-1-5e-fuvok-ugralovarakhoz\/#breadcrumb","itemListElement":[{"@type":"ListItem","position":1,"name":"Kezd\u0151lap","item":"https:\/\/dodo-inflatables.com\/hu\/"},{"@type":"ListItem","position":2,"name":"Shop","item":"https:\/\/dodo-inflatables.com\/hu\/shop\/"},{"@type":"ListItem","position":3,"name":"16-Pack Huawei REH-1.5E f\u00fav\u00f3k ugr\u00e1l\u00f3v\u00e1rakhoz"}]},{"@type":"WebSite","@id":"https:\/\/dodo-inflatables.com\/hu\/#website","url":"https:\/\/dodo-inflatables.com\/hu\/","name":"dodo-inflatables.com","description":"V\u00e1s\u00e1roljon ugr\u00e1l\u00f3v\u00e1rakat \u00e9s l\u00e1tnival\u00f3kat \u00fczlet\u00fcnkben.","potentialAction":[{"@type":"SearchAction","target":{"@type":"EntryPoint","urlTemplate":"https:\/\/dodo-inflatables.com\/hu\/?s={search_term_string}"},"query-input":{"@type":"PropertyValueSpecification","valueRequired":true,"valueName":"search_term_string"}}],"inLanguage":"hu"}]}},"uagb_featured_image_src":{"full":["https:\/\/dodo-inflatables.com\/wp-content\/uploads\/2026\/04\/huawei-huepfburg-geblaese-kaufen.jpg",1000,1000,false],"thumbnail":["https:\/\/dodo-inflatables.com\/wp-content\/uploads\/2026\/04\/huawei-huepfburg-geblaese-kaufen-150x150.jpg",150,150,true],"medium":["https:\/\/dodo-inflatables.com\/wp-content\/uploads\/2026\/04\/huawei-huepfburg-geblaese-kaufen-300x300.jpg",300,300,true],"medium_large":["https:\/\/dodo-inflatables.com\/wp-content\/uploads\/2026\/04\/huawei-huepfburg-geblaese-kaufen-768x768.jpg",768,768,true],"large":["https:\/\/dodo-inflatables.com\/wp-content\/uploads\/2026\/04\/huawei-huepfburg-geblaese-kaufen.jpg",1000,1000,false],"1536x1536":["https:\/\/dodo-inflatables.com\/wp-content\/uploads\/2026\/04\/huawei-huepfburg-geblaese-kaufen.jpg",1000,1000,false],"2048x2048":["https:\/\/dodo-inflatables.com\/wp-content\/uploads\/2026\/04\/huawei-huepfburg-geblaese-kaufen.jpg",1000,1000,false],"woocommerce_thumbnail":["https:\/\/dodo-inflatables.com\/wp-content\/uploads\/2026\/04\/huawei-huepfburg-geblaese-kaufen-900x900.jpg",900,900,true],"woocommerce_single":["https:\/\/dodo-inflatables.com\/wp-content\/uploads\/2026\/04\/huawei-huepfburg-geblaese-kaufen-900x900.jpg",900,900,true],"woocommerce_gallery_thumbnail":["https:\/\/dodo-inflatables.com\/wp-content\/uploads\/2026\/04\/huawei-huepfburg-geblaese-kaufen-100x100.jpg",100,100,true]},"uagb_author_info":{"display_name":"Andreas","author_link":"https:\/\/dodo-inflatables.com\/hu\/author\/"},"uagb_comment_info":0,"uagb_excerpt":"Term\u00e9kadatok (f\u00fav\u00f3nk\u00e9nt): - Anyag: kiv\u00e1l\u00f3 min\u0151s\u00e9g\u0171 m\u0171anyag h\u00e1z - Teljes\u00edtm\u00e9ny: 1,35 kW (kimenet), 1,8 kW (bemenet), 1,5 HP - Csatlakoz\u00e1s: Schuko dug\u00f3 - T\u00f6lcs\u00e9r \u00e1tm\u00e9r\u0151je: 14,5 cm - M\u00e9retek: 49 x 38,5 x 49,5 cm - S\u00faly: 16,8 kg - Zajszint: 85 dB - WEEE regisztr\u00e1ci\u00f3s sz\u00e1m: DE 82972723","_links":{"self":[{"href":"https:\/\/dodo-inflatables.com\/hu\/wp-json\/wp\/v2\/product\/105754","targetHints":{"allow":["GET"]}}],"collection":[{"href":"https:\/\/dodo-inflatables.com\/hu\/wp-json\/wp\/v2\/product"}],"about":[{"href":"https:\/\/dodo-inflatables.com\/hu\/wp-json\/wp\/v2\/types\/product"}],"replies":[{"embeddable":true,"href":"https:\/\/dodo-inflatables.com\/hu\/wp-json\/wp\/v2\/comments?post=105754"}],"wp:featuredmedia":[{"embeddable":true,"href":"https:\/\/dodo-inflatables.com\/hu\/wp-json\/wp\/v2\/media\/105753"}],"wp:attachment":[{"href":"https:\/\/dodo-inflatables.com\/hu\/wp-json\/wp\/v2\/media?parent=105754"}],"wp:term":[{"taxonomy":"product_brand","embeddable":true,"href":"https:\/\/dodo-inflatables.com\/hu\/wp-json\/wp\/v2\/product_brand?post=105754"},{"taxonomy":"product_cat","embeddable":true,"href":"https:\/\/dodo-inflatables.com\/hu\/wp-json\/wp\/v2\/product_cat?post=105754"},{"taxonomy":"product_tag","embeddable":true,"href":"https:\/\/dodo-inflatables.com\/hu\/wp-json\/wp\/v2\/product_tag?post=105754"}],"curies":[{"name":"wp","href":"https:\/\/api.w.org\/{rel}","templated":true}]}}