{"id":105901,"date":"2026-04-04T13:54:45","date_gmt":"2026-04-04T11:54:45","guid":{"rendered":"https:\/\/dodo-inflatables.com\/dodo-relaunch?product=hangtompito-fuvoburkolat-ugralovar-fuvokhoz"},"modified":"2026-04-04T13:54:45","modified_gmt":"2026-04-04T11:54:45","slug":"hangtompito-fuvoburkolat-ugralovar-fuvokhoz","status":"publish","type":"product","link":"https:\/\/dodo-inflatables.com\/hu\/termek\/hangtompito-fuvoburkolat-ugralovar-fuvokhoz\/","title":{"rendered":"Hangtomp\u00edt\u00f3 \/ f\u00fav\u00f3burkolat ugr\u00e1l\u00f3v\u00e1r f\u00fav\u00f3khoz"},"content":{"rendered":"<h1>V\u00e1s\u00e1roljon hangtomp\u00edt\u00f3t \/ f\u00fav\u00f3burkolatot ugr\u00e1l\u00f3v\u00e1r f\u00fav\u00f3khoz<\/h1>\n<p>A Huawei f\u00fav\u00f3burkolat praktikus megold\u00e1s a zajcs\u00f6kkent\u00e9sre \u00e9s az ugr\u00e1l\u00f3v\u00e1r f\u00fav\u00f3k biztons\u00e1gos \u00e1rny\u00e9kol\u00e1s\u00e1ra. Kifejezetten professzion\u00e1lis haszn\u00e1latra fejlesztett\u00e9k ki, \u00e9s megfelel a DIN EN 14960-1:2019 k\u00f6vetelm\u00e9nyeinek.<br \/>\nAz \u00fczemi zaj cs\u00f6kkent\u00e9se mellett a f\u00fav\u00f3burkolat els\u0151sorban egy\u00e9rtelm\u0171 elv\u00e1laszt\u00e1st biztos\u00edt a j\u00e1t\u00e9kter\u00fclet \u00e9s a m\u0171szaki ter\u00fclet k\u00f6z\u00f6tt, ez\u00e1ltal n\u00f6velve a biztons\u00e1got nyilv\u00e1nos \u00e9s kereskedelmi k\u00f6rnyezetben t\u00f6rt\u00e9n\u0151 fel\u00e1ll\u00edt\u00e1sokn\u00e1l.<br \/>\n<strong>Nagyobb biztons\u00e1g az \u00fczemeltet\u00e9s sor\u00e1n:<\/strong><br \/>\nA f\u00fav\u00f3burkolat fizikailag korl\u00e1tozza a f\u00fav\u00f3hoz val\u00f3 k\u00f6zvetlen hozz\u00e1f\u00e9r\u00e9st. A mozg\u00f3 alkatr\u00e9szek v\u00e9dettek \u00e9s gyermekek sz\u00e1m\u00e1ra el\u00e9rhetetlenek, ami fontos t\u00e9nyez\u0151 a biztons\u00e1gi ellen\u0151rz\u00e9sek \u00e9s megfelel\u0151s\u00e9gi vizsg\u00e1latok sor\u00e1n.<br \/>\n<strong>Zajcs\u00f6kkent\u00e9s:<\/strong><br \/>\nA p\u00e1rn\u00e1zott, z\u00e1rt kialak\u00edt\u00e1snak k\u00f6sz\u00f6nhet\u0151en a f\u00fav\u00f3 \u00fczemi zaja \u00e9rezhet\u0151en cs\u00f6kken. Ide\u00e1lis lak\u00f3ter\u00fcleteken, v\u00e1rosk\u00f6zpontokban vagy m\u00e1s zaj\u00e9rz\u00e9keny k\u00f6rnyezetben val\u00f3 haszn\u00e1latra.<br \/>\n<strong>EN 14960 szabv\u00e1nynak megfelel\u0151:<\/strong><br \/>\nA f\u00fav\u00f3burkolat megfelel az EN 14960-1:2019 eur\u00f3pai szabv\u00e1ny f\u0151bb k\u00f6vetelm\u00e9nyeinek, bele\u00e9rtve: a f\u00fav\u00f3k gyermekek sz\u00e1m\u00e1ra val\u00f3 el\u00e9rhetetlens\u00e9g\u00e9t, a mozg\u00f3 alkatr\u00e9szek v\u00e9delm\u00e9t \u00e9s a j\u00e1t\u00e9kter\u00fclet \u00e9s a m\u0171szaki ter\u00fclet k\u00f6z\u00f6tti egy\u00e9rtelm\u0171 elv\u00e1laszt\u00e1s biztos\u00edt\u00e1s\u00e1t.<br \/>\n<strong>Robusztus \u00e9s id\u0151j\u00e1r\u00e1s\u00e1ll\u00f3:<\/strong><br \/>\nA burkolat t\u0171z\u00e1ll\u00f3 \u00e9s v\u00edz\u00e1ll\u00f3, \u00e9s intenz\u00edv professzion\u00e1lis haszn\u00e1latra tervezt\u00e9k. Emellett tov\u00e1bbi v\u00e9delmet ny\u00fajt a f\u00fav\u00f3nak a k\u00fcls\u0151 behat\u00e1sokkal szemben.<br \/>\n<strong>Egyszer\u0171 telep\u00edt\u00e9s:<\/strong><br \/>\nA f\u00fav\u00f3burkolat gyorsan felszerelhet\u0151 \u00e9s elt\u00e1vol\u00edthat\u00f3. Ez megk\u00f6nny\u00edti a karbantart\u00e1st, a vizu\u00e1lis ellen\u0151rz\u00e9seket \u00e9s az inspekt\u00e1l\u00e1sokat.<\/p>\n<h3>A hangtomp\u00edt\u00f3 \/ f\u00fav\u00f3burkolat r\u00e9szletei<\/h3>\n<ul>\n<li class=\"p1\">M\u00e9retek (H \u00d7 Sz \u00d7 M): kb. 50 \u00d7 63 \u00d7 54 cm<\/li>\n<li class=\"p1\">T\u00f6meg: kb. 2,4 kg<\/li>\n<li class=\"p1\">Csomagolt m\u00e9retek: kb. 50 \u00d7 100 \u00d7 15 cm<\/li>\n<\/ul>\n","protected":false},"excerpt":{"rendered":"<ul>\n<li class=\"p1\">M\u00e9retek (H \u00d7 Sz \u00d7 M): kb. 50 \u00d7 63 \u00d7 54 cm<\/li>\n<li class=\"p1\">T\u00f6meg: kb. 2,4 kg<\/li>\n<li class=\"p1\">Csomagolt m\u00e9retek: kb. 50 \u00d7 100 \u00d7 15 cm<\/li>\n<\/ul>\n","protected":false},"featured_media":105896,"comment_status":"open","ping_status":"closed","template":"","meta":{"_acf_changed":false,"_uag_custom_page_level_css":"","site-sidebar-layout":"default","site-content-layout":"boxed-container","ast-site-content-layout":"normal-width-container","site-content-style":"boxed","site-sidebar-style":"default","ast-global-header-display":"","ast-banner-title-visibility":"","ast-main-header-display":"","ast-hfb-above-header-display":"","ast-hfb-below-header-display":"","ast-hfb-mobile-header-display":"","site-post-title":"disabled","ast-breadcrumbs-content":"","ast-featured-img":"","footer-sml-layout":"","ast-disable-related-posts":"","theme-transparent-header-meta":"default","adv-header-id-meta":"","stick-header-meta":"default","header-above-stick-meta":"","header-main-stick-meta":"","header-below-stick-meta":"","astra-migrate-meta-layouts":"default","ast-page-background-enabled":"default","ast-page-background-meta":{"desktop":{"background-color":"var(--ast-global-color-4)","background-image":"","background-repeat":"repeat","background-position":"center center","background-size":"auto","background-attachment":"scroll","background-type":"","background-media":"","overlay-type":"","overlay-color":"","overlay-opacity":"","overlay-gradient":""},"tablet":{"background-color":"","background-image":"","background-repeat":"repeat","background-position":"center center","background-size":"auto","background-attachment":"scroll","background-type":"","background-media":"","overlay-type":"","overlay-color":"","overlay-opacity":"","overlay-gradient":""},"mobile":{"background-color":"","background-image":"","background-repeat":"repeat","background-position":"center center","background-size":"auto","background-attachment":"scroll","background-type":"","background-media":"","overlay-type":"","overlay-color":"","overlay-opacity":"","overlay-gradient":""}},"ast-content-background-meta":{"desktop":{"background-color":"var(--ast-global-color-5)","background-image":"","background-repeat":"repeat","background-position":"center center","background-size":"auto","background-attachment":"scroll","background-type":"","background-media":"","overlay-type":"","overlay-color":"","overlay-opacity":"","overlay-gradient":""},"tablet":{"background-color":"var(--ast-global-color-5)","background-image":"","background-repeat":"repeat","background-position":"center center","background-size":"auto","background-attachment":"scroll","background-type":"","background-media":"","overlay-type":"","overlay-color":"","overlay-opacity":"","overlay-gradient":""},"mobile":{"background-color":"var(--ast-global-color-5)","background-image":"","background-repeat":"repeat","background-position":"center center","background-size":"auto","background-attachment":"scroll","background-type":"","background-media":"","overlay-type":"","overlay-color":"","overlay-opacity":"","overlay-gradient":""}}},"product_brand":[],"product_cat":[829],"product_tag":[],"class_list":{"0":"post-105901","1":"product","2":"type-product","3":"status-publish","4":"has-post-thumbnail","6":"product_cat-kiegeszitok","7":"product_shipping_class-zubehor-hu","8":"desktop-align-center","9":"tablet-align-center","10":"mobile-align-center","11":"ast-product-gallery-layout-horizontal","12":"ast-product-tabs-layout-horizontal","14":"first","15":"instock","16":"taxable","17":"shipping-taxable","18":"purchasable","19":"product-type-simple"},"acf":[],"yoast_head":"<!-- This site is optimized with the Yoast SEO plugin v27.5 - https:\/\/yoast.com\/product\/yoast-seo-wordpress\/ -->\n<title>Hangtomp\u00edt\u00f3 \/ f\u00fav\u00f3burkolat ugr\u00e1l\u00f3v\u00e1r f\u00fav\u00f3khoz | Dodo Inflatables<\/title>\n<meta name=\"description\" content=\"Hangtomp\u00edt\u00f3 \/ f\u00fav\u00f3burkolat ugr\u00e1l\u00f3v\u00e1r f\u00fav\u00f3khoz \u2013 EN 14960-1:2019 szabv\u00e1nynak megfelel\u0151, t\u0171z\u00e1ll\u00f3 \u00e9s v\u00edz\u00e1ll\u00f3, zajcs\u00f6kkent\u0151. M\u00e9retek kb. 50 \u00d7 63 \u00d7 54 cm, t\u00f6meg kb. 2,4 kg.\" \/>\n<meta name=\"robots\" content=\"index, follow, max-snippet:-1, max-image-preview:large, max-video-preview:-1\" \/>\n<link rel=\"canonical\" href=\"https:\/\/dodo-inflatables.com\/hu\/termek\/hangtompito-fuvoburkolat-ugralovar-fuvokhoz\/\" \/>\n<meta name=\"twitter:label1\" content=\"Becs\u00fclt olvas\u00e1si id\u0151\" \/>\n\t<meta name=\"twitter:data1\" content=\"2 perc\" \/>\n<script type=\"application\/ld+json\" class=\"yoast-schema-graph\">{\"@context\":\"https:\\\/\\\/schema.org\",\"@graph\":[{\"@type\":\"WebPage\",\"@id\":\"https:\\\/\\\/dodo-inflatables.com\\\/hu\\\/termek\\\/hangtompito-fuvoburkolat-ugralovar-fuvokhoz\\\/\",\"url\":\"https:\\\/\\\/dodo-inflatables.com\\\/hu\\\/termek\\\/hangtompito-fuvoburkolat-ugralovar-fuvokhoz\\\/\",\"name\":\"Hangtomp\u00edt\u00f3 \\\/ f\u00fav\u00f3burkolat ugr\u00e1l\u00f3v\u00e1r f\u00fav\u00f3khoz | Dodo Inflatables\",\"isPartOf\":{\"@id\":\"https:\\\/\\\/dodo-inflatables.com\\\/hu\\\/#website\"},\"primaryImageOfPage\":{\"@id\":\"https:\\\/\\\/dodo-inflatables.com\\\/hu\\\/termek\\\/hangtompito-fuvoburkolat-ugralovar-fuvokhoz\\\/#primaryimage\"},\"image\":{\"@id\":\"https:\\\/\\\/dodo-inflatables.com\\\/hu\\\/termek\\\/hangtompito-fuvoburkolat-ugralovar-fuvokhoz\\\/#primaryimage\"},\"thumbnailUrl\":\"https:\\\/\\\/dodo-inflatables.com\\\/wp-content\\\/uploads\\\/2026\\\/04\\\/Huawei-Schalldaemper-Blower-Cover-Huepfburgen-Geblaese-1.jpg\",\"datePublished\":\"2026-04-04T11:54:45+00:00\",\"description\":\"Hangtomp\u00edt\u00f3 \\\/ f\u00fav\u00f3burkolat ugr\u00e1l\u00f3v\u00e1r f\u00fav\u00f3khoz \u2013 EN 14960-1:2019 szabv\u00e1nynak megfelel\u0151, t\u0171z\u00e1ll\u00f3 \u00e9s v\u00edz\u00e1ll\u00f3, zajcs\u00f6kkent\u0151. M\u00e9retek kb. 50 \u00d7 63 \u00d7 54 cm, t\u00f6meg kb. 2,4 kg.\",\"breadcrumb\":{\"@id\":\"https:\\\/\\\/dodo-inflatables.com\\\/hu\\\/termek\\\/hangtompito-fuvoburkolat-ugralovar-fuvokhoz\\\/#breadcrumb\"},\"inLanguage\":\"hu\",\"potentialAction\":[{\"@type\":\"ReadAction\",\"target\":[\"https:\\\/\\\/dodo-inflatables.com\\\/hu\\\/termek\\\/hangtompito-fuvoburkolat-ugralovar-fuvokhoz\\\/\"]}]},{\"@type\":\"ImageObject\",\"inLanguage\":\"hu\",\"@id\":\"https:\\\/\\\/dodo-inflatables.com\\\/hu\\\/termek\\\/hangtompito-fuvoburkolat-ugralovar-fuvokhoz\\\/#primaryimage\",\"url\":\"https:\\\/\\\/dodo-inflatables.com\\\/wp-content\\\/uploads\\\/2026\\\/04\\\/Huawei-Schalldaemper-Blower-Cover-Huepfburgen-Geblaese-1.jpg\",\"contentUrl\":\"https:\\\/\\\/dodo-inflatables.com\\\/wp-content\\\/uploads\\\/2026\\\/04\\\/Huawei-Schalldaemper-Blower-Cover-Huepfburgen-Geblaese-1.jpg\",\"width\":700,\"height\":700,\"caption\":\"Hangtomp\u00edt\u00f3 \\\/ f\u00fav\u00f3burkolat ugr\u00e1l\u00f3v\u00e1r f\u00fav\u00f3khoz | Dodo Inflatables\"},{\"@type\":\"BreadcrumbList\",\"@id\":\"https:\\\/\\\/dodo-inflatables.com\\\/hu\\\/termek\\\/hangtompito-fuvoburkolat-ugralovar-fuvokhoz\\\/#breadcrumb\",\"itemListElement\":[{\"@type\":\"ListItem\",\"position\":1,\"name\":\"Kezd\u0151lap\",\"item\":\"https:\\\/\\\/dodo-inflatables.com\\\/hu\\\/\"},{\"@type\":\"ListItem\",\"position\":2,\"name\":\"Shop\",\"item\":\"https:\\\/\\\/dodo-inflatables.com\\\/hu\\\/shop\\\/\"},{\"@type\":\"ListItem\",\"position\":3,\"name\":\"Hangtomp\u00edt\u00f3 \\\/ f\u00fav\u00f3burkolat ugr\u00e1l\u00f3v\u00e1r f\u00fav\u00f3khoz\"}]},{\"@type\":\"WebSite\",\"@id\":\"https:\\\/\\\/dodo-inflatables.com\\\/hu\\\/#website\",\"url\":\"https:\\\/\\\/dodo-inflatables.com\\\/hu\\\/\",\"name\":\"dodo-inflatables.com\",\"description\":\"V\u00e1s\u00e1roljon ugr\u00e1l\u00f3v\u00e1rakat \u00e9s l\u00e1tnival\u00f3kat \u00fczlet\u00fcnkben.\",\"potentialAction\":[{\"@type\":\"SearchAction\",\"target\":{\"@type\":\"EntryPoint\",\"urlTemplate\":\"https:\\\/\\\/dodo-inflatables.com\\\/hu\\\/?s={search_term_string}\"},\"query-input\":{\"@type\":\"PropertyValueSpecification\",\"valueRequired\":true,\"valueName\":\"search_term_string\"}}],\"inLanguage\":\"hu\"}]}<\/script>\n<!-- \/ Yoast SEO plugin. -->","yoast_head_json":{"title":"Hangtomp\u00edt\u00f3 \/ f\u00fav\u00f3burkolat ugr\u00e1l\u00f3v\u00e1r f\u00fav\u00f3khoz | Dodo Inflatables","description":"Hangtomp\u00edt\u00f3 \/ f\u00fav\u00f3burkolat ugr\u00e1l\u00f3v\u00e1r f\u00fav\u00f3khoz \u2013 EN 14960-1:2019 szabv\u00e1nynak megfelel\u0151, t\u0171z\u00e1ll\u00f3 \u00e9s v\u00edz\u00e1ll\u00f3, zajcs\u00f6kkent\u0151. M\u00e9retek kb. 50 \u00d7 63 \u00d7 54 cm, t\u00f6meg kb. 2,4 kg.","robots":{"index":"index","follow":"follow","max-snippet":"max-snippet:-1","max-image-preview":"max-image-preview:large","max-video-preview":"max-video-preview:-1"},"canonical":"https:\/\/dodo-inflatables.com\/hu\/termek\/hangtompito-fuvoburkolat-ugralovar-fuvokhoz\/","twitter_misc":{"Becs\u00fclt olvas\u00e1si id\u0151":"2 perc"},"schema":{"@context":"https:\/\/schema.org","@graph":[{"@type":"WebPage","@id":"https:\/\/dodo-inflatables.com\/hu\/termek\/hangtompito-fuvoburkolat-ugralovar-fuvokhoz\/","url":"https:\/\/dodo-inflatables.com\/hu\/termek\/hangtompito-fuvoburkolat-ugralovar-fuvokhoz\/","name":"Hangtomp\u00edt\u00f3 \/ f\u00fav\u00f3burkolat ugr\u00e1l\u00f3v\u00e1r f\u00fav\u00f3khoz | Dodo Inflatables","isPartOf":{"@id":"https:\/\/dodo-inflatables.com\/hu\/#website"},"primaryImageOfPage":{"@id":"https:\/\/dodo-inflatables.com\/hu\/termek\/hangtompito-fuvoburkolat-ugralovar-fuvokhoz\/#primaryimage"},"image":{"@id":"https:\/\/dodo-inflatables.com\/hu\/termek\/hangtompito-fuvoburkolat-ugralovar-fuvokhoz\/#primaryimage"},"thumbnailUrl":"https:\/\/dodo-inflatables.com\/wp-content\/uploads\/2026\/04\/Huawei-Schalldaemper-Blower-Cover-Huepfburgen-Geblaese-1.jpg","datePublished":"2026-04-04T11:54:45+00:00","description":"Hangtomp\u00edt\u00f3 \/ f\u00fav\u00f3burkolat ugr\u00e1l\u00f3v\u00e1r f\u00fav\u00f3khoz \u2013 EN 14960-1:2019 szabv\u00e1nynak megfelel\u0151, t\u0171z\u00e1ll\u00f3 \u00e9s v\u00edz\u00e1ll\u00f3, zajcs\u00f6kkent\u0151. M\u00e9retek kb. 50 \u00d7 63 \u00d7 54 cm, t\u00f6meg kb. 2,4 kg.","breadcrumb":{"@id":"https:\/\/dodo-inflatables.com\/hu\/termek\/hangtompito-fuvoburkolat-ugralovar-fuvokhoz\/#breadcrumb"},"inLanguage":"hu","potentialAction":[{"@type":"ReadAction","target":["https:\/\/dodo-inflatables.com\/hu\/termek\/hangtompito-fuvoburkolat-ugralovar-fuvokhoz\/"]}]},{"@type":"ImageObject","inLanguage":"hu","@id":"https:\/\/dodo-inflatables.com\/hu\/termek\/hangtompito-fuvoburkolat-ugralovar-fuvokhoz\/#primaryimage","url":"https:\/\/dodo-inflatables.com\/wp-content\/uploads\/2026\/04\/Huawei-Schalldaemper-Blower-Cover-Huepfburgen-Geblaese-1.jpg","contentUrl":"https:\/\/dodo-inflatables.com\/wp-content\/uploads\/2026\/04\/Huawei-Schalldaemper-Blower-Cover-Huepfburgen-Geblaese-1.jpg","width":700,"height":700,"caption":"Hangtomp\u00edt\u00f3 \/ f\u00fav\u00f3burkolat ugr\u00e1l\u00f3v\u00e1r f\u00fav\u00f3khoz | Dodo Inflatables"},{"@type":"BreadcrumbList","@id":"https:\/\/dodo-inflatables.com\/hu\/termek\/hangtompito-fuvoburkolat-ugralovar-fuvokhoz\/#breadcrumb","itemListElement":[{"@type":"ListItem","position":1,"name":"Kezd\u0151lap","item":"https:\/\/dodo-inflatables.com\/hu\/"},{"@type":"ListItem","position":2,"name":"Shop","item":"https:\/\/dodo-inflatables.com\/hu\/shop\/"},{"@type":"ListItem","position":3,"name":"Hangtomp\u00edt\u00f3 \/ f\u00fav\u00f3burkolat ugr\u00e1l\u00f3v\u00e1r f\u00fav\u00f3khoz"}]},{"@type":"WebSite","@id":"https:\/\/dodo-inflatables.com\/hu\/#website","url":"https:\/\/dodo-inflatables.com\/hu\/","name":"dodo-inflatables.com","description":"V\u00e1s\u00e1roljon ugr\u00e1l\u00f3v\u00e1rakat \u00e9s l\u00e1tnival\u00f3kat \u00fczlet\u00fcnkben.","potentialAction":[{"@type":"SearchAction","target":{"@type":"EntryPoint","urlTemplate":"https:\/\/dodo-inflatables.com\/hu\/?s={search_term_string}"},"query-input":{"@type":"PropertyValueSpecification","valueRequired":true,"valueName":"search_term_string"}}],"inLanguage":"hu"}]}},"uagb_featured_image_src":{"full":["https:\/\/dodo-inflatables.com\/wp-content\/uploads\/2026\/04\/Huawei-Schalldaemper-Blower-Cover-Huepfburgen-Geblaese-1.jpg",700,700,false],"thumbnail":["https:\/\/dodo-inflatables.com\/wp-content\/uploads\/2026\/04\/Huawei-Schalldaemper-Blower-Cover-Huepfburgen-Geblaese-1-150x150.jpg",150,150,true],"medium":["https:\/\/dodo-inflatables.com\/wp-content\/uploads\/2026\/04\/Huawei-Schalldaemper-Blower-Cover-Huepfburgen-Geblaese-1-300x300.jpg",300,300,true],"medium_large":["https:\/\/dodo-inflatables.com\/wp-content\/uploads\/2026\/04\/Huawei-Schalldaemper-Blower-Cover-Huepfburgen-Geblaese-1.jpg",700,700,false],"large":["https:\/\/dodo-inflatables.com\/wp-content\/uploads\/2026\/04\/Huawei-Schalldaemper-Blower-Cover-Huepfburgen-Geblaese-1.jpg",700,700,false],"1536x1536":["https:\/\/dodo-inflatables.com\/wp-content\/uploads\/2026\/04\/Huawei-Schalldaemper-Blower-Cover-Huepfburgen-Geblaese-1.jpg",700,700,false],"2048x2048":["https:\/\/dodo-inflatables.com\/wp-content\/uploads\/2026\/04\/Huawei-Schalldaemper-Blower-Cover-Huepfburgen-Geblaese-1.jpg",700,700,false],"woocommerce_thumbnail":["https:\/\/dodo-inflatables.com\/wp-content\/uploads\/2026\/04\/Huawei-Schalldaemper-Blower-Cover-Huepfburgen-Geblaese-1.jpg",700,700,false],"woocommerce_single":["https:\/\/dodo-inflatables.com\/wp-content\/uploads\/2026\/04\/Huawei-Schalldaemper-Blower-Cover-Huepfburgen-Geblaese-1.jpg",700,700,false],"woocommerce_gallery_thumbnail":["https:\/\/dodo-inflatables.com\/wp-content\/uploads\/2026\/04\/Huawei-Schalldaemper-Blower-Cover-Huepfburgen-Geblaese-1-100x100.jpg",100,100,true]},"uagb_author_info":{"display_name":"Andreas","author_link":"https:\/\/dodo-inflatables.com\/hu\/author\/"},"uagb_comment_info":0,"uagb_excerpt":"M\u00e9retek (H \u00d7 Sz \u00d7 M): kb. 50 \u00d7 63 \u00d7 54 cm T\u00f6meg: kb. 2,4 kg Csomagolt m\u00e9retek: kb. 50 \u00d7 100 \u00d7 15 cm","_links":{"self":[{"href":"https:\/\/dodo-inflatables.com\/hu\/wp-json\/wp\/v2\/product\/105901","targetHints":{"allow":["GET"]}}],"collection":[{"href":"https:\/\/dodo-inflatables.com\/hu\/wp-json\/wp\/v2\/product"}],"about":[{"href":"https:\/\/dodo-inflatables.com\/hu\/wp-json\/wp\/v2\/types\/product"}],"replies":[{"embeddable":true,"href":"https:\/\/dodo-inflatables.com\/hu\/wp-json\/wp\/v2\/comments?post=105901"}],"wp:featuredmedia":[{"embeddable":true,"href":"https:\/\/dodo-inflatables.com\/hu\/wp-json\/wp\/v2\/media\/105896"}],"wp:attachment":[{"href":"https:\/\/dodo-inflatables.com\/hu\/wp-json\/wp\/v2\/media?parent=105901"}],"wp:term":[{"taxonomy":"product_brand","embeddable":true,"href":"https:\/\/dodo-inflatables.com\/hu\/wp-json\/wp\/v2\/product_brand?post=105901"},{"taxonomy":"product_cat","embeddable":true,"href":"https:\/\/dodo-inflatables.com\/hu\/wp-json\/wp\/v2\/product_cat?post=105901"},{"taxonomy":"product_tag","embeddable":true,"href":"https:\/\/dodo-inflatables.com\/hu\/wp-json\/wp\/v2\/product_tag?post=105901"}],"curies":[{"name":"wp","href":"https:\/\/api.w.org\/{rel}","templated":true}]}}