{"id":105975,"date":"2026-04-04T13:54:45","date_gmt":"2026-04-04T11:54:45","guid":{"rendered":"https:\/\/dodo-inflatables.com\/dodo-relaunch?product=nyomasmonitor-nyomasmero-ugralovarakhoz-huawei-ny-s01"},"modified":"2026-04-04T13:54:45","modified_gmt":"2026-04-04T11:54:45","slug":"nyomasmonitor-nyomasmero-ugralovarakhoz-huawei-ny-s01","status":"publish","type":"product","link":"https:\/\/dodo-inflatables.com\/hu\/termek\/nyomasmonitor-nyomasmero-ugralovarakhoz-huawei-ny-s01\/","title":{"rendered":"Nyom\u00e1smonitor \/ nyom\u00e1sm\u00e9r\u0151 ugr\u00e1l\u00f3v\u00e1rakhoz \u2013 Huawei NY-S01"},"content":{"rendered":"<h1><b>V\u00e1s\u00e1roljon nyom\u00e1smonitort \/ nyom\u00e1sm\u00e9r\u0151t ugr\u00e1l\u00f3v\u00e1rakhoz \u2013 Huawei NY-S01<\/b><\/h1>\n<p>&nbsp;<\/p>\n<p class=\"p1\"><span class=\"s1\"><b>Huawei NY-S01 SafeAlert nyom\u00e1smonitor<\/b><\/span> az ugr\u00e1l\u00f3v\u00e1rak \u00e9s felf\u00fajhat\u00f3 j\u00e1t\u00e9keszk\u00f6z\u00f6k l\u00e9gnyom\u00e1s\u00e1nak folyamatos figyel\u00e9s\u00e9re lett tervezve.<br \/>\nVal\u00f3s id\u0151ben m\u00e9ri az aktu\u00e1lis bels\u0151 nyom\u00e1st, \u00e9s vizu\u00e1lis \u00e9s akusztikus figyelmeztet\u00e9seket ad, ha a nyom\u00e1s egy meghat\u00e1rozott szint al\u00e1 cs\u00f6kken.<br \/>\nEz seg\u00edt t\u00e1mogatni az ugr\u00e1l\u00f3v\u00e1r biztons\u00e1gos m\u0171k\u00f6d\u00e9s\u00e9t, \u00e9s a nyom\u00e1smonitort k\u00fcl\u00f6n\u00f6sen alkalmass\u00e1 teszi professzion\u00e1lis haszn\u00e1latra b\u00e9rl\u0151 c\u00e9gekben, rendezv\u00e9nyeken \u00e9s nyilv\u00e1nos esem\u00e9nyeken.<\/p>\n<p class=\"p3\"><b>Megb\u00edzhat\u00f3 nyom\u00e1sfigyel\u00e9s:<br \/>\n<\/b>Az integr\u00e1lt \u00e9rz\u00e9kel\u0151 <span class=\"s1\"><b>0\u20133000 Pa<\/b><\/span> tartom\u00e1nyban m\u00e9ri a l\u00e9gnyom\u00e1st, \u00e9s az \u00e9rt\u00e9keket j\u00f3l olvashat\u00f3an jelen\u00edti meg a digit\u00e1lis kijelz\u0151n.<\/p>\n<p class=\"p3\"><b>Vizu\u00e1lis \u00e9s akusztikus figyelmeztet\u00e9si jelz\u00e9sek:<br \/>\n<\/b>Ha a nyom\u00e1s cs\u00f6kken, azonnal figyelmeztet\u00e9s aktiv\u00e1l\u00f3dik LED-kijelz\u0151 \u00e9s hallhat\u00f3 jelz\u00e9s \u00fatj\u00e1n, lehet\u0151v\u00e9 t\u00e9ve a gyors beavatkoz\u00e1st.<\/p>\n<p class=\"p3\"><b>Robusztus kialak\u00edt\u00e1s:<br \/>\n<\/b>A nyom\u00e1smonitor t\u0171z\u00e1ll\u00f3 \u00e9s v\u00edz\u00e1ll\u00f3, \u00e9s k\u00fcl\u00f6nb\u00f6z\u0151 id\u0151j\u00e1r\u00e1si k\u00f6r\u00fclm\u00e9nyek k\u00f6z\u00f6tt is haszn\u00e1lhat\u00f3.<\/p>\n<p class=\"p3\"><b>Kompakt \u00e9s felhaszn\u00e1l\u00f3bar\u00e1t:<br \/>\n<\/b>A kompakt kialak\u00edt\u00e1snak, kis t\u00f6megnek \u00e9s egyszer\u0171 kezel\u00e9snek k\u00f6sz\u00f6nhet\u0151en az eszk\u00f6z k\u00f6nnyen telep\u00edthet\u0151, be\u00e1ll\u00edthat\u00f3 \u00e9s sz\u00e1ll\u00edthat\u00f3.<\/p>\n<h3>A nyom\u00e1smonitor \/ nyom\u00e1sm\u00e9r\u0151 r\u00e9szletei<\/h3>\n<ul>\n<li class=\"p1\">M\u00e9retek (Sz \u00d7 M \u00d7 Ma): kb. 80 \u00d7 73 \u00d7 52 mm<\/li>\n<li class=\"p1\">Csomagolt m\u00e9retek: kb. 110 \u00d7 110 \u00d7 100 mm<\/li>\n<li>\n<p class=\"p1\">M\u00e9r\u00e9si tartom\u00e1ny: 0\u20133000 Pa<\/p>\n<\/li>\n<\/ul>\n","protected":false},"excerpt":{"rendered":"<ul>\n<li class=\"p1\">M\u00e9retek (Sz \u00d7 M \u00d7 Ma): kb. 80 \u00d7 73 \u00d7 52 mm<\/li>\n<li class=\"p1\">Csomagolt m\u00e9retek: kb. 110 \u00d7 110 \u00d7 100 mm<\/li>\n<li>\n<p class=\"p1\">M\u00e9r\u00e9si tartom\u00e1ny: 0\u20133000 Pa<\/p>\n<\/li>\n<\/ul>\n","protected":false},"featured_media":105974,"comment_status":"open","ping_status":"closed","template":"","meta":{"_acf_changed":false,"_uag_custom_page_level_css":"","site-sidebar-layout":"default","site-content-layout":"boxed-container","ast-site-content-layout":"normal-width-container","site-content-style":"boxed","site-sidebar-style":"default","ast-global-header-display":"","ast-banner-title-visibility":"","ast-main-header-display":"","ast-hfb-above-header-display":"","ast-hfb-below-header-display":"","ast-hfb-mobile-header-display":"","site-post-title":"disabled","ast-breadcrumbs-content":"","ast-featured-img":"","footer-sml-layout":"","ast-disable-related-posts":"","theme-transparent-header-meta":"default","adv-header-id-meta":"","stick-header-meta":"default","header-above-stick-meta":"","header-main-stick-meta":"","header-below-stick-meta":"","astra-migrate-meta-layouts":"default","ast-page-background-enabled":"default","ast-page-background-meta":{"desktop":{"background-color":"var(--ast-global-color-4)","background-image":"","background-repeat":"repeat","background-position":"center center","background-size":"auto","background-attachment":"scroll","background-type":"","background-media":"","overlay-type":"","overlay-color":"","overlay-opacity":"","overlay-gradient":""},"tablet":{"background-color":"","background-image":"","background-repeat":"repeat","background-position":"center center","background-size":"auto","background-attachment":"scroll","background-type":"","background-media":"","overlay-type":"","overlay-color":"","overlay-opacity":"","overlay-gradient":""},"mobile":{"background-color":"","background-image":"","background-repeat":"repeat","background-position":"center center","background-size":"auto","background-attachment":"scroll","background-type":"","background-media":"","overlay-type":"","overlay-color":"","overlay-opacity":"","overlay-gradient":""}},"ast-content-background-meta":{"desktop":{"background-color":"var(--ast-global-color-5)","background-image":"","background-repeat":"repeat","background-position":"center center","background-size":"auto","background-attachment":"scroll","background-type":"","background-media":"","overlay-type":"","overlay-color":"","overlay-opacity":"","overlay-gradient":""},"tablet":{"background-color":"var(--ast-global-color-5)","background-image":"","background-repeat":"repeat","background-position":"center center","background-size":"auto","background-attachment":"scroll","background-type":"","background-media":"","overlay-type":"","overlay-color":"","overlay-opacity":"","overlay-gradient":""},"mobile":{"background-color":"var(--ast-global-color-5)","background-image":"","background-repeat":"repeat","background-position":"center center","background-size":"auto","background-attachment":"scroll","background-type":"","background-media":"","overlay-type":"","overlay-color":"","overlay-opacity":"","overlay-gradient":""}}},"product_brand":[],"product_cat":[829],"product_tag":[],"class_list":{"0":"post-105975","1":"product","2":"type-product","3":"status-publish","4":"has-post-thumbnail","6":"product_cat-kiegeszitok","7":"product_shipping_class-zubehor-hu","8":"desktop-align-center","9":"tablet-align-center","10":"mobile-align-center","11":"ast-product-gallery-layout-horizontal","12":"ast-product-gallery-with-no-image","13":"ast-product-tabs-layout-horizontal","15":"first","16":"instock","17":"taxable","18":"shipping-taxable","19":"purchasable","20":"product-type-simple"},"acf":[],"yoast_head":"<!-- This site is optimized with the Yoast SEO plugin v27.5 - https:\/\/yoast.com\/product\/yoast-seo-wordpress\/ -->\n<title>Nyom\u00e1smonitor \/ nyom\u00e1sm\u00e9r\u0151 ugr\u00e1l\u00f3v\u00e1rakhoz \u2013 Huawei NY-S01 | Dodo Inflatables<\/title>\n<meta name=\"description\" content=\"Huawei NY-S01 nyom\u00e1smonitor ugr\u00e1l\u00f3v\u00e1rakhoz \u2013 val\u00f3s idej\u0171 nyom\u00e1sfigyel\u00e9s 0\u20133000 Pa, vizu\u00e1lis \u00e9s akusztikus figyelmeztet\u00e9sek, t\u0171z\u00e1ll\u00f3 \u00e9s v\u00edz\u00e1ll\u00f3. Ide\u00e1lis b\u00e9rl\u0151 c\u00e9gek \u00e9s rendezv\u00e9nyek sz\u00e1m\u00e1ra.\" \/>\n<meta name=\"robots\" content=\"index, follow, max-snippet:-1, max-image-preview:large, max-video-preview:-1\" \/>\n<link rel=\"canonical\" href=\"https:\/\/dodo-inflatables.com\/hu\/termek\/nyomasmonitor-nyomasmero-ugralovarakhoz-huawei-ny-s01\/\" \/>\n<meta name=\"twitter:label1\" content=\"Becs\u00fclt olvas\u00e1si id\u0151\" \/>\n\t<meta name=\"twitter:data1\" content=\"1 perc\" \/>\n<script type=\"application\/ld+json\" class=\"yoast-schema-graph\">{\"@context\":\"https:\\\/\\\/schema.org\",\"@graph\":[{\"@type\":\"WebPage\",\"@id\":\"https:\\\/\\\/dodo-inflatables.com\\\/hu\\\/termek\\\/nyomasmonitor-nyomasmero-ugralovarakhoz-huawei-ny-s01\\\/\",\"url\":\"https:\\\/\\\/dodo-inflatables.com\\\/hu\\\/termek\\\/nyomasmonitor-nyomasmero-ugralovarakhoz-huawei-ny-s01\\\/\",\"name\":\"Nyom\u00e1smonitor \\\/ nyom\u00e1sm\u00e9r\u0151 ugr\u00e1l\u00f3v\u00e1rakhoz \u2013 Huawei NY-S01 | Dodo Inflatables\",\"isPartOf\":{\"@id\":\"https:\\\/\\\/dodo-inflatables.com\\\/hu\\\/#website\"},\"primaryImageOfPage\":{\"@id\":\"https:\\\/\\\/dodo-inflatables.com\\\/hu\\\/termek\\\/nyomasmonitor-nyomasmero-ugralovarakhoz-huawei-ny-s01\\\/#primaryimage\"},\"image\":{\"@id\":\"https:\\\/\\\/dodo-inflatables.com\\\/hu\\\/termek\\\/nyomasmonitor-nyomasmero-ugralovarakhoz-huawei-ny-s01\\\/#primaryimage\"},\"thumbnailUrl\":\"https:\\\/\\\/dodo-inflatables.com\\\/wp-content\\\/uploads\\\/2026\\\/04\\\/Druckwaechter-Druckmesser-fur-Huepfburgen.jpg\",\"datePublished\":\"2026-04-04T11:54:45+00:00\",\"description\":\"Huawei NY-S01 nyom\u00e1smonitor ugr\u00e1l\u00f3v\u00e1rakhoz \u2013 val\u00f3s idej\u0171 nyom\u00e1sfigyel\u00e9s 0\u20133000 Pa, vizu\u00e1lis \u00e9s akusztikus figyelmeztet\u00e9sek, t\u0171z\u00e1ll\u00f3 \u00e9s v\u00edz\u00e1ll\u00f3. Ide\u00e1lis b\u00e9rl\u0151 c\u00e9gek \u00e9s rendezv\u00e9nyek sz\u00e1m\u00e1ra.\",\"breadcrumb\":{\"@id\":\"https:\\\/\\\/dodo-inflatables.com\\\/hu\\\/termek\\\/nyomasmonitor-nyomasmero-ugralovarakhoz-huawei-ny-s01\\\/#breadcrumb\"},\"inLanguage\":\"hu\",\"potentialAction\":[{\"@type\":\"ReadAction\",\"target\":[\"https:\\\/\\\/dodo-inflatables.com\\\/hu\\\/termek\\\/nyomasmonitor-nyomasmero-ugralovarakhoz-huawei-ny-s01\\\/\"]}]},{\"@type\":\"ImageObject\",\"inLanguage\":\"hu\",\"@id\":\"https:\\\/\\\/dodo-inflatables.com\\\/hu\\\/termek\\\/nyomasmonitor-nyomasmero-ugralovarakhoz-huawei-ny-s01\\\/#primaryimage\",\"url\":\"https:\\\/\\\/dodo-inflatables.com\\\/wp-content\\\/uploads\\\/2026\\\/04\\\/Druckwaechter-Druckmesser-fur-Huepfburgen.jpg\",\"contentUrl\":\"https:\\\/\\\/dodo-inflatables.com\\\/wp-content\\\/uploads\\\/2026\\\/04\\\/Druckwaechter-Druckmesser-fur-Huepfburgen.jpg\",\"width\":700,\"height\":700,\"caption\":\"Nyom\u00e1smonitor \\\/ nyom\u00e1sm\u00e9r\u0151 ugr\u00e1l\u00f3v\u00e1rakhoz \u2013 Huawei NY-S01 | Dodo Inflatables\"},{\"@type\":\"BreadcrumbList\",\"@id\":\"https:\\\/\\\/dodo-inflatables.com\\\/hu\\\/termek\\\/nyomasmonitor-nyomasmero-ugralovarakhoz-huawei-ny-s01\\\/#breadcrumb\",\"itemListElement\":[{\"@type\":\"ListItem\",\"position\":1,\"name\":\"Kezd\u0151lap\",\"item\":\"https:\\\/\\\/dodo-inflatables.com\\\/hu\\\/\"},{\"@type\":\"ListItem\",\"position\":2,\"name\":\"Shop\",\"item\":\"https:\\\/\\\/dodo-inflatables.com\\\/hu\\\/shop\\\/\"},{\"@type\":\"ListItem\",\"position\":3,\"name\":\"Nyom\u00e1smonitor \\\/ nyom\u00e1sm\u00e9r\u0151 ugr\u00e1l\u00f3v\u00e1rakhoz \u2013 Huawei NY-S01\"}]},{\"@type\":\"WebSite\",\"@id\":\"https:\\\/\\\/dodo-inflatables.com\\\/hu\\\/#website\",\"url\":\"https:\\\/\\\/dodo-inflatables.com\\\/hu\\\/\",\"name\":\"dodo-inflatables.com\",\"description\":\"V\u00e1s\u00e1roljon ugr\u00e1l\u00f3v\u00e1rakat \u00e9s l\u00e1tnival\u00f3kat \u00fczlet\u00fcnkben.\",\"potentialAction\":[{\"@type\":\"SearchAction\",\"target\":{\"@type\":\"EntryPoint\",\"urlTemplate\":\"https:\\\/\\\/dodo-inflatables.com\\\/hu\\\/?s={search_term_string}\"},\"query-input\":{\"@type\":\"PropertyValueSpecification\",\"valueRequired\":true,\"valueName\":\"search_term_string\"}}],\"inLanguage\":\"hu\"}]}<\/script>\n<!-- \/ Yoast SEO plugin. -->","yoast_head_json":{"title":"Nyom\u00e1smonitor \/ nyom\u00e1sm\u00e9r\u0151 ugr\u00e1l\u00f3v\u00e1rakhoz \u2013 Huawei NY-S01 | Dodo Inflatables","description":"Huawei NY-S01 nyom\u00e1smonitor ugr\u00e1l\u00f3v\u00e1rakhoz \u2013 val\u00f3s idej\u0171 nyom\u00e1sfigyel\u00e9s 0\u20133000 Pa, vizu\u00e1lis \u00e9s akusztikus figyelmeztet\u00e9sek, t\u0171z\u00e1ll\u00f3 \u00e9s v\u00edz\u00e1ll\u00f3. Ide\u00e1lis b\u00e9rl\u0151 c\u00e9gek \u00e9s rendezv\u00e9nyek sz\u00e1m\u00e1ra.","robots":{"index":"index","follow":"follow","max-snippet":"max-snippet:-1","max-image-preview":"max-image-preview:large","max-video-preview":"max-video-preview:-1"},"canonical":"https:\/\/dodo-inflatables.com\/hu\/termek\/nyomasmonitor-nyomasmero-ugralovarakhoz-huawei-ny-s01\/","twitter_misc":{"Becs\u00fclt olvas\u00e1si id\u0151":"1 perc"},"schema":{"@context":"https:\/\/schema.org","@graph":[{"@type":"WebPage","@id":"https:\/\/dodo-inflatables.com\/hu\/termek\/nyomasmonitor-nyomasmero-ugralovarakhoz-huawei-ny-s01\/","url":"https:\/\/dodo-inflatables.com\/hu\/termek\/nyomasmonitor-nyomasmero-ugralovarakhoz-huawei-ny-s01\/","name":"Nyom\u00e1smonitor \/ nyom\u00e1sm\u00e9r\u0151 ugr\u00e1l\u00f3v\u00e1rakhoz \u2013 Huawei NY-S01 | Dodo Inflatables","isPartOf":{"@id":"https:\/\/dodo-inflatables.com\/hu\/#website"},"primaryImageOfPage":{"@id":"https:\/\/dodo-inflatables.com\/hu\/termek\/nyomasmonitor-nyomasmero-ugralovarakhoz-huawei-ny-s01\/#primaryimage"},"image":{"@id":"https:\/\/dodo-inflatables.com\/hu\/termek\/nyomasmonitor-nyomasmero-ugralovarakhoz-huawei-ny-s01\/#primaryimage"},"thumbnailUrl":"https:\/\/dodo-inflatables.com\/wp-content\/uploads\/2026\/04\/Druckwaechter-Druckmesser-fur-Huepfburgen.jpg","datePublished":"2026-04-04T11:54:45+00:00","description":"Huawei NY-S01 nyom\u00e1smonitor ugr\u00e1l\u00f3v\u00e1rakhoz \u2013 val\u00f3s idej\u0171 nyom\u00e1sfigyel\u00e9s 0\u20133000 Pa, vizu\u00e1lis \u00e9s akusztikus figyelmeztet\u00e9sek, t\u0171z\u00e1ll\u00f3 \u00e9s v\u00edz\u00e1ll\u00f3. Ide\u00e1lis b\u00e9rl\u0151 c\u00e9gek \u00e9s rendezv\u00e9nyek sz\u00e1m\u00e1ra.","breadcrumb":{"@id":"https:\/\/dodo-inflatables.com\/hu\/termek\/nyomasmonitor-nyomasmero-ugralovarakhoz-huawei-ny-s01\/#breadcrumb"},"inLanguage":"hu","potentialAction":[{"@type":"ReadAction","target":["https:\/\/dodo-inflatables.com\/hu\/termek\/nyomasmonitor-nyomasmero-ugralovarakhoz-huawei-ny-s01\/"]}]},{"@type":"ImageObject","inLanguage":"hu","@id":"https:\/\/dodo-inflatables.com\/hu\/termek\/nyomasmonitor-nyomasmero-ugralovarakhoz-huawei-ny-s01\/#primaryimage","url":"https:\/\/dodo-inflatables.com\/wp-content\/uploads\/2026\/04\/Druckwaechter-Druckmesser-fur-Huepfburgen.jpg","contentUrl":"https:\/\/dodo-inflatables.com\/wp-content\/uploads\/2026\/04\/Druckwaechter-Druckmesser-fur-Huepfburgen.jpg","width":700,"height":700,"caption":"Nyom\u00e1smonitor \/ nyom\u00e1sm\u00e9r\u0151 ugr\u00e1l\u00f3v\u00e1rakhoz \u2013 Huawei NY-S01 | Dodo Inflatables"},{"@type":"BreadcrumbList","@id":"https:\/\/dodo-inflatables.com\/hu\/termek\/nyomasmonitor-nyomasmero-ugralovarakhoz-huawei-ny-s01\/#breadcrumb","itemListElement":[{"@type":"ListItem","position":1,"name":"Kezd\u0151lap","item":"https:\/\/dodo-inflatables.com\/hu\/"},{"@type":"ListItem","position":2,"name":"Shop","item":"https:\/\/dodo-inflatables.com\/hu\/shop\/"},{"@type":"ListItem","position":3,"name":"Nyom\u00e1smonitor \/ nyom\u00e1sm\u00e9r\u0151 ugr\u00e1l\u00f3v\u00e1rakhoz \u2013 Huawei NY-S01"}]},{"@type":"WebSite","@id":"https:\/\/dodo-inflatables.com\/hu\/#website","url":"https:\/\/dodo-inflatables.com\/hu\/","name":"dodo-inflatables.com","description":"V\u00e1s\u00e1roljon ugr\u00e1l\u00f3v\u00e1rakat \u00e9s l\u00e1tnival\u00f3kat \u00fczlet\u00fcnkben.","potentialAction":[{"@type":"SearchAction","target":{"@type":"EntryPoint","urlTemplate":"https:\/\/dodo-inflatables.com\/hu\/?s={search_term_string}"},"query-input":{"@type":"PropertyValueSpecification","valueRequired":true,"valueName":"search_term_string"}}],"inLanguage":"hu"}]}},"uagb_featured_image_src":{"full":["https:\/\/dodo-inflatables.com\/wp-content\/uploads\/2026\/04\/Druckwaechter-Druckmesser-fur-Huepfburgen.jpg",700,700,false],"thumbnail":["https:\/\/dodo-inflatables.com\/wp-content\/uploads\/2026\/04\/Druckwaechter-Druckmesser-fur-Huepfburgen-150x150.jpg",150,150,true],"medium":["https:\/\/dodo-inflatables.com\/wp-content\/uploads\/2026\/04\/Druckwaechter-Druckmesser-fur-Huepfburgen-300x300.jpg",300,300,true],"medium_large":["https:\/\/dodo-inflatables.com\/wp-content\/uploads\/2026\/04\/Druckwaechter-Druckmesser-fur-Huepfburgen.jpg",700,700,false],"large":["https:\/\/dodo-inflatables.com\/wp-content\/uploads\/2026\/04\/Druckwaechter-Druckmesser-fur-Huepfburgen.jpg",700,700,false],"1536x1536":["https:\/\/dodo-inflatables.com\/wp-content\/uploads\/2026\/04\/Druckwaechter-Druckmesser-fur-Huepfburgen.jpg",700,700,false],"2048x2048":["https:\/\/dodo-inflatables.com\/wp-content\/uploads\/2026\/04\/Druckwaechter-Druckmesser-fur-Huepfburgen.jpg",700,700,false],"woocommerce_thumbnail":["https:\/\/dodo-inflatables.com\/wp-content\/uploads\/2026\/04\/Druckwaechter-Druckmesser-fur-Huepfburgen.jpg",700,700,false],"woocommerce_single":["https:\/\/dodo-inflatables.com\/wp-content\/uploads\/2026\/04\/Druckwaechter-Druckmesser-fur-Huepfburgen.jpg",700,700,false],"woocommerce_gallery_thumbnail":["https:\/\/dodo-inflatables.com\/wp-content\/uploads\/2026\/04\/Druckwaechter-Druckmesser-fur-Huepfburgen-100x100.jpg",100,100,true]},"uagb_author_info":{"display_name":"Andreas","author_link":"https:\/\/dodo-inflatables.com\/hu\/author\/"},"uagb_comment_info":0,"uagb_excerpt":"M\u00e9retek (Sz \u00d7 M \u00d7 Ma): kb. 80 \u00d7 73 \u00d7 52 mm Csomagolt m\u00e9retek: kb. 110 \u00d7 110 \u00d7 100 mm M\u00e9r\u00e9si tartom\u00e1ny: 0\u20133000 Pa","_links":{"self":[{"href":"https:\/\/dodo-inflatables.com\/hu\/wp-json\/wp\/v2\/product\/105975","targetHints":{"allow":["GET"]}}],"collection":[{"href":"https:\/\/dodo-inflatables.com\/hu\/wp-json\/wp\/v2\/product"}],"about":[{"href":"https:\/\/dodo-inflatables.com\/hu\/wp-json\/wp\/v2\/types\/product"}],"replies":[{"embeddable":true,"href":"https:\/\/dodo-inflatables.com\/hu\/wp-json\/wp\/v2\/comments?post=105975"}],"wp:featuredmedia":[{"embeddable":true,"href":"https:\/\/dodo-inflatables.com\/hu\/wp-json\/wp\/v2\/media\/105974"}],"wp:attachment":[{"href":"https:\/\/dodo-inflatables.com\/hu\/wp-json\/wp\/v2\/media?parent=105975"}],"wp:term":[{"taxonomy":"product_brand","embeddable":true,"href":"https:\/\/dodo-inflatables.com\/hu\/wp-json\/wp\/v2\/product_brand?post=105975"},{"taxonomy":"product_cat","embeddable":true,"href":"https:\/\/dodo-inflatables.com\/hu\/wp-json\/wp\/v2\/product_cat?post=105975"},{"taxonomy":"product_tag","embeddable":true,"href":"https:\/\/dodo-inflatables.com\/hu\/wp-json\/wp\/v2\/product_tag?post=105975"}],"curies":[{"name":"wp","href":"https:\/\/api.w.org\/{rel}","templated":true}]}}