{"id":11050,"date":"2018-01-19T15:47:49","date_gmt":"2018-01-19T14:47:49","guid":{"rendered":"https:\/\/dodo-inflatables.com\/product\/football-dart\/"},"modified":"2026-02-05T06:52:22","modified_gmt":"2026-02-05T05:52:22","slug":"foci-dart","status":"publish","type":"product","link":"https:\/\/dodo-inflatables.com\/hu\/termek\/foci-dart\/","title":{"rendered":"Foci Dart"},"content":{"rendered":"<h2>V\u00e1s\u00e1roljon felf\u00fajhat\u00f3 Foci dart<\/h2>\n<p>A futball darts a leg\u00fajabb trend az angliai esem\u00e9nyeken. A futball darts, m\u00e1s n\u00e9ven foci darts vagy l\u00e1bdart, a szok\u00e1sos futball \u00e9s darts k\u00e9szs\u00e9geket \u00f6tv\u00f6zi, \u00e9s t\u00e9p\u0151z\u00e1ras l\u00e1bgoly\u00f3kat l\u0151 egy \u00f3ri\u00e1si felf\u00fajhat\u00f3 darts t\u00e1bl\u00e1ra.<\/p>\n<p>Nagym\u00e9ret\u0171 felf\u00fajhat\u00f3 futballd\u00e1rda-j\u00e1t\u00e9kunk 4,5 m\u00e9ter magas, \u00edgy nagyszer\u0171 l\u00e1tv\u00e1nyoss\u00e1g b\u00e1rmilyen futballesem\u00e9nyen. Engedje, hogy bar\u00e1tai, vend\u00e9gei, \u00fcgyfelei, koll\u00e9g\u00e1i vagy a csal\u00e1dja megm\u00e9rk\u0151zz\u00f6n egym\u00e1ssal a Soccer Dartsban, \u00e9s der\u00edtse ki, ki a legjobb l\u00f6v\u0151 k\u00f6z\u00f6ttetek. A j\u00e1t\u00e9kosoknak \u00e1ltal\u00e1ban h\u00e1rom pr\u00f3b\u00e1lkoz\u00e1suk van arra, hogy a labd\u00e1t a lehet\u0151 legk\u00f6zelebb helyezz\u00e9k a c\u00e9lt\u00e1bl\u00e1hoz, vagy &#8222;l\u0151jenek&#8221; egy bizonyos sz\u00e1m\u00fa pontot. Nem csak a csapatt\u00e1rsaid fognak szurkolni neked, a n\u00e9z\u0151k is izgatottan figyelik majd a versenyt.<\/p>\n<p>A futball darts b\u00e1rmilyen fel\u00fcleten j\u00e1tszhat\u00f3, amelyen \u00e1ltal\u00e1ban futballt j\u00e1tszanak. A sz\u00fcks\u00e9ges t\u00e9p\u0151z\u00e1ras labd\u00e1kat a megfelel\u0151h\u00f6z sz\u00e1ll\u00edtjuk. Ezek speci\u00e1lis t\u00e9p\u0151z\u00e1rb\u00f3l k\u00e9sz\u00fclnek, amely k\u00fcl\u00f6n\u00f6sen j\u00f3l tapad a felf\u00fajhat\u00f3 darts-t\u00e1bla t\u00e9p\u0151z\u00e1rj\u00e1hoz. Ezek a k\u00fcl\u00f6nleges <a href=\"https:\/\/dodo-inflatables.com\/hu\/termek\/tepozaras-labdarugo-a-futball-dartshoz\/\">t\u00e9p\u0151z\u00e1ras labd\u00e1k<\/a> egyenk\u00e9nt is kaphat\u00f3k a <a href=\"https:\/\/dodo-inflatables.com\/product-category\/accessories\/\">kieg\u00e9sz\u00edt\u0151k<\/a> kateg\u00f3ri\u00e1ban.<\/p>\n<p>&nbsp;<\/p>\n<h4>A felf\u00fajhat\u00f3 futballd\u00e1rda r\u00e9szletei<\/h4>\n<ul>\n<li>M\u00e9retek (hossz\u00fas\u00e1g x sz\u00e9less\u00e9g x magass\u00e1g): 4,50 m x 6,20 m x 4,50 m *<\/li>\n<li>S\u00faly: kb. 95 kg *<\/li>\n<li>Csomagol\u00e1si m\u00e9ret: 100 x 70 x 70 cm *<\/li>\n<li>\u00d6sszeszerel\u00e9si id\u0151: 10 perc<\/li>\n<li>Anyag: PVC \u00e9s t\u00e9p\u0151z\u00e1r<\/li>\n<li>Cser\u00e9lhet\u0151 t\u00e9p\u0151z\u00e1ras darts t\u00e1bla<\/li>\n<li>Cipz\u00e1r t\u00e9p\u0151z\u00e1ras bor\u00edt\u00e1ssal, meger\u0151s\u00edtett sarkok, kiv\u00e1l\u00f3 min\u0151s\u00e9g\u0171 t\u00e9p\u0151z\u00e1rral<\/li>\n<li>K\u00f6t\u00e9l a goly\u00f3k elt\u00e1vol\u00edt\u00e1s\u00e1hoz<\/li>\n<\/ul>\n<p>A sz\u00e1ll\u00edt\u00e1si terjedelem tartalmazza: kiv\u00e1l\u00f3 min\u0151s\u00e9g\u0171 t\u00e9p\u0151z\u00e1ras bor\u00edt\u00e1ssal.<\/p>\n<p>A f\u00fav\u00f3 \u00e9s a f\u00f6ldlap nem tartoz\u00e9k. Ezek a tartoz\u00e9kok kateg\u00f3ri\u00e1ban tal\u00e1lhat\u00f3k.<\/p>\n<p>Minden ugr\u00e1l\u00f3v\u00e1runk \u00e9s felf\u00fajhat\u00f3 attrakci\u00f3nk professzion\u00e1lis modul, amelyek alkalmasak professzion\u00e1lis b\u00e9rleti v\u00e1llalkoz\u00e1sok sz\u00e1m\u00e1ra, valamint szabadid\u0151parkokban, belt\u00e9ri j\u00e1tsz\u00f3tereken \u00e9s hasonl\u00f3kban val\u00f3 haszn\u00e1latra.<\/p>\n<p><strong>Fontos haszn\u00e1lati utas\u00edt\u00e1sok<\/strong><\/p>\n<p>A f\u00fav\u00f3nak (nem tartoz\u00e9k) haszn\u00e1lat k\u00f6zben folyamatosan m\u0171k\u00f6dnie kell.<br \/>\nA varratok lyukain kereszt\u00fcl t\u00f6rt\u00e9n\u0151 enyhe l\u00e9gsziv\u00e1rg\u00e1s norm\u00e1lis.<\/p>\n<p>* A s\u00faly \u00e9s a m\u00e9retek hozz\u00e1vet\u0151legesek, \u00e9s kiss\u00e9 elt\u00e9rhetnek.<\/p>\n","protected":false},"excerpt":{"rendered":"<p><i class=\"fa fa-arrows-alt\"><\/i> M\u00e9retek (hossz\u00fas\u00e1g x sz\u00e9less\u00e9g x magass\u00e1g): 4,50 m x 6,20 m x 4,50 m *<br \/>\n<i class=\"fa fa-plus\"><\/i> Tartalmaz h\u00e1rom labd\u00e1t t\u00e9p\u0151z\u00e1ras bor\u00edt\u00e1ssal, cser\u00e9lhet\u0151 t\u00e9p\u0151z\u00e1ras darts t\u00e1bla<i class=\"fa fa-check\"><\/i> Professzion\u00e1lis modul &#8211; Alkalmas kereskedelmi \u00e9s mag\u00e1nhaszn\u00e1latra.<\/p>\n<p><i class=\"fa fa-square\"><\/i> PVC (0,55 mm \/ 621,3 g\/m2 ) \u00e9s t\u00e9p\u0151z\u00e1r<br \/>\n<i class=\"fa fa-align-justify\"><\/i> 2-4-szeres varr\u00e1s (a terhel\u00e9st\u0151l f\u00fcgg\u0151en)<br \/>\n<i class=\"fa fa-fire\"><\/i> L\u00e1ng\u00e1ll\u00f3<br \/>\n<i class=\"fas fa-edit\"><\/i> Bele\u00e9rtve. egyedi sorozatsz\u00e1m<\/p>\n","protected":false},"featured_media":10699,"comment_status":"open","ping_status":"closed","template":"","meta":{"_acf_changed":false,"_uag_custom_page_level_css":"","site-sidebar-layout":"default","site-content-layout":"boxed-container","ast-site-content-layout":"normal-width-container","site-content-style":"boxed","site-sidebar-style":"boxed","ast-global-header-display":"","ast-banner-title-visibility":"","ast-main-header-display":"","ast-hfb-above-header-display":"","ast-hfb-below-header-display":"","ast-hfb-mobile-header-display":"","site-post-title":"disabled","ast-breadcrumbs-content":"","ast-featured-img":"","footer-sml-layout":"","ast-disable-related-posts":"","theme-transparent-header-meta":"default","adv-header-id-meta":"","stick-header-meta":"default","header-above-stick-meta":"","header-main-stick-meta":"","header-below-stick-meta":"","astra-migrate-meta-layouts":"set","ast-page-background-enabled":"default","ast-page-background-meta":{"desktop":{"background-color":"var(--ast-global-color-4)","background-image":"","background-repeat":"repeat","background-position":"center center","background-size":"auto","background-attachment":"scroll","background-type":"","background-media":"","overlay-type":"","overlay-color":"","overlay-opacity":"","overlay-gradient":""},"tablet":{"background-color":"","background-image":"","background-repeat":"repeat","background-position":"center center","background-size":"auto","background-attachment":"scroll","background-type":"","background-media":"","overlay-type":"","overlay-color":"","overlay-opacity":"","overlay-gradient":""},"mobile":{"background-color":"","background-image":"","background-repeat":"repeat","background-position":"center center","background-size":"auto","background-attachment":"scroll","background-type":"","background-media":"","overlay-type":"","overlay-color":"","overlay-opacity":"","overlay-gradient":""}},"ast-content-background-meta":{"desktop":{"background-color":"var(--ast-global-color-5)","background-image":"","background-repeat":"repeat","background-position":"center center","background-size":"auto","background-attachment":"scroll","background-type":"","background-media":"","overlay-type":"","overlay-color":"","overlay-opacity":"","overlay-gradient":""},"tablet":{"background-color":"var(--ast-global-color-5)","background-image":"","background-repeat":"repeat","background-position":"center center","background-size":"auto","background-attachment":"scroll","background-type":"","background-media":"","overlay-type":"","overlay-color":"","overlay-opacity":"","overlay-gradient":""},"mobile":{"background-color":"var(--ast-global-color-5)","background-image":"","background-repeat":"repeat","background-position":"center center","background-size":"auto","background-attachment":"scroll","background-type":"","background-media":"","overlay-type":"","overlay-color":"","overlay-opacity":"","overlay-gradient":""}}},"product_brand":[],"product_cat":[822],"product_tag":[],"class_list":{"0":"post-11050","1":"product","2":"type-product","3":"status-publish","4":"has-post-thumbnail","6":"product_cat-attractions-hu","7":"product_shipping_class-spedition-hupfburg-hu","8":"pa_gtin-0669145336841-hu","9":"desktop-align-center","10":"tablet-align-center","11":"mobile-align-center","12":"ast-product-gallery-layout-horizontal","13":"ast-product-tabs-layout-horizontal","15":"first","16":"instock","17":"taxable","18":"shipping-taxable","19":"purchasable","20":"product-type-simple"},"acf":[],"yoast_head":"<!-- This site is optimized with the Yoast SEO plugin v27.3 - https:\/\/yoast.com\/product\/yoast-seo-wordpress\/ -->\n<title>Felf\u00fajhat\u00f3 foci dart | Dodo-Inflatables.com<\/title>\n<meta name=\"description\" content=\"V\u00e1s\u00e1roljon felf\u00fajhat\u00f3 focilabd\u00e1t Soccerdart a dodo-inflatables.com oldalon! | Tisztess\u00e9ges \u00e1rak | Mindig rakt\u00e1ron | Gyors kisz\u00e1ll\u00edt\u00e1s!\" \/>\n<meta name=\"robots\" content=\"index, follow, max-snippet:-1, max-image-preview:large, max-video-preview:-1\" \/>\n<link rel=\"canonical\" href=\"https:\/\/dodo-inflatables.com\/hu\/termek\/foci-dart\/\" \/>\n<meta name=\"twitter:label1\" content=\"Becs\u00fclt olvas\u00e1si id\u0151\" \/>\n\t<meta name=\"twitter:data1\" content=\"2 perc\" \/>\n<script type=\"application\/ld+json\" class=\"yoast-schema-graph\">{\"@context\":\"https:\\\/\\\/schema.org\",\"@graph\":[{\"@type\":\"WebPage\",\"@id\":\"https:\\\/\\\/dodo-inflatables.com\\\/hu\\\/termek\\\/foci-dart\\\/\",\"url\":\"https:\\\/\\\/dodo-inflatables.com\\\/hu\\\/termek\\\/foci-dart\\\/\",\"name\":\"Felf\u00fajhat\u00f3 foci dart | Dodo-Inflatables.com\",\"isPartOf\":{\"@id\":\"https:\\\/\\\/dodo-inflatables.com\\\/hu\\\/#website\"},\"primaryImageOfPage\":{\"@id\":\"https:\\\/\\\/dodo-inflatables.com\\\/hu\\\/termek\\\/foci-dart\\\/#primaryimage\"},\"image\":{\"@id\":\"https:\\\/\\\/dodo-inflatables.com\\\/hu\\\/termek\\\/foci-dart\\\/#primaryimage\"},\"thumbnailUrl\":\"https:\\\/\\\/dodo-inflatables.com\\\/wp-content\\\/uploads\\\/2018\\\/01\\\/fussball-dart-neu-kaufen-1.png\",\"datePublished\":\"2018-01-19T14:47:49+00:00\",\"dateModified\":\"2026-02-05T05:52:22+00:00\",\"description\":\"V\u00e1s\u00e1roljon felf\u00fajhat\u00f3 focilabd\u00e1t Soccerdart a dodo-inflatables.com oldalon! | Tisztess\u00e9ges \u00e1rak | Mindig rakt\u00e1ron | Gyors kisz\u00e1ll\u00edt\u00e1s!\",\"breadcrumb\":{\"@id\":\"https:\\\/\\\/dodo-inflatables.com\\\/hu\\\/termek\\\/foci-dart\\\/#breadcrumb\"},\"inLanguage\":\"hu\",\"potentialAction\":[{\"@type\":\"ReadAction\",\"target\":[\"https:\\\/\\\/dodo-inflatables.com\\\/hu\\\/termek\\\/foci-dart\\\/\"]}]},{\"@type\":\"ImageObject\",\"inLanguage\":\"hu\",\"@id\":\"https:\\\/\\\/dodo-inflatables.com\\\/hu\\\/termek\\\/foci-dart\\\/#primaryimage\",\"url\":\"https:\\\/\\\/dodo-inflatables.com\\\/wp-content\\\/uploads\\\/2018\\\/01\\\/fussball-dart-neu-kaufen-1.png\",\"contentUrl\":\"https:\\\/\\\/dodo-inflatables.com\\\/wp-content\\\/uploads\\\/2018\\\/01\\\/fussball-dart-neu-kaufen-1.png\",\"width\":500,\"height\":500},{\"@type\":\"BreadcrumbList\",\"@id\":\"https:\\\/\\\/dodo-inflatables.com\\\/hu\\\/termek\\\/foci-dart\\\/#breadcrumb\",\"itemListElement\":[{\"@type\":\"ListItem\",\"position\":1,\"name\":\"Kezd\u0151lap\",\"item\":\"https:\\\/\\\/dodo-inflatables.com\\\/hu\\\/\"},{\"@type\":\"ListItem\",\"position\":2,\"name\":\"Shop\",\"item\":\"https:\\\/\\\/dodo-inflatables.com\\\/hu\\\/shop\\\/\"},{\"@type\":\"ListItem\",\"position\":3,\"name\":\"Foci Dart\"}]},{\"@type\":\"WebSite\",\"@id\":\"https:\\\/\\\/dodo-inflatables.com\\\/hu\\\/#website\",\"url\":\"https:\\\/\\\/dodo-inflatables.com\\\/hu\\\/\",\"name\":\"dodo-inflatables.com\",\"description\":\"V\u00e1s\u00e1roljon ugr\u00e1l\u00f3v\u00e1rakat \u00e9s l\u00e1tnival\u00f3kat \u00fczlet\u00fcnkben.\",\"publisher\":{\"@id\":\"https:\\\/\\\/dodo-inflatables.com\\\/hu\\\/#organization\"},\"potentialAction\":[{\"@type\":\"SearchAction\",\"target\":{\"@type\":\"EntryPoint\",\"urlTemplate\":\"https:\\\/\\\/dodo-inflatables.com\\\/hu\\\/?s={search_term_string}\"},\"query-input\":{\"@type\":\"PropertyValueSpecification\",\"valueRequired\":true,\"valueName\":\"search_term_string\"}}],\"inLanguage\":\"hu\"},{\"@type\":\"Organization\",\"@id\":\"https:\\\/\\\/dodo-inflatables.com\\\/hu\\\/#organization\",\"name\":\"dodo-inflatables.com\",\"url\":\"https:\\\/\\\/dodo-inflatables.com\\\/hu\\\/\",\"logo\":{\"@type\":\"ImageObject\",\"inLanguage\":\"hu\",\"@id\":\"https:\\\/\\\/dodo-inflatables.com\\\/hu\\\/#\\\/schema\\\/logo\\\/image\\\/\",\"url\":\"https:\\\/\\\/dodo-inflatables.com\\\/wp-content\\\/uploads\\\/2023\\\/04\\\/cropped-cropped-cropped-Dodo-Logo.png\",\"contentUrl\":\"https:\\\/\\\/dodo-inflatables.com\\\/wp-content\\\/uploads\\\/2023\\\/04\\\/cropped-cropped-cropped-Dodo-Logo.png\",\"width\":2996,\"height\":1545,\"caption\":\"dodo-inflatables.com\"},\"image\":{\"@id\":\"https:\\\/\\\/dodo-inflatables.com\\\/hu\\\/#\\\/schema\\\/logo\\\/image\\\/\"}}]}<\/script>\n<!-- \/ Yoast SEO plugin. -->","yoast_head_json":{"title":"Felf\u00fajhat\u00f3 foci dart | Dodo-Inflatables.com","description":"V\u00e1s\u00e1roljon felf\u00fajhat\u00f3 focilabd\u00e1t Soccerdart a dodo-inflatables.com oldalon! | Tisztess\u00e9ges \u00e1rak | Mindig rakt\u00e1ron | Gyors kisz\u00e1ll\u00edt\u00e1s!","robots":{"index":"index","follow":"follow","max-snippet":"max-snippet:-1","max-image-preview":"max-image-preview:large","max-video-preview":"max-video-preview:-1"},"canonical":"https:\/\/dodo-inflatables.com\/hu\/termek\/foci-dart\/","twitter_misc":{"Becs\u00fclt olvas\u00e1si id\u0151":"2 perc"},"schema":{"@context":"https:\/\/schema.org","@graph":[{"@type":"WebPage","@id":"https:\/\/dodo-inflatables.com\/hu\/termek\/foci-dart\/","url":"https:\/\/dodo-inflatables.com\/hu\/termek\/foci-dart\/","name":"Felf\u00fajhat\u00f3 foci dart | Dodo-Inflatables.com","isPartOf":{"@id":"https:\/\/dodo-inflatables.com\/hu\/#website"},"primaryImageOfPage":{"@id":"https:\/\/dodo-inflatables.com\/hu\/termek\/foci-dart\/#primaryimage"},"image":{"@id":"https:\/\/dodo-inflatables.com\/hu\/termek\/foci-dart\/#primaryimage"},"thumbnailUrl":"https:\/\/dodo-inflatables.com\/wp-content\/uploads\/2018\/01\/fussball-dart-neu-kaufen-1.png","datePublished":"2018-01-19T14:47:49+00:00","dateModified":"2026-02-05T05:52:22+00:00","description":"V\u00e1s\u00e1roljon felf\u00fajhat\u00f3 focilabd\u00e1t Soccerdart a dodo-inflatables.com oldalon! | Tisztess\u00e9ges \u00e1rak | Mindig rakt\u00e1ron | Gyors kisz\u00e1ll\u00edt\u00e1s!","breadcrumb":{"@id":"https:\/\/dodo-inflatables.com\/hu\/termek\/foci-dart\/#breadcrumb"},"inLanguage":"hu","potentialAction":[{"@type":"ReadAction","target":["https:\/\/dodo-inflatables.com\/hu\/termek\/foci-dart\/"]}]},{"@type":"ImageObject","inLanguage":"hu","@id":"https:\/\/dodo-inflatables.com\/hu\/termek\/foci-dart\/#primaryimage","url":"https:\/\/dodo-inflatables.com\/wp-content\/uploads\/2018\/01\/fussball-dart-neu-kaufen-1.png","contentUrl":"https:\/\/dodo-inflatables.com\/wp-content\/uploads\/2018\/01\/fussball-dart-neu-kaufen-1.png","width":500,"height":500},{"@type":"BreadcrumbList","@id":"https:\/\/dodo-inflatables.com\/hu\/termek\/foci-dart\/#breadcrumb","itemListElement":[{"@type":"ListItem","position":1,"name":"Kezd\u0151lap","item":"https:\/\/dodo-inflatables.com\/hu\/"},{"@type":"ListItem","position":2,"name":"Shop","item":"https:\/\/dodo-inflatables.com\/hu\/shop\/"},{"@type":"ListItem","position":3,"name":"Foci Dart"}]},{"@type":"WebSite","@id":"https:\/\/dodo-inflatables.com\/hu\/#website","url":"https:\/\/dodo-inflatables.com\/hu\/","name":"dodo-inflatables.com","description":"V\u00e1s\u00e1roljon ugr\u00e1l\u00f3v\u00e1rakat \u00e9s l\u00e1tnival\u00f3kat \u00fczlet\u00fcnkben.","publisher":{"@id":"https:\/\/dodo-inflatables.com\/hu\/#organization"},"potentialAction":[{"@type":"SearchAction","target":{"@type":"EntryPoint","urlTemplate":"https:\/\/dodo-inflatables.com\/hu\/?s={search_term_string}"},"query-input":{"@type":"PropertyValueSpecification","valueRequired":true,"valueName":"search_term_string"}}],"inLanguage":"hu"},{"@type":"Organization","@id":"https:\/\/dodo-inflatables.com\/hu\/#organization","name":"dodo-inflatables.com","url":"https:\/\/dodo-inflatables.com\/hu\/","logo":{"@type":"ImageObject","inLanguage":"hu","@id":"https:\/\/dodo-inflatables.com\/hu\/#\/schema\/logo\/image\/","url":"https:\/\/dodo-inflatables.com\/wp-content\/uploads\/2023\/04\/cropped-cropped-cropped-Dodo-Logo.png","contentUrl":"https:\/\/dodo-inflatables.com\/wp-content\/uploads\/2023\/04\/cropped-cropped-cropped-Dodo-Logo.png","width":2996,"height":1545,"caption":"dodo-inflatables.com"},"image":{"@id":"https:\/\/dodo-inflatables.com\/hu\/#\/schema\/logo\/image\/"}}]}},"uagb_featured_image_src":{"full":["https:\/\/dodo-inflatables.com\/wp-content\/uploads\/2018\/01\/fussball-dart-neu-kaufen-1.png",500,500,false],"thumbnail":["https:\/\/dodo-inflatables.com\/wp-content\/uploads\/2018\/01\/fussball-dart-neu-kaufen-1-150x150.png",150,150,true],"medium":["https:\/\/dodo-inflatables.com\/wp-content\/uploads\/2018\/01\/fussball-dart-neu-kaufen-1-300x300.png",300,300,true],"medium_large":["https:\/\/dodo-inflatables.com\/wp-content\/uploads\/2018\/01\/fussball-dart-neu-kaufen-1.png",500,500,false],"large":["https:\/\/dodo-inflatables.com\/wp-content\/uploads\/2018\/01\/fussball-dart-neu-kaufen-1.png",500,500,false],"1536x1536":["https:\/\/dodo-inflatables.com\/wp-content\/uploads\/2018\/01\/fussball-dart-neu-kaufen-1.png",500,500,false],"2048x2048":["https:\/\/dodo-inflatables.com\/wp-content\/uploads\/2018\/01\/fussball-dart-neu-kaufen-1.png",500,500,false],"woocommerce_thumbnail":["https:\/\/dodo-inflatables.com\/wp-content\/uploads\/2018\/01\/fussball-dart-neu-kaufen-1.png",500,500,false],"woocommerce_single":["https:\/\/dodo-inflatables.com\/wp-content\/uploads\/2018\/01\/fussball-dart-neu-kaufen-1.png",500,500,false],"woocommerce_gallery_thumbnail":["https:\/\/dodo-inflatables.com\/wp-content\/uploads\/2018\/01\/fussball-dart-neu-kaufen-1-100x100.png",100,100,true]},"uagb_author_info":{"display_name":"Andreas","author_link":"https:\/\/dodo-inflatables.com\/hu\/author\/"},"uagb_comment_info":0,"uagb_excerpt":"M\u00e9retek (hossz\u00fas\u00e1g x sz\u00e9less\u00e9g x magass\u00e1g): 4,50 m x 6,20 m x 4,50 m * Tartalmaz h\u00e1rom labd\u00e1t t\u00e9p\u0151z\u00e1ras bor\u00edt\u00e1ssal, cser\u00e9lhet\u0151 t\u00e9p\u0151z\u00e1ras darts t\u00e1bla Professzion\u00e1lis modul - Alkalmas kereskedelmi \u00e9s mag\u00e1nhaszn\u00e1latra. PVC (0,55 mm \/ 621,3 g\/m2 ) \u00e9s t\u00e9p\u0151z\u00e1r 2-4-szeres varr\u00e1s (a terhel\u00e9st\u0151l f\u00fcgg\u0151en) L\u00e1ng\u00e1ll\u00f3 Bele\u00e9rtve. egyedi sorozatsz\u00e1m","_links":{"self":[{"href":"https:\/\/dodo-inflatables.com\/hu\/wp-json\/wp\/v2\/product\/11050","targetHints":{"allow":["GET"]}}],"collection":[{"href":"https:\/\/dodo-inflatables.com\/hu\/wp-json\/wp\/v2\/product"}],"about":[{"href":"https:\/\/dodo-inflatables.com\/hu\/wp-json\/wp\/v2\/types\/product"}],"replies":[{"embeddable":true,"href":"https:\/\/dodo-inflatables.com\/hu\/wp-json\/wp\/v2\/comments?post=11050"}],"wp:featuredmedia":[{"embeddable":true,"href":"https:\/\/dodo-inflatables.com\/hu\/wp-json\/wp\/v2\/media\/10699"}],"wp:attachment":[{"href":"https:\/\/dodo-inflatables.com\/hu\/wp-json\/wp\/v2\/media?parent=11050"}],"wp:term":[{"taxonomy":"product_brand","embeddable":true,"href":"https:\/\/dodo-inflatables.com\/hu\/wp-json\/wp\/v2\/product_brand?post=11050"},{"taxonomy":"product_cat","embeddable":true,"href":"https:\/\/dodo-inflatables.com\/hu\/wp-json\/wp\/v2\/product_cat?post=11050"},{"taxonomy":"product_tag","embeddable":true,"href":"https:\/\/dodo-inflatables.com\/hu\/wp-json\/wp\/v2\/product_tag?post=11050"}],"curies":[{"name":"wp","href":"https:\/\/api.w.org\/{rel}","templated":true}]}}