{"id":11306,"date":"2018-05-11T14:38:49","date_gmt":"2018-05-11T12:38:49","guid":{"rendered":"https:\/\/dodo-inflatables.com\/product\/felfujhato-rogziteshez-szukseges-foldi-csapok\/"},"modified":"2026-03-12T14:41:05","modified_gmt":"2026-03-12T13:41:05","slug":"felfujhato-rogziteshez-szukseges-foldi-csapok","status":"publish","type":"product","link":"https:\/\/dodo-inflatables.com\/hu\/termek\/felfujhato-rogziteshez-szukseges-foldi-csapok\/","title":{"rendered":"Felf\u00fajhat\u00f3 r\u00f6gz\u00edt\u00e9shez sz\u00fcks\u00e9ges f\u00f6ldi csapok"},"content":{"rendered":"<h1>V\u00e1s\u00e1roljon talajsz\u00f6geket az ugr\u00e1l\u00f3v\u00e1rak f\u00f6ldh\u00f6z r\u00f6gz\u00edt\u00e9s\u00e9hez<\/h1>\n<p>A 4 darabos szett\u00fcnkkel t\u00f6k\u00e9letesen fel van szerelve a sz\u00e9l \u00e9s az id\u0151j\u00e1r\u00e1s ellen. Egyszer\u0171en \u00fcss\u00f6n egy csapot a f\u0171be a felf\u00fajhat\u00f3 l\u00e9gv\u00e1r minden sark\u00e1ban, \u00e9s a felf\u00fajhat\u00f3 vagy m\u00e1s felf\u00fajhat\u00f3 rendezv\u00e9nymodulok biztons\u00e1gosan a hely\u00fck\u00f6n lesznek, \u00e9s v\u00e9dve lesznek a felborul\u00e1st\u00f3l. Az \u00e9rdes\u00edtett fel\u00fcletnek k\u00f6sz\u00f6nhet\u0151en a csapok szil\u00e1rdan tartanak a talajban, \u00e9s m\u00e9g akkor sem lazulnak el, ha a felf\u00fajhat\u00f3 eszk\u00f6z akt\u00edvan ugr\u00e1l.<br \/>\nA c\u00f6vekek m\u00e1s felf\u00fajhat\u00f3 rendezv\u00e9nymodulok, p\u00e9ld\u00e1ul a <a href=\"https:\/\/dodo-inflatables.com\/product\/fussball-dart\/\">futball darts-ok<\/a> f\u00f6ldh\u00f6z r\u00f6gz\u00edt\u00e9s\u00e9re is alkalmasak.<\/p>\n<h3>A 4 darabos szett r\u00e9szletei<\/h3>\n<ul>\n<li>Ac\u00e9l<\/li>\n<li>Hossza kb. 38 cm<\/li>\n<li>\u00c1tm\u00e9r\u0151 kb. 16 mm (a DIN EN 14960 szabv\u00e1ny szerint)<\/li>\n<li>S\u00faly darabonk\u00e9nt kb. 280g<\/li>\n<\/ul>\n<p>&nbsp;<\/p>\n","protected":false},"excerpt":{"rendered":"<ul>\n<li>T\u00f6m\u00f6r ac\u00e9l csapok<\/li>\n<li>Hossza kb. 38 cm<\/li>\n<li>Ugr\u00e1l\u00f3v\u00e1rak \u00e9s felf\u00fajhat\u00f3 rendezv\u00e9nymodulok r\u00f6gz\u00edt\u00e9s\u00e9hez<\/li>\n<\/ul>\n","protected":false},"featured_media":55342,"comment_status":"open","ping_status":"closed","template":"","meta":{"_acf_changed":false,"_uag_custom_page_level_css":"","site-sidebar-layout":"default","site-content-layout":"boxed-container","ast-site-content-layout":"normal-width-container","site-content-style":"boxed","site-sidebar-style":"boxed","ast-global-header-display":"","ast-banner-title-visibility":"","ast-main-header-display":"","ast-hfb-above-header-display":"","ast-hfb-below-header-display":"","ast-hfb-mobile-header-display":"","site-post-title":"disabled","ast-breadcrumbs-content":"","ast-featured-img":"","footer-sml-layout":"","ast-disable-related-posts":"","theme-transparent-header-meta":"default","adv-header-id-meta":"","stick-header-meta":"default","header-above-stick-meta":"","header-main-stick-meta":"","header-below-stick-meta":"","astra-migrate-meta-layouts":"default","ast-page-background-enabled":"default","ast-page-background-meta":{"desktop":{"background-color":"var(--ast-global-color-4)","background-image":"","background-repeat":"repeat","background-position":"center center","background-size":"auto","background-attachment":"scroll","background-type":"","background-media":"","overlay-type":"","overlay-color":"","overlay-opacity":"","overlay-gradient":""},"tablet":{"background-color":"","background-image":"","background-repeat":"repeat","background-position":"center center","background-size":"auto","background-attachment":"scroll","background-type":"","background-media":"","overlay-type":"","overlay-color":"","overlay-opacity":"","overlay-gradient":""},"mobile":{"background-color":"","background-image":"","background-repeat":"repeat","background-position":"center center","background-size":"auto","background-attachment":"scroll","background-type":"","background-media":"","overlay-type":"","overlay-color":"","overlay-opacity":"","overlay-gradient":""}},"ast-content-background-meta":{"desktop":{"background-color":"var(--ast-global-color-5)","background-image":"","background-repeat":"repeat","background-position":"center center","background-size":"auto","background-attachment":"scroll","background-type":"","background-media":"","overlay-type":"","overlay-color":"","overlay-opacity":"","overlay-gradient":""},"tablet":{"background-color":"var(--ast-global-color-5)","background-image":"","background-repeat":"repeat","background-position":"center center","background-size":"auto","background-attachment":"scroll","background-type":"","background-media":"","overlay-type":"","overlay-color":"","overlay-opacity":"","overlay-gradient":""},"mobile":{"background-color":"var(--ast-global-color-5)","background-image":"","background-repeat":"repeat","background-position":"center center","background-size":"auto","background-attachment":"scroll","background-type":"","background-media":"","overlay-type":"","overlay-color":"","overlay-opacity":"","overlay-gradient":""}}},"product_brand":[],"product_cat":[829],"product_tag":[],"class_list":{"0":"post-11306","1":"product","2":"type-product","3":"status-publish","4":"has-post-thumbnail","6":"product_cat-kiegeszitok","7":"product_shipping_class-zubehor-hu","8":"desktop-align-center","9":"tablet-align-center","10":"mobile-align-center","11":"ast-product-gallery-layout-horizontal","12":"ast-product-tabs-layout-horizontal","14":"first","15":"instock","16":"taxable","17":"shipping-taxable","18":"purchasable","19":"product-type-simple"},"acf":[],"yoast_head":"<!-- This site is optimized with the Yoast SEO plugin v27.3 - https:\/\/yoast.com\/product\/yoast-seo-wordpress\/ -->\n<title>V\u00e1s\u00e1roljon talajsz\u00f6geket felf\u00fajhat\u00f3 r\u00f6gz\u00edt\u00e9shez | Dodo-Inflatables.com<\/title>\n<meta name=\"description\" content=\"V\u00e1s\u00e1roljon talajsz\u00f6geket a felf\u00fajhat\u00f3 j\u00e1t\u00e9kok r\u00f6gz\u00edt\u00e9s\u00e9hez a Dodo-Inflatables.com-on! | Tisztess\u00e9ges \u00e1rak | Nagy rakt\u00e1rk\u00e9szlet | Gyors kisz\u00e1ll\u00edt\u00e1s!\" \/>\n<meta name=\"robots\" content=\"index, follow, max-snippet:-1, max-image-preview:large, max-video-preview:-1\" \/>\n<link rel=\"canonical\" href=\"https:\/\/dodo-inflatables.com\/hu\/termek\/felfujhato-rogziteshez-szukseges-foldi-csapok\/\" \/>\n<meta name=\"twitter:label1\" content=\"Becs\u00fclt olvas\u00e1si id\u0151\" \/>\n\t<meta name=\"twitter:data1\" content=\"1 perc\" \/>\n<script type=\"application\/ld+json\" class=\"yoast-schema-graph\">{\"@context\":\"https:\\\/\\\/schema.org\",\"@graph\":[{\"@type\":\"WebPage\",\"@id\":\"https:\\\/\\\/dodo-inflatables.com\\\/hu\\\/termek\\\/felfujhato-rogziteshez-szukseges-foldi-csapok\\\/\",\"url\":\"https:\\\/\\\/dodo-inflatables.com\\\/hu\\\/termek\\\/felfujhato-rogziteshez-szukseges-foldi-csapok\\\/\",\"name\":\"V\u00e1s\u00e1roljon talajsz\u00f6geket felf\u00fajhat\u00f3 r\u00f6gz\u00edt\u00e9shez | Dodo-Inflatables.com\",\"isPartOf\":{\"@id\":\"https:\\\/\\\/dodo-inflatables.com\\\/hu\\\/#website\"},\"primaryImageOfPage\":{\"@id\":\"https:\\\/\\\/dodo-inflatables.com\\\/hu\\\/termek\\\/felfujhato-rogziteshez-szukseges-foldi-csapok\\\/#primaryimage\"},\"image\":{\"@id\":\"https:\\\/\\\/dodo-inflatables.com\\\/hu\\\/termek\\\/felfujhato-rogziteshez-szukseges-foldi-csapok\\\/#primaryimage\"},\"thumbnailUrl\":\"https:\\\/\\\/dodo-inflatables.com\\\/wp-content\\\/uploads\\\/2018\\\/05\\\/Buy-Ground-Pegs-for-Inflatablesnew.jpg\",\"datePublished\":\"2018-05-11T12:38:49+00:00\",\"dateModified\":\"2026-03-12T13:41:05+00:00\",\"description\":\"V\u00e1s\u00e1roljon talajsz\u00f6geket a felf\u00fajhat\u00f3 j\u00e1t\u00e9kok r\u00f6gz\u00edt\u00e9s\u00e9hez a Dodo-Inflatables.com-on! | Tisztess\u00e9ges \u00e1rak | Nagy rakt\u00e1rk\u00e9szlet | Gyors kisz\u00e1ll\u00edt\u00e1s!\",\"breadcrumb\":{\"@id\":\"https:\\\/\\\/dodo-inflatables.com\\\/hu\\\/termek\\\/felfujhato-rogziteshez-szukseges-foldi-csapok\\\/#breadcrumb\"},\"inLanguage\":\"hu\",\"potentialAction\":[{\"@type\":\"ReadAction\",\"target\":[\"https:\\\/\\\/dodo-inflatables.com\\\/hu\\\/termek\\\/felfujhato-rogziteshez-szukseges-foldi-csapok\\\/\"]}]},{\"@type\":\"ImageObject\",\"inLanguage\":\"hu\",\"@id\":\"https:\\\/\\\/dodo-inflatables.com\\\/hu\\\/termek\\\/felfujhato-rogziteshez-szukseges-foldi-csapok\\\/#primaryimage\",\"url\":\"https:\\\/\\\/dodo-inflatables.com\\\/wp-content\\\/uploads\\\/2018\\\/05\\\/Buy-Ground-Pegs-for-Inflatablesnew.jpg\",\"contentUrl\":\"https:\\\/\\\/dodo-inflatables.com\\\/wp-content\\\/uploads\\\/2018\\\/05\\\/Buy-Ground-Pegs-for-Inflatablesnew.jpg\",\"width\":1000,\"height\":1000},{\"@type\":\"BreadcrumbList\",\"@id\":\"https:\\\/\\\/dodo-inflatables.com\\\/hu\\\/termek\\\/felfujhato-rogziteshez-szukseges-foldi-csapok\\\/#breadcrumb\",\"itemListElement\":[{\"@type\":\"ListItem\",\"position\":1,\"name\":\"Kezd\u0151lap\",\"item\":\"https:\\\/\\\/dodo-inflatables.com\\\/hu\\\/\"},{\"@type\":\"ListItem\",\"position\":2,\"name\":\"Shop\",\"item\":\"https:\\\/\\\/dodo-inflatables.com\\\/hu\\\/shop\\\/\"},{\"@type\":\"ListItem\",\"position\":3,\"name\":\"Felf\u00fajhat\u00f3 r\u00f6gz\u00edt\u00e9shez sz\u00fcks\u00e9ges f\u00f6ldi csapok\"}]},{\"@type\":\"WebSite\",\"@id\":\"https:\\\/\\\/dodo-inflatables.com\\\/hu\\\/#website\",\"url\":\"https:\\\/\\\/dodo-inflatables.com\\\/hu\\\/\",\"name\":\"dodo-inflatables.com\",\"description\":\"V\u00e1s\u00e1roljon ugr\u00e1l\u00f3v\u00e1rakat \u00e9s l\u00e1tnival\u00f3kat \u00fczlet\u00fcnkben.\",\"publisher\":{\"@id\":\"https:\\\/\\\/dodo-inflatables.com\\\/hu\\\/#organization\"},\"potentialAction\":[{\"@type\":\"SearchAction\",\"target\":{\"@type\":\"EntryPoint\",\"urlTemplate\":\"https:\\\/\\\/dodo-inflatables.com\\\/hu\\\/?s={search_term_string}\"},\"query-input\":{\"@type\":\"PropertyValueSpecification\",\"valueRequired\":true,\"valueName\":\"search_term_string\"}}],\"inLanguage\":\"hu\"},{\"@type\":\"Organization\",\"@id\":\"https:\\\/\\\/dodo-inflatables.com\\\/hu\\\/#organization\",\"name\":\"dodo-inflatables.com\",\"url\":\"https:\\\/\\\/dodo-inflatables.com\\\/hu\\\/\",\"logo\":{\"@type\":\"ImageObject\",\"inLanguage\":\"hu\",\"@id\":\"https:\\\/\\\/dodo-inflatables.com\\\/hu\\\/#\\\/schema\\\/logo\\\/image\\\/\",\"url\":\"https:\\\/\\\/dodo-inflatables.com\\\/wp-content\\\/uploads\\\/2023\\\/04\\\/cropped-cropped-cropped-Dodo-Logo.png\",\"contentUrl\":\"https:\\\/\\\/dodo-inflatables.com\\\/wp-content\\\/uploads\\\/2023\\\/04\\\/cropped-cropped-cropped-Dodo-Logo.png\",\"width\":2996,\"height\":1545,\"caption\":\"dodo-inflatables.com\"},\"image\":{\"@id\":\"https:\\\/\\\/dodo-inflatables.com\\\/hu\\\/#\\\/schema\\\/logo\\\/image\\\/\"}}]}<\/script>\n<!-- \/ Yoast SEO plugin. -->","yoast_head_json":{"title":"V\u00e1s\u00e1roljon talajsz\u00f6geket felf\u00fajhat\u00f3 r\u00f6gz\u00edt\u00e9shez | Dodo-Inflatables.com","description":"V\u00e1s\u00e1roljon talajsz\u00f6geket a felf\u00fajhat\u00f3 j\u00e1t\u00e9kok r\u00f6gz\u00edt\u00e9s\u00e9hez a Dodo-Inflatables.com-on! | Tisztess\u00e9ges \u00e1rak | Nagy rakt\u00e1rk\u00e9szlet | Gyors kisz\u00e1ll\u00edt\u00e1s!","robots":{"index":"index","follow":"follow","max-snippet":"max-snippet:-1","max-image-preview":"max-image-preview:large","max-video-preview":"max-video-preview:-1"},"canonical":"https:\/\/dodo-inflatables.com\/hu\/termek\/felfujhato-rogziteshez-szukseges-foldi-csapok\/","twitter_misc":{"Becs\u00fclt olvas\u00e1si id\u0151":"1 perc"},"schema":{"@context":"https:\/\/schema.org","@graph":[{"@type":"WebPage","@id":"https:\/\/dodo-inflatables.com\/hu\/termek\/felfujhato-rogziteshez-szukseges-foldi-csapok\/","url":"https:\/\/dodo-inflatables.com\/hu\/termek\/felfujhato-rogziteshez-szukseges-foldi-csapok\/","name":"V\u00e1s\u00e1roljon talajsz\u00f6geket felf\u00fajhat\u00f3 r\u00f6gz\u00edt\u00e9shez | Dodo-Inflatables.com","isPartOf":{"@id":"https:\/\/dodo-inflatables.com\/hu\/#website"},"primaryImageOfPage":{"@id":"https:\/\/dodo-inflatables.com\/hu\/termek\/felfujhato-rogziteshez-szukseges-foldi-csapok\/#primaryimage"},"image":{"@id":"https:\/\/dodo-inflatables.com\/hu\/termek\/felfujhato-rogziteshez-szukseges-foldi-csapok\/#primaryimage"},"thumbnailUrl":"https:\/\/dodo-inflatables.com\/wp-content\/uploads\/2018\/05\/Buy-Ground-Pegs-for-Inflatablesnew.jpg","datePublished":"2018-05-11T12:38:49+00:00","dateModified":"2026-03-12T13:41:05+00:00","description":"V\u00e1s\u00e1roljon talajsz\u00f6geket a felf\u00fajhat\u00f3 j\u00e1t\u00e9kok r\u00f6gz\u00edt\u00e9s\u00e9hez a Dodo-Inflatables.com-on! | Tisztess\u00e9ges \u00e1rak | Nagy rakt\u00e1rk\u00e9szlet | Gyors kisz\u00e1ll\u00edt\u00e1s!","breadcrumb":{"@id":"https:\/\/dodo-inflatables.com\/hu\/termek\/felfujhato-rogziteshez-szukseges-foldi-csapok\/#breadcrumb"},"inLanguage":"hu","potentialAction":[{"@type":"ReadAction","target":["https:\/\/dodo-inflatables.com\/hu\/termek\/felfujhato-rogziteshez-szukseges-foldi-csapok\/"]}]},{"@type":"ImageObject","inLanguage":"hu","@id":"https:\/\/dodo-inflatables.com\/hu\/termek\/felfujhato-rogziteshez-szukseges-foldi-csapok\/#primaryimage","url":"https:\/\/dodo-inflatables.com\/wp-content\/uploads\/2018\/05\/Buy-Ground-Pegs-for-Inflatablesnew.jpg","contentUrl":"https:\/\/dodo-inflatables.com\/wp-content\/uploads\/2018\/05\/Buy-Ground-Pegs-for-Inflatablesnew.jpg","width":1000,"height":1000},{"@type":"BreadcrumbList","@id":"https:\/\/dodo-inflatables.com\/hu\/termek\/felfujhato-rogziteshez-szukseges-foldi-csapok\/#breadcrumb","itemListElement":[{"@type":"ListItem","position":1,"name":"Kezd\u0151lap","item":"https:\/\/dodo-inflatables.com\/hu\/"},{"@type":"ListItem","position":2,"name":"Shop","item":"https:\/\/dodo-inflatables.com\/hu\/shop\/"},{"@type":"ListItem","position":3,"name":"Felf\u00fajhat\u00f3 r\u00f6gz\u00edt\u00e9shez sz\u00fcks\u00e9ges f\u00f6ldi csapok"}]},{"@type":"WebSite","@id":"https:\/\/dodo-inflatables.com\/hu\/#website","url":"https:\/\/dodo-inflatables.com\/hu\/","name":"dodo-inflatables.com","description":"V\u00e1s\u00e1roljon ugr\u00e1l\u00f3v\u00e1rakat \u00e9s l\u00e1tnival\u00f3kat \u00fczlet\u00fcnkben.","publisher":{"@id":"https:\/\/dodo-inflatables.com\/hu\/#organization"},"potentialAction":[{"@type":"SearchAction","target":{"@type":"EntryPoint","urlTemplate":"https:\/\/dodo-inflatables.com\/hu\/?s={search_term_string}"},"query-input":{"@type":"PropertyValueSpecification","valueRequired":true,"valueName":"search_term_string"}}],"inLanguage":"hu"},{"@type":"Organization","@id":"https:\/\/dodo-inflatables.com\/hu\/#organization","name":"dodo-inflatables.com","url":"https:\/\/dodo-inflatables.com\/hu\/","logo":{"@type":"ImageObject","inLanguage":"hu","@id":"https:\/\/dodo-inflatables.com\/hu\/#\/schema\/logo\/image\/","url":"https:\/\/dodo-inflatables.com\/wp-content\/uploads\/2023\/04\/cropped-cropped-cropped-Dodo-Logo.png","contentUrl":"https:\/\/dodo-inflatables.com\/wp-content\/uploads\/2023\/04\/cropped-cropped-cropped-Dodo-Logo.png","width":2996,"height":1545,"caption":"dodo-inflatables.com"},"image":{"@id":"https:\/\/dodo-inflatables.com\/hu\/#\/schema\/logo\/image\/"}}]}},"uagb_featured_image_src":{"full":["https:\/\/dodo-inflatables.com\/wp-content\/uploads\/2018\/05\/Buy-Ground-Pegs-for-Inflatablesnew.jpg",1000,1000,false],"thumbnail":["https:\/\/dodo-inflatables.com\/wp-content\/uploads\/2018\/05\/Buy-Ground-Pegs-for-Inflatablesnew-150x150.jpg",150,150,true],"medium":["https:\/\/dodo-inflatables.com\/wp-content\/uploads\/2018\/05\/Buy-Ground-Pegs-for-Inflatablesnew-300x300.jpg",300,300,true],"medium_large":["https:\/\/dodo-inflatables.com\/wp-content\/uploads\/2018\/05\/Buy-Ground-Pegs-for-Inflatablesnew-768x768.jpg",768,768,true],"large":["https:\/\/dodo-inflatables.com\/wp-content\/uploads\/2018\/05\/Buy-Ground-Pegs-for-Inflatablesnew.jpg",1000,1000,false],"1536x1536":["https:\/\/dodo-inflatables.com\/wp-content\/uploads\/2018\/05\/Buy-Ground-Pegs-for-Inflatablesnew.jpg",1000,1000,false],"2048x2048":["https:\/\/dodo-inflatables.com\/wp-content\/uploads\/2018\/05\/Buy-Ground-Pegs-for-Inflatablesnew.jpg",1000,1000,false],"woocommerce_thumbnail":["https:\/\/dodo-inflatables.com\/wp-content\/uploads\/2018\/05\/Buy-Ground-Pegs-for-Inflatablesnew-900x900.jpg",900,900,true],"woocommerce_single":["https:\/\/dodo-inflatables.com\/wp-content\/uploads\/2018\/05\/Buy-Ground-Pegs-for-Inflatablesnew-900x900.jpg",900,900,true],"woocommerce_gallery_thumbnail":["https:\/\/dodo-inflatables.com\/wp-content\/uploads\/2018\/05\/Buy-Ground-Pegs-for-Inflatablesnew-100x100.jpg",100,100,true]},"uagb_author_info":{"display_name":"Andreas","author_link":"https:\/\/dodo-inflatables.com\/hu\/author\/"},"uagb_comment_info":1,"uagb_excerpt":"T\u00f6m\u00f6r ac\u00e9l csapok Hossza kb. 38 cm Ugr\u00e1l\u00f3v\u00e1rak \u00e9s felf\u00fajhat\u00f3 rendezv\u00e9nymodulok r\u00f6gz\u00edt\u00e9s\u00e9hez","_links":{"self":[{"href":"https:\/\/dodo-inflatables.com\/hu\/wp-json\/wp\/v2\/product\/11306","targetHints":{"allow":["GET"]}}],"collection":[{"href":"https:\/\/dodo-inflatables.com\/hu\/wp-json\/wp\/v2\/product"}],"about":[{"href":"https:\/\/dodo-inflatables.com\/hu\/wp-json\/wp\/v2\/types\/product"}],"replies":[{"embeddable":true,"href":"https:\/\/dodo-inflatables.com\/hu\/wp-json\/wp\/v2\/comments?post=11306"}],"wp:featuredmedia":[{"embeddable":true,"href":"https:\/\/dodo-inflatables.com\/hu\/wp-json\/wp\/v2\/media\/55342"}],"wp:attachment":[{"href":"https:\/\/dodo-inflatables.com\/hu\/wp-json\/wp\/v2\/media?parent=11306"}],"wp:term":[{"taxonomy":"product_brand","embeddable":true,"href":"https:\/\/dodo-inflatables.com\/hu\/wp-json\/wp\/v2\/product_brand?post=11306"},{"taxonomy":"product_cat","embeddable":true,"href":"https:\/\/dodo-inflatables.com\/hu\/wp-json\/wp\/v2\/product_cat?post=11306"},{"taxonomy":"product_tag","embeddable":true,"href":"https:\/\/dodo-inflatables.com\/hu\/wp-json\/wp\/v2\/product_tag?post=11306"}],"curies":[{"name":"wp","href":"https:\/\/api.w.org\/{rel}","templated":true}]}}