{"id":11323,"date":"2017-01-06T20:54:55","date_gmt":"2017-01-06T19:54:55","guid":{"rendered":"https:\/\/dodo-inflatables.com\/product\/foci-biliard\/"},"modified":"2026-02-05T06:52:32","modified_gmt":"2026-02-05T05:52:32","slug":"foci-biliard","status":"publish","type":"product","link":"https:\/\/dodo-inflatables.com\/hu\/termek\/foci-biliard\/","title":{"rendered":"Foci bili\u00e1rd"},"content":{"rendered":"<h3>Felf\u00fajhat\u00f3 foci bili\u00e1rdasztal megv\u00e1s\u00e1rl\u00e1sa<\/h3>\n<p>A norm\u00e1lis foci t\u00fal unalmas neked? Nem probl\u00e9ma! Focibili\u00e1rdjainkkal vagy snookerfocijainkkal v\u00e1ltozatosabb\u00e1 teheti a j\u00e1t\u00e9kot. A focibili\u00e1rd vagy a poolball \/ focibili\u00e1rd egyes\u00edti a k\u00e9t j\u00e1t\u00e9k sz\u00f3rakoz\u00e1s\u00e1t, \u00e9s sz\u00f3rakoz\u00e1st ny\u00fajt a n\u00e9z\u0151knek \u00e9s a j\u00e1t\u00e9kost\u00e1rsaknak. A j\u00e1t\u00e9kot a szok\u00e1sos bili\u00e1rdszab\u00e1lyok szerint j\u00e1tssz\u00e1k, de a saj\u00e1t l\u00e1bad lesz a d\u00e1k\u00f3. A bili\u00e1rdgoly\u00f3 kin\u00e9zet\u0171 teljes \u00e9s f\u00e9l l\u00e1bgoly\u00f3kat a feh\u00e9r d\u00e1k\u00f3val kell a lyukakba r\u00fagni. A j\u00e1t\u00e9k nyertese az a j\u00e1t\u00e9kos, aki els\u0151k\u00e9nt dobja be a goly\u00f3it, \u00e9s a fekete nyolcas goly\u00f3t is zsebre rakja. Ehhez azonban nagy pontoss\u00e1gra, j\u00f3 labda\u00e9rz\u00e9kre \u00e9s kifinomult strat\u00e9gi\u00e1ra van sz\u00fcks\u00e9g. A j\u00e1t\u00e9kot p\u00e1rban vagy csapatban is lehet j\u00e1tszani. A j\u00e1t\u00e9kot a legjobb futballp\u00e1ly\u00e1n vagy m\u00e1s s\u00edk fel\u00fcleten j\u00e1tszani. A focibili\u00e1rd mindig a megfelel\u0151 attrakci\u00f3! A hatalmas j\u00e1t\u00e9kt\u00e9r messzir\u0151l is vonzza majd a l\u00e1togat\u00f3kat, \u00e9s a legjobb sz\u00f3rakoz\u00e1st ny\u00fajtja a j\u00e1t\u00e9kosoknak \u00e9s a n\u00e9z\u0151knek egyar\u00e1nt.<\/p>\n<p>&nbsp;<\/p>\n<h4>A felf\u00fajhat\u00f3 focibili\u00e1rdasztal r\u00e9szletei<\/h4>\n<ul>\n<li>M\u00e9retek (hossz\u00fas\u00e1g x sz\u00e9less\u00e9g x magass\u00e1g): 8,00 m x 4,00 m x 0,75 m *<\/li>\n<li>S\u00faly: kb. 60 kg *<\/li>\n<li>Csomag m\u00e9rete: 100 x 70 x 70 cm *<\/li>\n<li>\u00d6sszeszerel\u00e9si id\u0151: 10 perc<\/li>\n<li>Anyag: PVC: 0,55 mm<\/li>\n<li>Cipz\u00e1r t\u00e9p\u0151z\u00e1ras bor\u00edt\u00e1ssal, meger\u0151s\u00edtett sarkok<\/li>\n<\/ul>\n<p>&nbsp;<\/p>\n<p>A sz\u00e1ll\u00edt\u00e1si terjedelem tartalmazza a labdar\u00fag\u00f3 bili\u00e1rd k\u00f6r\u00edt\u00e9s<\/p>\n<p>Nem tartalmazza a f\u00fav\u00f3g\u00e9pet, az al\u00e1t\u00e9tponyva, a focibili\u00e1rdgoly\u00f3kat \u00e9s a focibili\u00e1rd h\u00e1romsz\u00f6get. Ezek a tartoz\u00e9kok kateg\u00f3ri\u00e1ban tal\u00e1lhat\u00f3k.<\/p>\n<p>A felf\u00fajhat\u00f3 focibili\u00e1rd min\u0151s\u00e9gi term\u00e9k, amelyet az EN 14960 szabv\u00e1nynak megfelel\u0151en, szigor\u00fa ir\u00e1nyelvek szerint gy\u00e1rtanak. Minden ugr\u00e1l\u00f3v\u00e1runk \u00e9s felf\u00fajhat\u00f3 attrakci\u00f3nk professzion\u00e1lis modul, amelyek alkalmasak professzion\u00e1lis b\u00e9rl\u00e9sre \u00e9s szabadid\u0151parkokban, belt\u00e9ri j\u00e1tsz\u00f3tereken \u00e9s hasonl\u00f3kban val\u00f3 haszn\u00e1latra.<\/p>\n<p>&nbsp;<\/p>\n<p><strong>Fontos megjegyz\u00e9sek a m\u0171k\u00f6d\u00e9ssel kapcsolatban<\/strong><\/p>\n<p>A ventil\u00e1tornak (nem tartoz\u00e9k) haszn\u00e1lat k\u00f6zben folyamatosan m\u0171k\u00f6dnie kell.<br \/>\nA varratok lyukain kereszt\u00fcl t\u00f6rt\u00e9n\u0151 enyhe l\u00e9gsziv\u00e1rg\u00e1s norm\u00e1lis.<\/p>\n<p>* A s\u00faly \u00e9s a m\u00e9retek hozz\u00e1vet\u0151legesek, \u00e9s kiss\u00e9 elt\u00e9rhetnek.<\/p>\n","protected":false},"excerpt":{"rendered":"<p><i class=\"fa fa-arrows-alt\"><\/i> M\u00e9retek (hossz\u00fas\u00e1g x sz\u00e9less\u00e9g x magass\u00e1g): 8,00 m x 4,00 m x 0,75 m *<br \/>\n<i class=\"fa fa-plus\"><\/i> Opcion\u00e1lisan kaphat\u00f3 bili\u00e1rdgoly\u00f3 kivitel\u0171 labd\u00e1k<br \/>\n<i class=\"fa fa-check\"><\/i> Professzion\u00e1lis modul &#8211; Alkalmas kereskedelmi \u00e9s mag\u00e1nhaszn\u00e1latra<\/p>\n<p><i class=\"fa fa-square\"><\/i> PVC (0,55 mm \/ 621,3 g\/m2 ) \u00e9s t\u00e9p\u0151z\u00e1r<br \/>\n<i class=\"fa fa-align-justify\"><\/i> 2-4-szeres varr\u00e1s (a terhel\u00e9st\u0151l f\u00fcgg\u0151en)<br \/>\n<i class=\"fa fa-fire\"><\/i> L\u00e1ng\u00e1ll\u00f3<\/p>\n<p>&nbsp;<\/p>\n","protected":false},"featured_media":10741,"comment_status":"open","ping_status":"closed","template":"","meta":{"_acf_changed":false,"_uag_custom_page_level_css":"","site-sidebar-layout":"default","site-content-layout":"boxed-container","ast-site-content-layout":"normal-width-container","site-content-style":"boxed","site-sidebar-style":"boxed","ast-global-header-display":"","ast-banner-title-visibility":"","ast-main-header-display":"","ast-hfb-above-header-display":"","ast-hfb-below-header-display":"","ast-hfb-mobile-header-display":"","site-post-title":"disabled","ast-breadcrumbs-content":"","ast-featured-img":"","footer-sml-layout":"","ast-disable-related-posts":"","theme-transparent-header-meta":"default","adv-header-id-meta":"","stick-header-meta":"default","header-above-stick-meta":"","header-main-stick-meta":"","header-below-stick-meta":"","astra-migrate-meta-layouts":"set","ast-page-background-enabled":"default","ast-page-background-meta":{"desktop":{"background-color":"var(--ast-global-color-4)","background-image":"","background-repeat":"repeat","background-position":"center center","background-size":"auto","background-attachment":"scroll","background-type":"","background-media":"","overlay-type":"","overlay-color":"","overlay-opacity":"","overlay-gradient":""},"tablet":{"background-color":"","background-image":"","background-repeat":"repeat","background-position":"center center","background-size":"auto","background-attachment":"scroll","background-type":"","background-media":"","overlay-type":"","overlay-color":"","overlay-opacity":"","overlay-gradient":""},"mobile":{"background-color":"","background-image":"","background-repeat":"repeat","background-position":"center center","background-size":"auto","background-attachment":"scroll","background-type":"","background-media":"","overlay-type":"","overlay-color":"","overlay-opacity":"","overlay-gradient":""}},"ast-content-background-meta":{"desktop":{"background-color":"var(--ast-global-color-5)","background-image":"","background-repeat":"repeat","background-position":"center center","background-size":"auto","background-attachment":"scroll","background-type":"","background-media":"","overlay-type":"","overlay-color":"","overlay-opacity":"","overlay-gradient":""},"tablet":{"background-color":"var(--ast-global-color-5)","background-image":"","background-repeat":"repeat","background-position":"center center","background-size":"auto","background-attachment":"scroll","background-type":"","background-media":"","overlay-type":"","overlay-color":"","overlay-opacity":"","overlay-gradient":""},"mobile":{"background-color":"var(--ast-global-color-5)","background-image":"","background-repeat":"repeat","background-position":"center center","background-size":"auto","background-attachment":"scroll","background-type":"","background-media":"","overlay-type":"","overlay-color":"","overlay-opacity":"","overlay-gradient":""}}},"product_brand":[],"product_cat":[822],"product_tag":[],"class_list":{"0":"post-11323","1":"product","2":"type-product","3":"status-publish","4":"has-post-thumbnail","6":"product_cat-attractions-hu","7":"product_shipping_class-spedition-hupfburg-hu","8":"desktop-align-center","9":"tablet-align-center","10":"mobile-align-center","11":"ast-product-gallery-layout-horizontal","12":"ast-product-tabs-layout-horizontal","14":"first","15":"instock","16":"taxable","17":"shipping-taxable","18":"purchasable","19":"product-type-simple"},"acf":[],"yoast_head":"<!-- This site is optimized with the Yoast SEO plugin v27.3 - https:\/\/yoast.com\/product\/yoast-seo-wordpress\/ -->\n<title>Aufblasbares Fu\u00dfball Billard v\u00e1s\u00e1rl\u00e1s | H\u00fcpfburg-g\u00fcnstig-kaufen.de<\/title>\n<meta name=\"description\" content=\"V\u00e1s\u00e1roljon felf\u00fajhat\u00f3 Soccerpool \u00e9s focibili\u00e1rdot a dodo-inflatables.com oldalon! | Tisztess\u00e9ges \u00e1rak | Mindig rakt\u00e1ron | Gyors kisz\u00e1ll\u00edt\u00e1s!\" \/>\n<meta name=\"robots\" content=\"index, follow, max-snippet:-1, max-image-preview:large, max-video-preview:-1\" \/>\n<link rel=\"canonical\" href=\"https:\/\/dodo-inflatables.com\/hu\/termek\/foci-biliard\/\" \/>\n<meta name=\"twitter:label1\" content=\"Becs\u00fclt olvas\u00e1si id\u0151\" \/>\n\t<meta name=\"twitter:data1\" content=\"2 perc\" \/>\n<script type=\"application\/ld+json\" class=\"yoast-schema-graph\">{\"@context\":\"https:\\\/\\\/schema.org\",\"@graph\":[{\"@type\":\"WebPage\",\"@id\":\"https:\\\/\\\/dodo-inflatables.com\\\/hu\\\/termek\\\/foci-biliard\\\/\",\"url\":\"https:\\\/\\\/dodo-inflatables.com\\\/hu\\\/termek\\\/foci-biliard\\\/\",\"name\":\"Aufblasbares Fu\u00dfball Billard v\u00e1s\u00e1rl\u00e1s | H\u00fcpfburg-g\u00fcnstig-kaufen.de\",\"isPartOf\":{\"@id\":\"https:\\\/\\\/dodo-inflatables.com\\\/hu\\\/#website\"},\"primaryImageOfPage\":{\"@id\":\"https:\\\/\\\/dodo-inflatables.com\\\/hu\\\/termek\\\/foci-biliard\\\/#primaryimage\"},\"image\":{\"@id\":\"https:\\\/\\\/dodo-inflatables.com\\\/hu\\\/termek\\\/foci-biliard\\\/#primaryimage\"},\"thumbnailUrl\":\"https:\\\/\\\/dodo-inflatables.com\\\/wp-content\\\/uploads\\\/2017\\\/01\\\/snooker-football-fussball-billard-kaufen-4.png\",\"datePublished\":\"2017-01-06T19:54:55+00:00\",\"dateModified\":\"2026-02-05T05:52:32+00:00\",\"description\":\"V\u00e1s\u00e1roljon felf\u00fajhat\u00f3 Soccerpool \u00e9s focibili\u00e1rdot a dodo-inflatables.com oldalon! | Tisztess\u00e9ges \u00e1rak | Mindig rakt\u00e1ron | Gyors kisz\u00e1ll\u00edt\u00e1s!\",\"breadcrumb\":{\"@id\":\"https:\\\/\\\/dodo-inflatables.com\\\/hu\\\/termek\\\/foci-biliard\\\/#breadcrumb\"},\"inLanguage\":\"hu\",\"potentialAction\":[{\"@type\":\"ReadAction\",\"target\":[\"https:\\\/\\\/dodo-inflatables.com\\\/hu\\\/termek\\\/foci-biliard\\\/\"]}]},{\"@type\":\"ImageObject\",\"inLanguage\":\"hu\",\"@id\":\"https:\\\/\\\/dodo-inflatables.com\\\/hu\\\/termek\\\/foci-biliard\\\/#primaryimage\",\"url\":\"https:\\\/\\\/dodo-inflatables.com\\\/wp-content\\\/uploads\\\/2017\\\/01\\\/snooker-football-fussball-billard-kaufen-4.png\",\"contentUrl\":\"https:\\\/\\\/dodo-inflatables.com\\\/wp-content\\\/uploads\\\/2017\\\/01\\\/snooker-football-fussball-billard-kaufen-4.png\",\"width\":500,\"height\":500},{\"@type\":\"BreadcrumbList\",\"@id\":\"https:\\\/\\\/dodo-inflatables.com\\\/hu\\\/termek\\\/foci-biliard\\\/#breadcrumb\",\"itemListElement\":[{\"@type\":\"ListItem\",\"position\":1,\"name\":\"Kezd\u0151lap\",\"item\":\"https:\\\/\\\/dodo-inflatables.com\\\/hu\\\/\"},{\"@type\":\"ListItem\",\"position\":2,\"name\":\"Shop\",\"item\":\"https:\\\/\\\/dodo-inflatables.com\\\/hu\\\/shop\\\/\"},{\"@type\":\"ListItem\",\"position\":3,\"name\":\"Foci bili\u00e1rd\"}]},{\"@type\":\"WebSite\",\"@id\":\"https:\\\/\\\/dodo-inflatables.com\\\/hu\\\/#website\",\"url\":\"https:\\\/\\\/dodo-inflatables.com\\\/hu\\\/\",\"name\":\"dodo-inflatables.com\",\"description\":\"V\u00e1s\u00e1roljon ugr\u00e1l\u00f3v\u00e1rakat \u00e9s l\u00e1tnival\u00f3kat \u00fczlet\u00fcnkben.\",\"publisher\":{\"@id\":\"https:\\\/\\\/dodo-inflatables.com\\\/hu\\\/#organization\"},\"potentialAction\":[{\"@type\":\"SearchAction\",\"target\":{\"@type\":\"EntryPoint\",\"urlTemplate\":\"https:\\\/\\\/dodo-inflatables.com\\\/hu\\\/?s={search_term_string}\"},\"query-input\":{\"@type\":\"PropertyValueSpecification\",\"valueRequired\":true,\"valueName\":\"search_term_string\"}}],\"inLanguage\":\"hu\"},{\"@type\":\"Organization\",\"@id\":\"https:\\\/\\\/dodo-inflatables.com\\\/hu\\\/#organization\",\"name\":\"dodo-inflatables.com\",\"url\":\"https:\\\/\\\/dodo-inflatables.com\\\/hu\\\/\",\"logo\":{\"@type\":\"ImageObject\",\"inLanguage\":\"hu\",\"@id\":\"https:\\\/\\\/dodo-inflatables.com\\\/hu\\\/#\\\/schema\\\/logo\\\/image\\\/\",\"url\":\"https:\\\/\\\/dodo-inflatables.com\\\/wp-content\\\/uploads\\\/2023\\\/04\\\/cropped-cropped-cropped-Dodo-Logo.png\",\"contentUrl\":\"https:\\\/\\\/dodo-inflatables.com\\\/wp-content\\\/uploads\\\/2023\\\/04\\\/cropped-cropped-cropped-Dodo-Logo.png\",\"width\":2996,\"height\":1545,\"caption\":\"dodo-inflatables.com\"},\"image\":{\"@id\":\"https:\\\/\\\/dodo-inflatables.com\\\/hu\\\/#\\\/schema\\\/logo\\\/image\\\/\"}}]}<\/script>\n<!-- \/ Yoast SEO plugin. -->","yoast_head_json":{"title":"Aufblasbares Fu\u00dfball Billard v\u00e1s\u00e1rl\u00e1s | H\u00fcpfburg-g\u00fcnstig-kaufen.de","description":"V\u00e1s\u00e1roljon felf\u00fajhat\u00f3 Soccerpool \u00e9s focibili\u00e1rdot a dodo-inflatables.com oldalon! | Tisztess\u00e9ges \u00e1rak | Mindig rakt\u00e1ron | Gyors kisz\u00e1ll\u00edt\u00e1s!","robots":{"index":"index","follow":"follow","max-snippet":"max-snippet:-1","max-image-preview":"max-image-preview:large","max-video-preview":"max-video-preview:-1"},"canonical":"https:\/\/dodo-inflatables.com\/hu\/termek\/foci-biliard\/","twitter_misc":{"Becs\u00fclt olvas\u00e1si id\u0151":"2 perc"},"schema":{"@context":"https:\/\/schema.org","@graph":[{"@type":"WebPage","@id":"https:\/\/dodo-inflatables.com\/hu\/termek\/foci-biliard\/","url":"https:\/\/dodo-inflatables.com\/hu\/termek\/foci-biliard\/","name":"Aufblasbares Fu\u00dfball Billard v\u00e1s\u00e1rl\u00e1s | H\u00fcpfburg-g\u00fcnstig-kaufen.de","isPartOf":{"@id":"https:\/\/dodo-inflatables.com\/hu\/#website"},"primaryImageOfPage":{"@id":"https:\/\/dodo-inflatables.com\/hu\/termek\/foci-biliard\/#primaryimage"},"image":{"@id":"https:\/\/dodo-inflatables.com\/hu\/termek\/foci-biliard\/#primaryimage"},"thumbnailUrl":"https:\/\/dodo-inflatables.com\/wp-content\/uploads\/2017\/01\/snooker-football-fussball-billard-kaufen-4.png","datePublished":"2017-01-06T19:54:55+00:00","dateModified":"2026-02-05T05:52:32+00:00","description":"V\u00e1s\u00e1roljon felf\u00fajhat\u00f3 Soccerpool \u00e9s focibili\u00e1rdot a dodo-inflatables.com oldalon! | Tisztess\u00e9ges \u00e1rak | Mindig rakt\u00e1ron | Gyors kisz\u00e1ll\u00edt\u00e1s!","breadcrumb":{"@id":"https:\/\/dodo-inflatables.com\/hu\/termek\/foci-biliard\/#breadcrumb"},"inLanguage":"hu","potentialAction":[{"@type":"ReadAction","target":["https:\/\/dodo-inflatables.com\/hu\/termek\/foci-biliard\/"]}]},{"@type":"ImageObject","inLanguage":"hu","@id":"https:\/\/dodo-inflatables.com\/hu\/termek\/foci-biliard\/#primaryimage","url":"https:\/\/dodo-inflatables.com\/wp-content\/uploads\/2017\/01\/snooker-football-fussball-billard-kaufen-4.png","contentUrl":"https:\/\/dodo-inflatables.com\/wp-content\/uploads\/2017\/01\/snooker-football-fussball-billard-kaufen-4.png","width":500,"height":500},{"@type":"BreadcrumbList","@id":"https:\/\/dodo-inflatables.com\/hu\/termek\/foci-biliard\/#breadcrumb","itemListElement":[{"@type":"ListItem","position":1,"name":"Kezd\u0151lap","item":"https:\/\/dodo-inflatables.com\/hu\/"},{"@type":"ListItem","position":2,"name":"Shop","item":"https:\/\/dodo-inflatables.com\/hu\/shop\/"},{"@type":"ListItem","position":3,"name":"Foci bili\u00e1rd"}]},{"@type":"WebSite","@id":"https:\/\/dodo-inflatables.com\/hu\/#website","url":"https:\/\/dodo-inflatables.com\/hu\/","name":"dodo-inflatables.com","description":"V\u00e1s\u00e1roljon ugr\u00e1l\u00f3v\u00e1rakat \u00e9s l\u00e1tnival\u00f3kat \u00fczlet\u00fcnkben.","publisher":{"@id":"https:\/\/dodo-inflatables.com\/hu\/#organization"},"potentialAction":[{"@type":"SearchAction","target":{"@type":"EntryPoint","urlTemplate":"https:\/\/dodo-inflatables.com\/hu\/?s={search_term_string}"},"query-input":{"@type":"PropertyValueSpecification","valueRequired":true,"valueName":"search_term_string"}}],"inLanguage":"hu"},{"@type":"Organization","@id":"https:\/\/dodo-inflatables.com\/hu\/#organization","name":"dodo-inflatables.com","url":"https:\/\/dodo-inflatables.com\/hu\/","logo":{"@type":"ImageObject","inLanguage":"hu","@id":"https:\/\/dodo-inflatables.com\/hu\/#\/schema\/logo\/image\/","url":"https:\/\/dodo-inflatables.com\/wp-content\/uploads\/2023\/04\/cropped-cropped-cropped-Dodo-Logo.png","contentUrl":"https:\/\/dodo-inflatables.com\/wp-content\/uploads\/2023\/04\/cropped-cropped-cropped-Dodo-Logo.png","width":2996,"height":1545,"caption":"dodo-inflatables.com"},"image":{"@id":"https:\/\/dodo-inflatables.com\/hu\/#\/schema\/logo\/image\/"}}]}},"uagb_featured_image_src":{"full":["https:\/\/dodo-inflatables.com\/wp-content\/uploads\/2017\/01\/snooker-football-fussball-billard-kaufen-4.png",500,500,false],"thumbnail":["https:\/\/dodo-inflatables.com\/wp-content\/uploads\/2017\/01\/snooker-football-fussball-billard-kaufen-4-150x150.png",150,150,true],"medium":["https:\/\/dodo-inflatables.com\/wp-content\/uploads\/2017\/01\/snooker-football-fussball-billard-kaufen-4-300x300.png",300,300,true],"medium_large":["https:\/\/dodo-inflatables.com\/wp-content\/uploads\/2017\/01\/snooker-football-fussball-billard-kaufen-4.png",500,500,false],"large":["https:\/\/dodo-inflatables.com\/wp-content\/uploads\/2017\/01\/snooker-football-fussball-billard-kaufen-4.png",500,500,false],"1536x1536":["https:\/\/dodo-inflatables.com\/wp-content\/uploads\/2017\/01\/snooker-football-fussball-billard-kaufen-4.png",500,500,false],"2048x2048":["https:\/\/dodo-inflatables.com\/wp-content\/uploads\/2017\/01\/snooker-football-fussball-billard-kaufen-4.png",500,500,false],"woocommerce_thumbnail":["https:\/\/dodo-inflatables.com\/wp-content\/uploads\/2017\/01\/snooker-football-fussball-billard-kaufen-4.png",500,500,false],"woocommerce_single":["https:\/\/dodo-inflatables.com\/wp-content\/uploads\/2017\/01\/snooker-football-fussball-billard-kaufen-4.png",500,500,false],"woocommerce_gallery_thumbnail":["https:\/\/dodo-inflatables.com\/wp-content\/uploads\/2017\/01\/snooker-football-fussball-billard-kaufen-4-100x100.png",100,100,true]},"uagb_author_info":{"display_name":"Andreas","author_link":"https:\/\/dodo-inflatables.com\/hu\/author\/"},"uagb_comment_info":0,"uagb_excerpt":"M\u00e9retek (hossz\u00fas\u00e1g x sz\u00e9less\u00e9g x magass\u00e1g): 8,00 m x 4,00 m x 0,75 m * Opcion\u00e1lisan kaphat\u00f3 bili\u00e1rdgoly\u00f3 kivitel\u0171 labd\u00e1k Professzion\u00e1lis modul - Alkalmas kereskedelmi \u00e9s mag\u00e1nhaszn\u00e1latra PVC (0,55 mm \/ 621,3 g\/m2 ) \u00e9s t\u00e9p\u0151z\u00e1r 2-4-szeres varr\u00e1s (a terhel\u00e9st\u0151l f\u00fcgg\u0151en) L\u00e1ng\u00e1ll\u00f3 &nbsp;","_links":{"self":[{"href":"https:\/\/dodo-inflatables.com\/hu\/wp-json\/wp\/v2\/product\/11323","targetHints":{"allow":["GET"]}}],"collection":[{"href":"https:\/\/dodo-inflatables.com\/hu\/wp-json\/wp\/v2\/product"}],"about":[{"href":"https:\/\/dodo-inflatables.com\/hu\/wp-json\/wp\/v2\/types\/product"}],"replies":[{"embeddable":true,"href":"https:\/\/dodo-inflatables.com\/hu\/wp-json\/wp\/v2\/comments?post=11323"}],"wp:featuredmedia":[{"embeddable":true,"href":"https:\/\/dodo-inflatables.com\/hu\/wp-json\/wp\/v2\/media\/10741"}],"wp:attachment":[{"href":"https:\/\/dodo-inflatables.com\/hu\/wp-json\/wp\/v2\/media?parent=11323"}],"wp:term":[{"taxonomy":"product_brand","embeddable":true,"href":"https:\/\/dodo-inflatables.com\/hu\/wp-json\/wp\/v2\/product_brand?post=11323"},{"taxonomy":"product_cat","embeddable":true,"href":"https:\/\/dodo-inflatables.com\/hu\/wp-json\/wp\/v2\/product_cat?post=11323"},{"taxonomy":"product_tag","embeddable":true,"href":"https:\/\/dodo-inflatables.com\/hu\/wp-json\/wp\/v2\/product_tag?post=11323"}],"curies":[{"name":"wp","href":"https:\/\/api.w.org\/{rel}","templated":true}]}}