{"id":11325,"date":"2017-01-06T20:48:21","date_gmt":"2017-01-06T19:48:21","guid":{"rendered":"https:\/\/dodo-inflatables.com\/product\/homokzsak-a-sulyozashoz\/"},"modified":"2024-06-01T17:18:49","modified_gmt":"2024-06-01T15:18:49","slug":"homokzsak-a-sulyozashoz","status":"publish","type":"product","link":"https:\/\/dodo-inflatables.com\/hu\/termek\/homokzsak-a-sulyozashoz\/","title":{"rendered":"Homokzs\u00e1k a s\u00falyoz\u00e1shoz"},"content":{"rendered":"<h2>Homokzs\u00e1kok v\u00e1s\u00e1rl\u00e1sa a felf\u00fajhat\u00f3 haj\u00f3k s\u00faly\u00e1nak cs\u00f6kkent\u00e9s\u00e9re<\/h2>\n<p>Homokzs\u00e1kjaink kiv\u00e1l\u00f3an alkalmasak felf\u00fajhat\u00f3 modulok \u00e9s ugr\u00e1l\u00f3v\u00e1rak s\u00falyoz\u00e1s\u00e1ra, ha a talaj miatt nem lehet csapokat haszn\u00e1lni. Egyszer\u0171en t\u00f6ltse meg a homokzs\u00e1kokat homokkal vagy hasonl\u00f3 anyaggal el\u0151re vagy a helysz\u00ednen, \u00e9s a D-gy\u0171r\u0171k seg\u00edts\u00e9g\u00e9vel r\u00f6gz\u00edtse \u0151ket a felf\u00fajhat\u00f3 haj\u00f3hoz.<\/p>\n<h4>R\u00e9szletek a homokzs\u00e1kokr\u00f3l<\/h4>\n<ul>\n<li>M\u00e9retek (L x W): kb. 50 cm x 50 cm<\/li>\n<\/ul>\n<p>Homokzs\u00e1konk\u00e9nti \u00e1r.<\/p>\n","protected":false},"excerpt":{"rendered":"<ul>\n<li>Homokzs\u00e1k a felf\u00fajhat\u00f3 haj\u00f3k s\u00falyoz\u00e1s\u00e1hoz<\/li>\n<li>Professzion\u00e1lis modul &#8211; kereskedelmi \u00e9s mag\u00e1nhaszn\u00e1latra alkalmas<\/li>\n<\/ul>\n","protected":false},"featured_media":10669,"comment_status":"open","ping_status":"closed","template":"","meta":{"_acf_changed":false,"_uag_custom_page_level_css":"","site-sidebar-layout":"default","site-content-layout":"boxed-container","ast-site-content-layout":"normal-width-container","site-content-style":"boxed","site-sidebar-style":"boxed","ast-global-header-display":"","ast-banner-title-visibility":"","ast-main-header-display":"","ast-hfb-above-header-display":"","ast-hfb-below-header-display":"","ast-hfb-mobile-header-display":"","site-post-title":"disabled","ast-breadcrumbs-content":"","ast-featured-img":"","footer-sml-layout":"","ast-disable-related-posts":"","theme-transparent-header-meta":"default","adv-header-id-meta":"","stick-header-meta":"default","header-above-stick-meta":"","header-main-stick-meta":"","header-below-stick-meta":"","astra-migrate-meta-layouts":"default","ast-page-background-enabled":"default","ast-page-background-meta":{"desktop":{"background-color":"var(--ast-global-color-4)","background-image":"","background-repeat":"repeat","background-position":"center center","background-size":"auto","background-attachment":"scroll","background-type":"","background-media":"","overlay-type":"","overlay-color":"","overlay-opacity":"","overlay-gradient":""},"tablet":{"background-color":"","background-image":"","background-repeat":"repeat","background-position":"center center","background-size":"auto","background-attachment":"scroll","background-type":"","background-media":"","overlay-type":"","overlay-color":"","overlay-opacity":"","overlay-gradient":""},"mobile":{"background-color":"","background-image":"","background-repeat":"repeat","background-position":"center center","background-size":"auto","background-attachment":"scroll","background-type":"","background-media":"","overlay-type":"","overlay-color":"","overlay-opacity":"","overlay-gradient":""}},"ast-content-background-meta":{"desktop":{"background-color":"var(--ast-global-color-5)","background-image":"","background-repeat":"repeat","background-position":"center center","background-size":"auto","background-attachment":"scroll","background-type":"","background-media":"","overlay-type":"","overlay-color":"","overlay-opacity":"","overlay-gradient":""},"tablet":{"background-color":"var(--ast-global-color-5)","background-image":"","background-repeat":"repeat","background-position":"center center","background-size":"auto","background-attachment":"scroll","background-type":"","background-media":"","overlay-type":"","overlay-color":"","overlay-opacity":"","overlay-gradient":""},"mobile":{"background-color":"var(--ast-global-color-5)","background-image":"","background-repeat":"repeat","background-position":"center center","background-size":"auto","background-attachment":"scroll","background-type":"","background-media":"","overlay-type":"","overlay-color":"","overlay-opacity":"","overlay-gradient":""}}},"product_brand":[],"product_cat":[829],"product_tag":[],"class_list":{"0":"post-11325","1":"product","2":"type-product","3":"status-publish","4":"has-post-thumbnail","6":"product_cat-kiegeszitok","7":"product_shipping_class-zubehor-hu","8":"desktop-align-center","9":"tablet-align-center","10":"mobile-align-center","11":"ast-product-gallery-layout-horizontal","12":"ast-product-gallery-with-no-image","13":"ast-product-tabs-layout-horizontal","15":"first","16":"outofstock","17":"taxable","18":"shipping-taxable","19":"purchasable","20":"product-type-simple"},"acf":[],"yoast_head":"<!-- This site is optimized with the Yoast SEO plugin v27.3 - https:\/\/yoast.com\/product\/yoast-seo-wordpress\/ -->\n<title>V\u00e1s\u00e1roljon homokzs\u00e1kokat a felf\u00fajhat\u00f3 t\u00e1rgyak s\u00falyoz\u00e1s\u00e1hoz | Dodo-Inflatables.com<\/title>\n<meta name=\"description\" content=\"V\u00e1s\u00e1roljon praktikus homokzs\u00e1kokat a felf\u00fajhat\u00f3 j\u00e1t\u00e9kok s\u00falyoz\u00e1s\u00e1hoz k\u00f6zvetlen\u00fcl online a Dodo-Inflatables.com-on | Nagy v\u00e1laszt\u00e9k rakt\u00e1ron | EN14960 tan\u00fas\u00edtv\u00e1nnyal |\" \/>\n<meta name=\"robots\" content=\"index, follow, max-snippet:-1, max-image-preview:large, max-video-preview:-1\" \/>\n<link rel=\"canonical\" href=\"https:\/\/dodo-inflatables.com\/hu\/termek\/homokzsak-a-sulyozashoz\/\" \/>\n<meta name=\"twitter:label1\" content=\"Becs\u00fclt olvas\u00e1si id\u0151\" \/>\n\t<meta name=\"twitter:data1\" content=\"1 perc\" \/>\n<script type=\"application\/ld+json\" class=\"yoast-schema-graph\">{\"@context\":\"https:\\\/\\\/schema.org\",\"@graph\":[{\"@type\":\"WebPage\",\"@id\":\"https:\\\/\\\/dodo-inflatables.com\\\/hu\\\/termek\\\/homokzsak-a-sulyozashoz\\\/\",\"url\":\"https:\\\/\\\/dodo-inflatables.com\\\/hu\\\/termek\\\/homokzsak-a-sulyozashoz\\\/\",\"name\":\"V\u00e1s\u00e1roljon homokzs\u00e1kokat a felf\u00fajhat\u00f3 t\u00e1rgyak s\u00falyoz\u00e1s\u00e1hoz | Dodo-Inflatables.com\",\"isPartOf\":{\"@id\":\"https:\\\/\\\/dodo-inflatables.com\\\/hu\\\/#website\"},\"primaryImageOfPage\":{\"@id\":\"https:\\\/\\\/dodo-inflatables.com\\\/hu\\\/termek\\\/homokzsak-a-sulyozashoz\\\/#primaryimage\"},\"image\":{\"@id\":\"https:\\\/\\\/dodo-inflatables.com\\\/hu\\\/termek\\\/homokzsak-a-sulyozashoz\\\/#primaryimage\"},\"thumbnailUrl\":\"https:\\\/\\\/dodo-inflatables.com\\\/wp-content\\\/uploads\\\/2017\\\/01\\\/sandsack-beschwerung-hupfburg-kaufen.png\",\"datePublished\":\"2017-01-06T19:48:21+00:00\",\"dateModified\":\"2024-06-01T15:18:49+00:00\",\"description\":\"V\u00e1s\u00e1roljon praktikus homokzs\u00e1kokat a felf\u00fajhat\u00f3 j\u00e1t\u00e9kok s\u00falyoz\u00e1s\u00e1hoz k\u00f6zvetlen\u00fcl online a Dodo-Inflatables.com-on | Nagy v\u00e1laszt\u00e9k rakt\u00e1ron | EN14960 tan\u00fas\u00edtv\u00e1nnyal |\",\"breadcrumb\":{\"@id\":\"https:\\\/\\\/dodo-inflatables.com\\\/hu\\\/termek\\\/homokzsak-a-sulyozashoz\\\/#breadcrumb\"},\"inLanguage\":\"hu\",\"potentialAction\":[{\"@type\":\"ReadAction\",\"target\":[\"https:\\\/\\\/dodo-inflatables.com\\\/hu\\\/termek\\\/homokzsak-a-sulyozashoz\\\/\"]}]},{\"@type\":\"ImageObject\",\"inLanguage\":\"hu\",\"@id\":\"https:\\\/\\\/dodo-inflatables.com\\\/hu\\\/termek\\\/homokzsak-a-sulyozashoz\\\/#primaryimage\",\"url\":\"https:\\\/\\\/dodo-inflatables.com\\\/wp-content\\\/uploads\\\/2017\\\/01\\\/sandsack-beschwerung-hupfburg-kaufen.png\",\"contentUrl\":\"https:\\\/\\\/dodo-inflatables.com\\\/wp-content\\\/uploads\\\/2017\\\/01\\\/sandsack-beschwerung-hupfburg-kaufen.png\",\"width\":600,\"height\":500},{\"@type\":\"BreadcrumbList\",\"@id\":\"https:\\\/\\\/dodo-inflatables.com\\\/hu\\\/termek\\\/homokzsak-a-sulyozashoz\\\/#breadcrumb\",\"itemListElement\":[{\"@type\":\"ListItem\",\"position\":1,\"name\":\"Kezd\u0151lap\",\"item\":\"https:\\\/\\\/dodo-inflatables.com\\\/hu\\\/\"},{\"@type\":\"ListItem\",\"position\":2,\"name\":\"Shop\",\"item\":\"https:\\\/\\\/dodo-inflatables.com\\\/hu\\\/shop\\\/\"},{\"@type\":\"ListItem\",\"position\":3,\"name\":\"Homokzs\u00e1k a s\u00falyoz\u00e1shoz\"}]},{\"@type\":\"WebSite\",\"@id\":\"https:\\\/\\\/dodo-inflatables.com\\\/hu\\\/#website\",\"url\":\"https:\\\/\\\/dodo-inflatables.com\\\/hu\\\/\",\"name\":\"dodo-inflatables.com\",\"description\":\"V\u00e1s\u00e1roljon ugr\u00e1l\u00f3v\u00e1rakat \u00e9s l\u00e1tnival\u00f3kat \u00fczlet\u00fcnkben.\",\"publisher\":{\"@id\":\"https:\\\/\\\/dodo-inflatables.com\\\/hu\\\/#organization\"},\"potentialAction\":[{\"@type\":\"SearchAction\",\"target\":{\"@type\":\"EntryPoint\",\"urlTemplate\":\"https:\\\/\\\/dodo-inflatables.com\\\/hu\\\/?s={search_term_string}\"},\"query-input\":{\"@type\":\"PropertyValueSpecification\",\"valueRequired\":true,\"valueName\":\"search_term_string\"}}],\"inLanguage\":\"hu\"},{\"@type\":\"Organization\",\"@id\":\"https:\\\/\\\/dodo-inflatables.com\\\/hu\\\/#organization\",\"name\":\"dodo-inflatables.com\",\"url\":\"https:\\\/\\\/dodo-inflatables.com\\\/hu\\\/\",\"logo\":{\"@type\":\"ImageObject\",\"inLanguage\":\"hu\",\"@id\":\"https:\\\/\\\/dodo-inflatables.com\\\/hu\\\/#\\\/schema\\\/logo\\\/image\\\/\",\"url\":\"https:\\\/\\\/dodo-inflatables.com\\\/wp-content\\\/uploads\\\/2023\\\/04\\\/cropped-cropped-cropped-Dodo-Logo.png\",\"contentUrl\":\"https:\\\/\\\/dodo-inflatables.com\\\/wp-content\\\/uploads\\\/2023\\\/04\\\/cropped-cropped-cropped-Dodo-Logo.png\",\"width\":2996,\"height\":1545,\"caption\":\"dodo-inflatables.com\"},\"image\":{\"@id\":\"https:\\\/\\\/dodo-inflatables.com\\\/hu\\\/#\\\/schema\\\/logo\\\/image\\\/\"}}]}<\/script>\n<!-- \/ Yoast SEO plugin. -->","yoast_head_json":{"title":"V\u00e1s\u00e1roljon homokzs\u00e1kokat a felf\u00fajhat\u00f3 t\u00e1rgyak s\u00falyoz\u00e1s\u00e1hoz | Dodo-Inflatables.com","description":"V\u00e1s\u00e1roljon praktikus homokzs\u00e1kokat a felf\u00fajhat\u00f3 j\u00e1t\u00e9kok s\u00falyoz\u00e1s\u00e1hoz k\u00f6zvetlen\u00fcl online a Dodo-Inflatables.com-on | Nagy v\u00e1laszt\u00e9k rakt\u00e1ron | EN14960 tan\u00fas\u00edtv\u00e1nnyal |","robots":{"index":"index","follow":"follow","max-snippet":"max-snippet:-1","max-image-preview":"max-image-preview:large","max-video-preview":"max-video-preview:-1"},"canonical":"https:\/\/dodo-inflatables.com\/hu\/termek\/homokzsak-a-sulyozashoz\/","twitter_misc":{"Becs\u00fclt olvas\u00e1si id\u0151":"1 perc"},"schema":{"@context":"https:\/\/schema.org","@graph":[{"@type":"WebPage","@id":"https:\/\/dodo-inflatables.com\/hu\/termek\/homokzsak-a-sulyozashoz\/","url":"https:\/\/dodo-inflatables.com\/hu\/termek\/homokzsak-a-sulyozashoz\/","name":"V\u00e1s\u00e1roljon homokzs\u00e1kokat a felf\u00fajhat\u00f3 t\u00e1rgyak s\u00falyoz\u00e1s\u00e1hoz | Dodo-Inflatables.com","isPartOf":{"@id":"https:\/\/dodo-inflatables.com\/hu\/#website"},"primaryImageOfPage":{"@id":"https:\/\/dodo-inflatables.com\/hu\/termek\/homokzsak-a-sulyozashoz\/#primaryimage"},"image":{"@id":"https:\/\/dodo-inflatables.com\/hu\/termek\/homokzsak-a-sulyozashoz\/#primaryimage"},"thumbnailUrl":"https:\/\/dodo-inflatables.com\/wp-content\/uploads\/2017\/01\/sandsack-beschwerung-hupfburg-kaufen.png","datePublished":"2017-01-06T19:48:21+00:00","dateModified":"2024-06-01T15:18:49+00:00","description":"V\u00e1s\u00e1roljon praktikus homokzs\u00e1kokat a felf\u00fajhat\u00f3 j\u00e1t\u00e9kok s\u00falyoz\u00e1s\u00e1hoz k\u00f6zvetlen\u00fcl online a Dodo-Inflatables.com-on | Nagy v\u00e1laszt\u00e9k rakt\u00e1ron | EN14960 tan\u00fas\u00edtv\u00e1nnyal |","breadcrumb":{"@id":"https:\/\/dodo-inflatables.com\/hu\/termek\/homokzsak-a-sulyozashoz\/#breadcrumb"},"inLanguage":"hu","potentialAction":[{"@type":"ReadAction","target":["https:\/\/dodo-inflatables.com\/hu\/termek\/homokzsak-a-sulyozashoz\/"]}]},{"@type":"ImageObject","inLanguage":"hu","@id":"https:\/\/dodo-inflatables.com\/hu\/termek\/homokzsak-a-sulyozashoz\/#primaryimage","url":"https:\/\/dodo-inflatables.com\/wp-content\/uploads\/2017\/01\/sandsack-beschwerung-hupfburg-kaufen.png","contentUrl":"https:\/\/dodo-inflatables.com\/wp-content\/uploads\/2017\/01\/sandsack-beschwerung-hupfburg-kaufen.png","width":600,"height":500},{"@type":"BreadcrumbList","@id":"https:\/\/dodo-inflatables.com\/hu\/termek\/homokzsak-a-sulyozashoz\/#breadcrumb","itemListElement":[{"@type":"ListItem","position":1,"name":"Kezd\u0151lap","item":"https:\/\/dodo-inflatables.com\/hu\/"},{"@type":"ListItem","position":2,"name":"Shop","item":"https:\/\/dodo-inflatables.com\/hu\/shop\/"},{"@type":"ListItem","position":3,"name":"Homokzs\u00e1k a s\u00falyoz\u00e1shoz"}]},{"@type":"WebSite","@id":"https:\/\/dodo-inflatables.com\/hu\/#website","url":"https:\/\/dodo-inflatables.com\/hu\/","name":"dodo-inflatables.com","description":"V\u00e1s\u00e1roljon ugr\u00e1l\u00f3v\u00e1rakat \u00e9s l\u00e1tnival\u00f3kat \u00fczlet\u00fcnkben.","publisher":{"@id":"https:\/\/dodo-inflatables.com\/hu\/#organization"},"potentialAction":[{"@type":"SearchAction","target":{"@type":"EntryPoint","urlTemplate":"https:\/\/dodo-inflatables.com\/hu\/?s={search_term_string}"},"query-input":{"@type":"PropertyValueSpecification","valueRequired":true,"valueName":"search_term_string"}}],"inLanguage":"hu"},{"@type":"Organization","@id":"https:\/\/dodo-inflatables.com\/hu\/#organization","name":"dodo-inflatables.com","url":"https:\/\/dodo-inflatables.com\/hu\/","logo":{"@type":"ImageObject","inLanguage":"hu","@id":"https:\/\/dodo-inflatables.com\/hu\/#\/schema\/logo\/image\/","url":"https:\/\/dodo-inflatables.com\/wp-content\/uploads\/2023\/04\/cropped-cropped-cropped-Dodo-Logo.png","contentUrl":"https:\/\/dodo-inflatables.com\/wp-content\/uploads\/2023\/04\/cropped-cropped-cropped-Dodo-Logo.png","width":2996,"height":1545,"caption":"dodo-inflatables.com"},"image":{"@id":"https:\/\/dodo-inflatables.com\/hu\/#\/schema\/logo\/image\/"}}]}},"uagb_featured_image_src":{"full":["https:\/\/dodo-inflatables.com\/wp-content\/uploads\/2017\/01\/sandsack-beschwerung-hupfburg-kaufen.png",600,500,false],"thumbnail":["https:\/\/dodo-inflatables.com\/wp-content\/uploads\/2017\/01\/sandsack-beschwerung-hupfburg-kaufen-150x150.png",150,150,true],"medium":["https:\/\/dodo-inflatables.com\/wp-content\/uploads\/2017\/01\/sandsack-beschwerung-hupfburg-kaufen-300x250.png",300,250,true],"medium_large":["https:\/\/dodo-inflatables.com\/wp-content\/uploads\/2017\/01\/sandsack-beschwerung-hupfburg-kaufen.png",600,500,false],"large":["https:\/\/dodo-inflatables.com\/wp-content\/uploads\/2017\/01\/sandsack-beschwerung-hupfburg-kaufen.png",600,500,false],"1536x1536":["https:\/\/dodo-inflatables.com\/wp-content\/uploads\/2017\/01\/sandsack-beschwerung-hupfburg-kaufen.png",600,500,false],"2048x2048":["https:\/\/dodo-inflatables.com\/wp-content\/uploads\/2017\/01\/sandsack-beschwerung-hupfburg-kaufen.png",600,500,false],"woocommerce_thumbnail":["https:\/\/dodo-inflatables.com\/wp-content\/uploads\/2017\/01\/sandsack-beschwerung-hupfburg-kaufen.png",600,500,false],"woocommerce_single":["https:\/\/dodo-inflatables.com\/wp-content\/uploads\/2017\/01\/sandsack-beschwerung-hupfburg-kaufen.png",600,500,false],"woocommerce_gallery_thumbnail":["https:\/\/dodo-inflatables.com\/wp-content\/uploads\/2017\/01\/sandsack-beschwerung-hupfburg-kaufen-100x100.png",100,100,true]},"uagb_author_info":{"display_name":"Andreas","author_link":"https:\/\/dodo-inflatables.com\/hu\/author\/"},"uagb_comment_info":0,"uagb_excerpt":"Homokzs\u00e1k a felf\u00fajhat\u00f3 haj\u00f3k s\u00falyoz\u00e1s\u00e1hoz Professzion\u00e1lis modul - kereskedelmi \u00e9s mag\u00e1nhaszn\u00e1latra alkalmas","_links":{"self":[{"href":"https:\/\/dodo-inflatables.com\/hu\/wp-json\/wp\/v2\/product\/11325","targetHints":{"allow":["GET"]}}],"collection":[{"href":"https:\/\/dodo-inflatables.com\/hu\/wp-json\/wp\/v2\/product"}],"about":[{"href":"https:\/\/dodo-inflatables.com\/hu\/wp-json\/wp\/v2\/types\/product"}],"replies":[{"embeddable":true,"href":"https:\/\/dodo-inflatables.com\/hu\/wp-json\/wp\/v2\/comments?post=11325"}],"wp:featuredmedia":[{"embeddable":true,"href":"https:\/\/dodo-inflatables.com\/hu\/wp-json\/wp\/v2\/media\/10669"}],"wp:attachment":[{"href":"https:\/\/dodo-inflatables.com\/hu\/wp-json\/wp\/v2\/media?parent=11325"}],"wp:term":[{"taxonomy":"product_brand","embeddable":true,"href":"https:\/\/dodo-inflatables.com\/hu\/wp-json\/wp\/v2\/product_brand?post=11325"},{"taxonomy":"product_cat","embeddable":true,"href":"https:\/\/dodo-inflatables.com\/hu\/wp-json\/wp\/v2\/product_cat?post=11325"},{"taxonomy":"product_tag","embeddable":true,"href":"https:\/\/dodo-inflatables.com\/hu\/wp-json\/wp\/v2\/product_tag?post=11325"}],"curies":[{"name":"wp","href":"https:\/\/api.w.org\/{rel}","templated":true}]}}