{"id":11331,"date":"2017-01-06T20:46:21","date_gmt":"2017-01-06T19:46:21","guid":{"rendered":"https:\/\/dodo-inflatables.com\/product\/alaplap-4-x-5-meter\/"},"modified":"2026-04-25T19:01:55","modified_gmt":"2026-04-25T17:01:55","slug":"alaplap-4-x-5-meter","status":"publish","type":"product","link":"https:\/\/dodo-inflatables.com\/hu\/termek\/alaplap-4-x-5-meter\/","title":{"rendered":"Al\u00e1t\u00e9tponyva 4 x 5 m"},"content":{"rendered":"<h2>V\u00e1s\u00e1roljon al\u00e1t\u00e9tponyv\u00e1t ugr\u00e1l\u00f3v\u00e1rakhoz<\/h2>\n<p>A megfelel\u0151 al\u00e1t\u00e9tponyva haszn\u00e1lata az egyik legjobb m\u00f3dja az ugr\u00e1l\u00f3v\u00e1r \u00e9lettartam\u00e1nak meghosszabb\u00edt\u00e1s\u00e1hoz.<br \/>\nAk\u00e1r f\u00fcv\u00f6n, aszfalton, burkolaton vagy belt\u00e9rben van fel\u00e1ll\u00edtva az ugr\u00e1l\u00f3v\u00e1r, az al\u00e1t\u00e9tponyva megb\u00edzhat\u00f3an v\u00e9di a felf\u00fajhat\u00f3 konstrukci\u00f3 alj\u00e1t a kop\u00e1st\u00f3l, nedvess\u00e9gt\u0151l \u00e9s s\u00e9r\u00fcl\u00e9sekt\u0151l.<br \/>\n<strong>Megb\u00edzhat\u00f3 v\u00e9delem:<\/strong><br \/>\nAz al\u00e1t\u00e9tponyva megakad\u00e1lyozza az ugr\u00e1l\u00f3v\u00e1r \u00e9s az alatta l\u00e9v\u0151 fel\u00fclet k\u00f6zvetlen \u00e9rintkez\u00e9s\u00e9t, seg\u00edtve megv\u00e9deni azt az \u00e9les \u00e9lekt\u0151l, k\u00f6vekt\u0151l, szennyez\u0151d\u00e9st\u0151l \u00e9s nedvess\u00e9gt\u0151l.<br \/>\n<strong>Sokoldal\u00fa felhaszn\u00e1l\u00e1s:<\/strong><br \/>\nAlkalmas ugr\u00e1l\u00f3v\u00e1rakhoz \u00e9s m\u00e1s felf\u00fajhat\u00f3 rendezv\u00e9nymodulokhoz, mind mag\u00e1nhaszn\u00e1latra, mind professzion\u00e1lis b\u00e9rl\u0151 c\u00e9gek sz\u00e1m\u00e1ra.<br \/>\n<strong>Biztons\u00e1gos elhelyez\u00e9s:<\/strong><br \/>\nA ponyva k\u00f6r\u00fcl elhelyezett r\u00f6gz\u00edt\u0151f\u00fcleknek k\u00f6sz\u00f6nhet\u0151en sz\u00fcks\u00e9g eset\u00e9n r\u00f6gz\u00edthet\u0151, \u00e9s biztons\u00e1gosan a hely\u00e9n marad m\u00e9g akkor is, ha az ugr\u00e1l\u00f3v\u00e1r haszn\u00e1lat k\u00f6zben mozog.<br \/>\n<strong>Robusztus \u00e9s tart\u00f3s:<\/strong><br \/>\nA kop\u00e1s\u00e1ll\u00f3 PE anyag v\u00edz\u00e1ll\u00f3, id\u0151j\u00e1r\u00e1s\u00e1ll\u00f3 \u00e9s szakad\u00e1s\u00e1ll\u00f3, \u00edgy ide\u00e1lis rendszeres belt\u00e9ri \u00e9s k\u00fclt\u00e9ri haszn\u00e1latra.<br \/>\n<strong>Az al\u00e1t\u00e9tponyva r\u00e9szletei<\/strong><\/p>\n<ul>\n<li>M\u00e9retek (H x Sz): kb. 4,00 m x 5,00 m<\/li>\n<li>R\u00f6gz\u00edt\u0151f\u00fclek kb. 50 cm-es k\u00f6z\u00f6nk\u00e9nt<\/li>\n<li>PE 260 g\/m\u00b2<\/li>\n<li>V\u00edz\u00e1ll\u00f3, id\u0151j\u00e1r\u00e1s\u00e1ll\u00f3 \u00e9s szakad\u00e1s\u00e1ll\u00f3<\/li>\n<\/ul>\n","protected":false},"excerpt":{"rendered":"<ul>\n<li>M\u00e9retek (H x Sz): kb. 4,00 m x 5,00 m<\/li>\n<li>R\u00f6gz\u00edt\u0151f\u00fclek kb. 50 cm-es k\u00f6z\u00f6nk\u00e9nt<\/li>\n<li>PE 260 g\/m\u00b2<\/li>\n<li>V\u00edz\u00e1ll\u00f3, id\u0151j\u00e1r\u00e1s\u00e1ll\u00f3 \u00e9s szakad\u00e1s\u00e1ll\u00f3<\/li>\n<\/ul>\n","protected":false},"featured_media":10249,"comment_status":"open","ping_status":"closed","template":"","meta":{"_acf_changed":false,"_uag_custom_page_level_css":"","site-sidebar-layout":"default","site-content-layout":"boxed-container","ast-site-content-layout":"normal-width-container","site-content-style":"boxed","site-sidebar-style":"boxed","ast-global-header-display":"","ast-banner-title-visibility":"","ast-main-header-display":"","ast-hfb-above-header-display":"","ast-hfb-below-header-display":"","ast-hfb-mobile-header-display":"","site-post-title":"disabled","ast-breadcrumbs-content":"","ast-featured-img":"","footer-sml-layout":"","ast-disable-related-posts":"","theme-transparent-header-meta":"default","adv-header-id-meta":"","stick-header-meta":"default","header-above-stick-meta":"","header-main-stick-meta":"","header-below-stick-meta":"","astra-migrate-meta-layouts":"default","ast-page-background-enabled":"default","ast-page-background-meta":{"desktop":{"background-color":"var(--ast-global-color-4)","background-image":"","background-repeat":"repeat","background-position":"center center","background-size":"auto","background-attachment":"scroll","background-type":"","background-media":"","overlay-type":"","overlay-color":"","overlay-opacity":"","overlay-gradient":""},"tablet":{"background-color":"","background-image":"","background-repeat":"repeat","background-position":"center center","background-size":"auto","background-attachment":"scroll","background-type":"","background-media":"","overlay-type":"","overlay-color":"","overlay-opacity":"","overlay-gradient":""},"mobile":{"background-color":"","background-image":"","background-repeat":"repeat","background-position":"center center","background-size":"auto","background-attachment":"scroll","background-type":"","background-media":"","overlay-type":"","overlay-color":"","overlay-opacity":"","overlay-gradient":""}},"ast-content-background-meta":{"desktop":{"background-color":"var(--ast-global-color-5)","background-image":"","background-repeat":"repeat","background-position":"center center","background-size":"auto","background-attachment":"scroll","background-type":"","background-media":"","overlay-type":"","overlay-color":"","overlay-opacity":"","overlay-gradient":""},"tablet":{"background-color":"var(--ast-global-color-5)","background-image":"","background-repeat":"repeat","background-position":"center center","background-size":"auto","background-attachment":"scroll","background-type":"","background-media":"","overlay-type":"","overlay-color":"","overlay-opacity":"","overlay-gradient":""},"mobile":{"background-color":"var(--ast-global-color-5)","background-image":"","background-repeat":"repeat","background-position":"center center","background-size":"auto","background-attachment":"scroll","background-type":"","background-media":"","overlay-type":"","overlay-color":"","overlay-opacity":"","overlay-gradient":""}}},"product_brand":[],"product_cat":[829],"product_tag":[],"class_list":{"0":"post-11331","1":"product","2":"type-product","3":"status-publish","4":"has-post-thumbnail","6":"product_cat-kiegeszitok","7":"product_shipping_class-zubehor-hu","8":"desktop-align-center","9":"tablet-align-center","10":"mobile-align-center","11":"ast-product-gallery-layout-horizontal","12":"ast-product-gallery-with-no-image","13":"ast-product-tabs-layout-horizontal","15":"first","16":"instock","17":"taxable","18":"shipping-taxable","19":"purchasable","20":"product-type-simple"},"acf":[],"yoast_head":"<!-- This site is optimized with the Yoast SEO plugin v27.5 - https:\/\/yoast.com\/product\/yoast-seo-wordpress\/ -->\n<title>Felf\u00fajhat\u00f3 l\u00e9gv\u00e1rakhoz val\u00f3 alaplapok v\u00e1s\u00e1rl\u00e1sa | Dodo-Inflatables.com<\/title>\n<meta name=\"description\" content=\"V\u00e1s\u00e1roljon megfelel\u0151 tartoz\u00e9kokat, p\u00e9ld\u00e1ul stabil talajtakar\u00f3t felf\u00fajhat\u00f3 l\u00e9gv\u00e1rakhoz k\u00f6zvetlen\u00fcl online a Dodo-Inflatables.com oldalon | EN14960 szabv\u00e1ny szerinti tan\u00fas\u00edt\u00e1s | Gyors sz\u00e1ll\u00edt\u00e1s!\" \/>\n<meta name=\"robots\" content=\"index, follow, max-snippet:-1, max-image-preview:large, max-video-preview:-1\" \/>\n<link rel=\"canonical\" href=\"https:\/\/dodo-inflatables.com\/hu\/termek\/alaplap-4-x-5-meter\/\" \/>\n<meta name=\"twitter:label1\" content=\"Becs\u00fclt olvas\u00e1si id\u0151\" \/>\n\t<meta name=\"twitter:data1\" content=\"1 perc\" \/>\n<script type=\"application\/ld+json\" class=\"yoast-schema-graph\">{\"@context\":\"https:\\\/\\\/schema.org\",\"@graph\":[{\"@type\":\"WebPage\",\"@id\":\"https:\\\/\\\/dodo-inflatables.com\\\/hu\\\/termek\\\/alaplap-4-x-5-meter\\\/\",\"url\":\"https:\\\/\\\/dodo-inflatables.com\\\/hu\\\/termek\\\/alaplap-4-x-5-meter\\\/\",\"name\":\"Felf\u00fajhat\u00f3 l\u00e9gv\u00e1rakhoz val\u00f3 alaplapok v\u00e1s\u00e1rl\u00e1sa | Dodo-Inflatables.com\",\"isPartOf\":{\"@id\":\"https:\\\/\\\/dodo-inflatables.com\\\/hu\\\/#website\"},\"primaryImageOfPage\":{\"@id\":\"https:\\\/\\\/dodo-inflatables.com\\\/hu\\\/termek\\\/alaplap-4-x-5-meter\\\/#primaryimage\"},\"image\":{\"@id\":\"https:\\\/\\\/dodo-inflatables.com\\\/hu\\\/termek\\\/alaplap-4-x-5-meter\\\/#primaryimage\"},\"thumbnailUrl\":\"https:\\\/\\\/dodo-inflatables.com\\\/wp-content\\\/uploads\\\/2021\\\/03\\\/Ground-Sheet-Bouncy-Castle.png\",\"datePublished\":\"2017-01-06T19:46:21+00:00\",\"dateModified\":\"2026-04-25T17:01:55+00:00\",\"description\":\"V\u00e1s\u00e1roljon megfelel\u0151 tartoz\u00e9kokat, p\u00e9ld\u00e1ul stabil talajtakar\u00f3t felf\u00fajhat\u00f3 l\u00e9gv\u00e1rakhoz k\u00f6zvetlen\u00fcl online a Dodo-Inflatables.com oldalon | EN14960 szabv\u00e1ny szerinti tan\u00fas\u00edt\u00e1s | Gyors sz\u00e1ll\u00edt\u00e1s!\",\"breadcrumb\":{\"@id\":\"https:\\\/\\\/dodo-inflatables.com\\\/hu\\\/termek\\\/alaplap-4-x-5-meter\\\/#breadcrumb\"},\"inLanguage\":\"hu\",\"potentialAction\":[{\"@type\":\"ReadAction\",\"target\":[\"https:\\\/\\\/dodo-inflatables.com\\\/hu\\\/termek\\\/alaplap-4-x-5-meter\\\/\"]}]},{\"@type\":\"ImageObject\",\"inLanguage\":\"hu\",\"@id\":\"https:\\\/\\\/dodo-inflatables.com\\\/hu\\\/termek\\\/alaplap-4-x-5-meter\\\/#primaryimage\",\"url\":\"https:\\\/\\\/dodo-inflatables.com\\\/wp-content\\\/uploads\\\/2021\\\/03\\\/Ground-Sheet-Bouncy-Castle.png\",\"contentUrl\":\"https:\\\/\\\/dodo-inflatables.com\\\/wp-content\\\/uploads\\\/2021\\\/03\\\/Ground-Sheet-Bouncy-Castle.png\",\"width\":500,\"height\":500,\"caption\":\"Al\u00e1t\u00e9tponyva 8 x 4 m ugr\u00e1l\u00f3v\u00e1rakhoz | Dodo Inflatables\"},{\"@type\":\"BreadcrumbList\",\"@id\":\"https:\\\/\\\/dodo-inflatables.com\\\/hu\\\/termek\\\/alaplap-4-x-5-meter\\\/#breadcrumb\",\"itemListElement\":[{\"@type\":\"ListItem\",\"position\":1,\"name\":\"Kezd\u0151lap\",\"item\":\"https:\\\/\\\/dodo-inflatables.com\\\/hu\\\/\"},{\"@type\":\"ListItem\",\"position\":2,\"name\":\"Shop\",\"item\":\"https:\\\/\\\/dodo-inflatables.com\\\/hu\\\/shop\\\/\"},{\"@type\":\"ListItem\",\"position\":3,\"name\":\"Alaplap 4 x 5 m\u00e9ter\"}]},{\"@type\":\"WebSite\",\"@id\":\"https:\\\/\\\/dodo-inflatables.com\\\/hu\\\/#website\",\"url\":\"https:\\\/\\\/dodo-inflatables.com\\\/hu\\\/\",\"name\":\"dodo-inflatables.com\",\"description\":\"V\u00e1s\u00e1roljon ugr\u00e1l\u00f3v\u00e1rakat \u00e9s l\u00e1tnival\u00f3kat \u00fczlet\u00fcnkben.\",\"potentialAction\":[{\"@type\":\"SearchAction\",\"target\":{\"@type\":\"EntryPoint\",\"urlTemplate\":\"https:\\\/\\\/dodo-inflatables.com\\\/hu\\\/?s={search_term_string}\"},\"query-input\":{\"@type\":\"PropertyValueSpecification\",\"valueRequired\":true,\"valueName\":\"search_term_string\"}}],\"inLanguage\":\"hu\"}]}<\/script>\n<!-- \/ Yoast SEO plugin. -->","yoast_head_json":{"title":"Felf\u00fajhat\u00f3 l\u00e9gv\u00e1rakhoz val\u00f3 alaplapok v\u00e1s\u00e1rl\u00e1sa | Dodo-Inflatables.com","description":"V\u00e1s\u00e1roljon megfelel\u0151 tartoz\u00e9kokat, p\u00e9ld\u00e1ul stabil talajtakar\u00f3t felf\u00fajhat\u00f3 l\u00e9gv\u00e1rakhoz k\u00f6zvetlen\u00fcl online a Dodo-Inflatables.com oldalon | EN14960 szabv\u00e1ny szerinti tan\u00fas\u00edt\u00e1s | Gyors sz\u00e1ll\u00edt\u00e1s!","robots":{"index":"index","follow":"follow","max-snippet":"max-snippet:-1","max-image-preview":"max-image-preview:large","max-video-preview":"max-video-preview:-1"},"canonical":"https:\/\/dodo-inflatables.com\/hu\/termek\/alaplap-4-x-5-meter\/","twitter_misc":{"Becs\u00fclt olvas\u00e1si id\u0151":"1 perc"},"schema":{"@context":"https:\/\/schema.org","@graph":[{"@type":"WebPage","@id":"https:\/\/dodo-inflatables.com\/hu\/termek\/alaplap-4-x-5-meter\/","url":"https:\/\/dodo-inflatables.com\/hu\/termek\/alaplap-4-x-5-meter\/","name":"Felf\u00fajhat\u00f3 l\u00e9gv\u00e1rakhoz val\u00f3 alaplapok v\u00e1s\u00e1rl\u00e1sa | Dodo-Inflatables.com","isPartOf":{"@id":"https:\/\/dodo-inflatables.com\/hu\/#website"},"primaryImageOfPage":{"@id":"https:\/\/dodo-inflatables.com\/hu\/termek\/alaplap-4-x-5-meter\/#primaryimage"},"image":{"@id":"https:\/\/dodo-inflatables.com\/hu\/termek\/alaplap-4-x-5-meter\/#primaryimage"},"thumbnailUrl":"https:\/\/dodo-inflatables.com\/wp-content\/uploads\/2021\/03\/Ground-Sheet-Bouncy-Castle.png","datePublished":"2017-01-06T19:46:21+00:00","dateModified":"2026-04-25T17:01:55+00:00","description":"V\u00e1s\u00e1roljon megfelel\u0151 tartoz\u00e9kokat, p\u00e9ld\u00e1ul stabil talajtakar\u00f3t felf\u00fajhat\u00f3 l\u00e9gv\u00e1rakhoz k\u00f6zvetlen\u00fcl online a Dodo-Inflatables.com oldalon | EN14960 szabv\u00e1ny szerinti tan\u00fas\u00edt\u00e1s | Gyors sz\u00e1ll\u00edt\u00e1s!","breadcrumb":{"@id":"https:\/\/dodo-inflatables.com\/hu\/termek\/alaplap-4-x-5-meter\/#breadcrumb"},"inLanguage":"hu","potentialAction":[{"@type":"ReadAction","target":["https:\/\/dodo-inflatables.com\/hu\/termek\/alaplap-4-x-5-meter\/"]}]},{"@type":"ImageObject","inLanguage":"hu","@id":"https:\/\/dodo-inflatables.com\/hu\/termek\/alaplap-4-x-5-meter\/#primaryimage","url":"https:\/\/dodo-inflatables.com\/wp-content\/uploads\/2021\/03\/Ground-Sheet-Bouncy-Castle.png","contentUrl":"https:\/\/dodo-inflatables.com\/wp-content\/uploads\/2021\/03\/Ground-Sheet-Bouncy-Castle.png","width":500,"height":500,"caption":"Al\u00e1t\u00e9tponyva 8 x 4 m ugr\u00e1l\u00f3v\u00e1rakhoz | Dodo Inflatables"},{"@type":"BreadcrumbList","@id":"https:\/\/dodo-inflatables.com\/hu\/termek\/alaplap-4-x-5-meter\/#breadcrumb","itemListElement":[{"@type":"ListItem","position":1,"name":"Kezd\u0151lap","item":"https:\/\/dodo-inflatables.com\/hu\/"},{"@type":"ListItem","position":2,"name":"Shop","item":"https:\/\/dodo-inflatables.com\/hu\/shop\/"},{"@type":"ListItem","position":3,"name":"Alaplap 4 x 5 m\u00e9ter"}]},{"@type":"WebSite","@id":"https:\/\/dodo-inflatables.com\/hu\/#website","url":"https:\/\/dodo-inflatables.com\/hu\/","name":"dodo-inflatables.com","description":"V\u00e1s\u00e1roljon ugr\u00e1l\u00f3v\u00e1rakat \u00e9s l\u00e1tnival\u00f3kat \u00fczlet\u00fcnkben.","potentialAction":[{"@type":"SearchAction","target":{"@type":"EntryPoint","urlTemplate":"https:\/\/dodo-inflatables.com\/hu\/?s={search_term_string}"},"query-input":{"@type":"PropertyValueSpecification","valueRequired":true,"valueName":"search_term_string"}}],"inLanguage":"hu"}]}},"uagb_featured_image_src":{"full":["https:\/\/dodo-inflatables.com\/wp-content\/uploads\/2021\/03\/Ground-Sheet-Bouncy-Castle.png",500,500,false],"thumbnail":["https:\/\/dodo-inflatables.com\/wp-content\/uploads\/2021\/03\/Ground-Sheet-Bouncy-Castle-150x150.png",150,150,true],"medium":["https:\/\/dodo-inflatables.com\/wp-content\/uploads\/2021\/03\/Ground-Sheet-Bouncy-Castle-300x300.png",300,300,true],"medium_large":["https:\/\/dodo-inflatables.com\/wp-content\/uploads\/2021\/03\/Ground-Sheet-Bouncy-Castle.png",500,500,false],"large":["https:\/\/dodo-inflatables.com\/wp-content\/uploads\/2021\/03\/Ground-Sheet-Bouncy-Castle.png",500,500,false],"1536x1536":["https:\/\/dodo-inflatables.com\/wp-content\/uploads\/2021\/03\/Ground-Sheet-Bouncy-Castle.png",500,500,false],"2048x2048":["https:\/\/dodo-inflatables.com\/wp-content\/uploads\/2021\/03\/Ground-Sheet-Bouncy-Castle.png",500,500,false],"woocommerce_thumbnail":["https:\/\/dodo-inflatables.com\/wp-content\/uploads\/2021\/03\/Ground-Sheet-Bouncy-Castle.png",500,500,false],"woocommerce_single":["https:\/\/dodo-inflatables.com\/wp-content\/uploads\/2021\/03\/Ground-Sheet-Bouncy-Castle.png",500,500,false],"woocommerce_gallery_thumbnail":["https:\/\/dodo-inflatables.com\/wp-content\/uploads\/2021\/03\/Ground-Sheet-Bouncy-Castle-100x100.png",100,100,true]},"uagb_author_info":{"display_name":"Andreas","author_link":"https:\/\/dodo-inflatables.com\/hu\/author\/"},"uagb_comment_info":0,"uagb_excerpt":"M\u00e9retek (H x Sz): kb. 4,00 m x 5,00 m R\u00f6gz\u00edt\u0151f\u00fclek kb. 50 cm-es k\u00f6z\u00f6nk\u00e9nt PE 260 g\/m\u00b2 V\u00edz\u00e1ll\u00f3, id\u0151j\u00e1r\u00e1s\u00e1ll\u00f3 \u00e9s szakad\u00e1s\u00e1ll\u00f3","_links":{"self":[{"href":"https:\/\/dodo-inflatables.com\/hu\/wp-json\/wp\/v2\/product\/11331","targetHints":{"allow":["GET"]}}],"collection":[{"href":"https:\/\/dodo-inflatables.com\/hu\/wp-json\/wp\/v2\/product"}],"about":[{"href":"https:\/\/dodo-inflatables.com\/hu\/wp-json\/wp\/v2\/types\/product"}],"replies":[{"embeddable":true,"href":"https:\/\/dodo-inflatables.com\/hu\/wp-json\/wp\/v2\/comments?post=11331"}],"wp:featuredmedia":[{"embeddable":true,"href":"https:\/\/dodo-inflatables.com\/hu\/wp-json\/wp\/v2\/media\/10249"}],"wp:attachment":[{"href":"https:\/\/dodo-inflatables.com\/hu\/wp-json\/wp\/v2\/media?parent=11331"}],"wp:term":[{"taxonomy":"product_brand","embeddable":true,"href":"https:\/\/dodo-inflatables.com\/hu\/wp-json\/wp\/v2\/product_brand?post=11331"},{"taxonomy":"product_cat","embeddable":true,"href":"https:\/\/dodo-inflatables.com\/hu\/wp-json\/wp\/v2\/product_cat?post=11331"},{"taxonomy":"product_tag","embeddable":true,"href":"https:\/\/dodo-inflatables.com\/hu\/wp-json\/wp\/v2\/product_tag?post=11331"}],"curies":[{"name":"wp","href":"https:\/\/api.w.org\/{rel}","templated":true}]}}