{"id":11334,"date":"2017-01-06T20:41:52","date_gmt":"2017-01-06T19:41:52","guid":{"rendered":"https:\/\/dodo-inflatables.com\/product\/gibbons-fuvo-fp5005-1-5ps\/"},"modified":"2026-02-04T15:43:41","modified_gmt":"2026-02-04T14:43:41","slug":"gibbons-fuvo-fp5005-1-5ps","status":"publish","type":"product","link":"https:\/\/dodo-inflatables.com\/hu\/termek\/gibbons-fuvo-fp5005-1-5ps\/","title":{"rendered":"Gibbons f\u00fav\u00f3 FP5005 &#8211; 1.5PS"},"content":{"rendered":"<h2>V\u00e1s\u00e1rl\u00e1s Gibbons ugr\u00e1l\u00f3v\u00e1r f\u00fav\u00f3g\u00e9p<\/h2>\n<p>A Gibbons ugr\u00e1l\u00f3v\u00e1r f\u00fav\u00f3ka egy igazi klasszikus &#8211; robusztus \u00e9s tart\u00f3s.<\/p>\n<p><strong>Robusztus f\u00e9mh\u00e1z:<\/strong> A f\u00fav\u00f3 tart\u00f3s f\u00e9mh\u00e1zban van elhelyezve, amely hossz\u00fa \u00e9lettartamot \u00e9s v\u00e9delmet biztos\u00edt az elhaszn\u00e1l\u00f3d\u00e1s ellen.<\/p>\n<p><strong>Er\u0151teljes l\u00e9g\u00e1raml\u00e1s:<\/strong> Az optim\u00e1lis l\u00e9g\u00e1raml\u00e1sra tervezett l\u00e9gp\u00e1rna gyorsan \u00e9s hat\u00e9konyan f\u00fajja fel az ugr\u00e1l\u00f3v\u00e1rat, folyamatosan fenntartva a t\u00f6k\u00e9letes l\u00e9gnyom\u00e1st.<\/p>\n<p><strong>Sokoldal\u00fa kompatibilit\u00e1s:<\/strong> Az ugr\u00e1l\u00f3v\u00e1rakt\u00f3l a felf\u00fajhat\u00f3 cs\u00faszd\u00e1kig \u00e9s m\u00e9g sok m\u00e1shoz is.<\/p>\n<h3><strong>Az ugr\u00e1l\u00f3v\u00e1r f\u00fav\u00f3ka r\u00e9szletei<\/strong><\/h3>\n<ul>\n<li>Anyag: Kem\u00e9ny m\u0171anyagb\u00f3l k\u00e9sz\u00fclt t\u00f6lcs\u00e9r.<\/li>\n<li>Teljes\u00edtm\u00e9ny: 1,1 kW (kimenet), 1,68 kW (bemenet), 1,5 HP<\/li>\n<li>Csatlakoz\u00e1s: csatlakoz\u00f3: Schuko dug\u00f3<\/li>\n<li>T\u00f6lcs\u00e9r \u00e1tm\u00e9r\u0151: 21,5 cm<\/li>\n<li>M\u00e9retek: 41 x 22 x 53 cm<\/li>\n<li>S\u00faly: 16,6 kg<\/li>\n<li>Hanger\u0151: 83 dB<\/li>\n<li>WEEE Reg. Nem. DE 82972723<\/li>\n<\/ul>\n<p>A f\u00fav\u00f3 kompakt \u00e9s sz\u00f6gletes kialak\u00edt\u00e1s\u00e1nak k\u00f6sz\u00f6nhet\u0151en k\u00f6nnyen egym\u00e1sra helyezhet\u0151 \u00e9s t\u00e1rolhat\u00f3. A 21,5 cm-es t\u00f6lcs\u00e9rm\u00e9rettel a Gibbons ugr\u00e1l\u00f3v\u00e1r f\u00fav\u00f3ka nemcsak ugr\u00e1l\u00f3v\u00e1rakhoz, hanem rendezv\u00e9nymodulokhoz \u00e9s egy\u00e9b felf\u00fajhat\u00f3 attrakci\u00f3khoz, p\u00e9ld\u00e1ul kapufalakhoz, \u00f3ri\u00e1scs\u00faszd\u00e1khoz stb. is alkalmas. Az \u00fczlet\u00fcnkben k\u00edn\u00e1lt \u00f6sszes term\u00e9k t\u00f6k\u00e9letesen alkalmas ehhez a f\u00fav\u00f3g\u00e9phez.<\/p>\n","protected":false},"excerpt":{"rendered":"<ul>\n<li>Gibbons ugr\u00e1l\u00f3v\u00e1r f\u00fav\u00f3ka 1,1 KW FP5005<\/li>\n<li>Alkalmas minden felaj\u00e1nlott ugr\u00e1l\u00f3v\u00e1rhoz \u00e9s rendezv\u00e9nymodulhoz<\/li>\n<li>Professzion\u00e1lis min\u0151s\u00e9g\u0171 &#8211; kereskedelmi \u00e9s mag\u00e1nhaszn\u00e1latra egyar\u00e1nt alkalmas<\/li>\n<\/ul>\n","protected":false},"featured_media":10255,"comment_status":"open","ping_status":"closed","template":"","meta":{"_acf_changed":false,"_uag_custom_page_level_css":"","site-sidebar-layout":"default","site-content-layout":"boxed-container","ast-site-content-layout":"normal-width-container","site-content-style":"boxed","site-sidebar-style":"boxed","ast-global-header-display":"","ast-banner-title-visibility":"","ast-main-header-display":"","ast-hfb-above-header-display":"","ast-hfb-below-header-display":"","ast-hfb-mobile-header-display":"","site-post-title":"disabled","ast-breadcrumbs-content":"","ast-featured-img":"","footer-sml-layout":"","ast-disable-related-posts":"","theme-transparent-header-meta":"default","adv-header-id-meta":"","stick-header-meta":"default","header-above-stick-meta":"","header-main-stick-meta":"","header-below-stick-meta":"","astra-migrate-meta-layouts":"default","ast-page-background-enabled":"default","ast-page-background-meta":{"desktop":{"background-color":"var(--ast-global-color-4)","background-image":"","background-repeat":"repeat","background-position":"center center","background-size":"auto","background-attachment":"scroll","background-type":"","background-media":"","overlay-type":"","overlay-color":"","overlay-opacity":"","overlay-gradient":""},"tablet":{"background-color":"","background-image":"","background-repeat":"repeat","background-position":"center center","background-size":"auto","background-attachment":"scroll","background-type":"","background-media":"","overlay-type":"","overlay-color":"","overlay-opacity":"","overlay-gradient":""},"mobile":{"background-color":"","background-image":"","background-repeat":"repeat","background-position":"center center","background-size":"auto","background-attachment":"scroll","background-type":"","background-media":"","overlay-type":"","overlay-color":"","overlay-opacity":"","overlay-gradient":""}},"ast-content-background-meta":{"desktop":{"background-color":"var(--ast-global-color-5)","background-image":"","background-repeat":"repeat","background-position":"center center","background-size":"auto","background-attachment":"scroll","background-type":"","background-media":"","overlay-type":"","overlay-color":"","overlay-opacity":"","overlay-gradient":""},"tablet":{"background-color":"var(--ast-global-color-5)","background-image":"","background-repeat":"repeat","background-position":"center center","background-size":"auto","background-attachment":"scroll","background-type":"","background-media":"","overlay-type":"","overlay-color":"","overlay-opacity":"","overlay-gradient":""},"mobile":{"background-color":"var(--ast-global-color-5)","background-image":"","background-repeat":"repeat","background-position":"center center","background-size":"auto","background-attachment":"scroll","background-type":"","background-media":"","overlay-type":"","overlay-color":"","overlay-opacity":"","overlay-gradient":""}}},"product_brand":[],"product_cat":[829],"product_tag":[],"class_list":{"0":"post-11334","1":"product","2":"type-product","3":"status-publish","4":"has-post-thumbnail","6":"product_cat-kiegeszitok","7":"product_shipping_class-zubehor-hu","8":"desktop-align-center","9":"tablet-align-center","10":"mobile-align-center","11":"ast-product-gallery-layout-horizontal","12":"ast-product-gallery-with-no-image","13":"ast-product-tabs-layout-horizontal","15":"first","16":"instock","17":"taxable","18":"shipping-taxable","19":"purchasable","20":"product-type-simple"},"acf":[],"yoast_head":"<!-- This site is optimized with the Yoast SEO plugin v27.3 - https:\/\/yoast.com\/product\/yoast-seo-wordpress\/ -->\n<title>Gibbons f\u00fav\u00f3k\u00e1k megv\u00e1s\u00e1rl\u00e1sa felf\u00fajhat\u00f3 j\u00e1t\u00e9kokhoz | Dodo-Inflatables.com<\/title>\n<meta name=\"description\" content=\"V\u00e1s\u00e1roljon olcs\u00f3 Gibbons 1,1KW f\u00fav\u00f3k\u00e1kat felf\u00fajhat\u00f3 l\u00e9gv\u00e1rakhoz a Dodo-Inflatables.com-on! | Tisztess\u00e9ges \u00e1rak | Mindig rakt\u00e1ron | Gyors sz\u00e1ll\u00edt\u00e1s!\" \/>\n<meta name=\"robots\" content=\"index, follow, max-snippet:-1, max-image-preview:large, max-video-preview:-1\" \/>\n<link rel=\"canonical\" href=\"https:\/\/dodo-inflatables.com\/hu\/termek\/gibbons-fuvo-fp5005-1-5ps\/\" \/>\n<meta name=\"twitter:label1\" content=\"Becs\u00fclt olvas\u00e1si id\u0151\" \/>\n\t<meta name=\"twitter:data1\" content=\"1 perc\" \/>\n<script type=\"application\/ld+json\" class=\"yoast-schema-graph\">{\"@context\":\"https:\\\/\\\/schema.org\",\"@graph\":[{\"@type\":\"WebPage\",\"@id\":\"https:\\\/\\\/dodo-inflatables.com\\\/hu\\\/termek\\\/gibbons-fuvo-fp5005-1-5ps\\\/\",\"url\":\"https:\\\/\\\/dodo-inflatables.com\\\/hu\\\/termek\\\/gibbons-fuvo-fp5005-1-5ps\\\/\",\"name\":\"Gibbons f\u00fav\u00f3k\u00e1k megv\u00e1s\u00e1rl\u00e1sa felf\u00fajhat\u00f3 j\u00e1t\u00e9kokhoz | Dodo-Inflatables.com\",\"isPartOf\":{\"@id\":\"https:\\\/\\\/dodo-inflatables.com\\\/hu\\\/#website\"},\"primaryImageOfPage\":{\"@id\":\"https:\\\/\\\/dodo-inflatables.com\\\/hu\\\/termek\\\/gibbons-fuvo-fp5005-1-5ps\\\/#primaryimage\"},\"image\":{\"@id\":\"https:\\\/\\\/dodo-inflatables.com\\\/hu\\\/termek\\\/gibbons-fuvo-fp5005-1-5ps\\\/#primaryimage\"},\"thumbnailUrl\":\"https:\\\/\\\/dodo-inflatables.com\\\/wp-content\\\/uploads\\\/2017\\\/01\\\/gibbons-geblase-metallgehause-fur-hupfburg-kaufen-500.png\",\"datePublished\":\"2017-01-06T19:41:52+00:00\",\"dateModified\":\"2026-02-04T14:43:41+00:00\",\"description\":\"V\u00e1s\u00e1roljon olcs\u00f3 Gibbons 1,1KW f\u00fav\u00f3k\u00e1kat felf\u00fajhat\u00f3 l\u00e9gv\u00e1rakhoz a Dodo-Inflatables.com-on! | Tisztess\u00e9ges \u00e1rak | Mindig rakt\u00e1ron | Gyors sz\u00e1ll\u00edt\u00e1s!\",\"breadcrumb\":{\"@id\":\"https:\\\/\\\/dodo-inflatables.com\\\/hu\\\/termek\\\/gibbons-fuvo-fp5005-1-5ps\\\/#breadcrumb\"},\"inLanguage\":\"hu\",\"potentialAction\":[{\"@type\":\"ReadAction\",\"target\":[\"https:\\\/\\\/dodo-inflatables.com\\\/hu\\\/termek\\\/gibbons-fuvo-fp5005-1-5ps\\\/\"]}]},{\"@type\":\"ImageObject\",\"inLanguage\":\"hu\",\"@id\":\"https:\\\/\\\/dodo-inflatables.com\\\/hu\\\/termek\\\/gibbons-fuvo-fp5005-1-5ps\\\/#primaryimage\",\"url\":\"https:\\\/\\\/dodo-inflatables.com\\\/wp-content\\\/uploads\\\/2017\\\/01\\\/gibbons-geblase-metallgehause-fur-hupfburg-kaufen-500.png\",\"contentUrl\":\"https:\\\/\\\/dodo-inflatables.com\\\/wp-content\\\/uploads\\\/2017\\\/01\\\/gibbons-geblase-metallgehause-fur-hupfburg-kaufen-500.png\",\"width\":500,\"height\":500},{\"@type\":\"BreadcrumbList\",\"@id\":\"https:\\\/\\\/dodo-inflatables.com\\\/hu\\\/termek\\\/gibbons-fuvo-fp5005-1-5ps\\\/#breadcrumb\",\"itemListElement\":[{\"@type\":\"ListItem\",\"position\":1,\"name\":\"Kezd\u0151lap\",\"item\":\"https:\\\/\\\/dodo-inflatables.com\\\/hu\\\/\"},{\"@type\":\"ListItem\",\"position\":2,\"name\":\"Shop\",\"item\":\"https:\\\/\\\/dodo-inflatables.com\\\/hu\\\/shop\\\/\"},{\"@type\":\"ListItem\",\"position\":3,\"name\":\"Gibbons f\u00fav\u00f3 FP5005 &#8211; 1.5PS\"}]},{\"@type\":\"WebSite\",\"@id\":\"https:\\\/\\\/dodo-inflatables.com\\\/hu\\\/#website\",\"url\":\"https:\\\/\\\/dodo-inflatables.com\\\/hu\\\/\",\"name\":\"dodo-inflatables.com\",\"description\":\"V\u00e1s\u00e1roljon ugr\u00e1l\u00f3v\u00e1rakat \u00e9s l\u00e1tnival\u00f3kat \u00fczlet\u00fcnkben.\",\"publisher\":{\"@id\":\"https:\\\/\\\/dodo-inflatables.com\\\/hu\\\/#organization\"},\"potentialAction\":[{\"@type\":\"SearchAction\",\"target\":{\"@type\":\"EntryPoint\",\"urlTemplate\":\"https:\\\/\\\/dodo-inflatables.com\\\/hu\\\/?s={search_term_string}\"},\"query-input\":{\"@type\":\"PropertyValueSpecification\",\"valueRequired\":true,\"valueName\":\"search_term_string\"}}],\"inLanguage\":\"hu\"},{\"@type\":\"Organization\",\"@id\":\"https:\\\/\\\/dodo-inflatables.com\\\/hu\\\/#organization\",\"name\":\"dodo-inflatables.com\",\"url\":\"https:\\\/\\\/dodo-inflatables.com\\\/hu\\\/\",\"logo\":{\"@type\":\"ImageObject\",\"inLanguage\":\"hu\",\"@id\":\"https:\\\/\\\/dodo-inflatables.com\\\/hu\\\/#\\\/schema\\\/logo\\\/image\\\/\",\"url\":\"https:\\\/\\\/dodo-inflatables.com\\\/wp-content\\\/uploads\\\/2023\\\/04\\\/cropped-cropped-cropped-Dodo-Logo.png\",\"contentUrl\":\"https:\\\/\\\/dodo-inflatables.com\\\/wp-content\\\/uploads\\\/2023\\\/04\\\/cropped-cropped-cropped-Dodo-Logo.png\",\"width\":2996,\"height\":1545,\"caption\":\"dodo-inflatables.com\"},\"image\":{\"@id\":\"https:\\\/\\\/dodo-inflatables.com\\\/hu\\\/#\\\/schema\\\/logo\\\/image\\\/\"}}]}<\/script>\n<!-- \/ Yoast SEO plugin. -->","yoast_head_json":{"title":"Gibbons f\u00fav\u00f3k\u00e1k megv\u00e1s\u00e1rl\u00e1sa felf\u00fajhat\u00f3 j\u00e1t\u00e9kokhoz | Dodo-Inflatables.com","description":"V\u00e1s\u00e1roljon olcs\u00f3 Gibbons 1,1KW f\u00fav\u00f3k\u00e1kat felf\u00fajhat\u00f3 l\u00e9gv\u00e1rakhoz a Dodo-Inflatables.com-on! | Tisztess\u00e9ges \u00e1rak | Mindig rakt\u00e1ron | Gyors sz\u00e1ll\u00edt\u00e1s!","robots":{"index":"index","follow":"follow","max-snippet":"max-snippet:-1","max-image-preview":"max-image-preview:large","max-video-preview":"max-video-preview:-1"},"canonical":"https:\/\/dodo-inflatables.com\/hu\/termek\/gibbons-fuvo-fp5005-1-5ps\/","twitter_misc":{"Becs\u00fclt olvas\u00e1si id\u0151":"1 perc"},"schema":{"@context":"https:\/\/schema.org","@graph":[{"@type":"WebPage","@id":"https:\/\/dodo-inflatables.com\/hu\/termek\/gibbons-fuvo-fp5005-1-5ps\/","url":"https:\/\/dodo-inflatables.com\/hu\/termek\/gibbons-fuvo-fp5005-1-5ps\/","name":"Gibbons f\u00fav\u00f3k\u00e1k megv\u00e1s\u00e1rl\u00e1sa felf\u00fajhat\u00f3 j\u00e1t\u00e9kokhoz | Dodo-Inflatables.com","isPartOf":{"@id":"https:\/\/dodo-inflatables.com\/hu\/#website"},"primaryImageOfPage":{"@id":"https:\/\/dodo-inflatables.com\/hu\/termek\/gibbons-fuvo-fp5005-1-5ps\/#primaryimage"},"image":{"@id":"https:\/\/dodo-inflatables.com\/hu\/termek\/gibbons-fuvo-fp5005-1-5ps\/#primaryimage"},"thumbnailUrl":"https:\/\/dodo-inflatables.com\/wp-content\/uploads\/2017\/01\/gibbons-geblase-metallgehause-fur-hupfburg-kaufen-500.png","datePublished":"2017-01-06T19:41:52+00:00","dateModified":"2026-02-04T14:43:41+00:00","description":"V\u00e1s\u00e1roljon olcs\u00f3 Gibbons 1,1KW f\u00fav\u00f3k\u00e1kat felf\u00fajhat\u00f3 l\u00e9gv\u00e1rakhoz a Dodo-Inflatables.com-on! | Tisztess\u00e9ges \u00e1rak | Mindig rakt\u00e1ron | Gyors sz\u00e1ll\u00edt\u00e1s!","breadcrumb":{"@id":"https:\/\/dodo-inflatables.com\/hu\/termek\/gibbons-fuvo-fp5005-1-5ps\/#breadcrumb"},"inLanguage":"hu","potentialAction":[{"@type":"ReadAction","target":["https:\/\/dodo-inflatables.com\/hu\/termek\/gibbons-fuvo-fp5005-1-5ps\/"]}]},{"@type":"ImageObject","inLanguage":"hu","@id":"https:\/\/dodo-inflatables.com\/hu\/termek\/gibbons-fuvo-fp5005-1-5ps\/#primaryimage","url":"https:\/\/dodo-inflatables.com\/wp-content\/uploads\/2017\/01\/gibbons-geblase-metallgehause-fur-hupfburg-kaufen-500.png","contentUrl":"https:\/\/dodo-inflatables.com\/wp-content\/uploads\/2017\/01\/gibbons-geblase-metallgehause-fur-hupfburg-kaufen-500.png","width":500,"height":500},{"@type":"BreadcrumbList","@id":"https:\/\/dodo-inflatables.com\/hu\/termek\/gibbons-fuvo-fp5005-1-5ps\/#breadcrumb","itemListElement":[{"@type":"ListItem","position":1,"name":"Kezd\u0151lap","item":"https:\/\/dodo-inflatables.com\/hu\/"},{"@type":"ListItem","position":2,"name":"Shop","item":"https:\/\/dodo-inflatables.com\/hu\/shop\/"},{"@type":"ListItem","position":3,"name":"Gibbons f\u00fav\u00f3 FP5005 &#8211; 1.5PS"}]},{"@type":"WebSite","@id":"https:\/\/dodo-inflatables.com\/hu\/#website","url":"https:\/\/dodo-inflatables.com\/hu\/","name":"dodo-inflatables.com","description":"V\u00e1s\u00e1roljon ugr\u00e1l\u00f3v\u00e1rakat \u00e9s l\u00e1tnival\u00f3kat \u00fczlet\u00fcnkben.","publisher":{"@id":"https:\/\/dodo-inflatables.com\/hu\/#organization"},"potentialAction":[{"@type":"SearchAction","target":{"@type":"EntryPoint","urlTemplate":"https:\/\/dodo-inflatables.com\/hu\/?s={search_term_string}"},"query-input":{"@type":"PropertyValueSpecification","valueRequired":true,"valueName":"search_term_string"}}],"inLanguage":"hu"},{"@type":"Organization","@id":"https:\/\/dodo-inflatables.com\/hu\/#organization","name":"dodo-inflatables.com","url":"https:\/\/dodo-inflatables.com\/hu\/","logo":{"@type":"ImageObject","inLanguage":"hu","@id":"https:\/\/dodo-inflatables.com\/hu\/#\/schema\/logo\/image\/","url":"https:\/\/dodo-inflatables.com\/wp-content\/uploads\/2023\/04\/cropped-cropped-cropped-Dodo-Logo.png","contentUrl":"https:\/\/dodo-inflatables.com\/wp-content\/uploads\/2023\/04\/cropped-cropped-cropped-Dodo-Logo.png","width":2996,"height":1545,"caption":"dodo-inflatables.com"},"image":{"@id":"https:\/\/dodo-inflatables.com\/hu\/#\/schema\/logo\/image\/"}}]}},"uagb_featured_image_src":{"full":["https:\/\/dodo-inflatables.com\/wp-content\/uploads\/2017\/01\/gibbons-geblase-metallgehause-fur-hupfburg-kaufen-500.png",500,500,false],"thumbnail":["https:\/\/dodo-inflatables.com\/wp-content\/uploads\/2017\/01\/gibbons-geblase-metallgehause-fur-hupfburg-kaufen-500-150x150.png",150,150,true],"medium":["https:\/\/dodo-inflatables.com\/wp-content\/uploads\/2017\/01\/gibbons-geblase-metallgehause-fur-hupfburg-kaufen-500-300x300.png",300,300,true],"medium_large":["https:\/\/dodo-inflatables.com\/wp-content\/uploads\/2017\/01\/gibbons-geblase-metallgehause-fur-hupfburg-kaufen-500.png",500,500,false],"large":["https:\/\/dodo-inflatables.com\/wp-content\/uploads\/2017\/01\/gibbons-geblase-metallgehause-fur-hupfburg-kaufen-500.png",500,500,false],"1536x1536":["https:\/\/dodo-inflatables.com\/wp-content\/uploads\/2017\/01\/gibbons-geblase-metallgehause-fur-hupfburg-kaufen-500.png",500,500,false],"2048x2048":["https:\/\/dodo-inflatables.com\/wp-content\/uploads\/2017\/01\/gibbons-geblase-metallgehause-fur-hupfburg-kaufen-500.png",500,500,false],"woocommerce_thumbnail":["https:\/\/dodo-inflatables.com\/wp-content\/uploads\/2017\/01\/gibbons-geblase-metallgehause-fur-hupfburg-kaufen-500.png",500,500,false],"woocommerce_single":["https:\/\/dodo-inflatables.com\/wp-content\/uploads\/2017\/01\/gibbons-geblase-metallgehause-fur-hupfburg-kaufen-500.png",500,500,false],"woocommerce_gallery_thumbnail":["https:\/\/dodo-inflatables.com\/wp-content\/uploads\/2017\/01\/gibbons-geblase-metallgehause-fur-hupfburg-kaufen-500-100x100.png",100,100,true]},"uagb_author_info":{"display_name":"Andreas","author_link":"https:\/\/dodo-inflatables.com\/hu\/author\/"},"uagb_comment_info":0,"uagb_excerpt":"Gibbons ugr\u00e1l\u00f3v\u00e1r f\u00fav\u00f3ka 1,1 KW FP5005 Alkalmas minden felaj\u00e1nlott ugr\u00e1l\u00f3v\u00e1rhoz \u00e9s rendezv\u00e9nymodulhoz Professzion\u00e1lis min\u0151s\u00e9g\u0171 - kereskedelmi \u00e9s mag\u00e1nhaszn\u00e1latra egyar\u00e1nt alkalmas","_links":{"self":[{"href":"https:\/\/dodo-inflatables.com\/hu\/wp-json\/wp\/v2\/product\/11334","targetHints":{"allow":["GET"]}}],"collection":[{"href":"https:\/\/dodo-inflatables.com\/hu\/wp-json\/wp\/v2\/product"}],"about":[{"href":"https:\/\/dodo-inflatables.com\/hu\/wp-json\/wp\/v2\/types\/product"}],"replies":[{"embeddable":true,"href":"https:\/\/dodo-inflatables.com\/hu\/wp-json\/wp\/v2\/comments?post=11334"}],"wp:featuredmedia":[{"embeddable":true,"href":"https:\/\/dodo-inflatables.com\/hu\/wp-json\/wp\/v2\/media\/10255"}],"wp:attachment":[{"href":"https:\/\/dodo-inflatables.com\/hu\/wp-json\/wp\/v2\/media?parent=11334"}],"wp:term":[{"taxonomy":"product_brand","embeddable":true,"href":"https:\/\/dodo-inflatables.com\/hu\/wp-json\/wp\/v2\/product_brand?post=11334"},{"taxonomy":"product_cat","embeddable":true,"href":"https:\/\/dodo-inflatables.com\/hu\/wp-json\/wp\/v2\/product_cat?post=11334"},{"taxonomy":"product_tag","embeddable":true,"href":"https:\/\/dodo-inflatables.com\/hu\/wp-json\/wp\/v2\/product_tag?post=11334"}],"curies":[{"name":"wp","href":"https:\/\/api.w.org\/{rel}","templated":true}]}}