{"id":11593,"date":"2019-08-23T12:07:40","date_gmt":"2019-08-23T10:07:40","guid":{"rendered":"https:\/\/dodo-inflatables.com\/product\/felfujhato-baltadobas\/"},"modified":"2024-08-06T07:47:04","modified_gmt":"2024-08-06T05:47:04","slug":"felfujhato-baltadobas","status":"publish","type":"product","link":"https:\/\/dodo-inflatables.com\/hu\/termek\/felfujhato-baltadobas\/","title":{"rendered":"Felf\u00fajhat\u00f3 baltadob\u00e1s"},"content":{"rendered":"<h2>Felf\u00fajhat\u00f3 baltadob\u00f3 v\u00e1s\u00e1rl\u00e1s<\/h2>\n<p>  Legy\u00e9l viking \u00e9s gyakorold a fejszedob\u00e1st teljes biztons\u00e1gban! Ki tudja pontosan dobni a balt\u00e1kat a t\u00e9p\u0151z\u00e1ras korongra?  <\/p>\n<h4>R\u00e9szletek a Felf\u00fajhat\u00f3 baltadob\u00e1sr\u00f3l<\/h4>\n<ul>\n<li>M\u00e9retek (hossz\u00fas\u00e1g x sz\u00e9less\u00e9g x magass\u00e1g): 3,00 x 3,00 x 2,60 m\u00e9ter *<\/li>\n<li>S\u00faly: kb. 50 kg *<\/li>\n<li>Csomag m\u00e9rete: 1,00 m x 0,70 m x 0,70 m *<\/li>\n<li>\u00d6sszeszerel\u00e9si id\u0151: 10 perc<\/li>\n<li>Anyag: PVC \u00e9s t\u00e9p\u0151z\u00e1r<\/li>\n<li>Cipz\u00e1r t\u00e9p\u0151z\u00e1ras bor\u00edt\u00e1ssal, meger\u0151s\u00edtett sarkok, kiv\u00e1l\u00f3 min\u0151s\u00e9g\u0171 t\u00e9p\u0151z\u00e1rral<\/li>\n<\/ul>\n<p>&nbsp;  A sz\u00e1ll\u00edt\u00e1si terjedelem a k\u00f6vetkez\u0151ket tartalmazza: A felf\u00fajhat\u00f3 baltadob\u00f3 keret, 10 t\u00e9p\u0151z\u00e1ras balta (5 s\u00e1rga, 5 piros) A f\u00fav\u00f3ka \u00e9s az al\u00e1t\u00e9t nem tartoz\u00e9k. Ezek a tartoz\u00e9kok kateg\u00f3ri\u00e1ban tal\u00e1lhat\u00f3k. A felf\u00fajhat\u00f3 baltadob\u00f3 min\u0151s\u00e9gi term\u00e9k, amelyet az EN 14960 szabv\u00e1nynak megfelel\u0151en, szigor\u00fa ir\u00e1nyelvek szerint gy\u00e1rtanak. Minden ugr\u00e1l\u00f3v\u00e1runk \u00e9s felf\u00fajhat\u00f3 attrakci\u00f3nk professzion\u00e1lis modul, amelyek alkalmasak professzion\u00e1lis b\u00e9rl\u00e9sre \u00e9s vid\u00e1mparkokban, belt\u00e9ri j\u00e1tsz\u00f3tereken \u00e9s hasonl\u00f3kban val\u00f3 haszn\u00e1latra. &nbsp;<strong>Fontos tudnival\u00f3k a m\u0171k\u00f6d\u00e9ssel kapcsolatban<\/strong> A ventil\u00e1tornak (nem tartoz\u00e9k) haszn\u00e1lat k\u00f6zben folyamatosan m\u0171k\u00f6dnie kell. A varratok lyukain kereszt\u00fcl t\u00f6rt\u00e9n\u0151 enyhe l\u00e9gsziv\u00e1rg\u00e1s norm\u00e1lis. * A s\u00faly \u00e9s a m\u00e9retek hozz\u00e1vet\u0151legesek, \u00e9s kiss\u00e9 elt\u00e9rhetnek.<\/p>\n","protected":false},"excerpt":{"rendered":"<p><i class=\"fa fa-arrows-alt\"><\/i>  M\u00e9retek (H x B x H): 3,00 x 3,00 x 2,60 m\u00e9ter * <i class=\"fa fa-plus\"><\/i> T\u00edz t\u00e9p\u0151z\u00e1ras habszivacs tengellyel egy\u00fctt <i class=\"fa fa-check\"><\/i> Professzion\u00e1lis modul &#8211; Alkalmas kereskedelmi \u00e9s mag\u00e1nhaszn\u00e1latra <i class=\"fa fa-square\"><\/i> PVC (0,55 mm \/ 621,3 g\/m2) \u00e9s t\u00e9p\u0151z\u00e1r <i class=\"fa fa-align-justify\"><\/i> 2-4-szeres varr\u00e1s (terhel\u00e9st\u0151l f\u00fcgg\u0151en) <i class=\"fa fa-fire\"><\/i> \u00c9g\u00e9sg\u00e1tl\u00f3 <i class=\"fa fa-certificate\"><\/i> Zulassungsbescheinigung gem\u00e4\u00df EN 14960 <i class=\"fas fa-edit\"><\/i> Inkl. egyedi sorozatsz\u00e1m  &nbsp;<\/p>\n","protected":false},"featured_media":58814,"comment_status":"open","ping_status":"closed","template":"","meta":{"_acf_changed":false,"_uag_custom_page_level_css":"","site-sidebar-layout":"default","site-content-layout":"default","ast-site-content-layout":"default","site-content-style":"default","site-sidebar-style":"default","ast-global-header-display":"","ast-banner-title-visibility":"","ast-main-header-display":"","ast-hfb-above-header-display":"","ast-hfb-below-header-display":"","ast-hfb-mobile-header-display":"","site-post-title":"","ast-breadcrumbs-content":"","ast-featured-img":"","footer-sml-layout":"","ast-disable-related-posts":"","theme-transparent-header-meta":"default","adv-header-id-meta":"","stick-header-meta":"default","header-above-stick-meta":"","header-main-stick-meta":"","header-below-stick-meta":"","astra-migrate-meta-layouts":"default","ast-page-background-enabled":"default","ast-page-background-meta":{"desktop":{"background-color":"var(--ast-global-color-4)","background-image":"","background-repeat":"repeat","background-position":"center center","background-size":"auto","background-attachment":"scroll","background-type":"","background-media":"","overlay-type":"","overlay-color":"","overlay-opacity":"","overlay-gradient":""},"tablet":{"background-color":"","background-image":"","background-repeat":"repeat","background-position":"center center","background-size":"auto","background-attachment":"scroll","background-type":"","background-media":"","overlay-type":"","overlay-color":"","overlay-opacity":"","overlay-gradient":""},"mobile":{"background-color":"","background-image":"","background-repeat":"repeat","background-position":"center center","background-size":"auto","background-attachment":"scroll","background-type":"","background-media":"","overlay-type":"","overlay-color":"","overlay-opacity":"","overlay-gradient":""}},"ast-content-background-meta":{"desktop":{"background-color":"var(--ast-global-color-5)","background-image":"","background-repeat":"repeat","background-position":"center center","background-size":"auto","background-attachment":"scroll","background-type":"","background-media":"","overlay-type":"","overlay-color":"","overlay-opacity":"","overlay-gradient":""},"tablet":{"background-color":"var(--ast-global-color-5)","background-image":"","background-repeat":"repeat","background-position":"center center","background-size":"auto","background-attachment":"scroll","background-type":"","background-media":"","overlay-type":"","overlay-color":"","overlay-opacity":"","overlay-gradient":""},"mobile":{"background-color":"var(--ast-global-color-5)","background-image":"","background-repeat":"repeat","background-position":"center center","background-size":"auto","background-attachment":"scroll","background-type":"","background-media":"","overlay-type":"","overlay-color":"","overlay-opacity":"","overlay-gradient":""}}},"product_brand":[],"product_cat":[822],"product_tag":[],"class_list":{"0":"post-11593","1":"product","2":"type-product","3":"status-publish","4":"has-post-thumbnail","6":"product_cat-attractions-hu","7":"product_shipping_class-spedition-hupfburg-hu","8":"pa_gtin-0669145336834-hu","9":"desktop-align-center","10":"tablet-align-center","11":"mobile-align-center","12":"ast-product-gallery-layout-horizontal","13":"ast-product-tabs-layout-horizontal","15":"first","16":"onbackorder","17":"taxable","18":"shipping-taxable","19":"purchasable","20":"product-type-simple"},"acf":[],"yoast_head":"<!-- This site is optimized with the Yoast SEO plugin v27.4 - https:\/\/yoast.com\/product\/yoast-seo-wordpress\/ -->\n<title>Felf\u00fajhat\u00f3 baltadob\u00e1s v\u00e1s\u00e1rl\u00e1sa | Dodo-Inflatables.com<\/title>\n<meta name=\"description\" content=\"V\u00e1s\u00e1rolja meg felf\u00fajhat\u00f3 baltadob\u00e1sunkat k\u00f6zvetlen\u00fcl online a Dodo-Inflatables.com-on | Sok modell rakt\u00e1ron | Gyors sz\u00e1ll\u00edt\u00e1s | Legjobb min\u0151s\u00e9g\" \/>\n<meta name=\"robots\" content=\"index, follow, max-snippet:-1, max-image-preview:large, max-video-preview:-1\" \/>\n<link rel=\"canonical\" href=\"https:\/\/dodo-inflatables.com\/hu\/termek\/felfujhato-baltadobas\/\" \/>\n<meta name=\"twitter:label1\" content=\"Becs\u00fclt olvas\u00e1si id\u0151\" \/>\n\t<meta name=\"twitter:data1\" content=\"1 perc\" \/>\n<script type=\"application\/ld+json\" class=\"yoast-schema-graph\">{\"@context\":\"https:\\\/\\\/schema.org\",\"@graph\":[{\"@type\":\"WebPage\",\"@id\":\"https:\\\/\\\/dodo-inflatables.com\\\/hu\\\/termek\\\/felfujhato-baltadobas\\\/\",\"url\":\"https:\\\/\\\/dodo-inflatables.com\\\/hu\\\/termek\\\/felfujhato-baltadobas\\\/\",\"name\":\"Felf\u00fajhat\u00f3 baltadob\u00e1s v\u00e1s\u00e1rl\u00e1sa | Dodo-Inflatables.com\",\"isPartOf\":{\"@id\":\"https:\\\/\\\/dodo-inflatables.com\\\/hu\\\/#website\"},\"primaryImageOfPage\":{\"@id\":\"https:\\\/\\\/dodo-inflatables.com\\\/hu\\\/termek\\\/felfujhato-baltadobas\\\/#primaryimage\"},\"image\":{\"@id\":\"https:\\\/\\\/dodo-inflatables.com\\\/hu\\\/termek\\\/felfujhato-baltadobas\\\/#primaryimage\"},\"thumbnailUrl\":\"https:\\\/\\\/dodo-inflatables.com\\\/wp-content\\\/uploads\\\/2019\\\/08\\\/Aufblasbares-Axt-werfen-kaufen-7.png\",\"datePublished\":\"2019-08-23T10:07:40+00:00\",\"dateModified\":\"2024-08-06T05:47:04+00:00\",\"description\":\"V\u00e1s\u00e1rolja meg felf\u00fajhat\u00f3 baltadob\u00e1sunkat k\u00f6zvetlen\u00fcl online a Dodo-Inflatables.com-on | Sok modell rakt\u00e1ron | Gyors sz\u00e1ll\u00edt\u00e1s | Legjobb min\u0151s\u00e9g\",\"breadcrumb\":{\"@id\":\"https:\\\/\\\/dodo-inflatables.com\\\/hu\\\/termek\\\/felfujhato-baltadobas\\\/#breadcrumb\"},\"inLanguage\":\"hu\",\"potentialAction\":[{\"@type\":\"ReadAction\",\"target\":[\"https:\\\/\\\/dodo-inflatables.com\\\/hu\\\/termek\\\/felfujhato-baltadobas\\\/\"]}]},{\"@type\":\"ImageObject\",\"inLanguage\":\"hu\",\"@id\":\"https:\\\/\\\/dodo-inflatables.com\\\/hu\\\/termek\\\/felfujhato-baltadobas\\\/#primaryimage\",\"url\":\"https:\\\/\\\/dodo-inflatables.com\\\/wp-content\\\/uploads\\\/2019\\\/08\\\/Aufblasbares-Axt-werfen-kaufen-7.png\",\"contentUrl\":\"https:\\\/\\\/dodo-inflatables.com\\\/wp-content\\\/uploads\\\/2019\\\/08\\\/Aufblasbares-Axt-werfen-kaufen-7.png\",\"width\":500,\"height\":500},{\"@type\":\"BreadcrumbList\",\"@id\":\"https:\\\/\\\/dodo-inflatables.com\\\/hu\\\/termek\\\/felfujhato-baltadobas\\\/#breadcrumb\",\"itemListElement\":[{\"@type\":\"ListItem\",\"position\":1,\"name\":\"Kezd\u0151lap\",\"item\":\"https:\\\/\\\/dodo-inflatables.com\\\/hu\\\/\"},{\"@type\":\"ListItem\",\"position\":2,\"name\":\"Shop\",\"item\":\"https:\\\/\\\/dodo-inflatables.com\\\/hu\\\/shop\\\/\"},{\"@type\":\"ListItem\",\"position\":3,\"name\":\"Felf\u00fajhat\u00f3 baltadob\u00e1s\"}]},{\"@type\":\"WebSite\",\"@id\":\"https:\\\/\\\/dodo-inflatables.com\\\/hu\\\/#website\",\"url\":\"https:\\\/\\\/dodo-inflatables.com\\\/hu\\\/\",\"name\":\"dodo-inflatables.com\",\"description\":\"V\u00e1s\u00e1roljon ugr\u00e1l\u00f3v\u00e1rakat \u00e9s l\u00e1tnival\u00f3kat \u00fczlet\u00fcnkben.\",\"publisher\":{\"@id\":\"https:\\\/\\\/dodo-inflatables.com\\\/hu\\\/#organization\"},\"potentialAction\":[{\"@type\":\"SearchAction\",\"target\":{\"@type\":\"EntryPoint\",\"urlTemplate\":\"https:\\\/\\\/dodo-inflatables.com\\\/hu\\\/?s={search_term_string}\"},\"query-input\":{\"@type\":\"PropertyValueSpecification\",\"valueRequired\":true,\"valueName\":\"search_term_string\"}}],\"inLanguage\":\"hu\"},{\"@type\":\"Organization\",\"@id\":\"https:\\\/\\\/dodo-inflatables.com\\\/hu\\\/#organization\",\"name\":\"dodo-inflatables.com\",\"url\":\"https:\\\/\\\/dodo-inflatables.com\\\/hu\\\/\",\"logo\":{\"@type\":\"ImageObject\",\"inLanguage\":\"hu\",\"@id\":\"https:\\\/\\\/dodo-inflatables.com\\\/hu\\\/#\\\/schema\\\/logo\\\/image\\\/\",\"url\":\"https:\\\/\\\/dodo-inflatables.com\\\/wp-content\\\/uploads\\\/2023\\\/04\\\/cropped-cropped-cropped-Dodo-Logo.png\",\"contentUrl\":\"https:\\\/\\\/dodo-inflatables.com\\\/wp-content\\\/uploads\\\/2023\\\/04\\\/cropped-cropped-cropped-Dodo-Logo.png\",\"width\":2996,\"height\":1545,\"caption\":\"dodo-inflatables.com\"},\"image\":{\"@id\":\"https:\\\/\\\/dodo-inflatables.com\\\/hu\\\/#\\\/schema\\\/logo\\\/image\\\/\"}}]}<\/script>\n<!-- \/ Yoast SEO plugin. -->","yoast_head_json":{"title":"Felf\u00fajhat\u00f3 baltadob\u00e1s v\u00e1s\u00e1rl\u00e1sa | Dodo-Inflatables.com","description":"V\u00e1s\u00e1rolja meg felf\u00fajhat\u00f3 baltadob\u00e1sunkat k\u00f6zvetlen\u00fcl online a Dodo-Inflatables.com-on | Sok modell rakt\u00e1ron | Gyors sz\u00e1ll\u00edt\u00e1s | Legjobb min\u0151s\u00e9g","robots":{"index":"index","follow":"follow","max-snippet":"max-snippet:-1","max-image-preview":"max-image-preview:large","max-video-preview":"max-video-preview:-1"},"canonical":"https:\/\/dodo-inflatables.com\/hu\/termek\/felfujhato-baltadobas\/","twitter_misc":{"Becs\u00fclt olvas\u00e1si id\u0151":"1 perc"},"schema":{"@context":"https:\/\/schema.org","@graph":[{"@type":"WebPage","@id":"https:\/\/dodo-inflatables.com\/hu\/termek\/felfujhato-baltadobas\/","url":"https:\/\/dodo-inflatables.com\/hu\/termek\/felfujhato-baltadobas\/","name":"Felf\u00fajhat\u00f3 baltadob\u00e1s v\u00e1s\u00e1rl\u00e1sa | Dodo-Inflatables.com","isPartOf":{"@id":"https:\/\/dodo-inflatables.com\/hu\/#website"},"primaryImageOfPage":{"@id":"https:\/\/dodo-inflatables.com\/hu\/termek\/felfujhato-baltadobas\/#primaryimage"},"image":{"@id":"https:\/\/dodo-inflatables.com\/hu\/termek\/felfujhato-baltadobas\/#primaryimage"},"thumbnailUrl":"https:\/\/dodo-inflatables.com\/wp-content\/uploads\/2019\/08\/Aufblasbares-Axt-werfen-kaufen-7.png","datePublished":"2019-08-23T10:07:40+00:00","dateModified":"2024-08-06T05:47:04+00:00","description":"V\u00e1s\u00e1rolja meg felf\u00fajhat\u00f3 baltadob\u00e1sunkat k\u00f6zvetlen\u00fcl online a Dodo-Inflatables.com-on | Sok modell rakt\u00e1ron | Gyors sz\u00e1ll\u00edt\u00e1s | Legjobb min\u0151s\u00e9g","breadcrumb":{"@id":"https:\/\/dodo-inflatables.com\/hu\/termek\/felfujhato-baltadobas\/#breadcrumb"},"inLanguage":"hu","potentialAction":[{"@type":"ReadAction","target":["https:\/\/dodo-inflatables.com\/hu\/termek\/felfujhato-baltadobas\/"]}]},{"@type":"ImageObject","inLanguage":"hu","@id":"https:\/\/dodo-inflatables.com\/hu\/termek\/felfujhato-baltadobas\/#primaryimage","url":"https:\/\/dodo-inflatables.com\/wp-content\/uploads\/2019\/08\/Aufblasbares-Axt-werfen-kaufen-7.png","contentUrl":"https:\/\/dodo-inflatables.com\/wp-content\/uploads\/2019\/08\/Aufblasbares-Axt-werfen-kaufen-7.png","width":500,"height":500},{"@type":"BreadcrumbList","@id":"https:\/\/dodo-inflatables.com\/hu\/termek\/felfujhato-baltadobas\/#breadcrumb","itemListElement":[{"@type":"ListItem","position":1,"name":"Kezd\u0151lap","item":"https:\/\/dodo-inflatables.com\/hu\/"},{"@type":"ListItem","position":2,"name":"Shop","item":"https:\/\/dodo-inflatables.com\/hu\/shop\/"},{"@type":"ListItem","position":3,"name":"Felf\u00fajhat\u00f3 baltadob\u00e1s"}]},{"@type":"WebSite","@id":"https:\/\/dodo-inflatables.com\/hu\/#website","url":"https:\/\/dodo-inflatables.com\/hu\/","name":"dodo-inflatables.com","description":"V\u00e1s\u00e1roljon ugr\u00e1l\u00f3v\u00e1rakat \u00e9s l\u00e1tnival\u00f3kat \u00fczlet\u00fcnkben.","publisher":{"@id":"https:\/\/dodo-inflatables.com\/hu\/#organization"},"potentialAction":[{"@type":"SearchAction","target":{"@type":"EntryPoint","urlTemplate":"https:\/\/dodo-inflatables.com\/hu\/?s={search_term_string}"},"query-input":{"@type":"PropertyValueSpecification","valueRequired":true,"valueName":"search_term_string"}}],"inLanguage":"hu"},{"@type":"Organization","@id":"https:\/\/dodo-inflatables.com\/hu\/#organization","name":"dodo-inflatables.com","url":"https:\/\/dodo-inflatables.com\/hu\/","logo":{"@type":"ImageObject","inLanguage":"hu","@id":"https:\/\/dodo-inflatables.com\/hu\/#\/schema\/logo\/image\/","url":"https:\/\/dodo-inflatables.com\/wp-content\/uploads\/2023\/04\/cropped-cropped-cropped-Dodo-Logo.png","contentUrl":"https:\/\/dodo-inflatables.com\/wp-content\/uploads\/2023\/04\/cropped-cropped-cropped-Dodo-Logo.png","width":2996,"height":1545,"caption":"dodo-inflatables.com"},"image":{"@id":"https:\/\/dodo-inflatables.com\/hu\/#\/schema\/logo\/image\/"}}]}},"uagb_featured_image_src":{"full":["https:\/\/dodo-inflatables.com\/wp-content\/uploads\/2019\/08\/Aufblasbares-Axt-werfen-kaufen-7.png",500,500,false],"thumbnail":["https:\/\/dodo-inflatables.com\/wp-content\/uploads\/2019\/08\/Aufblasbares-Axt-werfen-kaufen-7-150x150.png",150,150,true],"medium":["https:\/\/dodo-inflatables.com\/wp-content\/uploads\/2019\/08\/Aufblasbares-Axt-werfen-kaufen-7-300x300.png",300,300,true],"medium_large":["https:\/\/dodo-inflatables.com\/wp-content\/uploads\/2019\/08\/Aufblasbares-Axt-werfen-kaufen-7.png",500,500,false],"large":["https:\/\/dodo-inflatables.com\/wp-content\/uploads\/2019\/08\/Aufblasbares-Axt-werfen-kaufen-7.png",500,500,false],"1536x1536":["https:\/\/dodo-inflatables.com\/wp-content\/uploads\/2019\/08\/Aufblasbares-Axt-werfen-kaufen-7.png",500,500,false],"2048x2048":["https:\/\/dodo-inflatables.com\/wp-content\/uploads\/2019\/08\/Aufblasbares-Axt-werfen-kaufen-7.png",500,500,false],"woocommerce_thumbnail":["https:\/\/dodo-inflatables.com\/wp-content\/uploads\/2019\/08\/Aufblasbares-Axt-werfen-kaufen-7.png",500,500,false],"woocommerce_single":["https:\/\/dodo-inflatables.com\/wp-content\/uploads\/2019\/08\/Aufblasbares-Axt-werfen-kaufen-7.png",500,500,false],"woocommerce_gallery_thumbnail":["https:\/\/dodo-inflatables.com\/wp-content\/uploads\/2019\/08\/Aufblasbares-Axt-werfen-kaufen-7-100x100.png",100,100,true]},"uagb_author_info":{"display_name":"Andreas","author_link":"https:\/\/dodo-inflatables.com\/hu\/author\/"},"uagb_comment_info":0,"uagb_excerpt":"M\u00e9retek (H x B x H): 3,00 x 3,00 x 2,60 m\u00e9ter * T\u00edz t\u00e9p\u0151z\u00e1ras habszivacs tengellyel egy\u00fctt Professzion\u00e1lis modul - Alkalmas kereskedelmi \u00e9s mag\u00e1nhaszn\u00e1latra PVC (0,55 mm \/ 621,3 g\/m2) \u00e9s t\u00e9p\u0151z\u00e1r 2-4-szeres varr\u00e1s (terhel\u00e9st\u0151l f\u00fcgg\u0151en) \u00c9g\u00e9sg\u00e1tl\u00f3 Zulassungsbescheinigung gem\u00e4\u00df EN 14960 Inkl. egyedi sorozatsz\u00e1m &nbsp;","_links":{"self":[{"href":"https:\/\/dodo-inflatables.com\/hu\/wp-json\/wp\/v2\/product\/11593","targetHints":{"allow":["GET"]}}],"collection":[{"href":"https:\/\/dodo-inflatables.com\/hu\/wp-json\/wp\/v2\/product"}],"about":[{"href":"https:\/\/dodo-inflatables.com\/hu\/wp-json\/wp\/v2\/types\/product"}],"replies":[{"embeddable":true,"href":"https:\/\/dodo-inflatables.com\/hu\/wp-json\/wp\/v2\/comments?post=11593"}],"wp:featuredmedia":[{"embeddable":true,"href":"https:\/\/dodo-inflatables.com\/hu\/wp-json\/wp\/v2\/media\/58814"}],"wp:attachment":[{"href":"https:\/\/dodo-inflatables.com\/hu\/wp-json\/wp\/v2\/media?parent=11593"}],"wp:term":[{"taxonomy":"product_brand","embeddable":true,"href":"https:\/\/dodo-inflatables.com\/hu\/wp-json\/wp\/v2\/product_brand?post=11593"},{"taxonomy":"product_cat","embeddable":true,"href":"https:\/\/dodo-inflatables.com\/hu\/wp-json\/wp\/v2\/product_cat?post=11593"},{"taxonomy":"product_tag","embeddable":true,"href":"https:\/\/dodo-inflatables.com\/hu\/wp-json\/wp\/v2\/product_tag?post=11593"}],"curies":[{"name":"wp","href":"https:\/\/api.w.org\/{rel}","templated":true}]}}