{"id":11714,"date":"2021-01-18T12:17:14","date_gmt":"2021-01-18T11:17:14","guid":{"rendered":"https:\/\/dodo-inflatables.com\/product\/felfujhato-alpesi-kunyho\/"},"modified":"2024-06-01T17:22:55","modified_gmt":"2024-06-01T15:22:55","slug":"felfujhato-alpesi-kunyho","status":"publish","type":"product","link":"https:\/\/dodo-inflatables.com\/hu\/termek\/felfujhato-alpesi-kunyho\/","title":{"rendered":"Felf\u00fajhat\u00f3 alpesi kunyh\u00f3"},"content":{"rendered":"<h1>V\u00e1s\u00e1roljon felf\u00fajhat\u00f3 alpesi kunyh\u00f3t &#8211; a s\u00e1tor k\u00fcl\u00f6nleges alkalmakra<\/h1>\n<p>Itt van egy nagyon k\u00fcl\u00f6nleges felf\u00fajhat\u00f3 s\u00e1tor egy f\u00e1b\u00f3l k\u00e9sz\u00fclt hegyi kunyh\u00f3 kialak\u00edt\u00e1s\u00e1ban. Ez a felf\u00fajhat\u00f3 fah\u00e1z t\u00f6k\u00e9letes rendezv\u00e9nyekhez \u00e9s prom\u00f3ci\u00f3s tev\u00e9kenys\u00e9gekhez. A felf\u00fajhat\u00f3 s\u00e1tor \u00e1lland\u00f3an leveg\u0151vel van ell\u00e1tva egy ugr\u00e1l\u00f3v\u00e1r f\u00fav\u00f3ka seg\u00edts\u00e9g\u00e9vel, ez\u00e9rt nagyon stabil. Term\u00e9szetesen a felf\u00fajhat\u00f3 s\u00e1tor t\u00f6bb szemmel is rendelkezik, hogy a lehet\u0151 legjobban r\u00f6gz\u00edtse a sz\u00e9l ellen. Az alpesi kunyh\u00f3 r\u00e9szletei nagyon j\u00f3l \u00e1tgondoltak, p\u00e9ld\u00e1ul az ajt\u00f3 cipz\u00e1rral nyithat\u00f3 \u00e9s z\u00e1rhat\u00f3. A tet\u0151zsindelyek mes\u00e9sen val\u00f3dinak t\u0171nnek, az ablakokon pedig kivehet\u0151 sz\u00fanyogh\u00e1l\u00f3k vannak, hogy a kunyh\u00f3ban t\u00f6lt\u00f6tt est\u00e9k pihentet\u0151ek legyenek. A kunyh\u00f3nak a fels\u0151 nyeregtet\u0151 ter\u00fclet\u00e9n 2 f\u0171z\u0151lyuk is tal\u00e1lhat\u00f3, amelyek t\u00f6k\u00e9letesen alkalmasak a k\u00edv\u00e1nt felirattal, log\u00f3val vagy mint\u00e1val ell\u00e1tott transzparens r\u00f6gz\u00edt\u00e9s\u00e9re. Egy igazi multifunkcion\u00e1lis kunyh\u00f3, amely sokf\u00e9lek\u00e9ppen haszn\u00e1lhat\u00f3! Legyen sz\u00f3 b\u00e1r s\u00e1torr\u00f3l, rendezv\u00e9nyb\u00e1rr\u00f3l, prom\u00f3ci\u00f3s s\u00e1torr\u00f3l vagy egyszer\u0171en csak szemet gy\u00f6ny\u00f6rk\u00f6dtet\u0151 l\u00e1tv\u00e1nyoss\u00e1gr\u00f3l, ez a felf\u00fajhat\u00f3 hegyi kunyh\u00f3 biztosan felkelti a figyelmet.<\/p>\n<p>Szeretn\u00e9 a kunyh\u00f3t m\u00e1s m\u00e9retekben vagy m\u00e1s kialak\u00edt\u00e1sban, p\u00e9ld\u00e1ul \u00edr kocsmak\u00e9nt? Nem probl\u00e9ma, \u00f6r\u00f6mmel k\u00edn\u00e1lunk \u00d6nnek minden lehet\u0151s\u00e9get.<\/p>\n<p>A felf\u00fajhat\u00f3 alpesi kunyh\u00f3t csak megfelel\u0151 al\u00e1t\u00e9tponyv\u00e1n javasoljuk haszn\u00e1lni. Ezeket a tartoz\u00e9kok kateg\u00f3ri\u00e1ban is megtal\u00e1lja. \u00c1ltal\u00e1ban javasoljuk, hogy a felf\u00fajhat\u00f3 partyh\u00e1zat a gyepen \u00e1ll\u00edtsa fel. A talajsz\u00f6gek szint\u00e9n t\u00f6k\u00e9letesen alkalmasak a r\u00f6gz\u00edt\u00e9sre.<\/p>\n<p>A felf\u00fajhat\u00f3 fah\u00e1zik\u00f3t megfelel\u0151 sz\u00e1ll\u00edt\u00f3t\u00e1sk\u00e1ban sz\u00e1ll\u00edtjuk. A felf\u00fajhat\u00f3 kunyh\u00f3t a k\u00fcls\u0151 hat\u00e1sokt\u00f3l \u00e9s a sz\u00e1ll\u00edt\u00e1si s\u00e9r\u00fcl\u00e9sekt\u0151l val\u00f3 meg\u00f3v\u00e1sa \u00e9rdek\u00e9ben a kunyh\u00f3t minden haszn\u00e1lat ut\u00e1n megfelel\u0151en \u00fajra kell csomagolni. B\u00e9rbead\u00f3 c\u00e9gk\u00e9nt azt is meg kell k\u00f6vetelnie az \u00fcgyf\u00e9lt\u0151l, hogy a felf\u00fajhat\u00f3 kunyh\u00f3t megfelel\u0151en csomagolja vissza.<\/p>\n<h3>A felf\u00fajhat\u00f3 alpesi kunyh\u00f3 r\u00e9szletei<\/h3>\n<ul>\n<li>M\u00e9retek (hossz\u00fas\u00e1g x sz\u00e9less\u00e9g x magass\u00e1g): 6,00 m x 4,00 m x 6,20 m *<\/li>\n<li>S\u00faly: kb. 80 kg *<\/li>\n<li>Csomag m\u00e9rete: 80 x 80 x 110 cm *<\/li>\n<li>\u00d6sszeszerel\u00e9si id\u0151: 10 perc<\/li>\n<li>Anyag: PVC (0,55 mm \/ 621,3 g\/m2)<\/li>\n<li>2-4 varr\u00e1s (felhaszn\u00e1l\u00e1st\u00f3l f\u00fcgg\u0151en)<\/li>\n<li>L\u00e1ng\u00e1ll\u00f3<\/li>\n<li>EN 14960 szabv\u00e1ny szerinti j\u00f3v\u00e1hagy\u00e1si bizony\u00edtv\u00e1ny<\/li>\n<li>Cipz\u00e1r t\u00e9p\u0151z\u00e1ras bor\u00edt\u00e1ssal, meger\u0151s\u00edtett sarkok<\/li>\n<\/ul>\n<p>A sz\u00e1ll\u00edt\u00e1si terjedelem tartalmazza: felf\u00fajhat\u00f3 alpesi kunyh\u00f3, sz\u00e1ll\u00edt\u00f3t\u00e1ska \u00e9s jav\u00edt\u00f3k\u00e9szlet.<\/p>\n<p>A f\u00fav\u00f3 \u00e9s a talajv\u00e9d\u0151 nem tartoz\u00e9k. Ezek a tartoz\u00e9kok kateg\u00f3ri\u00e1ban tal\u00e1lhat\u00f3k.<\/p>\n<p>A felf\u00fajhat\u00f3 alpesi kunyh\u00f3 min\u0151s\u00e9gi term\u00e9k, amelyet az EN 14960 szabv\u00e1nynak megfelel\u0151en, szigor\u00fa ir\u00e1nyelvek szerint gy\u00e1rtanak. Minden ugr\u00e1l\u00f3v\u00e1runk \u00e9s felf\u00fajhat\u00f3 attrakci\u00f3nk professzion\u00e1lis modul, amelyek alkalmasak professzion\u00e1lis b\u00e9rl\u00e9sre \u00e9s vid\u00e1mparkokban, belt\u00e9ri j\u00e1tsz\u00f3tereken \u00e9s hasonl\u00f3kban val\u00f3 haszn\u00e1latra.<\/p>\n<p>Fontos haszn\u00e1lati utas\u00edt\u00e1sok<\/p>\n<p>A f\u00fav\u00f3nak (nem tartoz\u00e9k) haszn\u00e1lat k\u00f6zben folyamatosan m\u0171k\u00f6dnie kell.<br \/>\nA varratok lyukain kereszt\u00fcl t\u00f6rt\u00e9n\u0151 enyhe l\u00e9gsziv\u00e1rg\u00e1s norm\u00e1lis.<\/p>\n<p>* A s\u00faly \u00e9s a m\u00e9retek hozz\u00e1vet\u0151legesek, \u00e9s kiss\u00e9 elt\u00e9rhetnek.<\/p>\n","protected":false},"excerpt":{"rendered":"<p><i class=\"fa fa-arrows-alt\"><\/i>  M\u00e9retek (hossz\u00fas\u00e1g x sz\u00e9less\u00e9g x magass\u00e1g): 6,00 m x 4,00 m x 6,20 m *<br \/>\n<i class=\"fa fa-check\"><\/i>  Professzion\u00e1lis modul &#8211; Alkalmas kereskedelmi \u00e9s mag\u00e1nhaszn\u00e1latra<\/p>\n<p><i class=\"fa fa-square\"><\/i>  PVC (0,55 mm \/ 621,3 g\/m2)<br \/>\n<i class=\"fa fa-align-justify\"><\/i>  2-4-szeres varr\u00e1s (a terhel\u00e9st\u0151l f\u00fcgg\u0151en)<br \/>\n<i class=\"fa fa-fire\"><\/i>  L\u00e1ng\u00e1ll\u00f3<\/p>\n","protected":false},"featured_media":10711,"comment_status":"open","ping_status":"closed","template":"","meta":{"_acf_changed":false,"_uag_custom_page_level_css":"","site-sidebar-layout":"default","site-content-layout":"boxed-container","ast-site-content-layout":"normal-width-container","site-content-style":"boxed","site-sidebar-style":"boxed","ast-global-header-display":"","ast-banner-title-visibility":"","ast-main-header-display":"","ast-hfb-above-header-display":"","ast-hfb-below-header-display":"","ast-hfb-mobile-header-display":"","site-post-title":"disabled","ast-breadcrumbs-content":"","ast-featured-img":"","footer-sml-layout":"","ast-disable-related-posts":"","theme-transparent-header-meta":"default","adv-header-id-meta":"","stick-header-meta":"default","header-above-stick-meta":"","header-main-stick-meta":"","header-below-stick-meta":"","astra-migrate-meta-layouts":"default","ast-page-background-enabled":"default","ast-page-background-meta":{"desktop":{"background-color":"var(--ast-global-color-4)","background-image":"","background-repeat":"repeat","background-position":"center center","background-size":"auto","background-attachment":"scroll","background-type":"","background-media":"","overlay-type":"","overlay-color":"","overlay-opacity":"","overlay-gradient":""},"tablet":{"background-color":"","background-image":"","background-repeat":"repeat","background-position":"center center","background-size":"auto","background-attachment":"scroll","background-type":"","background-media":"","overlay-type":"","overlay-color":"","overlay-opacity":"","overlay-gradient":""},"mobile":{"background-color":"","background-image":"","background-repeat":"repeat","background-position":"center center","background-size":"auto","background-attachment":"scroll","background-type":"","background-media":"","overlay-type":"","overlay-color":"","overlay-opacity":"","overlay-gradient":""}},"ast-content-background-meta":{"desktop":{"background-color":"var(--ast-global-color-5)","background-image":"","background-repeat":"repeat","background-position":"center center","background-size":"auto","background-attachment":"scroll","background-type":"","background-media":"","overlay-type":"","overlay-color":"","overlay-opacity":"","overlay-gradient":""},"tablet":{"background-color":"var(--ast-global-color-5)","background-image":"","background-repeat":"repeat","background-position":"center center","background-size":"auto","background-attachment":"scroll","background-type":"","background-media":"","overlay-type":"","overlay-color":"","overlay-opacity":"","overlay-gradient":""},"mobile":{"background-color":"var(--ast-global-color-5)","background-image":"","background-repeat":"repeat","background-position":"center center","background-size":"auto","background-attachment":"scroll","background-type":"","background-media":"","overlay-type":"","overlay-color":"","overlay-opacity":"","overlay-gradient":""}}},"product_brand":[],"product_cat":[822],"product_tag":[],"class_list":{"0":"post-11714","1":"product","2":"type-product","3":"status-publish","4":"has-post-thumbnail","6":"product_cat-attractions-hu","7":"product_shipping_class-spedition-hupfburg-hu","8":"pa_gtin-0669145336636-hu","9":"desktop-align-center","10":"tablet-align-center","11":"mobile-align-center","12":"ast-product-gallery-layout-horizontal","13":"ast-product-tabs-layout-horizontal","15":"first","16":"onbackorder","17":"taxable","18":"shipping-taxable","19":"purchasable","20":"product-type-simple"},"acf":[],"yoast_head":"<!-- This site is optimized with the Yoast SEO plugin v27.6 - https:\/\/yoast.com\/product\/yoast-seo-wordpress\/ -->\n<title>Felf\u00fajhat\u00f3 alpesi kunyh\u00f3 \u00e9s fah\u00e1z | Dodo-Inflatables.com<\/title>\n<meta name=\"description\" content=\"V\u00e1s\u00e1rolja meg felf\u00fajhat\u00f3 fah\u00e1zunkat party s\u00e1trak\u00e9nt k\u00f6zvetlen\u00fcl online a Dodo-Inflatables.com-on | Sok modell rakt\u00e1ron | Gyors sz\u00e1ll\u00edt\u00e1s | Legjobb min\u0151s\u00e9g\" \/>\n<meta name=\"robots\" content=\"index, follow, max-snippet:-1, max-image-preview:large, max-video-preview:-1\" \/>\n<link rel=\"canonical\" href=\"https:\/\/dodo-inflatables.com\/hu\/termek\/felfujhato-alpesi-kunyho\/\" \/>\n<meta name=\"twitter:label1\" content=\"Becs\u00fclt olvas\u00e1si id\u0151\" \/>\n\t<meta name=\"twitter:data1\" content=\"3 perc\" \/>\n<script type=\"application\/ld+json\" class=\"yoast-schema-graph\">{\"@context\":\"https:\\\/\\\/schema.org\",\"@graph\":[{\"@type\":\"WebPage\",\"@id\":\"https:\\\/\\\/dodo-inflatables.com\\\/hu\\\/termek\\\/felfujhato-alpesi-kunyho\\\/\",\"url\":\"https:\\\/\\\/dodo-inflatables.com\\\/hu\\\/termek\\\/felfujhato-alpesi-kunyho\\\/\",\"name\":\"Felf\u00fajhat\u00f3 alpesi kunyh\u00f3 \u00e9s fah\u00e1z | Dodo-Inflatables.com\",\"isPartOf\":{\"@id\":\"https:\\\/\\\/dodo-inflatables.com\\\/hu\\\/#website\"},\"primaryImageOfPage\":{\"@id\":\"https:\\\/\\\/dodo-inflatables.com\\\/hu\\\/termek\\\/felfujhato-alpesi-kunyho\\\/#primaryimage\"},\"image\":{\"@id\":\"https:\\\/\\\/dodo-inflatables.com\\\/hu\\\/termek\\\/felfujhato-alpesi-kunyho\\\/#primaryimage\"},\"thumbnailUrl\":\"https:\\\/\\\/dodo-inflatables.com\\\/wp-content\\\/uploads\\\/2021\\\/01\\\/Aufblasbare-Almhuette-Partyzelt-kaufen_0006_Ebene-3.jpg\",\"datePublished\":\"2021-01-18T11:17:14+00:00\",\"dateModified\":\"2024-06-01T15:22:55+00:00\",\"description\":\"V\u00e1s\u00e1rolja meg felf\u00fajhat\u00f3 fah\u00e1zunkat party s\u00e1trak\u00e9nt k\u00f6zvetlen\u00fcl online a Dodo-Inflatables.com-on | Sok modell rakt\u00e1ron | Gyors sz\u00e1ll\u00edt\u00e1s | Legjobb min\u0151s\u00e9g\",\"breadcrumb\":{\"@id\":\"https:\\\/\\\/dodo-inflatables.com\\\/hu\\\/termek\\\/felfujhato-alpesi-kunyho\\\/#breadcrumb\"},\"inLanguage\":\"hu\",\"potentialAction\":[{\"@type\":\"ReadAction\",\"target\":[\"https:\\\/\\\/dodo-inflatables.com\\\/hu\\\/termek\\\/felfujhato-alpesi-kunyho\\\/\"]}]},{\"@type\":\"ImageObject\",\"inLanguage\":\"hu\",\"@id\":\"https:\\\/\\\/dodo-inflatables.com\\\/hu\\\/termek\\\/felfujhato-alpesi-kunyho\\\/#primaryimage\",\"url\":\"https:\\\/\\\/dodo-inflatables.com\\\/wp-content\\\/uploads\\\/2021\\\/01\\\/Aufblasbare-Almhuette-Partyzelt-kaufen_0006_Ebene-3.jpg\",\"contentUrl\":\"https:\\\/\\\/dodo-inflatables.com\\\/wp-content\\\/uploads\\\/2021\\\/01\\\/Aufblasbare-Almhuette-Partyzelt-kaufen_0006_Ebene-3.jpg\",\"width\":500,\"height\":500},{\"@type\":\"BreadcrumbList\",\"@id\":\"https:\\\/\\\/dodo-inflatables.com\\\/hu\\\/termek\\\/felfujhato-alpesi-kunyho\\\/#breadcrumb\",\"itemListElement\":[{\"@type\":\"ListItem\",\"position\":1,\"name\":\"Kezd\u0151lap\",\"item\":\"https:\\\/\\\/dodo-inflatables.com\\\/hu\\\/\"},{\"@type\":\"ListItem\",\"position\":2,\"name\":\"Shop\",\"item\":\"https:\\\/\\\/dodo-inflatables.com\\\/hu\\\/shop\\\/\"},{\"@type\":\"ListItem\",\"position\":3,\"name\":\"Felf\u00fajhat\u00f3 alpesi kunyh\u00f3\"}]},{\"@type\":\"WebSite\",\"@id\":\"https:\\\/\\\/dodo-inflatables.com\\\/hu\\\/#website\",\"url\":\"https:\\\/\\\/dodo-inflatables.com\\\/hu\\\/\",\"name\":\"dodo-inflatables.com\",\"description\":\"V\u00e1s\u00e1roljon ugr\u00e1l\u00f3v\u00e1rakat \u00e9s l\u00e1tnival\u00f3kat \u00fczlet\u00fcnkben.\",\"potentialAction\":[{\"@type\":\"SearchAction\",\"target\":{\"@type\":\"EntryPoint\",\"urlTemplate\":\"https:\\\/\\\/dodo-inflatables.com\\\/hu\\\/?s={search_term_string}\"},\"query-input\":{\"@type\":\"PropertyValueSpecification\",\"valueRequired\":true,\"valueName\":\"search_term_string\"}}],\"inLanguage\":\"hu\"}]}<\/script>\n<!-- \/ Yoast SEO plugin. -->","yoast_head_json":{"title":"Felf\u00fajhat\u00f3 alpesi kunyh\u00f3 \u00e9s fah\u00e1z | Dodo-Inflatables.com","description":"V\u00e1s\u00e1rolja meg felf\u00fajhat\u00f3 fah\u00e1zunkat party s\u00e1trak\u00e9nt k\u00f6zvetlen\u00fcl online a Dodo-Inflatables.com-on | Sok modell rakt\u00e1ron | Gyors sz\u00e1ll\u00edt\u00e1s | Legjobb min\u0151s\u00e9g","robots":{"index":"index","follow":"follow","max-snippet":"max-snippet:-1","max-image-preview":"max-image-preview:large","max-video-preview":"max-video-preview:-1"},"canonical":"https:\/\/dodo-inflatables.com\/hu\/termek\/felfujhato-alpesi-kunyho\/","twitter_misc":{"Becs\u00fclt olvas\u00e1si id\u0151":"3 perc"},"schema":{"@context":"https:\/\/schema.org","@graph":[{"@type":"WebPage","@id":"https:\/\/dodo-inflatables.com\/hu\/termek\/felfujhato-alpesi-kunyho\/","url":"https:\/\/dodo-inflatables.com\/hu\/termek\/felfujhato-alpesi-kunyho\/","name":"Felf\u00fajhat\u00f3 alpesi kunyh\u00f3 \u00e9s fah\u00e1z | Dodo-Inflatables.com","isPartOf":{"@id":"https:\/\/dodo-inflatables.com\/hu\/#website"},"primaryImageOfPage":{"@id":"https:\/\/dodo-inflatables.com\/hu\/termek\/felfujhato-alpesi-kunyho\/#primaryimage"},"image":{"@id":"https:\/\/dodo-inflatables.com\/hu\/termek\/felfujhato-alpesi-kunyho\/#primaryimage"},"thumbnailUrl":"https:\/\/dodo-inflatables.com\/wp-content\/uploads\/2021\/01\/Aufblasbare-Almhuette-Partyzelt-kaufen_0006_Ebene-3.jpg","datePublished":"2021-01-18T11:17:14+00:00","dateModified":"2024-06-01T15:22:55+00:00","description":"V\u00e1s\u00e1rolja meg felf\u00fajhat\u00f3 fah\u00e1zunkat party s\u00e1trak\u00e9nt k\u00f6zvetlen\u00fcl online a Dodo-Inflatables.com-on | Sok modell rakt\u00e1ron | Gyors sz\u00e1ll\u00edt\u00e1s | Legjobb min\u0151s\u00e9g","breadcrumb":{"@id":"https:\/\/dodo-inflatables.com\/hu\/termek\/felfujhato-alpesi-kunyho\/#breadcrumb"},"inLanguage":"hu","potentialAction":[{"@type":"ReadAction","target":["https:\/\/dodo-inflatables.com\/hu\/termek\/felfujhato-alpesi-kunyho\/"]}]},{"@type":"ImageObject","inLanguage":"hu","@id":"https:\/\/dodo-inflatables.com\/hu\/termek\/felfujhato-alpesi-kunyho\/#primaryimage","url":"https:\/\/dodo-inflatables.com\/wp-content\/uploads\/2021\/01\/Aufblasbare-Almhuette-Partyzelt-kaufen_0006_Ebene-3.jpg","contentUrl":"https:\/\/dodo-inflatables.com\/wp-content\/uploads\/2021\/01\/Aufblasbare-Almhuette-Partyzelt-kaufen_0006_Ebene-3.jpg","width":500,"height":500},{"@type":"BreadcrumbList","@id":"https:\/\/dodo-inflatables.com\/hu\/termek\/felfujhato-alpesi-kunyho\/#breadcrumb","itemListElement":[{"@type":"ListItem","position":1,"name":"Kezd\u0151lap","item":"https:\/\/dodo-inflatables.com\/hu\/"},{"@type":"ListItem","position":2,"name":"Shop","item":"https:\/\/dodo-inflatables.com\/hu\/shop\/"},{"@type":"ListItem","position":3,"name":"Felf\u00fajhat\u00f3 alpesi kunyh\u00f3"}]},{"@type":"WebSite","@id":"https:\/\/dodo-inflatables.com\/hu\/#website","url":"https:\/\/dodo-inflatables.com\/hu\/","name":"dodo-inflatables.com","description":"V\u00e1s\u00e1roljon ugr\u00e1l\u00f3v\u00e1rakat \u00e9s l\u00e1tnival\u00f3kat \u00fczlet\u00fcnkben.","potentialAction":[{"@type":"SearchAction","target":{"@type":"EntryPoint","urlTemplate":"https:\/\/dodo-inflatables.com\/hu\/?s={search_term_string}"},"query-input":{"@type":"PropertyValueSpecification","valueRequired":true,"valueName":"search_term_string"}}],"inLanguage":"hu"}]}},"uagb_featured_image_src":{"full":["https:\/\/dodo-inflatables.com\/wp-content\/uploads\/2021\/01\/Aufblasbare-Almhuette-Partyzelt-kaufen_0006_Ebene-3.jpg",500,500,false],"thumbnail":["https:\/\/dodo-inflatables.com\/wp-content\/uploads\/2021\/01\/Aufblasbare-Almhuette-Partyzelt-kaufen_0006_Ebene-3-150x150.jpg",150,150,true],"medium":["https:\/\/dodo-inflatables.com\/wp-content\/uploads\/2021\/01\/Aufblasbare-Almhuette-Partyzelt-kaufen_0006_Ebene-3-300x300.jpg",300,300,true],"medium_large":["https:\/\/dodo-inflatables.com\/wp-content\/uploads\/2021\/01\/Aufblasbare-Almhuette-Partyzelt-kaufen_0006_Ebene-3.jpg",500,500,false],"large":["https:\/\/dodo-inflatables.com\/wp-content\/uploads\/2021\/01\/Aufblasbare-Almhuette-Partyzelt-kaufen_0006_Ebene-3.jpg",500,500,false],"1536x1536":["https:\/\/dodo-inflatables.com\/wp-content\/uploads\/2021\/01\/Aufblasbare-Almhuette-Partyzelt-kaufen_0006_Ebene-3.jpg",500,500,false],"2048x2048":["https:\/\/dodo-inflatables.com\/wp-content\/uploads\/2021\/01\/Aufblasbare-Almhuette-Partyzelt-kaufen_0006_Ebene-3.jpg",500,500,false],"woocommerce_thumbnail":["https:\/\/dodo-inflatables.com\/wp-content\/uploads\/2021\/01\/Aufblasbare-Almhuette-Partyzelt-kaufen_0006_Ebene-3.jpg",500,500,false],"woocommerce_single":["https:\/\/dodo-inflatables.com\/wp-content\/uploads\/2021\/01\/Aufblasbare-Almhuette-Partyzelt-kaufen_0006_Ebene-3.jpg",500,500,false],"woocommerce_gallery_thumbnail":["https:\/\/dodo-inflatables.com\/wp-content\/uploads\/2021\/01\/Aufblasbare-Almhuette-Partyzelt-kaufen_0006_Ebene-3-100x100.jpg",100,100,true]},"uagb_author_info":{"display_name":"Andreas","author_link":"https:\/\/dodo-inflatables.com\/hu\/author\/"},"uagb_comment_info":0,"uagb_excerpt":"M\u00e9retek (hossz\u00fas\u00e1g x sz\u00e9less\u00e9g x magass\u00e1g): 6,00 m x 4,00 m x 6,20 m * Professzion\u00e1lis modul - Alkalmas kereskedelmi \u00e9s mag\u00e1nhaszn\u00e1latra PVC (0,55 mm \/ 621,3 g\/m2) 2-4-szeres varr\u00e1s (a terhel\u00e9st\u0151l f\u00fcgg\u0151en) L\u00e1ng\u00e1ll\u00f3","_links":{"self":[{"href":"https:\/\/dodo-inflatables.com\/hu\/wp-json\/wp\/v2\/product\/11714","targetHints":{"allow":["GET"]}}],"collection":[{"href":"https:\/\/dodo-inflatables.com\/hu\/wp-json\/wp\/v2\/product"}],"about":[{"href":"https:\/\/dodo-inflatables.com\/hu\/wp-json\/wp\/v2\/types\/product"}],"replies":[{"embeddable":true,"href":"https:\/\/dodo-inflatables.com\/hu\/wp-json\/wp\/v2\/comments?post=11714"}],"wp:featuredmedia":[{"embeddable":true,"href":"https:\/\/dodo-inflatables.com\/hu\/wp-json\/wp\/v2\/media\/10711"}],"wp:attachment":[{"href":"https:\/\/dodo-inflatables.com\/hu\/wp-json\/wp\/v2\/media?parent=11714"}],"wp:term":[{"taxonomy":"product_brand","embeddable":true,"href":"https:\/\/dodo-inflatables.com\/hu\/wp-json\/wp\/v2\/product_brand?post=11714"},{"taxonomy":"product_cat","embeddable":true,"href":"https:\/\/dodo-inflatables.com\/hu\/wp-json\/wp\/v2\/product_cat?post=11714"},{"taxonomy":"product_tag","embeddable":true,"href":"https:\/\/dodo-inflatables.com\/hu\/wp-json\/wp\/v2\/product_tag?post=11714"}],"curies":[{"name":"wp","href":"https:\/\/api.w.org\/{rel}","templated":true}]}}