{"id":11717,"date":"2021-04-14T14:59:50","date_gmt":"2021-04-14T12:59:50","guid":{"rendered":"https:\/\/dodo-inflatables.com\/product\/ugralovar-fertotlenitoszer\/"},"modified":"2026-04-23T19:33:09","modified_gmt":"2026-04-23T17:33:09","slug":"ugralovar-fertotlenitoszer","status":"publish","type":"product","link":"https:\/\/dodo-inflatables.com\/hu\/termek\/ugralovar-fertotlenitoszer\/","title":{"rendered":"Ugr\u00e1l\u00f3v\u00e1rak fert\u0151tlen\u00edt\u0151szere (12 x 500 ml)"},"content":{"rendered":"<h1>V\u00e1s\u00e1roljon ugr\u00e1l\u00f3v\u00e1rak fert\u0151tlen\u00edt\u0151szer\u00e9t<\/h1>\n<p class=\"p1\">Fert\u0151tlen\u00edt\u0151szer\u00fcnk alkalmas ugr\u00e1l\u00f3v\u00e1rak \u00e9s m\u00e1s felf\u00fajhat\u00f3 j\u00e1t\u00e9keszk\u00f6z\u00f6k higi\u00e9nikus tiszt\u00edt\u00e1s\u00e1ra.<br \/>\nAkt\u00edv \u00f6sszetev\u0151inek k\u00f6sz\u00f6nhet\u0151en hat\u00e9kony bakteri\u00e1lis t\u00f6rzsek \u00e9s <span class=\"s1\"><b>burokkal rendelkez\u0151 v\u00edrusok (bele\u00e9rtve a SARS-CoV-2-t)<\/b><\/span> ellen, \u00e9s speci\u00e1lisan \u00e9rz\u00e9keny fel\u00fcletekhez fejlesztett\u00e9k ki.<\/p>\n<p class=\"p3\"><b>Anyagbar\u00e1t \u00e9s alkoholmentes:<br \/>\n<\/b>Ez a fert\u0151tlen\u00edt\u0151szer nem tartalmaz alkoholt, \u00e9s ez\u00e9rt biztons\u00e1gosan haszn\u00e1lhat\u00f3 ugr\u00e1l\u00f3v\u00e1rak, cs\u00faszd\u00e1k \u00e9s felf\u00fajhat\u00f3 rendezv\u00e9nymodulok fel\u00fcletein.<br \/>\nNem korroz\u00edv \u00e9s biol\u00f3giailag lebonthat\u00f3.<\/p>\n<p class=\"p3\"><b>Haszn\u00e1latra k\u00e9sz \u00e9s felhaszn\u00e1l\u00f3bar\u00e1t:<br \/>\n<\/b>A fert\u0151tlen\u00edt\u0151szer el\u0151re keverve ker\u00fcl kisz\u00e1ll\u00edt\u00e1sra, \u00e9s azonnal haszn\u00e1lhat\u00f3.<br \/>\nA praktikus permetez\u0151 palack k\u00f6nny\u0171 \u00e9s egyenletes felhord\u00e1st tesz lehet\u0151v\u00e9.<\/p>\n<p class=\"p3\"><b>Alkalmas b\u00e9rl\u0151 c\u00e9gek \u00e9s oper\u00e1torok sz\u00e1m\u00e1ra:<br \/>\n<\/b>K\u00fcl\u00f6n\u00f6sen kereskedelmi felhaszn\u00e1l\u00e1sban ez a fert\u0151tlen\u00edt\u0151szer extra higi\u00e9ni\u00e1t biztos\u00edt a b\u00e9rl\u00e9sek k\u00f6z\u00f6tt, \u00e9s seg\u00edt biztos\u00edtani, hogy az ugr\u00e1l\u00f3v\u00e1rak tiszt\u00e1n \u00e9s j\u00f3l karbantartott \u00e1llapotban ker\u00fcljenek \u00e1tad\u00e1sra a k\u00f6vetkez\u0151 \u00fcgyf\u00e9lnek.<\/p>\n<p>&nbsp;<\/p>\n<h3><strong>Alkalmaz\u00e1s<\/strong><\/h3>\n<ol>\n<li>\n<p class=\"p1\">Haszn\u00e1lat el\u0151tt t\u00e1vol\u00edtsa el a durva szennyez\u0151d\u00e9st az ugr\u00e1l\u00f3v\u00e1r belsej\u00e9b\u0151l \u00e9s k\u00f6r\u00fcl\u00f6tte.<\/p>\n<\/li>\n<li>\n<p class=\"p1\">Permetezze be a fert\u0151tlen\u00edtend\u0151 ter\u00fcletet, vagy vigye fel egyenletesen szivaccsal vagy kend\u0151vel, am\u00edg a fel\u00fclet teljesen fedett.<\/p>\n<\/li>\n<li>\n<p class=\"p1\">Hagyja r\u00f6vid ideig hatni, majd \u00f3vatosan t\u00f6r\u00f6lje \u00e1t tiszta kend\u0151vel (ne d\u00f6rzs\u00f6lje sz\u00e1razra).<\/p>\n<\/li>\n<li>\n<p class=\"p1\">Kb. <span class=\"s1\"><b>15 perces \u00e9rintkez\u00e9si id\u0151<\/b><\/span> ut\u00e1n teljes hat\u00e9konys\u00e1g \u00e9rhet\u0151 el.<\/p>\n<\/li>\n<\/ol>\n<h4><b>Hat\u00f3anyag \u00e9s enged\u00e9lyez\u00e9s<\/b><\/h4>\n<p class=\"p3\">Hat\u00f3anyag: 100 g h\u00edg\u00edtatlan term\u00e9k a k\u00f6vetkez\u0151 biocid hat\u00f3anyagot tartalmazza:<br \/>\n<b>Benzil-C12-16-alkilidimetil-kloridok<\/b><\/p>\n<p class=\"p3\">Enged\u00e9lyez\u00e9s: Megfelel az eur\u00f3pai biocid term\u00e9kekre vonatkoz\u00f3 ir\u00e1nyelvnek<br \/>\nBAuA regisztr\u00e1ci\u00f3s sz\u00e1m: <span class=\"s2\"><b>N-31951<\/b><\/span><\/p>\n<p>&nbsp;<\/p>\n<h4><b>Tesztek \u00e9s szabv\u00e1nyok<\/b><\/h4>\n<p class=\"p3\">Tesztelve t\u00f6bbek k\u00f6z\u00f6tt: AMS 1550B, Boeing D6-17487, D6-7127, Airbus \u00e9s McDonnell Douglas specifik\u00e1ci\u00f3k, ASTM F 487, LH specifik\u00e1ci\u00f3, Boeing BSS 7434 (tesztel\u00e9s alatt), AMS 1452C (tesztel\u00e9s alatt), tesztelve a DGHM ir\u00e1nyelvek szerint<\/p>\n<p><strong>A fert\u0151tlen\u00edt\u0151szereket k\u00f6r\u00fcltekint\u0151en haszn\u00e1lja. Haszn\u00e1lat el\u0151tt mindig olvassa el a c\u00edmk\u00e9t \u00e9s a term\u00e9kre vonatkoz\u00f3 inform\u00e1ci\u00f3kat.<\/strong><\/p>\n","protected":false},"excerpt":{"rendered":"<ul>\n<li>Ugr\u00e1l\u00f3v\u00e1rak fert\u0151tlen\u00edt\u0151szere<\/li>\n<li>12 x 500 ml palack<\/li>\n<li>El\u0151re kevert \u00e9s haszn\u00e1latra k\u00e9sz<\/li>\n<li>1 liter = 11,66 \u20ac<\/li>\n<\/ul>\n","protected":false},"featured_media":10246,"comment_status":"open","ping_status":"closed","template":"","meta":{"_acf_changed":false,"_uag_custom_page_level_css":"","site-sidebar-layout":"default","site-content-layout":"boxed-container","ast-site-content-layout":"normal-width-container","site-content-style":"boxed","site-sidebar-style":"boxed","ast-global-header-display":"","ast-banner-title-visibility":"","ast-main-header-display":"","ast-hfb-above-header-display":"","ast-hfb-below-header-display":"","ast-hfb-mobile-header-display":"","site-post-title":"disabled","ast-breadcrumbs-content":"","ast-featured-img":"","footer-sml-layout":"","ast-disable-related-posts":"","theme-transparent-header-meta":"default","adv-header-id-meta":"","stick-header-meta":"default","header-above-stick-meta":"","header-main-stick-meta":"","header-below-stick-meta":"","astra-migrate-meta-layouts":"default","ast-page-background-enabled":"default","ast-page-background-meta":{"desktop":{"background-color":"var(--ast-global-color-4)","background-image":"","background-repeat":"repeat","background-position":"center center","background-size":"auto","background-attachment":"scroll","background-type":"","background-media":"","overlay-type":"","overlay-color":"","overlay-opacity":"","overlay-gradient":""},"tablet":{"background-color":"","background-image":"","background-repeat":"repeat","background-position":"center center","background-size":"auto","background-attachment":"scroll","background-type":"","background-media":"","overlay-type":"","overlay-color":"","overlay-opacity":"","overlay-gradient":""},"mobile":{"background-color":"","background-image":"","background-repeat":"repeat","background-position":"center center","background-size":"auto","background-attachment":"scroll","background-type":"","background-media":"","overlay-type":"","overlay-color":"","overlay-opacity":"","overlay-gradient":""}},"ast-content-background-meta":{"desktop":{"background-color":"var(--ast-global-color-5)","background-image":"","background-repeat":"repeat","background-position":"center center","background-size":"auto","background-attachment":"scroll","background-type":"","background-media":"","overlay-type":"","overlay-color":"","overlay-opacity":"","overlay-gradient":""},"tablet":{"background-color":"var(--ast-global-color-5)","background-image":"","background-repeat":"repeat","background-position":"center center","background-size":"auto","background-attachment":"scroll","background-type":"","background-media":"","overlay-type":"","overlay-color":"","overlay-opacity":"","overlay-gradient":""},"mobile":{"background-color":"var(--ast-global-color-5)","background-image":"","background-repeat":"repeat","background-position":"center center","background-size":"auto","background-attachment":"scroll","background-type":"","background-media":"","overlay-type":"","overlay-color":"","overlay-opacity":"","overlay-gradient":""}}},"product_brand":[],"product_cat":[829],"product_tag":[],"class_list":{"0":"post-11717","1":"product","2":"type-product","3":"status-publish","4":"has-post-thumbnail","6":"product_cat-kiegeszitok","7":"product_shipping_class-zubehor-hu","8":"desktop-align-center","9":"tablet-align-center","10":"mobile-align-center","11":"ast-product-gallery-layout-horizontal","12":"ast-product-gallery-with-no-image","13":"ast-product-tabs-layout-horizontal","15":"first","16":"instock","17":"taxable","18":"shipping-taxable","19":"purchasable","20":"product-type-simple"},"acf":[],"yoast_head":"<!-- This site is optimized with the Yoast SEO plugin v27.5 - https:\/\/yoast.com\/product\/yoast-seo-wordpress\/ -->\n<title>Ugr\u00e1l\u00f3v\u00e1r fert\u0151tlen\u00edt\u0151szer | Dodo-Inflatables.com<\/title>\n<meta name=\"description\" content=\"V\u00e1s\u00e1roljon fert\u0151tlen\u00edt\u0151szert a Dodo-Inflatables.com-on | Nagy v\u00e1laszt\u00e9k rakt\u00e1ron | EN14960 tan\u00fas\u00edtv\u00e1ny | Gyors sz\u00e1ll\u00edt\u00e1s!\" \/>\n<meta name=\"robots\" content=\"index, follow, max-snippet:-1, max-image-preview:large, max-video-preview:-1\" \/>\n<link rel=\"canonical\" href=\"https:\/\/dodo-inflatables.com\/hu\/termek\/ugralovar-fertotlenitoszer\/\" \/>\n<meta name=\"twitter:label1\" content=\"Becs\u00fclt olvas\u00e1si id\u0151\" \/>\n\t<meta name=\"twitter:data1\" content=\"2 perc\" \/>\n<script type=\"application\/ld+json\" class=\"yoast-schema-graph\">{\"@context\":\"https:\\\/\\\/schema.org\",\"@graph\":[{\"@type\":\"WebPage\",\"@id\":\"https:\\\/\\\/dodo-inflatables.com\\\/hu\\\/termek\\\/ugralovar-fertotlenitoszer\\\/\",\"url\":\"https:\\\/\\\/dodo-inflatables.com\\\/hu\\\/termek\\\/ugralovar-fertotlenitoszer\\\/\",\"name\":\"Ugr\u00e1l\u00f3v\u00e1r fert\u0151tlen\u00edt\u0151szer | Dodo-Inflatables.com\",\"isPartOf\":{\"@id\":\"https:\\\/\\\/dodo-inflatables.com\\\/hu\\\/#website\"},\"primaryImageOfPage\":{\"@id\":\"https:\\\/\\\/dodo-inflatables.com\\\/hu\\\/termek\\\/ugralovar-fertotlenitoszer\\\/#primaryimage\"},\"image\":{\"@id\":\"https:\\\/\\\/dodo-inflatables.com\\\/hu\\\/termek\\\/ugralovar-fertotlenitoszer\\\/#primaryimage\"},\"thumbnailUrl\":\"https:\\\/\\\/dodo-inflatables.com\\\/wp-content\\\/uploads\\\/2021\\\/04\\\/huepfburg-desinfektionsmittel-kaufen.png\",\"datePublished\":\"2021-04-14T12:59:50+00:00\",\"dateModified\":\"2026-04-23T17:33:09+00:00\",\"description\":\"V\u00e1s\u00e1roljon fert\u0151tlen\u00edt\u0151szert a Dodo-Inflatables.com-on | Nagy v\u00e1laszt\u00e9k rakt\u00e1ron | EN14960 tan\u00fas\u00edtv\u00e1ny | Gyors sz\u00e1ll\u00edt\u00e1s!\",\"breadcrumb\":{\"@id\":\"https:\\\/\\\/dodo-inflatables.com\\\/hu\\\/termek\\\/ugralovar-fertotlenitoszer\\\/#breadcrumb\"},\"inLanguage\":\"hu\",\"potentialAction\":[{\"@type\":\"ReadAction\",\"target\":[\"https:\\\/\\\/dodo-inflatables.com\\\/hu\\\/termek\\\/ugralovar-fertotlenitoszer\\\/\"]}]},{\"@type\":\"ImageObject\",\"inLanguage\":\"hu\",\"@id\":\"https:\\\/\\\/dodo-inflatables.com\\\/hu\\\/termek\\\/ugralovar-fertotlenitoszer\\\/#primaryimage\",\"url\":\"https:\\\/\\\/dodo-inflatables.com\\\/wp-content\\\/uploads\\\/2021\\\/04\\\/huepfburg-desinfektionsmittel-kaufen.png\",\"contentUrl\":\"https:\\\/\\\/dodo-inflatables.com\\\/wp-content\\\/uploads\\\/2021\\\/04\\\/huepfburg-desinfektionsmittel-kaufen.png\",\"width\":500,\"height\":500,\"caption\":\"Ugr\u00e1l\u00f3v\u00e1rak fert\u0151tlen\u00edt\u0151szere (12 x 500 ml) | Dodo Inflatables\"},{\"@type\":\"BreadcrumbList\",\"@id\":\"https:\\\/\\\/dodo-inflatables.com\\\/hu\\\/termek\\\/ugralovar-fertotlenitoszer\\\/#breadcrumb\",\"itemListElement\":[{\"@type\":\"ListItem\",\"position\":1,\"name\":\"Kezd\u0151lap\",\"item\":\"https:\\\/\\\/dodo-inflatables.com\\\/hu\\\/\"},{\"@type\":\"ListItem\",\"position\":2,\"name\":\"Shop\",\"item\":\"https:\\\/\\\/dodo-inflatables.com\\\/hu\\\/shop\\\/\"},{\"@type\":\"ListItem\",\"position\":3,\"name\":\"Ugr\u00e1l\u00f3v\u00e1r fert\u0151tlen\u00edt\u0151szer\"}]},{\"@type\":\"WebSite\",\"@id\":\"https:\\\/\\\/dodo-inflatables.com\\\/hu\\\/#website\",\"url\":\"https:\\\/\\\/dodo-inflatables.com\\\/hu\\\/\",\"name\":\"dodo-inflatables.com\",\"description\":\"V\u00e1s\u00e1roljon ugr\u00e1l\u00f3v\u00e1rakat \u00e9s l\u00e1tnival\u00f3kat \u00fczlet\u00fcnkben.\",\"potentialAction\":[{\"@type\":\"SearchAction\",\"target\":{\"@type\":\"EntryPoint\",\"urlTemplate\":\"https:\\\/\\\/dodo-inflatables.com\\\/hu\\\/?s={search_term_string}\"},\"query-input\":{\"@type\":\"PropertyValueSpecification\",\"valueRequired\":true,\"valueName\":\"search_term_string\"}}],\"inLanguage\":\"hu\"}]}<\/script>\n<!-- \/ Yoast SEO plugin. -->","yoast_head_json":{"title":"Ugr\u00e1l\u00f3v\u00e1r fert\u0151tlen\u00edt\u0151szer | Dodo-Inflatables.com","description":"V\u00e1s\u00e1roljon fert\u0151tlen\u00edt\u0151szert a Dodo-Inflatables.com-on | Nagy v\u00e1laszt\u00e9k rakt\u00e1ron | EN14960 tan\u00fas\u00edtv\u00e1ny | Gyors sz\u00e1ll\u00edt\u00e1s!","robots":{"index":"index","follow":"follow","max-snippet":"max-snippet:-1","max-image-preview":"max-image-preview:large","max-video-preview":"max-video-preview:-1"},"canonical":"https:\/\/dodo-inflatables.com\/hu\/termek\/ugralovar-fertotlenitoszer\/","twitter_misc":{"Becs\u00fclt olvas\u00e1si id\u0151":"2 perc"},"schema":{"@context":"https:\/\/schema.org","@graph":[{"@type":"WebPage","@id":"https:\/\/dodo-inflatables.com\/hu\/termek\/ugralovar-fertotlenitoszer\/","url":"https:\/\/dodo-inflatables.com\/hu\/termek\/ugralovar-fertotlenitoszer\/","name":"Ugr\u00e1l\u00f3v\u00e1r fert\u0151tlen\u00edt\u0151szer | Dodo-Inflatables.com","isPartOf":{"@id":"https:\/\/dodo-inflatables.com\/hu\/#website"},"primaryImageOfPage":{"@id":"https:\/\/dodo-inflatables.com\/hu\/termek\/ugralovar-fertotlenitoszer\/#primaryimage"},"image":{"@id":"https:\/\/dodo-inflatables.com\/hu\/termek\/ugralovar-fertotlenitoszer\/#primaryimage"},"thumbnailUrl":"https:\/\/dodo-inflatables.com\/wp-content\/uploads\/2021\/04\/huepfburg-desinfektionsmittel-kaufen.png","datePublished":"2021-04-14T12:59:50+00:00","dateModified":"2026-04-23T17:33:09+00:00","description":"V\u00e1s\u00e1roljon fert\u0151tlen\u00edt\u0151szert a Dodo-Inflatables.com-on | Nagy v\u00e1laszt\u00e9k rakt\u00e1ron | EN14960 tan\u00fas\u00edtv\u00e1ny | Gyors sz\u00e1ll\u00edt\u00e1s!","breadcrumb":{"@id":"https:\/\/dodo-inflatables.com\/hu\/termek\/ugralovar-fertotlenitoszer\/#breadcrumb"},"inLanguage":"hu","potentialAction":[{"@type":"ReadAction","target":["https:\/\/dodo-inflatables.com\/hu\/termek\/ugralovar-fertotlenitoszer\/"]}]},{"@type":"ImageObject","inLanguage":"hu","@id":"https:\/\/dodo-inflatables.com\/hu\/termek\/ugralovar-fertotlenitoszer\/#primaryimage","url":"https:\/\/dodo-inflatables.com\/wp-content\/uploads\/2021\/04\/huepfburg-desinfektionsmittel-kaufen.png","contentUrl":"https:\/\/dodo-inflatables.com\/wp-content\/uploads\/2021\/04\/huepfburg-desinfektionsmittel-kaufen.png","width":500,"height":500,"caption":"Ugr\u00e1l\u00f3v\u00e1rak fert\u0151tlen\u00edt\u0151szere (12 x 500 ml) | Dodo Inflatables"},{"@type":"BreadcrumbList","@id":"https:\/\/dodo-inflatables.com\/hu\/termek\/ugralovar-fertotlenitoszer\/#breadcrumb","itemListElement":[{"@type":"ListItem","position":1,"name":"Kezd\u0151lap","item":"https:\/\/dodo-inflatables.com\/hu\/"},{"@type":"ListItem","position":2,"name":"Shop","item":"https:\/\/dodo-inflatables.com\/hu\/shop\/"},{"@type":"ListItem","position":3,"name":"Ugr\u00e1l\u00f3v\u00e1r fert\u0151tlen\u00edt\u0151szer"}]},{"@type":"WebSite","@id":"https:\/\/dodo-inflatables.com\/hu\/#website","url":"https:\/\/dodo-inflatables.com\/hu\/","name":"dodo-inflatables.com","description":"V\u00e1s\u00e1roljon ugr\u00e1l\u00f3v\u00e1rakat \u00e9s l\u00e1tnival\u00f3kat \u00fczlet\u00fcnkben.","potentialAction":[{"@type":"SearchAction","target":{"@type":"EntryPoint","urlTemplate":"https:\/\/dodo-inflatables.com\/hu\/?s={search_term_string}"},"query-input":{"@type":"PropertyValueSpecification","valueRequired":true,"valueName":"search_term_string"}}],"inLanguage":"hu"}]}},"uagb_featured_image_src":{"full":["https:\/\/dodo-inflatables.com\/wp-content\/uploads\/2021\/04\/huepfburg-desinfektionsmittel-kaufen.png",500,500,false],"thumbnail":["https:\/\/dodo-inflatables.com\/wp-content\/uploads\/2021\/04\/huepfburg-desinfektionsmittel-kaufen-150x150.png",150,150,true],"medium":["https:\/\/dodo-inflatables.com\/wp-content\/uploads\/2021\/04\/huepfburg-desinfektionsmittel-kaufen-300x300.png",300,300,true],"medium_large":["https:\/\/dodo-inflatables.com\/wp-content\/uploads\/2021\/04\/huepfburg-desinfektionsmittel-kaufen.png",500,500,false],"large":["https:\/\/dodo-inflatables.com\/wp-content\/uploads\/2021\/04\/huepfburg-desinfektionsmittel-kaufen.png",500,500,false],"1536x1536":["https:\/\/dodo-inflatables.com\/wp-content\/uploads\/2021\/04\/huepfburg-desinfektionsmittel-kaufen.png",500,500,false],"2048x2048":["https:\/\/dodo-inflatables.com\/wp-content\/uploads\/2021\/04\/huepfburg-desinfektionsmittel-kaufen.png",500,500,false],"woocommerce_thumbnail":["https:\/\/dodo-inflatables.com\/wp-content\/uploads\/2021\/04\/huepfburg-desinfektionsmittel-kaufen.png",500,500,false],"woocommerce_single":["https:\/\/dodo-inflatables.com\/wp-content\/uploads\/2021\/04\/huepfburg-desinfektionsmittel-kaufen.png",500,500,false],"woocommerce_gallery_thumbnail":["https:\/\/dodo-inflatables.com\/wp-content\/uploads\/2021\/04\/huepfburg-desinfektionsmittel-kaufen-100x100.png",100,100,true]},"uagb_author_info":{"display_name":"Andreas","author_link":"https:\/\/dodo-inflatables.com\/hu\/author\/"},"uagb_comment_info":0,"uagb_excerpt":"Ugr\u00e1l\u00f3v\u00e1rak fert\u0151tlen\u00edt\u0151szere 12 x 500 ml palack El\u0151re kevert \u00e9s haszn\u00e1latra k\u00e9sz 1 liter = 11,66 \u20ac","_links":{"self":[{"href":"https:\/\/dodo-inflatables.com\/hu\/wp-json\/wp\/v2\/product\/11717","targetHints":{"allow":["GET"]}}],"collection":[{"href":"https:\/\/dodo-inflatables.com\/hu\/wp-json\/wp\/v2\/product"}],"about":[{"href":"https:\/\/dodo-inflatables.com\/hu\/wp-json\/wp\/v2\/types\/product"}],"replies":[{"embeddable":true,"href":"https:\/\/dodo-inflatables.com\/hu\/wp-json\/wp\/v2\/comments?post=11717"}],"wp:featuredmedia":[{"embeddable":true,"href":"https:\/\/dodo-inflatables.com\/hu\/wp-json\/wp\/v2\/media\/10246"}],"wp:attachment":[{"href":"https:\/\/dodo-inflatables.com\/hu\/wp-json\/wp\/v2\/media?parent=11717"}],"wp:term":[{"taxonomy":"product_brand","embeddable":true,"href":"https:\/\/dodo-inflatables.com\/hu\/wp-json\/wp\/v2\/product_brand?post=11717"},{"taxonomy":"product_cat","embeddable":true,"href":"https:\/\/dodo-inflatables.com\/hu\/wp-json\/wp\/v2\/product_cat?post=11717"},{"taxonomy":"product_tag","embeddable":true,"href":"https:\/\/dodo-inflatables.com\/hu\/wp-json\/wp\/v2\/product_tag?post=11717"}],"curies":[{"name":"wp","href":"https:\/\/api.w.org\/{rel}","templated":true}]}}