{"id":11721,"date":"2020-12-29T15:00:18","date_gmt":"2020-12-29T14:00:18","guid":{"rendered":"https:\/\/dodo-inflatables.com\/product\/huawei-futoberendezes-tartozek\/"},"modified":"2026-04-25T18:27:54","modified_gmt":"2026-04-25T16:27:54","slug":"huawei-futoberendezes-tartozek","status":"publish","type":"product","link":"https:\/\/dodo-inflatables.com\/hu\/termek\/huawei-futoberendezes-tartozek\/","title":{"rendered":"F\u0171t\u0151egys\u00e9g kieg\u00e9sz\u00edt\u0151 Huawei f\u00fav\u00f3khoz"},"content":{"rendered":"<h2>V\u00e1s\u00e1roljon f\u0171t\u0151egys\u00e9g kieg\u00e9sz\u00edt\u0151t Huawei f\u00fav\u00f3khoz ugr\u00e1l\u00f3v\u00e1rakhoz<\/h2>\n<p>A Huawei f\u00fav\u00f3khoz val\u00f3 f\u0171t\u0151egys\u00e9g kieg\u00e9sz\u00edt\u0151 ide\u00e1lis megold\u00e1s a nedves ugr\u00e1l\u00f3v\u00e1rak sokkal gyorsabb sz\u00e1r\u00edt\u00e1s\u00e1ra.<br \/>\nA szabadalmaztatott gyorskattint\u00f3 rendszer seg\u00edts\u00e9g\u00e9vel a f\u0171t\u0151egys\u00e9g k\u00f6zvetlen\u00fcl a f\u00fav\u00f3hoz csatlakozik, \u00e9s felmeleg\u00edti az ugr\u00e1l\u00f3v\u00e1rba f\u00fajt leveg\u0151t.<br \/>\n<strong>Gyorsabb sz\u00e1r\u00edt\u00e1s:<\/strong><br \/>\nA meleg leveg\u0151 jelent\u0151sen ler\u00f6vid\u00edti a nedves ugr\u00e1l\u00f3v\u00e1r sz\u00e1r\u00edt\u00e1si idej\u00e9t. A hossz\u00fa v\u00e1rakoz\u00e1s vagy a t\u00f6bb \u00f3r\u00e1s sz\u00e1r\u00edt\u00e1s nagym\u00e9rt\u00e9kben cs\u00f6kken \u2013 k\u00fcl\u00f6n\u00f6sen hasznos a b\u00e9rl\u0151 c\u00e9gek sz\u00e1m\u00e1ra, amelyeknek egy nap t\u00f6bb k\u00f6lcs\u00f6nz\u00e9s\u00fck van.<br \/>\n<strong>V\u00e9delem a nedvess\u00e9g \u00e9s a pen\u00e9sz ellen:<\/strong><br \/>\nA f\u0171t\u0151egys\u00e9g nem csak a k\u00fcls\u0151 fel\u00fcleteket sz\u00e1r\u00edtja, hanem az ugr\u00e1l\u00f3v\u00e1r belsej\u00e9t is. Ez hat\u00e9konyan seg\u00edt megakad\u00e1lyozni a nedvess\u00e9g felhalmoz\u00f3d\u00e1s\u00e1t \u00e9s a pen\u00e9szt, mik\u00f6zben meghosszabb\u00edtja a felf\u00fajhat\u00f3 \u00e9lettartam\u00e1t.<br \/>\n<strong>Egyszer\u0171 telep\u00edt\u00e9s:<\/strong><br \/>\nA szabadalmaztatott gyorskattint\u00f3 rendszernek k\u00f6sz\u00f6nhet\u0151en a f\u0171t\u0151egys\u00e9g gyorsan \u00e9s egyszer\u0171en felszerelhet\u0151 a Huawei f\u00fav\u00f3ra \u2013 tov\u00e1bbi szersz\u00e1mok n\u00e9lk\u00fcl.<br \/>\n<strong>Ide\u00e1lis b\u00e9rl\u0151 c\u00e9geknek:<\/strong><br \/>\nK\u00fcl\u00f6n\u00f6sen a s\u0171r\u0171 fel\u00e1ll\u00edt\u00e1ssal \u00e9s csomagol\u00e1ssal, valamint v\u00e1ltoz\u00f3 id\u0151j\u00e1r\u00e1si k\u00f6r\u00fclm\u00e9nyekkel j\u00e1r\u00f3 b\u00e9rleti m\u0171veletekben a f\u0171t\u0151egys\u00e9g kieg\u00e9sz\u00edt\u0151 \u00e9rt\u00e9kes kieg\u00e9sz\u00edt\u0151 a professzion\u00e1lis felhaszn\u00e1l\u00f3k sz\u00e1m\u00e1ra.<br \/>\n&nbsp;<\/p>\n<h3><strong>M\u0171szaki adatok<\/strong><\/h3>\n<ul>\n<li>M\u00e9retek: 33,5 x 31,5 x 28 cm (H x Sz x M)<\/li>\n<li>Teljes\u00edtm\u00e9ny: 2,5 kW<\/li>\n<li>Csatlakoz\u00e1s: Schuko dug\u00f3<\/li>\n<\/ul>\n<h3><strong>Utas\u00edt\u00e1sok<\/strong><\/h3>\n<ul>\n<li>1. Csatlakoztassa a f\u0171t\u0151egys\u00e9get a Huawei f\u00fav\u00f3hoz<\/li>\n<li>2. Nyissa ki az \u00f6sszes cipz\u00e1rt az ugr\u00e1l\u00f3v\u00e1ron<\/li>\n<li>3. Kapcsolja be a f\u0171t\u0151egys\u00e9get<\/li>\n<\/ul>\n<p><b>Fontos:<\/b><span style=\"font-size: 16px;\"> A f\u0171t\u0151egys\u00e9g <\/span><span class=\"s1\" style=\"font-size: 16px;\"><b>2,5 kW<\/b><\/span><span style=\"font-size: 16px;\"> teljes\u00edtm\u00e9nyt ig\u00e9nyel, \u00e9s mindig <\/span><span class=\"s1\" style=\"font-size: 16px;\"><b>k\u00fcl\u00f6n t\u00e1pvezet\u00e9ken<\/b><\/span><span style=\"font-size: 16px;\"> kell \u00fczemeltetni.<\/span><\/p>\n","protected":false},"excerpt":{"rendered":"<ul>\n<li>Alkalmas a Huawei f\u00fav\u00f3hoz REH-1.5E &#8211; 1.5 HP \u00e9s a Huawei f\u00fav\u00f3hoz REH-2E &#8211; 2 HP<\/li>\n<li>Alkalmas az \u00f6sszes k\u00edn\u00e1latban l\u00e9v\u0151 ugr\u00e1l\u00f3v\u00e1rhoz \u00e9s rendezv\u00e9nymodulhoz<\/li>\n<li>Egyszer\u0171 haszn\u00e1lat \u2013 ide\u00e1lis a felf\u00fajhat\u00f3 sz\u00e1r\u00edt\u00e1s\u00e1ra<\/li>\n<\/ul>\n","protected":false},"featured_media":10657,"comment_status":"open","ping_status":"closed","template":"","meta":{"_acf_changed":false,"_uag_custom_page_level_css":"","site-sidebar-layout":"default","site-content-layout":"boxed-container","ast-site-content-layout":"normal-width-container","site-content-style":"boxed","site-sidebar-style":"boxed","ast-global-header-display":"","ast-banner-title-visibility":"","ast-main-header-display":"","ast-hfb-above-header-display":"","ast-hfb-below-header-display":"","ast-hfb-mobile-header-display":"","site-post-title":"disabled","ast-breadcrumbs-content":"","ast-featured-img":"","footer-sml-layout":"","ast-disable-related-posts":"","theme-transparent-header-meta":"default","adv-header-id-meta":"","stick-header-meta":"default","header-above-stick-meta":"","header-main-stick-meta":"","header-below-stick-meta":"","astra-migrate-meta-layouts":"default","ast-page-background-enabled":"default","ast-page-background-meta":{"desktop":{"background-color":"var(--ast-global-color-4)","background-image":"","background-repeat":"repeat","background-position":"center center","background-size":"auto","background-attachment":"scroll","background-type":"","background-media":"","overlay-type":"","overlay-color":"","overlay-opacity":"","overlay-gradient":""},"tablet":{"background-color":"","background-image":"","background-repeat":"repeat","background-position":"center center","background-size":"auto","background-attachment":"scroll","background-type":"","background-media":"","overlay-type":"","overlay-color":"","overlay-opacity":"","overlay-gradient":""},"mobile":{"background-color":"","background-image":"","background-repeat":"repeat","background-position":"center center","background-size":"auto","background-attachment":"scroll","background-type":"","background-media":"","overlay-type":"","overlay-color":"","overlay-opacity":"","overlay-gradient":""}},"ast-content-background-meta":{"desktop":{"background-color":"var(--ast-global-color-5)","background-image":"","background-repeat":"repeat","background-position":"center center","background-size":"auto","background-attachment":"scroll","background-type":"","background-media":"","overlay-type":"","overlay-color":"","overlay-opacity":"","overlay-gradient":""},"tablet":{"background-color":"var(--ast-global-color-5)","background-image":"","background-repeat":"repeat","background-position":"center center","background-size":"auto","background-attachment":"scroll","background-type":"","background-media":"","overlay-type":"","overlay-color":"","overlay-opacity":"","overlay-gradient":""},"mobile":{"background-color":"var(--ast-global-color-5)","background-image":"","background-repeat":"repeat","background-position":"center center","background-size":"auto","background-attachment":"scroll","background-type":"","background-media":"","overlay-type":"","overlay-color":"","overlay-opacity":"","overlay-gradient":""}}},"product_brand":[],"product_cat":[829],"product_tag":[],"class_list":{"0":"post-11721","1":"product","2":"type-product","3":"status-publish","4":"has-post-thumbnail","6":"product_cat-kiegeszitok","7":"product_shipping_class-zubehor-hu","8":"pa_gtin-0669145333994-hu","9":"desktop-align-center","10":"tablet-align-center","11":"mobile-align-center","12":"ast-product-gallery-layout-horizontal","13":"ast-product-tabs-layout-horizontal","15":"first","16":"instock","17":"taxable","18":"shipping-taxable","19":"purchasable","20":"product-type-simple"},"acf":[],"yoast_head":"<!-- This site is optimized with the Yoast SEO plugin v27.5 - https:\/\/yoast.com\/product\/yoast-seo-wordpress\/ -->\n<title>V\u00e1s\u00e1roljon f\u0171t\u0151berendez\u00e9st Huawei f\u00fav\u00f3k\u00e1khoz | Dodo-Inflatables.com<\/title>\n<meta name=\"description\" content=\"V\u00e1s\u00e1roljon f\u0171t\u0151berendez\u00e9st a Huawei felf\u00fajhat\u00f3 f\u00fav\u00f3k\u00e1khoz REH-1.5E - 1.5HP a Dodo-Inflatables.com-on | Tisztess\u00e9ges \u00e1rak | Mindig rakt\u00e1ron | Gyors sz\u00e1ll\u00edt\u00e1s!\" \/>\n<meta name=\"robots\" content=\"index, follow, max-snippet:-1, max-image-preview:large, max-video-preview:-1\" \/>\n<link rel=\"canonical\" href=\"https:\/\/dodo-inflatables.com\/hu\/termek\/huawei-futoberendezes-tartozek\/\" \/>\n<meta name=\"twitter:label1\" content=\"Becs\u00fclt olvas\u00e1si id\u0151\" \/>\n\t<meta name=\"twitter:data1\" content=\"2 perc\" \/>\n<script type=\"application\/ld+json\" class=\"yoast-schema-graph\">{\"@context\":\"https:\\\/\\\/schema.org\",\"@graph\":[{\"@type\":\"WebPage\",\"@id\":\"https:\\\/\\\/dodo-inflatables.com\\\/hu\\\/termek\\\/huawei-futoberendezes-tartozek\\\/\",\"url\":\"https:\\\/\\\/dodo-inflatables.com\\\/hu\\\/termek\\\/huawei-futoberendezes-tartozek\\\/\",\"name\":\"V\u00e1s\u00e1roljon f\u0171t\u0151berendez\u00e9st Huawei f\u00fav\u00f3k\u00e1khoz | Dodo-Inflatables.com\",\"isPartOf\":{\"@id\":\"https:\\\/\\\/dodo-inflatables.com\\\/hu\\\/#website\"},\"primaryImageOfPage\":{\"@id\":\"https:\\\/\\\/dodo-inflatables.com\\\/hu\\\/termek\\\/huawei-futoberendezes-tartozek\\\/#primaryimage\"},\"image\":{\"@id\":\"https:\\\/\\\/dodo-inflatables.com\\\/hu\\\/termek\\\/huawei-futoberendezes-tartozek\\\/#primaryimage\"},\"thumbnailUrl\":\"https:\\\/\\\/dodo-inflatables.com\\\/wp-content\\\/uploads\\\/2020\\\/12\\\/Hupfburg-Geblase-Huawei-kaufen_0004_Air-Heater.jpg\",\"datePublished\":\"2020-12-29T14:00:18+00:00\",\"dateModified\":\"2026-04-25T16:27:54+00:00\",\"description\":\"V\u00e1s\u00e1roljon f\u0171t\u0151berendez\u00e9st a Huawei felf\u00fajhat\u00f3 f\u00fav\u00f3k\u00e1khoz REH-1.5E - 1.5HP a Dodo-Inflatables.com-on | Tisztess\u00e9ges \u00e1rak | Mindig rakt\u00e1ron | Gyors sz\u00e1ll\u00edt\u00e1s!\",\"breadcrumb\":{\"@id\":\"https:\\\/\\\/dodo-inflatables.com\\\/hu\\\/termek\\\/huawei-futoberendezes-tartozek\\\/#breadcrumb\"},\"inLanguage\":\"hu\",\"potentialAction\":[{\"@type\":\"ReadAction\",\"target\":[\"https:\\\/\\\/dodo-inflatables.com\\\/hu\\\/termek\\\/huawei-futoberendezes-tartozek\\\/\"]}]},{\"@type\":\"ImageObject\",\"inLanguage\":\"hu\",\"@id\":\"https:\\\/\\\/dodo-inflatables.com\\\/hu\\\/termek\\\/huawei-futoberendezes-tartozek\\\/#primaryimage\",\"url\":\"https:\\\/\\\/dodo-inflatables.com\\\/wp-content\\\/uploads\\\/2020\\\/12\\\/Hupfburg-Geblase-Huawei-kaufen_0004_Air-Heater.jpg\",\"contentUrl\":\"https:\\\/\\\/dodo-inflatables.com\\\/wp-content\\\/uploads\\\/2020\\\/12\\\/Hupfburg-Geblase-Huawei-kaufen_0004_Air-Heater.jpg\",\"width\":500,\"height\":500,\"caption\":\"F\u0171t\u0151egys\u00e9g kieg\u00e9sz\u00edt\u0151 Huawei f\u00fav\u00f3khoz | Dodo Inflatables\"},{\"@type\":\"BreadcrumbList\",\"@id\":\"https:\\\/\\\/dodo-inflatables.com\\\/hu\\\/termek\\\/huawei-futoberendezes-tartozek\\\/#breadcrumb\",\"itemListElement\":[{\"@type\":\"ListItem\",\"position\":1,\"name\":\"Kezd\u0151lap\",\"item\":\"https:\\\/\\\/dodo-inflatables.com\\\/hu\\\/\"},{\"@type\":\"ListItem\",\"position\":2,\"name\":\"Shop\",\"item\":\"https:\\\/\\\/dodo-inflatables.com\\\/hu\\\/shop\\\/\"},{\"@type\":\"ListItem\",\"position\":3,\"name\":\"Huawei f\u0171t\u0151berendez\u00e9s tartoz\u00e9k\"}]},{\"@type\":\"WebSite\",\"@id\":\"https:\\\/\\\/dodo-inflatables.com\\\/hu\\\/#website\",\"url\":\"https:\\\/\\\/dodo-inflatables.com\\\/hu\\\/\",\"name\":\"dodo-inflatables.com\",\"description\":\"V\u00e1s\u00e1roljon ugr\u00e1l\u00f3v\u00e1rakat \u00e9s l\u00e1tnival\u00f3kat \u00fczlet\u00fcnkben.\",\"potentialAction\":[{\"@type\":\"SearchAction\",\"target\":{\"@type\":\"EntryPoint\",\"urlTemplate\":\"https:\\\/\\\/dodo-inflatables.com\\\/hu\\\/?s={search_term_string}\"},\"query-input\":{\"@type\":\"PropertyValueSpecification\",\"valueRequired\":true,\"valueName\":\"search_term_string\"}}],\"inLanguage\":\"hu\"}]}<\/script>\n<!-- \/ Yoast SEO plugin. -->","yoast_head_json":{"title":"V\u00e1s\u00e1roljon f\u0171t\u0151berendez\u00e9st Huawei f\u00fav\u00f3k\u00e1khoz | Dodo-Inflatables.com","description":"V\u00e1s\u00e1roljon f\u0171t\u0151berendez\u00e9st a Huawei felf\u00fajhat\u00f3 f\u00fav\u00f3k\u00e1khoz REH-1.5E - 1.5HP a Dodo-Inflatables.com-on | Tisztess\u00e9ges \u00e1rak | Mindig rakt\u00e1ron | Gyors sz\u00e1ll\u00edt\u00e1s!","robots":{"index":"index","follow":"follow","max-snippet":"max-snippet:-1","max-image-preview":"max-image-preview:large","max-video-preview":"max-video-preview:-1"},"canonical":"https:\/\/dodo-inflatables.com\/hu\/termek\/huawei-futoberendezes-tartozek\/","twitter_misc":{"Becs\u00fclt olvas\u00e1si id\u0151":"2 perc"},"schema":{"@context":"https:\/\/schema.org","@graph":[{"@type":"WebPage","@id":"https:\/\/dodo-inflatables.com\/hu\/termek\/huawei-futoberendezes-tartozek\/","url":"https:\/\/dodo-inflatables.com\/hu\/termek\/huawei-futoberendezes-tartozek\/","name":"V\u00e1s\u00e1roljon f\u0171t\u0151berendez\u00e9st Huawei f\u00fav\u00f3k\u00e1khoz | Dodo-Inflatables.com","isPartOf":{"@id":"https:\/\/dodo-inflatables.com\/hu\/#website"},"primaryImageOfPage":{"@id":"https:\/\/dodo-inflatables.com\/hu\/termek\/huawei-futoberendezes-tartozek\/#primaryimage"},"image":{"@id":"https:\/\/dodo-inflatables.com\/hu\/termek\/huawei-futoberendezes-tartozek\/#primaryimage"},"thumbnailUrl":"https:\/\/dodo-inflatables.com\/wp-content\/uploads\/2020\/12\/Hupfburg-Geblase-Huawei-kaufen_0004_Air-Heater.jpg","datePublished":"2020-12-29T14:00:18+00:00","dateModified":"2026-04-25T16:27:54+00:00","description":"V\u00e1s\u00e1roljon f\u0171t\u0151berendez\u00e9st a Huawei felf\u00fajhat\u00f3 f\u00fav\u00f3k\u00e1khoz REH-1.5E - 1.5HP a Dodo-Inflatables.com-on | Tisztess\u00e9ges \u00e1rak | Mindig rakt\u00e1ron | Gyors sz\u00e1ll\u00edt\u00e1s!","breadcrumb":{"@id":"https:\/\/dodo-inflatables.com\/hu\/termek\/huawei-futoberendezes-tartozek\/#breadcrumb"},"inLanguage":"hu","potentialAction":[{"@type":"ReadAction","target":["https:\/\/dodo-inflatables.com\/hu\/termek\/huawei-futoberendezes-tartozek\/"]}]},{"@type":"ImageObject","inLanguage":"hu","@id":"https:\/\/dodo-inflatables.com\/hu\/termek\/huawei-futoberendezes-tartozek\/#primaryimage","url":"https:\/\/dodo-inflatables.com\/wp-content\/uploads\/2020\/12\/Hupfburg-Geblase-Huawei-kaufen_0004_Air-Heater.jpg","contentUrl":"https:\/\/dodo-inflatables.com\/wp-content\/uploads\/2020\/12\/Hupfburg-Geblase-Huawei-kaufen_0004_Air-Heater.jpg","width":500,"height":500,"caption":"F\u0171t\u0151egys\u00e9g kieg\u00e9sz\u00edt\u0151 Huawei f\u00fav\u00f3khoz | Dodo Inflatables"},{"@type":"BreadcrumbList","@id":"https:\/\/dodo-inflatables.com\/hu\/termek\/huawei-futoberendezes-tartozek\/#breadcrumb","itemListElement":[{"@type":"ListItem","position":1,"name":"Kezd\u0151lap","item":"https:\/\/dodo-inflatables.com\/hu\/"},{"@type":"ListItem","position":2,"name":"Shop","item":"https:\/\/dodo-inflatables.com\/hu\/shop\/"},{"@type":"ListItem","position":3,"name":"Huawei f\u0171t\u0151berendez\u00e9s tartoz\u00e9k"}]},{"@type":"WebSite","@id":"https:\/\/dodo-inflatables.com\/hu\/#website","url":"https:\/\/dodo-inflatables.com\/hu\/","name":"dodo-inflatables.com","description":"V\u00e1s\u00e1roljon ugr\u00e1l\u00f3v\u00e1rakat \u00e9s l\u00e1tnival\u00f3kat \u00fczlet\u00fcnkben.","potentialAction":[{"@type":"SearchAction","target":{"@type":"EntryPoint","urlTemplate":"https:\/\/dodo-inflatables.com\/hu\/?s={search_term_string}"},"query-input":{"@type":"PropertyValueSpecification","valueRequired":true,"valueName":"search_term_string"}}],"inLanguage":"hu"}]}},"uagb_featured_image_src":{"full":["https:\/\/dodo-inflatables.com\/wp-content\/uploads\/2020\/12\/Hupfburg-Geblase-Huawei-kaufen_0004_Air-Heater.jpg",500,500,false],"thumbnail":["https:\/\/dodo-inflatables.com\/wp-content\/uploads\/2020\/12\/Hupfburg-Geblase-Huawei-kaufen_0004_Air-Heater-150x150.jpg",150,150,true],"medium":["https:\/\/dodo-inflatables.com\/wp-content\/uploads\/2020\/12\/Hupfburg-Geblase-Huawei-kaufen_0004_Air-Heater-300x300.jpg",300,300,true],"medium_large":["https:\/\/dodo-inflatables.com\/wp-content\/uploads\/2020\/12\/Hupfburg-Geblase-Huawei-kaufen_0004_Air-Heater.jpg",500,500,false],"large":["https:\/\/dodo-inflatables.com\/wp-content\/uploads\/2020\/12\/Hupfburg-Geblase-Huawei-kaufen_0004_Air-Heater.jpg",500,500,false],"1536x1536":["https:\/\/dodo-inflatables.com\/wp-content\/uploads\/2020\/12\/Hupfburg-Geblase-Huawei-kaufen_0004_Air-Heater.jpg",500,500,false],"2048x2048":["https:\/\/dodo-inflatables.com\/wp-content\/uploads\/2020\/12\/Hupfburg-Geblase-Huawei-kaufen_0004_Air-Heater.jpg",500,500,false],"woocommerce_thumbnail":["https:\/\/dodo-inflatables.com\/wp-content\/uploads\/2020\/12\/Hupfburg-Geblase-Huawei-kaufen_0004_Air-Heater.jpg",500,500,false],"woocommerce_single":["https:\/\/dodo-inflatables.com\/wp-content\/uploads\/2020\/12\/Hupfburg-Geblase-Huawei-kaufen_0004_Air-Heater.jpg",500,500,false],"woocommerce_gallery_thumbnail":["https:\/\/dodo-inflatables.com\/wp-content\/uploads\/2020\/12\/Hupfburg-Geblase-Huawei-kaufen_0004_Air-Heater-100x100.jpg",100,100,true]},"uagb_author_info":{"display_name":"Andreas","author_link":"https:\/\/dodo-inflatables.com\/hu\/author\/"},"uagb_comment_info":0,"uagb_excerpt":"Alkalmas a Huawei f\u00fav\u00f3hoz REH-1.5E - 1.5 HP \u00e9s a Huawei f\u00fav\u00f3hoz REH-2E - 2 HP Alkalmas az \u00f6sszes k\u00edn\u00e1latban l\u00e9v\u0151 ugr\u00e1l\u00f3v\u00e1rhoz \u00e9s rendezv\u00e9nymodulhoz Egyszer\u0171 haszn\u00e1lat \u2013 ide\u00e1lis a felf\u00fajhat\u00f3 sz\u00e1r\u00edt\u00e1s\u00e1ra","_links":{"self":[{"href":"https:\/\/dodo-inflatables.com\/hu\/wp-json\/wp\/v2\/product\/11721","targetHints":{"allow":["GET"]}}],"collection":[{"href":"https:\/\/dodo-inflatables.com\/hu\/wp-json\/wp\/v2\/product"}],"about":[{"href":"https:\/\/dodo-inflatables.com\/hu\/wp-json\/wp\/v2\/types\/product"}],"replies":[{"embeddable":true,"href":"https:\/\/dodo-inflatables.com\/hu\/wp-json\/wp\/v2\/comments?post=11721"}],"wp:featuredmedia":[{"embeddable":true,"href":"https:\/\/dodo-inflatables.com\/hu\/wp-json\/wp\/v2\/media\/10657"}],"wp:attachment":[{"href":"https:\/\/dodo-inflatables.com\/hu\/wp-json\/wp\/v2\/media?parent=11721"}],"wp:term":[{"taxonomy":"product_brand","embeddable":true,"href":"https:\/\/dodo-inflatables.com\/hu\/wp-json\/wp\/v2\/product_brand?post=11721"},{"taxonomy":"product_cat","embeddable":true,"href":"https:\/\/dodo-inflatables.com\/hu\/wp-json\/wp\/v2\/product_cat?post=11721"},{"taxonomy":"product_tag","embeddable":true,"href":"https:\/\/dodo-inflatables.com\/hu\/wp-json\/wp\/v2\/product_tag?post=11721"}],"curies":[{"name":"wp","href":"https:\/\/api.w.org\/{rel}","templated":true}]}}