{"id":11726,"date":"2020-12-29T14:57:32","date_gmt":"2020-12-29T13:57:32","guid":{"rendered":"https:\/\/dodo-inflatables.com\/product\/huawei-deflator-attachment-dupla\/"},"modified":"2026-04-28T23:43:01","modified_gmt":"2026-04-28T21:43:01","slug":"huawei-deflator-attachment-dupla","status":"publish","type":"product","link":"https:\/\/dodo-inflatables.com\/hu\/termek\/huawei-deflator-attachment-dupla\/","title":{"rendered":"Dupla defl\u00e1tor kieg\u00e9sz\u00edt\u0151 Huawei f\u00fav\u00f3khoz"},"content":{"rendered":"<h2>V\u00e1s\u00e1roljon dupla defl\u00e1tor kieg\u00e9sz\u00edt\u0151t Huawei f\u00fav\u00f3khoz ugr\u00e1l\u00f3v\u00e1rakhoz<\/h2>\n<p>A Huawei f\u00fav\u00f3khoz val\u00f3 dupla defl\u00e1tor kieg\u00e9sz\u00edt\u0151 ide\u00e1lis kieg\u00e9sz\u00edt\u0151 b\u00e9rl\u0151 c\u00e9gek \u00e9s oper\u00e1torok sz\u00e1m\u00e1ra, akiknek t\u00f6bb ugr\u00e1l\u00f3v\u00e1r van a k\u00e9szlet\u00fckben. A defl\u00e1tor akt\u00edvan kisz\u00edvja a leveg\u0151t az ugr\u00e1l\u00f3v\u00e1rb\u00f3l, \u00edgy a csomagol\u00e1s sokkal k\u00f6nnyebb\u00e9 \u00e9s gyorsabb\u00e1 v\u00e1lik.<br \/>\n<strong>Gyorsabb csomagol\u00e1s:<\/strong><br \/>\nA defl\u00e1tor seg\u00edt elt\u00e1vol\u00edtani a leveg\u0151t az ugr\u00e1l\u00f3v\u00e1rb\u00f3l, kevesebb marad\u00e9k leveg\u0151t hagyva benne. Ez megk\u00f6nny\u00edti a felf\u00fajhat\u00f3 konstrukci\u00f3 kompaktabb m\u00e9retre val\u00f3 hajtogat\u00e1s\u00e1t \u00e9s gyorsabb sz\u00e1ll\u00edt\u00e1sra val\u00f3 el\u0151k\u00e9sz\u00edt\u00e9s\u00e9t.<br \/>\n<strong>Praktikus t\u00e1mogat\u00e1s b\u00e9rl\u0151 c\u00e9geknek:<\/strong><br \/>\nA defl\u00e1tor haszn\u00e1lata eset\u00e9n sem teljesen automatikus a csomagol\u00e1s, \u00e9s az ugr\u00e1l\u00f3v\u00e1r hajtogat\u00e1s\u00e1t m\u00e9g mindig k\u00e9zzel kell elv\u00e9gezni. K\u00fcl\u00f6n\u00f6sen t\u00f6bb felf\u00fajhat\u00f3 konstrukci\u00f3 kezel\u00e9sekor azonban a defl\u00e1tor \u00e9szrevehet\u0151en id\u0151t \u00e9s f\u00e1rads\u00e1got takar\u00edt meg.<br \/>\n<strong>K\u00e9t verzi\u00f3 el\u00e9rhet\u0151:<\/strong><br \/>\nA defl\u00e1tor kieg\u00e9sz\u00edt\u0151 r\u00f6vid \u00e9s hossz\u00fa verzi\u00f3ban is el\u00e9rhet\u0151. Melyik verzi\u00f3 a jobb v\u00e1laszt\u00e1s, az a szem\u00e9lyes preferenci\u00e1kt\u00f3l \u00e9s az egy\u00e9ni felhaszn\u00e1l\u00f3 kezel\u00e9si ig\u00e9nyeit\u0151l f\u00fcgg.<br \/>\n<strong>Egyszer\u0171 haszn\u00e1lat:<\/strong><br \/>\nIde\u00e1lisan a defl\u00e1tort az ugr\u00e1l\u00f3v\u00e1r oldals\u00f3 ny\u00edl\u00e1s\u00e1ba kell behelyezni. Az \u00f6sszes t\u00f6bbi l\u00e9gny\u00edl\u00e1snak haszn\u00e1lat k\u00f6zben z\u00e1rva kell maradnia, hogy minimaliz\u00e1lja a k\u00fcls\u0151 leveg\u0151 be\u00e1raml\u00e1s\u00e1t \u00e9s jav\u00edtsa a hat\u00e9konys\u00e1got.<\/p>\n","protected":false},"excerpt":{"rendered":"<ul>\n<li>Alkalmas a Huawei f\u00fav\u00f3hoz REH-1.5E &#8211; 1.5 HP \u00e9s a Huawei f\u00fav\u00f3hoz REH-2E &#8211; 2 HP<\/li>\n<li>Alkalmas az \u00f6sszes k\u00edn\u00e1latban l\u00e9v\u0151 ugr\u00e1l\u00f3v\u00e1rhoz \u00e9s rendezv\u00e9nymodulhoz<\/li>\n<li>Egyszer\u0171 haszn\u00e1lat \u2013 ide\u00e1lis leveg\u0151 kisz\u00edv\u00e1s\u00e1hoz<\/li>\n<\/ul>\n","protected":false},"featured_media":10660,"comment_status":"open","ping_status":"closed","template":"","meta":{"_acf_changed":false,"_uag_custom_page_level_css":"","site-sidebar-layout":"default","site-content-layout":"boxed-container","ast-site-content-layout":"normal-width-container","site-content-style":"boxed","site-sidebar-style":"boxed","ast-global-header-display":"","ast-banner-title-visibility":"","ast-main-header-display":"","ast-hfb-above-header-display":"","ast-hfb-below-header-display":"","ast-hfb-mobile-header-display":"","site-post-title":"disabled","ast-breadcrumbs-content":"","ast-featured-img":"","footer-sml-layout":"","ast-disable-related-posts":"","theme-transparent-header-meta":"default","adv-header-id-meta":"","stick-header-meta":"default","header-above-stick-meta":"","header-main-stick-meta":"","header-below-stick-meta":"","astra-migrate-meta-layouts":"default","ast-page-background-enabled":"default","ast-page-background-meta":{"desktop":{"background-color":"var(--ast-global-color-4)","background-image":"","background-repeat":"repeat","background-position":"center center","background-size":"auto","background-attachment":"scroll","background-type":"","background-media":"","overlay-type":"","overlay-color":"","overlay-opacity":"","overlay-gradient":""},"tablet":{"background-color":"","background-image":"","background-repeat":"repeat","background-position":"center center","background-size":"auto","background-attachment":"scroll","background-type":"","background-media":"","overlay-type":"","overlay-color":"","overlay-opacity":"","overlay-gradient":""},"mobile":{"background-color":"","background-image":"","background-repeat":"repeat","background-position":"center center","background-size":"auto","background-attachment":"scroll","background-type":"","background-media":"","overlay-type":"","overlay-color":"","overlay-opacity":"","overlay-gradient":""}},"ast-content-background-meta":{"desktop":{"background-color":"var(--ast-global-color-5)","background-image":"","background-repeat":"repeat","background-position":"center center","background-size":"auto","background-attachment":"scroll","background-type":"","background-media":"","overlay-type":"","overlay-color":"","overlay-opacity":"","overlay-gradient":""},"tablet":{"background-color":"var(--ast-global-color-5)","background-image":"","background-repeat":"repeat","background-position":"center center","background-size":"auto","background-attachment":"scroll","background-type":"","background-media":"","overlay-type":"","overlay-color":"","overlay-opacity":"","overlay-gradient":""},"mobile":{"background-color":"var(--ast-global-color-5)","background-image":"","background-repeat":"repeat","background-position":"center center","background-size":"auto","background-attachment":"scroll","background-type":"","background-media":"","overlay-type":"","overlay-color":"","overlay-opacity":"","overlay-gradient":""}}},"product_brand":[],"product_cat":[829],"product_tag":[],"class_list":{"0":"post-11726","1":"product","2":"type-product","3":"status-publish","4":"has-post-thumbnail","6":"product_cat-kiegeszitok","7":"product_shipping_class-zubehor-hu","8":"pa_gtin-0669145333994-hu","9":"desktop-align-center","10":"tablet-align-center","11":"mobile-align-center","12":"ast-product-gallery-layout-horizontal","13":"ast-product-tabs-layout-horizontal","15":"first","16":"instock","17":"taxable","18":"shipping-taxable","19":"purchasable","20":"product-type-simple"},"acf":[],"yoast_head":"<!-- This site is optimized with the Yoast SEO plugin v27.5 - https:\/\/yoast.com\/product\/yoast-seo-wordpress\/ -->\n<title>V\u00e1s\u00e1rl\u00e1s Deflator Huawei f\u00fav\u00f3k\u00e1khoz | Dodo-Inflatables.com<\/title>\n<meta name=\"description\" content=\"V\u00e1s\u00e1roljon deflator Huawei felf\u00fajhat\u00f3 f\u00fav\u00f3khoz REH-1.5E - 1.5HP a Dodo-Inflatables.com-on | Tisztess\u00e9ges \u00e1rak | Mindig rakt\u00e1ron | Gyors sz\u00e1ll\u00edt\u00e1s!\" \/>\n<meta name=\"robots\" content=\"index, follow, max-snippet:-1, max-image-preview:large, max-video-preview:-1\" \/>\n<link rel=\"canonical\" href=\"https:\/\/dodo-inflatables.com\/hu\/termek\/huawei-deflator-attachment-dupla\/\" \/>\n<meta name=\"twitter:label1\" content=\"Becs\u00fclt olvas\u00e1si id\u0151\" \/>\n\t<meta name=\"twitter:data1\" content=\"2 perc\" \/>\n<script type=\"application\/ld+json\" class=\"yoast-schema-graph\">{\"@context\":\"https:\\\/\\\/schema.org\",\"@graph\":[{\"@type\":\"WebPage\",\"@id\":\"https:\\\/\\\/dodo-inflatables.com\\\/hu\\\/termek\\\/huawei-deflator-attachment-dupla\\\/\",\"url\":\"https:\\\/\\\/dodo-inflatables.com\\\/hu\\\/termek\\\/huawei-deflator-attachment-dupla\\\/\",\"name\":\"V\u00e1s\u00e1rl\u00e1s Deflator Huawei f\u00fav\u00f3k\u00e1khoz | Dodo-Inflatables.com\",\"isPartOf\":{\"@id\":\"https:\\\/\\\/dodo-inflatables.com\\\/hu\\\/#website\"},\"primaryImageOfPage\":{\"@id\":\"https:\\\/\\\/dodo-inflatables.com\\\/hu\\\/termek\\\/huawei-deflator-attachment-dupla\\\/#primaryimage\"},\"image\":{\"@id\":\"https:\\\/\\\/dodo-inflatables.com\\\/hu\\\/termek\\\/huawei-deflator-attachment-dupla\\\/#primaryimage\"},\"thumbnailUrl\":\"https:\\\/\\\/dodo-inflatables.com\\\/wp-content\\\/uploads\\\/2020\\\/12\\\/Hupfburg-Geblase-Huawei-kaufen_0001_Long-Deflator-B1.jpg\",\"datePublished\":\"2020-12-29T13:57:32+00:00\",\"dateModified\":\"2026-04-28T21:43:01+00:00\",\"description\":\"V\u00e1s\u00e1roljon deflator Huawei felf\u00fajhat\u00f3 f\u00fav\u00f3khoz REH-1.5E - 1.5HP a Dodo-Inflatables.com-on | Tisztess\u00e9ges \u00e1rak | Mindig rakt\u00e1ron | Gyors sz\u00e1ll\u00edt\u00e1s!\",\"breadcrumb\":{\"@id\":\"https:\\\/\\\/dodo-inflatables.com\\\/hu\\\/termek\\\/huawei-deflator-attachment-dupla\\\/#breadcrumb\"},\"inLanguage\":\"hu\",\"potentialAction\":[{\"@type\":\"ReadAction\",\"target\":[\"https:\\\/\\\/dodo-inflatables.com\\\/hu\\\/termek\\\/huawei-deflator-attachment-dupla\\\/\"]}]},{\"@type\":\"ImageObject\",\"inLanguage\":\"hu\",\"@id\":\"https:\\\/\\\/dodo-inflatables.com\\\/hu\\\/termek\\\/huawei-deflator-attachment-dupla\\\/#primaryimage\",\"url\":\"https:\\\/\\\/dodo-inflatables.com\\\/wp-content\\\/uploads\\\/2020\\\/12\\\/Hupfburg-Geblase-Huawei-kaufen_0001_Long-Deflator-B1.jpg\",\"contentUrl\":\"https:\\\/\\\/dodo-inflatables.com\\\/wp-content\\\/uploads\\\/2020\\\/12\\\/Hupfburg-Geblase-Huawei-kaufen_0001_Long-Deflator-B1.jpg\",\"width\":500,\"height\":500,\"caption\":\"Dupla defl\u00e1tor kieg\u00e9sz\u00edt\u0151 Huawei f\u00fav\u00f3khoz | Dodo Inflatables\"},{\"@type\":\"BreadcrumbList\",\"@id\":\"https:\\\/\\\/dodo-inflatables.com\\\/hu\\\/termek\\\/huawei-deflator-attachment-dupla\\\/#breadcrumb\",\"itemListElement\":[{\"@type\":\"ListItem\",\"position\":1,\"name\":\"Kezd\u0151lap\",\"item\":\"https:\\\/\\\/dodo-inflatables.com\\\/hu\\\/\"},{\"@type\":\"ListItem\",\"position\":2,\"name\":\"Shop\",\"item\":\"https:\\\/\\\/dodo-inflatables.com\\\/hu\\\/shop\\\/\"},{\"@type\":\"ListItem\",\"position\":3,\"name\":\"Huawei Deflator Attachment &#8211; Dupla\"}]},{\"@type\":\"WebSite\",\"@id\":\"https:\\\/\\\/dodo-inflatables.com\\\/hu\\\/#website\",\"url\":\"https:\\\/\\\/dodo-inflatables.com\\\/hu\\\/\",\"name\":\"dodo-inflatables.com\",\"description\":\"V\u00e1s\u00e1roljon ugr\u00e1l\u00f3v\u00e1rakat \u00e9s l\u00e1tnival\u00f3kat \u00fczlet\u00fcnkben.\",\"potentialAction\":[{\"@type\":\"SearchAction\",\"target\":{\"@type\":\"EntryPoint\",\"urlTemplate\":\"https:\\\/\\\/dodo-inflatables.com\\\/hu\\\/?s={search_term_string}\"},\"query-input\":{\"@type\":\"PropertyValueSpecification\",\"valueRequired\":true,\"valueName\":\"search_term_string\"}}],\"inLanguage\":\"hu\"}]}<\/script>\n<!-- \/ Yoast SEO plugin. -->","yoast_head_json":{"title":"V\u00e1s\u00e1rl\u00e1s Deflator Huawei f\u00fav\u00f3k\u00e1khoz | Dodo-Inflatables.com","description":"V\u00e1s\u00e1roljon deflator Huawei felf\u00fajhat\u00f3 f\u00fav\u00f3khoz REH-1.5E - 1.5HP a Dodo-Inflatables.com-on | Tisztess\u00e9ges \u00e1rak | Mindig rakt\u00e1ron | Gyors sz\u00e1ll\u00edt\u00e1s!","robots":{"index":"index","follow":"follow","max-snippet":"max-snippet:-1","max-image-preview":"max-image-preview:large","max-video-preview":"max-video-preview:-1"},"canonical":"https:\/\/dodo-inflatables.com\/hu\/termek\/huawei-deflator-attachment-dupla\/","twitter_misc":{"Becs\u00fclt olvas\u00e1si id\u0151":"2 perc"},"schema":{"@context":"https:\/\/schema.org","@graph":[{"@type":"WebPage","@id":"https:\/\/dodo-inflatables.com\/hu\/termek\/huawei-deflator-attachment-dupla\/","url":"https:\/\/dodo-inflatables.com\/hu\/termek\/huawei-deflator-attachment-dupla\/","name":"V\u00e1s\u00e1rl\u00e1s Deflator Huawei f\u00fav\u00f3k\u00e1khoz | Dodo-Inflatables.com","isPartOf":{"@id":"https:\/\/dodo-inflatables.com\/hu\/#website"},"primaryImageOfPage":{"@id":"https:\/\/dodo-inflatables.com\/hu\/termek\/huawei-deflator-attachment-dupla\/#primaryimage"},"image":{"@id":"https:\/\/dodo-inflatables.com\/hu\/termek\/huawei-deflator-attachment-dupla\/#primaryimage"},"thumbnailUrl":"https:\/\/dodo-inflatables.com\/wp-content\/uploads\/2020\/12\/Hupfburg-Geblase-Huawei-kaufen_0001_Long-Deflator-B1.jpg","datePublished":"2020-12-29T13:57:32+00:00","dateModified":"2026-04-28T21:43:01+00:00","description":"V\u00e1s\u00e1roljon deflator Huawei felf\u00fajhat\u00f3 f\u00fav\u00f3khoz REH-1.5E - 1.5HP a Dodo-Inflatables.com-on | Tisztess\u00e9ges \u00e1rak | Mindig rakt\u00e1ron | Gyors sz\u00e1ll\u00edt\u00e1s!","breadcrumb":{"@id":"https:\/\/dodo-inflatables.com\/hu\/termek\/huawei-deflator-attachment-dupla\/#breadcrumb"},"inLanguage":"hu","potentialAction":[{"@type":"ReadAction","target":["https:\/\/dodo-inflatables.com\/hu\/termek\/huawei-deflator-attachment-dupla\/"]}]},{"@type":"ImageObject","inLanguage":"hu","@id":"https:\/\/dodo-inflatables.com\/hu\/termek\/huawei-deflator-attachment-dupla\/#primaryimage","url":"https:\/\/dodo-inflatables.com\/wp-content\/uploads\/2020\/12\/Hupfburg-Geblase-Huawei-kaufen_0001_Long-Deflator-B1.jpg","contentUrl":"https:\/\/dodo-inflatables.com\/wp-content\/uploads\/2020\/12\/Hupfburg-Geblase-Huawei-kaufen_0001_Long-Deflator-B1.jpg","width":500,"height":500,"caption":"Dupla defl\u00e1tor kieg\u00e9sz\u00edt\u0151 Huawei f\u00fav\u00f3khoz | Dodo Inflatables"},{"@type":"BreadcrumbList","@id":"https:\/\/dodo-inflatables.com\/hu\/termek\/huawei-deflator-attachment-dupla\/#breadcrumb","itemListElement":[{"@type":"ListItem","position":1,"name":"Kezd\u0151lap","item":"https:\/\/dodo-inflatables.com\/hu\/"},{"@type":"ListItem","position":2,"name":"Shop","item":"https:\/\/dodo-inflatables.com\/hu\/shop\/"},{"@type":"ListItem","position":3,"name":"Huawei Deflator Attachment &#8211; Dupla"}]},{"@type":"WebSite","@id":"https:\/\/dodo-inflatables.com\/hu\/#website","url":"https:\/\/dodo-inflatables.com\/hu\/","name":"dodo-inflatables.com","description":"V\u00e1s\u00e1roljon ugr\u00e1l\u00f3v\u00e1rakat \u00e9s l\u00e1tnival\u00f3kat \u00fczlet\u00fcnkben.","potentialAction":[{"@type":"SearchAction","target":{"@type":"EntryPoint","urlTemplate":"https:\/\/dodo-inflatables.com\/hu\/?s={search_term_string}"},"query-input":{"@type":"PropertyValueSpecification","valueRequired":true,"valueName":"search_term_string"}}],"inLanguage":"hu"}]}},"uagb_featured_image_src":{"full":["https:\/\/dodo-inflatables.com\/wp-content\/uploads\/2020\/12\/Hupfburg-Geblase-Huawei-kaufen_0001_Long-Deflator-B1.jpg",500,500,false],"thumbnail":["https:\/\/dodo-inflatables.com\/wp-content\/uploads\/2020\/12\/Hupfburg-Geblase-Huawei-kaufen_0001_Long-Deflator-B1-150x150.jpg",150,150,true],"medium":["https:\/\/dodo-inflatables.com\/wp-content\/uploads\/2020\/12\/Hupfburg-Geblase-Huawei-kaufen_0001_Long-Deflator-B1-300x300.jpg",300,300,true],"medium_large":["https:\/\/dodo-inflatables.com\/wp-content\/uploads\/2020\/12\/Hupfburg-Geblase-Huawei-kaufen_0001_Long-Deflator-B1.jpg",500,500,false],"large":["https:\/\/dodo-inflatables.com\/wp-content\/uploads\/2020\/12\/Hupfburg-Geblase-Huawei-kaufen_0001_Long-Deflator-B1.jpg",500,500,false],"1536x1536":["https:\/\/dodo-inflatables.com\/wp-content\/uploads\/2020\/12\/Hupfburg-Geblase-Huawei-kaufen_0001_Long-Deflator-B1.jpg",500,500,false],"2048x2048":["https:\/\/dodo-inflatables.com\/wp-content\/uploads\/2020\/12\/Hupfburg-Geblase-Huawei-kaufen_0001_Long-Deflator-B1.jpg",500,500,false],"woocommerce_thumbnail":["https:\/\/dodo-inflatables.com\/wp-content\/uploads\/2020\/12\/Hupfburg-Geblase-Huawei-kaufen_0001_Long-Deflator-B1.jpg",500,500,false],"woocommerce_single":["https:\/\/dodo-inflatables.com\/wp-content\/uploads\/2020\/12\/Hupfburg-Geblase-Huawei-kaufen_0001_Long-Deflator-B1.jpg",500,500,false],"woocommerce_gallery_thumbnail":["https:\/\/dodo-inflatables.com\/wp-content\/uploads\/2020\/12\/Hupfburg-Geblase-Huawei-kaufen_0001_Long-Deflator-B1-100x100.jpg",100,100,true]},"uagb_author_info":{"display_name":"Andreas","author_link":"https:\/\/dodo-inflatables.com\/hu\/author\/"},"uagb_comment_info":0,"uagb_excerpt":"Alkalmas a Huawei f\u00fav\u00f3hoz REH-1.5E - 1.5 HP \u00e9s a Huawei f\u00fav\u00f3hoz REH-2E - 2 HP Alkalmas az \u00f6sszes k\u00edn\u00e1latban l\u00e9v\u0151 ugr\u00e1l\u00f3v\u00e1rhoz \u00e9s rendezv\u00e9nymodulhoz Egyszer\u0171 haszn\u00e1lat \u2013 ide\u00e1lis leveg\u0151 kisz\u00edv\u00e1s\u00e1hoz","_links":{"self":[{"href":"https:\/\/dodo-inflatables.com\/hu\/wp-json\/wp\/v2\/product\/11726","targetHints":{"allow":["GET"]}}],"collection":[{"href":"https:\/\/dodo-inflatables.com\/hu\/wp-json\/wp\/v2\/product"}],"about":[{"href":"https:\/\/dodo-inflatables.com\/hu\/wp-json\/wp\/v2\/types\/product"}],"replies":[{"embeddable":true,"href":"https:\/\/dodo-inflatables.com\/hu\/wp-json\/wp\/v2\/comments?post=11726"}],"wp:featuredmedia":[{"embeddable":true,"href":"https:\/\/dodo-inflatables.com\/hu\/wp-json\/wp\/v2\/media\/10660"}],"wp:attachment":[{"href":"https:\/\/dodo-inflatables.com\/hu\/wp-json\/wp\/v2\/media?parent=11726"}],"wp:term":[{"taxonomy":"product_brand","embeddable":true,"href":"https:\/\/dodo-inflatables.com\/hu\/wp-json\/wp\/v2\/product_brand?post=11726"},{"taxonomy":"product_cat","embeddable":true,"href":"https:\/\/dodo-inflatables.com\/hu\/wp-json\/wp\/v2\/product_cat?post=11726"},{"taxonomy":"product_tag","embeddable":true,"href":"https:\/\/dodo-inflatables.com\/hu\/wp-json\/wp\/v2\/product_tag?post=11726"}],"curies":[{"name":"wp","href":"https:\/\/api.w.org\/{rel}","templated":true}]}}