{"id":11729,"date":"2020-12-29T14:33:01","date_gmt":"2020-12-29T13:33:01","guid":{"rendered":"https:\/\/dodo-inflatables.com\/product\/huawei-fuvo-reh-1-5e-1-5ps\/"},"modified":"2026-03-12T14:41:04","modified_gmt":"2026-03-12T13:41:04","slug":"huawei-fuvo-reh-1-5e-1-5ps","status":"publish","type":"product","link":"https:\/\/dodo-inflatables.com\/hu\/termek\/huawei-fuvo-reh-1-5e-1-5ps\/","title":{"rendered":"Huawei f\u00fav\u00f3 REH-1.5E &#8211; 1.5PS"},"content":{"rendered":"<h2>V\u00e1s\u00e1rolja Huawei F\u00fav\u00f3 REH-1.5E &#8211; 1.5PS felf\u00fajhat\u00f3 haj\u00f3khoz<\/h2>\n<p>A Huawei felf\u00fajhat\u00f3 f\u00fav\u00f3g\u00e9p csak a b\u00e9rbead\u00f3 c\u00e9gek vagy a t\u00f6bb felf\u00fajhat\u00f3 j\u00e1rm\u0171vel rendelkez\u0151 \u00fcgyfelek sz\u00e1m\u00e1ra k\u00e9sz\u00fclt.<\/p>\n<p><strong>Er\u0151teljes l\u00e9g\u00e1raml\u00e1s<\/strong>: Gyorsan \u00e9s hat\u00e9konyan f\u00fajja fel a felf\u00fajhat\u00f3 l\u00e9gp\u00e1rn\u00e1t, \u00e9s mindig fenntartja a t\u00f6k\u00e9letes l\u00e9gnyom\u00e1st.<br \/>\n<strong>Sokoldal\u00fa kompatibilit\u00e1s<\/strong>: Az ugr\u00e1l\u00f3v\u00e1rakt\u00f3l a felf\u00fajhat\u00f3 cs\u00faszd\u00e1kig \u00e9s m\u00e9g sok m\u00e1shoz is.<br \/>\n<strong>B\u0151v\u00edt\u00e9si lehet\u0151s\u00e9gek<\/strong>: A t\u00e1gul\u00e1si opci\u00f3kkal a f\u00fav\u00f3ka felszerelhet\u0151 egy l\u00e9gtelen\u00edt\u0151vel, amely a gyorsabb sz\u00e9tszerel\u00e9s \u00e9rdek\u00e9ben kisz\u00edvja a leveg\u0151t a felf\u00fajhat\u00f3b\u00f3l. A Huawei f\u00fav\u00f3ka a &#8222;F\u0171t\u00e9s&#8221; b\u0151v\u00edt\u00e9si lehet\u0151s\u00e9get is k\u00edn\u00e1lja. Ez a f\u0171t\u0151berendez\u00e9s szint\u00e9n egy szabadalmaztatott gyorskattint\u00e1s\u00fa rendszerrel kapcsol\u00f3dik a f\u00fav\u00f3k\u00e1hoz, \u00e9s felmeleg\u00edti a besz\u00edvott leveg\u0151t, amelyet a felf\u00fajhat\u00f3 l\u00e9gp\u00e1rn\u00e1ba f\u00faj. Ez azt jelenti, hogy a nedves felf\u00fajhat\u00f3 anyag sokkal gyorsabban megsz\u00e1rad, \u00e9s m\u00e1r nem kell t\u00f6bb \u00f3r\u00e1t t\u00f6lteni egy felf\u00fajhat\u00f3 anyag sz\u00e1r\u00edt\u00e1s\u00e1val.<\/p>\n<p>&nbsp;<\/p>\n<h3>R\u00e9szletek a Huawei REH-1.5E &#8211; 1.5PS felf\u00fajhat\u00f3 f\u00fav\u00f3r\u00f3l<\/h3>\n<ul>\n<li>Anyag: kiv\u00e1l\u00f3 min\u0151s\u00e9g\u0171 m\u0171anyag h\u00e1z<\/li>\n<li>Teljes\u00edtm\u00e9ny: 1,35 kW (kimenet), 1,8 kW (bemenet), 1,5 LE<\/li>\n<li>Csatlakoz\u00e1s: csatlakoz\u00f3: Schuko dug\u00f3<\/li>\n<li>A tart\u00e1ly \u00e1tm\u00e9r\u0151je: 14,5 cm<\/li>\n<li>M\u00e9retek: 49 x 38.5 x 49.5 cm<\/li>\n<li>S\u00faly: 16,8 kg<\/li>\n<li>Zajszint: 85 dB<\/li>\n<li>WEEE reg. Nem. DE 82972723<\/li>\n<\/ul>\n<p>&nbsp;<\/p>\n<p>&nbsp;<\/p>\n","protected":false},"excerpt":{"rendered":"<ul>\n<li>Huawei ugr\u00e1l\u00f3v\u00e1r f\u00fav\u00f3 REH-1.5E &#8211; 1.5PS<\/li>\n<li>Alkalmas minden felaj\u00e1nlott ugr\u00e1l\u00f3v\u00e1rhoz \u00e9s rendezv\u00e9nymodulhoz<\/li>\n<li>Professzion\u00e1lis min\u0151s\u00e9g\u0171 &#8211; kereskedelmi \u00e9s mag\u00e1nhaszn\u00e1latra egyar\u00e1nt alkalmas<\/li>\n<\/ul>\n","protected":false},"featured_media":10258,"comment_status":"open","ping_status":"closed","template":"","meta":{"_acf_changed":false,"_uag_custom_page_level_css":"","site-sidebar-layout":"default","site-content-layout":"boxed-container","ast-site-content-layout":"normal-width-container","site-content-style":"boxed","site-sidebar-style":"boxed","ast-global-header-display":"","ast-banner-title-visibility":"","ast-main-header-display":"","ast-hfb-above-header-display":"","ast-hfb-below-header-display":"","ast-hfb-mobile-header-display":"","site-post-title":"disabled","ast-breadcrumbs-content":"","ast-featured-img":"","footer-sml-layout":"","ast-disable-related-posts":"","theme-transparent-header-meta":"default","adv-header-id-meta":"","stick-header-meta":"default","header-above-stick-meta":"","header-main-stick-meta":"","header-below-stick-meta":"","astra-migrate-meta-layouts":"default","ast-page-background-enabled":"default","ast-page-background-meta":{"desktop":{"background-color":"var(--ast-global-color-4)","background-image":"","background-repeat":"repeat","background-position":"center center","background-size":"auto","background-attachment":"scroll","background-type":"","background-media":"","overlay-type":"","overlay-color":"","overlay-opacity":"","overlay-gradient":""},"tablet":{"background-color":"","background-image":"","background-repeat":"repeat","background-position":"center center","background-size":"auto","background-attachment":"scroll","background-type":"","background-media":"","overlay-type":"","overlay-color":"","overlay-opacity":"","overlay-gradient":""},"mobile":{"background-color":"","background-image":"","background-repeat":"repeat","background-position":"center center","background-size":"auto","background-attachment":"scroll","background-type":"","background-media":"","overlay-type":"","overlay-color":"","overlay-opacity":"","overlay-gradient":""}},"ast-content-background-meta":{"desktop":{"background-color":"var(--ast-global-color-5)","background-image":"","background-repeat":"repeat","background-position":"center center","background-size":"auto","background-attachment":"scroll","background-type":"","background-media":"","overlay-type":"","overlay-color":"","overlay-opacity":"","overlay-gradient":""},"tablet":{"background-color":"var(--ast-global-color-5)","background-image":"","background-repeat":"repeat","background-position":"center center","background-size":"auto","background-attachment":"scroll","background-type":"","background-media":"","overlay-type":"","overlay-color":"","overlay-opacity":"","overlay-gradient":""},"mobile":{"background-color":"var(--ast-global-color-5)","background-image":"","background-repeat":"repeat","background-position":"center center","background-size":"auto","background-attachment":"scroll","background-type":"","background-media":"","overlay-type":"","overlay-color":"","overlay-opacity":"","overlay-gradient":""}}},"product_brand":[],"product_cat":[829],"product_tag":[],"class_list":{"0":"post-11729","1":"product","2":"type-product","3":"status-publish","4":"has-post-thumbnail","6":"product_cat-kiegeszitok","7":"product_shipping_class-zubehor-hu","8":"desktop-align-center","9":"tablet-align-center","10":"mobile-align-center","11":"ast-product-gallery-layout-horizontal","12":"ast-product-gallery-with-no-image","13":"ast-product-tabs-layout-horizontal","15":"first","16":"instock","17":"taxable","18":"shipping-taxable","19":"purchasable","20":"product-type-simple"},"acf":[],"yoast_head":"<!-- This site is optimized with the Yoast SEO plugin v27.3 - https:\/\/yoast.com\/product\/yoast-seo-wordpress\/ -->\n<title>Huawei f\u00fav\u00f3k\u00e1k ugr\u00e1l\u00f3v\u00e1rakhoz | Dodo-Inflatables.com<\/title>\n<meta name=\"description\" content=\"V\u00e1s\u00e1rolja meg a Huawei f\u00fav\u00f3g\u00e9pet REH-1.5E - 1.5HP a Dodo-Inflatables.com-on | Tisztess\u00e9ges \u00e1rak | Mindig rakt\u00e1ron | Gyors sz\u00e1ll\u00edt\u00e1s!\" \/>\n<meta name=\"robots\" content=\"index, follow, max-snippet:-1, max-image-preview:large, max-video-preview:-1\" \/>\n<link rel=\"canonical\" href=\"https:\/\/dodo-inflatables.com\/hu\/termek\/huawei-fuvo-reh-1-5e-1-5ps\/\" \/>\n<meta name=\"twitter:label1\" content=\"Becs\u00fclt olvas\u00e1si id\u0151\" \/>\n\t<meta name=\"twitter:data1\" content=\"1 perc\" \/>\n<script type=\"application\/ld+json\" class=\"yoast-schema-graph\">{\"@context\":\"https:\\\/\\\/schema.org\",\"@graph\":[{\"@type\":\"WebPage\",\"@id\":\"https:\\\/\\\/dodo-inflatables.com\\\/hu\\\/termek\\\/huawei-fuvo-reh-1-5e-1-5ps\\\/\",\"url\":\"https:\\\/\\\/dodo-inflatables.com\\\/hu\\\/termek\\\/huawei-fuvo-reh-1-5e-1-5ps\\\/\",\"name\":\"Huawei f\u00fav\u00f3k\u00e1k ugr\u00e1l\u00f3v\u00e1rakhoz | Dodo-Inflatables.com\",\"isPartOf\":{\"@id\":\"https:\\\/\\\/dodo-inflatables.com\\\/hu\\\/#website\"},\"primaryImageOfPage\":{\"@id\":\"https:\\\/\\\/dodo-inflatables.com\\\/hu\\\/termek\\\/huawei-fuvo-reh-1-5e-1-5ps\\\/#primaryimage\"},\"image\":{\"@id\":\"https:\\\/\\\/dodo-inflatables.com\\\/hu\\\/termek\\\/huawei-fuvo-reh-1-5e-1-5ps\\\/#primaryimage\"},\"thumbnailUrl\":\"https:\\\/\\\/dodo-inflatables.com\\\/wp-content\\\/uploads\\\/2020\\\/12\\\/Hupfburg-Geblase-Huawei-kaufen_0007_Air-Blower-REH-1.5E.jpg\",\"datePublished\":\"2020-12-29T13:33:01+00:00\",\"dateModified\":\"2026-03-12T13:41:04+00:00\",\"description\":\"V\u00e1s\u00e1rolja meg a Huawei f\u00fav\u00f3g\u00e9pet REH-1.5E - 1.5HP a Dodo-Inflatables.com-on | Tisztess\u00e9ges \u00e1rak | Mindig rakt\u00e1ron | Gyors sz\u00e1ll\u00edt\u00e1s!\",\"breadcrumb\":{\"@id\":\"https:\\\/\\\/dodo-inflatables.com\\\/hu\\\/termek\\\/huawei-fuvo-reh-1-5e-1-5ps\\\/#breadcrumb\"},\"inLanguage\":\"hu\",\"potentialAction\":[{\"@type\":\"ReadAction\",\"target\":[\"https:\\\/\\\/dodo-inflatables.com\\\/hu\\\/termek\\\/huawei-fuvo-reh-1-5e-1-5ps\\\/\"]}]},{\"@type\":\"ImageObject\",\"inLanguage\":\"hu\",\"@id\":\"https:\\\/\\\/dodo-inflatables.com\\\/hu\\\/termek\\\/huawei-fuvo-reh-1-5e-1-5ps\\\/#primaryimage\",\"url\":\"https:\\\/\\\/dodo-inflatables.com\\\/wp-content\\\/uploads\\\/2020\\\/12\\\/Hupfburg-Geblase-Huawei-kaufen_0007_Air-Blower-REH-1.5E.jpg\",\"contentUrl\":\"https:\\\/\\\/dodo-inflatables.com\\\/wp-content\\\/uploads\\\/2020\\\/12\\\/Hupfburg-Geblase-Huawei-kaufen_0007_Air-Blower-REH-1.5E.jpg\",\"width\":500,\"height\":500},{\"@type\":\"BreadcrumbList\",\"@id\":\"https:\\\/\\\/dodo-inflatables.com\\\/hu\\\/termek\\\/huawei-fuvo-reh-1-5e-1-5ps\\\/#breadcrumb\",\"itemListElement\":[{\"@type\":\"ListItem\",\"position\":1,\"name\":\"Kezd\u0151lap\",\"item\":\"https:\\\/\\\/dodo-inflatables.com\\\/hu\\\/\"},{\"@type\":\"ListItem\",\"position\":2,\"name\":\"Shop\",\"item\":\"https:\\\/\\\/dodo-inflatables.com\\\/hu\\\/shop\\\/\"},{\"@type\":\"ListItem\",\"position\":3,\"name\":\"Huawei f\u00fav\u00f3 REH-1.5E &#8211; 1.5PS\"}]},{\"@type\":\"WebSite\",\"@id\":\"https:\\\/\\\/dodo-inflatables.com\\\/hu\\\/#website\",\"url\":\"https:\\\/\\\/dodo-inflatables.com\\\/hu\\\/\",\"name\":\"dodo-inflatables.com\",\"description\":\"V\u00e1s\u00e1roljon ugr\u00e1l\u00f3v\u00e1rakat \u00e9s l\u00e1tnival\u00f3kat \u00fczlet\u00fcnkben.\",\"publisher\":{\"@id\":\"https:\\\/\\\/dodo-inflatables.com\\\/hu\\\/#organization\"},\"potentialAction\":[{\"@type\":\"SearchAction\",\"target\":{\"@type\":\"EntryPoint\",\"urlTemplate\":\"https:\\\/\\\/dodo-inflatables.com\\\/hu\\\/?s={search_term_string}\"},\"query-input\":{\"@type\":\"PropertyValueSpecification\",\"valueRequired\":true,\"valueName\":\"search_term_string\"}}],\"inLanguage\":\"hu\"},{\"@type\":\"Organization\",\"@id\":\"https:\\\/\\\/dodo-inflatables.com\\\/hu\\\/#organization\",\"name\":\"dodo-inflatables.com\",\"url\":\"https:\\\/\\\/dodo-inflatables.com\\\/hu\\\/\",\"logo\":{\"@type\":\"ImageObject\",\"inLanguage\":\"hu\",\"@id\":\"https:\\\/\\\/dodo-inflatables.com\\\/hu\\\/#\\\/schema\\\/logo\\\/image\\\/\",\"url\":\"https:\\\/\\\/dodo-inflatables.com\\\/wp-content\\\/uploads\\\/2023\\\/04\\\/cropped-cropped-cropped-Dodo-Logo.png\",\"contentUrl\":\"https:\\\/\\\/dodo-inflatables.com\\\/wp-content\\\/uploads\\\/2023\\\/04\\\/cropped-cropped-cropped-Dodo-Logo.png\",\"width\":2996,\"height\":1545,\"caption\":\"dodo-inflatables.com\"},\"image\":{\"@id\":\"https:\\\/\\\/dodo-inflatables.com\\\/hu\\\/#\\\/schema\\\/logo\\\/image\\\/\"}}]}<\/script>\n<!-- \/ Yoast SEO plugin. -->","yoast_head_json":{"title":"Huawei f\u00fav\u00f3k\u00e1k ugr\u00e1l\u00f3v\u00e1rakhoz | Dodo-Inflatables.com","description":"V\u00e1s\u00e1rolja meg a Huawei f\u00fav\u00f3g\u00e9pet REH-1.5E - 1.5HP a Dodo-Inflatables.com-on | Tisztess\u00e9ges \u00e1rak | Mindig rakt\u00e1ron | Gyors sz\u00e1ll\u00edt\u00e1s!","robots":{"index":"index","follow":"follow","max-snippet":"max-snippet:-1","max-image-preview":"max-image-preview:large","max-video-preview":"max-video-preview:-1"},"canonical":"https:\/\/dodo-inflatables.com\/hu\/termek\/huawei-fuvo-reh-1-5e-1-5ps\/","twitter_misc":{"Becs\u00fclt olvas\u00e1si id\u0151":"1 perc"},"schema":{"@context":"https:\/\/schema.org","@graph":[{"@type":"WebPage","@id":"https:\/\/dodo-inflatables.com\/hu\/termek\/huawei-fuvo-reh-1-5e-1-5ps\/","url":"https:\/\/dodo-inflatables.com\/hu\/termek\/huawei-fuvo-reh-1-5e-1-5ps\/","name":"Huawei f\u00fav\u00f3k\u00e1k ugr\u00e1l\u00f3v\u00e1rakhoz | Dodo-Inflatables.com","isPartOf":{"@id":"https:\/\/dodo-inflatables.com\/hu\/#website"},"primaryImageOfPage":{"@id":"https:\/\/dodo-inflatables.com\/hu\/termek\/huawei-fuvo-reh-1-5e-1-5ps\/#primaryimage"},"image":{"@id":"https:\/\/dodo-inflatables.com\/hu\/termek\/huawei-fuvo-reh-1-5e-1-5ps\/#primaryimage"},"thumbnailUrl":"https:\/\/dodo-inflatables.com\/wp-content\/uploads\/2020\/12\/Hupfburg-Geblase-Huawei-kaufen_0007_Air-Blower-REH-1.5E.jpg","datePublished":"2020-12-29T13:33:01+00:00","dateModified":"2026-03-12T13:41:04+00:00","description":"V\u00e1s\u00e1rolja meg a Huawei f\u00fav\u00f3g\u00e9pet REH-1.5E - 1.5HP a Dodo-Inflatables.com-on | Tisztess\u00e9ges \u00e1rak | Mindig rakt\u00e1ron | Gyors sz\u00e1ll\u00edt\u00e1s!","breadcrumb":{"@id":"https:\/\/dodo-inflatables.com\/hu\/termek\/huawei-fuvo-reh-1-5e-1-5ps\/#breadcrumb"},"inLanguage":"hu","potentialAction":[{"@type":"ReadAction","target":["https:\/\/dodo-inflatables.com\/hu\/termek\/huawei-fuvo-reh-1-5e-1-5ps\/"]}]},{"@type":"ImageObject","inLanguage":"hu","@id":"https:\/\/dodo-inflatables.com\/hu\/termek\/huawei-fuvo-reh-1-5e-1-5ps\/#primaryimage","url":"https:\/\/dodo-inflatables.com\/wp-content\/uploads\/2020\/12\/Hupfburg-Geblase-Huawei-kaufen_0007_Air-Blower-REH-1.5E.jpg","contentUrl":"https:\/\/dodo-inflatables.com\/wp-content\/uploads\/2020\/12\/Hupfburg-Geblase-Huawei-kaufen_0007_Air-Blower-REH-1.5E.jpg","width":500,"height":500},{"@type":"BreadcrumbList","@id":"https:\/\/dodo-inflatables.com\/hu\/termek\/huawei-fuvo-reh-1-5e-1-5ps\/#breadcrumb","itemListElement":[{"@type":"ListItem","position":1,"name":"Kezd\u0151lap","item":"https:\/\/dodo-inflatables.com\/hu\/"},{"@type":"ListItem","position":2,"name":"Shop","item":"https:\/\/dodo-inflatables.com\/hu\/shop\/"},{"@type":"ListItem","position":3,"name":"Huawei f\u00fav\u00f3 REH-1.5E &#8211; 1.5PS"}]},{"@type":"WebSite","@id":"https:\/\/dodo-inflatables.com\/hu\/#website","url":"https:\/\/dodo-inflatables.com\/hu\/","name":"dodo-inflatables.com","description":"V\u00e1s\u00e1roljon ugr\u00e1l\u00f3v\u00e1rakat \u00e9s l\u00e1tnival\u00f3kat \u00fczlet\u00fcnkben.","publisher":{"@id":"https:\/\/dodo-inflatables.com\/hu\/#organization"},"potentialAction":[{"@type":"SearchAction","target":{"@type":"EntryPoint","urlTemplate":"https:\/\/dodo-inflatables.com\/hu\/?s={search_term_string}"},"query-input":{"@type":"PropertyValueSpecification","valueRequired":true,"valueName":"search_term_string"}}],"inLanguage":"hu"},{"@type":"Organization","@id":"https:\/\/dodo-inflatables.com\/hu\/#organization","name":"dodo-inflatables.com","url":"https:\/\/dodo-inflatables.com\/hu\/","logo":{"@type":"ImageObject","inLanguage":"hu","@id":"https:\/\/dodo-inflatables.com\/hu\/#\/schema\/logo\/image\/","url":"https:\/\/dodo-inflatables.com\/wp-content\/uploads\/2023\/04\/cropped-cropped-cropped-Dodo-Logo.png","contentUrl":"https:\/\/dodo-inflatables.com\/wp-content\/uploads\/2023\/04\/cropped-cropped-cropped-Dodo-Logo.png","width":2996,"height":1545,"caption":"dodo-inflatables.com"},"image":{"@id":"https:\/\/dodo-inflatables.com\/hu\/#\/schema\/logo\/image\/"}}]}},"uagb_featured_image_src":{"full":["https:\/\/dodo-inflatables.com\/wp-content\/uploads\/2020\/12\/Hupfburg-Geblase-Huawei-kaufen_0007_Air-Blower-REH-1.5E.jpg",500,500,false],"thumbnail":["https:\/\/dodo-inflatables.com\/wp-content\/uploads\/2020\/12\/Hupfburg-Geblase-Huawei-kaufen_0007_Air-Blower-REH-1.5E-150x150.jpg",150,150,true],"medium":["https:\/\/dodo-inflatables.com\/wp-content\/uploads\/2020\/12\/Hupfburg-Geblase-Huawei-kaufen_0007_Air-Blower-REH-1.5E-300x300.jpg",300,300,true],"medium_large":["https:\/\/dodo-inflatables.com\/wp-content\/uploads\/2020\/12\/Hupfburg-Geblase-Huawei-kaufen_0007_Air-Blower-REH-1.5E.jpg",500,500,false],"large":["https:\/\/dodo-inflatables.com\/wp-content\/uploads\/2020\/12\/Hupfburg-Geblase-Huawei-kaufen_0007_Air-Blower-REH-1.5E.jpg",500,500,false],"1536x1536":["https:\/\/dodo-inflatables.com\/wp-content\/uploads\/2020\/12\/Hupfburg-Geblase-Huawei-kaufen_0007_Air-Blower-REH-1.5E.jpg",500,500,false],"2048x2048":["https:\/\/dodo-inflatables.com\/wp-content\/uploads\/2020\/12\/Hupfburg-Geblase-Huawei-kaufen_0007_Air-Blower-REH-1.5E.jpg",500,500,false],"woocommerce_thumbnail":["https:\/\/dodo-inflatables.com\/wp-content\/uploads\/2020\/12\/Hupfburg-Geblase-Huawei-kaufen_0007_Air-Blower-REH-1.5E.jpg",500,500,false],"woocommerce_single":["https:\/\/dodo-inflatables.com\/wp-content\/uploads\/2020\/12\/Hupfburg-Geblase-Huawei-kaufen_0007_Air-Blower-REH-1.5E.jpg",500,500,false],"woocommerce_gallery_thumbnail":["https:\/\/dodo-inflatables.com\/wp-content\/uploads\/2020\/12\/Hupfburg-Geblase-Huawei-kaufen_0007_Air-Blower-REH-1.5E-100x100.jpg",100,100,true]},"uagb_author_info":{"display_name":"Andreas","author_link":"https:\/\/dodo-inflatables.com\/hu\/author\/"},"uagb_comment_info":0,"uagb_excerpt":"Huawei ugr\u00e1l\u00f3v\u00e1r f\u00fav\u00f3 REH-1.5E - 1.5PS Alkalmas minden felaj\u00e1nlott ugr\u00e1l\u00f3v\u00e1rhoz \u00e9s rendezv\u00e9nymodulhoz Professzion\u00e1lis min\u0151s\u00e9g\u0171 - kereskedelmi \u00e9s mag\u00e1nhaszn\u00e1latra egyar\u00e1nt alkalmas","_links":{"self":[{"href":"https:\/\/dodo-inflatables.com\/hu\/wp-json\/wp\/v2\/product\/11729","targetHints":{"allow":["GET"]}}],"collection":[{"href":"https:\/\/dodo-inflatables.com\/hu\/wp-json\/wp\/v2\/product"}],"about":[{"href":"https:\/\/dodo-inflatables.com\/hu\/wp-json\/wp\/v2\/types\/product"}],"replies":[{"embeddable":true,"href":"https:\/\/dodo-inflatables.com\/hu\/wp-json\/wp\/v2\/comments?post=11729"}],"wp:featuredmedia":[{"embeddable":true,"href":"https:\/\/dodo-inflatables.com\/hu\/wp-json\/wp\/v2\/media\/10258"}],"wp:attachment":[{"href":"https:\/\/dodo-inflatables.com\/hu\/wp-json\/wp\/v2\/media?parent=11729"}],"wp:term":[{"taxonomy":"product_brand","embeddable":true,"href":"https:\/\/dodo-inflatables.com\/hu\/wp-json\/wp\/v2\/product_brand?post=11729"},{"taxonomy":"product_cat","embeddable":true,"href":"https:\/\/dodo-inflatables.com\/hu\/wp-json\/wp\/v2\/product_cat?post=11729"},{"taxonomy":"product_tag","embeddable":true,"href":"https:\/\/dodo-inflatables.com\/hu\/wp-json\/wp\/v2\/product_tag?post=11729"}],"curies":[{"name":"wp","href":"https:\/\/api.w.org\/{rel}","templated":true}]}}