{"id":11766,"date":"2024-03-26T17:00:35","date_gmt":"2024-03-26T16:00:35","guid":{"rendered":"https:\/\/dodo-inflatables.com\/product\/huawei-fuvo-reh-2e-2ps\/"},"modified":"2026-04-23T20:46:29","modified_gmt":"2026-04-23T18:46:29","slug":"huawei-fuvo-reh-2e-2ps","status":"publish","type":"product","link":"https:\/\/dodo-inflatables.com\/hu\/termek\/huawei-fuvo-reh-2e-2ps\/","title":{"rendered":"Huawei f\u00fav\u00f3 REH-2E &#8211; 2 HP"},"content":{"rendered":"<h2>V\u00e1s\u00e1roljon Huawei f\u00fav\u00f3t ugr\u00e1l\u00f3v\u00e1rakhoz REH-2E &#8211; 2 HP<\/h2>\n<p>A Huawei f\u00fav\u00f3 ugr\u00e1l\u00f3v\u00e1rakhoz pontosan a megfelel\u0151 v\u00e1laszt\u00e1s b\u00e9rl\u0151 c\u00e9gek vagy t\u00f6bb ugr\u00e1l\u00f3v\u00e1rral rendelkez\u0151 v\u00e1s\u00e1rl\u00f3k sz\u00e1m\u00e1ra.<br \/>\n<strong>Er\u0151s l\u00e9g\u00e1raml\u00e1s:<\/strong> Optim\u00e1lis l\u00e9g\u00e1raml\u00e1sra tervezve, gyorsan \u00e9s hat\u00e9konyan felf\u00fajja az ugr\u00e1l\u00f3v\u00e1rat, mik\u00f6zben az eg\u00e9sz haszn\u00e1lat sor\u00e1n megfelel\u0151 l\u00e9gnyom\u00e1st tart fenn.<br \/>\n<strong>Sokoldal\u00fa kompatibilit\u00e1s:<\/strong> Alkalmas felf\u00fajhat\u00f3 konstrukci\u00f3k sz\u00e9les k\u00f6r\u00e9re, az ugr\u00e1l\u00f3v\u00e1rakt\u00f3l a felf\u00fajhat\u00f3 cs\u00faszd\u00e1kig \u00e9s m\u00e9g sok m\u00e1sig.<br \/>\n<strong>Friss\u00edt\u00e9si lehet\u0151s\u00e9gek:<\/strong> B\u0151v\u00edt\u00e9si lehet\u0151s\u00e9geinek k\u00f6sz\u00f6nhet\u0151en a f\u00fav\u00f3 felszerelhet\u0151 defl\u00e1torral az ugr\u00e1l\u00f3v\u00e1rb\u00f3l val\u00f3 leveg\u0151 kisz\u00edv\u00e1s\u00e1hoz \u00e9s a gyorsabb leereszt\u00e9s \u00e9s csomagol\u00e1s \u00e9rdek\u00e9ben. A Huawei f\u00fav\u00f3 f\u0171t\u0151egys\u00e9g-kieg\u00e9sz\u00edt\u0151vel is b\u0151v\u00edthet\u0151. Ez a f\u0171t\u0151egys\u00e9g szabadalmaztatott gyorskattint\u00f3 rendszer seg\u00edts\u00e9g\u00e9vel csatlakozik a f\u00fav\u00f3hoz, \u00e9s felmeleg\u00edti az ugr\u00e1l\u00f3v\u00e1rba f\u00fajt leveg\u0151t. Ez lehet\u0151v\u00e9 teszi, hogy a nedves ugr\u00e1l\u00f3v\u00e1r sokkal gyorsabban megsz\u00e1radjon, an\u00e9lk\u00fcl hogy sok \u00f3r\u00e1nyi sz\u00e1rad\u00e1si id\u0151re lenne sz\u00fcks\u00e9g.<br \/>\n&nbsp;<\/p>\n<h3><strong>A Huawei f\u00fav\u00f3 REH-2E &#8211; 2 HP r\u00e9szletei<\/strong><\/h3>\n<ul>\n<li>Anyag: kiv\u00e1l\u00f3 min\u0151s\u00e9g\u0171 m\u0171anyag h\u00e1z<\/li>\n<li>Teljes\u00edtm\u00e9ny: 2,4 kW, 2 HP<\/li>\n<li>Csatlakoz\u00e1s: Schuko dug\u00f3<\/li>\n<li>T\u00f6lcs\u00e9r \u00e1tm\u00e9r\u0151je: 14,5 cm<\/li>\n<li>M\u00e9retek: 49 x 38,5 x 49,5 cm<\/li>\n<li>S\u00faly: 18,1 kg<\/li>\n<li>Zajszint: 91 dB<\/li>\n<li>WEEE regisztr\u00e1ci\u00f3s sz\u00e1m: DE 82972723<\/li>\n<\/ul>\n<p><span style=\"color: #ff0000;\"><strong>Ez a f\u00fav\u00f3 csak nagyon nagy ugr\u00e1l\u00f3v\u00e1rakhoz \u00e9s olyan r\u00e9gebbi felf\u00fajhat\u00f3 konstrukci\u00f3khoz sz\u00fcks\u00e9ges, amelyek varratai kiss\u00e9 meglazultak, \u00e9s ez\u00e9rt fokozott leveg\u0151sziv\u00e1rg\u00e1st tesznek lehet\u0151v\u00e9.<\/strong><\/span><br \/>\n<span style=\"color: #ff0000;\"><strong>Minden szabv\u00e1nyos ugr\u00e1l\u00f3v\u00e1runkhoz k\u00e9rj\u00fck, haszn\u00e1lja a Huawei 1,5 HP f\u00fav\u00f3t.<\/strong><\/span><br \/>\n&nbsp;<\/p>\n","protected":false},"excerpt":{"rendered":"<ul>\n<li>Anyag: kiv\u00e1l\u00f3 min\u0151s\u00e9g\u0171 m\u0171anyag h\u00e1z<\/li>\n<li>Teljes\u00edtm\u00e9ny: 2,4 kW, 2 HP<\/li>\n<li>Csatlakoz\u00e1s: Schuko dug\u00f3<\/li>\n<li>T\u00f6lcs\u00e9r \u00e1tm\u00e9r\u0151je: 14,5 cm<\/li>\n<li>M\u00e9retek: 49 x 38,5 x 49,5 cm<\/li>\n<li>S\u00faly: 18,1 kg<\/li>\n<li>Zajszint: 91 dB<\/li>\n<li>WEEE regisztr\u00e1ci\u00f3s sz\u00e1m: DE 82972723<\/li>\n<\/ul>\n","protected":false},"featured_media":104830,"comment_status":"open","ping_status":"closed","template":"","meta":{"_acf_changed":false,"_uag_custom_page_level_css":"","site-sidebar-layout":"default","site-content-layout":"boxed-container","ast-site-content-layout":"normal-width-container","site-content-style":"boxed","site-sidebar-style":"boxed","ast-global-header-display":"","ast-banner-title-visibility":"","ast-main-header-display":"","ast-hfb-above-header-display":"","ast-hfb-below-header-display":"","ast-hfb-mobile-header-display":"","site-post-title":"disabled","ast-breadcrumbs-content":"","ast-featured-img":"","footer-sml-layout":"","ast-disable-related-posts":"","theme-transparent-header-meta":"default","adv-header-id-meta":"","stick-header-meta":"default","header-above-stick-meta":"","header-main-stick-meta":"","header-below-stick-meta":"","astra-migrate-meta-layouts":"default","ast-page-background-enabled":"default","ast-page-background-meta":{"desktop":{"background-color":"var(--ast-global-color-4)","background-image":"","background-repeat":"repeat","background-position":"center center","background-size":"auto","background-attachment":"scroll","background-type":"","background-media":"","overlay-type":"","overlay-color":"","overlay-opacity":"","overlay-gradient":""},"tablet":{"background-color":"","background-image":"","background-repeat":"repeat","background-position":"center center","background-size":"auto","background-attachment":"scroll","background-type":"","background-media":"","overlay-type":"","overlay-color":"","overlay-opacity":"","overlay-gradient":""},"mobile":{"background-color":"","background-image":"","background-repeat":"repeat","background-position":"center center","background-size":"auto","background-attachment":"scroll","background-type":"","background-media":"","overlay-type":"","overlay-color":"","overlay-opacity":"","overlay-gradient":""}},"ast-content-background-meta":{"desktop":{"background-color":"var(--ast-global-color-5)","background-image":"","background-repeat":"repeat","background-position":"center center","background-size":"auto","background-attachment":"scroll","background-type":"","background-media":"","overlay-type":"","overlay-color":"","overlay-opacity":"","overlay-gradient":""},"tablet":{"background-color":"var(--ast-global-color-5)","background-image":"","background-repeat":"repeat","background-position":"center center","background-size":"auto","background-attachment":"scroll","background-type":"","background-media":"","overlay-type":"","overlay-color":"","overlay-opacity":"","overlay-gradient":""},"mobile":{"background-color":"var(--ast-global-color-5)","background-image":"","background-repeat":"repeat","background-position":"center center","background-size":"auto","background-attachment":"scroll","background-type":"","background-media":"","overlay-type":"","overlay-color":"","overlay-opacity":"","overlay-gradient":""}}},"product_brand":[],"product_cat":[829],"product_tag":[],"class_list":{"0":"post-11766","1":"product","2":"type-product","3":"status-publish","4":"has-post-thumbnail","6":"product_cat-kiegeszitok","7":"product_shipping_class-zubehor-hu","8":"desktop-align-center","9":"tablet-align-center","10":"mobile-align-center","11":"ast-product-gallery-layout-horizontal","12":"ast-product-gallery-with-no-image","13":"ast-product-tabs-layout-horizontal","15":"first","16":"instock","17":"taxable","18":"shipping-taxable","19":"purchasable","20":"product-type-simple"},"acf":[],"yoast_head":"<!-- This site is optimized with the Yoast SEO plugin v27.5 - https:\/\/yoast.com\/product\/yoast-seo-wordpress\/ -->\n<title>Huawei f\u00fav\u00f3k\u00e1k ugr\u00e1l\u00f3v\u00e1rakhoz | Dodo-Inflatables.com<\/title>\n<meta name=\"description\" content=\"V\u00e1s\u00e1rolja meg a Huawei f\u00fav\u00f3g\u00e9pet REH-1.5E - 1.5HP a Dodo-Inflatables.com-on | Tisztess\u00e9ges \u00e1rak | Mindig rakt\u00e1ron | Gyors sz\u00e1ll\u00edt\u00e1s!\" \/>\n<meta name=\"robots\" content=\"index, follow, max-snippet:-1, max-image-preview:large, max-video-preview:-1\" \/>\n<link rel=\"canonical\" href=\"https:\/\/dodo-inflatables.com\/hu\/termek\/huawei-fuvo-reh-2e-2ps\/\" \/>\n<meta name=\"twitter:label1\" content=\"Becs\u00fclt olvas\u00e1si id\u0151\" \/>\n\t<meta name=\"twitter:data1\" content=\"2 perc\" \/>\n<script type=\"application\/ld+json\" class=\"yoast-schema-graph\">{\"@context\":\"https:\\\/\\\/schema.org\",\"@graph\":[{\"@type\":\"WebPage\",\"@id\":\"https:\\\/\\\/dodo-inflatables.com\\\/hu\\\/termek\\\/huawei-fuvo-reh-2e-2ps\\\/\",\"url\":\"https:\\\/\\\/dodo-inflatables.com\\\/hu\\\/termek\\\/huawei-fuvo-reh-2e-2ps\\\/\",\"name\":\"Huawei f\u00fav\u00f3k\u00e1k ugr\u00e1l\u00f3v\u00e1rakhoz | Dodo-Inflatables.com\",\"isPartOf\":{\"@id\":\"https:\\\/\\\/dodo-inflatables.com\\\/hu\\\/#website\"},\"primaryImageOfPage\":{\"@id\":\"https:\\\/\\\/dodo-inflatables.com\\\/hu\\\/termek\\\/huawei-fuvo-reh-2e-2ps\\\/#primaryimage\"},\"image\":{\"@id\":\"https:\\\/\\\/dodo-inflatables.com\\\/hu\\\/termek\\\/huawei-fuvo-reh-2e-2ps\\\/#primaryimage\"},\"thumbnailUrl\":\"https:\\\/\\\/dodo-inflatables.com\\\/wp-content\\\/uploads\\\/2020\\\/12\\\/Huawei-Blower.png\",\"datePublished\":\"2024-03-26T16:00:35+00:00\",\"dateModified\":\"2026-04-23T18:46:29+00:00\",\"description\":\"V\u00e1s\u00e1rolja meg a Huawei f\u00fav\u00f3g\u00e9pet REH-1.5E - 1.5HP a Dodo-Inflatables.com-on | Tisztess\u00e9ges \u00e1rak | Mindig rakt\u00e1ron | Gyors sz\u00e1ll\u00edt\u00e1s!\",\"breadcrumb\":{\"@id\":\"https:\\\/\\\/dodo-inflatables.com\\\/hu\\\/termek\\\/huawei-fuvo-reh-2e-2ps\\\/#breadcrumb\"},\"inLanguage\":\"hu\",\"potentialAction\":[{\"@type\":\"ReadAction\",\"target\":[\"https:\\\/\\\/dodo-inflatables.com\\\/hu\\\/termek\\\/huawei-fuvo-reh-2e-2ps\\\/\"]}]},{\"@type\":\"ImageObject\",\"inLanguage\":\"hu\",\"@id\":\"https:\\\/\\\/dodo-inflatables.com\\\/hu\\\/termek\\\/huawei-fuvo-reh-2e-2ps\\\/#primaryimage\",\"url\":\"https:\\\/\\\/dodo-inflatables.com\\\/wp-content\\\/uploads\\\/2020\\\/12\\\/Huawei-Blower.png\",\"contentUrl\":\"https:\\\/\\\/dodo-inflatables.com\\\/wp-content\\\/uploads\\\/2020\\\/12\\\/Huawei-Blower.png\",\"width\":500,\"height\":500,\"caption\":\"Huawei f\u00fav\u00f3 REH-2E - 2 HP | Dodo Inflatables\"},{\"@type\":\"BreadcrumbList\",\"@id\":\"https:\\\/\\\/dodo-inflatables.com\\\/hu\\\/termek\\\/huawei-fuvo-reh-2e-2ps\\\/#breadcrumb\",\"itemListElement\":[{\"@type\":\"ListItem\",\"position\":1,\"name\":\"Kezd\u0151lap\",\"item\":\"https:\\\/\\\/dodo-inflatables.com\\\/hu\\\/\"},{\"@type\":\"ListItem\",\"position\":2,\"name\":\"Shop\",\"item\":\"https:\\\/\\\/dodo-inflatables.com\\\/hu\\\/shop\\\/\"},{\"@type\":\"ListItem\",\"position\":3,\"name\":\"Huawei f\u00fav\u00f3 REH-2E &#8211; 2PS\"}]},{\"@type\":\"WebSite\",\"@id\":\"https:\\\/\\\/dodo-inflatables.com\\\/hu\\\/#website\",\"url\":\"https:\\\/\\\/dodo-inflatables.com\\\/hu\\\/\",\"name\":\"dodo-inflatables.com\",\"description\":\"V\u00e1s\u00e1roljon ugr\u00e1l\u00f3v\u00e1rakat \u00e9s l\u00e1tnival\u00f3kat \u00fczlet\u00fcnkben.\",\"potentialAction\":[{\"@type\":\"SearchAction\",\"target\":{\"@type\":\"EntryPoint\",\"urlTemplate\":\"https:\\\/\\\/dodo-inflatables.com\\\/hu\\\/?s={search_term_string}\"},\"query-input\":{\"@type\":\"PropertyValueSpecification\",\"valueRequired\":true,\"valueName\":\"search_term_string\"}}],\"inLanguage\":\"hu\"}]}<\/script>\n<!-- \/ Yoast SEO plugin. -->","yoast_head_json":{"title":"Huawei f\u00fav\u00f3k\u00e1k ugr\u00e1l\u00f3v\u00e1rakhoz | Dodo-Inflatables.com","description":"V\u00e1s\u00e1rolja meg a Huawei f\u00fav\u00f3g\u00e9pet REH-1.5E - 1.5HP a Dodo-Inflatables.com-on | Tisztess\u00e9ges \u00e1rak | Mindig rakt\u00e1ron | Gyors sz\u00e1ll\u00edt\u00e1s!","robots":{"index":"index","follow":"follow","max-snippet":"max-snippet:-1","max-image-preview":"max-image-preview:large","max-video-preview":"max-video-preview:-1"},"canonical":"https:\/\/dodo-inflatables.com\/hu\/termek\/huawei-fuvo-reh-2e-2ps\/","twitter_misc":{"Becs\u00fclt olvas\u00e1si id\u0151":"2 perc"},"schema":{"@context":"https:\/\/schema.org","@graph":[{"@type":"WebPage","@id":"https:\/\/dodo-inflatables.com\/hu\/termek\/huawei-fuvo-reh-2e-2ps\/","url":"https:\/\/dodo-inflatables.com\/hu\/termek\/huawei-fuvo-reh-2e-2ps\/","name":"Huawei f\u00fav\u00f3k\u00e1k ugr\u00e1l\u00f3v\u00e1rakhoz | Dodo-Inflatables.com","isPartOf":{"@id":"https:\/\/dodo-inflatables.com\/hu\/#website"},"primaryImageOfPage":{"@id":"https:\/\/dodo-inflatables.com\/hu\/termek\/huawei-fuvo-reh-2e-2ps\/#primaryimage"},"image":{"@id":"https:\/\/dodo-inflatables.com\/hu\/termek\/huawei-fuvo-reh-2e-2ps\/#primaryimage"},"thumbnailUrl":"https:\/\/dodo-inflatables.com\/wp-content\/uploads\/2020\/12\/Huawei-Blower.png","datePublished":"2024-03-26T16:00:35+00:00","dateModified":"2026-04-23T18:46:29+00:00","description":"V\u00e1s\u00e1rolja meg a Huawei f\u00fav\u00f3g\u00e9pet REH-1.5E - 1.5HP a Dodo-Inflatables.com-on | Tisztess\u00e9ges \u00e1rak | Mindig rakt\u00e1ron | Gyors sz\u00e1ll\u00edt\u00e1s!","breadcrumb":{"@id":"https:\/\/dodo-inflatables.com\/hu\/termek\/huawei-fuvo-reh-2e-2ps\/#breadcrumb"},"inLanguage":"hu","potentialAction":[{"@type":"ReadAction","target":["https:\/\/dodo-inflatables.com\/hu\/termek\/huawei-fuvo-reh-2e-2ps\/"]}]},{"@type":"ImageObject","inLanguage":"hu","@id":"https:\/\/dodo-inflatables.com\/hu\/termek\/huawei-fuvo-reh-2e-2ps\/#primaryimage","url":"https:\/\/dodo-inflatables.com\/wp-content\/uploads\/2020\/12\/Huawei-Blower.png","contentUrl":"https:\/\/dodo-inflatables.com\/wp-content\/uploads\/2020\/12\/Huawei-Blower.png","width":500,"height":500,"caption":"Huawei f\u00fav\u00f3 REH-2E - 2 HP | Dodo Inflatables"},{"@type":"BreadcrumbList","@id":"https:\/\/dodo-inflatables.com\/hu\/termek\/huawei-fuvo-reh-2e-2ps\/#breadcrumb","itemListElement":[{"@type":"ListItem","position":1,"name":"Kezd\u0151lap","item":"https:\/\/dodo-inflatables.com\/hu\/"},{"@type":"ListItem","position":2,"name":"Shop","item":"https:\/\/dodo-inflatables.com\/hu\/shop\/"},{"@type":"ListItem","position":3,"name":"Huawei f\u00fav\u00f3 REH-2E &#8211; 2PS"}]},{"@type":"WebSite","@id":"https:\/\/dodo-inflatables.com\/hu\/#website","url":"https:\/\/dodo-inflatables.com\/hu\/","name":"dodo-inflatables.com","description":"V\u00e1s\u00e1roljon ugr\u00e1l\u00f3v\u00e1rakat \u00e9s l\u00e1tnival\u00f3kat \u00fczlet\u00fcnkben.","potentialAction":[{"@type":"SearchAction","target":{"@type":"EntryPoint","urlTemplate":"https:\/\/dodo-inflatables.com\/hu\/?s={search_term_string}"},"query-input":{"@type":"PropertyValueSpecification","valueRequired":true,"valueName":"search_term_string"}}],"inLanguage":"hu"}]}},"uagb_featured_image_src":{"full":["https:\/\/dodo-inflatables.com\/wp-content\/uploads\/2020\/12\/Huawei-Blower.png",500,500,false],"thumbnail":["https:\/\/dodo-inflatables.com\/wp-content\/uploads\/2020\/12\/Huawei-Blower-150x150.png",150,150,true],"medium":["https:\/\/dodo-inflatables.com\/wp-content\/uploads\/2020\/12\/Huawei-Blower-300x300.png",300,300,true],"medium_large":["https:\/\/dodo-inflatables.com\/wp-content\/uploads\/2020\/12\/Huawei-Blower.png",500,500,false],"large":["https:\/\/dodo-inflatables.com\/wp-content\/uploads\/2020\/12\/Huawei-Blower.png",500,500,false],"1536x1536":["https:\/\/dodo-inflatables.com\/wp-content\/uploads\/2020\/12\/Huawei-Blower.png",500,500,false],"2048x2048":["https:\/\/dodo-inflatables.com\/wp-content\/uploads\/2020\/12\/Huawei-Blower.png",500,500,false],"woocommerce_thumbnail":["https:\/\/dodo-inflatables.com\/wp-content\/uploads\/2020\/12\/Huawei-Blower.png",500,500,false],"woocommerce_single":["https:\/\/dodo-inflatables.com\/wp-content\/uploads\/2020\/12\/Huawei-Blower.png",500,500,false],"woocommerce_gallery_thumbnail":["https:\/\/dodo-inflatables.com\/wp-content\/uploads\/2020\/12\/Huawei-Blower-100x100.png",100,100,true]},"uagb_author_info":{"display_name":"Andreas","author_link":"https:\/\/dodo-inflatables.com\/hu\/author\/"},"uagb_comment_info":0,"uagb_excerpt":"Anyag: kiv\u00e1l\u00f3 min\u0151s\u00e9g\u0171 m\u0171anyag h\u00e1z Teljes\u00edtm\u00e9ny: 2,4 kW, 2 HP Csatlakoz\u00e1s: Schuko dug\u00f3 T\u00f6lcs\u00e9r \u00e1tm\u00e9r\u0151je: 14,5 cm M\u00e9retek: 49 x 38,5 x 49,5 cm S\u00faly: 18,1 kg Zajszint: 91 dB WEEE regisztr\u00e1ci\u00f3s sz\u00e1m: DE 82972723","_links":{"self":[{"href":"https:\/\/dodo-inflatables.com\/hu\/wp-json\/wp\/v2\/product\/11766","targetHints":{"allow":["GET"]}}],"collection":[{"href":"https:\/\/dodo-inflatables.com\/hu\/wp-json\/wp\/v2\/product"}],"about":[{"href":"https:\/\/dodo-inflatables.com\/hu\/wp-json\/wp\/v2\/types\/product"}],"replies":[{"embeddable":true,"href":"https:\/\/dodo-inflatables.com\/hu\/wp-json\/wp\/v2\/comments?post=11766"}],"wp:featuredmedia":[{"embeddable":true,"href":"https:\/\/dodo-inflatables.com\/hu\/wp-json\/wp\/v2\/media\/104830"}],"wp:attachment":[{"href":"https:\/\/dodo-inflatables.com\/hu\/wp-json\/wp\/v2\/media?parent=11766"}],"wp:term":[{"taxonomy":"product_brand","embeddable":true,"href":"https:\/\/dodo-inflatables.com\/hu\/wp-json\/wp\/v2\/product_brand?post=11766"},{"taxonomy":"product_cat","embeddable":true,"href":"https:\/\/dodo-inflatables.com\/hu\/wp-json\/wp\/v2\/product_cat?post=11766"},{"taxonomy":"product_tag","embeddable":true,"href":"https:\/\/dodo-inflatables.com\/hu\/wp-json\/wp\/v2\/product_tag?post=11766"}],"curies":[{"name":"wp","href":"https:\/\/api.w.org\/{rel}","templated":true}]}}