{"id":16129,"date":"2024-07-10T13:01:33","date_gmt":"2024-07-10T11:01:33","guid":{"rendered":"https:\/\/dodo-inflatables.com\/?post_type=product&#038;p=16129"},"modified":"2026-04-25T18:22:11","modified_gmt":"2026-04-25T16:22:11","slug":"hangtompito-a-felfujhato-fuvohoz-copy","status":"publish","type":"product","link":"https:\/\/dodo-inflatables.com\/hu\/termek\/hangtompito-a-felfujhato-fuvohoz-copy\/","title":{"rendered":"Ugr\u00e1l\u00f3v\u00e1rak sz\u00e1ll\u00edt\u00f3t\u00e1sk\u00e1i XS"},"content":{"rendered":"<h2>V\u00e1s\u00e1roljon ugr\u00e1l\u00f3v\u00e1rak sz\u00e1ll\u00edt\u00f3t\u00e1sk\u00e1it<\/h2>\n<p>Ugr\u00e1l\u00f3v\u00e1rak sz\u00e1ll\u00edt\u00f3t\u00e1sk\u00e1ink ide\u00e1lis megold\u00e1st k\u00edn\u00e1lnak b\u00e9rl\u0151 c\u00e9gek vagy t\u00f6bb ugr\u00e1l\u00f3v\u00e1rral rendelkez\u0151 \u00fcgyfelek sz\u00e1m\u00e1ra.<br \/>\n<strong>Praktikus foganty\u00fak<\/strong>: A foganty\u00fak lehet\u0151v\u00e9 teszik a t\u00e1sk\u00e1k egyszer\u0171 kezel\u00e9s\u00e9t \u00e9s megk\u00f6nny\u00edtik a felf\u00fajhat\u00f3 konstrukci\u00f3k mozgat\u00e1s\u00e1t. K\u00e9rj\u00fck, vegye figyelembe, hogy a felf\u00fajhat\u00f3 konstrukci\u00f3 s\u00faly\u00e1t\u00f3l f\u00fcgg\u0151en a foganty\u00fak nem mindig b\u00edrj\u00e1k el a teljes s\u00falyt, ez\u00e9rt \u00f3vatosan kell haszn\u00e1lni \u0151ket, hogy elker\u00fclj\u00fck leszakad\u00e1sukat.<br \/>\n<strong>Biztons\u00e1gos r\u00f6gz\u00edt\u00e9si lehet\u0151s\u00e9gek<\/strong>: A sz\u00e1ll\u00edt\u00f3t\u00e1sk\u00e1k fel\u00fcl hurkokkal biztons\u00e1gosan lek\u00f6thet\u0151k, \u00edgy a felf\u00fajhat\u00f3 konstrukci\u00f3 sz\u00e1ll\u00edt\u00e1s k\u00f6zben v\u00e9dett \u00e9s j\u00f3l csomagolt marad. Ez megakad\u00e1lyozza a v\u00e9letlen kiny\u00edl\u00e1st \u00e9s biztos\u00edtja, hogy a felf\u00fajhat\u00f3 konstrulci\u00f3 tiszta \u00e9s rendezett maradjon.<br \/>\n<strong>V\u00e9delem sz\u00e1ll\u00edt\u00e1si s\u00e9r\u00fcl\u00e9sek ellen<\/strong>: Sz\u00e1ll\u00edt\u00f3t\u00e1sk\u00e1inkat kifejezetten arra tervezt\u00e9k, hogy megv\u00e9dj\u00e9k felf\u00fajhat\u00f3 konstrukci\u00f3it a sz\u00e1ll\u00edt\u00e1si s\u00e9r\u00fcl\u00e9sekt\u0151l. A kop\u00e1s\u00e1ll\u00f3 anyag v\u00e9di a felf\u00fajhat\u00f3 konstrukci\u00f3kat a szennyez\u0151d\u00e9st\u0151l, port\u00f3l \u00e9s mechanikai hat\u00e1sokt\u00f3l, hogy mindig t\u00f6k\u00e9letes \u00e1llapotban \u00e9rkezzenek meg rendeltet\u00e9si hely\u00fckre.<br \/>\nFelf\u00fajhat\u00f3 konstrukci\u00f3ink sz\u00e1ll\u00edt\u00f3t\u00e1sk\u00e1i a funkcionalit\u00e1s \u00e9s a k\u00e9nyelem t\u00f6k\u00e9letes kombin\u00e1ci\u00f3j\u00e1t k\u00edn\u00e1lj\u00e1k. Jelent\u0151sen megk\u00f6nny\u00edtik felf\u00fajhat\u00f3 konstrukci\u00f3inak sz\u00e1ll\u00edt\u00e1s\u00e1t, \u00e9s biztos\u00edtj\u00e1k, hogy felf\u00fajhat\u00f3 konstrukci\u00f3i mindig cs\u00facs\u00e1llapotban maradjanak.<\/p>\n<h3>Az XS m\u00e9ret\u0171 sz\u00e1ll\u00edt\u00f3t\u00e1ska r\u00e9szletei<\/h3>\n<ul>\n<li>Anyag: PVC (0,55 mm \/ 621,3 g\/m\u00b2)<\/li>\n<li>\u00c1tm\u00e9r\u0151 80 cm<\/li>\n<li>Magass\u00e1g 100 cm<\/li>\n<li>Vegyes sz\u00ednek<\/li>\n<\/ul>\n<p><strong>Minden felf\u00fajhat\u00f3 konstrukci\u00f3 sz\u00e1ll\u00edt\u00f3t\u00e1sk\u00e1ban ker\u00fcl kisz\u00e1ll\u00edt\u00e1sra, nem sz\u00fcks\u00e9ges tov\u00e1bbi t\u00e1sk\u00e1t rendelni.<\/strong><\/p>\n","protected":false},"excerpt":{"rendered":"<ul>\n<li>Sz\u00e1ll\u00edt\u00f3t\u00e1ska XS m\u00e9retben (\u00e1tm\u00e9r\u0151 80 cm, magass\u00e1g 100 cm)<\/li>\n<li>Anyag: PVC (0,55 mm \/ 621,3 g\/m\u00b2)<\/li>\n<li>Vegyes sz\u00ednek<\/li>\n<\/ul>\n","protected":false},"featured_media":55171,"comment_status":"open","ping_status":"closed","template":"","meta":{"_acf_changed":false,"_uag_custom_page_level_css":"","site-sidebar-layout":"default","site-content-layout":"boxed-container","ast-site-content-layout":"normal-width-container","site-content-style":"boxed","site-sidebar-style":"boxed","ast-global-header-display":"","ast-banner-title-visibility":"","ast-main-header-display":"","ast-hfb-above-header-display":"","ast-hfb-below-header-display":"","ast-hfb-mobile-header-display":"","site-post-title":"disabled","ast-breadcrumbs-content":"","ast-featured-img":"","footer-sml-layout":"","ast-disable-related-posts":"","theme-transparent-header-meta":"default","adv-header-id-meta":"","stick-header-meta":"default","header-above-stick-meta":"","header-main-stick-meta":"","header-below-stick-meta":"","astra-migrate-meta-layouts":"set","ast-page-background-enabled":"default","ast-page-background-meta":{"desktop":{"background-color":"var(--ast-global-color-4)","background-image":"","background-repeat":"repeat","background-position":"center center","background-size":"auto","background-attachment":"scroll","background-type":"","background-media":"","overlay-type":"","overlay-color":"","overlay-opacity":"","overlay-gradient":""},"tablet":{"background-color":"","background-image":"","background-repeat":"repeat","background-position":"center center","background-size":"auto","background-attachment":"scroll","background-type":"","background-media":"","overlay-type":"","overlay-color":"","overlay-opacity":"","overlay-gradient":""},"mobile":{"background-color":"","background-image":"","background-repeat":"repeat","background-position":"center center","background-size":"auto","background-attachment":"scroll","background-type":"","background-media":"","overlay-type":"","overlay-color":"","overlay-opacity":"","overlay-gradient":""}},"ast-content-background-meta":{"desktop":{"background-color":"var(--ast-global-color-5)","background-image":"","background-repeat":"repeat","background-position":"center center","background-size":"auto","background-attachment":"scroll","background-type":"","background-media":"","overlay-type":"","overlay-color":"","overlay-opacity":"","overlay-gradient":""},"tablet":{"background-color":"var(--ast-global-color-5)","background-image":"","background-repeat":"repeat","background-position":"center center","background-size":"auto","background-attachment":"scroll","background-type":"","background-media":"","overlay-type":"","overlay-color":"","overlay-opacity":"","overlay-gradient":""},"mobile":{"background-color":"var(--ast-global-color-5)","background-image":"","background-repeat":"repeat","background-position":"center center","background-size":"auto","background-attachment":"scroll","background-type":"","background-media":"","overlay-type":"","overlay-color":"","overlay-opacity":"","overlay-gradient":""}}},"product_brand":[],"product_cat":[829],"product_tag":[],"class_list":{"0":"post-16129","1":"product","2":"type-product","3":"status-publish","4":"has-post-thumbnail","6":"product_cat-kiegeszitok","7":"product_shipping_class-zubehor-hu","8":"pa_gtin-0654170861734-hu","9":"desktop-align-center","10":"tablet-align-center","11":"mobile-align-center","12":"ast-product-gallery-layout-horizontal","13":"ast-product-gallery-with-no-image","14":"ast-product-tabs-layout-horizontal","16":"first","17":"instock","18":"taxable","19":"shipping-taxable","20":"purchasable","21":"product-type-simple"},"acf":[],"yoast_head":"<!-- This site is optimized with the Yoast SEO plugin v27.5 - https:\/\/yoast.com\/product\/yoast-seo-wordpress\/ -->\n<title>Felf\u00fajhat\u00f3 sz\u00e1ll\u00edt\u00f3zs\u00e1kok v\u00e1s\u00e1rl\u00e1sa | Dodo-Inflatables.com<\/title>\n<meta name=\"description\" content=\"V\u00e1s\u00e1roljon sz\u00e1ll\u00edt\u00f3zs\u00e1kokat felf\u00fajhat\u00f3 j\u00e1t\u00e9kokhoz \u00e9s ugr\u00e1l\u00f3v\u00e1rakhoz a Dodo-Inflatables.com-on | EN14960 szabv\u00e1ny szerint tan\u00fas\u00edtott | Gyors sz\u00e1ll\u00edt\u00e1s!\" \/>\n<meta name=\"robots\" content=\"index, follow, max-snippet:-1, max-image-preview:large, max-video-preview:-1\" \/>\n<link rel=\"canonical\" href=\"https:\/\/dodo-inflatables.com\/hu\/termek\/hangtompito-a-felfujhato-fuvohoz-copy\/\" \/>\n<meta name=\"twitter:label1\" content=\"Becs\u00fclt olvas\u00e1si id\u0151\" \/>\n\t<meta name=\"twitter:data1\" content=\"2 perc\" \/>\n<script type=\"application\/ld+json\" class=\"yoast-schema-graph\">{\"@context\":\"https:\\\/\\\/schema.org\",\"@graph\":[{\"@type\":\"WebPage\",\"@id\":\"https:\\\/\\\/dodo-inflatables.com\\\/hu\\\/termek\\\/hangtompito-a-felfujhato-fuvohoz-copy\\\/\",\"url\":\"https:\\\/\\\/dodo-inflatables.com\\\/hu\\\/termek\\\/hangtompito-a-felfujhato-fuvohoz-copy\\\/\",\"name\":\"Felf\u00fajhat\u00f3 sz\u00e1ll\u00edt\u00f3zs\u00e1kok v\u00e1s\u00e1rl\u00e1sa | Dodo-Inflatables.com\",\"isPartOf\":{\"@id\":\"https:\\\/\\\/dodo-inflatables.com\\\/hu\\\/#website\"},\"primaryImageOfPage\":{\"@id\":\"https:\\\/\\\/dodo-inflatables.com\\\/hu\\\/termek\\\/hangtompito-a-felfujhato-fuvohoz-copy\\\/#primaryimage\"},\"image\":{\"@id\":\"https:\\\/\\\/dodo-inflatables.com\\\/hu\\\/termek\\\/hangtompito-a-felfujhato-fuvohoz-copy\\\/#primaryimage\"},\"thumbnailUrl\":\"https:\\\/\\\/dodo-inflatables.com\\\/wp-content\\\/uploads\\\/2024\\\/07\\\/XS-Bouncy-castle-Transport-bag.jpg\",\"datePublished\":\"2024-07-10T11:01:33+00:00\",\"dateModified\":\"2026-04-25T16:22:11+00:00\",\"description\":\"V\u00e1s\u00e1roljon sz\u00e1ll\u00edt\u00f3zs\u00e1kokat felf\u00fajhat\u00f3 j\u00e1t\u00e9kokhoz \u00e9s ugr\u00e1l\u00f3v\u00e1rakhoz a Dodo-Inflatables.com-on | EN14960 szabv\u00e1ny szerint tan\u00fas\u00edtott | Gyors sz\u00e1ll\u00edt\u00e1s!\",\"breadcrumb\":{\"@id\":\"https:\\\/\\\/dodo-inflatables.com\\\/hu\\\/termek\\\/hangtompito-a-felfujhato-fuvohoz-copy\\\/#breadcrumb\"},\"inLanguage\":\"hu\",\"potentialAction\":[{\"@type\":\"ReadAction\",\"target\":[\"https:\\\/\\\/dodo-inflatables.com\\\/hu\\\/termek\\\/hangtompito-a-felfujhato-fuvohoz-copy\\\/\"]}]},{\"@type\":\"ImageObject\",\"inLanguage\":\"hu\",\"@id\":\"https:\\\/\\\/dodo-inflatables.com\\\/hu\\\/termek\\\/hangtompito-a-felfujhato-fuvohoz-copy\\\/#primaryimage\",\"url\":\"https:\\\/\\\/dodo-inflatables.com\\\/wp-content\\\/uploads\\\/2024\\\/07\\\/XS-Bouncy-castle-Transport-bag.jpg\",\"contentUrl\":\"https:\\\/\\\/dodo-inflatables.com\\\/wp-content\\\/uploads\\\/2024\\\/07\\\/XS-Bouncy-castle-Transport-bag.jpg\",\"width\":1000,\"height\":1000,\"caption\":\"Ugr\u00e1l\u00f3v\u00e1rak sz\u00e1ll\u00edt\u00f3t\u00e1sk\u00e1i XS | Dodo Inflatables\"},{\"@type\":\"BreadcrumbList\",\"@id\":\"https:\\\/\\\/dodo-inflatables.com\\\/hu\\\/termek\\\/hangtompito-a-felfujhato-fuvohoz-copy\\\/#breadcrumb\",\"itemListElement\":[{\"@type\":\"ListItem\",\"position\":1,\"name\":\"Kezd\u0151lap\",\"item\":\"https:\\\/\\\/dodo-inflatables.com\\\/hu\\\/\"},{\"@type\":\"ListItem\",\"position\":2,\"name\":\"Shop\",\"item\":\"https:\\\/\\\/dodo-inflatables.com\\\/hu\\\/shop\\\/\"},{\"@type\":\"ListItem\",\"position\":3,\"name\":\"Ugr\u00e1l\u00f3v\u00e1r sz\u00e1ll\u00edt\u00f3t\u00e1ska XS\"}]},{\"@type\":\"WebSite\",\"@id\":\"https:\\\/\\\/dodo-inflatables.com\\\/hu\\\/#website\",\"url\":\"https:\\\/\\\/dodo-inflatables.com\\\/hu\\\/\",\"name\":\"dodo-inflatables.com\",\"description\":\"V\u00e1s\u00e1roljon ugr\u00e1l\u00f3v\u00e1rakat \u00e9s l\u00e1tnival\u00f3kat \u00fczlet\u00fcnkben.\",\"potentialAction\":[{\"@type\":\"SearchAction\",\"target\":{\"@type\":\"EntryPoint\",\"urlTemplate\":\"https:\\\/\\\/dodo-inflatables.com\\\/hu\\\/?s={search_term_string}\"},\"query-input\":{\"@type\":\"PropertyValueSpecification\",\"valueRequired\":true,\"valueName\":\"search_term_string\"}}],\"inLanguage\":\"hu\"}]}<\/script>\n<!-- \/ Yoast SEO plugin. -->","yoast_head_json":{"title":"Felf\u00fajhat\u00f3 sz\u00e1ll\u00edt\u00f3zs\u00e1kok v\u00e1s\u00e1rl\u00e1sa | Dodo-Inflatables.com","description":"V\u00e1s\u00e1roljon sz\u00e1ll\u00edt\u00f3zs\u00e1kokat felf\u00fajhat\u00f3 j\u00e1t\u00e9kokhoz \u00e9s ugr\u00e1l\u00f3v\u00e1rakhoz a Dodo-Inflatables.com-on | EN14960 szabv\u00e1ny szerint tan\u00fas\u00edtott | Gyors sz\u00e1ll\u00edt\u00e1s!","robots":{"index":"index","follow":"follow","max-snippet":"max-snippet:-1","max-image-preview":"max-image-preview:large","max-video-preview":"max-video-preview:-1"},"canonical":"https:\/\/dodo-inflatables.com\/hu\/termek\/hangtompito-a-felfujhato-fuvohoz-copy\/","twitter_misc":{"Becs\u00fclt olvas\u00e1si id\u0151":"2 perc"},"schema":{"@context":"https:\/\/schema.org","@graph":[{"@type":"WebPage","@id":"https:\/\/dodo-inflatables.com\/hu\/termek\/hangtompito-a-felfujhato-fuvohoz-copy\/","url":"https:\/\/dodo-inflatables.com\/hu\/termek\/hangtompito-a-felfujhato-fuvohoz-copy\/","name":"Felf\u00fajhat\u00f3 sz\u00e1ll\u00edt\u00f3zs\u00e1kok v\u00e1s\u00e1rl\u00e1sa | Dodo-Inflatables.com","isPartOf":{"@id":"https:\/\/dodo-inflatables.com\/hu\/#website"},"primaryImageOfPage":{"@id":"https:\/\/dodo-inflatables.com\/hu\/termek\/hangtompito-a-felfujhato-fuvohoz-copy\/#primaryimage"},"image":{"@id":"https:\/\/dodo-inflatables.com\/hu\/termek\/hangtompito-a-felfujhato-fuvohoz-copy\/#primaryimage"},"thumbnailUrl":"https:\/\/dodo-inflatables.com\/wp-content\/uploads\/2024\/07\/XS-Bouncy-castle-Transport-bag.jpg","datePublished":"2024-07-10T11:01:33+00:00","dateModified":"2026-04-25T16:22:11+00:00","description":"V\u00e1s\u00e1roljon sz\u00e1ll\u00edt\u00f3zs\u00e1kokat felf\u00fajhat\u00f3 j\u00e1t\u00e9kokhoz \u00e9s ugr\u00e1l\u00f3v\u00e1rakhoz a Dodo-Inflatables.com-on | EN14960 szabv\u00e1ny szerint tan\u00fas\u00edtott | Gyors sz\u00e1ll\u00edt\u00e1s!","breadcrumb":{"@id":"https:\/\/dodo-inflatables.com\/hu\/termek\/hangtompito-a-felfujhato-fuvohoz-copy\/#breadcrumb"},"inLanguage":"hu","potentialAction":[{"@type":"ReadAction","target":["https:\/\/dodo-inflatables.com\/hu\/termek\/hangtompito-a-felfujhato-fuvohoz-copy\/"]}]},{"@type":"ImageObject","inLanguage":"hu","@id":"https:\/\/dodo-inflatables.com\/hu\/termek\/hangtompito-a-felfujhato-fuvohoz-copy\/#primaryimage","url":"https:\/\/dodo-inflatables.com\/wp-content\/uploads\/2024\/07\/XS-Bouncy-castle-Transport-bag.jpg","contentUrl":"https:\/\/dodo-inflatables.com\/wp-content\/uploads\/2024\/07\/XS-Bouncy-castle-Transport-bag.jpg","width":1000,"height":1000,"caption":"Ugr\u00e1l\u00f3v\u00e1rak sz\u00e1ll\u00edt\u00f3t\u00e1sk\u00e1i XS | Dodo Inflatables"},{"@type":"BreadcrumbList","@id":"https:\/\/dodo-inflatables.com\/hu\/termek\/hangtompito-a-felfujhato-fuvohoz-copy\/#breadcrumb","itemListElement":[{"@type":"ListItem","position":1,"name":"Kezd\u0151lap","item":"https:\/\/dodo-inflatables.com\/hu\/"},{"@type":"ListItem","position":2,"name":"Shop","item":"https:\/\/dodo-inflatables.com\/hu\/shop\/"},{"@type":"ListItem","position":3,"name":"Ugr\u00e1l\u00f3v\u00e1r sz\u00e1ll\u00edt\u00f3t\u00e1ska XS"}]},{"@type":"WebSite","@id":"https:\/\/dodo-inflatables.com\/hu\/#website","url":"https:\/\/dodo-inflatables.com\/hu\/","name":"dodo-inflatables.com","description":"V\u00e1s\u00e1roljon ugr\u00e1l\u00f3v\u00e1rakat \u00e9s l\u00e1tnival\u00f3kat \u00fczlet\u00fcnkben.","potentialAction":[{"@type":"SearchAction","target":{"@type":"EntryPoint","urlTemplate":"https:\/\/dodo-inflatables.com\/hu\/?s={search_term_string}"},"query-input":{"@type":"PropertyValueSpecification","valueRequired":true,"valueName":"search_term_string"}}],"inLanguage":"hu"}]}},"uagb_featured_image_src":{"full":["https:\/\/dodo-inflatables.com\/wp-content\/uploads\/2024\/07\/XS-Bouncy-castle-Transport-bag.jpg",1000,1000,false],"thumbnail":["https:\/\/dodo-inflatables.com\/wp-content\/uploads\/2024\/07\/XS-Bouncy-castle-Transport-bag-150x150.jpg",150,150,true],"medium":["https:\/\/dodo-inflatables.com\/wp-content\/uploads\/2024\/07\/XS-Bouncy-castle-Transport-bag-300x300.jpg",300,300,true],"medium_large":["https:\/\/dodo-inflatables.com\/wp-content\/uploads\/2024\/07\/XS-Bouncy-castle-Transport-bag-768x768.jpg",768,768,true],"large":["https:\/\/dodo-inflatables.com\/wp-content\/uploads\/2024\/07\/XS-Bouncy-castle-Transport-bag.jpg",1000,1000,false],"1536x1536":["https:\/\/dodo-inflatables.com\/wp-content\/uploads\/2024\/07\/XS-Bouncy-castle-Transport-bag.jpg",1000,1000,false],"2048x2048":["https:\/\/dodo-inflatables.com\/wp-content\/uploads\/2024\/07\/XS-Bouncy-castle-Transport-bag.jpg",1000,1000,false],"woocommerce_thumbnail":["https:\/\/dodo-inflatables.com\/wp-content\/uploads\/2024\/07\/XS-Bouncy-castle-Transport-bag-900x900.jpg",900,900,true],"woocommerce_single":["https:\/\/dodo-inflatables.com\/wp-content\/uploads\/2024\/07\/XS-Bouncy-castle-Transport-bag-900x900.jpg",900,900,true],"woocommerce_gallery_thumbnail":["https:\/\/dodo-inflatables.com\/wp-content\/uploads\/2024\/07\/XS-Bouncy-castle-Transport-bag-100x100.jpg",100,100,true]},"uagb_author_info":{"display_name":"Andreas","author_link":"https:\/\/dodo-inflatables.com\/hu\/author\/"},"uagb_comment_info":0,"uagb_excerpt":"Sz\u00e1ll\u00edt\u00f3t\u00e1ska XS m\u00e9retben (\u00e1tm\u00e9r\u0151 80 cm, magass\u00e1g 100 cm) Anyag: PVC (0,55 mm \/ 621,3 g\/m\u00b2) Vegyes sz\u00ednek","_links":{"self":[{"href":"https:\/\/dodo-inflatables.com\/hu\/wp-json\/wp\/v2\/product\/16129","targetHints":{"allow":["GET"]}}],"collection":[{"href":"https:\/\/dodo-inflatables.com\/hu\/wp-json\/wp\/v2\/product"}],"about":[{"href":"https:\/\/dodo-inflatables.com\/hu\/wp-json\/wp\/v2\/types\/product"}],"replies":[{"embeddable":true,"href":"https:\/\/dodo-inflatables.com\/hu\/wp-json\/wp\/v2\/comments?post=16129"}],"wp:featuredmedia":[{"embeddable":true,"href":"https:\/\/dodo-inflatables.com\/hu\/wp-json\/wp\/v2\/media\/55171"}],"wp:attachment":[{"href":"https:\/\/dodo-inflatables.com\/hu\/wp-json\/wp\/v2\/media?parent=16129"}],"wp:term":[{"taxonomy":"product_brand","embeddable":true,"href":"https:\/\/dodo-inflatables.com\/hu\/wp-json\/wp\/v2\/product_brand?post=16129"},{"taxonomy":"product_cat","embeddable":true,"href":"https:\/\/dodo-inflatables.com\/hu\/wp-json\/wp\/v2\/product_cat?post=16129"},{"taxonomy":"product_tag","embeddable":true,"href":"https:\/\/dodo-inflatables.com\/hu\/wp-json\/wp\/v2\/product_tag?post=16129"}],"curies":[{"name":"wp","href":"https:\/\/api.w.org\/{rel}","templated":true}]}}