{"id":16199,"date":"2024-07-10T13:37:43","date_gmt":"2024-07-10T11:37:43","guid":{"rendered":"https:\/\/dodo-inflatables.com\/?post_type=product&#038;p=16199"},"modified":"2024-09-23T07:09:10","modified_gmt":"2024-09-23T05:09:10","slug":"ugralovar-szallitasi-taska-m-copy","status":"publish","type":"product","link":"https:\/\/dodo-inflatables.com\/hu\/termek\/ugralovar-szallitasi-taska-m-copy\/","title":{"rendered":"Ugr\u00e1l\u00f3v\u00e1r sz\u00e1ll\u00edt\u00e1si t\u00e1ska L"},"content":{"rendered":"<h2>V\u00e1s\u00e1roljon ugr\u00e1l\u00f3v\u00e1r sz\u00e1ll\u00edt\u00e1si zs\u00e1kokat<\/h2>\n<p>  Az ugr\u00e1l\u00f3v\u00e1r-sz\u00e1ll\u00edt\u00f3t\u00e1sk\u00e1k ide\u00e1lis megold\u00e1st jelentenek a b\u00e9rbead\u00f3 c\u00e9gek vagy a t\u00f6bb ugr\u00e1l\u00f3v\u00e1rral rendelkez\u0151 \u00fcgyfelek sz\u00e1m\u00e1ra.  <strong>Gyakorlati foganty\u00fak<\/strong>: A foganty\u00fak lehet\u0151v\u00e9 teszik a zs\u00e1kok k\u00f6nny\u0171 kezel\u00e9s\u00e9t, \u00e9s megk\u00f6nny\u00edtik a felf\u00fajhat\u00f3 eszk\u00f6z\u00f6k mozgat\u00e1s\u00e1t. Felh\u00edvjuk figyelm\u00e9t, hogy a felf\u00fajhat\u00f3 haj\u00f3 s\u00faly\u00e1t\u00f3l f\u00fcgg\u0151en a foganty\u00fak nem mindig k\u00e9pesek a teljes s\u00falyt megtartani, ez\u00e9rt \u00f3vatosan kell haszn\u00e1lni \u0151ket, hogy ne szakadjanak le. <strong>Biztons\u00e1gos r\u00f6gz\u00edt\u00e9si lehet\u0151s\u00e9gek<\/strong>: A sz\u00e1ll\u00edt\u00f3zs\u00e1kok a tetej\u00fck\u00f6n hurokkal biztons\u00e1gosan \u00f6sszek\u00f6thet\u0151k, \u00edgy a felf\u00fajhat\u00f3ja sz\u00e1ll\u00edt\u00e1s k\u00f6zben is v\u00e9dve \u00e9s j\u00f3l becsomagolva marad.<br \/>\nEz megakad\u00e1lyozza a v\u00e9letlen felny\u00edl\u00e1st, \u00e9s biztos\u00edtja, hogy a felf\u00fajhat\u00f3 eszk\u00f6z tiszta \u00e9s rendezett maradjon. <strong>V\u00e9delem a sz\u00e1ll\u00edt\u00e1si k\u00e1rokt\u00f3l<\/strong>: Sz\u00e1ll\u00edt\u00f3zs\u00e1kjainkat kifejezetten \u00fagy tervezt\u00fck, hogy megv\u00e9dj\u00e9k felf\u00fajhat\u00f3 l\u00e9gv\u00e1r\u00e1t a sz\u00e1ll\u00edt\u00e1si k\u00e1rokt\u00f3l.  A strapab\u00edr\u00f3 anyag megv\u00e9di a felf\u00fajhat\u00f3 cs\u00f3nakokat a szennyez\u0151d\u00e9sekt\u0151l, port\u00f3l \u00e9s mechanikai hat\u00e1sokt\u00f3l, \u00edgy azok mindig t\u00f6k\u00e9letes \u00e1llapotban \u00e9rkeznek meg a c\u00e9l\u00e1llom\u00e1sra. Felf\u00fajhat\u00f3 sz\u00e1ll\u00edt\u00f3t\u00e1sk\u00e1ink a funkcionalit\u00e1s \u00e9s a k\u00e9nyelem t\u00f6k\u00e9letes kombin\u00e1ci\u00f3j\u00e1t k\u00edn\u00e1lj\u00e1k \u00d6nnek. Sokkal k\u00f6nnyebb\u00e9 teszik a felf\u00fajhat\u00f3 szerkezetek sz\u00e1ll\u00edt\u00e1s\u00e1t, \u00e9s biztos\u00edtj\u00e1k, hogy a felf\u00fajhat\u00f3 szerkezetek mindig kiv\u00e1l\u00f3 \u00e1llapotban maradjanak.  <\/p>\n<h3>A sz\u00e1ll\u00edt\u00f3t\u00e1ska m\u00e9rete L<\/h3>\n<ul>\n<li>Anyag: PVC (0,55 mm \/ 621,3 g\/m2)<\/li>\n<li>\u00c1tm\u00e9r\u0151 120 cm<\/li>\n<li>Magass\u00e1g 150 cm<\/li>\n<li>Vegyes sz\u00ednek<\/li>\n<\/ul>\n<p><strong>Minden felf\u00fajhat\u00f3t egy sz\u00e1ll\u00edt\u00e1si t\u00e1sk\u00e1ban sz\u00e1ll\u00edtunk, nem kell tov\u00e1bbi t\u00e1sk\u00e1t rendelni.<\/strong><\/p>\n","protected":false},"excerpt":{"rendered":"<ul>\n<li style=\"list-style-type: none;\">\n<ul>\n<li>Sz\u00e1ll\u00edt\u00f3t\u00e1ska L m\u00e9retben (\u00e1tm\u00e9r\u0151 120 cm, magass\u00e1g 150 cm)<\/li>\n<li>Anyag: PVC (0,55 mm \/ 621,3 g\/m2)<\/li>\n<li>Vegyes sz\u00ednek<\/li>\n<\/ul>\n<\/li>\n<\/ul>\n","protected":false},"featured_media":55114,"comment_status":"open","ping_status":"closed","template":"","meta":{"_acf_changed":false,"_uag_custom_page_level_css":"","site-sidebar-layout":"default","site-content-layout":"boxed-container","ast-site-content-layout":"normal-width-container","site-content-style":"boxed","site-sidebar-style":"boxed","ast-global-header-display":"","ast-banner-title-visibility":"","ast-main-header-display":"","ast-hfb-above-header-display":"","ast-hfb-below-header-display":"","ast-hfb-mobile-header-display":"","site-post-title":"disabled","ast-breadcrumbs-content":"","ast-featured-img":"","footer-sml-layout":"","ast-disable-related-posts":"","theme-transparent-header-meta":"default","adv-header-id-meta":"","stick-header-meta":"default","header-above-stick-meta":"","header-main-stick-meta":"","header-below-stick-meta":"","astra-migrate-meta-layouts":"set","ast-page-background-enabled":"default","ast-page-background-meta":{"desktop":{"background-color":"var(--ast-global-color-4)","background-image":"","background-repeat":"repeat","background-position":"center center","background-size":"auto","background-attachment":"scroll","background-type":"","background-media":"","overlay-type":"","overlay-color":"","overlay-opacity":"","overlay-gradient":""},"tablet":{"background-color":"","background-image":"","background-repeat":"repeat","background-position":"center center","background-size":"auto","background-attachment":"scroll","background-type":"","background-media":"","overlay-type":"","overlay-color":"","overlay-opacity":"","overlay-gradient":""},"mobile":{"background-color":"","background-image":"","background-repeat":"repeat","background-position":"center center","background-size":"auto","background-attachment":"scroll","background-type":"","background-media":"","overlay-type":"","overlay-color":"","overlay-opacity":"","overlay-gradient":""}},"ast-content-background-meta":{"desktop":{"background-color":"var(--ast-global-color-5)","background-image":"","background-repeat":"repeat","background-position":"center center","background-size":"auto","background-attachment":"scroll","background-type":"","background-media":"","overlay-type":"","overlay-color":"","overlay-opacity":"","overlay-gradient":""},"tablet":{"background-color":"var(--ast-global-color-5)","background-image":"","background-repeat":"repeat","background-position":"center center","background-size":"auto","background-attachment":"scroll","background-type":"","background-media":"","overlay-type":"","overlay-color":"","overlay-opacity":"","overlay-gradient":""},"mobile":{"background-color":"var(--ast-global-color-5)","background-image":"","background-repeat":"repeat","background-position":"center center","background-size":"auto","background-attachment":"scroll","background-type":"","background-media":"","overlay-type":"","overlay-color":"","overlay-opacity":"","overlay-gradient":""}}},"product_brand":[],"product_cat":[829],"product_tag":[],"class_list":{"0":"post-16199","1":"product","2":"type-product","3":"status-publish","4":"has-post-thumbnail","6":"product_cat-kiegeszitok","7":"product_shipping_class-zubehor-hu","8":"pa_gtin-0654170861758-hu","9":"desktop-align-center","10":"tablet-align-center","11":"mobile-align-center","12":"ast-product-gallery-layout-horizontal","13":"ast-product-tabs-layout-horizontal","15":"first","16":"outofstock","17":"taxable","18":"shipping-taxable","19":"purchasable","20":"product-type-simple"},"acf":[],"yoast_head":"<!-- This site is optimized with the Yoast SEO plugin v27.3 - https:\/\/yoast.com\/product\/yoast-seo-wordpress\/ -->\n<title>Felf\u00fajhat\u00f3 sz\u00e1ll\u00edt\u00f3zs\u00e1kok v\u00e1s\u00e1rl\u00e1sa | Dodo-Inflatables.com<\/title>\n<meta name=\"description\" content=\"V\u00e1s\u00e1roljon sz\u00e1ll\u00edt\u00f3zs\u00e1kokat felf\u00fajhat\u00f3 j\u00e1t\u00e9kokhoz \u00e9s ugr\u00e1l\u00f3v\u00e1rakhoz a Dodo-Inflatables.com-on | EN14960 szabv\u00e1ny szerint tan\u00fas\u00edtott | Gyors sz\u00e1ll\u00edt\u00e1s!\" \/>\n<meta name=\"robots\" content=\"index, follow, max-snippet:-1, max-image-preview:large, max-video-preview:-1\" \/>\n<link rel=\"canonical\" href=\"https:\/\/dodo-inflatables.com\/hu\/termek\/ugralovar-szallitasi-taska-m-copy\/\" \/>\n<meta name=\"twitter:label1\" content=\"Becs\u00fclt olvas\u00e1si id\u0151\" \/>\n\t<meta name=\"twitter:data1\" content=\"2 perc\" \/>\n<script type=\"application\/ld+json\" class=\"yoast-schema-graph\">{\"@context\":\"https:\\\/\\\/schema.org\",\"@graph\":[{\"@type\":\"WebPage\",\"@id\":\"https:\\\/\\\/dodo-inflatables.com\\\/hu\\\/termek\\\/ugralovar-szallitasi-taska-m-copy\\\/\",\"url\":\"https:\\\/\\\/dodo-inflatables.com\\\/hu\\\/termek\\\/ugralovar-szallitasi-taska-m-copy\\\/\",\"name\":\"Felf\u00fajhat\u00f3 sz\u00e1ll\u00edt\u00f3zs\u00e1kok v\u00e1s\u00e1rl\u00e1sa | Dodo-Inflatables.com\",\"isPartOf\":{\"@id\":\"https:\\\/\\\/dodo-inflatables.com\\\/hu\\\/#website\"},\"primaryImageOfPage\":{\"@id\":\"https:\\\/\\\/dodo-inflatables.com\\\/hu\\\/termek\\\/ugralovar-szallitasi-taska-m-copy\\\/#primaryimage\"},\"image\":{\"@id\":\"https:\\\/\\\/dodo-inflatables.com\\\/hu\\\/termek\\\/ugralovar-szallitasi-taska-m-copy\\\/#primaryimage\"},\"thumbnailUrl\":\"https:\\\/\\\/dodo-inflatables.com\\\/wp-content\\\/uploads\\\/2024\\\/07\\\/L-Bouncy-castle-Transport-bag.jpg\",\"datePublished\":\"2024-07-10T11:37:43+00:00\",\"dateModified\":\"2024-09-23T05:09:10+00:00\",\"description\":\"V\u00e1s\u00e1roljon sz\u00e1ll\u00edt\u00f3zs\u00e1kokat felf\u00fajhat\u00f3 j\u00e1t\u00e9kokhoz \u00e9s ugr\u00e1l\u00f3v\u00e1rakhoz a Dodo-Inflatables.com-on | EN14960 szabv\u00e1ny szerint tan\u00fas\u00edtott | Gyors sz\u00e1ll\u00edt\u00e1s!\",\"breadcrumb\":{\"@id\":\"https:\\\/\\\/dodo-inflatables.com\\\/hu\\\/termek\\\/ugralovar-szallitasi-taska-m-copy\\\/#breadcrumb\"},\"inLanguage\":\"hu\",\"potentialAction\":[{\"@type\":\"ReadAction\",\"target\":[\"https:\\\/\\\/dodo-inflatables.com\\\/hu\\\/termek\\\/ugralovar-szallitasi-taska-m-copy\\\/\"]}]},{\"@type\":\"ImageObject\",\"inLanguage\":\"hu\",\"@id\":\"https:\\\/\\\/dodo-inflatables.com\\\/hu\\\/termek\\\/ugralovar-szallitasi-taska-m-copy\\\/#primaryimage\",\"url\":\"https:\\\/\\\/dodo-inflatables.com\\\/wp-content\\\/uploads\\\/2024\\\/07\\\/L-Bouncy-castle-Transport-bag.jpg\",\"contentUrl\":\"https:\\\/\\\/dodo-inflatables.com\\\/wp-content\\\/uploads\\\/2024\\\/07\\\/L-Bouncy-castle-Transport-bag.jpg\",\"width\":1000,\"height\":1000},{\"@type\":\"BreadcrumbList\",\"@id\":\"https:\\\/\\\/dodo-inflatables.com\\\/hu\\\/termek\\\/ugralovar-szallitasi-taska-m-copy\\\/#breadcrumb\",\"itemListElement\":[{\"@type\":\"ListItem\",\"position\":1,\"name\":\"Kezd\u0151lap\",\"item\":\"https:\\\/\\\/dodo-inflatables.com\\\/hu\\\/\"},{\"@type\":\"ListItem\",\"position\":2,\"name\":\"Shop\",\"item\":\"https:\\\/\\\/dodo-inflatables.com\\\/hu\\\/shop\\\/\"},{\"@type\":\"ListItem\",\"position\":3,\"name\":\"Ugr\u00e1l\u00f3v\u00e1r sz\u00e1ll\u00edt\u00e1si t\u00e1ska L\"}]},{\"@type\":\"WebSite\",\"@id\":\"https:\\\/\\\/dodo-inflatables.com\\\/hu\\\/#website\",\"url\":\"https:\\\/\\\/dodo-inflatables.com\\\/hu\\\/\",\"name\":\"dodo-inflatables.com\",\"description\":\"V\u00e1s\u00e1roljon ugr\u00e1l\u00f3v\u00e1rakat \u00e9s l\u00e1tnival\u00f3kat \u00fczlet\u00fcnkben.\",\"publisher\":{\"@id\":\"https:\\\/\\\/dodo-inflatables.com\\\/hu\\\/#organization\"},\"potentialAction\":[{\"@type\":\"SearchAction\",\"target\":{\"@type\":\"EntryPoint\",\"urlTemplate\":\"https:\\\/\\\/dodo-inflatables.com\\\/hu\\\/?s={search_term_string}\"},\"query-input\":{\"@type\":\"PropertyValueSpecification\",\"valueRequired\":true,\"valueName\":\"search_term_string\"}}],\"inLanguage\":\"hu\"},{\"@type\":\"Organization\",\"@id\":\"https:\\\/\\\/dodo-inflatables.com\\\/hu\\\/#organization\",\"name\":\"dodo-inflatables.com\",\"url\":\"https:\\\/\\\/dodo-inflatables.com\\\/hu\\\/\",\"logo\":{\"@type\":\"ImageObject\",\"inLanguage\":\"hu\",\"@id\":\"https:\\\/\\\/dodo-inflatables.com\\\/hu\\\/#\\\/schema\\\/logo\\\/image\\\/\",\"url\":\"https:\\\/\\\/dodo-inflatables.com\\\/wp-content\\\/uploads\\\/2023\\\/04\\\/cropped-cropped-cropped-Dodo-Logo.png\",\"contentUrl\":\"https:\\\/\\\/dodo-inflatables.com\\\/wp-content\\\/uploads\\\/2023\\\/04\\\/cropped-cropped-cropped-Dodo-Logo.png\",\"width\":2996,\"height\":1545,\"caption\":\"dodo-inflatables.com\"},\"image\":{\"@id\":\"https:\\\/\\\/dodo-inflatables.com\\\/hu\\\/#\\\/schema\\\/logo\\\/image\\\/\"}}]}<\/script>\n<!-- \/ Yoast SEO plugin. -->","yoast_head_json":{"title":"Felf\u00fajhat\u00f3 sz\u00e1ll\u00edt\u00f3zs\u00e1kok v\u00e1s\u00e1rl\u00e1sa | Dodo-Inflatables.com","description":"V\u00e1s\u00e1roljon sz\u00e1ll\u00edt\u00f3zs\u00e1kokat felf\u00fajhat\u00f3 j\u00e1t\u00e9kokhoz \u00e9s ugr\u00e1l\u00f3v\u00e1rakhoz a Dodo-Inflatables.com-on | EN14960 szabv\u00e1ny szerint tan\u00fas\u00edtott | Gyors sz\u00e1ll\u00edt\u00e1s!","robots":{"index":"index","follow":"follow","max-snippet":"max-snippet:-1","max-image-preview":"max-image-preview:large","max-video-preview":"max-video-preview:-1"},"canonical":"https:\/\/dodo-inflatables.com\/hu\/termek\/ugralovar-szallitasi-taska-m-copy\/","twitter_misc":{"Becs\u00fclt olvas\u00e1si id\u0151":"2 perc"},"schema":{"@context":"https:\/\/schema.org","@graph":[{"@type":"WebPage","@id":"https:\/\/dodo-inflatables.com\/hu\/termek\/ugralovar-szallitasi-taska-m-copy\/","url":"https:\/\/dodo-inflatables.com\/hu\/termek\/ugralovar-szallitasi-taska-m-copy\/","name":"Felf\u00fajhat\u00f3 sz\u00e1ll\u00edt\u00f3zs\u00e1kok v\u00e1s\u00e1rl\u00e1sa | Dodo-Inflatables.com","isPartOf":{"@id":"https:\/\/dodo-inflatables.com\/hu\/#website"},"primaryImageOfPage":{"@id":"https:\/\/dodo-inflatables.com\/hu\/termek\/ugralovar-szallitasi-taska-m-copy\/#primaryimage"},"image":{"@id":"https:\/\/dodo-inflatables.com\/hu\/termek\/ugralovar-szallitasi-taska-m-copy\/#primaryimage"},"thumbnailUrl":"https:\/\/dodo-inflatables.com\/wp-content\/uploads\/2024\/07\/L-Bouncy-castle-Transport-bag.jpg","datePublished":"2024-07-10T11:37:43+00:00","dateModified":"2024-09-23T05:09:10+00:00","description":"V\u00e1s\u00e1roljon sz\u00e1ll\u00edt\u00f3zs\u00e1kokat felf\u00fajhat\u00f3 j\u00e1t\u00e9kokhoz \u00e9s ugr\u00e1l\u00f3v\u00e1rakhoz a Dodo-Inflatables.com-on | EN14960 szabv\u00e1ny szerint tan\u00fas\u00edtott | Gyors sz\u00e1ll\u00edt\u00e1s!","breadcrumb":{"@id":"https:\/\/dodo-inflatables.com\/hu\/termek\/ugralovar-szallitasi-taska-m-copy\/#breadcrumb"},"inLanguage":"hu","potentialAction":[{"@type":"ReadAction","target":["https:\/\/dodo-inflatables.com\/hu\/termek\/ugralovar-szallitasi-taska-m-copy\/"]}]},{"@type":"ImageObject","inLanguage":"hu","@id":"https:\/\/dodo-inflatables.com\/hu\/termek\/ugralovar-szallitasi-taska-m-copy\/#primaryimage","url":"https:\/\/dodo-inflatables.com\/wp-content\/uploads\/2024\/07\/L-Bouncy-castle-Transport-bag.jpg","contentUrl":"https:\/\/dodo-inflatables.com\/wp-content\/uploads\/2024\/07\/L-Bouncy-castle-Transport-bag.jpg","width":1000,"height":1000},{"@type":"BreadcrumbList","@id":"https:\/\/dodo-inflatables.com\/hu\/termek\/ugralovar-szallitasi-taska-m-copy\/#breadcrumb","itemListElement":[{"@type":"ListItem","position":1,"name":"Kezd\u0151lap","item":"https:\/\/dodo-inflatables.com\/hu\/"},{"@type":"ListItem","position":2,"name":"Shop","item":"https:\/\/dodo-inflatables.com\/hu\/shop\/"},{"@type":"ListItem","position":3,"name":"Ugr\u00e1l\u00f3v\u00e1r sz\u00e1ll\u00edt\u00e1si t\u00e1ska L"}]},{"@type":"WebSite","@id":"https:\/\/dodo-inflatables.com\/hu\/#website","url":"https:\/\/dodo-inflatables.com\/hu\/","name":"dodo-inflatables.com","description":"V\u00e1s\u00e1roljon ugr\u00e1l\u00f3v\u00e1rakat \u00e9s l\u00e1tnival\u00f3kat \u00fczlet\u00fcnkben.","publisher":{"@id":"https:\/\/dodo-inflatables.com\/hu\/#organization"},"potentialAction":[{"@type":"SearchAction","target":{"@type":"EntryPoint","urlTemplate":"https:\/\/dodo-inflatables.com\/hu\/?s={search_term_string}"},"query-input":{"@type":"PropertyValueSpecification","valueRequired":true,"valueName":"search_term_string"}}],"inLanguage":"hu"},{"@type":"Organization","@id":"https:\/\/dodo-inflatables.com\/hu\/#organization","name":"dodo-inflatables.com","url":"https:\/\/dodo-inflatables.com\/hu\/","logo":{"@type":"ImageObject","inLanguage":"hu","@id":"https:\/\/dodo-inflatables.com\/hu\/#\/schema\/logo\/image\/","url":"https:\/\/dodo-inflatables.com\/wp-content\/uploads\/2023\/04\/cropped-cropped-cropped-Dodo-Logo.png","contentUrl":"https:\/\/dodo-inflatables.com\/wp-content\/uploads\/2023\/04\/cropped-cropped-cropped-Dodo-Logo.png","width":2996,"height":1545,"caption":"dodo-inflatables.com"},"image":{"@id":"https:\/\/dodo-inflatables.com\/hu\/#\/schema\/logo\/image\/"}}]}},"uagb_featured_image_src":{"full":["https:\/\/dodo-inflatables.com\/wp-content\/uploads\/2024\/07\/L-Bouncy-castle-Transport-bag.jpg",1000,1000,false],"thumbnail":["https:\/\/dodo-inflatables.com\/wp-content\/uploads\/2024\/07\/L-Bouncy-castle-Transport-bag-150x150.jpg",150,150,true],"medium":["https:\/\/dodo-inflatables.com\/wp-content\/uploads\/2024\/07\/L-Bouncy-castle-Transport-bag-300x300.jpg",300,300,true],"medium_large":["https:\/\/dodo-inflatables.com\/wp-content\/uploads\/2024\/07\/L-Bouncy-castle-Transport-bag-768x768.jpg",768,768,true],"large":["https:\/\/dodo-inflatables.com\/wp-content\/uploads\/2024\/07\/L-Bouncy-castle-Transport-bag.jpg",1000,1000,false],"1536x1536":["https:\/\/dodo-inflatables.com\/wp-content\/uploads\/2024\/07\/L-Bouncy-castle-Transport-bag.jpg",1000,1000,false],"2048x2048":["https:\/\/dodo-inflatables.com\/wp-content\/uploads\/2024\/07\/L-Bouncy-castle-Transport-bag.jpg",1000,1000,false],"woocommerce_thumbnail":["https:\/\/dodo-inflatables.com\/wp-content\/uploads\/2024\/07\/L-Bouncy-castle-Transport-bag-900x900.jpg",900,900,true],"woocommerce_single":["https:\/\/dodo-inflatables.com\/wp-content\/uploads\/2024\/07\/L-Bouncy-castle-Transport-bag-900x900.jpg",900,900,true],"woocommerce_gallery_thumbnail":["https:\/\/dodo-inflatables.com\/wp-content\/uploads\/2024\/07\/L-Bouncy-castle-Transport-bag-100x100.jpg",100,100,true]},"uagb_author_info":{"display_name":"Andreas","author_link":"https:\/\/dodo-inflatables.com\/hu\/author\/"},"uagb_comment_info":0,"uagb_excerpt":"Sz\u00e1ll\u00edt\u00f3t\u00e1ska L m\u00e9retben (\u00e1tm\u00e9r\u0151 120 cm, magass\u00e1g 150 cm) Anyag: PVC (0,55 mm \/ 621,3 g\/m2) Vegyes sz\u00ednek","_links":{"self":[{"href":"https:\/\/dodo-inflatables.com\/hu\/wp-json\/wp\/v2\/product\/16199","targetHints":{"allow":["GET"]}}],"collection":[{"href":"https:\/\/dodo-inflatables.com\/hu\/wp-json\/wp\/v2\/product"}],"about":[{"href":"https:\/\/dodo-inflatables.com\/hu\/wp-json\/wp\/v2\/types\/product"}],"replies":[{"embeddable":true,"href":"https:\/\/dodo-inflatables.com\/hu\/wp-json\/wp\/v2\/comments?post=16199"}],"wp:featuredmedia":[{"embeddable":true,"href":"https:\/\/dodo-inflatables.com\/hu\/wp-json\/wp\/v2\/media\/55114"}],"wp:attachment":[{"href":"https:\/\/dodo-inflatables.com\/hu\/wp-json\/wp\/v2\/media?parent=16199"}],"wp:term":[{"taxonomy":"product_brand","embeddable":true,"href":"https:\/\/dodo-inflatables.com\/hu\/wp-json\/wp\/v2\/product_brand?post=16199"},{"taxonomy":"product_cat","embeddable":true,"href":"https:\/\/dodo-inflatables.com\/hu\/wp-json\/wp\/v2\/product_cat?post=16199"},{"taxonomy":"product_tag","embeddable":true,"href":"https:\/\/dodo-inflatables.com\/hu\/wp-json\/wp\/v2\/product_tag?post=16199"}],"curies":[{"name":"wp","href":"https:\/\/api.w.org\/{rel}","templated":true}]}}